{"id":4213,"date":"2024-09-22T05:40:13","date_gmt":"2024-09-22T05:40:13","guid":{"rendered":"https:\/\/legitgrams.com\/?post_type=product&#038;p=4213"},"modified":"2026-01-08T15:18:32","modified_gmt":"2026-01-08T15:18:32","slug":"kristaly-metamfetamin-tablettak","status":"publish","type":"product","link":"https:\/\/legitgrams.com\/hu\/termek\/kristaly-metamfetamin-tablettak\/","title":{"rendered":"Crystal Meth tablett\u00e1k"},"content":{"rendered":"<h2>Crystal Meth tablett\u00e1k online elad\u00f3k<\/h2>\n<p><a href=\"https:\/\/legitgrams.com\/hu\/termek\/kristaly-metamfetamin-tablettak\/\">Crystal meth<\/a> egy olyan stimul\u00e1ns, amely k\u00f6zvetlen\u00fcl hat az emberi agy k\u00f6zponti idegrendszer\u00e9re. Ez egy er\u0151sen addikt\u00edv gy\u00f3gyszer, amelynek sz\u00e1mos pozit\u00edv alkalmaz\u00e1sa van. Ez a stimul\u00e1ns szerepel a szintetikus stimul\u00e1nsok list\u00e1j\u00e1n.<\/p>\n<p>A m\u00e1sodik vil\u00e1gh\u00e1bor\u00fa idej\u00e9n fejlesztett\u00e9k ki az els\u0151 krist\u00e1lyos metil-gy\u00f3gyszert a katonas\u00e1g t\u00e1mogat\u00e1s\u00e1ra. Ezut\u00e1n arra haszn\u00e1lt\u00e1k, hogy \u00e9bren tarts\u00e1k \u0151ket, \u00e9s enyh\u00edts\u00e9k a goly\u00f3 \u00e1ltal okozott f\u00e1jdalmat. Ennek ellen\u00e9re ma m\u00e1r gyakran haszn\u00e1lj\u00e1k, \u00e9s vil\u00e1gszerte ismertt\u00e9 v\u00e1lt. Kiz\u00e1r\u00f3lag att\u00f3l f\u00fcgg\u0151en, hogy test\u00fck mire van sz\u00fcks\u00e9ge, az emberek doh\u00e1nyz\u00e1ssal, horkol\u00e1ssal vagy k\u00f6zvetlen\u00fcl injekci\u00f3zva haszn\u00e1lj\u00e1k.<\/p>\n<h3>Krist\u00e1ly-met vs metamfetamin<\/h3>\n<p>A krist\u00e1lymeth egyik el\u0151nye, hogy feldobja valakinek a ked\u00e9ly\u00e9t, amikor levert \u00e1llapotban van. probl\u00e9m\u00e1i miatt. Ennek a tulajdons\u00e1g\u00e1nak k\u00f6sz\u00f6nhet\u0151en kezd n\u00e9pszer\u0171v\u00e9 v\u00e1lni a klubokban \u00e9s a dance b\u00e1rokban, ahol a v\u00e1s\u00e1rl\u00f3k laz\u00edt\u00e1sra haszn\u00e1lj\u00e1k.<\/p>\n<p>A k\u00f6zponti idegrendszert a krist\u00e1lymeth stimul\u00e1lja, amely lehet\u0151v\u00e9 teszi az agy sz\u00e1m\u00e1ra, hogy boldog, tipikus k\u00f6rnyezetet k\u00e9pzeljen el, amelyben boldogulhat. Ez megmagyar\u00e1zza, mi\u00e9rt nevezik gyakran partidrogk\u00e9nt. <a href=\"https:\/\/legitgrams.com\/hu\/\">LegitGrams<\/a><\/p>\n<p>Ennek a pro-drognak a haszn\u00e1l\u00f3ja is nagyon b\u00edzik abban, hogy b\u00e1rmilyen k\u00f6r\u00fclm\u00e9nyek k\u00f6z\u00f6tt t\u00fal\u00e9li. Azok is haszn\u00e1lj\u00e1k, akik magas hegyeket m\u00e1sztak meg energiaszintj\u00fck n\u00f6vel\u00e9s\u00e9re. Ezenk\u00edv\u00fcl a krist\u00e1lymeth lehet\u0151v\u00e9 teszi sz\u00e1mukra, hogy t\u00fal\u00e9ljenek ilyen vesz\u00e9lyes k\u00f6r\u00fclm\u00e9nyek k\u00f6z\u00f6tt.<\/p>\n<p><strong>Meth krist\u00e1ly szed\u00e9se orvosi c\u00e9lokra<\/strong><\/p>\n<p>Amellett, hogy a krist\u00e1lymet\u00e1t szem\u00e9lyes haszn\u00e1latra haszn\u00e1lj\u00e1k, az emberek az orvosi utas\u00edt\u00e1sok betart\u00e1s\u00e1val is haszn\u00e1lj\u00e1k. Az orvosok \u00edrj\u00e1k fel a krist\u00e1ly-met\u00e1val k\u00e9sz\u00fclt gy\u00f3gyszereket.<\/p>\n<p>mik\u00f6zben olyanokkal foglalkozik, akik depresszi\u00f3sak \u00e9s gyors enyh\u00edt\u00e9sre szorulnak. Az emberek arr\u00f3l sz\u00e1molnak be, hogy haszn\u00e1lata ut\u00e1n hihetetlen\u00fcl ellazultak \u00e9s energikusak.<\/p>\n<p>Ennek ellen\u00e9re nagyon j\u00f3t\u00e9kony el\u0151gy\u00f3gyszer az emberek sz\u00e1m\u00e1ra. A krist\u00e1ly-met t\u00falzott vagy szab\u00e1lyozatlan haszn\u00e1lat\u00e1nak azonban sz\u00e1mos h\u00e1tr\u00e1nya van. A krist\u00e1lymet\u00e1t csak ritk\u00e1n szabad haszn\u00e1lni az emberi szervezetre gyakorolt \u200b\u200bhossz\u00fa t\u00e1v\u00fa hat\u00e1sai miatt.<\/p>\n<p>Online \u00e1ruh\u00e1zunkban hihetetlen\u00fcl megfizethet\u0151 \u00e1ron k\u00edn\u00e1lunk krist\u00e1lymet\u00e1t, valamint gyors term\u00e9ksz\u00e1ll\u00edt\u00e1st k\u00f6zvetlen\u00fcl az \u00d6n h\u00e1z\u00e1hoz.<\/p>\n<p>V\u00e1s\u00e1roljon krist\u00e1lymet\u00e1t online, \u00e9s szerezzen olcs\u00f3 j\u00e9gmet\u00e1t.<\/p>\n<p>Szerezzen olcs\u00f3 j\u00e9gmet\u00e1t itt. Elolvashatja online \u00e9rt\u00e9kel\u00e9seinket a c\u00edmen, \u00e9s sokan j\u00f3v\u00e1hagyt\u00e1k nek\u00fcnk. kiemelked\u0151 \u00e1rusok. \u00dcgyfeleink t\u00f6bbs\u00e9ge el\u00e9gedett. A krist\u00e1lymethonon k\u00edv\u00fcl egy\u00e9b k\u00e1b\u00edt\u00f3szereket, p\u00e9ld\u00e1ul heroint \u00e9s kokaint is k\u00edn\u00e1lunk online \u00e9rt\u00e9kes\u00edt\u00e9sre. A metamfetamint \u00e1ltal\u00e1ban feh\u00e9r, krist\u00e1lyos pork\u00e9nt forgalmazz\u00e1k, amely gyorsan old\u00f3dik v\u00edzben vagy alkoholban, nincs \u00edze \u00e9s szaga.<\/p>\n<p>A Crystal Meth mell\u00e9khat\u00e1sai?<\/p>\n<p>Az \u00e9tv\u00e1gytalans\u00e1g, a megn\u00f6vekedett testh\u0151m\u00e9rs\u00e9klet, a v\u00e9rnyom\u00e1s, a pulzussz\u00e1m \u00e9s a pupilla kit\u00e1gul\u00e1sa, szab\u00e1lytalan alv\u00e1si mint\u00e1k, h\u00e1ny\u00e1s, furcsa, rendszertelen \u00e9s n\u00e9ha er\u0151szakos viselked\u00e9s, t\u00falzott izgatotts\u00e1g, ingerl\u00e9kenys\u00e9g, hallucin\u00e1ci\u00f3k, f\u00e9lelem \u00e9s \u0151r\u00fclts\u00e9g n\u00e9h\u00e1ny mell\u00e9khat\u00e1s. krist\u00e1ly met. A t\u00falzott adagok g\u00f6rcsrohamokat, g\u00f6rcs\u00f6ket vagy ak\u00e1r hal\u00e1lt is okozhatnak.<\/p>\n<p>V\u00e1s\u00e1roljon <a href=\"https:\/\/en.wikipedia.org\/wiki\/Methamphetamine\">Crystal Meth<\/a> Online \u2013 Crystal v\u00e1s\u00e1rl\u00e1sa, Crystal Meth online v\u00e1s\u00e1rl\u00e1sa, Crystal Pills online v\u00e1s\u00e1rl\u00e1sa, Hol v\u00e1s\u00e1rolhat Crystal Meth tablett\u00e1kat: Online, sz\u00e1ll\u00edt\u00f3k, biztons\u00e1gos sz\u00e1ll\u00edt\u00e1s, USA, Kanada, Egyes\u00fclt Kir\u00e1lys\u00e1g elad\u00f3, hol lehet kapni krist\u00e1lymeth tablett\u00e1kat online, pirul\u00e1k elad\u00f3k \u00e9s v\u00e1s\u00e1rl\u00e1sra sz\u00e1nt tablett\u00e1k A krist\u00e1lymeth tablett\u00e1k tov\u00e1bbra is kaphat\u00f3k. Megbizonyosodhat arr\u00f3l, hogy Kanad\u00e1ban leg\u00e1lisak-e, hogyan kell internetes rendel\u00e9st leadni, \u00e9s hogy leg\u00e1lisak-e az Egyes\u00fclt \u00c1llamokban.<\/p>","protected":false},"excerpt":{"rendered":"<p>Crystal Meth Pills for Sale Online Crystal meth is a stimulant that directly impacts the central nervous system of the human brain. It is a highly addictive drug that has several positive applications. This stimulant is in the list of synthetic stimulants. During World War II, the first crystal meth drug was developed to support &hellip;<\/p>\n<p class=\"read-more\"> <a class=\"\" href=\"https:\/\/legitgrams.com\/hu\/termek\/kristaly-metamfetamin-tablettak\/\"> <span class=\"screen-reader-text\">Crystal Meth tablett\u00e1k<\/span> Olvass tov\u00e1bb \"<\/a><\/p>","protected":false},"featured_media":5181,"comment_status":"open","ping_status":"closed","template":"","meta":{"_uag_custom_page_level_css":"","site-sidebar-layout":"default","site-content-layout":"default","ast-global-header-display":"","ast-main-header-display":"","ast-hfb-above-header-display":"","ast-hfb-below-header-display":"","ast-hfb-mobile-header-display":"","site-post-title":"","ast-breadcrumbs-content":"","ast-featured-img":"","footer-sml-layout":"","theme-transparent-header-meta":"default","adv-header-id-meta":"","stick-header-meta":"default","header-above-stick-meta":"","header-main-stick-meta":"","header-below-stick-meta":"","_joinchat":[]},"product_brand":[],"product_cat":[595],"product_tag":[2187,2177,617,2169,2184,2168,2172,2171,2179,2170,2182,2189,2190,2188,2180,2185,2181,2176,2174,2186,2183,625,2175,2178,2173],"class_list":{"0":"post-4213","1":"product","2":"type-product","3":"status-publish","4":"has-post-thumbnail","6":"product_cat-psychedelic-drugs","7":"product_tag-best-cheap-price-crystal-meth-pills","8":"product_tag-best-place-to-buy-crystal-meth-pills","9":"product_tag-bulk-online","10":"product_tag-buy-crystal-meth-pills","11":"product_tag-cheap-crystal-meth-pills","12":"product_tag-crystal-meth-pills","13":"product_tag-crystal-meth-pills-crystal-meth-pills-supplier","14":"product_tag-crystal-meth-pills-for-sale","15":"product_tag-crystal-meth-pills-legally","16":"product_tag-crystal-meth-pills-online","17":"product_tag-crystal-meth-pills-store","18":"product_tag-crystal-meth-pills-use","19":"product_tag-crystal-meth-pills-wiki","20":"product_tag-crystal-meth-pills-worldwide","21":"product_tag-crystal-meth-pillsprice","22":"product_tag-crystal-meth-pillss","23":"product_tag-high-quality-crystal-meth-pills","24":"product_tag-how-to-buy-crystal-meth-pills","25":"product_tag-order-crystal-meth-pills","26":"product_tag-purcharse-crystal-meth-pills","27":"product_tag-shop-crystal-meth-pills","28":"product_tag-top-quality","29":"product_tag-where-to-buy-crystal-meth-pills","30":"product_tag-where-to-order-crystal-meth-pills","31":"product_tag-wholesale-crystal-meth-pills","32":"desktop-align-left","33":"tablet-align-left","34":"mobile-align-left","35":"ast-product-gallery-layout-horizontal","36":"ast-product-gallery-with-no-image","37":"ast-product-single-variable","38":"ast-product-tabs-layout-horizontal","39":"ast-qv-on-image","41":"first","42":"instock","43":"shipping-taxable","44":"purchasable","45":"product-type-variable"},"yoast_head":"<!-- This site is optimized with the Yoast SEO plugin v25.9 - https:\/\/yoast.com\/wordpress\/plugins\/seo\/ -->\n<title>Crystal Meth Pills for Sale - Buy Crystal Meth Pills Online<\/title>\n<meta name=\"description\" content=\"Your requirement to buy Crystal Meth Pills online can be fulfilled at our online store as we have Crystal Meth Pills for sale here. Place your order and get affordable deals every day. Order Now!\" \/>\n<meta name=\"robots\" content=\"index, follow, max-snippet:-1, max-image-preview:large, max-video-preview:-1\" \/>\n<link rel=\"canonical\" href=\"https:\/\/legitgrams.com\/hu\/termek\/kristaly-metamfetamin-tablettak\/\" \/>\n<meta property=\"og:locale\" content=\"hu_HU\" \/>\n<meta property=\"og:type\" content=\"article\" \/>\n<meta property=\"og:title\" content=\"Crystal Meth Pills for Sale - Buy Crystal Meth Pills Online\" \/>\n<meta property=\"og:description\" content=\"Your requirement to buy Crystal Meth Pills online can be fulfilled at our online store as we have Crystal Meth Pills for sale here. Place your order and get affordable deals every day. Order Now!\" \/>\n<meta property=\"og:url\" content=\"https:\/\/legitgrams.com\/hu\/termek\/kristaly-metamfetamin-tablettak\/\" \/>\n<meta property=\"og:site_name\" content=\"Legit Grams\" \/>\n<meta property=\"article:modified_time\" content=\"2026-01-08T15:18:32+00:00\" \/>\n<meta property=\"og:image\" content=\"https:\/\/legitgrams.com\/wp-content\/uploads\/2024\/09\/crystal-meth-online.jpg\" \/>\n\t<meta property=\"og:image:width\" content=\"600\" \/>\n\t<meta property=\"og:image:height\" content=\"600\" \/>\n\t<meta property=\"og:image:type\" content=\"image\/jpeg\" \/>\n<meta name=\"twitter:card\" content=\"summary_large_image\" \/>\n<meta name=\"twitter:label1\" content=\"Becs\u00fclt olvas\u00e1si id\u0151\" \/>\n\t<meta name=\"twitter:data1\" content=\"3 perc\" \/>\n<script type=\"application\/ld+json\" class=\"yoast-schema-graph\">{\"@context\":\"https:\/\/schema.org\",\"@graph\":[{\"@type\":\"WebPage\",\"@id\":\"https:\/\/legitgrams.com\/product\/crystal-meth-pills\/\",\"url\":\"https:\/\/legitgrams.com\/product\/crystal-meth-pills\/\",\"name\":\"Crystal Meth Pills for Sale - Buy Crystal Meth Pills Online\",\"isPartOf\":{\"@id\":\"https:\/\/legitgrams.com\/#website\"},\"primaryImageOfPage\":{\"@id\":\"https:\/\/legitgrams.com\/product\/crystal-meth-pills\/#primaryimage\"},\"image\":{\"@id\":\"https:\/\/legitgrams.com\/product\/crystal-meth-pills\/#primaryimage\"},\"thumbnailUrl\":\"https:\/\/legitgrams.com\/wp-content\/uploads\/2024\/09\/crystal-meth-online.jpg\",\"datePublished\":\"2024-09-22T05:40:13+00:00\",\"dateModified\":\"2026-01-08T15:18:32+00:00\",\"description\":\"Your requirement to buy Crystal Meth Pills online can be fulfilled at our online store as we have Crystal Meth Pills for sale here. Place your order and get affordable deals every day. Order Now!\",\"breadcrumb\":{\"@id\":\"https:\/\/legitgrams.com\/product\/crystal-meth-pills\/#breadcrumb\"},\"inLanguage\":\"hu\",\"potentialAction\":[{\"@type\":\"ReadAction\",\"target\":[\"https:\/\/legitgrams.com\/product\/crystal-meth-pills\/\"]}]},{\"@type\":\"ImageObject\",\"inLanguage\":\"hu\",\"@id\":\"https:\/\/legitgrams.com\/product\/crystal-meth-pills\/#primaryimage\",\"url\":\"https:\/\/legitgrams.com\/wp-content\/uploads\/2024\/09\/crystal-meth-online.jpg\",\"contentUrl\":\"https:\/\/legitgrams.com\/wp-content\/uploads\/2024\/09\/crystal-meth-online.jpg\",\"width\":600,\"height\":600,\"caption\":\"Crystal Meth Online Pills for sale\"},{\"@type\":\"BreadcrumbList\",\"@id\":\"https:\/\/legitgrams.com\/product\/crystal-meth-pills\/#breadcrumb\",\"itemListElement\":[{\"@type\":\"ListItem\",\"position\":1,\"name\":\"Home\",\"item\":\"https:\/\/legitgrams.com\/\"},{\"@type\":\"ListItem\",\"position\":2,\"name\":\"Shop\",\"item\":\"https:\/\/legitgrams.com\/shop\/\"},{\"@type\":\"ListItem\",\"position\":3,\"name\":\"Crystal Meth Pills\"}]},{\"@type\":\"WebSite\",\"@id\":\"https:\/\/legitgrams.com\/#website\",\"url\":\"https:\/\/legitgrams.com\/\",\"name\":\"Legit Grams\",\"description\":\"My WordPress Blog\",\"publisher\":{\"@id\":\"https:\/\/legitgrams.com\/#organization\"},\"potentialAction\":[{\"@type\":\"SearchAction\",\"target\":{\"@type\":\"EntryPoint\",\"urlTemplate\":\"https:\/\/legitgrams.com\/?s={search_term_string}\"},\"query-input\":{\"@type\":\"PropertyValueSpecification\",\"valueRequired\":true,\"valueName\":\"search_term_string\"}}],\"inLanguage\":\"hu\"},{\"@type\":\"Organization\",\"@id\":\"https:\/\/legitgrams.com\/#organization\",\"name\":\"Legit Grams\",\"url\":\"https:\/\/legitgrams.com\/\",\"logo\":{\"@type\":\"ImageObject\",\"inLanguage\":\"hu\",\"@id\":\"https:\/\/legitgrams.com\/#\/schema\/logo\/image\/\",\"url\":\"https:\/\/legitgrams.com\/wp-content\/uploads\/2024\/09\/main-logo.png\",\"contentUrl\":\"https:\/\/legitgrams.com\/wp-content\/uploads\/2024\/09\/main-logo.png\",\"width\":270,\"height\":75,\"caption\":\"Legit Grams\"},\"image\":{\"@id\":\"https:\/\/legitgrams.com\/#\/schema\/logo\/image\/\"}}]}<\/script>\n<!-- \/ Yoast SEO plugin. -->","yoast_head_json":{"title":"Crystal Meth tablett\u00e1k elad\u00f3 - Crystal Meth tablett\u00e1k online v\u00e1s\u00e1rl\u00e1sa","description":"A Crystal Meth Pills online megv\u00e1s\u00e1rl\u00e1s\u00e1ra vonatkoz\u00f3 ig\u00e9nye teljes\u00edthet\u0151 az online \u00e1ruh\u00e1zunkban, mivel itt Crystal Meth Pills elad\u00f3. Adja le rendel\u00e9s\u00e9t, \u00e9s minden nap megfizethet\u0151 aj\u00e1nlatokat kap. Rendeljen most!","robots":{"index":"index","follow":"follow","max-snippet":"max-snippet:-1","max-image-preview":"max-image-preview:large","max-video-preview":"max-video-preview:-1"},"canonical":"https:\/\/legitgrams.com\/hu\/termek\/kristaly-metamfetamin-tablettak\/","og_locale":"hu_HU","og_type":"article","og_title":"Crystal Meth Pills for Sale - Buy Crystal Meth Pills Online","og_description":"Your requirement to buy Crystal Meth Pills online can be fulfilled at our online store as we have Crystal Meth Pills for sale here. Place your order and get affordable deals every day. Order Now!","og_url":"https:\/\/legitgrams.com\/hu\/termek\/kristaly-metamfetamin-tablettak\/","og_site_name":"Legit Grams","article_modified_time":"2026-01-08T15:18:32+00:00","og_image":[{"width":600,"height":600,"url":"https:\/\/legitgrams.com\/wp-content\/uploads\/2024\/09\/crystal-meth-online.jpg","type":"image\/jpeg"}],"twitter_card":"summary_large_image","twitter_misc":{"Becs\u00fclt olvas\u00e1si id\u0151":"3 perc"},"schema":{"@context":"https:\/\/schema.org","@graph":[{"@type":"WebPage","@id":"https:\/\/legitgrams.com\/product\/crystal-meth-pills\/","url":"https:\/\/legitgrams.com\/product\/crystal-meth-pills\/","name":"Crystal Meth tablett\u00e1k elad\u00f3 - Crystal Meth tablett\u00e1k online v\u00e1s\u00e1rl\u00e1sa","isPartOf":{"@id":"https:\/\/legitgrams.com\/#website"},"primaryImageOfPage":{"@id":"https:\/\/legitgrams.com\/product\/crystal-meth-pills\/#primaryimage"},"image":{"@id":"https:\/\/legitgrams.com\/product\/crystal-meth-pills\/#primaryimage"},"thumbnailUrl":"https:\/\/legitgrams.com\/wp-content\/uploads\/2024\/09\/crystal-meth-online.jpg","datePublished":"2024-09-22T05:40:13+00:00","dateModified":"2026-01-08T15:18:32+00:00","description":"A Crystal Meth Pills online megv\u00e1s\u00e1rl\u00e1s\u00e1ra vonatkoz\u00f3 ig\u00e9nye teljes\u00edthet\u0151 az online \u00e1ruh\u00e1zunkban, mivel itt Crystal Meth Pills elad\u00f3. Adja le rendel\u00e9s\u00e9t, \u00e9s minden nap megfizethet\u0151 aj\u00e1nlatokat kap. Rendeljen most!","breadcrumb":{"@id":"https:\/\/legitgrams.com\/product\/crystal-meth-pills\/#breadcrumb"},"inLanguage":"hu","potentialAction":[{"@type":"ReadAction","target":["https:\/\/legitgrams.com\/product\/crystal-meth-pills\/"]}]},{"@type":"ImageObject","inLanguage":"hu","@id":"https:\/\/legitgrams.com\/product\/crystal-meth-pills\/#primaryimage","url":"https:\/\/legitgrams.com\/wp-content\/uploads\/2024\/09\/crystal-meth-online.jpg","contentUrl":"https:\/\/legitgrams.com\/wp-content\/uploads\/2024\/09\/crystal-meth-online.jpg","width":600,"height":600,"caption":"Crystal Meth Online Pills for sale"},{"@type":"BreadcrumbList","@id":"https:\/\/legitgrams.com\/product\/crystal-meth-pills\/#breadcrumb","itemListElement":[{"@type":"ListItem","position":1,"name":"Home","item":"https:\/\/legitgrams.com\/"},{"@type":"ListItem","position":2,"name":"Shop","item":"https:\/\/legitgrams.com\/shop\/"},{"@type":"ListItem","position":3,"name":"Crystal Meth Pills"}]},{"@type":"WebSite","@id":"https:\/\/legitgrams.com\/#website","url":"https:\/\/legitgrams.com\/","name":"Legit Grams","description":"Az \u00e9n WordPress blogom","publisher":{"@id":"https:\/\/legitgrams.com\/#organization"},"potentialAction":[{"@type":"SearchAction","target":{"@type":"EntryPoint","urlTemplate":"https:\/\/legitgrams.com\/?s={search_term_string}"},"query-input":{"@type":"PropertyValueSpecification","valueRequired":true,"valueName":"search_term_string"}}],"inLanguage":"hu"},{"@type":"Organization","@id":"https:\/\/legitgrams.com\/#organization","name":"Legit Grams","url":"https:\/\/legitgrams.com\/","logo":{"@type":"ImageObject","inLanguage":"hu","@id":"https:\/\/legitgrams.com\/#\/schema\/logo\/image\/","url":"https:\/\/legitgrams.com\/wp-content\/uploads\/2024\/09\/main-logo.png","contentUrl":"https:\/\/legitgrams.com\/wp-content\/uploads\/2024\/09\/main-logo.png","width":270,"height":75,"caption":"Legit Grams"},"image":{"@id":"https:\/\/legitgrams.com\/#\/schema\/logo\/image\/"}}]}},"uagb_featured_image_src":{"full":["https:\/\/legitgrams.com\/wp-content\/uploads\/2024\/09\/crystal-meth-online.jpg",600,600,false],"thumbnail":["https:\/\/legitgrams.com\/wp-content\/uploads\/2024\/09\/crystal-meth-online-150x150.jpg",150,150,true],"medium":["https:\/\/legitgrams.com\/wp-content\/uploads\/2024\/09\/crystal-meth-online-300x300.jpg",300,300,true],"medium_large":["https:\/\/legitgrams.com\/wp-content\/uploads\/2024\/09\/crystal-meth-online.jpg",600,600,false],"large":["https:\/\/legitgrams.com\/wp-content\/uploads\/2024\/09\/crystal-meth-online.jpg",600,600,false],"1536x1536":["https:\/\/legitgrams.com\/wp-content\/uploads\/2024\/09\/crystal-meth-online.jpg",600,600,false],"2048x2048":["https:\/\/legitgrams.com\/wp-content\/uploads\/2024\/09\/crystal-meth-online.jpg",600,600,false],"trp-custom-language-flag":["https:\/\/legitgrams.com\/wp-content\/uploads\/2024\/09\/crystal-meth-online-12x12.jpg",12,12,true],"woocommerce_thumbnail":["https:\/\/legitgrams.com\/wp-content\/uploads\/2024\/09\/crystal-meth-online-300x300.jpg",300,300,true],"woocommerce_single":["https:\/\/legitgrams.com\/wp-content\/uploads\/2024\/09\/crystal-meth-online.jpg",600,600,false],"woocommerce_gallery_thumbnail":["https:\/\/legitgrams.com\/wp-content\/uploads\/2024\/09\/crystal-meth-online-100x100.jpg",100,100,true]},"uagb_author_info":{"display_name":"cokeblog18","author_link":"https:\/\/legitgrams.com\/hu\/author\/"},"uagb_comment_info":2,"uagb_excerpt":"Crystal Meth Pills for Sale Online Crystal meth is a stimulant that directly impacts the central nervous system of the human brain. It is a highly addictive drug that has several positive applications. This stimulant is in the list of synthetic stimulants. During World War II, the first crystal meth drug was developed to support&hellip;","_links":{"self":[{"href":"https:\/\/legitgrams.com\/hu\/wp-json\/wp\/v2\/product\/4213","targetHints":{"allow":["GET"]}}],"collection":[{"href":"https:\/\/legitgrams.com\/hu\/wp-json\/wp\/v2\/product"}],"about":[{"href":"https:\/\/legitgrams.com\/hu\/wp-json\/wp\/v2\/types\/product"}],"replies":[{"embeddable":true,"href":"https:\/\/legitgrams.com\/hu\/wp-json\/wp\/v2\/comments?post=4213"}],"wp:featuredmedia":[{"embeddable":true,"href":"https:\/\/legitgrams.com\/hu\/wp-json\/wp\/v2\/media\/5181"}],"wp:attachment":[{"href":"https:\/\/legitgrams.com\/hu\/wp-json\/wp\/v2\/media?parent=4213"}],"wp:term":[{"taxonomy":"product_brand","embeddable":true,"href":"https:\/\/legitgrams.com\/hu\/wp-json\/wp\/v2\/product_brand?post=4213"},{"taxonomy":"product_cat","embeddable":true,"href":"https:\/\/legitgrams.com\/hu\/wp-json\/wp\/v2\/product_cat?post=4213"},{"taxonomy":"product_tag","embeddable":true,"href":"https:\/\/legitgrams.com\/hu\/wp-json\/wp\/v2\/product_tag?post=4213"}],"curies":[{"name":"wp","href":"https:\/\/api.w.org\/{rel}","templated":true}]}}