{"id":4214,"date":"2024-09-22T05:41:53","date_gmt":"2024-09-22T05:41:53","guid":{"rendered":"https:\/\/legitgrams.com\/?post_type=product&#038;p=4214"},"modified":"2025-04-03T11:28:24","modified_gmt":"2025-04-03T11:28:24","slug":"olcso-folyekony-lsd","status":"publish","type":"product","link":"https:\/\/legitgrams.com\/hu\/termek\/olcso-folyekony-lsd\/","title":{"rendered":"V\u00e1s\u00e1roljon olcs\u00f3 foly\u00e9kony LSD-t online"},"content":{"rendered":"<h2>Olcs\u00f3 foly\u00e9kony LSD megv\u00e1s\u00e1rolhat\u00f3<\/h2>\n<p>Az Acid egy olyan t\u00f6rzs, amelyet egy kicsit er\u0151sebb narkotikumr\u00f3l neveztek el, hasonl\u00f3an <a href=\"https:\/\/www.bing.com\/search?q=VsroljonolcsfolykonyLSD-tonline&amp;qs=n&amp;form=QBRE&amp;sp=-1&amp;lq=0&amp;pq=vsroljonolcsfolykonylsd-tonline&amp;sc=0-39&amp;sk=&amp;cvid=DD62655C91A7465B8B9BE0CF71F57793&amp;ghsh=0&amp;ghacc=0&amp;ghpl=\">Z\u00f6ld reped\u00e9s<\/a> (which is not to be confused with <a href=\"https:\/\/en.wikipedia.org\/wiki\/LSD\">LSD<\/a>). Mindent \u00f6sszevetve az Acid er\u0151s, zavar\u00f3 illatot \u00e9s ellens\u00falyoz\u00f3 hat\u00e1st k\u00edn\u00e1l. A savat a k\u00f6rny\u00e9k legkedveltebb New York Sour Diesel genetik\u00e1j\u00e1b\u00f3l \u00e1ll\u00edtj\u00e1k el\u0151, \u00e9s a Paradise Seeds, ugyanaz a c\u00e9g gy\u00e1rtja, amely a Delahaze-t \u00e9s a Sensi Star-t adta nek\u00fcnk. Vonz\u00e1s\u00e1nak k\u00f6sz\u00f6nhet\u0151en harmadik helyez\u00e9st \u00e9rt el a legjobb belt\u00e9ri termeszt\u00e9s\u0171 vir\u00e1g kateg\u00f3ri\u00e1ban a 2016-os spanyol Copa THC Valenci\u00e1n. Becsl\u00e9sek szerint a Corrossive 16% \u00e9s 23% k\u00f6z\u00f6tti THC-t tartalmaz.<\/p>\n<p>Mar\u00f3 hat\u00e1s\u00fa, becs\u00fclt vir\u00e1gokkal k\u00e1pr\u00e1ztat el, amelyek m\u00e9rete a k\u00f6zepest\u0151l a hatalmasig terjed, \u00e9s csukl\u00f3s, \u00e1s\u00f3szer\u0171 szerkezetet tart fenn, mint a tipikus kar\u00e1csonyf\u00e1k miniat\u0171r v\u00e1ltozatai, amelyek sz\u00e9les, lekerek\u00edtett, hegyes hegy\u0171 alapt\u00f3l feszesebb\u00e9 v\u00e1lnak. E bimb\u00f3k feszes, vastag szerkezete egy\u00e9rtelm\u0171en jelzi, hogy els\u0151sorban indica. A leveleket f\u00f6ldes sz\u00edn\u0171 bib\u00e9k fonj\u00e1k \u00e1t, \u00e9s t\u00faln\u0151tt, tompa z\u00f6ld t\u00f3nus\u00faak, szorosan befel\u00e9 csavarodva a k\u00f6z\u00e9ps\u0151 sz\u00e1ruk fel\u00e9. V\u00e9g\u00fcl az Acid vir\u00e1gainak k\u00fcls\u0151 \u00e9s bels\u0151 fel\u00fclet\u00e9t csillog\u00f3 feh\u00e9r trichom\u00e1k bor\u00edtj\u00e1k. A sav er\u0151teljes hat\u00e1s\u00e1t ezeknek a trichomoknak tulajdon\u00edtj\u00e1k, amelyek rendk\u00edv\u00fcl megnehez\u00edtik a r\u00fcgyek processzor n\u00e9lk\u00fcli sz\u00e9tv\u00e1laszt\u00e1s\u00e1t.<\/p>\n<p>A sav k\u00e9ts\u00e9gtelen\u00fcl enyh\u00e9n savas illat\u00fa a megfelel\u0151 id\u0151ben, \u00e9les citrus \u00edzzel. S\u0151t, vannak p\u00e9zsm\u00e1s, f\u00f6ldes felhangok, amelyek nyirkos koszra \u00e9s t\u00f6mj\u00e9nre eml\u00e9keztetnek. Ha v\u00e1rakoz\u00e1s k\u00f6zben sz\u00e9tv\u00e1lasztja vagy meg\u0151r\u00f6li ezeket az izmos r\u00f6g\u00f6ket, felszabadul a j\u00f3l ismert \u00e9s agressz\u00edv sz\u00fcl\u0151t\u00f6rzs, a New York-i Tannic g\u00e1zkipufog\u00f3g\u00e1z a savany\u00fa d\u00edzel forr\u00e1sa. <a href=\"https:\/\/www.google.com\/search?q=Buy+Cheap+Liquid+LSD+Online&amp;num=10&amp;sca_esv=1a2a07081c7891bb&amp;rlz=1C1RXQR_enIN1098IN1098&amp;sxsrf=AHTn8zqh1zJy4rS6yMm0-ReR-8i-f2LMGg%3A1741771896069&amp;ei=eFTRZ8r2A8zE4-EPhLbS6Ac&amp;ved=0ahUKEwjKkpT5nYSMAxVM4jgGHQSbFH0Q4dUDCBA&amp;uact=5&amp;oq=Buy+Cheap+Liquid+LSD+Online&amp;gs_lp=Egxnd3Mtd2l6LXNlcnAiG0J1eSBDaGVhcCBMaXF1aWQgTFNEIE9ubGluZUjyBVCJA1iJA3ACeACQAQCYAfkBoAH5AaoBAzItMbgBA8gBAPgBAvgBAZgCAKACAJgDAIgGAZIHAKAHTw&amp;sclient=gws-wiz-serp\">Acid<\/a> kellemes, sima f\u00fcst\u00f6t termel, amelyet k\u00f6nny\u0171 bel\u00e9legezni, ha meggyullad egy vonalban vagy k\u00f6t\u00e9sben. Ez a neh\u00e9z f\u00fcst elveszti d\u00edzel \u00e9s citromos jegyeit, ahogy kil\u00e9legzik.<\/p>\n<p>A doh\u00e1nyos k\u00fcls\u0151 fejleszt\u00e9seikr\u0151l alkotott benyom\u00e1s\u00e1t torz\u00edtja a Corrosive magas fokozatos megjelen\u00e9se. Bizonyos zajok feler\u0151s\u00f6dhetnek, mintha egy visszhangkamr\u00e1ban keletkezn\u00e9nek. Az \u00e9l\u00e9nk vil\u00e1g\u00edt\u00e1s \u00e9s a jellegzetes hangok is nagyobb tapad\u00e1st \u00e9rhetnek el. Az intenz\u00edvebb pszichedelikus csod\u00e1k, mint p\u00e9ld\u00e1ul a test bels\u0151 fordulatai \u00e9s az id\u0151 meghosszabb\u00edt\u00e1s\u00e1nak k\u00e9zzelfoghat\u00f3 \u00e9rzete, akkor kezdenek megnyilv\u00e1nulni, amikor ezek a k\u00e9zzelfoghat\u00f3 hat\u00e1sok a cs\u00facsra \u00e9rnek. V\u00e9g\u00fcl a doh\u00e1nyosok \u00e9szrevehetik a nyirokszerveik \u00e9s hal\u00e1nt\u00e9kuk k\u00f6r\u00fcli sz\u00e1nd\u00e9kos s\u00falyt, valamint a ny\u00e1lelv\u00e1laszt\u00e1s enyhe n\u00f6veked\u00e9s\u00e9t. Ezekb\u0151l a hidegr\u00e1z\u00e1sokb\u00f3l kibontakoz\u00f3 hull\u00e1mok alakulnak ki, amelyek lefel\u00e9 haladnak a h\u00e1ton, majd kifel\u00e9 a k\u00f6zep\u00e9be \u00e9s a v\u00e9gtagokba. B\u00e1r ezek a nyugtat\u00f3 hat\u00e1sok nem teszik teljes m\u00e9rt\u00e9kben mozg\u00e1sk\u00e9ptelenn\u00e9 az egy\u00e9nt, \u00f6szt\u00f6n\u00f6zhetik \u0151ket arra, hogy a lehet\u0151 legk\u00e9nyelmesebb k\u00f6rnyezetben laz\u00edtsanak.<\/p>\n<p>A mar\u00f3 hat\u00e1s m\u00e1sik jele az a ment\u00e1lis \u00e1llapot, amelyben a doh\u00e1nyos furcsa \u00f6tletekhez vagy gondolatokhoz k\u00f6t\u0151dik, \u00e9s leny\u0171g\u00f6z\u0151bbnek tal\u00e1lja \u0151ket, mint amilyenek val\u00f3j\u00e1ban. Az ilyen nyitott gondolkod\u00e1s hasznos strat\u00e9gia lehet bizonyos munkahelyi feladatok megold\u00e1s\u00e1ban, vagy eredeti v\u00e1laszok kidolgoz\u00e1s\u00e1ban kih\u00edv\u00e1st jelent\u0151 k\u00e9rd\u00e9sekre. A sav pszichol\u00f3giai hat\u00e1sai az id\u0151 el\u0151rehaladt\u00e1val vagy a m\u00e9r\u00e9s elh\u00faz\u00f3d\u00e1s\u00e1val szembet\u0171n\u0151bbekk\u00e9 v\u00e1lnak, mint nyilv\u00e1nval\u00f3bb\u00e1, \u00e9s ezzel semmiss\u00e9 v\u00e1lik minden kor\u00e1bbi hat\u00e9konys\u00e1g \u00e9s \u00e9rtelmetlenn\u00e9 v\u00e1lik. Ezt a fajt\u00e1t a legjobb k\u00e9s\u0151 este vagy \u00e9jszaka k\u00f3stolni, mert lass\u00fa az ereje. <a href=\"https:\/\/legitgrams.com\/hu\/\">LegitGrams<\/a><\/p>\n<p>V\u00e1s\u00e1roljon LSD-t, savat, foly\u00e9kony LSD-t 200 ug\/csepp, foly\u00e9kony LSD-savat, foly\u00e9kony LSD-boltot, foly\u00e9kony LSD-t online \u00e9s foly\u00e9kony LSD-\u00e1rut online.<\/p>\n<p><a href=\"https:\/\/legitgrams.com\/hu\/termek\/olcso-folyekony-lsd\/\">Olcs\u00f3 foly\u00e9kony LSD v\u00e1s\u00e1rl\u00e1s<\/a> Online: V\u00e1s\u00e1roljon LSD-t, v\u00e1s\u00e1roljon olcs\u00f3 foly\u00e9kony LSD-t, v\u00e1s\u00e1roljon foly\u00e9kony LSD-t online, hol v\u00e1s\u00e1rolhat olcs\u00f3 LSD-t online, olcs\u00f3n v\u00e1s\u00e1rolhat LSD-t, \u00e9s olcs\u00f3 foly\u00e9kony LSD-t Hol v\u00e1s\u00e1rolhat olcs\u00f3 foly\u00e9kony LSD-t, olcs\u00f3 foly\u00e9kony LSD-t v\u00e1s\u00e1rolhat az Egyes\u00fclt \u00c1llamokban, Kanad\u00e1ban \u00e9s az Egyes\u00fclt Kir\u00e1lys\u00e1gban, Online v\u00e1s\u00e1rl\u00e1s, besz\u00e1ll\u00edt\u00f3k, az LSD biztons\u00e1gos sz\u00e1ll\u00edt\u00e1sa tov\u00e1bbra is lehets\u00e9ges, az LSD rendel\u00e9se tov\u00e1bbra is lehets\u00e9ges. Van-e jogi st\u00e1tusza az olcs\u00f3 foly\u00e9kony LSD-nek Kanad\u00e1ban? LSD leg\u00e1lis az Egyes\u00fclt \u00c1llamokban, <a href=\"https:\/\/duckduckgo.com\/?q=Vsroljon+olcs+folykony+LSD-t+online&amp;t=h_\">V\u00e1s\u00e1roljon olcs\u00f3 foly\u00e9kony LSD-t online<\/a> az Egyes\u00fclt \u00c1llamokban.<\/p>","protected":false},"excerpt":{"rendered":"<p>Low-Cost Liquid LSD for Purchase Acid is a strain named after a little more potent narcotic, much like Green Crack (which is not to be confused with LSD). All things considered, Acid is strong, offering both a confusing smell and counterbalanced effects. Acid is made from the genetics of the most well-liked New York Sour &hellip;<\/p>\n<p class=\"read-more\"> <a class=\"\" href=\"https:\/\/legitgrams.com\/hu\/termek\/olcso-folyekony-lsd\/\"> <span class=\"screen-reader-text\">V\u00e1s\u00e1roljon olcs\u00f3 foly\u00e9kony LSD-t online<\/span> Olvass tov\u00e1bb \"<\/a><\/p>","protected":false},"featured_media":5179,"comment_status":"open","ping_status":"closed","template":"","meta":{"_uag_custom_page_level_css":"","site-sidebar-layout":"default","site-content-layout":"default","ast-global-header-display":"","ast-main-header-display":"","ast-hfb-above-header-display":"","ast-hfb-below-header-display":"","ast-hfb-mobile-header-display":"","site-post-title":"","ast-breadcrumbs-content":"","ast-featured-img":"","footer-sml-layout":"","theme-transparent-header-meta":"default","adv-header-id-meta":"","stick-header-meta":"default","header-above-stick-meta":"","header-main-stick-meta":"","header-below-stick-meta":"","_joinchat":[]},"product_brand":[],"product_cat":[595],"product_tag":[2164,2154,617,2146,2161,2145,2149,2148,2156,2147,2159,2166,2167,2165,2157,2162,2158,2153,2151,2163,2160,625,2152,2155,2150],"class_list":{"0":"post-4214","1":"product","2":"type-product","3":"status-publish","4":"has-post-thumbnail","6":"product_cat-psychedelic-drugs","7":"product_tag-best-cheap-price-cheap-liquid-lsd","8":"product_tag-best-place-to-buy-cheap-liquid-lsd","9":"product_tag-bulk-online","10":"product_tag-buy-cheap-liquid-lsd","11":"product_tag-cheap-cheap-liquid-lsd","12":"product_tag-cheap-liquid-lsd","13":"product_tag-cheap-liquid-lsd-cheap-liquid-lsd-supplier","14":"product_tag-cheap-liquid-lsd-for-sale","15":"product_tag-cheap-liquid-lsd-legally","16":"product_tag-cheap-liquid-lsd-online","17":"product_tag-cheap-liquid-lsd-store","18":"product_tag-cheap-liquid-lsd-use","19":"product_tag-cheap-liquid-lsd-wiki","20":"product_tag-cheap-liquid-lsd-worldwide","21":"product_tag-cheap-liquid-lsdprice","22":"product_tag-cheap-liquid-lsds","23":"product_tag-high-quality-cheap-liquid-lsd","24":"product_tag-how-to-buy-cheap-liquid-lsd","25":"product_tag-order-cheap-liquid-lsd","26":"product_tag-purcharse-cheap-liquid-lsd","27":"product_tag-shop-cheap-liquid-lsd","28":"product_tag-top-quality","29":"product_tag-where-to-buy-cheap-liquid-lsd","30":"product_tag-where-to-order-cheap-liquid-lsd","31":"product_tag-wholesale-cheap-liquid-lsd","32":"desktop-align-left","33":"tablet-align-left","34":"mobile-align-left","35":"ast-product-gallery-layout-horizontal","36":"ast-product-gallery-with-no-image","37":"ast-product-single-variable","38":"ast-product-tabs-layout-horizontal","39":"ast-qv-on-image","41":"first","42":"instock","43":"shipping-taxable","44":"purchasable","45":"product-type-variable"},"yoast_head":"<!-- This site is optimized with the Yoast SEO plugin v25.9 - https:\/\/yoast.com\/wordpress\/plugins\/seo\/ -->\n<title>Liquid LSD for Sale - Buy Liquid LSD Online at Best Price<\/title>\n<meta name=\"description\" content=\"Looking to Buy Liquid LSD Online? Discover a seamless platform at our online store where you can buy Liquid LSD , ensuring top-grade quality for your research needs.\" \/>\n<meta name=\"robots\" content=\"index, follow, max-snippet:-1, max-image-preview:large, max-video-preview:-1\" \/>\n<link rel=\"canonical\" href=\"https:\/\/legitgrams.com\/hu\/termek\/olcso-folyekony-lsd\/\" \/>\n<meta property=\"og:locale\" content=\"hu_HU\" \/>\n<meta property=\"og:type\" content=\"article\" \/>\n<meta property=\"og:title\" content=\"Liquid LSD for Sale - Buy Liquid LSD Online at Best Price\" \/>\n<meta property=\"og:description\" content=\"Looking to Buy Liquid LSD Online? Discover a seamless platform at our online store where you can buy Liquid LSD , ensuring top-grade quality for your research needs.\" \/>\n<meta property=\"og:url\" content=\"https:\/\/legitgrams.com\/hu\/termek\/olcso-folyekony-lsd\/\" \/>\n<meta property=\"og:site_name\" content=\"Legit Grams\" \/>\n<meta property=\"article:modified_time\" content=\"2025-04-03T11:28:24+00:00\" \/>\n<meta property=\"og:image\" content=\"https:\/\/legitgrams.com\/wp-content\/uploads\/2024\/09\/buy-cheap-liquid-lsd-online.jpg\" \/>\n\t<meta property=\"og:image:width\" content=\"600\" \/>\n\t<meta property=\"og:image:height\" content=\"600\" \/>\n\t<meta property=\"og:image:type\" content=\"image\/jpeg\" \/>\n<meta name=\"twitter:card\" content=\"summary_large_image\" \/>\n<meta name=\"twitter:label1\" content=\"Becs\u00fclt olvas\u00e1si id\u0151\" \/>\n\t<meta name=\"twitter:data1\" content=\"3 perc\" \/>\n<script type=\"application\/ld+json\" class=\"yoast-schema-graph\">{\"@context\":\"https:\/\/schema.org\",\"@graph\":[{\"@type\":\"WebPage\",\"@id\":\"https:\/\/legitgrams.com\/product\/cheap-liquid-lsd\/\",\"url\":\"https:\/\/legitgrams.com\/product\/cheap-liquid-lsd\/\",\"name\":\"Liquid LSD for Sale - Buy Liquid LSD Online at Best Price\",\"isPartOf\":{\"@id\":\"https:\/\/legitgrams.com\/#website\"},\"primaryImageOfPage\":{\"@id\":\"https:\/\/legitgrams.com\/product\/cheap-liquid-lsd\/#primaryimage\"},\"image\":{\"@id\":\"https:\/\/legitgrams.com\/product\/cheap-liquid-lsd\/#primaryimage\"},\"thumbnailUrl\":\"https:\/\/legitgrams.com\/wp-content\/uploads\/2024\/09\/buy-cheap-liquid-lsd-online.jpg\",\"datePublished\":\"2024-09-22T05:41:53+00:00\",\"dateModified\":\"2025-04-03T11:28:24+00:00\",\"description\":\"Looking to Buy Liquid LSD Online? Discover a seamless platform at our online store where you can buy Liquid LSD , ensuring top-grade quality for your research needs.\",\"breadcrumb\":{\"@id\":\"https:\/\/legitgrams.com\/product\/cheap-liquid-lsd\/#breadcrumb\"},\"inLanguage\":\"hu\",\"potentialAction\":[{\"@type\":\"ReadAction\",\"target\":[\"https:\/\/legitgrams.com\/product\/cheap-liquid-lsd\/\"]}]},{\"@type\":\"ImageObject\",\"inLanguage\":\"hu\",\"@id\":\"https:\/\/legitgrams.com\/product\/cheap-liquid-lsd\/#primaryimage\",\"url\":\"https:\/\/legitgrams.com\/wp-content\/uploads\/2024\/09\/buy-cheap-liquid-lsd-online.jpg\",\"contentUrl\":\"https:\/\/legitgrams.com\/wp-content\/uploads\/2024\/09\/buy-cheap-liquid-lsd-online.jpg\",\"width\":600,\"height\":600,\"caption\":\"Cheap Liquid LSD for Sale\"},{\"@type\":\"BreadcrumbList\",\"@id\":\"https:\/\/legitgrams.com\/product\/cheap-liquid-lsd\/#breadcrumb\",\"itemListElement\":[{\"@type\":\"ListItem\",\"position\":1,\"name\":\"Home\",\"item\":\"https:\/\/legitgrams.com\/\"},{\"@type\":\"ListItem\",\"position\":2,\"name\":\"Shop\",\"item\":\"https:\/\/legitgrams.com\/shop\/\"},{\"@type\":\"ListItem\",\"position\":3,\"name\":\"Buy Cheap Liquid LSD Online\"}]},{\"@type\":\"WebSite\",\"@id\":\"https:\/\/legitgrams.com\/#website\",\"url\":\"https:\/\/legitgrams.com\/\",\"name\":\"Legit Grams\",\"description\":\"My WordPress Blog\",\"publisher\":{\"@id\":\"https:\/\/legitgrams.com\/#organization\"},\"potentialAction\":[{\"@type\":\"SearchAction\",\"target\":{\"@type\":\"EntryPoint\",\"urlTemplate\":\"https:\/\/legitgrams.com\/?s={search_term_string}\"},\"query-input\":{\"@type\":\"PropertyValueSpecification\",\"valueRequired\":true,\"valueName\":\"search_term_string\"}}],\"inLanguage\":\"hu\"},{\"@type\":\"Organization\",\"@id\":\"https:\/\/legitgrams.com\/#organization\",\"name\":\"Legit Grams\",\"url\":\"https:\/\/legitgrams.com\/\",\"logo\":{\"@type\":\"ImageObject\",\"inLanguage\":\"hu\",\"@id\":\"https:\/\/legitgrams.com\/#\/schema\/logo\/image\/\",\"url\":\"https:\/\/legitgrams.com\/wp-content\/uploads\/2024\/09\/main-logo.png\",\"contentUrl\":\"https:\/\/legitgrams.com\/wp-content\/uploads\/2024\/09\/main-logo.png\",\"width\":270,\"height\":75,\"caption\":\"Legit Grams\"},\"image\":{\"@id\":\"https:\/\/legitgrams.com\/#\/schema\/logo\/image\/\"}}]}<\/script>\n<!-- \/ Yoast SEO plugin. -->","yoast_head_json":{"title":"Foly\u00e9kony LSD elad\u00f3 - V\u00e1s\u00e1roljon foly\u00e9kony LSD-t online a legjobb \u00e1ron","description":"Foly\u00e9kony LSD-t szeretne v\u00e1s\u00e1rolni online? Fedezze fel a z\u00f6kken\u0151mentes platformot online \u00e1ruh\u00e1zunkban, ahol Liquid LSD-t v\u00e1s\u00e1rolhat, biztos\u00edtva a kiv\u00e1l\u00f3 min\u0151s\u00e9get az \u00d6n kutat\u00e1si ig\u00e9nyeihez.","robots":{"index":"index","follow":"follow","max-snippet":"max-snippet:-1","max-image-preview":"max-image-preview:large","max-video-preview":"max-video-preview:-1"},"canonical":"https:\/\/legitgrams.com\/hu\/termek\/olcso-folyekony-lsd\/","og_locale":"hu_HU","og_type":"article","og_title":"Liquid LSD for Sale - Buy Liquid LSD Online at Best Price","og_description":"Looking to Buy Liquid LSD Online? Discover a seamless platform at our online store where you can buy Liquid LSD , ensuring top-grade quality for your research needs.","og_url":"https:\/\/legitgrams.com\/hu\/termek\/olcso-folyekony-lsd\/","og_site_name":"Legit Grams","article_modified_time":"2025-04-03T11:28:24+00:00","og_image":[{"width":600,"height":600,"url":"https:\/\/legitgrams.com\/wp-content\/uploads\/2024\/09\/buy-cheap-liquid-lsd-online.jpg","type":"image\/jpeg"}],"twitter_card":"summary_large_image","twitter_misc":{"Becs\u00fclt olvas\u00e1si id\u0151":"3 perc"},"schema":{"@context":"https:\/\/schema.org","@graph":[{"@type":"WebPage","@id":"https:\/\/legitgrams.com\/product\/cheap-liquid-lsd\/","url":"https:\/\/legitgrams.com\/product\/cheap-liquid-lsd\/","name":"Foly\u00e9kony LSD elad\u00f3 - V\u00e1s\u00e1roljon foly\u00e9kony LSD-t online a legjobb \u00e1ron","isPartOf":{"@id":"https:\/\/legitgrams.com\/#website"},"primaryImageOfPage":{"@id":"https:\/\/legitgrams.com\/product\/cheap-liquid-lsd\/#primaryimage"},"image":{"@id":"https:\/\/legitgrams.com\/product\/cheap-liquid-lsd\/#primaryimage"},"thumbnailUrl":"https:\/\/legitgrams.com\/wp-content\/uploads\/2024\/09\/buy-cheap-liquid-lsd-online.jpg","datePublished":"2024-09-22T05:41:53+00:00","dateModified":"2025-04-03T11:28:24+00:00","description":"Foly\u00e9kony LSD-t szeretne v\u00e1s\u00e1rolni online? Fedezze fel a z\u00f6kken\u0151mentes platformot online \u00e1ruh\u00e1zunkban, ahol Liquid LSD-t v\u00e1s\u00e1rolhat, biztos\u00edtva a kiv\u00e1l\u00f3 min\u0151s\u00e9get az \u00d6n kutat\u00e1si ig\u00e9nyeihez.","breadcrumb":{"@id":"https:\/\/legitgrams.com\/product\/cheap-liquid-lsd\/#breadcrumb"},"inLanguage":"hu","potentialAction":[{"@type":"ReadAction","target":["https:\/\/legitgrams.com\/product\/cheap-liquid-lsd\/"]}]},{"@type":"ImageObject","inLanguage":"hu","@id":"https:\/\/legitgrams.com\/product\/cheap-liquid-lsd\/#primaryimage","url":"https:\/\/legitgrams.com\/wp-content\/uploads\/2024\/09\/buy-cheap-liquid-lsd-online.jpg","contentUrl":"https:\/\/legitgrams.com\/wp-content\/uploads\/2024\/09\/buy-cheap-liquid-lsd-online.jpg","width":600,"height":600,"caption":"Cheap Liquid LSD for Sale"},{"@type":"BreadcrumbList","@id":"https:\/\/legitgrams.com\/product\/cheap-liquid-lsd\/#breadcrumb","itemListElement":[{"@type":"ListItem","position":1,"name":"Home","item":"https:\/\/legitgrams.com\/"},{"@type":"ListItem","position":2,"name":"Shop","item":"https:\/\/legitgrams.com\/shop\/"},{"@type":"ListItem","position":3,"name":"Buy Cheap Liquid LSD Online"}]},{"@type":"WebSite","@id":"https:\/\/legitgrams.com\/#website","url":"https:\/\/legitgrams.com\/","name":"Legit Grams","description":"Az \u00e9n WordPress blogom","publisher":{"@id":"https:\/\/legitgrams.com\/#organization"},"potentialAction":[{"@type":"SearchAction","target":{"@type":"EntryPoint","urlTemplate":"https:\/\/legitgrams.com\/?s={search_term_string}"},"query-input":{"@type":"PropertyValueSpecification","valueRequired":true,"valueName":"search_term_string"}}],"inLanguage":"hu"},{"@type":"Organization","@id":"https:\/\/legitgrams.com\/#organization","name":"Legit Grams","url":"https:\/\/legitgrams.com\/","logo":{"@type":"ImageObject","inLanguage":"hu","@id":"https:\/\/legitgrams.com\/#\/schema\/logo\/image\/","url":"https:\/\/legitgrams.com\/wp-content\/uploads\/2024\/09\/main-logo.png","contentUrl":"https:\/\/legitgrams.com\/wp-content\/uploads\/2024\/09\/main-logo.png","width":270,"height":75,"caption":"Legit Grams"},"image":{"@id":"https:\/\/legitgrams.com\/#\/schema\/logo\/image\/"}}]}},"uagb_featured_image_src":{"full":["https:\/\/legitgrams.com\/wp-content\/uploads\/2024\/09\/buy-cheap-liquid-lsd-online.jpg",600,600,false],"thumbnail":["https:\/\/legitgrams.com\/wp-content\/uploads\/2024\/09\/buy-cheap-liquid-lsd-online-150x150.jpg",150,150,true],"medium":["https:\/\/legitgrams.com\/wp-content\/uploads\/2024\/09\/buy-cheap-liquid-lsd-online-300x300.jpg",300,300,true],"medium_large":["https:\/\/legitgrams.com\/wp-content\/uploads\/2024\/09\/buy-cheap-liquid-lsd-online.jpg",600,600,false],"large":["https:\/\/legitgrams.com\/wp-content\/uploads\/2024\/09\/buy-cheap-liquid-lsd-online.jpg",600,600,false],"1536x1536":["https:\/\/legitgrams.com\/wp-content\/uploads\/2024\/09\/buy-cheap-liquid-lsd-online.jpg",600,600,false],"2048x2048":["https:\/\/legitgrams.com\/wp-content\/uploads\/2024\/09\/buy-cheap-liquid-lsd-online.jpg",600,600,false],"trp-custom-language-flag":["https:\/\/legitgrams.com\/wp-content\/uploads\/2024\/09\/buy-cheap-liquid-lsd-online-12x12.jpg",12,12,true],"woocommerce_thumbnail":["https:\/\/legitgrams.com\/wp-content\/uploads\/2024\/09\/buy-cheap-liquid-lsd-online-300x300.jpg",300,300,true],"woocommerce_single":["https:\/\/legitgrams.com\/wp-content\/uploads\/2024\/09\/buy-cheap-liquid-lsd-online.jpg",600,600,false],"woocommerce_gallery_thumbnail":["https:\/\/legitgrams.com\/wp-content\/uploads\/2024\/09\/buy-cheap-liquid-lsd-online-100x100.jpg",100,100,true]},"uagb_author_info":{"display_name":"cokeblog18","author_link":"https:\/\/legitgrams.com\/hu\/author\/"},"uagb_comment_info":0,"uagb_excerpt":"Low-Cost Liquid LSD for Purchase Acid is a strain named after a little more potent narcotic, much like Green Crack (which is not to be confused with LSD). All things considered, Acid is strong, offering both a confusing smell and counterbalanced effects. Acid is made from the genetics of the most well-liked New York Sour&hellip;","_links":{"self":[{"href":"https:\/\/legitgrams.com\/hu\/wp-json\/wp\/v2\/product\/4214","targetHints":{"allow":["GET"]}}],"collection":[{"href":"https:\/\/legitgrams.com\/hu\/wp-json\/wp\/v2\/product"}],"about":[{"href":"https:\/\/legitgrams.com\/hu\/wp-json\/wp\/v2\/types\/product"}],"replies":[{"embeddable":true,"href":"https:\/\/legitgrams.com\/hu\/wp-json\/wp\/v2\/comments?post=4214"}],"wp:featuredmedia":[{"embeddable":true,"href":"https:\/\/legitgrams.com\/hu\/wp-json\/wp\/v2\/media\/5179"}],"wp:attachment":[{"href":"https:\/\/legitgrams.com\/hu\/wp-json\/wp\/v2\/media?parent=4214"}],"wp:term":[{"taxonomy":"product_brand","embeddable":true,"href":"https:\/\/legitgrams.com\/hu\/wp-json\/wp\/v2\/product_brand?post=4214"},{"taxonomy":"product_cat","embeddable":true,"href":"https:\/\/legitgrams.com\/hu\/wp-json\/wp\/v2\/product_cat?post=4214"},{"taxonomy":"product_tag","embeddable":true,"href":"https:\/\/legitgrams.com\/hu\/wp-json\/wp\/v2\/product_tag?post=4214"}],"curies":[{"name":"wp","href":"https:\/\/api.w.org\/{rel}","templated":true}]}}