{"id":4218,"date":"2024-09-22T06:05:19","date_gmt":"2024-09-22T06:05:19","guid":{"rendered":"https:\/\/legitgrams.com\/?post_type=product&#038;p=4218"},"modified":"2025-04-03T10:49:23","modified_gmt":"2025-04-03T10:49:23","slug":"psilocybe-azurescens","status":"publish","type":"product","link":"https:\/\/legitgrams.com\/hu\/termek\/psilocybe-azurescens\/","title":{"rendered":"Psilocybe Azurescens online megv\u00e1s\u00e1rl\u00e1sa"},"content":{"rendered":"<h2>V\u00e1s\u00e1roljon Psilocybe Azurescens Online<\/h2>\n<h3>Elad\u00f3: Psilocybe Azurescens<\/h3>\n<p>A Psilocybe nemzets\u00e9g 180 gombafaja k\u00f6z\u00fcl, <a href=\"https:\/\/legitgrams.com\/hu\/termek\/psilocybe-azurescens\/\">Psilocybe Azurescens<\/a> grows in a variety of habitats. Other names for <a href=\"https:\/\/www.bing.com\/search?q=VsroljonPsilocybeAzurescensonline&amp;qs=n&amp;form=QBRE&amp;sp=-1&amp;lq=0&amp;pq=vsroljonpsilocybeazurescensonline&amp;sc=0-38&amp;sk=&amp;cvid=6F8A0009B952488F930C713CA14D16D7&amp;ghsh=0&amp;ghacc=0&amp;ghpl=\">Psilocybe<\/a> Az Azurscens k\u00f6z\u00e9 tartozik a Flying Saucers, az Indigo Psilocybe, az Azzies \u00e9s a Blue Angels.<\/p>\n<p>Az 1979-ben tett els\u0151 meg\u00e1llap\u00edt\u00e1s \u00f3ta sz\u00e1mos cikket publik\u00e1ltak r\u00f3la a kutat\u00f3k. Paul Stamets p\u00e9ld\u00e1ul 1996-ban megjelent \"Psilocybin shrooms of the world\" c\u00edm\u0171 k\u00f6nyv\u00e9ben az Azurescens nevet adta a fajnak. Az Azurescens kifejez\u00e9s a gomba az\u00fark\u00e9k vagy k\u00e9k sz\u00edn\u00e9nek durva ford\u00edt\u00e1s\u00e1b\u00f3l sz\u00e1rmazik.<\/p>\n<p>A gomba 1,8% psilocybint, 0,5% psilocint \u00e9s 0,4% baeocystint tartalmaz. Ez a leger\u0151sebb faj a triptaminszint\u00e9zisben. Ez a faj p\u00e9ld\u00e1ul h\u00e1romszor olyan er\u0151s, mint a <a href=\"https:\/\/en.wikipedia.org\/wiki\/Psilocybe_cubensis\">Psilocybe Cubensis<\/a> \u00e9s Cyanscens psilocybe.<\/p>\n<p>Ezt a gomb\u00e1t r\u00e9szletesebben megvizsg\u00e1lva egyedi, szokatlan tulajdons\u00e1gok t\u00e1rulnak fel. A tulajdons\u00e1gok k\u00f6z\u00f6tt a k\u00f6vetkez\u0151k szerepelnek:<\/p>\n<p>Sp\u00f3r\u00e1k: Ez a gomba k\u00e9t k\u00fcl\u00f6nb\u00f6z\u0151 sz\u00edn\u0171 sp\u00f3r\u00e1val rendelkezik: s\u00f6t\u00e9t lil\u00e1sbarna \u00e9s lila-fekete. Ezek ellipszoid alakjuk miatt k\u00fcl\u00f6nb\u00f6znek m\u00e1s, ugyanabba a nemzets\u00e9gbe tartoz\u00f3 gomb\u00e1kt\u00f3l. <a href=\"https:\/\/legitgrams.com\/hu\/\">LegitGrams<\/a><\/p>\n<p>Pileus: A \u201epileus\u201d kifejez\u00e9s a gomba sapk\u00e1k k\u00fapos vagy dombor\u00fa alakj\u00e1ra utal. Amikor a halom fiatal, barna vagy karamell sz\u00ednt vesz fel. De ahogy a gomb\u00e1k kezdenek elhalv\u00e1nyulni, a hely m\u00e9ly, s\u00f6t\u00e9t ter\u00fclete vil\u00e1gos szalmasz\u00edn\u0171v\u00e9 v\u00e1lik, am\u00edg teljesen meg nem sz\u00e1rad.<\/p>\n<p>A gomba \u00edvelt sz\u00e1r\u00e1t, amely az alap k\u00f6zel\u00e9ben megvastagodik, sz\u00e1rnak nevezik. A megn\u00f6vekedett indoltartalom miatt a sima feh\u00e9r cs\u00edk k\u00e9k-indig\u00f3v\u00e1 v\u00e1lik.<\/p>\n<p>Lamella: A gomba kopolty\u00fai egy m\u00e1sik elnevez\u00e9se ezeknek a k\u00e9tszint\u0171 szerkezeteknek. Amikor a lamella friss, karamell- vagy gesztenyebarna sz\u00ednt kap.<\/p>\n<h3>Psilocybe Azurescens Magic Mushroom Le\u00edr\u00e1s<\/h3>\n<p><a href=\"https:\/\/www.google.com\/search?q=Vsroljon+Psilocybe+Azurescens+online&amp;sca_esv=eddefdb7b92e7545&amp;sxsrf=AHTn8zrMqZ4xnfSLMJ2rFuwclmG9V6yyuw1743678372513&amp;ei=pGvuZ9CNH52_0PEPoeGPiQ0&amp;ved=0ahUKEwjQ7_uP3LuMAxWdHzQIHaHwI9EQ4dUDCBA&amp;uact=5&amp;oq=Vsroljon+Psilocybe+Azurescens+online&amp;gs_lp=Egxnd3Mtd2l6LXNlcnAiKFbDoXPDoXJvbGpvbiBQc2lsb2N5YmUgQXp1cmVzY2VucyBvbmxpbmUyBRAhGKABMgUQIRigATIFECEYoAEyBRAhGKABSIAFUABYAHAAeACQAQCYAYMDoAGDA6oBAzMtMbgBA8gBAPgBAvgBAZgCAaACiAOYAwCSBwMzLTGgB5UEsgcDMy0xuAeIAw&amp;sclient=gws-wiz-serp\">Psilocybe Azurescens<\/a> a 180 fajb\u00f3l \u00e1ll\u00f3 Psilocybe nemzets\u00e9g tagja, amint azt kor\u00e1bban eml\u00edtett\u00fck. K\u00fcl\u00f6nb\u00f6z\u0151 fajok k\u00fcl\u00f6nb\u00f6z\u0151, v\u00e1ltoz\u00f3 p\u00e1ratartalm\u00fa \u00e9l\u0151helyeket haszn\u00e1lnak a fejl\u0151d\u00e9shez. Ez a k\u00fcl\u00f6nleges faj p\u00e9ld\u00e1ul a szabadban vir\u00e1gzik.<\/p>\n<p>Kiv\u00e9telesen er\u0151s pszilocibin, baeocisztin \u00e9s pszilocin biok\u00e9miai anyagokra van sz\u00fcks\u00e9ge ahhoz, hogy megtapasztalja a gomba teljes hat\u00e1s\u00e1t. Psilocybe Cubensis \u00e9s <a href=\"https:\/\/duckduckgo.com\/?q=Buy+Psilocybe+Azurescens+Online&amp;t=h_&amp;ia=web\">Psilocybe Cyanescens<\/a> k\u00e9t tov\u00e1bbi \u00e9rt\u00e9kes faj tal\u00e1lhat\u00f3 ebben a nemzets\u00e9gben. Az Egyes\u00fclt \u00c1llamok csendes-\u00f3ce\u00e1ni \u00e9szaknyugati r\u00e9sz\u00e9n ez a gomba nagyon n\u00e9pszer\u0171.<\/p>\n<p>A Boys Scouts 1979-ben vezette be ezt a gomb\u00e1t. A gomba azonos\u00edt\u00e1sa 1979-ben kezd\u0151d\u00f6tt, amikor a cserk\u00e9szek megtal\u00e1lt\u00e1k Oregonban. Tov\u00e1bbi vizsg\u00e1latok sor\u00e1n a tud\u00f3sok meg\u00e1llap\u00edtott\u00e1k, hogy ezek a gomb\u00e1k pszichoakt\u00edv tulajdons\u00e1gokkal rendelkeznek. Paul Stamets 1996-ban \u00e1tnevezte Psilocybe Azurescens n\u00e9vre. A Stamets publik\u00e1ci\u00f3ja alapj\u00e1n az Azurescens f\u00f3kusz\u00e1ban a stipe k\u00e9k \u00e1rnyalata \u00e1llt. M\u00e1sok azzal \u00e9rvelnek, hogy a nevet \u0151 ihlette, mert a gyermek\u00e9nek ugyanaz a neve.<\/p>\n<h3>A Psilocybe Azurescens hat\u00e1sa a gomb\u00e1kra<\/h3>\n<p>Az Azurescens sz\u00e1mos pszichoakt\u00edv vegy\u00fcletet tartalmaz, bele\u00e9rtve a pszilocibint, a baeocisztint \u00e9s a pszilocint. A k\u00e9miai \u00f6sszetev\u0151k, amelyek a gomb\u00e1k hallucinog\u00e9n tulajdons\u00e1gait adj\u00e1k, jelen vannak ebben a pszilocibafajban. A pszichedelikus \u00e9lm\u00e9nyek egyik jellemz\u0151je a v\u00e9gtagzsibbad\u00e1s. Ezt a hat\u00e1st azonban fel\u00fclm\u00falja az izgalom \u00e9s a hallucin\u00e1ci\u00f3k. A gomba szed\u00e9se arra k\u00e9sztetheti \u0151ket, hogy t\u00f6bb szoci\u00e1lis interakci\u00f3ba \u00e9s egy sor tev\u00e9kenys\u00e9gbe vegyenek r\u00e9szt.<\/p>\n<p>R\u00e9szletek a Psilocybe Azurscens Magic Shrooms n\u00f6veked\u00e9s\u00e9r\u0151l. Az Azurscens k\u00f6nnyebben megtal\u00e1lhat\u00f3 a v\u00edzparton, mint m\u00e1shol, a faanyag rendelkez\u00e9sre \u00e1ll\u00e1sa miatt. Ezenk\u00edv\u00fcl a partvonalak ment\u00e9n d\u0171nef\u0171 fejl\u0151dik, sz\u0151nyeget hozva l\u00e9tre, amely egyenesen tartja a gyenge gomb\u00e1kat.<\/p>\n<p><strong>Aspergillus aureuss<\/strong><\/p>\n<p>A kem\u00e9ny t\u00e9l\u0171 r\u00e9gi\u00f3kban az azaurscens vir\u00e1gzik, mert k\u00e9pes elviselni a rendk\u00edv\u00fcl alacsony h\u0151m\u00e9rs\u00e9kletet. Ezenk\u00edv\u00fcl a gomb\u00e1k enyh\u00e9n nedves lombhullat\u00f3 f\u00e1n is n\u00f6vekedhetnek. Gyakran l\u00e1tni ezt a fajt boz\u00f3tosban \u00e9s szeder k\u00f6z\u00f6tt n\u0151ni.<\/p>\n<h3>Psilocybe Azurscens gomba alkalmaz\u00e1sok az orvostudom\u00e1nyban<\/h3>\n<p>Ennek a gomb\u00e1nak a magas pszilocibintartalma sz\u00e1mos gy\u00f3gy\u00e1szati \u200b\u200bel\u0151nnyel rendelkezik. A szorong\u00e1sos zavarok sz\u00e1m\u00e1ra el\u0151ny\u00f6s lehet a magas fej hat\u00e1sa. Ezenk\u00edv\u00fcl a gy\u00f3gyszer k\u00e9pes kezelni a r\u00f6geszm\u00e9s-k\u00e9nyszeres rendelleness\u00e9get (OCD), a depresszi\u00f3t, a szorong\u00e1st \u00e9s a figyelemhi\u00e1nyos hiperaktivit\u00e1si rendelleness\u00e9get (ADHD).<\/p>\n<p>Az alkoholizmussal \u00e9s doh\u00e1nyz\u00e1sf\u00fcgg\u0151s\u00e9ggel k\u00fczd\u0151 emberek sz\u00e1m\u00e1ra is hasznos lehet, ha gomb\u00e1t haszn\u00e1lnak betegs\u00e9geik gy\u00f3gy\u00edt\u00e1s\u00e1ra. A pszilocibin kiv\u00e1l\u00f3 m\u00f3dja a s\u00f3v\u00e1rg\u00e1s cs\u00f6kkent\u00e9s\u00e9nek Tanulm\u00e1nyok azt mutatj\u00e1k, hogy haszn\u00e1lhat\u00f3 a f\u00fcgg\u0151s\u00e9g kezel\u00e9s\u00e9re. Mivel a P. Azurscens n\u00f6veli a t\u00e1rsadalmi \u00f6nbizalmat, az orvosok besz\u00e9dprobl\u00e9m\u00e1kkal k\u00fczd\u0151 egy\u00e9neknek aj\u00e1nlj\u00e1k.<\/p>\n<h3>Psilocybe Azurescens Magic Mushroom Side Effects<\/h3>\n<p>A P. Azurscens var\u00e1zsgomb\u00e1knak val\u00f3 kitetts\u00e9g sz\u00e1mos negat\u00edv k\u00f6vetkezm\u00e9nnyel j\u00e1rhat. M\u00edg legt\u00f6bbj\u00fck csak n\u00e9h\u00e1ny percig tart, n\u00e9h\u00e1nyuk hal\u00e1los kimenetel\u0171 is lehet. A p\u00e1nikrohamok, a h\u00e1ny\u00e1sos epiz\u00f3dok \u00e9s a gyomorront\u00e1s a leggyakoribb mell\u00e9khat\u00e1sok. Az emelkedett v\u00e9rnyom\u00e1s \u00e9s pulzus extr\u00e9m esetekben sz\u00edvrohamot okozhat.<\/p>\n<h3>Befejez\u00e9s\u00fcl<\/h3>\n<p>Ami a ter\u00e1pi\u00e1s \u00e9s rekre\u00e1ci\u00f3s el\u0151ny\u00f6ket illeti, az azurscens hamarosan megel\u0151zheti az \u00f6sszes t\u00f6bbit. Sokoldal\u00fas\u00e1guk \u00e9s alacsony n\u00f6veked\u00e9si ig\u00e9ny\u00fck ide\u00e1liss\u00e1 teszi kezd\u0151 \u00e9s tapasztalt termel\u0151k sz\u00e1m\u00e1ra egyar\u00e1nt.<\/p>\n<p>Ezek a legjobb v\u00e1laszt\u00e1s, ha \u0151k a legjobb v\u00e1laszt\u00e1s, ha seg\u00edts\u00e9gre van sz\u00fcks\u00e9ge a f\u00fcgg\u0151s\u00e9g lek\u00fczd\u00e9s\u00e9ben \u00e9s m\u00e1s ment\u00e1lis eg\u00e9szs\u00e9g\u00fcgyi probl\u00e9m\u00e1k kezel\u00e9s\u00e9ben. V\u00e1lassz egy egyszer\u0171, de hat\u00e9kony m\u00f3dszert a magasra jut\u00e1shoz a gy\u00f3gyszerek alkalmaz\u00e1sa helyett. Mik\u00f6zben \u00e9lvezi ennek a gomb\u00e1nak az el\u0151nyeit, \u00fcgyeljen a lehets\u00e9ges mell\u00e9khat\u00e1sokra.<br \/>\nElad\u00f3: Az Azurescens psilocybe<br \/>\nPsilocybe Azurescens sp\u00f3r\u00e1k elad\u00f3k<br \/>\nSz\u00e1r\u00edtott psilocybe azurescens elad\u00f3.<\/p>","protected":false},"excerpt":{"rendered":"<p>Purchase Psilocybe Azurescens Online For Sale: Psilocybe Azurescens Among the 180 species of mushrooms in the Psilocybe genus, Psilocybe Azurescens grows in a variety of habitats. Other names for Psilocybe Azurscens include Flying Saucers, Indigo Psilocybe, Azzies, and Blue Angels. Since the initial finding was made in 1979, numerous articles about it have been published &hellip;<\/p>\n<p class=\"read-more\"> <a class=\"\" href=\"https:\/\/legitgrams.com\/hu\/termek\/psilocybe-azurescens\/\"> <span class=\"screen-reader-text\">Psilocybe Azurescens online megv\u00e1s\u00e1rl\u00e1sa<\/span> Olvass tov\u00e1bb \"<\/a><\/p>","protected":false},"featured_media":5242,"comment_status":"open","ping_status":"closed","template":"","meta":{"_uag_custom_page_level_css":"","site-sidebar-layout":"default","site-content-layout":"default","ast-global-header-display":"","ast-main-header-display":"","ast-hfb-above-header-display":"","ast-hfb-below-header-display":"","ast-hfb-mobile-header-display":"","site-post-title":"","ast-breadcrumbs-content":"","ast-featured-img":"","footer-sml-layout":"","theme-transparent-header-meta":"default","adv-header-id-meta":"","stick-header-meta":"default","header-above-stick-meta":"","header-main-stick-meta":"","header-below-stick-meta":"","_joinchat":[]},"product_brand":[],"product_cat":[599],"product_tag":[2049,2039,617,2031,2046,2043,2038,2036,2030,2033,2041,2032,2034,2044,2051,2052,2050,2042,2047,2048,2045,625,2037,2040,2035],"class_list":{"0":"post-4218","1":"product","2":"type-product","3":"status-publish","4":"has-post-thumbnail","6":"product_cat-psilocybin-or-magic-mushrooms","7":"product_tag-best-cheap-price-psilocybe-azurescens","8":"product_tag-best-place-to-buy-psilocybe-azurescens","9":"product_tag-bulk-online","10":"product_tag-buy-psilocybe-azurescens","11":"product_tag-cheap-psilocybe-azurescens","12":"product_tag-high-quality-psilocybe-azurescens","13":"product_tag-how-to-buy-psilocybe-azurescens","14":"product_tag-order-psilocybe-azurescens","15":"product_tag-psilocybe-azurescens","16":"product_tag-psilocybe-azurescens-for-sale","17":"product_tag-psilocybe-azurescens-legally","18":"product_tag-psilocybe-azurescens-online","19":"product_tag-psilocybe-azurescens-psilocybe-azurescens-supplier","20":"product_tag-psilocybe-azurescens-store","21":"product_tag-psilocybe-azurescens-use","22":"product_tag-psilocybe-azurescens-wiki","23":"product_tag-psilocybe-azurescens-worldwide","24":"product_tag-psilocybe-azurescensprice","25":"product_tag-psilocybe-azurescenss","26":"product_tag-purcharse-psilocybe-azurescens","27":"product_tag-shop-psilocybe-azurescens","28":"product_tag-top-quality","29":"product_tag-where-to-buy-psilocybe-azurescens","30":"product_tag-where-to-order-psilocybe-azurescens","31":"product_tag-wholesale-psilocybe-azurescens","32":"desktop-align-left","33":"tablet-align-left","34":"mobile-align-left","35":"ast-product-gallery-layout-horizontal","36":"ast-product-gallery-with-no-image","37":"ast-product-single-variable","38":"ast-product-tabs-layout-horizontal","39":"ast-qv-on-image","41":"first","42":"instock","43":"shipping-taxable","44":"purchasable","45":"product-type-variable"},"yoast_head":"<!-- This site is optimized with the Yoast SEO plugin v25.9 - https:\/\/yoast.com\/wordpress\/plugins\/seo\/ -->\n<title>Psilocybe Azurescens for Sale - Buy Psilocybe Azurescens Online<\/title>\n<meta name=\"description\" content=\"If you want to buy Psilocybe Azurescens online and looking for a reliable online shop, then buy here. We offer only high-quality Psilocybe Azurescens for sale at an affordable price. Order Psilocybe Azurescens Now!\" \/>\n<meta name=\"robots\" content=\"index, follow, max-snippet:-1, max-image-preview:large, max-video-preview:-1\" \/>\n<link rel=\"canonical\" href=\"https:\/\/legitgrams.com\/hu\/termek\/psilocybe-azurescens\/\" \/>\n<meta property=\"og:locale\" content=\"hu_HU\" \/>\n<meta property=\"og:type\" content=\"article\" \/>\n<meta property=\"og:title\" content=\"Psilocybe Azurescens for Sale - Buy Psilocybe Azurescens Online\" \/>\n<meta property=\"og:description\" content=\"If you want to buy Psilocybe Azurescens online and looking for a reliable online shop, then buy here. We offer only high-quality Psilocybe Azurescens for sale at an affordable price. Order Psilocybe Azurescens Now!\" \/>\n<meta property=\"og:url\" content=\"https:\/\/legitgrams.com\/hu\/termek\/psilocybe-azurescens\/\" \/>\n<meta property=\"og:site_name\" content=\"Legit Grams\" \/>\n<meta property=\"article:modified_time\" content=\"2025-04-03T10:49:23+00:00\" \/>\n<meta property=\"og:image\" content=\"https:\/\/legitgrams.com\/wp-content\/uploads\/2024\/09\/psilocybe-azurescens-onlinepsilocybin-or-magic-mushrooms.jpg\" \/>\n\t<meta property=\"og:image:width\" content=\"430\" \/>\n\t<meta property=\"og:image:height\" content=\"430\" \/>\n\t<meta property=\"og:image:type\" content=\"image\/jpeg\" \/>\n<meta name=\"twitter:card\" content=\"summary_large_image\" \/>\n<meta name=\"twitter:label1\" content=\"Becs\u00fclt olvas\u00e1si id\u0151\" \/>\n\t<meta name=\"twitter:data1\" content=\"4 perc\" \/>\n<script type=\"application\/ld+json\" class=\"yoast-schema-graph\">{\"@context\":\"https:\/\/schema.org\",\"@graph\":[{\"@type\":\"WebPage\",\"@id\":\"https:\/\/legitgrams.com\/product\/psilocybe-azurescens\/\",\"url\":\"https:\/\/legitgrams.com\/product\/psilocybe-azurescens\/\",\"name\":\"Psilocybe Azurescens for Sale - Buy Psilocybe Azurescens Online\",\"isPartOf\":{\"@id\":\"https:\/\/legitgrams.com\/#website\"},\"primaryImageOfPage\":{\"@id\":\"https:\/\/legitgrams.com\/product\/psilocybe-azurescens\/#primaryimage\"},\"image\":{\"@id\":\"https:\/\/legitgrams.com\/product\/psilocybe-azurescens\/#primaryimage\"},\"thumbnailUrl\":\"https:\/\/legitgrams.com\/wp-content\/uploads\/2024\/09\/psilocybe-azurescens-onlinepsilocybin-or-magic-mushrooms.jpg\",\"datePublished\":\"2024-09-22T06:05:19+00:00\",\"dateModified\":\"2025-04-03T10:49:23+00:00\",\"description\":\"If you want to buy Psilocybe Azurescens online and looking for a reliable online shop, then buy here. We offer only high-quality Psilocybe Azurescens for sale at an affordable price. Order Psilocybe Azurescens Now!\",\"breadcrumb\":{\"@id\":\"https:\/\/legitgrams.com\/product\/psilocybe-azurescens\/#breadcrumb\"},\"inLanguage\":\"hu\",\"potentialAction\":[{\"@type\":\"ReadAction\",\"target\":[\"https:\/\/legitgrams.com\/product\/psilocybe-azurescens\/\"]}]},{\"@type\":\"ImageObject\",\"inLanguage\":\"hu\",\"@id\":\"https:\/\/legitgrams.com\/product\/psilocybe-azurescens\/#primaryimage\",\"url\":\"https:\/\/legitgrams.com\/wp-content\/uploads\/2024\/09\/psilocybe-azurescens-onlinepsilocybin-or-magic-mushrooms.jpg\",\"contentUrl\":\"https:\/\/legitgrams.com\/wp-content\/uploads\/2024\/09\/psilocybe-azurescens-onlinepsilocybin-or-magic-mushrooms.jpg\",\"width\":430,\"height\":430,\"caption\":\"Psilocybe Azurescens for Sale\"},{\"@type\":\"BreadcrumbList\",\"@id\":\"https:\/\/legitgrams.com\/product\/psilocybe-azurescens\/#breadcrumb\",\"itemListElement\":[{\"@type\":\"ListItem\",\"position\":1,\"name\":\"Home\",\"item\":\"https:\/\/legitgrams.com\/\"},{\"@type\":\"ListItem\",\"position\":2,\"name\":\"Shop\",\"item\":\"https:\/\/legitgrams.com\/shop\/\"},{\"@type\":\"ListItem\",\"position\":3,\"name\":\"Buy Psilocybe Azurescens Online\"}]},{\"@type\":\"WebSite\",\"@id\":\"https:\/\/legitgrams.com\/#website\",\"url\":\"https:\/\/legitgrams.com\/\",\"name\":\"Legit Grams\",\"description\":\"My WordPress Blog\",\"publisher\":{\"@id\":\"https:\/\/legitgrams.com\/#organization\"},\"potentialAction\":[{\"@type\":\"SearchAction\",\"target\":{\"@type\":\"EntryPoint\",\"urlTemplate\":\"https:\/\/legitgrams.com\/?s={search_term_string}\"},\"query-input\":{\"@type\":\"PropertyValueSpecification\",\"valueRequired\":true,\"valueName\":\"search_term_string\"}}],\"inLanguage\":\"hu\"},{\"@type\":\"Organization\",\"@id\":\"https:\/\/legitgrams.com\/#organization\",\"name\":\"Legit Grams\",\"url\":\"https:\/\/legitgrams.com\/\",\"logo\":{\"@type\":\"ImageObject\",\"inLanguage\":\"hu\",\"@id\":\"https:\/\/legitgrams.com\/#\/schema\/logo\/image\/\",\"url\":\"https:\/\/legitgrams.com\/wp-content\/uploads\/2024\/09\/main-logo.png\",\"contentUrl\":\"https:\/\/legitgrams.com\/wp-content\/uploads\/2024\/09\/main-logo.png\",\"width\":270,\"height\":75,\"caption\":\"Legit Grams\"},\"image\":{\"@id\":\"https:\/\/legitgrams.com\/#\/schema\/logo\/image\/\"}}]}<\/script>\n<!-- \/ Yoast SEO plugin. -->","yoast_head_json":{"title":"Psilocybe Azurescens elad\u00f3 - Psilocybe Azurescens online v\u00e1s\u00e1rl\u00e1sa","description":"Ha szeretne v\u00e1s\u00e1rolni Psilocybe Azurescens online \u00e9s keres egy megb\u00edzhat\u00f3 online boltot, akkor v\u00e1s\u00e1roljon itt. Csak kiv\u00e1l\u00f3 min\u0151s\u00e9g\u0171 Psilocybe Azurescens elad\u00f3 megfizethet\u0151 \u00e1ron k\u00edn\u00e1lunk. Rendelje meg a Psilocybe Azurescens-t most!","robots":{"index":"index","follow":"follow","max-snippet":"max-snippet:-1","max-image-preview":"max-image-preview:large","max-video-preview":"max-video-preview:-1"},"canonical":"https:\/\/legitgrams.com\/hu\/termek\/psilocybe-azurescens\/","og_locale":"hu_HU","og_type":"article","og_title":"Psilocybe Azurescens for Sale - Buy Psilocybe Azurescens Online","og_description":"If you want to buy Psilocybe Azurescens online and looking for a reliable online shop, then buy here. We offer only high-quality Psilocybe Azurescens for sale at an affordable price. Order Psilocybe Azurescens Now!","og_url":"https:\/\/legitgrams.com\/hu\/termek\/psilocybe-azurescens\/","og_site_name":"Legit Grams","article_modified_time":"2025-04-03T10:49:23+00:00","og_image":[{"width":430,"height":430,"url":"https:\/\/legitgrams.com\/wp-content\/uploads\/2024\/09\/psilocybe-azurescens-onlinepsilocybin-or-magic-mushrooms.jpg","type":"image\/jpeg"}],"twitter_card":"summary_large_image","twitter_misc":{"Becs\u00fclt olvas\u00e1si id\u0151":"4 perc"},"schema":{"@context":"https:\/\/schema.org","@graph":[{"@type":"WebPage","@id":"https:\/\/legitgrams.com\/product\/psilocybe-azurescens\/","url":"https:\/\/legitgrams.com\/product\/psilocybe-azurescens\/","name":"Psilocybe Azurescens elad\u00f3 - Psilocybe Azurescens online v\u00e1s\u00e1rl\u00e1sa","isPartOf":{"@id":"https:\/\/legitgrams.com\/#website"},"primaryImageOfPage":{"@id":"https:\/\/legitgrams.com\/product\/psilocybe-azurescens\/#primaryimage"},"image":{"@id":"https:\/\/legitgrams.com\/product\/psilocybe-azurescens\/#primaryimage"},"thumbnailUrl":"https:\/\/legitgrams.com\/wp-content\/uploads\/2024\/09\/psilocybe-azurescens-onlinepsilocybin-or-magic-mushrooms.jpg","datePublished":"2024-09-22T06:05:19+00:00","dateModified":"2025-04-03T10:49:23+00:00","description":"Ha szeretne v\u00e1s\u00e1rolni Psilocybe Azurescens online \u00e9s keres egy megb\u00edzhat\u00f3 online boltot, akkor v\u00e1s\u00e1roljon itt. Csak kiv\u00e1l\u00f3 min\u0151s\u00e9g\u0171 Psilocybe Azurescens elad\u00f3 megfizethet\u0151 \u00e1ron k\u00edn\u00e1lunk. Rendelje meg a Psilocybe Azurescens-t most!","breadcrumb":{"@id":"https:\/\/legitgrams.com\/product\/psilocybe-azurescens\/#breadcrumb"},"inLanguage":"hu","potentialAction":[{"@type":"ReadAction","target":["https:\/\/legitgrams.com\/product\/psilocybe-azurescens\/"]}]},{"@type":"ImageObject","inLanguage":"hu","@id":"https:\/\/legitgrams.com\/product\/psilocybe-azurescens\/#primaryimage","url":"https:\/\/legitgrams.com\/wp-content\/uploads\/2024\/09\/psilocybe-azurescens-onlinepsilocybin-or-magic-mushrooms.jpg","contentUrl":"https:\/\/legitgrams.com\/wp-content\/uploads\/2024\/09\/psilocybe-azurescens-onlinepsilocybin-or-magic-mushrooms.jpg","width":430,"height":430,"caption":"Psilocybe Azurescens for Sale"},{"@type":"BreadcrumbList","@id":"https:\/\/legitgrams.com\/product\/psilocybe-azurescens\/#breadcrumb","itemListElement":[{"@type":"ListItem","position":1,"name":"Home","item":"https:\/\/legitgrams.com\/"},{"@type":"ListItem","position":2,"name":"Shop","item":"https:\/\/legitgrams.com\/shop\/"},{"@type":"ListItem","position":3,"name":"Buy Psilocybe Azurescens Online"}]},{"@type":"WebSite","@id":"https:\/\/legitgrams.com\/#website","url":"https:\/\/legitgrams.com\/","name":"Legit Grams","description":"Az \u00e9n WordPress blogom","publisher":{"@id":"https:\/\/legitgrams.com\/#organization"},"potentialAction":[{"@type":"SearchAction","target":{"@type":"EntryPoint","urlTemplate":"https:\/\/legitgrams.com\/?s={search_term_string}"},"query-input":{"@type":"PropertyValueSpecification","valueRequired":true,"valueName":"search_term_string"}}],"inLanguage":"hu"},{"@type":"Organization","@id":"https:\/\/legitgrams.com\/#organization","name":"Legit Grams","url":"https:\/\/legitgrams.com\/","logo":{"@type":"ImageObject","inLanguage":"hu","@id":"https:\/\/legitgrams.com\/#\/schema\/logo\/image\/","url":"https:\/\/legitgrams.com\/wp-content\/uploads\/2024\/09\/main-logo.png","contentUrl":"https:\/\/legitgrams.com\/wp-content\/uploads\/2024\/09\/main-logo.png","width":270,"height":75,"caption":"Legit Grams"},"image":{"@id":"https:\/\/legitgrams.com\/#\/schema\/logo\/image\/"}}]}},"uagb_featured_image_src":{"full":["https:\/\/legitgrams.com\/wp-content\/uploads\/2024\/09\/psilocybe-azurescens-onlinepsilocybin-or-magic-mushrooms.jpg",430,430,false],"thumbnail":["https:\/\/legitgrams.com\/wp-content\/uploads\/2024\/09\/psilocybe-azurescens-onlinepsilocybin-or-magic-mushrooms-150x150.jpg",150,150,true],"medium":["https:\/\/legitgrams.com\/wp-content\/uploads\/2024\/09\/psilocybe-azurescens-onlinepsilocybin-or-magic-mushrooms-300x300.jpg",300,300,true],"medium_large":["https:\/\/legitgrams.com\/wp-content\/uploads\/2024\/09\/psilocybe-azurescens-onlinepsilocybin-or-magic-mushrooms.jpg",430,430,false],"large":["https:\/\/legitgrams.com\/wp-content\/uploads\/2024\/09\/psilocybe-azurescens-onlinepsilocybin-or-magic-mushrooms.jpg",430,430,false],"1536x1536":["https:\/\/legitgrams.com\/wp-content\/uploads\/2024\/09\/psilocybe-azurescens-onlinepsilocybin-or-magic-mushrooms.jpg",430,430,false],"2048x2048":["https:\/\/legitgrams.com\/wp-content\/uploads\/2024\/09\/psilocybe-azurescens-onlinepsilocybin-or-magic-mushrooms.jpg",430,430,false],"trp-custom-language-flag":["https:\/\/legitgrams.com\/wp-content\/uploads\/2024\/09\/psilocybe-azurescens-onlinepsilocybin-or-magic-mushrooms-12x12.jpg",12,12,true],"woocommerce_thumbnail":["https:\/\/legitgrams.com\/wp-content\/uploads\/2024\/09\/psilocybe-azurescens-onlinepsilocybin-or-magic-mushrooms-300x300.jpg",300,300,true],"woocommerce_single":["https:\/\/legitgrams.com\/wp-content\/uploads\/2024\/09\/psilocybe-azurescens-onlinepsilocybin-or-magic-mushrooms.jpg",430,430,false],"woocommerce_gallery_thumbnail":["https:\/\/legitgrams.com\/wp-content\/uploads\/2024\/09\/psilocybe-azurescens-onlinepsilocybin-or-magic-mushrooms-100x100.jpg",100,100,true]},"uagb_author_info":{"display_name":"cokeblog18","author_link":"https:\/\/legitgrams.com\/hu\/author\/"},"uagb_comment_info":0,"uagb_excerpt":"Purchase Psilocybe Azurescens Online For Sale: Psilocybe Azurescens Among the 180 species of mushrooms in the Psilocybe genus, Psilocybe Azurescens grows in a variety of habitats. Other names for Psilocybe Azurscens include Flying Saucers, Indigo Psilocybe, Azzies, and Blue Angels. Since the initial finding was made in 1979, numerous articles about it have been published&hellip;","_links":{"self":[{"href":"https:\/\/legitgrams.com\/hu\/wp-json\/wp\/v2\/product\/4218","targetHints":{"allow":["GET"]}}],"collection":[{"href":"https:\/\/legitgrams.com\/hu\/wp-json\/wp\/v2\/product"}],"about":[{"href":"https:\/\/legitgrams.com\/hu\/wp-json\/wp\/v2\/types\/product"}],"replies":[{"embeddable":true,"href":"https:\/\/legitgrams.com\/hu\/wp-json\/wp\/v2\/comments?post=4218"}],"wp:featuredmedia":[{"embeddable":true,"href":"https:\/\/legitgrams.com\/hu\/wp-json\/wp\/v2\/media\/5242"}],"wp:attachment":[{"href":"https:\/\/legitgrams.com\/hu\/wp-json\/wp\/v2\/media?parent=4218"}],"wp:term":[{"taxonomy":"product_brand","embeddable":true,"href":"https:\/\/legitgrams.com\/hu\/wp-json\/wp\/v2\/product_brand?post=4218"},{"taxonomy":"product_cat","embeddable":true,"href":"https:\/\/legitgrams.com\/hu\/wp-json\/wp\/v2\/product_cat?post=4218"},{"taxonomy":"product_tag","embeddable":true,"href":"https:\/\/legitgrams.com\/hu\/wp-json\/wp\/v2\/product_tag?post=4218"}],"curies":[{"name":"wp","href":"https:\/\/api.w.org\/{rel}","templated":true}]}}