{"id":4221,"date":"2024-09-22T06:14:11","date_gmt":"2024-09-22T06:14:11","guid":{"rendered":"https:\/\/legitgrams.com\/?post_type=product&#038;p=4221"},"modified":"2025-04-03T10:22:11","modified_gmt":"2025-04-03T10:22:11","slug":"mdma-por","status":"publish","type":"product","link":"https:\/\/legitgrams.com\/hu\/termek\/mdma-por\/","title":{"rendered":"V\u00e1s\u00e1roljon MDMA port online"},"content":{"rendered":"<h2>V\u00e1s\u00e1roljon eredeti MDMA port online.<\/h2>\n<p>V\u00e1s\u00e1roljon eredetit <a href=\"https:\/\/legitgrams.com\/hu\/termek\/mdma-por\/\">MDMA por<\/a> online. N\u00e1lunk a legmagasabb min\u0151s\u00e9g\u0171 MDMA (Ecstasy\/Molly) por v\u00e1s\u00e1rolhat\u00f3 meg itt.<\/p>\n<p><a href=\"https:\/\/www.bing.com\/search?q=Buy%20MDMA%20Powder%20Online&amp;qs=n&amp;form=QBRE&amp;sp=-1&amp;lq=0&amp;pq=buy%20mdma%20powder%20online&amp;sc=0-22&amp;sk=&amp;cvid=535EEE1EF66F471792227A1FFBB85945&amp;ghsh=0&amp;ghacc=0&amp;ghpl=\">Pure MDMA powder<\/a> online megv\u00e1s\u00e1rolhat\u00f3. Az Ecstasy\/Molly por online is megv\u00e1s\u00e1rolhat\u00f3.<\/p>\n<p>Az amfetamin \u00e9s a metil\u00e9n-dioxi-fenetil-amin helyettes\u00edt\u0151jek\u00e9nt besorolt \u200b\u200bpszichoakt\u00edv k\u00e1b\u00edt\u00f3szer <a href=\"https:\/\/www.google.com\/search?q=Vsroljon+MDMA+port+online&amp;sca_esv=eddefdb7b92e7545&amp;sxsrf=AHTn8zpEV136oWr9jpwKBsx2Nv8u26Gnsw1743675998992&amp;ei=XmLuZ-KjPJyr0PEP8rromQo&amp;ved=0ahUKEwjiypek07uMAxWcFTQIHXIdOqMQ4dUDCBA&amp;uact=5&amp;oq=Vsroljon+MDMA+port+online&amp;gs_lp=Egxnd3Mtd2l6LXNlcnAiHVbDoXPDoXJvbGpvbiBNRE1BIHBvcnQgb25saW5lSKsEUABYAHAAeACQAQCYAY0DoAGNA6oBAzMtMbgBA8gBAPgBAvgBAZgCAKACAJgDAJIHAKAHUbIHALgHAA&amp;sclient=gws-wiz-serp\">MDMA<\/a> (t\u00e1rgyal\u00e1sos 3,4-metil\u00e9n-dioxi-metamfetamin), amely online megv\u00e1s\u00e1rolhat\u00f3. Legink\u00e1bb szimpatikus \u00e9s euf\u00f3rikus hat\u00e1sa miatt haszn\u00e1lj\u00e1k. Drog\u00e9ria: V\u00e1s\u00e1roljon MDMA tiszta port. Az MDMA szerotonint, noradrenalint \u00e9s dopamint szabad\u00edt fel amellett, hogy \u00fajrafelv\u00e9tel-g\u00e1tl\u00f3k\u00e9nt m\u0171k\u00f6dik. <a href=\"https:\/\/legitgrams.com\/hu\/\">LegitGrams<\/a> MDMA port k\u00edn\u00e1l online elad\u00e1sra.<\/p>\n<p>Az \u201eEcstasy\u201d kifejez\u00e9s (r\u00f6vid\u00edtve \u201eE\u201d, \u201eX\u201d vagy \u201eXTC\u201d) \u00e1ltal\u00e1ban az interneten \u00e1rult MDMA-ra utal, \u00e1ltal\u00e1ban a tabletta form\u00e1j\u00e1ra utal, mik\u00f6zben utalhat egy csal\u00e1rd kieg\u00e9sz\u00edt\u00e9s lehet\u0151s\u00e9g\u00e9re is.s<\/p>\n<p>Az \u201eelad\u00f3 \u2013 Mandy\u201d kifejez\u00e9s Az Egyes\u00fclt \u00c1llamokban \u00e9s az Egyes\u00fclt Kir\u00e1lys\u00e1gban a \u201eMolly for sale\u201d kifejez\u00e9s az MDMA-t olyan krist\u00e1lyos pork\u00e9nt \u00edrja le, amely t\u00f6bbnyire mentes hamis\u00edtott \u00f6sszetev\u0151kt\u0151l. El\u0151fordulhat, hogy Molly hasonl\u00f3 gy\u00f3gyszerekr\u0151l besz\u00e9l, mint p\u00e9ld\u00e1ul a mefedron, a metilon, por\u00edtott, tiszta MDMA v\u00e1s\u00e1rl\u00e1sa, MDPV online v\u00e1s\u00e1rl\u00e1sa, vagy a f\u00fcrd\u0151s\u00f3knak nevezett farmakol\u00f3giai vegyszerek b\u00e1rmely m\u00e1s oszt\u00e1lya.<\/p>\n<p>V\u00e1s\u00e1rl\u00e1s <a href=\"https:\/\/duckduckgo.com\/?q=Vsroljon+MDMA+port+online&amp;t=h_\">pure MDMA powder<\/a> online, tiszta v\u00e1s\u00e1rl\u00e1s <a href=\"https:\/\/en.wikipedia.org\/wiki\/MDMA\">MDMA<\/a> por az USA-ban, tiszta MDMA por online v\u00e1s\u00e1rl\u00e1sa az USA-ban, hol v\u00e1s\u00e1rolhat tiszta MDMA port, hol v\u00e1s\u00e1rolhat tiszta MDMA port a k\u00f6zelben, hol v\u00e1s\u00e1rolhat tiszta MDMA port, hol v\u00e1s\u00e1rolhat tiszta MDMA port az USA-ban, Kanad\u00e1ban \u00e9s az Egyes\u00fclt Kir\u00e1lys\u00e1gban , Hol v\u00e1s\u00e1rolhat tiszta MDMA port online, besz\u00e1ll\u00edt\u00f3k, biztons\u00e1gos sz\u00e1ll\u00edt\u00e1s A tiszta MDMA por tov\u00e1bbra is beszerezhet\u0151 bizonyos m\u00f3dokon, bele\u00e9rtve pl. kital\u00e1lni, hogyan rendelje meg, vagy hogy leg\u00e1lis-e online v\u00e1s\u00e1rolni az Egyes\u00fclt \u00c1llamokban. Kanada enged\u00e9lyezi a tiszta MDMA por haszn\u00e1lat\u00e1t?<\/p>\n<h2><\/h2>\n<h2><\/h2>\n<p>&nbsp;<\/p>","protected":false},"excerpt":{"rendered":"<p>Purchase genuine MDMA powder online. Buy genuine MDMA powder online. We have the highest grade MDMA (Ecstasy\/Molly) Powder available for purchase here. Pure MDMA powder can be purchased online. It is possible to buy Ecstasy\/Molly Powder online. A psychoactive drug categorized as an amphetamine and methylenedioxyphenethylamine substitute is MDMA (negotiated 3,4-methylenedioxy-methamphetamine), which may be purchased &hellip;<\/p>\n<p class=\"read-more\"> <a class=\"\" href=\"https:\/\/legitgrams.com\/hu\/termek\/mdma-por\/\"> <span class=\"screen-reader-text\">V\u00e1s\u00e1roljon MDMA port online<\/span> Olvass tov\u00e1bb \"<\/a><\/p>","protected":false},"featured_media":5301,"comment_status":"open","ping_status":"closed","template":"","meta":{"_uag_custom_page_level_css":"","site-sidebar-layout":"default","site-content-layout":"default","ast-global-header-display":"","ast-main-header-display":"","ast-hfb-above-header-display":"","ast-hfb-below-header-display":"","ast-hfb-mobile-header-display":"","site-post-title":"","ast-breadcrumbs-content":"","ast-featured-img":"","footer-sml-layout":"","theme-transparent-header-meta":"default","adv-header-id-meta":"","stick-header-meta":"default","header-above-stick-meta":"","header-main-stick-meta":"","header-below-stick-meta":"","_joinchat":[]},"product_brand":[],"product_cat":[600],"product_tag":[1980,1970,617,1962,1977,1974,1969,1961,1964,1972,1965,1963,1975,1982,1983,1981,1973,1978,1967,1979,1976,625,1968,1971,1966],"class_list":{"0":"post-4221","1":"product","2":"type-product","3":"status-publish","4":"has-post-thumbnail","6":"product_cat-research-chemicals-and-bath-salt","7":"product_tag-best-cheap-price-mdma-powder","8":"product_tag-best-place-to-buy-mdma-powder","9":"product_tag-bulk-online","10":"product_tag-buy-mdma-powder","11":"product_tag-cheap-mdma-powder","12":"product_tag-high-quality-mdma-powder","13":"product_tag-how-to-buy-mdma-powder","14":"product_tag-mdma-powder","15":"product_tag-mdma-powder-for-sale","16":"product_tag-mdma-powder-legally","17":"product_tag-mdma-powder-mdma-powder-supplier","18":"product_tag-mdma-powder-online","19":"product_tag-mdma-powder-store","20":"product_tag-mdma-powder-use","21":"product_tag-mdma-powder-wiki","22":"product_tag-mdma-powder-worldwide","23":"product_tag-mdma-powderprice","24":"product_tag-mdma-powders","25":"product_tag-order-mdma-powder","26":"product_tag-purcharse-mdma-powder","27":"product_tag-shop-mdma-powder","28":"product_tag-top-quality","29":"product_tag-where-to-buy-mdma-powder","30":"product_tag-where-to-order-mdma-powder","31":"product_tag-wholesale-mdma-powder","32":"desktop-align-left","33":"tablet-align-left","34":"mobile-align-left","35":"ast-product-gallery-layout-horizontal","36":"ast-product-gallery-with-no-image","37":"ast-product-single-variable","38":"ast-product-tabs-layout-horizontal","39":"ast-qv-on-image","41":"first","42":"instock","43":"shipping-taxable","44":"purchasable","45":"product-type-variable"},"yoast_head":"<!-- This site is optimized with the Yoast SEO plugin v25.9 - https:\/\/yoast.com\/wordpress\/plugins\/seo\/ -->\n<title>MDMA Powder for Sale - Buy MDMA Powder Online | LegitGrams<\/title>\n<meta name=\"description\" content=\"Looking to buy MDMA powder online at a reasonable price? Visit our reputable Legitgrams online store and get MDMA powder for sale today. Place an order now!\" \/>\n<meta name=\"robots\" content=\"index, follow, max-snippet:-1, max-image-preview:large, max-video-preview:-1\" \/>\n<link rel=\"canonical\" href=\"https:\/\/legitgrams.com\/hu\/termek\/mdma-por\/\" \/>\n<meta property=\"og:locale\" content=\"hu_HU\" \/>\n<meta property=\"og:type\" content=\"article\" \/>\n<meta property=\"og:title\" content=\"MDMA Powder for Sale - Buy MDMA Powder Online | LegitGrams\" \/>\n<meta property=\"og:description\" content=\"Looking to buy MDMA powder online at a reasonable price? Visit our reputable Legitgrams online store and get MDMA powder for sale today. Place an order now!\" \/>\n<meta property=\"og:url\" content=\"https:\/\/legitgrams.com\/hu\/termek\/mdma-por\/\" \/>\n<meta property=\"og:site_name\" content=\"Legit Grams\" \/>\n<meta property=\"article:modified_time\" content=\"2025-04-03T10:22:11+00:00\" \/>\n<meta property=\"og:image\" content=\"https:\/\/legitgrams.com\/wp-content\/uploads\/2024\/09\/Buy-pure-MDMA-powder-online.jpg\" \/>\n\t<meta property=\"og:image:width\" content=\"600\" \/>\n\t<meta property=\"og:image:height\" content=\"600\" \/>\n\t<meta property=\"og:image:type\" content=\"image\/jpeg\" \/>\n<meta name=\"twitter:card\" content=\"summary_large_image\" \/>\n<meta name=\"twitter:label1\" content=\"Becs\u00fclt olvas\u00e1si id\u0151\" \/>\n\t<meta name=\"twitter:data1\" content=\"2 perc\" \/>\n<script type=\"application\/ld+json\" class=\"yoast-schema-graph\">{\"@context\":\"https:\/\/schema.org\",\"@graph\":[{\"@type\":\"WebPage\",\"@id\":\"https:\/\/legitgrams.com\/product\/mdma-powder\/\",\"url\":\"https:\/\/legitgrams.com\/product\/mdma-powder\/\",\"name\":\"MDMA Powder for Sale - Buy MDMA Powder Online | LegitGrams\",\"isPartOf\":{\"@id\":\"https:\/\/legitgrams.com\/#website\"},\"primaryImageOfPage\":{\"@id\":\"https:\/\/legitgrams.com\/product\/mdma-powder\/#primaryimage\"},\"image\":{\"@id\":\"https:\/\/legitgrams.com\/product\/mdma-powder\/#primaryimage\"},\"thumbnailUrl\":\"https:\/\/legitgrams.com\/wp-content\/uploads\/2024\/09\/Buy-pure-MDMA-powder-online.jpg\",\"datePublished\":\"2024-09-22T06:14:11+00:00\",\"dateModified\":\"2025-04-03T10:22:11+00:00\",\"description\":\"Looking to buy MDMA powder online at a reasonable price? Visit our reputable Legitgrams online store and get MDMA powder for sale today. Place an order now!\",\"breadcrumb\":{\"@id\":\"https:\/\/legitgrams.com\/product\/mdma-powder\/#breadcrumb\"},\"inLanguage\":\"hu\",\"potentialAction\":[{\"@type\":\"ReadAction\",\"target\":[\"https:\/\/legitgrams.com\/product\/mdma-powder\/\"]}]},{\"@type\":\"ImageObject\",\"inLanguage\":\"hu\",\"@id\":\"https:\/\/legitgrams.com\/product\/mdma-powder\/#primaryimage\",\"url\":\"https:\/\/legitgrams.com\/wp-content\/uploads\/2024\/09\/Buy-pure-MDMA-powder-online.jpg\",\"contentUrl\":\"https:\/\/legitgrams.com\/wp-content\/uploads\/2024\/09\/Buy-pure-MDMA-powder-online.jpg\",\"width\":600,\"height\":600,\"caption\":\"MDMA Powder for Sale\"},{\"@type\":\"BreadcrumbList\",\"@id\":\"https:\/\/legitgrams.com\/product\/mdma-powder\/#breadcrumb\",\"itemListElement\":[{\"@type\":\"ListItem\",\"position\":1,\"name\":\"Home\",\"item\":\"https:\/\/legitgrams.com\/\"},{\"@type\":\"ListItem\",\"position\":2,\"name\":\"Shop\",\"item\":\"https:\/\/legitgrams.com\/shop\/\"},{\"@type\":\"ListItem\",\"position\":3,\"name\":\"Buy MDMA Powder Online\"}]},{\"@type\":\"WebSite\",\"@id\":\"https:\/\/legitgrams.com\/#website\",\"url\":\"https:\/\/legitgrams.com\/\",\"name\":\"Legit Grams\",\"description\":\"My WordPress Blog\",\"publisher\":{\"@id\":\"https:\/\/legitgrams.com\/#organization\"},\"potentialAction\":[{\"@type\":\"SearchAction\",\"target\":{\"@type\":\"EntryPoint\",\"urlTemplate\":\"https:\/\/legitgrams.com\/?s={search_term_string}\"},\"query-input\":{\"@type\":\"PropertyValueSpecification\",\"valueRequired\":true,\"valueName\":\"search_term_string\"}}],\"inLanguage\":\"hu\"},{\"@type\":\"Organization\",\"@id\":\"https:\/\/legitgrams.com\/#organization\",\"name\":\"Legit Grams\",\"url\":\"https:\/\/legitgrams.com\/\",\"logo\":{\"@type\":\"ImageObject\",\"inLanguage\":\"hu\",\"@id\":\"https:\/\/legitgrams.com\/#\/schema\/logo\/image\/\",\"url\":\"https:\/\/legitgrams.com\/wp-content\/uploads\/2024\/09\/main-logo.png\",\"contentUrl\":\"https:\/\/legitgrams.com\/wp-content\/uploads\/2024\/09\/main-logo.png\",\"width\":270,\"height\":75,\"caption\":\"Legit Grams\"},\"image\":{\"@id\":\"https:\/\/legitgrams.com\/#\/schema\/logo\/image\/\"}}]}<\/script>\n<!-- \/ Yoast SEO plugin. -->","yoast_head_json":{"title":"MDMA por elad\u00f3 - MDMA por online v\u00e1s\u00e1rl\u00e1sa | LegitGrams","description":"Szeretn\u00e9 megv\u00e1s\u00e1rolni az MDMA port online, elfogadhat\u00f3 \u00e1ron? L\u00e1togasson el a j\u00f3 h\u00edr\u0171 Legitgrams online \u00e1ruh\u00e1zunkba, \u00e9s szerezzen MDMA por elad\u00f3 ma. Rendeljen most!","robots":{"index":"index","follow":"follow","max-snippet":"max-snippet:-1","max-image-preview":"max-image-preview:large","max-video-preview":"max-video-preview:-1"},"canonical":"https:\/\/legitgrams.com\/hu\/termek\/mdma-por\/","og_locale":"hu_HU","og_type":"article","og_title":"MDMA Powder for Sale - Buy MDMA Powder Online | LegitGrams","og_description":"Looking to buy MDMA powder online at a reasonable price? Visit our reputable Legitgrams online store and get MDMA powder for sale today. Place an order now!","og_url":"https:\/\/legitgrams.com\/hu\/termek\/mdma-por\/","og_site_name":"Legit Grams","article_modified_time":"2025-04-03T10:22:11+00:00","og_image":[{"width":600,"height":600,"url":"https:\/\/legitgrams.com\/wp-content\/uploads\/2024\/09\/Buy-pure-MDMA-powder-online.jpg","type":"image\/jpeg"}],"twitter_card":"summary_large_image","twitter_misc":{"Becs\u00fclt olvas\u00e1si id\u0151":"2 perc"},"schema":{"@context":"https:\/\/schema.org","@graph":[{"@type":"WebPage","@id":"https:\/\/legitgrams.com\/product\/mdma-powder\/","url":"https:\/\/legitgrams.com\/product\/mdma-powder\/","name":"MDMA por elad\u00f3 - MDMA por online v\u00e1s\u00e1rl\u00e1sa | LegitGrams","isPartOf":{"@id":"https:\/\/legitgrams.com\/#website"},"primaryImageOfPage":{"@id":"https:\/\/legitgrams.com\/product\/mdma-powder\/#primaryimage"},"image":{"@id":"https:\/\/legitgrams.com\/product\/mdma-powder\/#primaryimage"},"thumbnailUrl":"https:\/\/legitgrams.com\/wp-content\/uploads\/2024\/09\/Buy-pure-MDMA-powder-online.jpg","datePublished":"2024-09-22T06:14:11+00:00","dateModified":"2025-04-03T10:22:11+00:00","description":"Szeretn\u00e9 megv\u00e1s\u00e1rolni az MDMA port online, elfogadhat\u00f3 \u00e1ron? L\u00e1togasson el a j\u00f3 h\u00edr\u0171 Legitgrams online \u00e1ruh\u00e1zunkba, \u00e9s szerezzen MDMA por elad\u00f3 ma. Rendeljen most!","breadcrumb":{"@id":"https:\/\/legitgrams.com\/product\/mdma-powder\/#breadcrumb"},"inLanguage":"hu","potentialAction":[{"@type":"ReadAction","target":["https:\/\/legitgrams.com\/product\/mdma-powder\/"]}]},{"@type":"ImageObject","inLanguage":"hu","@id":"https:\/\/legitgrams.com\/product\/mdma-powder\/#primaryimage","url":"https:\/\/legitgrams.com\/wp-content\/uploads\/2024\/09\/Buy-pure-MDMA-powder-online.jpg","contentUrl":"https:\/\/legitgrams.com\/wp-content\/uploads\/2024\/09\/Buy-pure-MDMA-powder-online.jpg","width":600,"height":600,"caption":"MDMA Powder for Sale"},{"@type":"BreadcrumbList","@id":"https:\/\/legitgrams.com\/product\/mdma-powder\/#breadcrumb","itemListElement":[{"@type":"ListItem","position":1,"name":"Home","item":"https:\/\/legitgrams.com\/"},{"@type":"ListItem","position":2,"name":"Shop","item":"https:\/\/legitgrams.com\/shop\/"},{"@type":"ListItem","position":3,"name":"Buy MDMA Powder Online"}]},{"@type":"WebSite","@id":"https:\/\/legitgrams.com\/#website","url":"https:\/\/legitgrams.com\/","name":"Legit Grams","description":"Az \u00e9n WordPress blogom","publisher":{"@id":"https:\/\/legitgrams.com\/#organization"},"potentialAction":[{"@type":"SearchAction","target":{"@type":"EntryPoint","urlTemplate":"https:\/\/legitgrams.com\/?s={search_term_string}"},"query-input":{"@type":"PropertyValueSpecification","valueRequired":true,"valueName":"search_term_string"}}],"inLanguage":"hu"},{"@type":"Organization","@id":"https:\/\/legitgrams.com\/#organization","name":"Legit Grams","url":"https:\/\/legitgrams.com\/","logo":{"@type":"ImageObject","inLanguage":"hu","@id":"https:\/\/legitgrams.com\/#\/schema\/logo\/image\/","url":"https:\/\/legitgrams.com\/wp-content\/uploads\/2024\/09\/main-logo.png","contentUrl":"https:\/\/legitgrams.com\/wp-content\/uploads\/2024\/09\/main-logo.png","width":270,"height":75,"caption":"Legit Grams"},"image":{"@id":"https:\/\/legitgrams.com\/#\/schema\/logo\/image\/"}}]}},"uagb_featured_image_src":{"full":["https:\/\/legitgrams.com\/wp-content\/uploads\/2024\/09\/Buy-pure-MDMA-powder-online.jpg",600,600,false],"thumbnail":["https:\/\/legitgrams.com\/wp-content\/uploads\/2024\/09\/Buy-pure-MDMA-powder-online-150x150.jpg",150,150,true],"medium":["https:\/\/legitgrams.com\/wp-content\/uploads\/2024\/09\/Buy-pure-MDMA-powder-online-300x300.jpg",300,300,true],"medium_large":["https:\/\/legitgrams.com\/wp-content\/uploads\/2024\/09\/Buy-pure-MDMA-powder-online.jpg",600,600,false],"large":["https:\/\/legitgrams.com\/wp-content\/uploads\/2024\/09\/Buy-pure-MDMA-powder-online.jpg",600,600,false],"1536x1536":["https:\/\/legitgrams.com\/wp-content\/uploads\/2024\/09\/Buy-pure-MDMA-powder-online.jpg",600,600,false],"2048x2048":["https:\/\/legitgrams.com\/wp-content\/uploads\/2024\/09\/Buy-pure-MDMA-powder-online.jpg",600,600,false],"trp-custom-language-flag":["https:\/\/legitgrams.com\/wp-content\/uploads\/2024\/09\/Buy-pure-MDMA-powder-online-12x12.jpg",12,12,true],"woocommerce_thumbnail":["https:\/\/legitgrams.com\/wp-content\/uploads\/2024\/09\/Buy-pure-MDMA-powder-online-300x300.jpg",300,300,true],"woocommerce_single":["https:\/\/legitgrams.com\/wp-content\/uploads\/2024\/09\/Buy-pure-MDMA-powder-online.jpg",600,600,false],"woocommerce_gallery_thumbnail":["https:\/\/legitgrams.com\/wp-content\/uploads\/2024\/09\/Buy-pure-MDMA-powder-online-100x100.jpg",100,100,true]},"uagb_author_info":{"display_name":"cokeblog18","author_link":"https:\/\/legitgrams.com\/hu\/author\/"},"uagb_comment_info":0,"uagb_excerpt":"Purchase genuine MDMA powder online. Buy genuine MDMA powder online. We have the highest grade MDMA (Ecstasy\/Molly) Powder available for purchase here. Pure MDMA powder can be purchased online. It is possible to buy Ecstasy\/Molly Powder online. A psychoactive drug categorized as an amphetamine and methylenedioxyphenethylamine substitute is MDMA (negotiated 3,4-methylenedioxy-methamphetamine), which may be purchased&hellip;","_links":{"self":[{"href":"https:\/\/legitgrams.com\/hu\/wp-json\/wp\/v2\/product\/4221","targetHints":{"allow":["GET"]}}],"collection":[{"href":"https:\/\/legitgrams.com\/hu\/wp-json\/wp\/v2\/product"}],"about":[{"href":"https:\/\/legitgrams.com\/hu\/wp-json\/wp\/v2\/types\/product"}],"replies":[{"embeddable":true,"href":"https:\/\/legitgrams.com\/hu\/wp-json\/wp\/v2\/comments?post=4221"}],"wp:featuredmedia":[{"embeddable":true,"href":"https:\/\/legitgrams.com\/hu\/wp-json\/wp\/v2\/media\/5301"}],"wp:attachment":[{"href":"https:\/\/legitgrams.com\/hu\/wp-json\/wp\/v2\/media?parent=4221"}],"wp:term":[{"taxonomy":"product_brand","embeddable":true,"href":"https:\/\/legitgrams.com\/hu\/wp-json\/wp\/v2\/product_brand?post=4221"},{"taxonomy":"product_cat","embeddable":true,"href":"https:\/\/legitgrams.com\/hu\/wp-json\/wp\/v2\/product_cat?post=4221"},{"taxonomy":"product_tag","embeddable":true,"href":"https:\/\/legitgrams.com\/hu\/wp-json\/wp\/v2\/product_tag?post=4221"}],"curies":[{"name":"wp","href":"https:\/\/api.w.org\/{rel}","templated":true}]}}