{"id":4224,"date":"2024-09-22T06:42:05","date_gmt":"2024-09-22T06:42:05","guid":{"rendered":"https:\/\/legitgrams.com\/?post_type=product&#038;p=4224"},"modified":"2025-01-14T10:48:58","modified_gmt":"2025-01-14T10:48:58","slug":"pump-it-furdoso","status":"publish","type":"product","link":"https:\/\/legitgrams.com\/hu\/termek\/pump-it-furdoso\/","title":{"rendered":"Pump It f\u00fcrd\u0151s\u00f3"},"content":{"rendered":"<h2>V\u00e1s\u00e1roljon Pump-It f\u00fcrd\u0151s\u00f3t online: Mi az a Pump-It por?s<\/h2>\n<p>Szintetikus drogok, az \u00fagynevezett <a href=\"https:\/\/legitgrams.com\/hu\/termek\/pump-it-furdoso\/\">Pump-It por<\/a> a tiltott f\u00fcrd\u0151s\u00f3k helyettes\u00edt\u00e9s\u00e9re \u00e1rulj\u00e1k. A Pump-It port tov\u00e1bbfejlesztett n\u00f6v\u00e9nyi vitamink\u00e9nt rekl\u00e1mozz\u00e1k, \u00e9s a nagyobb kiskeresked\u00e9sekben \u00e9s benzinkutakon kaphat\u00f3. \"Nem emberi eredet\u0171nek\" min\u0151s\u00fcl. A stimul\u00e1ns hat\u00e1s, amit a gy\u00f3gyszer a haszn\u00e1l\u00f3j\u00e1nak ad, innen ered a neve.<\/p>\n<p>A pump-it porok vissza\u00e9l\u0151i jellemz\u0151en szippant\u00e1sra, injekci\u00f3z\u00e1sra vagy sz\u00edv\u00e1sra haszn\u00e1lj\u00e1k \u0151ket. Ezek a porok jellemz\u0151en kis m\u0171anyag dobozokba vannak csomagolva. A v\u00e1s\u00e1rl\u00f3k kokain, metamfetamin \u00e9s n\u00e9h\u00e1ny f\u00fcrd\u0151s\u00f3 haszn\u00e1lat\u00e1r\u00f3l sz\u00e1molnak be mell\u00e9khat\u00e1sk\u00e9nt. <a href=\"https:\/\/legitgrams.com\/hu\/\">LegitGrams<\/a><\/p>\n<p>Pump It f\u00fcrd\u0151s\u00f3 online: <a href=\"https:\/\/en.wikipedia.org\/wiki\/Bath_salts\">Pump It f\u00fcrd\u0151s\u00f3<\/a> megv\u00e1s\u00e1rolhat\u00f3 online, az USA-ban, ahol Pump It f\u00fcrd\u0151s\u00f3, \u00e9s pumpa n\u00e9lk\u00fcl, f\u00fcrd\u0151s\u00f3: Pump It Bath Salt elad\u00f3, v\u00e1s\u00e1rl\u00e1s Pump It Bath Salt online a k\u00f6zelemben, v\u00e1s\u00e1rl\u00e1s Pump It Bath Salt elad\u00f3 az USA-ban, Kanad\u00e1ban, az Egyes\u00fclt Kir\u00e1lys\u00e1gban, v\u00e1s\u00e1rl\u00e1s, online, besz\u00e1ll\u00edt\u00f3k, biztons\u00e1gos sz\u00e1ll\u00edt\u00e1s, hol lehet megv\u00e1s\u00e1rolni Pump It Bath Salt online, Pump It Bath Salt m\u00e9g mindig el\u00e9rhet\u0151. Megszerezheti Pump It Bath Salt online, megtudhatja, hogy leg\u00e1lis-e Kanad\u00e1ban, \u00e9s megn\u00e9zheti, hogy leg\u00e1lis-e az Egyes\u00fclt \u00c1llamokban.<\/p>","protected":false},"excerpt":{"rendered":"<p>Purchase Pump-It Bath Salt Online: What Is Pump-It Powder? Synthetic drugs called Pump-It powder are sold to take the place of illicit bath salts. Pump-It powder is touted as an enhanced plant vitamin and is available at major retailers and gas stations. It is classified as &#8220;non-human.&#8221; The stimulant impact that the medicine gives its &hellip;<\/p>\n<p class=\"read-more\"> <a class=\"\" href=\"https:\/\/legitgrams.com\/hu\/termek\/pump-it-furdoso\/\"> <span class=\"screen-reader-text\">Pump It f\u00fcrd\u0151s\u00f3<\/span> Olvass tov\u00e1bb \"<\/a><\/p>","protected":false},"featured_media":5296,"comment_status":"open","ping_status":"closed","template":"","meta":{"_uag_custom_page_level_css":"","site-sidebar-layout":"default","site-content-layout":"default","ast-global-header-display":"","ast-main-header-display":"","ast-hfb-above-header-display":"","ast-hfb-below-header-display":"","ast-hfb-mobile-header-display":"","site-post-title":"","ast-breadcrumbs-content":"","ast-featured-img":"","footer-sml-layout":"","theme-transparent-header-meta":"default","adv-header-id-meta":"","stick-header-meta":"default","header-above-stick-meta":"","header-main-stick-meta":"","header-below-stick-meta":"","_joinchat":[]},"product_brand":[],"product_cat":[600],"product_tag":[1773,1763,617,1755,1770,1767,1762,1760,1754,1757,1765,1756,1758,1768,1775,1776,1774,1766,1771,1772,1769,625,1761,1764,1759],"class_list":{"0":"post-4224","1":"product","2":"type-product","3":"status-publish","4":"has-post-thumbnail","6":"product_cat-research-chemicals-and-bath-salt","7":"product_tag-best-cheap-price-pump-it-bath-salt","8":"product_tag-best-place-to-buy-pump-it-bath-salt","9":"product_tag-bulk-online","10":"product_tag-buy-pump-it-bath-salt","11":"product_tag-cheap-pump-it-bath-salt","12":"product_tag-high-quality-pump-it-bath-salt","13":"product_tag-how-to-buy-pump-it-bath-salt","14":"product_tag-order-pump-it-bath-salt","15":"product_tag-pump-it-bath-salt","16":"product_tag-pump-it-bath-salt-for-sale","17":"product_tag-pump-it-bath-salt-legally","18":"product_tag-pump-it-bath-salt-online","19":"product_tag-pump-it-bath-salt-pump-it-bath-salt-supplier","20":"product_tag-pump-it-bath-salt-store","21":"product_tag-pump-it-bath-salt-use","22":"product_tag-pump-it-bath-salt-wiki","23":"product_tag-pump-it-bath-salt-worldwide","24":"product_tag-pump-it-bath-saltprice","25":"product_tag-pump-it-bath-salts","26":"product_tag-purcharse-pump-it-bath-salt","27":"product_tag-shop-pump-it-bath-salt","28":"product_tag-top-quality","29":"product_tag-where-to-buy-pump-it-bath-salt","30":"product_tag-where-to-order-pump-it-bath-salt","31":"product_tag-wholesale-pump-it-bath-salt","32":"desktop-align-left","33":"tablet-align-left","34":"mobile-align-left","35":"ast-product-gallery-layout-horizontal","36":"ast-product-gallery-with-no-image","37":"ast-product-single-variable","38":"ast-product-tabs-layout-horizontal","39":"ast-qv-on-image","41":"first","42":"instock","43":"shipping-taxable","44":"purchasable","45":"product-type-variable"},"yoast_head":"<!-- This site is optimized with the Yoast SEO plugin v25.9 - https:\/\/yoast.com\/wordpress\/plugins\/seo\/ -->\n<title>Pump It Bath Salt for Sale - Buy Pump It Bath Salt Online<\/title>\n<meta name=\"description\" content=\"Looking for a reliable source to buy pump it bath salt online? Your search ends here. Order pump it bath salt online from our trusted store and enjoy a seamless buying process tailored for your research needs.\" \/>\n<meta name=\"robots\" content=\"index, follow, max-snippet:-1, max-image-preview:large, max-video-preview:-1\" \/>\n<link rel=\"canonical\" href=\"https:\/\/legitgrams.com\/hu\/termek\/pump-it-furdoso\/\" \/>\n<meta property=\"og:locale\" content=\"hu_HU\" \/>\n<meta property=\"og:type\" content=\"article\" \/>\n<meta property=\"og:title\" content=\"Pump It Bath Salt for Sale - Buy Pump It Bath Salt Online\" \/>\n<meta property=\"og:description\" content=\"Looking for a reliable source to buy pump it bath salt online? Your search ends here. Order pump it bath salt online from our trusted store and enjoy a seamless buying process tailored for your research needs.\" \/>\n<meta property=\"og:url\" content=\"https:\/\/legitgrams.com\/hu\/termek\/pump-it-furdoso\/\" \/>\n<meta property=\"og:site_name\" content=\"Legit Grams\" \/>\n<meta property=\"article:modified_time\" content=\"2025-01-14T10:48:58+00:00\" \/>\n<meta property=\"og:image\" content=\"https:\/\/legitgrams.com\/wp-content\/uploads\/2024\/09\/buy-pump-it-bath-salt-online.jpg\" \/>\n\t<meta property=\"og:image:width\" content=\"600\" \/>\n\t<meta property=\"og:image:height\" content=\"600\" \/>\n\t<meta property=\"og:image:type\" content=\"image\/jpeg\" \/>\n<meta name=\"twitter:card\" content=\"summary_large_image\" \/>\n<meta name=\"twitter:label1\" content=\"Becs\u00fclt olvas\u00e1si id\u0151\" \/>\n\t<meta name=\"twitter:data1\" content=\"2 perc\" \/>\n<script type=\"application\/ld+json\" class=\"yoast-schema-graph\">{\"@context\":\"https:\/\/schema.org\",\"@graph\":[{\"@type\":\"WebPage\",\"@id\":\"https:\/\/legitgrams.com\/product\/pump-it-bath-salt\/\",\"url\":\"https:\/\/legitgrams.com\/product\/pump-it-bath-salt\/\",\"name\":\"Pump It Bath Salt for Sale - Buy Pump It Bath Salt Online\",\"isPartOf\":{\"@id\":\"https:\/\/legitgrams.com\/#website\"},\"primaryImageOfPage\":{\"@id\":\"https:\/\/legitgrams.com\/product\/pump-it-bath-salt\/#primaryimage\"},\"image\":{\"@id\":\"https:\/\/legitgrams.com\/product\/pump-it-bath-salt\/#primaryimage\"},\"thumbnailUrl\":\"https:\/\/legitgrams.com\/wp-content\/uploads\/2024\/09\/buy-pump-it-bath-salt-online.jpg\",\"datePublished\":\"2024-09-22T06:42:05+00:00\",\"dateModified\":\"2025-01-14T10:48:58+00:00\",\"description\":\"Looking for a reliable source to buy pump it bath salt online? Your search ends here. Order pump it bath salt online from our trusted store and enjoy a seamless buying process tailored for your research needs.\",\"breadcrumb\":{\"@id\":\"https:\/\/legitgrams.com\/product\/pump-it-bath-salt\/#breadcrumb\"},\"inLanguage\":\"hu\",\"potentialAction\":[{\"@type\":\"ReadAction\",\"target\":[\"https:\/\/legitgrams.com\/product\/pump-it-bath-salt\/\"]}]},{\"@type\":\"ImageObject\",\"inLanguage\":\"hu\",\"@id\":\"https:\/\/legitgrams.com\/product\/pump-it-bath-salt\/#primaryimage\",\"url\":\"https:\/\/legitgrams.com\/wp-content\/uploads\/2024\/09\/buy-pump-it-bath-salt-online.jpg\",\"contentUrl\":\"https:\/\/legitgrams.com\/wp-content\/uploads\/2024\/09\/buy-pump-it-bath-salt-online.jpg\",\"width\":600,\"height\":600,\"caption\":\"Pump It Bath Salt for Sale\"},{\"@type\":\"BreadcrumbList\",\"@id\":\"https:\/\/legitgrams.com\/product\/pump-it-bath-salt\/#breadcrumb\",\"itemListElement\":[{\"@type\":\"ListItem\",\"position\":1,\"name\":\"Home\",\"item\":\"https:\/\/legitgrams.com\/\"},{\"@type\":\"ListItem\",\"position\":2,\"name\":\"Shop\",\"item\":\"https:\/\/legitgrams.com\/shop\/\"},{\"@type\":\"ListItem\",\"position\":3,\"name\":\"Pump It Bath Salt\"}]},{\"@type\":\"WebSite\",\"@id\":\"https:\/\/legitgrams.com\/#website\",\"url\":\"https:\/\/legitgrams.com\/\",\"name\":\"Legit Grams\",\"description\":\"My WordPress Blog\",\"publisher\":{\"@id\":\"https:\/\/legitgrams.com\/#organization\"},\"potentialAction\":[{\"@type\":\"SearchAction\",\"target\":{\"@type\":\"EntryPoint\",\"urlTemplate\":\"https:\/\/legitgrams.com\/?s={search_term_string}\"},\"query-input\":{\"@type\":\"PropertyValueSpecification\",\"valueRequired\":true,\"valueName\":\"search_term_string\"}}],\"inLanguage\":\"hu\"},{\"@type\":\"Organization\",\"@id\":\"https:\/\/legitgrams.com\/#organization\",\"name\":\"Legit Grams\",\"url\":\"https:\/\/legitgrams.com\/\",\"logo\":{\"@type\":\"ImageObject\",\"inLanguage\":\"hu\",\"@id\":\"https:\/\/legitgrams.com\/#\/schema\/logo\/image\/\",\"url\":\"https:\/\/legitgrams.com\/wp-content\/uploads\/2024\/09\/main-logo.png\",\"contentUrl\":\"https:\/\/legitgrams.com\/wp-content\/uploads\/2024\/09\/main-logo.png\",\"width\":270,\"height\":75,\"caption\":\"Legit Grams\"},\"image\":{\"@id\":\"https:\/\/legitgrams.com\/#\/schema\/logo\/image\/\"}}]}<\/script>\n<!-- \/ Yoast SEO plugin. -->","yoast_head_json":{"title":"Pump It f\u00fcrd\u0151s\u00f3 elad\u00f3 - Pump It f\u00fcrd\u0151s\u00f3 online v\u00e1s\u00e1rl\u00e1sa","description":"Megb\u00edzhat\u00f3 forr\u00e1st keres a pump it f\u00fcrd\u0151s\u00f3 online v\u00e1s\u00e1rl\u00e1s\u00e1hoz? A keres\u00e9sed itt \u00e9r v\u00e9get. Rendeljen pump it f\u00fcrd\u0151s\u00f3t online megb\u00edzhat\u00f3 \u00e1ruh\u00e1zunkb\u00f3l, \u00e9s \u00e9lvezze a z\u00f6kken\u0151mentes, az \u00d6n kutat\u00e1si ig\u00e9nyeihez igaz\u00edtott v\u00e1s\u00e1rl\u00e1si folyamatot.","robots":{"index":"index","follow":"follow","max-snippet":"max-snippet:-1","max-image-preview":"max-image-preview:large","max-video-preview":"max-video-preview:-1"},"canonical":"https:\/\/legitgrams.com\/hu\/termek\/pump-it-furdoso\/","og_locale":"hu_HU","og_type":"article","og_title":"Pump It Bath Salt for Sale - Buy Pump It Bath Salt Online","og_description":"Looking for a reliable source to buy pump it bath salt online? Your search ends here. Order pump it bath salt online from our trusted store and enjoy a seamless buying process tailored for your research needs.","og_url":"https:\/\/legitgrams.com\/hu\/termek\/pump-it-furdoso\/","og_site_name":"Legit Grams","article_modified_time":"2025-01-14T10:48:58+00:00","og_image":[{"width":600,"height":600,"url":"https:\/\/legitgrams.com\/wp-content\/uploads\/2024\/09\/buy-pump-it-bath-salt-online.jpg","type":"image\/jpeg"}],"twitter_card":"summary_large_image","twitter_misc":{"Becs\u00fclt olvas\u00e1si id\u0151":"2 perc"},"schema":{"@context":"https:\/\/schema.org","@graph":[{"@type":"WebPage","@id":"https:\/\/legitgrams.com\/product\/pump-it-bath-salt\/","url":"https:\/\/legitgrams.com\/product\/pump-it-bath-salt\/","name":"Pump It f\u00fcrd\u0151s\u00f3 elad\u00f3 - Pump It f\u00fcrd\u0151s\u00f3 online v\u00e1s\u00e1rl\u00e1sa","isPartOf":{"@id":"https:\/\/legitgrams.com\/#website"},"primaryImageOfPage":{"@id":"https:\/\/legitgrams.com\/product\/pump-it-bath-salt\/#primaryimage"},"image":{"@id":"https:\/\/legitgrams.com\/product\/pump-it-bath-salt\/#primaryimage"},"thumbnailUrl":"https:\/\/legitgrams.com\/wp-content\/uploads\/2024\/09\/buy-pump-it-bath-salt-online.jpg","datePublished":"2024-09-22T06:42:05+00:00","dateModified":"2025-01-14T10:48:58+00:00","description":"Megb\u00edzhat\u00f3 forr\u00e1st keres a pump it f\u00fcrd\u0151s\u00f3 online v\u00e1s\u00e1rl\u00e1s\u00e1hoz? A keres\u00e9sed itt \u00e9r v\u00e9get. Rendeljen pump it f\u00fcrd\u0151s\u00f3t online megb\u00edzhat\u00f3 \u00e1ruh\u00e1zunkb\u00f3l, \u00e9s \u00e9lvezze a z\u00f6kken\u0151mentes, az \u00d6n kutat\u00e1si ig\u00e9nyeihez igaz\u00edtott v\u00e1s\u00e1rl\u00e1si folyamatot.","breadcrumb":{"@id":"https:\/\/legitgrams.com\/product\/pump-it-bath-salt\/#breadcrumb"},"inLanguage":"hu","potentialAction":[{"@type":"ReadAction","target":["https:\/\/legitgrams.com\/product\/pump-it-bath-salt\/"]}]},{"@type":"ImageObject","inLanguage":"hu","@id":"https:\/\/legitgrams.com\/product\/pump-it-bath-salt\/#primaryimage","url":"https:\/\/legitgrams.com\/wp-content\/uploads\/2024\/09\/buy-pump-it-bath-salt-online.jpg","contentUrl":"https:\/\/legitgrams.com\/wp-content\/uploads\/2024\/09\/buy-pump-it-bath-salt-online.jpg","width":600,"height":600,"caption":"Pump It Bath Salt for Sale"},{"@type":"BreadcrumbList","@id":"https:\/\/legitgrams.com\/product\/pump-it-bath-salt\/#breadcrumb","itemListElement":[{"@type":"ListItem","position":1,"name":"Home","item":"https:\/\/legitgrams.com\/"},{"@type":"ListItem","position":2,"name":"Shop","item":"https:\/\/legitgrams.com\/shop\/"},{"@type":"ListItem","position":3,"name":"Pump It Bath Salt"}]},{"@type":"WebSite","@id":"https:\/\/legitgrams.com\/#website","url":"https:\/\/legitgrams.com\/","name":"Legit Grams","description":"Az \u00e9n WordPress blogom","publisher":{"@id":"https:\/\/legitgrams.com\/#organization"},"potentialAction":[{"@type":"SearchAction","target":{"@type":"EntryPoint","urlTemplate":"https:\/\/legitgrams.com\/?s={search_term_string}"},"query-input":{"@type":"PropertyValueSpecification","valueRequired":true,"valueName":"search_term_string"}}],"inLanguage":"hu"},{"@type":"Organization","@id":"https:\/\/legitgrams.com\/#organization","name":"Legit Grams","url":"https:\/\/legitgrams.com\/","logo":{"@type":"ImageObject","inLanguage":"hu","@id":"https:\/\/legitgrams.com\/#\/schema\/logo\/image\/","url":"https:\/\/legitgrams.com\/wp-content\/uploads\/2024\/09\/main-logo.png","contentUrl":"https:\/\/legitgrams.com\/wp-content\/uploads\/2024\/09\/main-logo.png","width":270,"height":75,"caption":"Legit Grams"},"image":{"@id":"https:\/\/legitgrams.com\/#\/schema\/logo\/image\/"}}]}},"uagb_featured_image_src":{"full":["https:\/\/legitgrams.com\/wp-content\/uploads\/2024\/09\/buy-pump-it-bath-salt-online.jpg",600,600,false],"thumbnail":["https:\/\/legitgrams.com\/wp-content\/uploads\/2024\/09\/buy-pump-it-bath-salt-online-150x150.jpg",150,150,true],"medium":["https:\/\/legitgrams.com\/wp-content\/uploads\/2024\/09\/buy-pump-it-bath-salt-online-300x300.jpg",300,300,true],"medium_large":["https:\/\/legitgrams.com\/wp-content\/uploads\/2024\/09\/buy-pump-it-bath-salt-online.jpg",600,600,false],"large":["https:\/\/legitgrams.com\/wp-content\/uploads\/2024\/09\/buy-pump-it-bath-salt-online.jpg",600,600,false],"1536x1536":["https:\/\/legitgrams.com\/wp-content\/uploads\/2024\/09\/buy-pump-it-bath-salt-online.jpg",600,600,false],"2048x2048":["https:\/\/legitgrams.com\/wp-content\/uploads\/2024\/09\/buy-pump-it-bath-salt-online.jpg",600,600,false],"trp-custom-language-flag":["https:\/\/legitgrams.com\/wp-content\/uploads\/2024\/09\/buy-pump-it-bath-salt-online-12x12.jpg",12,12,true],"woocommerce_thumbnail":["https:\/\/legitgrams.com\/wp-content\/uploads\/2024\/09\/buy-pump-it-bath-salt-online-300x300.jpg",300,300,true],"woocommerce_single":["https:\/\/legitgrams.com\/wp-content\/uploads\/2024\/09\/buy-pump-it-bath-salt-online.jpg",600,600,false],"woocommerce_gallery_thumbnail":["https:\/\/legitgrams.com\/wp-content\/uploads\/2024\/09\/buy-pump-it-bath-salt-online-100x100.jpg",100,100,true]},"uagb_author_info":{"display_name":"cokeblog18","author_link":"https:\/\/legitgrams.com\/hu\/author\/"},"uagb_comment_info":1,"uagb_excerpt":"Purchase Pump-It Bath Salt Online: What Is Pump-It Powder? Synthetic drugs called Pump-It powder are sold to take the place of illicit bath salts. Pump-It powder is touted as an enhanced plant vitamin and is available at major retailers and gas stations. It is classified as &#8220;non-human.&#8221; The stimulant impact that the medicine gives its&hellip;","_links":{"self":[{"href":"https:\/\/legitgrams.com\/hu\/wp-json\/wp\/v2\/product\/4224","targetHints":{"allow":["GET"]}}],"collection":[{"href":"https:\/\/legitgrams.com\/hu\/wp-json\/wp\/v2\/product"}],"about":[{"href":"https:\/\/legitgrams.com\/hu\/wp-json\/wp\/v2\/types\/product"}],"replies":[{"embeddable":true,"href":"https:\/\/legitgrams.com\/hu\/wp-json\/wp\/v2\/comments?post=4224"}],"wp:featuredmedia":[{"embeddable":true,"href":"https:\/\/legitgrams.com\/hu\/wp-json\/wp\/v2\/media\/5296"}],"wp:attachment":[{"href":"https:\/\/legitgrams.com\/hu\/wp-json\/wp\/v2\/media?parent=4224"}],"wp:term":[{"taxonomy":"product_brand","embeddable":true,"href":"https:\/\/legitgrams.com\/hu\/wp-json\/wp\/v2\/product_brand?post=4224"},{"taxonomy":"product_cat","embeddable":true,"href":"https:\/\/legitgrams.com\/hu\/wp-json\/wp\/v2\/product_cat?post=4224"},{"taxonomy":"product_tag","embeddable":true,"href":"https:\/\/legitgrams.com\/hu\/wp-json\/wp\/v2\/product_tag?post=4224"}],"curies":[{"name":"wp","href":"https:\/\/api.w.org\/{rel}","templated":true}]}}