{"id":4225,"date":"2024-09-22T06:41:44","date_gmt":"2024-09-22T06:41:44","guid":{"rendered":"https:\/\/legitgrams.com\/?post_type=product&#038;p=4225"},"modified":"2025-04-03T08:35:57","modified_gmt":"2025-04-03T08:35:57","slug":"tiszta-10mg-ald-52-por","status":"publish","type":"product","link":"https:\/\/legitgrams.com\/hu\/termek\/tiszta-10mg-ald-52-por\/","title":{"rendered":"Tiszta 10mg ALD-52 por online v\u00e1s\u00e1rl\u00e1sa"},"content":{"rendered":"<h2>Tiszta 10mg ALD-52 por online v\u00e1s\u00e1rl\u00e1sa<\/h2>\n<p>1-Acetil-LSD, vagy <a href=\"https:\/\/en.wikipedia.org\/wiki\/ALD-52\">ALD-52 POR<\/a>, a lizergamid csoport tagja. Az els\u0151 felfedez\u00e9st Hoffman \u00far tette, de csak az 1960-as \u00e9vekben v\u00e1lt n\u00e9pszer\u0171v\u00e9.<\/p>\n<p>UPAC az ALD-52 eset\u00e9ben: (6aR,9R)4,6,6,6a,7,8,9-hexahidroindolo[4,3-fg] -4-acetil-N,N-dietil-7-metil-Nine-karboxamid kinolin.<\/p>\n<h3>Az ALD-52-t 100\u00b5g-os blotterekben k\u00edn\u00e1ljuk az ide\u00e1lis vizsg\u00e1lathoz.<\/h3>\n<p>1. Acetil-lizergsav-dietilamid (<a href=\"https:\/\/www.bing.com\/search?q=Buy%20Pure%2010mg%20ALD-52%20Powder%20Online&amp;qs=n&amp;form=seinsb&amp;sp=-1&amp;lq=0&amp;pq=buy%20pure%2010mg%20ald-52%20powder%20online&amp;sc=0-34&amp;sk=&amp;cvid=98ED20E9773F4292AC21970C1A3D4F47&amp;ghsh=0&amp;ghacc=0&amp;ghpl=\">1A-LSD<\/a>) az LSD ellen\u0151rizetlen megfelel\u0151je, amelyet gyakran narancss\u00e1rga napf\u00e9nysavnak vagy ALD-52-nek neveznek. Nagyon hasonl\u00edt az LSD-25-h\u00f6z, mivel az 1P-LSD homol\u00f3gja. <a href=\"https:\/\/legitgrams.com\/hu\/\">LegitGrams<\/a><\/p>\n<p><a href=\"https:\/\/legitgrams.com\/hu\/termek\/tiszta-10mg-ald-52-por\/\">Tiszta 10mg ALD-52 por online v\u00e1s\u00e1rl\u00e1sa<\/a> &#8211; <a href=\"https:\/\/www.google.com\/search?q=Vsroljon+tiszta+10+mg+ALD-52+port+online&amp;sca_esv=eddefdb7b92e7545&amp;sxsrf=AHTn8zoRJzCHkeWUB4e4S6PmUDnmO-2xwA1743670181721&amp;ei=pUvuZ-neK4fN0PEPrdjZwAM&amp;ved=0ahUKEwipxaXOvbuMAxWHJjQIHS1sFjgQ4dUDCBA&amp;uact=5&amp;oq=Vsroljon+tiszta+10+mg+ALD-52+port+online&amp;gs_lp=Egxnd3Mtd2l6LXNlcnAiLFbDoXPDoXJvbGpvbiB0aXN6dGEgMTAgbWcgQUxELTUyIHBvcnQgb25saW5lMgUQIRigATIFECEYoAEyBRAhGKABMgUQIRigATIFECEYoAFInwpQnAZYnAZwAXgBkAEAmAH6AqAB-gKqAQMzLTG4AQPIAQD4AQL4AQGYAgKgAoYDwgIKEAAYsAMY1gQYR5gDAIgGAZAGCJIHBTEuMy0xoAepBbIHAzMtMbgHgQM&amp;sclient=gws-wiz-serp\">V\u00e1s\u00e1roljon tiszta 10 mg ALD-52 port<\/a>r, Purchase Pure 10mg ALD-52 Powder USA, Purchase Pure 10mg ALD-52 Powder Online USA, Hol v\u00e1s\u00e1rolhat Pure 10mg ALD-52 Powder, Purchase Pure 10mg ALD-52 Powder, <a href=\"https:\/\/duckduckgo.com\/?q=Vsroljon+tiszta+10+mg+ALD-52+port+online&amp;t=h_&amp;ia=web\">V\u00e1s\u00e1roljon Pure 10mg ALD-52 port elad\u00f3<\/a>, Purchase Pure 10mg ALD-52 Powder Near Me, Purchase Pure 10mg ALD-52 Powder Por online a k\u00f6zelben, hol lehet kapni tiszta 10 mg ALD-52 port, hol lehet kapni tiszta 10 mg ALD-52 port online, besz\u00e1ll\u00edt\u00f3k, biztons\u00e1gos sz\u00e1ll\u00edt\u00e1s, USA, Kanada, UK, v\u00e1s\u00e1rolni, online, 1 por tov\u00e1bbra is lehets\u00e9ges PuLD-5. Azt is megtudhatja, hogy a Pure 10 mg ALD-52 por leg\u00e1lis-e az Egyes\u00fclt \u00c1llamokban, hogyan kell megrendelni a Pure 10 mg ALD-52 port, \u00e9s hogy a Pure 10 mg ALD-52 por leg\u00e1lis-e Kanad\u00e1ban.<\/p>","protected":false},"excerpt":{"rendered":"<p>Purchase Pure 10mg ALD-52 Powder Online 1-Acetyl-LSD, or ALD-52 POWDER, is a member of the Lysergamide group. Mr. Hoffman made the first discovery, but it wasn&#8217;t made popular until the 1960s. UPAC for ALD-52: (6aR,9R)4,6,6a,7,8,9-hexahydroindolo[4,3-fg] -4-acetyl-N,N-diethyl-7-methylNine-carboxamide quinoline. We provide our ALD-52 in 100\u00b5g blotters for ideal study. 1. Acetyl-Lysergic Acid Diethylamide (1A-LSD) is an uncontrolled &hellip;<\/p>\n<p class=\"read-more\"> <a class=\"\" href=\"https:\/\/legitgrams.com\/hu\/termek\/tiszta-10mg-ald-52-por\/\"> <span class=\"screen-reader-text\">Tiszta 10mg ALD-52 por online v\u00e1s\u00e1rl\u00e1sa<\/span> Olvass tov\u00e1bb \"<\/a><\/p>","protected":false},"featured_media":5297,"comment_status":"open","ping_status":"closed","template":"","meta":{"_uag_custom_page_level_css":"","site-sidebar-layout":"default","site-content-layout":"default","ast-global-header-display":"","ast-main-header-display":"","ast-hfb-above-header-display":"","ast-hfb-below-header-display":"","ast-hfb-mobile-header-display":"","site-post-title":"","ast-breadcrumbs-content":"","ast-featured-img":"","footer-sml-layout":"","theme-transparent-header-meta":"default","adv-header-id-meta":"","stick-header-meta":"default","header-above-stick-meta":"","header-main-stick-meta":"","header-below-stick-meta":"","_joinchat":[]},"product_brand":[],"product_cat":[600],"product_tag":[1796,1786,617,1778,1793,1790,1785,1783,1795,1777,1780,1788,1779,1781,1791,1798,1799,1797,1789,1794,1792,625,1784,1787,1782],"class_list":{"0":"post-4225","1":"product","2":"type-product","3":"status-publish","4":"has-post-thumbnail","6":"product_cat-research-chemicals-and-bath-salt","7":"product_tag-best-cheap-price-pure-10mg-ald-52-powder","8":"product_tag-best-place-to-buy-pure-10mg-ald-52-powder","9":"product_tag-bulk-online","10":"product_tag-buy-pure-10mg-ald-52-powder","11":"product_tag-cheap-pure-10mg-ald-52-powder","12":"product_tag-high-quality-pure-10mg-ald-52-powder","13":"product_tag-how-to-buy-pure-10mg-ald-52-powder","14":"product_tag-order-pure-10mg-ald-52-powder","15":"product_tag-purcharse-pure-10mg-ald-52-powder","16":"product_tag-pure-10mg-ald-52-powder","17":"product_tag-pure-10mg-ald-52-powder-for-sale","18":"product_tag-pure-10mg-ald-52-powder-legally","19":"product_tag-pure-10mg-ald-52-powder-online","20":"product_tag-pure-10mg-ald-52-powder-pure-10mg-ald-52-powder-supplier","21":"product_tag-pure-10mg-ald-52-powder-store","22":"product_tag-pure-10mg-ald-52-powder-use","23":"product_tag-pure-10mg-ald-52-powder-wiki","24":"product_tag-pure-10mg-ald-52-powder-worldwide","25":"product_tag-pure-10mg-ald-52-powderprice","26":"product_tag-pure-10mg-ald-52-powders","27":"product_tag-shop-pure-10mg-ald-52-powder","28":"product_tag-top-quality","29":"product_tag-where-to-buy-pure-10mg-ald-52-powder","30":"product_tag-where-to-order-pure-10mg-ald-52-powder","31":"product_tag-wholesale-pure-10mg-ald-52-powder","32":"desktop-align-left","33":"tablet-align-left","34":"mobile-align-left","35":"ast-product-gallery-layout-horizontal","36":"ast-product-gallery-with-no-image","37":"ast-product-single-variable","38":"ast-product-tabs-layout-horizontal","39":"ast-qv-on-image","41":"first","42":"instock","43":"shipping-taxable","44":"purchasable","45":"product-type-variable"},"yoast_head":"<!-- This site is optimized with the Yoast SEO plugin v25.9 - https:\/\/yoast.com\/wordpress\/plugins\/seo\/ -->\n<title>10mg ALD-52 Powder for Sale - Buy10mg ALD-52 Powder Online<\/title>\n<meta name=\"description\" content=\"Discover top-notch 10mg ald-52 powder for sale at our online store - buy pure 10mg ald-52 powder conveniently and securely to fuel your research. Order Now with Fast and Discreet Shipping!\" \/>\n<meta name=\"robots\" content=\"index, follow, max-snippet:-1, max-image-preview:large, max-video-preview:-1\" \/>\n<link rel=\"canonical\" href=\"https:\/\/legitgrams.com\/hu\/termek\/tiszta-10mg-ald-52-por\/\" \/>\n<meta property=\"og:locale\" content=\"hu_HU\" \/>\n<meta property=\"og:type\" content=\"article\" \/>\n<meta property=\"og:title\" content=\"10mg ALD-52 Powder for Sale - Buy10mg ALD-52 Powder Online\" \/>\n<meta property=\"og:description\" content=\"Discover top-notch 10mg ald-52 powder for sale at our online store - buy pure 10mg ald-52 powder conveniently and securely to fuel your research. Order Now with Fast and Discreet Shipping!\" \/>\n<meta property=\"og:url\" content=\"https:\/\/legitgrams.com\/hu\/termek\/tiszta-10mg-ald-52-por\/\" \/>\n<meta property=\"og:site_name\" content=\"Legit Grams\" \/>\n<meta property=\"article:modified_time\" content=\"2025-04-03T08:35:57+00:00\" \/>\n<meta property=\"og:image\" content=\"https:\/\/legitgrams.com\/wp-content\/uploads\/2024\/09\/buy-pure-10mg-ald-52-powder-online.jpg\" \/>\n\t<meta property=\"og:image:width\" content=\"600\" \/>\n\t<meta property=\"og:image:height\" content=\"600\" \/>\n\t<meta property=\"og:image:type\" content=\"image\/jpeg\" \/>\n<meta name=\"twitter:card\" content=\"summary_large_image\" \/>\n<meta name=\"twitter:label1\" content=\"Becs\u00fclt olvas\u00e1si id\u0151\" \/>\n\t<meta name=\"twitter:data1\" content=\"2 perc\" \/>\n<script type=\"application\/ld+json\" class=\"yoast-schema-graph\">{\"@context\":\"https:\/\/schema.org\",\"@graph\":[{\"@type\":\"WebPage\",\"@id\":\"https:\/\/legitgrams.com\/product\/pure-10mg-ald-52-powder\/\",\"url\":\"https:\/\/legitgrams.com\/product\/pure-10mg-ald-52-powder\/\",\"name\":\"10mg ALD-52 Powder for Sale - Buy10mg ALD-52 Powder Online\",\"isPartOf\":{\"@id\":\"https:\/\/legitgrams.com\/#website\"},\"primaryImageOfPage\":{\"@id\":\"https:\/\/legitgrams.com\/product\/pure-10mg-ald-52-powder\/#primaryimage\"},\"image\":{\"@id\":\"https:\/\/legitgrams.com\/product\/pure-10mg-ald-52-powder\/#primaryimage\"},\"thumbnailUrl\":\"https:\/\/legitgrams.com\/wp-content\/uploads\/2024\/09\/buy-pure-10mg-ald-52-powder-online.jpg\",\"datePublished\":\"2024-09-22T06:41:44+00:00\",\"dateModified\":\"2025-04-03T08:35:57+00:00\",\"description\":\"Discover top-notch 10mg ald-52 powder for sale at our online store - buy pure 10mg ald-52 powder conveniently and securely to fuel your research. Order Now with Fast and Discreet Shipping!\",\"breadcrumb\":{\"@id\":\"https:\/\/legitgrams.com\/product\/pure-10mg-ald-52-powder\/#breadcrumb\"},\"inLanguage\":\"hu\",\"potentialAction\":[{\"@type\":\"ReadAction\",\"target\":[\"https:\/\/legitgrams.com\/product\/pure-10mg-ald-52-powder\/\"]}]},{\"@type\":\"ImageObject\",\"inLanguage\":\"hu\",\"@id\":\"https:\/\/legitgrams.com\/product\/pure-10mg-ald-52-powder\/#primaryimage\",\"url\":\"https:\/\/legitgrams.com\/wp-content\/uploads\/2024\/09\/buy-pure-10mg-ald-52-powder-online.jpg\",\"contentUrl\":\"https:\/\/legitgrams.com\/wp-content\/uploads\/2024\/09\/buy-pure-10mg-ald-52-powder-online.jpg\",\"width\":600,\"height\":600,\"caption\":\"Pure 10mg ALD-52 Powder for Sale\"},{\"@type\":\"BreadcrumbList\",\"@id\":\"https:\/\/legitgrams.com\/product\/pure-10mg-ald-52-powder\/#breadcrumb\",\"itemListElement\":[{\"@type\":\"ListItem\",\"position\":1,\"name\":\"Home\",\"item\":\"https:\/\/legitgrams.com\/\"},{\"@type\":\"ListItem\",\"position\":2,\"name\":\"Shop\",\"item\":\"https:\/\/legitgrams.com\/shop\/\"},{\"@type\":\"ListItem\",\"position\":3,\"name\":\"Buy Pure 10mg ALD-52 Powder Online\"}]},{\"@type\":\"WebSite\",\"@id\":\"https:\/\/legitgrams.com\/#website\",\"url\":\"https:\/\/legitgrams.com\/\",\"name\":\"Legit Grams\",\"description\":\"My WordPress Blog\",\"publisher\":{\"@id\":\"https:\/\/legitgrams.com\/#organization\"},\"potentialAction\":[{\"@type\":\"SearchAction\",\"target\":{\"@type\":\"EntryPoint\",\"urlTemplate\":\"https:\/\/legitgrams.com\/?s={search_term_string}\"},\"query-input\":{\"@type\":\"PropertyValueSpecification\",\"valueRequired\":true,\"valueName\":\"search_term_string\"}}],\"inLanguage\":\"hu\"},{\"@type\":\"Organization\",\"@id\":\"https:\/\/legitgrams.com\/#organization\",\"name\":\"Legit Grams\",\"url\":\"https:\/\/legitgrams.com\/\",\"logo\":{\"@type\":\"ImageObject\",\"inLanguage\":\"hu\",\"@id\":\"https:\/\/legitgrams.com\/#\/schema\/logo\/image\/\",\"url\":\"https:\/\/legitgrams.com\/wp-content\/uploads\/2024\/09\/main-logo.png\",\"contentUrl\":\"https:\/\/legitgrams.com\/wp-content\/uploads\/2024\/09\/main-logo.png\",\"width\":270,\"height\":75,\"caption\":\"Legit Grams\"},\"image\":{\"@id\":\"https:\/\/legitgrams.com\/#\/schema\/logo\/image\/\"}}]}<\/script>\n<!-- \/ Yoast SEO plugin. -->","yoast_head_json":{"title":"10mg ALD-52 por elad\u00f3 - 10mg ALD-52 por v\u00e1s\u00e1rl\u00e1s online","description":"Fedezze fel a kiv\u00e1l\u00f3 min\u0151s\u00e9g\u0171 10mg ald-52 por elad\u00f3 online \u00e1ruh\u00e1zunkban - v\u00e1s\u00e1roljon tiszta 10mg ald-52 port k\u00e9nyelmesen \u00e9s biztons\u00e1gosan, hogy t\u00e1pl\u00e1lja a kutat\u00e1st. Rendeljen most gyors \u00e9s diszkr\u00e9t sz\u00e1ll\u00edt\u00e1ssal!","robots":{"index":"index","follow":"follow","max-snippet":"max-snippet:-1","max-image-preview":"max-image-preview:large","max-video-preview":"max-video-preview:-1"},"canonical":"https:\/\/legitgrams.com\/hu\/termek\/tiszta-10mg-ald-52-por\/","og_locale":"hu_HU","og_type":"article","og_title":"10mg ALD-52 Powder for Sale - Buy10mg ALD-52 Powder Online","og_description":"Discover top-notch 10mg ald-52 powder for sale at our online store - buy pure 10mg ald-52 powder conveniently and securely to fuel your research. Order Now with Fast and Discreet Shipping!","og_url":"https:\/\/legitgrams.com\/hu\/termek\/tiszta-10mg-ald-52-por\/","og_site_name":"Legit Grams","article_modified_time":"2025-04-03T08:35:57+00:00","og_image":[{"width":600,"height":600,"url":"https:\/\/legitgrams.com\/wp-content\/uploads\/2024\/09\/buy-pure-10mg-ald-52-powder-online.jpg","type":"image\/jpeg"}],"twitter_card":"summary_large_image","twitter_misc":{"Becs\u00fclt olvas\u00e1si id\u0151":"2 perc"},"schema":{"@context":"https:\/\/schema.org","@graph":[{"@type":"WebPage","@id":"https:\/\/legitgrams.com\/product\/pure-10mg-ald-52-powder\/","url":"https:\/\/legitgrams.com\/product\/pure-10mg-ald-52-powder\/","name":"10mg ALD-52 por elad\u00f3 - 10mg ALD-52 por v\u00e1s\u00e1rl\u00e1s online","isPartOf":{"@id":"https:\/\/legitgrams.com\/#website"},"primaryImageOfPage":{"@id":"https:\/\/legitgrams.com\/product\/pure-10mg-ald-52-powder\/#primaryimage"},"image":{"@id":"https:\/\/legitgrams.com\/product\/pure-10mg-ald-52-powder\/#primaryimage"},"thumbnailUrl":"https:\/\/legitgrams.com\/wp-content\/uploads\/2024\/09\/buy-pure-10mg-ald-52-powder-online.jpg","datePublished":"2024-09-22T06:41:44+00:00","dateModified":"2025-04-03T08:35:57+00:00","description":"Fedezze fel a kiv\u00e1l\u00f3 min\u0151s\u00e9g\u0171 10mg ald-52 por elad\u00f3 online \u00e1ruh\u00e1zunkban - v\u00e1s\u00e1roljon tiszta 10mg ald-52 port k\u00e9nyelmesen \u00e9s biztons\u00e1gosan, hogy t\u00e1pl\u00e1lja a kutat\u00e1st. Rendeljen most gyors \u00e9s diszkr\u00e9t sz\u00e1ll\u00edt\u00e1ssal!","breadcrumb":{"@id":"https:\/\/legitgrams.com\/product\/pure-10mg-ald-52-powder\/#breadcrumb"},"inLanguage":"hu","potentialAction":[{"@type":"ReadAction","target":["https:\/\/legitgrams.com\/product\/pure-10mg-ald-52-powder\/"]}]},{"@type":"ImageObject","inLanguage":"hu","@id":"https:\/\/legitgrams.com\/product\/pure-10mg-ald-52-powder\/#primaryimage","url":"https:\/\/legitgrams.com\/wp-content\/uploads\/2024\/09\/buy-pure-10mg-ald-52-powder-online.jpg","contentUrl":"https:\/\/legitgrams.com\/wp-content\/uploads\/2024\/09\/buy-pure-10mg-ald-52-powder-online.jpg","width":600,"height":600,"caption":"Pure 10mg ALD-52 Powder for Sale"},{"@type":"BreadcrumbList","@id":"https:\/\/legitgrams.com\/product\/pure-10mg-ald-52-powder\/#breadcrumb","itemListElement":[{"@type":"ListItem","position":1,"name":"Home","item":"https:\/\/legitgrams.com\/"},{"@type":"ListItem","position":2,"name":"Shop","item":"https:\/\/legitgrams.com\/shop\/"},{"@type":"ListItem","position":3,"name":"Buy Pure 10mg ALD-52 Powder Online"}]},{"@type":"WebSite","@id":"https:\/\/legitgrams.com\/#website","url":"https:\/\/legitgrams.com\/","name":"Legit Grams","description":"Az \u00e9n WordPress blogom","publisher":{"@id":"https:\/\/legitgrams.com\/#organization"},"potentialAction":[{"@type":"SearchAction","target":{"@type":"EntryPoint","urlTemplate":"https:\/\/legitgrams.com\/?s={search_term_string}"},"query-input":{"@type":"PropertyValueSpecification","valueRequired":true,"valueName":"search_term_string"}}],"inLanguage":"hu"},{"@type":"Organization","@id":"https:\/\/legitgrams.com\/#organization","name":"Legit Grams","url":"https:\/\/legitgrams.com\/","logo":{"@type":"ImageObject","inLanguage":"hu","@id":"https:\/\/legitgrams.com\/#\/schema\/logo\/image\/","url":"https:\/\/legitgrams.com\/wp-content\/uploads\/2024\/09\/main-logo.png","contentUrl":"https:\/\/legitgrams.com\/wp-content\/uploads\/2024\/09\/main-logo.png","width":270,"height":75,"caption":"Legit Grams"},"image":{"@id":"https:\/\/legitgrams.com\/#\/schema\/logo\/image\/"}}]}},"uagb_featured_image_src":{"full":["https:\/\/legitgrams.com\/wp-content\/uploads\/2024\/09\/buy-pure-10mg-ald-52-powder-online.jpg",600,600,false],"thumbnail":["https:\/\/legitgrams.com\/wp-content\/uploads\/2024\/09\/buy-pure-10mg-ald-52-powder-online-150x150.jpg",150,150,true],"medium":["https:\/\/legitgrams.com\/wp-content\/uploads\/2024\/09\/buy-pure-10mg-ald-52-powder-online-300x300.jpg",300,300,true],"medium_large":["https:\/\/legitgrams.com\/wp-content\/uploads\/2024\/09\/buy-pure-10mg-ald-52-powder-online.jpg",600,600,false],"large":["https:\/\/legitgrams.com\/wp-content\/uploads\/2024\/09\/buy-pure-10mg-ald-52-powder-online.jpg",600,600,false],"1536x1536":["https:\/\/legitgrams.com\/wp-content\/uploads\/2024\/09\/buy-pure-10mg-ald-52-powder-online.jpg",600,600,false],"2048x2048":["https:\/\/legitgrams.com\/wp-content\/uploads\/2024\/09\/buy-pure-10mg-ald-52-powder-online.jpg",600,600,false],"trp-custom-language-flag":["https:\/\/legitgrams.com\/wp-content\/uploads\/2024\/09\/buy-pure-10mg-ald-52-powder-online-12x12.jpg",12,12,true],"woocommerce_thumbnail":["https:\/\/legitgrams.com\/wp-content\/uploads\/2024\/09\/buy-pure-10mg-ald-52-powder-online-300x300.jpg",300,300,true],"woocommerce_single":["https:\/\/legitgrams.com\/wp-content\/uploads\/2024\/09\/buy-pure-10mg-ald-52-powder-online.jpg",600,600,false],"woocommerce_gallery_thumbnail":["https:\/\/legitgrams.com\/wp-content\/uploads\/2024\/09\/buy-pure-10mg-ald-52-powder-online-100x100.jpg",100,100,true]},"uagb_author_info":{"display_name":"cokeblog18","author_link":"https:\/\/legitgrams.com\/hu\/author\/"},"uagb_comment_info":0,"uagb_excerpt":"Purchase Pure 10mg ALD-52 Powder Online 1-Acetyl-LSD, or ALD-52 POWDER, is a member of the Lysergamide group. Mr. Hoffman made the first discovery, but it wasn&#8217;t made popular until the 1960s. UPAC for ALD-52: (6aR,9R)4,6,6a,7,8,9-hexahydroindolo[4,3-fg] -4-acetyl-N,N-diethyl-7-methylNine-carboxamide quinoline. We provide our ALD-52 in 100\u00b5g blotters for ideal study. 1. Acetyl-Lysergic Acid Diethylamide (1A-LSD) is an uncontrolled&hellip;","_links":{"self":[{"href":"https:\/\/legitgrams.com\/hu\/wp-json\/wp\/v2\/product\/4225","targetHints":{"allow":["GET"]}}],"collection":[{"href":"https:\/\/legitgrams.com\/hu\/wp-json\/wp\/v2\/product"}],"about":[{"href":"https:\/\/legitgrams.com\/hu\/wp-json\/wp\/v2\/types\/product"}],"replies":[{"embeddable":true,"href":"https:\/\/legitgrams.com\/hu\/wp-json\/wp\/v2\/comments?post=4225"}],"wp:featuredmedia":[{"embeddable":true,"href":"https:\/\/legitgrams.com\/hu\/wp-json\/wp\/v2\/media\/5297"}],"wp:attachment":[{"href":"https:\/\/legitgrams.com\/hu\/wp-json\/wp\/v2\/media?parent=4225"}],"wp:term":[{"taxonomy":"product_brand","embeddable":true,"href":"https:\/\/legitgrams.com\/hu\/wp-json\/wp\/v2\/product_brand?post=4225"},{"taxonomy":"product_cat","embeddable":true,"href":"https:\/\/legitgrams.com\/hu\/wp-json\/wp\/v2\/product_cat?post=4225"},{"taxonomy":"product_tag","embeddable":true,"href":"https:\/\/legitgrams.com\/hu\/wp-json\/wp\/v2\/product_tag?post=4225"}],"curies":[{"name":"wp","href":"https:\/\/api.w.org\/{rel}","templated":true}]}}