{"id":4226,"date":"2024-09-22T06:41:05","date_gmt":"2024-09-22T06:41:05","guid":{"rendered":"https:\/\/legitgrams.com\/?post_type=product&#038;p=4226"},"modified":"2025-04-03T08:58:31","modified_gmt":"2025-04-03T08:58:31","slug":"metizolam-por","status":"publish","type":"product","link":"https:\/\/legitgrams.com\/hu\/termek\/metizolam-por\/","title":{"rendered":"V\u00e1s\u00e1roljon Metizolam por online"},"content":{"rendered":"<h2>V\u00e1s\u00e1roljon por\u00edtott metizolamot online<\/h2>\n<p>Az etizolam porhoz tartoz\u00f3 API-kat, hat\u00f3anyagokat, intermediereket, DMF-et, FDA-t, amerikai gy\u00f3gyszer t\u00f6rzsdokument\u00e1ci\u00f3kat, dokument\u00e1ci\u00f3t \u00e9s tan\u00fas\u00edtv\u00e1nyokat mind a Dandy Drugs gy\u00e1rtja \u00e9s sz\u00e1ll\u00edtja vil\u00e1gszerte. Kiv\u00e1l\u00f3 min\u0151s\u00e9g\u0171 forr\u00e1sokat v\u00e1s\u00e1rolunk a megfelel\u0151 m\u0171szaki csomagokkal, a kereskedelmi forgalomba hozatali vagy RND\/fejleszt\u00e9si szabv\u00e1nyoknak megfelel\u0151en. Etizolam forgalmaz\u00f3 K\u00edn\u00e1b\u00f3l. Etizolam gy\u00e1rt\u00f3k. Etizolam por beszerz\u00e9se. Etizolam por sz\u00e1ll\u00edt\u00f3i. <a href=\"https:\/\/www.bing.com\/search?q=VsroljonMetizolamportonline&amp;qs=n&amp;form=QBRE&amp;sp=-1&amp;lq=0&amp;pq=vsroljonmetizolamportonline&amp;sc=0-32&amp;sk=&amp;cvid=F02502CB280F432D903C5F107A05F299&amp;ghsh=0&amp;ghacc=0&amp;ghpl=\">powdered Metizolam in bulk<\/a>.<\/p>\n<p>Term\u00e9keink a gy\u00f3gyszeriparban hasznos\u00edtott gy\u00f3gyszerhat\u00f3anyag, \u00e9s a cGMP norm\u00e1knak megfelel\u0151 \u00fczemben k\u00e9sz\u00fclnek. Tov\u00e1bbi r\u00e9szletek\u00e9rt, bele\u00e9rtve a term\u00e9k jelenlegi DMF \u00e1llapot\u00e1t, k\u00e9rj\u00fck, l\u00e9pjen kapcsolatba vel\u00fcnk. V\u00e1rjuk, hogy egy\u00fctt dolgozhassunk kutat\u00e1si \u00e9s fejleszt\u00e9si projektekben.<\/p>\n<p><a href=\"https:\/\/www.google.com\/search?q=Vsroljon+Metizolam+port+online&amp;sca_esv=eddefdb7b92e7545&amp;sxsrf=AHTn8zqd8JeWa7RwZ_y65nqKNxt5dEIayA1743671593151&amp;ei=KVHuZ_X5CP-k0PEPkrvsuAc&amp;ved=0ahUKEwi1sqjvwruMAxV_EjQIHZIdG3cQ4dUDCBA&amp;uact=5&amp;oq=Vsroljon+Metizolam+port+online&amp;gs_lp=Egxnd3Mtd2l6LXNlcnAiIlbDoXPDoXJvbGpvbiBNZXRpem9sYW0gcG9ydCBvbmxpbmUyBxAhGKABGAoyBxAhGKABGAoyBxAhGKABGAoyBxAhGKABGApI3ARQAFgAcAB4AJABAJgBgAOgAYADqgEDMy0xuAEDyAEA-AEC-AEBmAIBoAKMA5gDAJIHAzMtMaAHgAWyBwMzLTG4B4wD&amp;sclient=gws-wiz-serp\">Metizolam<\/a> egy benzodiazepin anal\u00f3g, amelyet etizolam n\u00e9ven forgalmaznak, m\u00e1s n\u00e9ven metilaam, metizola, Sedekopan, <a href=\"https:\/\/duckduckgo.com\/?q=Vsroljon+Metizolam+port+online&amp;t=h_\">metizest<\/a>A Pasaden vagy a Depas egy benzodiazepin anal\u00f3g. A benzodiazepin nem azonos ezzel az anyaggal. Mivel a triazolgy\u0171r\u0171 \u00f6sszeolvadt, \u00e9s a tiof\u00e9ngy\u0171r\u0171 felv\u00e1ltotta a benzolgy\u0171r\u0171t, a gy\u00f3gyszer imm\u00e1r tienotriazolodiazepin. V\u00e1zizomlaz\u00edt\u00f3, hipnotikus, nyugtat\u00f3, g\u00f6rcsold\u00f3, amn\u00e9zi\u00e1s \u00e9s szorong\u00e1sold\u00f3 tulajdons\u00e1gokkal rendelkezik.<\/p>\n<h3>Mi\u00e9rt mi?s<\/h3>\n<p>J\u00f3 h\u00edr\u0171 forr\u00e1s A m\u00e9r\u00e9s nyomon k\u00f6vethet\u0151s\u00e9g\u00e9t biztos\u00edt\u00f3 gy\u00e1rt\u00e1st \u00e9s tesztel\u00e9st k\u00f6vet\u0151en az ISO17025 \u00e9s a Guide 34 szabv\u00e1nyoknak megfelel\u0151 anyagokat hiteles\u00edtett berendez\u00e9seken, enged\u00e9lyezett analitikai m\u00f3dszerekkel megvizsg\u00e1lj\u00e1k. term\u00e9k, amelyet a t\u00f6rv\u00e9nysz\u00e9ki \u00e9s kutat\u00e1si alkalmaz\u00e1sok szem el\u0151tt tart\u00e1s\u00e1val hoztak l\u00e9tre.<\/p>\n<p>A Dandy Drugs egy indiai gy\u00f3gyszeripari v\u00e1llalat, amely k\u00f6zvetlen kapcsolatban \u00e1ll k\u00ednai besz\u00e1ll\u00edt\u00f3kkal \u00e9s m\u00e1s indiai c\u00e9gekkel. Csak a legjobb term\u00e9keket k\u00edn\u00e1ljuk v\u00e1s\u00e1rl\u00f3inknak. ugyanaz, amit v\u00e1s\u00e1rl\u00e1skor megszokhattunk.<\/p>\n<p>Minden term\u00e9k a legjobb min\u0151s\u00e9g\u0171, \u00e9s arra k\u00e9r\u00fcnk minden \u00fcgyfelet, hogy GC\/MS-t v\u00e1s\u00e1roljon a pontoss\u00e1g \u00e9s hiteless\u00e9g \u00e9rdek\u00e9ben. \u00dcgyfeleink el\u00e9gedetts\u00e9ge \u00e9s annak biztos\u00edt\u00e1sa, hogy megkapj\u00e1k, amit \u00edg\u00e9rtek, a legfontosabb sz\u00e1munkra.<\/p>\n<p>A mi t\u00fal\u00e9l\u00e9s\u00fcnk <a href=\"https:\/\/legitgrams.com\/hu\/\">company<\/a> att\u00f3l f\u00fcgg, hogy k\u00e9pesek vagyunk-e minden egyes alkalommal teljes k\u00f6r\u0171en \u00e9s hat\u00e1rid\u0151re befejezni a tranzakci\u00f3t. C\u00e9lunk, hogy mindig megoldjuk a probl\u00e9m\u00e1kat, \u00e9s a legjobb min\u0151s\u00e9get biztos\u00edtsuk a legkedvez\u0151bb \u00e1ron.<\/p>\n<p>C\u00e9g\u00fcnk t\u00fal\u00e9l\u00e9se azon m\u00falik, hogy k\u00e9pesek vagyunk-e minden alkalommal marad\u00e9ktalanul \u00e9s \u00fctemezetten befejezni az \u00d6n tranzakci\u00f3j\u00e1t. C\u00e9lunk, hogy mindig megoldjuk a probl\u00e9m\u00e1kat, \u00e9s a legjobb min\u0151s\u00e9get k\u00edn\u00e1ljuk a legmegfizethet\u0151bb \u00e1ron.<\/p>\n<p>As soon as your product ships, you will obtain tracking numbers so you can keep tabs on its progress. <a href=\"https:\/\/legitgrams.com\/hu\/termek\/metizolam-por\/\">Acquire etizolam powder<\/a> Az etizolam por online, valamint a k\u00fcl\u00f6nb\u00f6z\u0151 etizolam por anal\u00f3gok v\u00e1s\u00e1rl\u00e1s\u00e1nak legjobb helye a Dandy Drugs, ha keres. Az Etizolam por k\u00e9nyelmesen \u00e9s biztons\u00e1gosan megrendelhet\u0151 postai \u00faton. K\u00f6nnyen haszn\u00e1lhat\u00f3 online piacteret k\u00edn\u00e1lunk, ahol olcs\u00f3 etizolam port v\u00e1s\u00e1rolhat nagykereskedelmi \u00e1ron k\u00ednai \u00e9s indiai besz\u00e1ll\u00edt\u00f3kt\u00f3l \u00e9s gy\u00e1rt\u00f3kt\u00f3l. Szak\u00e9rt\u0151k vagyunk a diszkr\u00e9t \u00e9s titkos sz\u00e1ll\u00edt\u00e1sban az Egyes\u00fclt \u00c1llamokba, Kanad\u00e1ba, az Egyes\u00fclt Kir\u00e1lys\u00e1gba, Ausztr\u00e1li\u00e1ba \u00e9s m\u00e1s orsz\u00e1gokba. K\u00e9rj\u00fck, gy\u0151z\u0151dj\u00f6n meg r\u00f3la, hogy meg\u00e9rtette az etizolam v\u00e1s\u00e1rl\u00e1s\u00e1nak alkalmaz\u00e1sait, mell\u00e9khat\u00e1sait \u00e9s lehets\u00e9ges jogi k\u00f6vetkezm\u00e9nyeit, miel\u0151tt online rendelne port az \u00e1llam\u00e1ban recept n\u00e9lk\u00fcl. - Szil\u00e1rd h\u00edrn\u00e9vnek \u00f6rvend\u00fcnk kutat\u00e1si vegyszerek sz\u00e1ll\u00edt\u00f3jak\u00e9nt. 24\/7 \u00e9l\u0151 chat el\u00e9rhet\u0151 Ha valamiben bizonytalan, tegyen fel k\u00e9rd\u00e9seket. Sz\u00e1mos fizet\u00e9si lehet\u0151s\u00e9g \u00e1ll rendelkez\u00e9sre az \u00d6n ig\u00e9nyeinek megfelel\u0151en.<\/p>\n<h3>Rendeljen por\u00edtott metizolamot online.<\/h3>\n<p>Az etizolam, m\u00e1s n\u00e9ven desmetiletizolam, egy szintetikus tieno-diazepin k\u00e9miai oszt\u00e1ly\u00fa depressz\u00edv \u00e9s pszichoakt\u00edv gy\u00f3gyszer. \u00c1ll\u00edt\u00f3lag az etizol\u00e1mhoz hasonl\u00f3 hat\u00e1sokat biztos\u00edt, mint p\u00e9ld\u00e1ul g\u00e1tl\u00e1stalans\u00e1got, \u00e1lmoss\u00e1got, eml\u00e9kezet elrejt\u00e9s\u00e9t, kellemetlens\u00e9gek elrejt\u00e9s\u00e9t \u00e9s izompihen\u00e9st. Az etizol\u00e1mmal \u00f6sszehasonl\u00edtva fele olyan intenz\u00edv \u00e9s felez\u00e9si ideje 60% hosszabb.<\/p>\n<p>Metizolam was granted a prescription by a Japanese organization in 1995 to treat anxiety. Apart from that, no human use is known to have occurred until September 2015, when internet retailers delivered it as an unclear situation study material.<\/p>\n<p>A benzodiazepin csal\u00e1d egyik alapvet\u0151 tagja az etizol\u00e1m. Az etizolam, m\u00e1s n\u00e9ven Depas, Etizolam \u00e9s Etilaam, a benzodiazepin csal\u00e1d egyik alaptagja, amelyet \u00e1ltal\u00e1ban forgalmaznak. B\u00e1r nem sokat tudunk err\u0151l a kutat\u00e1si anyagr\u00f3l, sz\u00e1mos tanulm\u00e1ny szerint nyugtat\u00f3, v\u00e1zizom-relax\u00e1ns, cs\u00e1b\u00edt\u00f3, anxiolitikus \u00e9s g\u00f6rcsold\u00f3 tulajdons\u00e1gokkal rendelkezik.<\/p>\n<p>Az Etizolam k\u00f6nnyen megv\u00e1s\u00e1rolhat\u00f3 online tabletta, kapszula \u00e9s por form\u00e1j\u00e1ban. Tekintettel arra, hogy az online k\u00f6nnyen \u00e9s olcs\u00f3bban megv\u00e1s\u00e1rolhat\u00f3, az el\u0151\u00edrt benzodiazepinek helyett kem\u00e9nyen alkalmazhat\u00f3. Jelenleg a logikus \u00edr\u00e1s megk\u00f6veteli a metizolam alapvet\u0151 meg\u00e9rt\u00e9s\u00e9t, p\u00e9ld\u00e1ul a pontos vizsg\u00e1lat\u00e1t \u00e9s azt, ahogyan a gy\u00f3gyszer eloszlik \u00e9s metaboliz\u00e1l\u00f3dik a szervezetben. B\u00e1r a drogcsoportok felhalmozt\u00e1k ezt az anyagot, most csak az Egyes\u00fclt Kir\u00e1lys\u00e1gban, Sv\u00e9dorsz\u00e1gban \u00e9sKanad\u00e1ban van leg\u00e1lis st\u00e1tusza, ahol illeg\u00e1lis a gy\u00f3gyszer el\u0151\u00e1ll\u00edt\u00e1sa vagy sz\u00e1ll\u00edt\u00e1sa. <a href=\"https:\/\/legitgrams.com\/hu\/\">LegitGrams<\/a><\/p>\n<p>Az Etizolamot el\u0151sz\u00f6r egy jap\u00e1n c\u00e9g n\u00e9pszer\u0171s\u00edtette a szorong\u00e1sold\u00f3 gy\u00f3gyszerek riv\u00e1lisak\u00e9nt, de err\u0151l a kutat\u00e1si anyagr\u00f3l nem sokat tudunk. Ett\u0151l f\u00fcggetlen\u00fcl n\u00e9h\u00e1ny klinikai vizsg\u00e1lat al\u00e1t\u00e1masztja azt az elk\u00e9pzel\u00e9st, hogy a metamfetamin izomlaz\u00edt\u00f3k\u00e9nt, narkotikumk\u00e9nt \u00e9s depresszi\u00f3cs\u00f6kkent\u0151k\u00e9nt m\u0171k\u00f6dik.<\/p>\n<p>Egy tiof\u00e9ngy\u0171r\u0171 egy diazepingy\u0171r\u0171vel \u00f6sszefon\u00f3dva alkotja a k\u00f6vetkez\u0151 form\u00e1t <a href=\"https:\/\/en.wikipedia.org\/wiki\/Metizolam\">metizolam<\/a>. B\u00e1r triazolgy\u0171r\u0171je jelenleg nem tartalmaz metilalapot, amiben l\u00e9nyeg\u00e9ben k\u00fcl\u00f6nb\u00f6zik az etizol\u00e1m \u00e9szlelt vegy\u00fclet\u00e9t\u0151l, mindkett\u0151 hasonl\u00f3 alapform\u00e1val rendelkezik, ami arra utal, hogy a metizol\u00e1m az alv\u00e1shi\u00e1nyos betegek seg\u00edt\u00e9se mellett hasonl\u00f3an k\u00e9pes befoly\u00e1solni a szellemi teljes\u00edtm\u00e9nyt. A pontos v\u00e1lasz meghat\u00e1roz\u00e1s\u00e1hoz a szakembereknek \u00e9s a kutat\u00f3knak meg kell vizsg\u00e1lniuk a metizolam szerep\u00e9t az alv\u00e1s ellent\u00e9t\u00e9nek hi\u00e1ny\u00e1ban. A vizsgalaborat\u00f3riumoknak magas min\u0151s\u00e9g\u0171 sittporokat kell v\u00e1s\u00e1rolniuk online olyan weboldalakr\u00f3l, amelyek vegy\u00fcletelad\u00f3knak tekintik a nevets\u00e9ges pr\u00e9mium szintetikus anyagok, a metizolam \u00e9s az etizolam megszerz\u00e9se \u00e9rdek\u00e9ben. Ez seg\u00edthet nekik meghat\u00e1rozni az alkalmass\u00e1got, valamint meg\u00e9rteni, hogy a k\u00e9t kever\u00e9k hogyan befoly\u00e1solja azokat, akik alv\u00e1shi\u00e1nyban szenvednek.<\/p>\n<p>V\u00e1s\u00e1rl\u00e1s Metizolam Por Online - V\u00e1s\u00e1rl\u00e1s Por, V\u00e1s\u00e1rl\u00e1s Metizolam Por USA, V\u00e1s\u00e1rl\u00e1s Metizolam Por Online USA, Metizolam Por elad\u00f3, V\u00e1s\u00e1rl\u00e1s Metizolam Por Near Me, V\u00e1s\u00e1rl\u00e1s Metizolam Por Online, V\u00e1s\u00e1rl\u00e1s Metizolam Por Online, V\u00e1s\u00e1rl\u00e1s Metizolam Por Online, V\u00e1s\u00e1rl\u00e1s Metizolam Por Online, USA, Kanada, UK, V\u00e1s\u00e1rl\u00e1s, Online, Sz\u00e1ll\u00edt\u00f3k, Biztons\u00e1gos sz\u00e1ll\u00edt\u00e1s, M\u00e9g mindig van Metizolam Por el\u00e9rhet\u0151. Enged\u00e9lyezett-e a metizolam por az USA-ban, hol lehet Metizolam por v\u00e1s\u00e1rolni, hogyan lehet megrendelni a Metizolam por, \u00e9s hogy enged\u00e9lyezett-e Kanad\u00e1ban.<\/p>","protected":false},"excerpt":{"rendered":"<p>Purchase Powdered Metizolam Online API, active pharmaceutical ingredients, intermediates, DMF, FDA, US Drug Master Files, documentation, and certification for etizolam powder are all produced and supplied globally by Dandy Drugs. We offer to purchase top-notch sources with corresponding technical packages in accordance with commercialization or RND\/Development standards. Etizolam distributor from China. manufacturers of etizolam. Purchase &hellip;<\/p>\n<p class=\"read-more\"> <a class=\"\" href=\"https:\/\/legitgrams.com\/hu\/termek\/metizolam-por\/\"> <span class=\"screen-reader-text\">V\u00e1s\u00e1roljon Metizolam por online<\/span> Olvass tov\u00e1bb \"<\/a><\/p>","protected":false},"featured_media":5291,"comment_status":"open","ping_status":"closed","template":"","meta":{"_uag_custom_page_level_css":"","site-sidebar-layout":"default","site-content-layout":"default","ast-global-header-display":"","ast-main-header-display":"","ast-hfb-above-header-display":"","ast-hfb-below-header-display":"","ast-hfb-mobile-header-display":"","site-post-title":"","ast-breadcrumbs-content":"","ast-featured-img":"","footer-sml-layout":"","theme-transparent-header-meta":"default","adv-header-id-meta":"","stick-header-meta":"default","header-above-stick-meta":"","header-main-stick-meta":"","header-below-stick-meta":"","_joinchat":[]},"product_brand":[],"product_cat":[600],"product_tag":[1819,1809,617,1801,1816,1813,1808,1800,1803,1811,1804,1802,1814,1821,1822,1820,1812,1817,1806,1818,1815,625,1807,1810,1805],"class_list":{"0":"post-4226","1":"product","2":"type-product","3":"status-publish","4":"has-post-thumbnail","6":"product_cat-research-chemicals-and-bath-salt","7":"product_tag-best-cheap-price-metizolam-powder","8":"product_tag-best-place-to-buy-metizolam-powder","9":"product_tag-bulk-online","10":"product_tag-buy-metizolam-powder","11":"product_tag-cheap-metizolam-powder","12":"product_tag-high-quality-metizolam-powder","13":"product_tag-how-to-buy-metizolam-powder","14":"product_tag-metizolam-powder","15":"product_tag-metizolam-powder-for-sale","16":"product_tag-metizolam-powder-legally","17":"product_tag-metizolam-powder-metizolam-powder-supplier","18":"product_tag-metizolam-powder-online","19":"product_tag-metizolam-powder-store","20":"product_tag-metizolam-powder-use","21":"product_tag-metizolam-powder-wiki","22":"product_tag-metizolam-powder-worldwide","23":"product_tag-metizolam-powderprice","24":"product_tag-metizolam-powders","25":"product_tag-order-metizolam-powder","26":"product_tag-purcharse-metizolam-powder","27":"product_tag-shop-metizolam-powder","28":"product_tag-top-quality","29":"product_tag-where-to-buy-metizolam-powder","30":"product_tag-where-to-order-metizolam-powder","31":"product_tag-wholesale-metizolam-powder","32":"desktop-align-left","33":"tablet-align-left","34":"mobile-align-left","35":"ast-product-gallery-layout-horizontal","36":"ast-product-gallery-with-no-image","37":"ast-product-single-variable","38":"ast-product-tabs-layout-horizontal","39":"ast-qv-on-image","41":"first","42":"instock","43":"shipping-taxable","44":"purchasable","45":"product-type-variable"},"yoast_head":"<!-- This site is optimized with the Yoast SEO plugin v25.9 - https:\/\/yoast.com\/wordpress\/plugins\/seo\/ -->\n<title>Metizolam Powder for Sale - Buy Metizolam Powder Online | LG<\/title>\n<meta name=\"description\" content=\"Looking to buy Metizolam Powder online at a reasonable price? Visit our reputable Legitgrams online store and get Metizolam Powder for sale today. Place an order now!\" \/>\n<meta name=\"robots\" content=\"index, follow, max-snippet:-1, max-image-preview:large, max-video-preview:-1\" \/>\n<link rel=\"canonical\" href=\"https:\/\/legitgrams.com\/hu\/termek\/metizolam-por\/\" \/>\n<meta property=\"og:locale\" content=\"hu_HU\" \/>\n<meta property=\"og:type\" content=\"article\" \/>\n<meta property=\"og:title\" content=\"Metizolam Powder for Sale - Buy Metizolam Powder Online | LG\" \/>\n<meta property=\"og:description\" content=\"Looking to buy Metizolam Powder online at a reasonable price? Visit our reputable Legitgrams online store and get Metizolam Powder for sale today. Place an order now!\" \/>\n<meta property=\"og:url\" content=\"https:\/\/legitgrams.com\/hu\/termek\/metizolam-por\/\" \/>\n<meta property=\"og:site_name\" content=\"Legit Grams\" \/>\n<meta property=\"article:modified_time\" content=\"2025-04-03T08:58:31+00:00\" \/>\n<meta property=\"og:image\" content=\"https:\/\/legitgrams.com\/wp-content\/uploads\/2024\/09\/buy-metizolam-powder-online-1.jpg\" \/>\n\t<meta property=\"og:image:width\" content=\"600\" \/>\n\t<meta property=\"og:image:height\" content=\"600\" \/>\n\t<meta property=\"og:image:type\" content=\"image\/jpeg\" \/>\n<meta name=\"twitter:card\" content=\"summary_large_image\" \/>\n<meta name=\"twitter:label1\" content=\"Becs\u00fclt olvas\u00e1si id\u0151\" \/>\n\t<meta name=\"twitter:data1\" content=\"5 perc\" \/>\n<script type=\"application\/ld+json\" class=\"yoast-schema-graph\">{\"@context\":\"https:\/\/schema.org\",\"@graph\":[{\"@type\":\"WebPage\",\"@id\":\"https:\/\/legitgrams.com\/product\/metizolam-powder\/\",\"url\":\"https:\/\/legitgrams.com\/product\/metizolam-powder\/\",\"name\":\"Metizolam Powder for Sale - Buy Metizolam Powder Online | LG\",\"isPartOf\":{\"@id\":\"https:\/\/legitgrams.com\/#website\"},\"primaryImageOfPage\":{\"@id\":\"https:\/\/legitgrams.com\/product\/metizolam-powder\/#primaryimage\"},\"image\":{\"@id\":\"https:\/\/legitgrams.com\/product\/metizolam-powder\/#primaryimage\"},\"thumbnailUrl\":\"https:\/\/legitgrams.com\/wp-content\/uploads\/2024\/09\/buy-metizolam-powder-online-1.jpg\",\"datePublished\":\"2024-09-22T06:41:05+00:00\",\"dateModified\":\"2025-04-03T08:58:31+00:00\",\"description\":\"Looking to buy Metizolam Powder online at a reasonable price? Visit our reputable Legitgrams online store and get Metizolam Powder for sale today. Place an order now!\",\"breadcrumb\":{\"@id\":\"https:\/\/legitgrams.com\/product\/metizolam-powder\/#breadcrumb\"},\"inLanguage\":\"hu\",\"potentialAction\":[{\"@type\":\"ReadAction\",\"target\":[\"https:\/\/legitgrams.com\/product\/metizolam-powder\/\"]}]},{\"@type\":\"ImageObject\",\"inLanguage\":\"hu\",\"@id\":\"https:\/\/legitgrams.com\/product\/metizolam-powder\/#primaryimage\",\"url\":\"https:\/\/legitgrams.com\/wp-content\/uploads\/2024\/09\/buy-metizolam-powder-online-1.jpg\",\"contentUrl\":\"https:\/\/legitgrams.com\/wp-content\/uploads\/2024\/09\/buy-metizolam-powder-online-1.jpg\",\"width\":600,\"height\":600,\"caption\":\"Metizolam Powder for Sale\"},{\"@type\":\"BreadcrumbList\",\"@id\":\"https:\/\/legitgrams.com\/product\/metizolam-powder\/#breadcrumb\",\"itemListElement\":[{\"@type\":\"ListItem\",\"position\":1,\"name\":\"Home\",\"item\":\"https:\/\/legitgrams.com\/\"},{\"@type\":\"ListItem\",\"position\":2,\"name\":\"Shop\",\"item\":\"https:\/\/legitgrams.com\/shop\/\"},{\"@type\":\"ListItem\",\"position\":3,\"name\":\"Buy Metizolam Powder Online\"}]},{\"@type\":\"WebSite\",\"@id\":\"https:\/\/legitgrams.com\/#website\",\"url\":\"https:\/\/legitgrams.com\/\",\"name\":\"Legit Grams\",\"description\":\"My WordPress Blog\",\"publisher\":{\"@id\":\"https:\/\/legitgrams.com\/#organization\"},\"potentialAction\":[{\"@type\":\"SearchAction\",\"target\":{\"@type\":\"EntryPoint\",\"urlTemplate\":\"https:\/\/legitgrams.com\/?s={search_term_string}\"},\"query-input\":{\"@type\":\"PropertyValueSpecification\",\"valueRequired\":true,\"valueName\":\"search_term_string\"}}],\"inLanguage\":\"hu\"},{\"@type\":\"Organization\",\"@id\":\"https:\/\/legitgrams.com\/#organization\",\"name\":\"Legit Grams\",\"url\":\"https:\/\/legitgrams.com\/\",\"logo\":{\"@type\":\"ImageObject\",\"inLanguage\":\"hu\",\"@id\":\"https:\/\/legitgrams.com\/#\/schema\/logo\/image\/\",\"url\":\"https:\/\/legitgrams.com\/wp-content\/uploads\/2024\/09\/main-logo.png\",\"contentUrl\":\"https:\/\/legitgrams.com\/wp-content\/uploads\/2024\/09\/main-logo.png\",\"width\":270,\"height\":75,\"caption\":\"Legit Grams\"},\"image\":{\"@id\":\"https:\/\/legitgrams.com\/#\/schema\/logo\/image\/\"}}]}<\/script>\n<!-- \/ Yoast SEO plugin. -->","yoast_head_json":{"title":"Metizolam por elad\u00f3 - V\u00e1s\u00e1roljon Metizolam port online | LG","description":"Szeretne Metizolam por online v\u00e1s\u00e1rolni kedvez\u0151 \u00e1ron? L\u00e1togasson el a j\u00f3 h\u00edr\u0171 Legitgrams online \u00e1ruh\u00e1zunkba, \u00e9s szerezzen Metizolam Powder elad\u00f3 ma. Rendeljen most!","robots":{"index":"index","follow":"follow","max-snippet":"max-snippet:-1","max-image-preview":"max-image-preview:large","max-video-preview":"max-video-preview:-1"},"canonical":"https:\/\/legitgrams.com\/hu\/termek\/metizolam-por\/","og_locale":"hu_HU","og_type":"article","og_title":"Metizolam Powder for Sale - Buy Metizolam Powder Online | LG","og_description":"Looking to buy Metizolam Powder online at a reasonable price? Visit our reputable Legitgrams online store and get Metizolam Powder for sale today. Place an order now!","og_url":"https:\/\/legitgrams.com\/hu\/termek\/metizolam-por\/","og_site_name":"Legit Grams","article_modified_time":"2025-04-03T08:58:31+00:00","og_image":[{"width":600,"height":600,"url":"https:\/\/legitgrams.com\/wp-content\/uploads\/2024\/09\/buy-metizolam-powder-online-1.jpg","type":"image\/jpeg"}],"twitter_card":"summary_large_image","twitter_misc":{"Becs\u00fclt olvas\u00e1si id\u0151":"5 perc"},"schema":{"@context":"https:\/\/schema.org","@graph":[{"@type":"WebPage","@id":"https:\/\/legitgrams.com\/product\/metizolam-powder\/","url":"https:\/\/legitgrams.com\/product\/metizolam-powder\/","name":"Metizolam por elad\u00f3 - V\u00e1s\u00e1roljon Metizolam port online | LG","isPartOf":{"@id":"https:\/\/legitgrams.com\/#website"},"primaryImageOfPage":{"@id":"https:\/\/legitgrams.com\/product\/metizolam-powder\/#primaryimage"},"image":{"@id":"https:\/\/legitgrams.com\/product\/metizolam-powder\/#primaryimage"},"thumbnailUrl":"https:\/\/legitgrams.com\/wp-content\/uploads\/2024\/09\/buy-metizolam-powder-online-1.jpg","datePublished":"2024-09-22T06:41:05+00:00","dateModified":"2025-04-03T08:58:31+00:00","description":"Szeretne Metizolam por online v\u00e1s\u00e1rolni kedvez\u0151 \u00e1ron? L\u00e1togasson el a j\u00f3 h\u00edr\u0171 Legitgrams online \u00e1ruh\u00e1zunkba, \u00e9s szerezzen Metizolam Powder elad\u00f3 ma. Rendeljen most!","breadcrumb":{"@id":"https:\/\/legitgrams.com\/product\/metizolam-powder\/#breadcrumb"},"inLanguage":"hu","potentialAction":[{"@type":"ReadAction","target":["https:\/\/legitgrams.com\/product\/metizolam-powder\/"]}]},{"@type":"ImageObject","inLanguage":"hu","@id":"https:\/\/legitgrams.com\/product\/metizolam-powder\/#primaryimage","url":"https:\/\/legitgrams.com\/wp-content\/uploads\/2024\/09\/buy-metizolam-powder-online-1.jpg","contentUrl":"https:\/\/legitgrams.com\/wp-content\/uploads\/2024\/09\/buy-metizolam-powder-online-1.jpg","width":600,"height":600,"caption":"Metizolam Powder for Sale"},{"@type":"BreadcrumbList","@id":"https:\/\/legitgrams.com\/product\/metizolam-powder\/#breadcrumb","itemListElement":[{"@type":"ListItem","position":1,"name":"Home","item":"https:\/\/legitgrams.com\/"},{"@type":"ListItem","position":2,"name":"Shop","item":"https:\/\/legitgrams.com\/shop\/"},{"@type":"ListItem","position":3,"name":"Buy Metizolam Powder Online"}]},{"@type":"WebSite","@id":"https:\/\/legitgrams.com\/#website","url":"https:\/\/legitgrams.com\/","name":"Legit Grams","description":"Az \u00e9n WordPress blogom","publisher":{"@id":"https:\/\/legitgrams.com\/#organization"},"potentialAction":[{"@type":"SearchAction","target":{"@type":"EntryPoint","urlTemplate":"https:\/\/legitgrams.com\/?s={search_term_string}"},"query-input":{"@type":"PropertyValueSpecification","valueRequired":true,"valueName":"search_term_string"}}],"inLanguage":"hu"},{"@type":"Organization","@id":"https:\/\/legitgrams.com\/#organization","name":"Legit Grams","url":"https:\/\/legitgrams.com\/","logo":{"@type":"ImageObject","inLanguage":"hu","@id":"https:\/\/legitgrams.com\/#\/schema\/logo\/image\/","url":"https:\/\/legitgrams.com\/wp-content\/uploads\/2024\/09\/main-logo.png","contentUrl":"https:\/\/legitgrams.com\/wp-content\/uploads\/2024\/09\/main-logo.png","width":270,"height":75,"caption":"Legit Grams"},"image":{"@id":"https:\/\/legitgrams.com\/#\/schema\/logo\/image\/"}}]}},"uagb_featured_image_src":{"full":["https:\/\/legitgrams.com\/wp-content\/uploads\/2024\/09\/buy-metizolam-powder-online-1.jpg",600,600,false],"thumbnail":["https:\/\/legitgrams.com\/wp-content\/uploads\/2024\/09\/buy-metizolam-powder-online-1-150x150.jpg",150,150,true],"medium":["https:\/\/legitgrams.com\/wp-content\/uploads\/2024\/09\/buy-metizolam-powder-online-1-300x300.jpg",300,300,true],"medium_large":["https:\/\/legitgrams.com\/wp-content\/uploads\/2024\/09\/buy-metizolam-powder-online-1.jpg",600,600,false],"large":["https:\/\/legitgrams.com\/wp-content\/uploads\/2024\/09\/buy-metizolam-powder-online-1.jpg",600,600,false],"1536x1536":["https:\/\/legitgrams.com\/wp-content\/uploads\/2024\/09\/buy-metizolam-powder-online-1.jpg",600,600,false],"2048x2048":["https:\/\/legitgrams.com\/wp-content\/uploads\/2024\/09\/buy-metizolam-powder-online-1.jpg",600,600,false],"trp-custom-language-flag":["https:\/\/legitgrams.com\/wp-content\/uploads\/2024\/09\/buy-metizolam-powder-online-1-12x12.jpg",12,12,true],"woocommerce_thumbnail":["https:\/\/legitgrams.com\/wp-content\/uploads\/2024\/09\/buy-metizolam-powder-online-1-300x300.jpg",300,300,true],"woocommerce_single":["https:\/\/legitgrams.com\/wp-content\/uploads\/2024\/09\/buy-metizolam-powder-online-1.jpg",600,600,false],"woocommerce_gallery_thumbnail":["https:\/\/legitgrams.com\/wp-content\/uploads\/2024\/09\/buy-metizolam-powder-online-1-100x100.jpg",100,100,true]},"uagb_author_info":{"display_name":"cokeblog18","author_link":"https:\/\/legitgrams.com\/hu\/author\/"},"uagb_comment_info":0,"uagb_excerpt":"Purchase Powdered Metizolam Online API, active pharmaceutical ingredients, intermediates, DMF, FDA, US Drug Master Files, documentation, and certification for etizolam powder are all produced and supplied globally by Dandy Drugs. We offer to purchase top-notch sources with corresponding technical packages in accordance with commercialization or RND\/Development standards. Etizolam distributor from China. manufacturers of etizolam. Purchase&hellip;","_links":{"self":[{"href":"https:\/\/legitgrams.com\/hu\/wp-json\/wp\/v2\/product\/4226","targetHints":{"allow":["GET"]}}],"collection":[{"href":"https:\/\/legitgrams.com\/hu\/wp-json\/wp\/v2\/product"}],"about":[{"href":"https:\/\/legitgrams.com\/hu\/wp-json\/wp\/v2\/types\/product"}],"replies":[{"embeddable":true,"href":"https:\/\/legitgrams.com\/hu\/wp-json\/wp\/v2\/comments?post=4226"}],"wp:featuredmedia":[{"embeddable":true,"href":"https:\/\/legitgrams.com\/hu\/wp-json\/wp\/v2\/media\/5291"}],"wp:attachment":[{"href":"https:\/\/legitgrams.com\/hu\/wp-json\/wp\/v2\/media?parent=4226"}],"wp:term":[{"taxonomy":"product_brand","embeddable":true,"href":"https:\/\/legitgrams.com\/hu\/wp-json\/wp\/v2\/product_brand?post=4226"},{"taxonomy":"product_cat","embeddable":true,"href":"https:\/\/legitgrams.com\/hu\/wp-json\/wp\/v2\/product_cat?post=4226"},{"taxonomy":"product_tag","embeddable":true,"href":"https:\/\/legitgrams.com\/hu\/wp-json\/wp\/v2\/product_tag?post=4226"}],"curies":[{"name":"wp","href":"https:\/\/api.w.org\/{rel}","templated":true}]}}