{"id":4229,"date":"2024-09-22T06:39:57","date_gmt":"2024-09-22T06:39:57","guid":{"rendered":"https:\/\/legitgrams.com\/?post_type=product&#038;p=4229"},"modified":"2025-04-03T09:21:55","modified_gmt":"2025-04-03T09:21:55","slug":"mpa-metiopropamin-por","status":"publish","type":"product","link":"https:\/\/legitgrams.com\/hu\/termek\/mpa-metiopropamin-por\/","title":{"rendered":"MPA metiopropamin por online megv\u00e1s\u00e1rl\u00e1sa"},"content":{"rendered":"<h2>V\u00e1s\u00e1roljon MPA metiopropamin port online: Javasolt adagol\u00e1s: 100-200 mg<\/h2>\n<p><a href=\"https:\/\/www.bing.com\/search?q=Buy+MPA+Methiopropamine+Powder+Online&amp;qs=n&amp;form=QBRE&amp;sp=-1&amp;lq=0&amp;pq=buy+mpa+methiopropamine+powder+online&amp;sc=0-37&amp;sk=&amp;cvid=891999D506124B479CF955D4BA32468C&amp;ghsh=0&amp;ghacc=0&amp;ghpl=\">A metamfetamin<\/a> szerkezeti egyen\u00e9rt\u00e9k\u0171, <a href=\"https:\/\/legitgrams.com\/hu\/termek\/mpa-metiopropamin-por\/\">metiopropamin (MPA)<\/a>el\u0151sz\u00f6r 1942-ben azonos\u00edtott\u00e1k, \u00e9s alapja egy tiof\u00e9ngy\u0171r\u0171.<\/p>\n<p>Mivel se nem amfetamin, se nem fenetil-amin, \u00e9s nem is funkcion\u00e1lis megfelel\u0151je, teljesen leg\u00e1lis.<\/p>\n<p>az anal\u00f3g gy\u00f3gyszerek tilalm\u00e1t teljesen kiker\u00fclni. 2010 december\u00e9ben az Egyes\u00fclt Kir\u00e1lys\u00e1g \u201etanulm\u00e1ny\u00e1t\u201d el\u0151sz\u00f6r \u00e1ltal\u00e1nos beszerz\u00e9sre tett\u00e9k el\u00e9rhet\u0151v\u00e9.<\/p>\n<p>A k\u00f6zelm\u00faltban a \u201ek\u00e9mi\u00e1t\u201d vagy a \u201eleg\u00e1lis k\u00e1b\u00edt\u00f3szert\u201d b\u00edr\u00e1lt\u00e1k. Folyamatos termel\u00e9se ellen\u00e9re nem haszn\u00e1lj\u00e1k sz\u00e9les k\u00f6rben rekre\u00e1ci\u00f3s c\u00e9l\u00fa stimul\u00e1nsk\u00e9nt. <a href=\"https:\/\/legitgrams.com\/hu\/\">LegitGrams<\/a><\/p>\n<h3>a metamfetaminhoz hasonl\u00f3 hat\u00e1s\u00fa.<\/h3>\n<p>A kutat\u00e1si vegyszerek v\u00e1s\u00e1rl\u00e1s\u00e1nak legjobb webhelye a V\u00e1s\u00e1rl\u00e1s<a href=\"https:\/\/www.google.com\/search?q=Buy+MPA+Methiopropamine+Powder+Online&amp;num=10&amp;sca_esv=1a2a07081c7891bb&amp;rlz=1C1RXQR_enIN1098IN1098&amp;sxsrf=AHTn8zpfveWQ17g1cCZITNsWX1Fu5SEREQ%3A1741686354846&amp;ei=UgbQZ8CtM8vL1e8P6bjduQM&amp;ved=0ahUKEwjAnvaj34GMAxXLZfUHHWlcNzcQ4dUDCBA&amp;uact=5&amp;oq=Buy+MPA+Methiopropamine+Powder+Online&amp;gs_lp=Egxnd3Mtd2l6LXNlcnAiJUJ1eSBNUEEgTWV0aGlvcHJvcGFtaW5lIFBvd2RlciBPbmxpbmUyBRAhGKABMgUQIRigATIFECEYoAEyBRAhGKABSO0GUIIFWIIFcAJ4AJABAJgB3wGgAd8BqgEDMi0xuAEDyAEA-AEC-AEBmAIBoALoAZgDAIgGAZIHAzItMaAH-wM&amp;sclient=gws-wiz-serp\"> MPA metiopropamin por elad\u00f3<\/a>, Kutat\u00e1si vegyszerek besz\u00e1ll\u00edt\u00f3i, Kutat\u00e1si vegyszerek v\u00e1s\u00e1rl\u00e1sa K\u00edn\u00e1ban.<\/p>\n<p>vegyszerek, test\u00e9p\u00edt\u00e9s kutat\u00e1si vegyszerek, olcs\u00f3 kutat\u00e1s, Reddit kutat\u00e1si vegyszerek anyagok, USA,<\/p>\n<h3>Kutat\u00e1si vegyi anyagok online v\u00e1s\u00e1rl\u00e1sa Eur\u00f3p\u00e1ban<\/h3>\n<p>v\u00e1s\u00e1rl\u00e1s <a href=\"https:\/\/en.wikipedia.org\/wiki\/Methiopropamine\">MPA metiopropamin<\/a> por online \u2013 v\u00e1s\u00e1roljon MPA metiopropamin port, v\u00e1s\u00e1roljon MPA metiopropamin port az Egyes\u00fclt \u00c1llamokban, v\u00e1s\u00e1roljon MPA metiopropamin port online, USA, hol v\u00e1s\u00e1rolhat MPA metiopropamin port, <a href=\"https:\/\/duckduckgo.com\/?q=Vsroljon+MPA-metiopropamin+port+online&amp;t=h_\">MPA metiopropamin por elad\u00f3<\/a>, MPA methiopropamine por elad\u00f3 a k\u00f6zelemben, MPA methiopropamin por v\u00e1s\u00e1rl\u00e1sa online k\u00f6zelemben, hol MPA metiopropamin por v\u00e1s\u00e1rl\u00e1sa online, MPA metiopropamin por elad\u00f3 az USA-ban, Kanad\u00e1ban, Egyes\u00fclt Kir\u00e1lys\u00e1gban, v\u00e1s\u00e1rl\u00e1s, online, sz\u00e1ll\u00edt\u00f3k, biztons\u00e1gos sz\u00e1ll\u00edt\u00e1s, Az MPA metiopropamin por tov\u00e1bbra is el\u00e9rhet\u0151. Leg\u00e1lis az MPA metiopropamin por online v\u00e1s\u00e1rl\u00e1sa az Egyes\u00fclt \u00c1llamokban? Hogyan rendelhetek MPA metiopropamin port? Leg\u00e1lis az MPA metiopropamin por Kanad\u00e1ban?<\/p>","protected":false},"excerpt":{"rendered":"<p>Purchase MPA Methiopropamine Powder Online : Recommended dosage: 100\u2013200 mg Methamphetamine&#8217;s structural equivalent, methiopropamine (MPA), was first identified in 1942 and is based on a thiophene ring. Since it is neither an amphetamine nor phenethylamine, nor is it a functional equivalent, it is entirely legal. evade the ban on analog drugs altogether. In December 2010, &hellip;<\/p>\n<p class=\"read-more\"> <a class=\"\" href=\"https:\/\/legitgrams.com\/hu\/termek\/mpa-metiopropamin-por\/\"> <span class=\"screen-reader-text\">MPA metiopropamin por online megv\u00e1s\u00e1rl\u00e1sa<\/span> Olvass tov\u00e1bb \"<\/a><\/p>","protected":false},"featured_media":5293,"comment_status":"open","ping_status":"closed","template":"","meta":{"_uag_custom_page_level_css":"","site-sidebar-layout":"default","site-content-layout":"default","ast-global-header-display":"","ast-main-header-display":"","ast-hfb-above-header-display":"","ast-hfb-below-header-display":"","ast-hfb-mobile-header-display":"","site-post-title":"","ast-breadcrumbs-content":"","ast-featured-img":"","footer-sml-layout":"","theme-transparent-header-meta":"default","adv-header-id-meta":"","stick-header-meta":"default","header-above-stick-meta":"","header-main-stick-meta":"","header-below-stick-meta":"","_joinchat":[]},"product_brand":[],"product_cat":[600],"product_tag":[1888,1878,617,1870,1885,1882,1877,1869,1872,1880,1873,1871,1883,1890,1891,1889,1881,1886,1875,1887,1884,625,1876,1879,1874],"class_list":{"0":"post-4229","1":"product","2":"type-product","3":"status-publish","4":"has-post-thumbnail","6":"product_cat-research-chemicals-and-bath-salt","7":"product_tag-best-cheap-price-mpa-methiopropamine-powder","8":"product_tag-best-place-to-buy-mpa-methiopropamine-powder","9":"product_tag-bulk-online","10":"product_tag-buy-mpa-methiopropamine-powder","11":"product_tag-cheap-mpa-methiopropamine-powder","12":"product_tag-high-quality-mpa-methiopropamine-powder","13":"product_tag-how-to-buy-mpa-methiopropamine-powder","14":"product_tag-mpa-methiopropamine-powder","15":"product_tag-mpa-methiopropamine-powder-for-sale","16":"product_tag-mpa-methiopropamine-powder-legally","17":"product_tag-mpa-methiopropamine-powder-mpa-methiopropamine-powder-supplier","18":"product_tag-mpa-methiopropamine-powder-online","19":"product_tag-mpa-methiopropamine-powder-store","20":"product_tag-mpa-methiopropamine-powder-use","21":"product_tag-mpa-methiopropamine-powder-wiki","22":"product_tag-mpa-methiopropamine-powder-worldwide","23":"product_tag-mpa-methiopropamine-powderprice","24":"product_tag-mpa-methiopropamine-powders","25":"product_tag-order-mpa-methiopropamine-powder","26":"product_tag-purcharse-mpa-methiopropamine-powder","27":"product_tag-shop-mpa-methiopropamine-powder","28":"product_tag-top-quality","29":"product_tag-where-to-buy-mpa-methiopropamine-powder","30":"product_tag-where-to-order-mpa-methiopropamine-powder","31":"product_tag-wholesale-mpa-methiopropamine-powder","32":"desktop-align-left","33":"tablet-align-left","34":"mobile-align-left","35":"ast-product-gallery-layout-horizontal","36":"ast-product-gallery-with-no-image","37":"ast-product-single-variable","38":"ast-product-tabs-layout-horizontal","39":"ast-qv-on-image","41":"first","42":"instock","43":"shipping-taxable","44":"purchasable","45":"product-type-variable"},"yoast_head":"<!-- This site is optimized with the Yoast SEO plugin v25.9 - https:\/\/yoast.com\/wordpress\/plugins\/seo\/ -->\n<title>MPA Methiopropamine Powder for Sale | LegitGrams<\/title>\n<meta name=\"description\" content=\"Explore our online store for mpa methiopropamine Powder for sale, offering high-quality mpa methiopropamine Powder online securely and embark on your research journey with confidence.\" \/>\n<meta name=\"robots\" content=\"index, follow, max-snippet:-1, max-image-preview:large, max-video-preview:-1\" \/>\n<link rel=\"canonical\" href=\"https:\/\/legitgrams.com\/hu\/termek\/mpa-metiopropamin-por\/\" \/>\n<meta property=\"og:locale\" content=\"hu_HU\" \/>\n<meta property=\"og:type\" content=\"article\" \/>\n<meta property=\"og:title\" content=\"MPA Methiopropamine Powder for Sale | LegitGrams\" \/>\n<meta property=\"og:description\" content=\"Explore our online store for mpa methiopropamine Powder for sale, offering high-quality mpa methiopropamine Powder online securely and embark on your research journey with confidence.\" \/>\n<meta property=\"og:url\" content=\"https:\/\/legitgrams.com\/hu\/termek\/mpa-metiopropamin-por\/\" \/>\n<meta property=\"og:site_name\" content=\"Legit Grams\" \/>\n<meta property=\"article:modified_time\" content=\"2025-04-03T09:21:55+00:00\" \/>\n<meta property=\"og:image\" content=\"https:\/\/legitgrams.com\/wp-content\/uploads\/2024\/09\/buy-mpa-methiopropamine-powder-online.jpg\" \/>\n\t<meta property=\"og:image:width\" content=\"600\" \/>\n\t<meta property=\"og:image:height\" content=\"600\" \/>\n\t<meta property=\"og:image:type\" content=\"image\/jpeg\" \/>\n<meta name=\"twitter:card\" content=\"summary_large_image\" \/>\n<meta name=\"twitter:label1\" content=\"Becs\u00fclt olvas\u00e1si id\u0151\" \/>\n\t<meta name=\"twitter:data1\" content=\"2 perc\" \/>\n<script type=\"application\/ld+json\" class=\"yoast-schema-graph\">{\"@context\":\"https:\/\/schema.org\",\"@graph\":[{\"@type\":\"WebPage\",\"@id\":\"https:\/\/legitgrams.com\/product\/mpa-methiopropamine-powder\/\",\"url\":\"https:\/\/legitgrams.com\/product\/mpa-methiopropamine-powder\/\",\"name\":\"MPA Methiopropamine Powder for Sale | LegitGrams\",\"isPartOf\":{\"@id\":\"https:\/\/legitgrams.com\/#website\"},\"primaryImageOfPage\":{\"@id\":\"https:\/\/legitgrams.com\/product\/mpa-methiopropamine-powder\/#primaryimage\"},\"image\":{\"@id\":\"https:\/\/legitgrams.com\/product\/mpa-methiopropamine-powder\/#primaryimage\"},\"thumbnailUrl\":\"https:\/\/legitgrams.com\/wp-content\/uploads\/2024\/09\/buy-mpa-methiopropamine-powder-online.jpg\",\"datePublished\":\"2024-09-22T06:39:57+00:00\",\"dateModified\":\"2025-04-03T09:21:55+00:00\",\"description\":\"Explore our online store for mpa methiopropamine Powder for sale, offering high-quality mpa methiopropamine Powder online securely and embark on your research journey with confidence.\",\"breadcrumb\":{\"@id\":\"https:\/\/legitgrams.com\/product\/mpa-methiopropamine-powder\/#breadcrumb\"},\"inLanguage\":\"hu\",\"potentialAction\":[{\"@type\":\"ReadAction\",\"target\":[\"https:\/\/legitgrams.com\/product\/mpa-methiopropamine-powder\/\"]}]},{\"@type\":\"ImageObject\",\"inLanguage\":\"hu\",\"@id\":\"https:\/\/legitgrams.com\/product\/mpa-methiopropamine-powder\/#primaryimage\",\"url\":\"https:\/\/legitgrams.com\/wp-content\/uploads\/2024\/09\/buy-mpa-methiopropamine-powder-online.jpg\",\"contentUrl\":\"https:\/\/legitgrams.com\/wp-content\/uploads\/2024\/09\/buy-mpa-methiopropamine-powder-online.jpg\",\"width\":600,\"height\":600,\"caption\":\"MPA Methiopropamine Powder for Sale\"},{\"@type\":\"BreadcrumbList\",\"@id\":\"https:\/\/legitgrams.com\/product\/mpa-methiopropamine-powder\/#breadcrumb\",\"itemListElement\":[{\"@type\":\"ListItem\",\"position\":1,\"name\":\"Home\",\"item\":\"https:\/\/legitgrams.com\/\"},{\"@type\":\"ListItem\",\"position\":2,\"name\":\"Shop\",\"item\":\"https:\/\/legitgrams.com\/shop\/\"},{\"@type\":\"ListItem\",\"position\":3,\"name\":\"Buy MPA Methiopropamine Powder Online\"}]},{\"@type\":\"WebSite\",\"@id\":\"https:\/\/legitgrams.com\/#website\",\"url\":\"https:\/\/legitgrams.com\/\",\"name\":\"Legit Grams\",\"description\":\"My WordPress Blog\",\"publisher\":{\"@id\":\"https:\/\/legitgrams.com\/#organization\"},\"potentialAction\":[{\"@type\":\"SearchAction\",\"target\":{\"@type\":\"EntryPoint\",\"urlTemplate\":\"https:\/\/legitgrams.com\/?s={search_term_string}\"},\"query-input\":{\"@type\":\"PropertyValueSpecification\",\"valueRequired\":true,\"valueName\":\"search_term_string\"}}],\"inLanguage\":\"hu\"},{\"@type\":\"Organization\",\"@id\":\"https:\/\/legitgrams.com\/#organization\",\"name\":\"Legit Grams\",\"url\":\"https:\/\/legitgrams.com\/\",\"logo\":{\"@type\":\"ImageObject\",\"inLanguage\":\"hu\",\"@id\":\"https:\/\/legitgrams.com\/#\/schema\/logo\/image\/\",\"url\":\"https:\/\/legitgrams.com\/wp-content\/uploads\/2024\/09\/main-logo.png\",\"contentUrl\":\"https:\/\/legitgrams.com\/wp-content\/uploads\/2024\/09\/main-logo.png\",\"width\":270,\"height\":75,\"caption\":\"Legit Grams\"},\"image\":{\"@id\":\"https:\/\/legitgrams.com\/#\/schema\/logo\/image\/\"}}]}<\/script>\n<!-- \/ Yoast SEO plugin. -->","yoast_head_json":{"title":"MPA metiopropamin por elad\u00f3 | LegitGrams","description":"Fedezze fel online \u00e1ruh\u00e1zunkat az elad\u00f3 mpa methiopropamin port keres\u00e9s\u00e9re, amely kiv\u00e1l\u00f3 min\u0151s\u00e9g\u0171 mpa methiopropamin port k\u00edn\u00e1l biztons\u00e1gosan online, \u00e9s induljon bizalommal kutat\u00e1si \u00fatj\u00e1ra.","robots":{"index":"index","follow":"follow","max-snippet":"max-snippet:-1","max-image-preview":"max-image-preview:large","max-video-preview":"max-video-preview:-1"},"canonical":"https:\/\/legitgrams.com\/hu\/termek\/mpa-metiopropamin-por\/","og_locale":"hu_HU","og_type":"article","og_title":"MPA Methiopropamine Powder for Sale | LegitGrams","og_description":"Explore our online store for mpa methiopropamine Powder for sale, offering high-quality mpa methiopropamine Powder online securely and embark on your research journey with confidence.","og_url":"https:\/\/legitgrams.com\/hu\/termek\/mpa-metiopropamin-por\/","og_site_name":"Legit Grams","article_modified_time":"2025-04-03T09:21:55+00:00","og_image":[{"width":600,"height":600,"url":"https:\/\/legitgrams.com\/wp-content\/uploads\/2024\/09\/buy-mpa-methiopropamine-powder-online.jpg","type":"image\/jpeg"}],"twitter_card":"summary_large_image","twitter_misc":{"Becs\u00fclt olvas\u00e1si id\u0151":"2 perc"},"schema":{"@context":"https:\/\/schema.org","@graph":[{"@type":"WebPage","@id":"https:\/\/legitgrams.com\/product\/mpa-methiopropamine-powder\/","url":"https:\/\/legitgrams.com\/product\/mpa-methiopropamine-powder\/","name":"MPA metiopropamin por elad\u00f3 | LegitGrams","isPartOf":{"@id":"https:\/\/legitgrams.com\/#website"},"primaryImageOfPage":{"@id":"https:\/\/legitgrams.com\/product\/mpa-methiopropamine-powder\/#primaryimage"},"image":{"@id":"https:\/\/legitgrams.com\/product\/mpa-methiopropamine-powder\/#primaryimage"},"thumbnailUrl":"https:\/\/legitgrams.com\/wp-content\/uploads\/2024\/09\/buy-mpa-methiopropamine-powder-online.jpg","datePublished":"2024-09-22T06:39:57+00:00","dateModified":"2025-04-03T09:21:55+00:00","description":"Fedezze fel online \u00e1ruh\u00e1zunkat az elad\u00f3 mpa methiopropamin port keres\u00e9s\u00e9re, amely kiv\u00e1l\u00f3 min\u0151s\u00e9g\u0171 mpa methiopropamin port k\u00edn\u00e1l biztons\u00e1gosan online, \u00e9s induljon bizalommal kutat\u00e1si \u00fatj\u00e1ra.","breadcrumb":{"@id":"https:\/\/legitgrams.com\/product\/mpa-methiopropamine-powder\/#breadcrumb"},"inLanguage":"hu","potentialAction":[{"@type":"ReadAction","target":["https:\/\/legitgrams.com\/product\/mpa-methiopropamine-powder\/"]}]},{"@type":"ImageObject","inLanguage":"hu","@id":"https:\/\/legitgrams.com\/product\/mpa-methiopropamine-powder\/#primaryimage","url":"https:\/\/legitgrams.com\/wp-content\/uploads\/2024\/09\/buy-mpa-methiopropamine-powder-online.jpg","contentUrl":"https:\/\/legitgrams.com\/wp-content\/uploads\/2024\/09\/buy-mpa-methiopropamine-powder-online.jpg","width":600,"height":600,"caption":"MPA Methiopropamine Powder for Sale"},{"@type":"BreadcrumbList","@id":"https:\/\/legitgrams.com\/product\/mpa-methiopropamine-powder\/#breadcrumb","itemListElement":[{"@type":"ListItem","position":1,"name":"Home","item":"https:\/\/legitgrams.com\/"},{"@type":"ListItem","position":2,"name":"Shop","item":"https:\/\/legitgrams.com\/shop\/"},{"@type":"ListItem","position":3,"name":"Buy MPA Methiopropamine Powder Online"}]},{"@type":"WebSite","@id":"https:\/\/legitgrams.com\/#website","url":"https:\/\/legitgrams.com\/","name":"Legit Grams","description":"Az \u00e9n WordPress blogom","publisher":{"@id":"https:\/\/legitgrams.com\/#organization"},"potentialAction":[{"@type":"SearchAction","target":{"@type":"EntryPoint","urlTemplate":"https:\/\/legitgrams.com\/?s={search_term_string}"},"query-input":{"@type":"PropertyValueSpecification","valueRequired":true,"valueName":"search_term_string"}}],"inLanguage":"hu"},{"@type":"Organization","@id":"https:\/\/legitgrams.com\/#organization","name":"Legit Grams","url":"https:\/\/legitgrams.com\/","logo":{"@type":"ImageObject","inLanguage":"hu","@id":"https:\/\/legitgrams.com\/#\/schema\/logo\/image\/","url":"https:\/\/legitgrams.com\/wp-content\/uploads\/2024\/09\/main-logo.png","contentUrl":"https:\/\/legitgrams.com\/wp-content\/uploads\/2024\/09\/main-logo.png","width":270,"height":75,"caption":"Legit Grams"},"image":{"@id":"https:\/\/legitgrams.com\/#\/schema\/logo\/image\/"}}]}},"uagb_featured_image_src":{"full":["https:\/\/legitgrams.com\/wp-content\/uploads\/2024\/09\/buy-mpa-methiopropamine-powder-online.jpg",600,600,false],"thumbnail":["https:\/\/legitgrams.com\/wp-content\/uploads\/2024\/09\/buy-mpa-methiopropamine-powder-online-150x150.jpg",150,150,true],"medium":["https:\/\/legitgrams.com\/wp-content\/uploads\/2024\/09\/buy-mpa-methiopropamine-powder-online-300x300.jpg",300,300,true],"medium_large":["https:\/\/legitgrams.com\/wp-content\/uploads\/2024\/09\/buy-mpa-methiopropamine-powder-online.jpg",600,600,false],"large":["https:\/\/legitgrams.com\/wp-content\/uploads\/2024\/09\/buy-mpa-methiopropamine-powder-online.jpg",600,600,false],"1536x1536":["https:\/\/legitgrams.com\/wp-content\/uploads\/2024\/09\/buy-mpa-methiopropamine-powder-online.jpg",600,600,false],"2048x2048":["https:\/\/legitgrams.com\/wp-content\/uploads\/2024\/09\/buy-mpa-methiopropamine-powder-online.jpg",600,600,false],"trp-custom-language-flag":["https:\/\/legitgrams.com\/wp-content\/uploads\/2024\/09\/buy-mpa-methiopropamine-powder-online-12x12.jpg",12,12,true],"woocommerce_thumbnail":["https:\/\/legitgrams.com\/wp-content\/uploads\/2024\/09\/buy-mpa-methiopropamine-powder-online-300x300.jpg",300,300,true],"woocommerce_single":["https:\/\/legitgrams.com\/wp-content\/uploads\/2024\/09\/buy-mpa-methiopropamine-powder-online.jpg",600,600,false],"woocommerce_gallery_thumbnail":["https:\/\/legitgrams.com\/wp-content\/uploads\/2024\/09\/buy-mpa-methiopropamine-powder-online-100x100.jpg",100,100,true]},"uagb_author_info":{"display_name":"cokeblog18","author_link":"https:\/\/legitgrams.com\/hu\/author\/"},"uagb_comment_info":0,"uagb_excerpt":"Purchase MPA Methiopropamine Powder Online : Recommended dosage: 100\u2013200 mg Methamphetamine&#8217;s structural equivalent, methiopropamine (MPA), was first identified in 1942 and is based on a thiophene ring. Since it is neither an amphetamine nor phenethylamine, nor is it a functional equivalent, it is entirely legal. evade the ban on analog drugs altogether. In December 2010,&hellip;","_links":{"self":[{"href":"https:\/\/legitgrams.com\/hu\/wp-json\/wp\/v2\/product\/4229","targetHints":{"allow":["GET"]}}],"collection":[{"href":"https:\/\/legitgrams.com\/hu\/wp-json\/wp\/v2\/product"}],"about":[{"href":"https:\/\/legitgrams.com\/hu\/wp-json\/wp\/v2\/types\/product"}],"replies":[{"embeddable":true,"href":"https:\/\/legitgrams.com\/hu\/wp-json\/wp\/v2\/comments?post=4229"}],"wp:featuredmedia":[{"embeddable":true,"href":"https:\/\/legitgrams.com\/hu\/wp-json\/wp\/v2\/media\/5293"}],"wp:attachment":[{"href":"https:\/\/legitgrams.com\/hu\/wp-json\/wp\/v2\/media?parent=4229"}],"wp:term":[{"taxonomy":"product_brand","embeddable":true,"href":"https:\/\/legitgrams.com\/hu\/wp-json\/wp\/v2\/product_brand?post=4229"},{"taxonomy":"product_cat","embeddable":true,"href":"https:\/\/legitgrams.com\/hu\/wp-json\/wp\/v2\/product_cat?post=4229"},{"taxonomy":"product_tag","embeddable":true,"href":"https:\/\/legitgrams.com\/hu\/wp-json\/wp\/v2\/product_tag?post=4229"}],"curies":[{"name":"wp","href":"https:\/\/api.w.org\/{rel}","templated":true}]}}