{"id":4230,"date":"2024-09-22T06:38:57","date_gmt":"2024-09-22T06:38:57","guid":{"rendered":"https:\/\/legitgrams.com\/?post_type=product&#038;p=4230"},"modified":"2025-04-03T10:05:20","modified_gmt":"2025-04-03T10:05:20","slug":"tiszta-dimetiltriptamin-dmt","status":"publish","type":"product","link":"https:\/\/legitgrams.com\/hu\/termek\/tiszta-dimetiltriptamin-dmt\/","title":{"rendered":"V\u00e1s\u00e1roljon tiszta dimetiltriptamin DMT online"},"content":{"rendered":"<h2>Tiszta dimetiltriptamin DMT DMT (tiszta dimetiltriptamin) v\u00e1s\u00e1rl\u00e1sa online<\/h2>\n<p>A Piptadenia peregrina (Mimosaceae) magjait \u00e9s leveleit az Emphysema cohoba hallucinog\u00e9n n\u00f6v\u00e9ny el\u0151\u00e1ll\u00edt\u00e1s\u00e1hoz haszn\u00e1lj\u00e1k. A dimetiltriptamin sz\u00e1mos n\u00f6v\u00e9nyi anyag hat\u00f3anyaga. D\u00e9l-amerikai n\u00f6v\u00e9nyekb\u0151l is sz\u00e1rmazik. \u00c1ll\u00edt\u00f3lag a Mucuna Pruriens tr\u00f3pusi h\u00fcvelyesben tal\u00e1lhat\u00f3. <a style=\"font-size: 16px; background-color: #ffffff;\" href=\"https:\/\/legitgrams.com\/hu\/\">LegitGrams<\/a><\/p>\n<p><a href=\"https:\/\/duckduckgo.com\/?q=Vsroljon+tiszta+dimetiltriptamin+DMT-t+online&amp;t=h_\">Emphysema cohoba<\/a>, egy hallucinog\u00e9n n\u00f6v\u00e9ny, a magokb\u00f3l \u00e9s levelekb\u0151l k\u00e9sz\u00fcl. <a href=\"https:\/\/www.google.com\/search?q=Vsroljon+tiszta+dimetiltriptamin+DMT-t+online&amp;sca_esv=eddefdb7b92e7545&amp;sxsrf=AHTn8zqMjAVdER0KGR1NSlpjeGO2WUIxIg1743671692955&amp;ei=jFHuZ6iGOryK0PEP7JOrwQg&amp;ved=0ahUKEwio_POew7uMAxU8BTQIHezJKogQ4dUDCBA&amp;uact=5&amp;oq=Vsroljon+tiszta+dimetiltriptamin+DMT-t+online&amp;gs_lp=Egxnd3Mtd2l6LXNlcnAiMVbDoXPDoXJvbGpvbiB0aXN6dGEgZGltZXRpbHRyaXB0YW1pbiBETVQtdCBvbmxpbmVI4QNQAFgAcAB4AJABAJgBggOgAYIDqgEDMy0xuAEDyAEA-AEC-AEBmAIAoAIAmAMAkgcAoAdlsgcAuAcA&amp;sclient=gws-wiz-serp\">Piptadenia peregrina<\/a> (Mimosaceae). Az ezekben a n\u00f6v\u00e9nyi anyagokban l\u00e9v\u0151 akt\u00edv elem <a href=\"https:\/\/legitgrams.com\/hu\/termek\/tiszta-dimetiltriptamin-dmt\/\">dimetiltriptamin<\/a>. D\u00e9l-Amerik\u00e1ban tal\u00e1lhat\u00f3 n\u00f6v\u00e9nyekb\u0151l is sz\u00e1rmazik. \u00e1ll\u00edt\u00f3lag a Mucuna Pruriensben, egy tr\u00f3pusi h\u00fcvelyesben tal\u00e1lhat\u00f3.<\/p>\n<p>Purchase Pure DMT Online: Purchase Pure DMT online, purchase <a href=\"https:\/\/www.google.com\/search?q=Vsroljon+tiszta+dimetiltriptamin+DMT-t+online&amp;sca_esv=eddefdb7b92e7545&amp;sxsrf=AHTn8zqUo7C0R9xgFMxoEAiqqsp94nUyrQ1743675255991&amp;ei=d1_uZ8yjPLHh0PEP4fGiuAM&amp;ved=0ahUKEwiMu_LB0LuMAxWxMDQIHeG4CDcQ4dUDCBA&amp;uact=5&amp;oq=Vsroljon+tiszta+dimetiltriptamin+DMT-t+online&amp;gs_lp=Egxnd3Mtd2l6LXNlcnAiMVbDoXPDoXJvbGpvbiB0aXN6dGEgZGltZXRpbHRyaXB0YW1pbiBETVQtdCBvbmxpbmVI0ARQAFgAcAB4AJABAJgB9gKgAfYCqgEDMy0xuAEDyAEA-AEC-AEBmAIAoAIAmAMAkgcAoAdlsgcAuAcA&amp;sclient=gws-wiz-serp\">Tiszta dimetiltriptamin DMT<\/a> az USA-ban: Hol v\u00e1s\u00e1rolhat Pure Dimethyltriptamin DMT-t, Pure Dimethyltriptamin DMT elad\u00f3, v\u00e1s\u00e1roljon Pure Dimethyltriptamin DMT-t elad\u00e1sra a k\u00f6zelben, hol v\u00e1s\u00e1rolhat tiszta dimetiltriptamin DMT-t online, hol v\u00e1s\u00e1rolhatja meg helyben, \u00e9s mennyibe ker\u00fcl a tiszta dimetiltriptamin DMT az Egyes\u00fclt \u00c1llamokban, Kanad\u00e1ban \u00e9s az Egyes\u00fclt Kir\u00e1lys\u00e1gban? A tiszta dimetiltriptamin DMT tov\u00e1bbra is el\u00e9rhet\u0151. Beszerezheti online. A tiszta dimetil-triptamin DMT leg\u00e1lis Kanad\u00e1ban. Tiszta <a href=\"https:\/\/en.wikipedia.org\/wiki\/N,N-Dimethyltryptamine\">dimetiltriptamin DMT<\/a> enged\u00e9lyezett az Egyes\u00fclt \u00c1llamokban?<\/p>","protected":false},"excerpt":{"rendered":"<p>Purchase of Pure Dimethyltryptamine DMT DMT (pure dimethyltryptamine) Online The seeds and leaves of Piptadenia peregrina (Mimosaceae) are used to make the hallucinogenic plant Emphysema cohoba. Dimethyltryptamine is the active ingredient in several plant materials. It also comes from South American plants. Reportedly present in the tropical legume Mucuna Pruriens. LegitGrams Emphysema cohoba, a hallucinogenic &hellip;<\/p>\n<p class=\"read-more\"> <a class=\"\" href=\"https:\/\/legitgrams.com\/hu\/termek\/tiszta-dimetiltriptamin-dmt\/\"> <span class=\"screen-reader-text\">V\u00e1s\u00e1roljon tiszta dimetiltriptamin DMT online<\/span> Olvass tov\u00e1bb \"<\/a><\/p>","protected":false},"featured_media":5299,"comment_status":"open","ping_status":"closed","template":"","meta":{"_uag_custom_page_level_css":"","site-sidebar-layout":"default","site-content-layout":"default","ast-global-header-display":"","ast-main-header-display":"","ast-hfb-above-header-display":"","ast-hfb-below-header-display":"","ast-hfb-mobile-header-display":"","site-post-title":"","ast-breadcrumbs-content":"","ast-featured-img":"","footer-sml-layout":"","theme-transparent-header-meta":"default","adv-header-id-meta":"","stick-header-meta":"default","header-above-stick-meta":"","header-main-stick-meta":"","header-below-stick-meta":"","_joinchat":[]},"product_brand":[],"product_cat":[600],"product_tag":[1911,1901,617,1893,1908,1905,1900,1898,1910,1892,1895,1903,1894,1896,1906,1913,1914,1912,1904,1909,1907,625,1899,1902,1897],"class_list":{"0":"post-4230","1":"product","2":"type-product","3":"status-publish","4":"has-post-thumbnail","6":"product_cat-research-chemicals-and-bath-salt","7":"product_tag-best-cheap-price-pure-dimethyltryptamine-dmt","8":"product_tag-best-place-to-buy-pure-dimethyltryptamine-dmt","9":"product_tag-bulk-online","10":"product_tag-buy-pure-dimethyltryptamine-dmt","11":"product_tag-cheap-pure-dimethyltryptamine-dmt","12":"product_tag-high-quality-pure-dimethyltryptamine-dmt","13":"product_tag-how-to-buy-pure-dimethyltryptamine-dmt","14":"product_tag-order-pure-dimethyltryptamine-dmt","15":"product_tag-purcharse-pure-dimethyltryptamine-dmt","16":"product_tag-pure-dimethyltryptamine-dmt","17":"product_tag-pure-dimethyltryptamine-dmt-for-sale","18":"product_tag-pure-dimethyltryptamine-dmt-legally","19":"product_tag-pure-dimethyltryptamine-dmt-online","20":"product_tag-pure-dimethyltryptamine-dmt-pure-dimethyltryptamine-dmt-supplier","21":"product_tag-pure-dimethyltryptamine-dmt-store","22":"product_tag-pure-dimethyltryptamine-dmt-use","23":"product_tag-pure-dimethyltryptamine-dmt-wiki","24":"product_tag-pure-dimethyltryptamine-dmt-worldwide","25":"product_tag-pure-dimethyltryptamine-dmtprice","26":"product_tag-pure-dimethyltryptamine-dmts","27":"product_tag-shop-pure-dimethyltryptamine-dmt","28":"product_tag-top-quality","29":"product_tag-where-to-buy-pure-dimethyltryptamine-dmt","30":"product_tag-where-to-order-pure-dimethyltryptamine-dmt","31":"product_tag-wholesale-pure-dimethyltryptamine-dmt","32":"desktop-align-left","33":"tablet-align-left","34":"mobile-align-left","35":"ast-product-gallery-layout-horizontal","36":"ast-product-gallery-with-no-image","37":"ast-product-single-variable","38":"ast-product-tabs-layout-horizontal","39":"ast-qv-on-image","41":"first","42":"instock","43":"shipping-taxable","44":"purchasable","45":"product-type-variable"},"yoast_head":"<!-- This site is optimized with the Yoast SEO plugin v25.9 - https:\/\/yoast.com\/wordpress\/plugins\/seo\/ -->\n<title>Dimethyltryptamine DMT for Sale - Buy DMT Online | LegitGrams<\/title>\n<meta name=\"description\" content=\"If you want to buy dimethyltryptamine dmt online and looking for a reliable online shop, then buy here. We offer only high-quality pure dimethyltryptamine dmt for sale at an affordable price. Order Now!\" \/>\n<meta name=\"robots\" content=\"index, follow, max-snippet:-1, max-image-preview:large, max-video-preview:-1\" \/>\n<link rel=\"canonical\" href=\"https:\/\/legitgrams.com\/hu\/termek\/tiszta-dimetiltriptamin-dmt\/\" \/>\n<meta property=\"og:locale\" content=\"hu_HU\" \/>\n<meta property=\"og:type\" content=\"article\" \/>\n<meta property=\"og:title\" content=\"Dimethyltryptamine DMT for Sale - Buy DMT Online | LegitGrams\" \/>\n<meta property=\"og:description\" content=\"If you want to buy dimethyltryptamine dmt online and looking for a reliable online shop, then buy here. We offer only high-quality pure dimethyltryptamine dmt for sale at an affordable price. Order Now!\" \/>\n<meta property=\"og:url\" content=\"https:\/\/legitgrams.com\/hu\/termek\/tiszta-dimetiltriptamin-dmt\/\" \/>\n<meta property=\"og:site_name\" content=\"Legit Grams\" \/>\n<meta property=\"article:modified_time\" content=\"2025-04-03T10:05:20+00:00\" \/>\n<meta property=\"og:image\" content=\"https:\/\/legitgrams.com\/wp-content\/uploads\/2024\/09\/Buy-Pure-Dimethyltryptamine-DMT-Online.jpg\" \/>\n\t<meta property=\"og:image:width\" content=\"600\" \/>\n\t<meta property=\"og:image:height\" content=\"600\" \/>\n\t<meta property=\"og:image:type\" content=\"image\/jpeg\" \/>\n<meta name=\"twitter:card\" content=\"summary_large_image\" \/>\n<meta name=\"twitter:label1\" content=\"Becs\u00fclt olvas\u00e1si id\u0151\" \/>\n\t<meta name=\"twitter:data1\" content=\"2 perc\" \/>\n<script type=\"application\/ld+json\" class=\"yoast-schema-graph\">{\"@context\":\"https:\/\/schema.org\",\"@graph\":[{\"@type\":\"WebPage\",\"@id\":\"https:\/\/legitgrams.com\/product\/pure-dimethyltryptamine-dmt\/\",\"url\":\"https:\/\/legitgrams.com\/product\/pure-dimethyltryptamine-dmt\/\",\"name\":\"Dimethyltryptamine DMT for Sale - Buy DMT Online | LegitGrams\",\"isPartOf\":{\"@id\":\"https:\/\/legitgrams.com\/#website\"},\"primaryImageOfPage\":{\"@id\":\"https:\/\/legitgrams.com\/product\/pure-dimethyltryptamine-dmt\/#primaryimage\"},\"image\":{\"@id\":\"https:\/\/legitgrams.com\/product\/pure-dimethyltryptamine-dmt\/#primaryimage\"},\"thumbnailUrl\":\"https:\/\/legitgrams.com\/wp-content\/uploads\/2024\/09\/Buy-Pure-Dimethyltryptamine-DMT-Online.jpg\",\"datePublished\":\"2024-09-22T06:38:57+00:00\",\"dateModified\":\"2025-04-03T10:05:20+00:00\",\"description\":\"If you want to buy dimethyltryptamine dmt online and looking for a reliable online shop, then buy here. We offer only high-quality pure dimethyltryptamine dmt for sale at an affordable price. Order Now!\",\"breadcrumb\":{\"@id\":\"https:\/\/legitgrams.com\/product\/pure-dimethyltryptamine-dmt\/#breadcrumb\"},\"inLanguage\":\"hu\",\"potentialAction\":[{\"@type\":\"ReadAction\",\"target\":[\"https:\/\/legitgrams.com\/product\/pure-dimethyltryptamine-dmt\/\"]}]},{\"@type\":\"ImageObject\",\"inLanguage\":\"hu\",\"@id\":\"https:\/\/legitgrams.com\/product\/pure-dimethyltryptamine-dmt\/#primaryimage\",\"url\":\"https:\/\/legitgrams.com\/wp-content\/uploads\/2024\/09\/Buy-Pure-Dimethyltryptamine-DMT-Online.jpg\",\"contentUrl\":\"https:\/\/legitgrams.com\/wp-content\/uploads\/2024\/09\/Buy-Pure-Dimethyltryptamine-DMT-Online.jpg\",\"width\":600,\"height\":600,\"caption\":\"Pure Dimethyltryptamine DMT for Sale\"},{\"@type\":\"BreadcrumbList\",\"@id\":\"https:\/\/legitgrams.com\/product\/pure-dimethyltryptamine-dmt\/#breadcrumb\",\"itemListElement\":[{\"@type\":\"ListItem\",\"position\":1,\"name\":\"Home\",\"item\":\"https:\/\/legitgrams.com\/\"},{\"@type\":\"ListItem\",\"position\":2,\"name\":\"Shop\",\"item\":\"https:\/\/legitgrams.com\/shop\/\"},{\"@type\":\"ListItem\",\"position\":3,\"name\":\"Buy Pure Dimethyltryptamine DMT Online\"}]},{\"@type\":\"WebSite\",\"@id\":\"https:\/\/legitgrams.com\/#website\",\"url\":\"https:\/\/legitgrams.com\/\",\"name\":\"Legit Grams\",\"description\":\"My WordPress Blog\",\"publisher\":{\"@id\":\"https:\/\/legitgrams.com\/#organization\"},\"potentialAction\":[{\"@type\":\"SearchAction\",\"target\":{\"@type\":\"EntryPoint\",\"urlTemplate\":\"https:\/\/legitgrams.com\/?s={search_term_string}\"},\"query-input\":{\"@type\":\"PropertyValueSpecification\",\"valueRequired\":true,\"valueName\":\"search_term_string\"}}],\"inLanguage\":\"hu\"},{\"@type\":\"Organization\",\"@id\":\"https:\/\/legitgrams.com\/#organization\",\"name\":\"Legit Grams\",\"url\":\"https:\/\/legitgrams.com\/\",\"logo\":{\"@type\":\"ImageObject\",\"inLanguage\":\"hu\",\"@id\":\"https:\/\/legitgrams.com\/#\/schema\/logo\/image\/\",\"url\":\"https:\/\/legitgrams.com\/wp-content\/uploads\/2024\/09\/main-logo.png\",\"contentUrl\":\"https:\/\/legitgrams.com\/wp-content\/uploads\/2024\/09\/main-logo.png\",\"width\":270,\"height\":75,\"caption\":\"Legit Grams\"},\"image\":{\"@id\":\"https:\/\/legitgrams.com\/#\/schema\/logo\/image\/\"}}]}<\/script>\n<!-- \/ Yoast SEO plugin. -->","yoast_head_json":{"title":"Dimetiltriptamin DMT elad\u00f3 - DMT v\u00e1s\u00e1rl\u00e1s online | LegitGrams","description":"Ha dimetiltriptamin dmt-t szeretne v\u00e1s\u00e1rolni online \u00e9s megb\u00edzhat\u00f3 online boltot keres, akkor v\u00e1s\u00e1roljon itt. Csak kiv\u00e1l\u00f3 min\u0151s\u00e9g\u0171 tiszta dimetiltriptamin dmt-t k\u00edn\u00e1lunk elad\u00e1sra megfizethet\u0151 \u00e1ron. Rendeljen most!","robots":{"index":"index","follow":"follow","max-snippet":"max-snippet:-1","max-image-preview":"max-image-preview:large","max-video-preview":"max-video-preview:-1"},"canonical":"https:\/\/legitgrams.com\/hu\/termek\/tiszta-dimetiltriptamin-dmt\/","og_locale":"hu_HU","og_type":"article","og_title":"Dimethyltryptamine DMT for Sale - Buy DMT Online | LegitGrams","og_description":"If you want to buy dimethyltryptamine dmt online and looking for a reliable online shop, then buy here. We offer only high-quality pure dimethyltryptamine dmt for sale at an affordable price. Order Now!","og_url":"https:\/\/legitgrams.com\/hu\/termek\/tiszta-dimetiltriptamin-dmt\/","og_site_name":"Legit Grams","article_modified_time":"2025-04-03T10:05:20+00:00","og_image":[{"width":600,"height":600,"url":"https:\/\/legitgrams.com\/wp-content\/uploads\/2024\/09\/Buy-Pure-Dimethyltryptamine-DMT-Online.jpg","type":"image\/jpeg"}],"twitter_card":"summary_large_image","twitter_misc":{"Becs\u00fclt olvas\u00e1si id\u0151":"2 perc"},"schema":{"@context":"https:\/\/schema.org","@graph":[{"@type":"WebPage","@id":"https:\/\/legitgrams.com\/product\/pure-dimethyltryptamine-dmt\/","url":"https:\/\/legitgrams.com\/product\/pure-dimethyltryptamine-dmt\/","name":"Dimetiltriptamin DMT elad\u00f3 - DMT v\u00e1s\u00e1rl\u00e1s online | LegitGrams","isPartOf":{"@id":"https:\/\/legitgrams.com\/#website"},"primaryImageOfPage":{"@id":"https:\/\/legitgrams.com\/product\/pure-dimethyltryptamine-dmt\/#primaryimage"},"image":{"@id":"https:\/\/legitgrams.com\/product\/pure-dimethyltryptamine-dmt\/#primaryimage"},"thumbnailUrl":"https:\/\/legitgrams.com\/wp-content\/uploads\/2024\/09\/Buy-Pure-Dimethyltryptamine-DMT-Online.jpg","datePublished":"2024-09-22T06:38:57+00:00","dateModified":"2025-04-03T10:05:20+00:00","description":"Ha dimetiltriptamin dmt-t szeretne v\u00e1s\u00e1rolni online \u00e9s megb\u00edzhat\u00f3 online boltot keres, akkor v\u00e1s\u00e1roljon itt. Csak kiv\u00e1l\u00f3 min\u0151s\u00e9g\u0171 tiszta dimetiltriptamin dmt-t k\u00edn\u00e1lunk elad\u00e1sra megfizethet\u0151 \u00e1ron. Rendeljen most!","breadcrumb":{"@id":"https:\/\/legitgrams.com\/product\/pure-dimethyltryptamine-dmt\/#breadcrumb"},"inLanguage":"hu","potentialAction":[{"@type":"ReadAction","target":["https:\/\/legitgrams.com\/product\/pure-dimethyltryptamine-dmt\/"]}]},{"@type":"ImageObject","inLanguage":"hu","@id":"https:\/\/legitgrams.com\/product\/pure-dimethyltryptamine-dmt\/#primaryimage","url":"https:\/\/legitgrams.com\/wp-content\/uploads\/2024\/09\/Buy-Pure-Dimethyltryptamine-DMT-Online.jpg","contentUrl":"https:\/\/legitgrams.com\/wp-content\/uploads\/2024\/09\/Buy-Pure-Dimethyltryptamine-DMT-Online.jpg","width":600,"height":600,"caption":"Pure Dimethyltryptamine DMT for Sale"},{"@type":"BreadcrumbList","@id":"https:\/\/legitgrams.com\/product\/pure-dimethyltryptamine-dmt\/#breadcrumb","itemListElement":[{"@type":"ListItem","position":1,"name":"Home","item":"https:\/\/legitgrams.com\/"},{"@type":"ListItem","position":2,"name":"Shop","item":"https:\/\/legitgrams.com\/shop\/"},{"@type":"ListItem","position":3,"name":"Buy Pure Dimethyltryptamine DMT Online"}]},{"@type":"WebSite","@id":"https:\/\/legitgrams.com\/#website","url":"https:\/\/legitgrams.com\/","name":"Legit Grams","description":"Az \u00e9n WordPress blogom","publisher":{"@id":"https:\/\/legitgrams.com\/#organization"},"potentialAction":[{"@type":"SearchAction","target":{"@type":"EntryPoint","urlTemplate":"https:\/\/legitgrams.com\/?s={search_term_string}"},"query-input":{"@type":"PropertyValueSpecification","valueRequired":true,"valueName":"search_term_string"}}],"inLanguage":"hu"},{"@type":"Organization","@id":"https:\/\/legitgrams.com\/#organization","name":"Legit Grams","url":"https:\/\/legitgrams.com\/","logo":{"@type":"ImageObject","inLanguage":"hu","@id":"https:\/\/legitgrams.com\/#\/schema\/logo\/image\/","url":"https:\/\/legitgrams.com\/wp-content\/uploads\/2024\/09\/main-logo.png","contentUrl":"https:\/\/legitgrams.com\/wp-content\/uploads\/2024\/09\/main-logo.png","width":270,"height":75,"caption":"Legit Grams"},"image":{"@id":"https:\/\/legitgrams.com\/#\/schema\/logo\/image\/"}}]}},"uagb_featured_image_src":{"full":["https:\/\/legitgrams.com\/wp-content\/uploads\/2024\/09\/Buy-Pure-Dimethyltryptamine-DMT-Online.jpg",600,600,false],"thumbnail":["https:\/\/legitgrams.com\/wp-content\/uploads\/2024\/09\/Buy-Pure-Dimethyltryptamine-DMT-Online-150x150.jpg",150,150,true],"medium":["https:\/\/legitgrams.com\/wp-content\/uploads\/2024\/09\/Buy-Pure-Dimethyltryptamine-DMT-Online-300x300.jpg",300,300,true],"medium_large":["https:\/\/legitgrams.com\/wp-content\/uploads\/2024\/09\/Buy-Pure-Dimethyltryptamine-DMT-Online.jpg",600,600,false],"large":["https:\/\/legitgrams.com\/wp-content\/uploads\/2024\/09\/Buy-Pure-Dimethyltryptamine-DMT-Online.jpg",600,600,false],"1536x1536":["https:\/\/legitgrams.com\/wp-content\/uploads\/2024\/09\/Buy-Pure-Dimethyltryptamine-DMT-Online.jpg",600,600,false],"2048x2048":["https:\/\/legitgrams.com\/wp-content\/uploads\/2024\/09\/Buy-Pure-Dimethyltryptamine-DMT-Online.jpg",600,600,false],"trp-custom-language-flag":["https:\/\/legitgrams.com\/wp-content\/uploads\/2024\/09\/Buy-Pure-Dimethyltryptamine-DMT-Online-12x12.jpg",12,12,true],"woocommerce_thumbnail":["https:\/\/legitgrams.com\/wp-content\/uploads\/2024\/09\/Buy-Pure-Dimethyltryptamine-DMT-Online-300x300.jpg",300,300,true],"woocommerce_single":["https:\/\/legitgrams.com\/wp-content\/uploads\/2024\/09\/Buy-Pure-Dimethyltryptamine-DMT-Online.jpg",600,600,false],"woocommerce_gallery_thumbnail":["https:\/\/legitgrams.com\/wp-content\/uploads\/2024\/09\/Buy-Pure-Dimethyltryptamine-DMT-Online-100x100.jpg",100,100,true]},"uagb_author_info":{"display_name":"cokeblog18","author_link":"https:\/\/legitgrams.com\/hu\/author\/"},"uagb_comment_info":0,"uagb_excerpt":"Purchase of Pure Dimethyltryptamine DMT DMT (pure dimethyltryptamine) Online The seeds and leaves of Piptadenia peregrina (Mimosaceae) are used to make the hallucinogenic plant Emphysema cohoba. Dimethyltryptamine is the active ingredient in several plant materials. It also comes from South American plants. Reportedly present in the tropical legume Mucuna Pruriens. LegitGrams Emphysema cohoba, a hallucinogenic&hellip;","_links":{"self":[{"href":"https:\/\/legitgrams.com\/hu\/wp-json\/wp\/v2\/product\/4230","targetHints":{"allow":["GET"]}}],"collection":[{"href":"https:\/\/legitgrams.com\/hu\/wp-json\/wp\/v2\/product"}],"about":[{"href":"https:\/\/legitgrams.com\/hu\/wp-json\/wp\/v2\/types\/product"}],"replies":[{"embeddable":true,"href":"https:\/\/legitgrams.com\/hu\/wp-json\/wp\/v2\/comments?post=4230"}],"wp:featuredmedia":[{"embeddable":true,"href":"https:\/\/legitgrams.com\/hu\/wp-json\/wp\/v2\/media\/5299"}],"wp:attachment":[{"href":"https:\/\/legitgrams.com\/hu\/wp-json\/wp\/v2\/media?parent=4230"}],"wp:term":[{"taxonomy":"product_brand","embeddable":true,"href":"https:\/\/legitgrams.com\/hu\/wp-json\/wp\/v2\/product_brand?post=4230"},{"taxonomy":"product_cat","embeddable":true,"href":"https:\/\/legitgrams.com\/hu\/wp-json\/wp\/v2\/product_cat?post=4230"},{"taxonomy":"product_tag","embeddable":true,"href":"https:\/\/legitgrams.com\/hu\/wp-json\/wp\/v2\/product_tag?post=4230"}],"curies":[{"name":"wp","href":"https:\/\/api.w.org\/{rel}","templated":true}]}}