{"id":4231,"date":"2024-09-22T06:38:24","date_gmt":"2024-09-22T06:38:24","guid":{"rendered":"https:\/\/legitgrams.com\/?post_type=product&#038;p=4231"},"modified":"2025-01-14T06:14:51","modified_gmt":"2025-01-14T06:14:51","slug":"hidrokodon-por","status":"publish","type":"product","link":"https:\/\/legitgrams.com\/hu\/termek\/hidrokodon-por\/","title":{"rendered":"Hidrokodon por"},"content":{"rendered":"<h2>V\u00e1s\u00e1roljon kiv\u00e1l\u00f3 min\u0151s\u00e9g\u0171 hidrokodon port online<br \/>\nA hidrokodon az opioid f\u00e1jdalomcsillap\u00edt\u00f3k egyik fajt\u00e1ja.<\/h2>\n<p>A Hysingla ER \u00e9s a Zohydro ER k\u00e9t p\u00e9lda a kiterjesztett kiad\u00e1sra <a href=\"https:\/\/legitgrams.com\/hu\/termek\/hidrokodon-por\/\">hidrokodon<\/a>\u00a0olyan k\u00e9sz\u00edtm\u00e9nyek, amelyeket az extr\u00e9m f\u00e1jdalmak \u00e1lland\u00f3 kezel\u00e9s\u00e9re haszn\u00e1lnak. Az elny\u00fajtott felszabadul\u00e1s\u00fa hidrokodon nem a f\u00e1jdalom enyh\u00edt\u00e9s\u00e9re szolg\u00e1l.<\/p>\n<p>Az ebben a farmakol\u00f3giai \u00fatmutat\u00f3ban felsorolt \u200b\u200bfelhaszn\u00e1l\u00e1sokon k\u00edv\u00fcl a hidrokodonnak tov\u00e1bbi felhaszn\u00e1l\u00e1sai is vannak.<\/p>\n<p>A hidrokodont k\u00f6zepes vagy s\u00falyos f\u00e1jdalom kezel\u00e9s\u00e9re haszn\u00e1lj\u00e1k. opioid f\u00e1jdalomcsillap\u00edt\u00f3t (hidrokodon) \u00e9s nem opioid f\u00e1jdalomcsillap\u00edt\u00f3t (acetaminofen) is tartalmaz. A hidrokodon agyra gyakorolt \u200b\u200bhat\u00e1sa megv\u00e1ltoztatja azt, hogy a szervezet hogyan \u00e9li meg a f\u00e1jdalmat, \u00e9s hogyan reag\u00e1l r\u00e1. A paracetamol a h\u0151m\u00e9rs\u00e9klet cs\u00f6kkent\u00e9s\u00e9re is haszn\u00e1lhat\u00f3. <a href=\"https:\/\/legitgrams.com\/hu\/\">LegitGrams<\/a><\/p>\n<p>V\u00e1s\u00e1roljon pr\u00e9mium hidrokodon port online: v\u00e1s\u00e1roljon pr\u00e9mium hidrokodon port, v\u00e1s\u00e1roljon pr\u00e9mium hidrokodon port az Egyes\u00fclt \u00c1llamokban, v\u00e1s\u00e1roljon pr\u00e9mium hidrokodon port online, min\u0151s\u00e9gi pr\u00e9mium hidrokodon port v\u00e1s\u00e1roljon itt: V\u00e1s\u00e1roljon min\u0151s\u00e9gi hidrokodon port online a k\u00f6zelemben, ahol min\u0151s\u00e9gi hidrokodon port v\u00e1s\u00e1rolhat online, besz\u00e1ll\u00edt\u00f3k, biztons\u00e1gos sz\u00e1ll\u00edt\u00e1s, elad\u00f3 hidrokodonpor, az Egyes\u00fclt \u00c1llamokban, Kanad\u00e1ban \u00e9s az Egyes\u00fclt Kir\u00e1lys\u00e1gban, valamint min\u0151s\u00e9gi hidrokodonpor tov\u00e1bbra is el\u00e9rhet\u0151. Kiv\u00e1l\u00f3 min\u0151s\u00e9g\u0171 hidrokodon por online el\u00e9rhet\u0151. Leg\u00e1lis-e j\u00f3 min\u0151s\u00e9g\u0171 hidrokodonpor haszn\u00e1lata Kanad\u00e1ban? Min\u0151s\u00e9get tesz <a href=\"https:\/\/en.wikipedia.org\/wiki\/Hydrocodone\">Hydrocodone<\/a> A pornak van online boltja?<\/p>\n<h2><\/h2>\n<p>&nbsp;<\/p>","protected":false},"excerpt":{"rendered":"<p>Purchase High-Grade Hydrocodone Powder Online Hydrocodone is one kind of opioid pain reliever. Hysingla ER and Zohydro ER are two examples of extended-release hydrocodone\u00a0formulations that are used to constantly treat extreme pain. Extended-release hydrocodone is not intended to relieve pain. In addition to the uses listed in this pharmacological guide, hydrocodone has further uses. Hydrocodone &hellip;<\/p>\n<p class=\"read-more\"> <a class=\"\" href=\"https:\/\/legitgrams.com\/hu\/termek\/hidrokodon-por\/\"> <span class=\"screen-reader-text\">Hidrokodon por<\/span> Olvass tov\u00e1bb \"<\/a><\/p>","protected":false},"featured_media":5310,"comment_status":"open","ping_status":"closed","template":"","meta":{"_uag_custom_page_level_css":"","site-sidebar-layout":"default","site-content-layout":"default","ast-global-header-display":"","ast-main-header-display":"","ast-hfb-above-header-display":"","ast-hfb-below-header-display":"","ast-hfb-mobile-header-display":"","site-post-title":"","ast-breadcrumbs-content":"","ast-featured-img":"","footer-sml-layout":"","theme-transparent-header-meta":"default","adv-header-id-meta":"","stick-header-meta":"default","header-above-stick-meta":"","header-main-stick-meta":"","header-below-stick-meta":"","_joinchat":[]},"product_brand":[],"product_cat":[600],"product_tag":[1934,1924,617,1916,1931,1928,1923,1915,1918,1919,1926,1917,1929,1936,1937,1935,1927,1932,1921,1933,1930,625,1922,1925,1920],"class_list":{"0":"post-4231","1":"product","2":"type-product","3":"status-publish","4":"has-post-thumbnail","6":"product_cat-research-chemicals-and-bath-salt","7":"product_tag-best-cheap-price-hydrocodone-powder","8":"product_tag-best-place-to-buy-hydrocodone-powder","9":"product_tag-bulk-online","10":"product_tag-buy-hydrocodone-powder","11":"product_tag-cheap-hydrocodone-powder","12":"product_tag-high-quality-hydrocodone-powder","13":"product_tag-how-to-buy-hydrocodone-powder","14":"product_tag-hydrocodone-powder","15":"product_tag-hydrocodone-powder-for-sale","16":"product_tag-hydrocodone-powder-hydrocodone-powder-supplier","17":"product_tag-hydrocodone-powder-legally","18":"product_tag-hydrocodone-powder-online","19":"product_tag-hydrocodone-powder-store","20":"product_tag-hydrocodone-powder-use","21":"product_tag-hydrocodone-powder-wiki","22":"product_tag-hydrocodone-powder-worldwide","23":"product_tag-hydrocodone-powderprice","24":"product_tag-hydrocodone-powders","25":"product_tag-order-hydrocodone-powder","26":"product_tag-purcharse-hydrocodone-powder","27":"product_tag-shop-hydrocodone-powder","28":"product_tag-top-quality","29":"product_tag-where-to-buy-hydrocodone-powder","30":"product_tag-where-to-order-hydrocodone-powder","31":"product_tag-wholesale-hydrocodone-powder","32":"desktop-align-left","33":"tablet-align-left","34":"mobile-align-left","35":"ast-product-gallery-layout-horizontal","36":"ast-product-gallery-with-no-image","37":"ast-product-single-variable","38":"ast-product-tabs-layout-horizontal","39":"ast-qv-on-image","41":"first","42":"instock","43":"shipping-taxable","44":"purchasable","45":"product-type-variable"},"yoast_head":"<!-- This site is optimized with the Yoast SEO plugin v25.9 - https:\/\/yoast.com\/wordpress\/plugins\/seo\/ -->\n<title>Hydrocodone Powder for Sale - Order Hydrocodone Powder Online<\/title>\n<meta name=\"description\" content=\"At our Legitgrams, you can get Hydrocodone Powder for sale at cheap rates. We deal with A-grade quality products only. Buy Hydrocodone Powder online from our store now with fast &amp; secure shipping service.\" \/>\n<meta name=\"robots\" content=\"index, follow, max-snippet:-1, max-image-preview:large, max-video-preview:-1\" \/>\n<link rel=\"canonical\" href=\"https:\/\/legitgrams.com\/hu\/termek\/hidrokodon-por\/\" \/>\n<meta property=\"og:locale\" content=\"hu_HU\" \/>\n<meta property=\"og:type\" content=\"article\" \/>\n<meta property=\"og:title\" content=\"Hydrocodone Powder for Sale - Order Hydrocodone Powder Online\" \/>\n<meta property=\"og:description\" content=\"At our Legitgrams, you can get Hydrocodone Powder for sale at cheap rates. We deal with A-grade quality products only. Buy Hydrocodone Powder online from our store now with fast &amp; secure shipping service.\" \/>\n<meta property=\"og:url\" content=\"https:\/\/legitgrams.com\/hu\/termek\/hidrokodon-por\/\" \/>\n<meta property=\"og:site_name\" content=\"Legit Grams\" \/>\n<meta property=\"article:modified_time\" content=\"2025-01-14T06:14:51+00:00\" \/>\n<meta property=\"og:image\" content=\"https:\/\/legitgrams.com\/wp-content\/uploads\/2024\/09\/buy-quality-hydrocodone-powder-online.jpg\" \/>\n\t<meta property=\"og:image:width\" content=\"600\" \/>\n\t<meta property=\"og:image:height\" content=\"600\" \/>\n\t<meta property=\"og:image:type\" content=\"image\/jpeg\" \/>\n<meta name=\"twitter:card\" content=\"summary_large_image\" \/>\n<meta name=\"twitter:label1\" content=\"Becs\u00fclt olvas\u00e1si id\u0151\" \/>\n\t<meta name=\"twitter:data1\" content=\"2 perc\" \/>\n<script type=\"application\/ld+json\" class=\"yoast-schema-graph\">{\"@context\":\"https:\/\/schema.org\",\"@graph\":[{\"@type\":\"WebPage\",\"@id\":\"https:\/\/legitgrams.com\/product\/hydrocodone-powder\/\",\"url\":\"https:\/\/legitgrams.com\/product\/hydrocodone-powder\/\",\"name\":\"Hydrocodone Powder for Sale - Order Hydrocodone Powder Online\",\"isPartOf\":{\"@id\":\"https:\/\/legitgrams.com\/#website\"},\"primaryImageOfPage\":{\"@id\":\"https:\/\/legitgrams.com\/product\/hydrocodone-powder\/#primaryimage\"},\"image\":{\"@id\":\"https:\/\/legitgrams.com\/product\/hydrocodone-powder\/#primaryimage\"},\"thumbnailUrl\":\"https:\/\/legitgrams.com\/wp-content\/uploads\/2024\/09\/buy-quality-hydrocodone-powder-online.jpg\",\"datePublished\":\"2024-09-22T06:38:24+00:00\",\"dateModified\":\"2025-01-14T06:14:51+00:00\",\"description\":\"At our Legitgrams, you can get Hydrocodone Powder for sale at cheap rates. We deal with A-grade quality products only. Buy Hydrocodone Powder online from our store now with fast & secure shipping service.\",\"breadcrumb\":{\"@id\":\"https:\/\/legitgrams.com\/product\/hydrocodone-powder\/#breadcrumb\"},\"inLanguage\":\"hu\",\"potentialAction\":[{\"@type\":\"ReadAction\",\"target\":[\"https:\/\/legitgrams.com\/product\/hydrocodone-powder\/\"]}]},{\"@type\":\"ImageObject\",\"inLanguage\":\"hu\",\"@id\":\"https:\/\/legitgrams.com\/product\/hydrocodone-powder\/#primaryimage\",\"url\":\"https:\/\/legitgrams.com\/wp-content\/uploads\/2024\/09\/buy-quality-hydrocodone-powder-online.jpg\",\"contentUrl\":\"https:\/\/legitgrams.com\/wp-content\/uploads\/2024\/09\/buy-quality-hydrocodone-powder-online.jpg\",\"width\":600,\"height\":600,\"caption\":\"Hydrocodone Powder for Sale\"},{\"@type\":\"BreadcrumbList\",\"@id\":\"https:\/\/legitgrams.com\/product\/hydrocodone-powder\/#breadcrumb\",\"itemListElement\":[{\"@type\":\"ListItem\",\"position\":1,\"name\":\"Home\",\"item\":\"https:\/\/legitgrams.com\/\"},{\"@type\":\"ListItem\",\"position\":2,\"name\":\"Shop\",\"item\":\"https:\/\/legitgrams.com\/shop\/\"},{\"@type\":\"ListItem\",\"position\":3,\"name\":\"Hydrocodone Powder\"}]},{\"@type\":\"WebSite\",\"@id\":\"https:\/\/legitgrams.com\/#website\",\"url\":\"https:\/\/legitgrams.com\/\",\"name\":\"Legit Grams\",\"description\":\"My WordPress Blog\",\"publisher\":{\"@id\":\"https:\/\/legitgrams.com\/#organization\"},\"potentialAction\":[{\"@type\":\"SearchAction\",\"target\":{\"@type\":\"EntryPoint\",\"urlTemplate\":\"https:\/\/legitgrams.com\/?s={search_term_string}\"},\"query-input\":{\"@type\":\"PropertyValueSpecification\",\"valueRequired\":true,\"valueName\":\"search_term_string\"}}],\"inLanguage\":\"hu\"},{\"@type\":\"Organization\",\"@id\":\"https:\/\/legitgrams.com\/#organization\",\"name\":\"Legit Grams\",\"url\":\"https:\/\/legitgrams.com\/\",\"logo\":{\"@type\":\"ImageObject\",\"inLanguage\":\"hu\",\"@id\":\"https:\/\/legitgrams.com\/#\/schema\/logo\/image\/\",\"url\":\"https:\/\/legitgrams.com\/wp-content\/uploads\/2024\/09\/main-logo.png\",\"contentUrl\":\"https:\/\/legitgrams.com\/wp-content\/uploads\/2024\/09\/main-logo.png\",\"width\":270,\"height\":75,\"caption\":\"Legit Grams\"},\"image\":{\"@id\":\"https:\/\/legitgrams.com\/#\/schema\/logo\/image\/\"}}]}<\/script>\n<!-- \/ Yoast SEO plugin. -->","yoast_head_json":{"title":"Hydrocodone Powder elad\u00f3 - Rendeljen Hydrocodone Powder Online","description":"A mi Legitgrams, akkor kap Hydrocodone Powder elad\u00f3 olcs\u00f3 \u00e1ron. Mi csak A-oszt\u00e1ly\u00fa min\u0151s\u00e9gi term\u00e9kekkel foglalkozunk. V\u00e1s\u00e1roljon Hydrocodone Powder online a mi boltunkban most gyors \u00e9s biztons\u00e1gos sz\u00e1ll\u00edt\u00e1si szolg\u00e1ltat\u00e1ssal.","robots":{"index":"index","follow":"follow","max-snippet":"max-snippet:-1","max-image-preview":"max-image-preview:large","max-video-preview":"max-video-preview:-1"},"canonical":"https:\/\/legitgrams.com\/hu\/termek\/hidrokodon-por\/","og_locale":"hu_HU","og_type":"article","og_title":"Hydrocodone Powder for Sale - Order Hydrocodone Powder Online","og_description":"At our Legitgrams, you can get Hydrocodone Powder for sale at cheap rates. We deal with A-grade quality products only. Buy Hydrocodone Powder online from our store now with fast & secure shipping service.","og_url":"https:\/\/legitgrams.com\/hu\/termek\/hidrokodon-por\/","og_site_name":"Legit Grams","article_modified_time":"2025-01-14T06:14:51+00:00","og_image":[{"width":600,"height":600,"url":"https:\/\/legitgrams.com\/wp-content\/uploads\/2024\/09\/buy-quality-hydrocodone-powder-online.jpg","type":"image\/jpeg"}],"twitter_card":"summary_large_image","twitter_misc":{"Becs\u00fclt olvas\u00e1si id\u0151":"2 perc"},"schema":{"@context":"https:\/\/schema.org","@graph":[{"@type":"WebPage","@id":"https:\/\/legitgrams.com\/product\/hydrocodone-powder\/","url":"https:\/\/legitgrams.com\/product\/hydrocodone-powder\/","name":"Hydrocodone Powder elad\u00f3 - Rendeljen Hydrocodone Powder Online","isPartOf":{"@id":"https:\/\/legitgrams.com\/#website"},"primaryImageOfPage":{"@id":"https:\/\/legitgrams.com\/product\/hydrocodone-powder\/#primaryimage"},"image":{"@id":"https:\/\/legitgrams.com\/product\/hydrocodone-powder\/#primaryimage"},"thumbnailUrl":"https:\/\/legitgrams.com\/wp-content\/uploads\/2024\/09\/buy-quality-hydrocodone-powder-online.jpg","datePublished":"2024-09-22T06:38:24+00:00","dateModified":"2025-01-14T06:14:51+00:00","description":"A mi Legitgrams, akkor kap Hydrocodone Powder elad\u00f3 olcs\u00f3 \u00e1ron. Mi csak A-oszt\u00e1ly\u00fa min\u0151s\u00e9gi term\u00e9kekkel foglalkozunk. V\u00e1s\u00e1roljon Hydrocodone Powder online a mi boltunkban most gyors \u00e9s biztons\u00e1gos sz\u00e1ll\u00edt\u00e1si szolg\u00e1ltat\u00e1ssal.","breadcrumb":{"@id":"https:\/\/legitgrams.com\/product\/hydrocodone-powder\/#breadcrumb"},"inLanguage":"hu","potentialAction":[{"@type":"ReadAction","target":["https:\/\/legitgrams.com\/product\/hydrocodone-powder\/"]}]},{"@type":"ImageObject","inLanguage":"hu","@id":"https:\/\/legitgrams.com\/product\/hydrocodone-powder\/#primaryimage","url":"https:\/\/legitgrams.com\/wp-content\/uploads\/2024\/09\/buy-quality-hydrocodone-powder-online.jpg","contentUrl":"https:\/\/legitgrams.com\/wp-content\/uploads\/2024\/09\/buy-quality-hydrocodone-powder-online.jpg","width":600,"height":600,"caption":"Hydrocodone Powder for Sale"},{"@type":"BreadcrumbList","@id":"https:\/\/legitgrams.com\/product\/hydrocodone-powder\/#breadcrumb","itemListElement":[{"@type":"ListItem","position":1,"name":"Home","item":"https:\/\/legitgrams.com\/"},{"@type":"ListItem","position":2,"name":"Shop","item":"https:\/\/legitgrams.com\/shop\/"},{"@type":"ListItem","position":3,"name":"Hydrocodone Powder"}]},{"@type":"WebSite","@id":"https:\/\/legitgrams.com\/#website","url":"https:\/\/legitgrams.com\/","name":"Legit Grams","description":"Az \u00e9n WordPress blogom","publisher":{"@id":"https:\/\/legitgrams.com\/#organization"},"potentialAction":[{"@type":"SearchAction","target":{"@type":"EntryPoint","urlTemplate":"https:\/\/legitgrams.com\/?s={search_term_string}"},"query-input":{"@type":"PropertyValueSpecification","valueRequired":true,"valueName":"search_term_string"}}],"inLanguage":"hu"},{"@type":"Organization","@id":"https:\/\/legitgrams.com\/#organization","name":"Legit Grams","url":"https:\/\/legitgrams.com\/","logo":{"@type":"ImageObject","inLanguage":"hu","@id":"https:\/\/legitgrams.com\/#\/schema\/logo\/image\/","url":"https:\/\/legitgrams.com\/wp-content\/uploads\/2024\/09\/main-logo.png","contentUrl":"https:\/\/legitgrams.com\/wp-content\/uploads\/2024\/09\/main-logo.png","width":270,"height":75,"caption":"Legit Grams"},"image":{"@id":"https:\/\/legitgrams.com\/#\/schema\/logo\/image\/"}}]}},"uagb_featured_image_src":{"full":["https:\/\/legitgrams.com\/wp-content\/uploads\/2024\/09\/buy-quality-hydrocodone-powder-online.jpg",600,600,false],"thumbnail":["https:\/\/legitgrams.com\/wp-content\/uploads\/2024\/09\/buy-quality-hydrocodone-powder-online-150x150.jpg",150,150,true],"medium":["https:\/\/legitgrams.com\/wp-content\/uploads\/2024\/09\/buy-quality-hydrocodone-powder-online-300x300.jpg",300,300,true],"medium_large":["https:\/\/legitgrams.com\/wp-content\/uploads\/2024\/09\/buy-quality-hydrocodone-powder-online.jpg",600,600,false],"large":["https:\/\/legitgrams.com\/wp-content\/uploads\/2024\/09\/buy-quality-hydrocodone-powder-online.jpg",600,600,false],"1536x1536":["https:\/\/legitgrams.com\/wp-content\/uploads\/2024\/09\/buy-quality-hydrocodone-powder-online.jpg",600,600,false],"2048x2048":["https:\/\/legitgrams.com\/wp-content\/uploads\/2024\/09\/buy-quality-hydrocodone-powder-online.jpg",600,600,false],"trp-custom-language-flag":["https:\/\/legitgrams.com\/wp-content\/uploads\/2024\/09\/buy-quality-hydrocodone-powder-online-12x12.jpg",12,12,true],"woocommerce_thumbnail":["https:\/\/legitgrams.com\/wp-content\/uploads\/2024\/09\/buy-quality-hydrocodone-powder-online-300x300.jpg",300,300,true],"woocommerce_single":["https:\/\/legitgrams.com\/wp-content\/uploads\/2024\/09\/buy-quality-hydrocodone-powder-online.jpg",600,600,false],"woocommerce_gallery_thumbnail":["https:\/\/legitgrams.com\/wp-content\/uploads\/2024\/09\/buy-quality-hydrocodone-powder-online-100x100.jpg",100,100,true]},"uagb_author_info":{"display_name":"cokeblog18","author_link":"https:\/\/legitgrams.com\/hu\/author\/"},"uagb_comment_info":0,"uagb_excerpt":"Purchase High-Grade Hydrocodone Powder Online Hydrocodone is one kind of opioid pain reliever. Hysingla ER and Zohydro ER are two examples of extended-release hydrocodone\u00a0formulations that are used to constantly treat extreme pain. Extended-release hydrocodone is not intended to relieve pain. In addition to the uses listed in this pharmacological guide, hydrocodone has further uses. Hydrocodone&hellip;","_links":{"self":[{"href":"https:\/\/legitgrams.com\/hu\/wp-json\/wp\/v2\/product\/4231","targetHints":{"allow":["GET"]}}],"collection":[{"href":"https:\/\/legitgrams.com\/hu\/wp-json\/wp\/v2\/product"}],"about":[{"href":"https:\/\/legitgrams.com\/hu\/wp-json\/wp\/v2\/types\/product"}],"replies":[{"embeddable":true,"href":"https:\/\/legitgrams.com\/hu\/wp-json\/wp\/v2\/comments?post=4231"}],"wp:featuredmedia":[{"embeddable":true,"href":"https:\/\/legitgrams.com\/hu\/wp-json\/wp\/v2\/media\/5310"}],"wp:attachment":[{"href":"https:\/\/legitgrams.com\/hu\/wp-json\/wp\/v2\/media?parent=4231"}],"wp:term":[{"taxonomy":"product_brand","embeddable":true,"href":"https:\/\/legitgrams.com\/hu\/wp-json\/wp\/v2\/product_brand?post=4231"},{"taxonomy":"product_cat","embeddable":true,"href":"https:\/\/legitgrams.com\/hu\/wp-json\/wp\/v2\/product_cat?post=4231"},{"taxonomy":"product_tag","embeddable":true,"href":"https:\/\/legitgrams.com\/hu\/wp-json\/wp\/v2\/product_tag?post=4231"}],"curies":[{"name":"wp","href":"https:\/\/api.w.org\/{rel}","templated":true}]}}