{"id":4233,"date":"2024-09-22T06:43:20","date_gmt":"2024-09-22T06:43:20","guid":{"rendered":"https:\/\/legitgrams.com\/?post_type=product&#038;p=4233"},"modified":"2025-04-03T08:12:13","modified_gmt":"2025-04-03T08:12:13","slug":"metho-metadon-hcl-por","status":"publish","type":"product","link":"https:\/\/legitgrams.com\/hu\/termek\/metho-metadon-hcl-por\/","title":{"rendered":"V\u00e1s\u00e1rl\u00e1s Metho Methadone HCL por Online"},"content":{"rendered":"<h2>V\u00e1s\u00e1roljon 99,8%-os tisztas\u00e1g\u00fa Metho Methadone HCL port online nagykereskedelmi \u00e1ron.<\/h2>\n<p>A k\u00f6zepes vagy s\u00falyos f\u00e1jdalmat a k\u00f6vetkez\u0151kkel kezelik <a href=\"https:\/\/legitgrams.com\/hu\/termek\/metho-metadon-hcl-por\/\">meto (metadon HCL)<\/a>).<\/p>\n<p>Orvosi fel\u00fcgyelettel \u00e9s seg\u00edts\u00e9ggel egy\u00fctt a k\u00e1b\u00edt\u00f3szer-f\u00fcgg\u0151s\u00e9g kezel\u00e9s\u00e9re vagy a ter\u00e1pia alatt \u00e1ll\u00f3 egy\u00e9nek elvon\u00e1si t\u00fcneteinek kezel\u00e9s\u00e9re is haszn\u00e1lj\u00e1k. Ez a gy\u00f3gyszer k\u00e1b\u00edt\u00f3szerk\u00e9nt m\u0171k\u00f6dik a f\u00e1jdalom cs\u00f6kkent\u00e9s\u00e9re.<\/p>\n<h3>Hogyan t\u00f6rt\u00e9nik a csomagok kisz\u00e1ll\u00edt\u00e1sa?<\/h3>\n<p>\u6211\u4eec\u7cbe\u5fc3\u5730\u5c06\u7269\u54c1\u88c5\u5165\u590d\u5199\u7eb8\u548c\u94a8\u4e1d\u4e2d\uff0c\u4ee5\u4fbf\u901a\u8fc7\u673a\u573a\u6d77\u5173\u7684 X \u5149\u68c0\u67e5\u3002\u5305\u88f9\u7684\u5916\u9762\u90fd\u7528\u5305\u88c5\u7eb8\u7cbe\u5fc3\u5305\u88f9\u3002<\/p>\n<p><a href=\"https:\/\/www.bing.com\/search?q=VsroljonMethoMethadoneHCLportonline&amp;qs=n&amp;form=QBRE&amp;sp=-1&amp;lq=0&amp;pq=vsroljonmethomethadonehclportonline&amp;sc=0-42&amp;sk=&amp;cvid=ED66943D073B4241B387FC76CA4AC80D&amp;ghsh=0&amp;ghacc=0&amp;ghpl=\">Metho (Metadon HCL) por<\/a> vagy s\u00f3: Metho (Metadon HCL) m\u00e9rs\u00e9kelt vagy s\u00falyos f\u00e1jdalom enyh\u00edt\u00e9s\u00e9re szolg\u00e1l. Ez a gy\u00f3gyszer ide\u00e1lis a k\u00e1b\u00edt\u00f3szer-f\u00fcgg\u0151s\u00e9g kezel\u00e9s\u00e9hez \u00e9s az orvosi megfigyel\u00e9shez. seg\u00edt az embereknek kezelni elvon\u00e1si t\u00fcneteiket.<\/p>\n<p><a href=\"https:\/\/www.google.com\/search?q=Vsroljon+Metho+Methadone+HCL+port+online&amp;sca_esv=eddefdb7b92e7545&amp;sxsrf=AHTn8zoH23ICjdnJKpNueHrVZynLU1TDAA1743668099905&amp;ei=g0PuZ4b_Nuuz0PEPt9_poAQ&amp;ved=0ahUKEwjGzM3ttbuMAxXrGTQIHbdvGkQQ4dUDCBA&amp;uact=5&amp;oq=Vsroljon+Metho+Methadone+HCL+port+online&amp;gs_lp=Egxnd3Mtd2l6LXNlcnAiLFbDoXPDoXJvbGpvbiBNZXRobyBNZXRoYWRvbmUgSENMIHBvcnQgb25saW5lMgUQIRigATIFECEYoAEyBRAhGKABMgUQIRigATIFECEYoAFI6QRQAFgAcAB4AJABAJgB_QKgAf0CqgEDMy0xuAEDyAEA-AEC-AEBmAIBoAKCA5gDAJIHAzMtMaAHoQWyBwMzLTG4B4ID&amp;sclient=gws-wiz-serp\">V\u00e1s\u00e1rl\u00e1s Metho Methadone HCL por Online<\/a>: V\u00e1s\u00e1roljon Metho Methadone-t online az USA-ban, valamint v\u00e1s\u00e1roljon Methadone HCL port. Hol v\u00e1s\u00e1rolhatok metadon HCL port? Hol tudok v\u00e1s\u00e1rolni <a href=\"https:\/\/en.wikipedia.org\/wiki\/Methadone\">metadon HCL<\/a> por online? Hol v\u00e1s\u00e1rolhatok online metadon HCL port? Hol v\u00e1s\u00e1rolhatok online metadon HCL port? Hol v\u00e1s\u00e1rolhatok online metadon HCL port? Hol v\u00e1s\u00e1rolhatok online metadon HCL port? USA, Kanada, Egyes\u00fclt Kir\u00e1lys\u00e1g, v\u00e1s\u00e1rl\u00e1s, online, sz\u00e1ll\u00edt\u00f3k, biztons\u00e1gos sz\u00e1ll\u00edt\u00e1s, por\u00edtott metho metadone HCL tov\u00e1bbra is el\u00e9rhet\u0151. Leg\u00e1lis a metho metadon HCL por v\u00e1s\u00e1rl\u00e1sa az Egyes\u00fclt \u00c1llamokban? Hogyan tudok online rendel\u00e9st leadni a <a href=\"https:\/\/duckduckgo.com\/?q=Vsroljon+Metho+Methadone+HCL+port+online&amp;t=h_\">metho metadon HCL por<\/a>Leg\u00e1lis-e a meto-metadon-hidroklorid por haszn\u00e1lata Kanad\u00e1ban? <a href=\"https:\/\/legitgrams.com\/hu\/\">LegitGrams<\/a><\/p>","protected":false},"excerpt":{"rendered":"<p>Purchase 99.8% Pure Metho Methadone HCL Powder Online at Wholesale Prices. Moderate to severe pain is treated with metho (methadone HCL). Along with medical supervision and assistance, it is also used to treat drug addiction or control withdrawal symptoms in individuals undergoing therapy. This drug acts as a narcotic to reduce pain. How do packages &hellip;<\/p>\n<p class=\"read-more\"> <a class=\"\" href=\"https:\/\/legitgrams.com\/hu\/termek\/metho-metadon-hcl-por\/\"> <span class=\"screen-reader-text\">V\u00e1s\u00e1rl\u00e1s Metho Methadone HCL por Online<\/span> Olvass tov\u00e1bb \"<\/a><\/p>","protected":false},"featured_media":5288,"comment_status":"open","ping_status":"closed","template":"","meta":{"_uag_custom_page_level_css":"","site-sidebar-layout":"default","site-content-layout":"default","ast-global-header-display":"","ast-main-header-display":"","ast-hfb-above-header-display":"","ast-hfb-below-header-display":"","ast-hfb-mobile-header-display":"","site-post-title":"","ast-breadcrumbs-content":"","ast-featured-img":"","footer-sml-layout":"","theme-transparent-header-meta":"default","adv-header-id-meta":"","stick-header-meta":"default","header-above-stick-meta":"","header-main-stick-meta":"","header-below-stick-meta":"","_joinchat":[]},"product_brand":[],"product_cat":[600],"product_tag":[1750,1740,617,1732,1747,1744,1739,1731,1734,1742,1735,1733,1745,1752,1753,1751,1743,1748,1737,1749,1746,625,1738,1741,1736],"class_list":{"0":"post-4233","1":"product","2":"type-product","3":"status-publish","4":"has-post-thumbnail","6":"product_cat-research-chemicals-and-bath-salt","7":"product_tag-best-cheap-price-metho-methadone-hcl-powder","8":"product_tag-best-place-to-buy-metho-methadone-hcl-powder","9":"product_tag-bulk-online","10":"product_tag-buy-metho-methadone-hcl-powder","11":"product_tag-cheap-metho-methadone-hcl-powder","12":"product_tag-high-quality-metho-methadone-hcl-powder","13":"product_tag-how-to-buy-metho-methadone-hcl-powder","14":"product_tag-metho-methadone-hcl-powder","15":"product_tag-metho-methadone-hcl-powder-for-sale","16":"product_tag-metho-methadone-hcl-powder-legally","17":"product_tag-metho-methadone-hcl-powder-metho-methadone-hcl-powder-supplier","18":"product_tag-metho-methadone-hcl-powder-online","19":"product_tag-metho-methadone-hcl-powder-store","20":"product_tag-metho-methadone-hcl-powder-use","21":"product_tag-metho-methadone-hcl-powder-wiki","22":"product_tag-metho-methadone-hcl-powder-worldwide","23":"product_tag-metho-methadone-hcl-powderprice","24":"product_tag-metho-methadone-hcl-powders","25":"product_tag-order-metho-methadone-hcl-powder","26":"product_tag-purcharse-metho-methadone-hcl-powder","27":"product_tag-shop-metho-methadone-hcl-powder","28":"product_tag-top-quality","29":"product_tag-where-to-buy-metho-methadone-hcl-powder","30":"product_tag-where-to-order-metho-methadone-hcl-powder","31":"product_tag-wholesale-metho-methadone-hcl-powder","32":"desktop-align-left","33":"tablet-align-left","34":"mobile-align-left","35":"ast-product-gallery-layout-horizontal","36":"ast-product-gallery-with-no-image","37":"ast-product-single-variable","38":"ast-product-tabs-layout-horizontal","39":"ast-qv-on-image","41":"first","42":"instock","43":"shipping-taxable","44":"purchasable","45":"product-type-variable"},"yoast_head":"<!-- This site is optimized with the Yoast SEO plugin v25.9 - https:\/\/yoast.com\/wordpress\/plugins\/seo\/ -->\n<title>Metho Methadone HCL Powder for Sale - Buy Metho Methadone<\/title>\n<meta name=\"description\" content=\"If you have not tried Metho Methadone HCL powder from our store, then you are missing a lot. We will help you buy Metho Methadone HCL powder online at cheap rates. Get Metho Methadone HCL powder for sale today!\" \/>\n<meta name=\"robots\" content=\"index, follow, max-snippet:-1, max-image-preview:large, max-video-preview:-1\" \/>\n<link rel=\"canonical\" href=\"https:\/\/legitgrams.com\/hu\/termek\/metho-metadon-hcl-por\/\" \/>\n<meta property=\"og:locale\" content=\"hu_HU\" \/>\n<meta property=\"og:type\" content=\"article\" \/>\n<meta property=\"og:title\" content=\"Metho Methadone HCL Powder for Sale - Buy Metho Methadone\" \/>\n<meta property=\"og:description\" content=\"If you have not tried Metho Methadone HCL powder from our store, then you are missing a lot. We will help you buy Metho Methadone HCL powder online at cheap rates. Get Metho Methadone HCL powder for sale today!\" \/>\n<meta property=\"og:url\" content=\"https:\/\/legitgrams.com\/hu\/termek\/metho-metadon-hcl-por\/\" \/>\n<meta property=\"og:site_name\" content=\"Legit Grams\" \/>\n<meta property=\"article:modified_time\" content=\"2025-04-03T08:12:13+00:00\" \/>\n<meta property=\"og:image\" content=\"https:\/\/legitgrams.com\/wp-content\/uploads\/2024\/09\/buy-metho-methadone-hcl-powder-online.jpg\" \/>\n\t<meta property=\"og:image:width\" content=\"600\" \/>\n\t<meta property=\"og:image:height\" content=\"600\" \/>\n\t<meta property=\"og:image:type\" content=\"image\/jpeg\" \/>\n<meta name=\"twitter:card\" content=\"summary_large_image\" \/>\n<meta name=\"twitter:label1\" content=\"Becs\u00fclt olvas\u00e1si id\u0151\" \/>\n\t<meta name=\"twitter:data1\" content=\"2 perc\" \/>\n<script type=\"application\/ld+json\" class=\"yoast-schema-graph\">{\"@context\":\"https:\/\/schema.org\",\"@graph\":[{\"@type\":\"WebPage\",\"@id\":\"https:\/\/legitgrams.com\/product\/metho-methadone-hcl-powder\/\",\"url\":\"https:\/\/legitgrams.com\/product\/metho-methadone-hcl-powder\/\",\"name\":\"Metho Methadone HCL Powder for Sale - Buy Metho Methadone\",\"isPartOf\":{\"@id\":\"https:\/\/legitgrams.com\/#website\"},\"primaryImageOfPage\":{\"@id\":\"https:\/\/legitgrams.com\/product\/metho-methadone-hcl-powder\/#primaryimage\"},\"image\":{\"@id\":\"https:\/\/legitgrams.com\/product\/metho-methadone-hcl-powder\/#primaryimage\"},\"thumbnailUrl\":\"https:\/\/legitgrams.com\/wp-content\/uploads\/2024\/09\/buy-metho-methadone-hcl-powder-online.jpg\",\"datePublished\":\"2024-09-22T06:43:20+00:00\",\"dateModified\":\"2025-04-03T08:12:13+00:00\",\"description\":\"If you have not tried Metho Methadone HCL powder from our store, then you are missing a lot. We will help you buy Metho Methadone HCL powder online at cheap rates. Get Metho Methadone HCL powder for sale today!\",\"breadcrumb\":{\"@id\":\"https:\/\/legitgrams.com\/product\/metho-methadone-hcl-powder\/#breadcrumb\"},\"inLanguage\":\"hu\",\"potentialAction\":[{\"@type\":\"ReadAction\",\"target\":[\"https:\/\/legitgrams.com\/product\/metho-methadone-hcl-powder\/\"]}]},{\"@type\":\"ImageObject\",\"inLanguage\":\"hu\",\"@id\":\"https:\/\/legitgrams.com\/product\/metho-methadone-hcl-powder\/#primaryimage\",\"url\":\"https:\/\/legitgrams.com\/wp-content\/uploads\/2024\/09\/buy-metho-methadone-hcl-powder-online.jpg\",\"contentUrl\":\"https:\/\/legitgrams.com\/wp-content\/uploads\/2024\/09\/buy-metho-methadone-hcl-powder-online.jpg\",\"width\":600,\"height\":600,\"caption\":\"Metho Methadone HCL Powder for Sale\"},{\"@type\":\"BreadcrumbList\",\"@id\":\"https:\/\/legitgrams.com\/product\/metho-methadone-hcl-powder\/#breadcrumb\",\"itemListElement\":[{\"@type\":\"ListItem\",\"position\":1,\"name\":\"Home\",\"item\":\"https:\/\/legitgrams.com\/\"},{\"@type\":\"ListItem\",\"position\":2,\"name\":\"Shop\",\"item\":\"https:\/\/legitgrams.com\/shop\/\"},{\"@type\":\"ListItem\",\"position\":3,\"name\":\"Buy Metho Methadone HCL powder Online\"}]},{\"@type\":\"WebSite\",\"@id\":\"https:\/\/legitgrams.com\/#website\",\"url\":\"https:\/\/legitgrams.com\/\",\"name\":\"Legit Grams\",\"description\":\"My WordPress Blog\",\"publisher\":{\"@id\":\"https:\/\/legitgrams.com\/#organization\"},\"potentialAction\":[{\"@type\":\"SearchAction\",\"target\":{\"@type\":\"EntryPoint\",\"urlTemplate\":\"https:\/\/legitgrams.com\/?s={search_term_string}\"},\"query-input\":{\"@type\":\"PropertyValueSpecification\",\"valueRequired\":true,\"valueName\":\"search_term_string\"}}],\"inLanguage\":\"hu\"},{\"@type\":\"Organization\",\"@id\":\"https:\/\/legitgrams.com\/#organization\",\"name\":\"Legit Grams\",\"url\":\"https:\/\/legitgrams.com\/\",\"logo\":{\"@type\":\"ImageObject\",\"inLanguage\":\"hu\",\"@id\":\"https:\/\/legitgrams.com\/#\/schema\/logo\/image\/\",\"url\":\"https:\/\/legitgrams.com\/wp-content\/uploads\/2024\/09\/main-logo.png\",\"contentUrl\":\"https:\/\/legitgrams.com\/wp-content\/uploads\/2024\/09\/main-logo.png\",\"width\":270,\"height\":75,\"caption\":\"Legit Grams\"},\"image\":{\"@id\":\"https:\/\/legitgrams.com\/#\/schema\/logo\/image\/\"}}]}<\/script>\n<!-- \/ Yoast SEO plugin. -->","yoast_head_json":{"title":"Elad\u00f3 Metho Methadone HCL por - V\u00e1s\u00e1roljon Metho Methadone-t","description":"Ha m\u00e9g nem pr\u00f3b\u00e1lta ki a Metho Methadone HCL port a boltunkb\u00f3l, akkor sokat vesz\u00edt. Seg\u00edt\u00fcnk \u00d6nnek megv\u00e1s\u00e1rolni a Metho Methadone HCL por online olcs\u00f3 \u00e1ron. Szerezze be a Metho Methadone HCL por elad\u00f3 ma!","robots":{"index":"index","follow":"follow","max-snippet":"max-snippet:-1","max-image-preview":"max-image-preview:large","max-video-preview":"max-video-preview:-1"},"canonical":"https:\/\/legitgrams.com\/hu\/termek\/metho-metadon-hcl-por\/","og_locale":"hu_HU","og_type":"article","og_title":"Metho Methadone HCL Powder for Sale - Buy Metho Methadone","og_description":"If you have not tried Metho Methadone HCL powder from our store, then you are missing a lot. We will help you buy Metho Methadone HCL powder online at cheap rates. Get Metho Methadone HCL powder for sale today!","og_url":"https:\/\/legitgrams.com\/hu\/termek\/metho-metadon-hcl-por\/","og_site_name":"Legit Grams","article_modified_time":"2025-04-03T08:12:13+00:00","og_image":[{"width":600,"height":600,"url":"https:\/\/legitgrams.com\/wp-content\/uploads\/2024\/09\/buy-metho-methadone-hcl-powder-online.jpg","type":"image\/jpeg"}],"twitter_card":"summary_large_image","twitter_misc":{"Becs\u00fclt olvas\u00e1si id\u0151":"2 perc"},"schema":{"@context":"https:\/\/schema.org","@graph":[{"@type":"WebPage","@id":"https:\/\/legitgrams.com\/product\/metho-methadone-hcl-powder\/","url":"https:\/\/legitgrams.com\/product\/metho-methadone-hcl-powder\/","name":"Elad\u00f3 Metho Methadone HCL por - V\u00e1s\u00e1roljon Metho Methadone-t","isPartOf":{"@id":"https:\/\/legitgrams.com\/#website"},"primaryImageOfPage":{"@id":"https:\/\/legitgrams.com\/product\/metho-methadone-hcl-powder\/#primaryimage"},"image":{"@id":"https:\/\/legitgrams.com\/product\/metho-methadone-hcl-powder\/#primaryimage"},"thumbnailUrl":"https:\/\/legitgrams.com\/wp-content\/uploads\/2024\/09\/buy-metho-methadone-hcl-powder-online.jpg","datePublished":"2024-09-22T06:43:20+00:00","dateModified":"2025-04-03T08:12:13+00:00","description":"Ha m\u00e9g nem pr\u00f3b\u00e1lta ki a Metho Methadone HCL port a boltunkb\u00f3l, akkor sokat vesz\u00edt. Seg\u00edt\u00fcnk \u00d6nnek megv\u00e1s\u00e1rolni a Metho Methadone HCL por online olcs\u00f3 \u00e1ron. Szerezze be a Metho Methadone HCL por elad\u00f3 ma!","breadcrumb":{"@id":"https:\/\/legitgrams.com\/product\/metho-methadone-hcl-powder\/#breadcrumb"},"inLanguage":"hu","potentialAction":[{"@type":"ReadAction","target":["https:\/\/legitgrams.com\/product\/metho-methadone-hcl-powder\/"]}]},{"@type":"ImageObject","inLanguage":"hu","@id":"https:\/\/legitgrams.com\/product\/metho-methadone-hcl-powder\/#primaryimage","url":"https:\/\/legitgrams.com\/wp-content\/uploads\/2024\/09\/buy-metho-methadone-hcl-powder-online.jpg","contentUrl":"https:\/\/legitgrams.com\/wp-content\/uploads\/2024\/09\/buy-metho-methadone-hcl-powder-online.jpg","width":600,"height":600,"caption":"Metho Methadone HCL Powder for Sale"},{"@type":"BreadcrumbList","@id":"https:\/\/legitgrams.com\/product\/metho-methadone-hcl-powder\/#breadcrumb","itemListElement":[{"@type":"ListItem","position":1,"name":"Home","item":"https:\/\/legitgrams.com\/"},{"@type":"ListItem","position":2,"name":"Shop","item":"https:\/\/legitgrams.com\/shop\/"},{"@type":"ListItem","position":3,"name":"Buy Metho Methadone HCL powder Online"}]},{"@type":"WebSite","@id":"https:\/\/legitgrams.com\/#website","url":"https:\/\/legitgrams.com\/","name":"Legit Grams","description":"Az \u00e9n WordPress blogom","publisher":{"@id":"https:\/\/legitgrams.com\/#organization"},"potentialAction":[{"@type":"SearchAction","target":{"@type":"EntryPoint","urlTemplate":"https:\/\/legitgrams.com\/?s={search_term_string}"},"query-input":{"@type":"PropertyValueSpecification","valueRequired":true,"valueName":"search_term_string"}}],"inLanguage":"hu"},{"@type":"Organization","@id":"https:\/\/legitgrams.com\/#organization","name":"Legit Grams","url":"https:\/\/legitgrams.com\/","logo":{"@type":"ImageObject","inLanguage":"hu","@id":"https:\/\/legitgrams.com\/#\/schema\/logo\/image\/","url":"https:\/\/legitgrams.com\/wp-content\/uploads\/2024\/09\/main-logo.png","contentUrl":"https:\/\/legitgrams.com\/wp-content\/uploads\/2024\/09\/main-logo.png","width":270,"height":75,"caption":"Legit Grams"},"image":{"@id":"https:\/\/legitgrams.com\/#\/schema\/logo\/image\/"}}]}},"uagb_featured_image_src":{"full":["https:\/\/legitgrams.com\/wp-content\/uploads\/2024\/09\/buy-metho-methadone-hcl-powder-online.jpg",600,600,false],"thumbnail":["https:\/\/legitgrams.com\/wp-content\/uploads\/2024\/09\/buy-metho-methadone-hcl-powder-online-150x150.jpg",150,150,true],"medium":["https:\/\/legitgrams.com\/wp-content\/uploads\/2024\/09\/buy-metho-methadone-hcl-powder-online-300x300.jpg",300,300,true],"medium_large":["https:\/\/legitgrams.com\/wp-content\/uploads\/2024\/09\/buy-metho-methadone-hcl-powder-online.jpg",600,600,false],"large":["https:\/\/legitgrams.com\/wp-content\/uploads\/2024\/09\/buy-metho-methadone-hcl-powder-online.jpg",600,600,false],"1536x1536":["https:\/\/legitgrams.com\/wp-content\/uploads\/2024\/09\/buy-metho-methadone-hcl-powder-online.jpg",600,600,false],"2048x2048":["https:\/\/legitgrams.com\/wp-content\/uploads\/2024\/09\/buy-metho-methadone-hcl-powder-online.jpg",600,600,false],"trp-custom-language-flag":["https:\/\/legitgrams.com\/wp-content\/uploads\/2024\/09\/buy-metho-methadone-hcl-powder-online-12x12.jpg",12,12,true],"woocommerce_thumbnail":["https:\/\/legitgrams.com\/wp-content\/uploads\/2024\/09\/buy-metho-methadone-hcl-powder-online-300x300.jpg",300,300,true],"woocommerce_single":["https:\/\/legitgrams.com\/wp-content\/uploads\/2024\/09\/buy-metho-methadone-hcl-powder-online.jpg",600,600,false],"woocommerce_gallery_thumbnail":["https:\/\/legitgrams.com\/wp-content\/uploads\/2024\/09\/buy-metho-methadone-hcl-powder-online-100x100.jpg",100,100,true]},"uagb_author_info":{"display_name":"cokeblog18","author_link":"https:\/\/legitgrams.com\/hu\/author\/"},"uagb_comment_info":0,"uagb_excerpt":"Purchase 99.8% Pure Metho Methadone HCL Powder Online at Wholesale Prices. Moderate to severe pain is treated with metho (methadone HCL). Along with medical supervision and assistance, it is also used to treat drug addiction or control withdrawal symptoms in individuals undergoing therapy. This drug acts as a narcotic to reduce pain. How do packages&hellip;","_links":{"self":[{"href":"https:\/\/legitgrams.com\/hu\/wp-json\/wp\/v2\/product\/4233","targetHints":{"allow":["GET"]}}],"collection":[{"href":"https:\/\/legitgrams.com\/hu\/wp-json\/wp\/v2\/product"}],"about":[{"href":"https:\/\/legitgrams.com\/hu\/wp-json\/wp\/v2\/types\/product"}],"replies":[{"embeddable":true,"href":"https:\/\/legitgrams.com\/hu\/wp-json\/wp\/v2\/comments?post=4233"}],"wp:featuredmedia":[{"embeddable":true,"href":"https:\/\/legitgrams.com\/hu\/wp-json\/wp\/v2\/media\/5288"}],"wp:attachment":[{"href":"https:\/\/legitgrams.com\/hu\/wp-json\/wp\/v2\/media?parent=4233"}],"wp:term":[{"taxonomy":"product_brand","embeddable":true,"href":"https:\/\/legitgrams.com\/hu\/wp-json\/wp\/v2\/product_brand?post=4233"},{"taxonomy":"product_cat","embeddable":true,"href":"https:\/\/legitgrams.com\/hu\/wp-json\/wp\/v2\/product_cat?post=4233"},{"taxonomy":"product_tag","embeddable":true,"href":"https:\/\/legitgrams.com\/hu\/wp-json\/wp\/v2\/product_tag?post=4233"}],"curies":[{"name":"wp","href":"https:\/\/api.w.org\/{rel}","templated":true}]}}