{"id":4246,"date":"2024-09-22T06:58:30","date_gmt":"2024-09-22T06:58:30","guid":{"rendered":"https:\/\/legitgrams.com\/?post_type=product&#038;p=4246"},"modified":"2025-01-14T07:53:53","modified_gmt":"2025-01-14T07:53:53","slug":"folyekony-lsd-200ug-csepp","status":"publish","type":"product","link":"https:\/\/legitgrams.com\/hu\/termek\/folyekony-lsd-200ug-csepp\/","title":{"rendered":"foly\u00e9kony LSD 200ug csepp"},"content":{"rendered":"<h2>V\u00e1s\u00e1roljon 200 ug csepp foly\u00e9kony LSD-t online.<\/h2>\n<p>Kap l<a href=\"https:\/\/legitgrams.com\/hu\/termek\/folyekony-lsd-200ug-csepp\/\">iquid lsd 200ug<\/a> online \u00e9s vidd le elfogadhat\u00f3 \u00e1ron.<\/p>\n<h3>Mi az LSD Liquid?<\/h3>\n<p>A rozsgomba olyan vegyszert tartalmaz, amelyet az LSD-k\u00e9nt ismert hallucinog\u00e9n gy\u00f3gyszer vagy lizergsav-dietilamid el\u0151\u00e1ll\u00edt\u00e1s\u00e1ra haszn\u00e1lnak. Legismertebb felhaszn\u00e1l\u00e1sa az 1960-as \u00e9vek ellenkult\u00far\u00e1ja idej\u00e9n volt, az ezt k\u00f6vet\u0151 betilt\u00e1s rontotta h\u00edrnev\u00e9t.<\/p>\n<p>Az LSD-t 1938-ban Albert Hofmann sv\u00e1jci tud\u00f3s \u00e1ll\u00edtotta el\u0151 a sv\u00e1jci z\u00fcrichi laborat\u00f3rium\u00e1ban. V\u00e9letlen\u00fcl fedezte fel hallucinog\u00e9n tulajdons\u00e1gait 1943-ban, miut\u00e1n egy apr\u00f3 darabka a b\u0151r\u00e9re ker\u00fclt. <a href=\"https:\/\/legitgrams.com\/hu\/\">LegitGrams<\/a><\/p>\n<p>Szerezz LSD-t. Az LSD, az egyik leger\u0151sebb hallucinog\u00e9n a piacon, sz\u00e1mos kultur\u00e1lis, spiritu\u00e1lis \u00e9s ter\u00e1pi\u00e1s felhaszn\u00e1l\u00e1si ter\u00fclettel rendelkezik.<\/p>\n<h3>Farmakol\u00f3gia: V\u00e1s\u00e1roljon olcs\u00f3n 200 ug foly\u00e9kony LSD-t \u00e9s cseppet online<\/h3>\n<p>Bels\u0151leg bev\u00e9ve az LSD 5-HT (szerotonin) receptor aktiv\u00e1tork\u00e9nt m\u0171k\u00f6dik, \u00e9s deaktiv\u00e1lja az agy szerotoninszintj\u00e9t szab\u00e1lyoz\u00f3 rendszereket, ami \u00e9szrevehet\u0151 szerotoninszint-emelked\u00e9st okoz. Szerezzen be 200 ug akci\u00f3s foly\u00e9kony LSD-t online. 200 ug foly\u00e9kony lsd \u00e1ra<\/p>\n<p>Az agy 15 k\u00fcl\u00f6nb\u00f6z\u0151 szerotonin receptora k\u00f6z\u00fcl az LSD els\u0151sorban a 2A alt\u00edpust (5-HT2A) r\u00e9szes\u00edti el\u0151nyben. Az 5-HT2A receptor r\u00e9szt vesz a kognit\u00edv folyamatokban a prefront\u00e1lis k\u00e9regben. Tekintettel arra, hogy az LSD sz\u00e1mos el\u0151nye a prefront\u00e1lis k\u00e9regb\u0151l sz\u00e1rmazik, ez fontos szempont.<\/p>\n<h3>Hogyan \u00e1ll\u00edtj\u00e1k el\u0151 az LSD-t?<\/h3>\n<p>A szerves k\u00e9mia kiv\u00e1l\u00f3 gyakorlati ismerete, egy teljesen m\u0171k\u00f6d\u0151k\u00e9pes laborat\u00f3rium (s\u00f6t\u00e9tkamr\u00e1val \u00e9s berendez\u00e9sek steriliz\u00e1l\u00e1si lehet\u0151s\u00e9geivel), valamint a Drug Enforcement Agency (DEA) jelenleg agressz\u00edven figyeli vagy korl\u00e1tozza az LSD gy\u00e1rt\u00e1s\u00e1hoz sz\u00fcks\u00e9ges vegyi anyagok \u00e9rt\u00e9kes\u00edt\u00e9s\u00e9t. A metamfetamin el\u0151\u00e1ll\u00edt\u00e1s\u00e1hoz sz\u00fcks\u00e9ges \u00f6sszetev\u0151kkel ellent\u00e9tben ezek az \u00f6sszetev\u0151k hi\u00e1nyoznak a mindennapi h\u00e1ztart\u00e1si cikkek t\u00f6bbs\u00e9g\u00e9b\u0151l.<\/p>\n<p>\u00dagy gondolj\u00e1k, hogy a prefront\u00e1lis k\u00e9reg r\u00e9szt vesz a d\u00f6nt\u00e9shozatalban, a komplex kognit\u00edv viselked\u00e9stervez\u00e9sben, a szoci\u00e1lis viselked\u00e9s szab\u00e1lyoz\u00e1s\u00e1ban \u00e9s a szem\u00e9lyis\u00e9gkifejez\u00e9sben. Szerezzen be 200 ug akci\u00f3s foly\u00e9kony LSD-t online. Ugyanilyen kulcsfontoss\u00e1g\u00fa az a k\u00e9pess\u00e9g, hogy inform\u00e1ci\u00f3t kapjunk a t\u00f6bbi agyi rendszert\u0151l \u00e9s alkalmazzuk azokat c\u00e9lorient\u00e1lt d\u00f6nt\u00e9sek meghozatal\u00e1hoz.<\/p>\n<p>Az LSD hat\u00e1sai? Az LSD hat\u00e1sai a k\u00f6vetkez\u0151k: Lizergsav-dietilamid, ill <a href=\"https:\/\/en.wikipedia.org\/wiki\/LSD\">LSD<\/a>, egy illeg\u00e1lis gy\u00f3gyszer, hallucin\u00e1ci\u00f3kat \u00e9s \u00e9rz\u00e9kszervi elv\u00e1ltoz\u00e1sokat okoz.<\/p>\n<h2><\/h2>\n<h2><\/h2>\n<h2><\/h2>\n<h2><\/h2>\n<p>&nbsp;<\/p>","protected":false},"excerpt":{"rendered":"<p>Purchase a 200ug drop of liquid LSD online. Get liquid lsd 200ug online and drop it at a reasonable price. What is LSD Liquid? Rye mushrooms contain a chemical that is used to make the hallucinogenic drug known as LSD, or lysergic acid diethylamide. Its most well-known use was during the counterculture of the 1960s, &hellip;<\/p>\n<p class=\"read-more\"> <a class=\"\" href=\"https:\/\/legitgrams.com\/hu\/termek\/folyekony-lsd-200ug-csepp\/\"> <span class=\"screen-reader-text\">foly\u00e9kony LSD 200ug csepp<\/span> Olvass tov\u00e1bb \"<\/a><\/p>","protected":false},"featured_media":5285,"comment_status":"open","ping_status":"closed","template":"","meta":{"_uag_custom_page_level_css":"","site-sidebar-layout":"default","site-content-layout":"default","ast-global-header-display":"","ast-main-header-display":"","ast-hfb-above-header-display":"","ast-hfb-below-header-display":"","ast-hfb-mobile-header-display":"","site-post-title":"","ast-breadcrumbs-content":"","ast-featured-img":"","footer-sml-layout":"","theme-transparent-header-meta":"default","adv-header-id-meta":"","stick-header-meta":"default","header-above-stick-meta":"","header-main-stick-meta":"","header-below-stick-meta":"","_joinchat":[]},"product_brand":[],"product_cat":[600],"product_tag":[1704,1694,617,1686,1701,1698,1693,1685,1688,1696,1689,1687,1699,1706,1707,1705,1697,1702,1691,1703,1700,625,1692,1695,1690],"class_list":{"0":"post-4246","1":"product","2":"type-product","3":"status-publish","4":"has-post-thumbnail","6":"product_cat-research-chemicals-and-bath-salt","7":"product_tag-best-cheap-price-liquid-lsd-200ug-drop","8":"product_tag-best-place-to-buy-liquid-lsd-200ug-drop","9":"product_tag-bulk-online","10":"product_tag-buy-liquid-lsd-200ug-drop","11":"product_tag-cheap-liquid-lsd-200ug-drop","12":"product_tag-high-quality-liquid-lsd-200ug-drop","13":"product_tag-how-to-buy-liquid-lsd-200ug-drop","14":"product_tag-liquid-lsd-200ug-drop","15":"product_tag-liquid-lsd-200ug-drop-for-sale","16":"product_tag-liquid-lsd-200ug-drop-legally","17":"product_tag-liquid-lsd-200ug-drop-liquid-lsd-200ug-drop-supplier","18":"product_tag-liquid-lsd-200ug-drop-online","19":"product_tag-liquid-lsd-200ug-drop-store","20":"product_tag-liquid-lsd-200ug-drop-use","21":"product_tag-liquid-lsd-200ug-drop-wiki","22":"product_tag-liquid-lsd-200ug-drop-worldwide","23":"product_tag-liquid-lsd-200ug-dropprice","24":"product_tag-liquid-lsd-200ug-drops","25":"product_tag-order-liquid-lsd-200ug-drop","26":"product_tag-purcharse-liquid-lsd-200ug-drop","27":"product_tag-shop-liquid-lsd-200ug-drop","28":"product_tag-top-quality","29":"product_tag-where-to-buy-liquid-lsd-200ug-drop","30":"product_tag-where-to-order-liquid-lsd-200ug-drop","31":"product_tag-wholesale-liquid-lsd-200ug-drop","32":"desktop-align-left","33":"tablet-align-left","34":"mobile-align-left","35":"ast-product-gallery-layout-horizontal","36":"ast-product-gallery-with-no-image","37":"ast-product-single-variable","38":"ast-product-tabs-layout-horizontal","39":"ast-qv-on-image","41":"first","42":"instock","43":"shipping-taxable","44":"purchasable","45":"product-type-variable"},"yoast_head":"<!-- This site is optimized with the Yoast SEO plugin v25.9 - https:\/\/yoast.com\/wordpress\/plugins\/seo\/ -->\n<title>liquid LSD 200ug Drop for Sale - Buy liquid LSD 200ug Drop Online<\/title>\n<meta name=\"description\" content=\"You can get in touch with our Legitgrams store and buy liquid LSD 200ug Drop online. We have liquid LSD 200ug Drop for sale at cheap prices. Get yours at your place right away!\" \/>\n<meta name=\"robots\" content=\"index, follow, max-snippet:-1, max-image-preview:large, max-video-preview:-1\" \/>\n<link rel=\"canonical\" href=\"https:\/\/legitgrams.com\/hu\/termek\/folyekony-lsd-200ug-csepp\/\" \/>\n<meta property=\"og:locale\" content=\"hu_HU\" \/>\n<meta property=\"og:type\" content=\"article\" \/>\n<meta property=\"og:title\" content=\"liquid LSD 200ug Drop for Sale - Buy liquid LSD 200ug Drop Online\" \/>\n<meta property=\"og:description\" content=\"You can get in touch with our Legitgrams store and buy liquid LSD 200ug Drop online. We have liquid LSD 200ug Drop for sale at cheap prices. Get yours at your place right away!\" \/>\n<meta property=\"og:url\" content=\"https:\/\/legitgrams.com\/hu\/termek\/folyekony-lsd-200ug-csepp\/\" \/>\n<meta property=\"og:site_name\" content=\"Legit Grams\" \/>\n<meta property=\"article:modified_time\" content=\"2025-01-14T07:53:53+00:00\" \/>\n<meta property=\"og:image\" content=\"https:\/\/legitgrams.com\/wp-content\/uploads\/2024\/09\/buy-liquid-lsd-200ug-drop-online-cheap-1.jpg\" \/>\n\t<meta property=\"og:image:width\" content=\"600\" \/>\n\t<meta property=\"og:image:height\" content=\"600\" \/>\n\t<meta property=\"og:image:type\" content=\"image\/jpeg\" \/>\n<meta name=\"twitter:card\" content=\"summary_large_image\" \/>\n<meta name=\"twitter:label1\" content=\"Becs\u00fclt olvas\u00e1si id\u0151\" \/>\n\t<meta name=\"twitter:data1\" content=\"2 perc\" \/>\n<script type=\"application\/ld+json\" class=\"yoast-schema-graph\">{\"@context\":\"https:\/\/schema.org\",\"@graph\":[{\"@type\":\"WebPage\",\"@id\":\"https:\/\/legitgrams.com\/product\/liquid-lsd-200ug-drop\/\",\"url\":\"https:\/\/legitgrams.com\/product\/liquid-lsd-200ug-drop\/\",\"name\":\"liquid LSD 200ug Drop for Sale - Buy liquid LSD 200ug Drop Online\",\"isPartOf\":{\"@id\":\"https:\/\/legitgrams.com\/#website\"},\"primaryImageOfPage\":{\"@id\":\"https:\/\/legitgrams.com\/product\/liquid-lsd-200ug-drop\/#primaryimage\"},\"image\":{\"@id\":\"https:\/\/legitgrams.com\/product\/liquid-lsd-200ug-drop\/#primaryimage\"},\"thumbnailUrl\":\"https:\/\/legitgrams.com\/wp-content\/uploads\/2024\/09\/buy-liquid-lsd-200ug-drop-online-cheap-1.jpg\",\"datePublished\":\"2024-09-22T06:58:30+00:00\",\"dateModified\":\"2025-01-14T07:53:53+00:00\",\"description\":\"You can get in touch with our Legitgrams store and buy liquid LSD 200ug Drop online. We have liquid LSD 200ug Drop for sale at cheap prices. Get yours at your place right away!\",\"breadcrumb\":{\"@id\":\"https:\/\/legitgrams.com\/product\/liquid-lsd-200ug-drop\/#breadcrumb\"},\"inLanguage\":\"hu\",\"potentialAction\":[{\"@type\":\"ReadAction\",\"target\":[\"https:\/\/legitgrams.com\/product\/liquid-lsd-200ug-drop\/\"]}]},{\"@type\":\"ImageObject\",\"inLanguage\":\"hu\",\"@id\":\"https:\/\/legitgrams.com\/product\/liquid-lsd-200ug-drop\/#primaryimage\",\"url\":\"https:\/\/legitgrams.com\/wp-content\/uploads\/2024\/09\/buy-liquid-lsd-200ug-drop-online-cheap-1.jpg\",\"contentUrl\":\"https:\/\/legitgrams.com\/wp-content\/uploads\/2024\/09\/buy-liquid-lsd-200ug-drop-online-cheap-1.jpg\",\"width\":600,\"height\":600,\"caption\":\"liquid LSD 200ug Drop for Sale\"},{\"@type\":\"BreadcrumbList\",\"@id\":\"https:\/\/legitgrams.com\/product\/liquid-lsd-200ug-drop\/#breadcrumb\",\"itemListElement\":[{\"@type\":\"ListItem\",\"position\":1,\"name\":\"Home\",\"item\":\"https:\/\/legitgrams.com\/\"},{\"@type\":\"ListItem\",\"position\":2,\"name\":\"Shop\",\"item\":\"https:\/\/legitgrams.com\/shop\/\"},{\"@type\":\"ListItem\",\"position\":3,\"name\":\"liquid LSD 200ug Drop\"}]},{\"@type\":\"WebSite\",\"@id\":\"https:\/\/legitgrams.com\/#website\",\"url\":\"https:\/\/legitgrams.com\/\",\"name\":\"Legit Grams\",\"description\":\"My WordPress Blog\",\"publisher\":{\"@id\":\"https:\/\/legitgrams.com\/#organization\"},\"potentialAction\":[{\"@type\":\"SearchAction\",\"target\":{\"@type\":\"EntryPoint\",\"urlTemplate\":\"https:\/\/legitgrams.com\/?s={search_term_string}\"},\"query-input\":{\"@type\":\"PropertyValueSpecification\",\"valueRequired\":true,\"valueName\":\"search_term_string\"}}],\"inLanguage\":\"hu\"},{\"@type\":\"Organization\",\"@id\":\"https:\/\/legitgrams.com\/#organization\",\"name\":\"Legit Grams\",\"url\":\"https:\/\/legitgrams.com\/\",\"logo\":{\"@type\":\"ImageObject\",\"inLanguage\":\"hu\",\"@id\":\"https:\/\/legitgrams.com\/#\/schema\/logo\/image\/\",\"url\":\"https:\/\/legitgrams.com\/wp-content\/uploads\/2024\/09\/main-logo.png\",\"contentUrl\":\"https:\/\/legitgrams.com\/wp-content\/uploads\/2024\/09\/main-logo.png\",\"width\":270,\"height\":75,\"caption\":\"Legit Grams\"},\"image\":{\"@id\":\"https:\/\/legitgrams.com\/#\/schema\/logo\/image\/\"}}]}<\/script>\n<!-- \/ Yoast SEO plugin. -->","yoast_head_json":{"title":"foly\u00e9kony LSD 200 ug csepp elad\u00f3 - V\u00e1s\u00e1roljon foly\u00e9kony LSD 200 ug cseppet online","description":"L\u00e9pjen kapcsolatba a Legitgrams \u00e1ruh\u00e1zunkkal, \u00e9s v\u00e1s\u00e1roljon foly\u00e9kony LSD 200ug cseppet online. Van foly\u00e9kony LSD 200ug Drop elad\u00f3 olcs\u00f3 \u00e1ron. Szerezd meg a ti\u00e9det a helyedben azonnal!","robots":{"index":"index","follow":"follow","max-snippet":"max-snippet:-1","max-image-preview":"max-image-preview:large","max-video-preview":"max-video-preview:-1"},"canonical":"https:\/\/legitgrams.com\/hu\/termek\/folyekony-lsd-200ug-csepp\/","og_locale":"hu_HU","og_type":"article","og_title":"liquid LSD 200ug Drop for Sale - Buy liquid LSD 200ug Drop Online","og_description":"You can get in touch with our Legitgrams store and buy liquid LSD 200ug Drop online. We have liquid LSD 200ug Drop for sale at cheap prices. Get yours at your place right away!","og_url":"https:\/\/legitgrams.com\/hu\/termek\/folyekony-lsd-200ug-csepp\/","og_site_name":"Legit Grams","article_modified_time":"2025-01-14T07:53:53+00:00","og_image":[{"width":600,"height":600,"url":"https:\/\/legitgrams.com\/wp-content\/uploads\/2024\/09\/buy-liquid-lsd-200ug-drop-online-cheap-1.jpg","type":"image\/jpeg"}],"twitter_card":"summary_large_image","twitter_misc":{"Becs\u00fclt olvas\u00e1si id\u0151":"2 perc"},"schema":{"@context":"https:\/\/schema.org","@graph":[{"@type":"WebPage","@id":"https:\/\/legitgrams.com\/product\/liquid-lsd-200ug-drop\/","url":"https:\/\/legitgrams.com\/product\/liquid-lsd-200ug-drop\/","name":"foly\u00e9kony LSD 200 ug csepp elad\u00f3 - V\u00e1s\u00e1roljon foly\u00e9kony LSD 200 ug cseppet online","isPartOf":{"@id":"https:\/\/legitgrams.com\/#website"},"primaryImageOfPage":{"@id":"https:\/\/legitgrams.com\/product\/liquid-lsd-200ug-drop\/#primaryimage"},"image":{"@id":"https:\/\/legitgrams.com\/product\/liquid-lsd-200ug-drop\/#primaryimage"},"thumbnailUrl":"https:\/\/legitgrams.com\/wp-content\/uploads\/2024\/09\/buy-liquid-lsd-200ug-drop-online-cheap-1.jpg","datePublished":"2024-09-22T06:58:30+00:00","dateModified":"2025-01-14T07:53:53+00:00","description":"L\u00e9pjen kapcsolatba a Legitgrams \u00e1ruh\u00e1zunkkal, \u00e9s v\u00e1s\u00e1roljon foly\u00e9kony LSD 200ug cseppet online. Van foly\u00e9kony LSD 200ug Drop elad\u00f3 olcs\u00f3 \u00e1ron. Szerezd meg a ti\u00e9det a helyedben azonnal!","breadcrumb":{"@id":"https:\/\/legitgrams.com\/product\/liquid-lsd-200ug-drop\/#breadcrumb"},"inLanguage":"hu","potentialAction":[{"@type":"ReadAction","target":["https:\/\/legitgrams.com\/product\/liquid-lsd-200ug-drop\/"]}]},{"@type":"ImageObject","inLanguage":"hu","@id":"https:\/\/legitgrams.com\/product\/liquid-lsd-200ug-drop\/#primaryimage","url":"https:\/\/legitgrams.com\/wp-content\/uploads\/2024\/09\/buy-liquid-lsd-200ug-drop-online-cheap-1.jpg","contentUrl":"https:\/\/legitgrams.com\/wp-content\/uploads\/2024\/09\/buy-liquid-lsd-200ug-drop-online-cheap-1.jpg","width":600,"height":600,"caption":"liquid LSD 200ug Drop for Sale"},{"@type":"BreadcrumbList","@id":"https:\/\/legitgrams.com\/product\/liquid-lsd-200ug-drop\/#breadcrumb","itemListElement":[{"@type":"ListItem","position":1,"name":"Home","item":"https:\/\/legitgrams.com\/"},{"@type":"ListItem","position":2,"name":"Shop","item":"https:\/\/legitgrams.com\/shop\/"},{"@type":"ListItem","position":3,"name":"liquid LSD 200ug Drop"}]},{"@type":"WebSite","@id":"https:\/\/legitgrams.com\/#website","url":"https:\/\/legitgrams.com\/","name":"Legit Grams","description":"Az \u00e9n WordPress blogom","publisher":{"@id":"https:\/\/legitgrams.com\/#organization"},"potentialAction":[{"@type":"SearchAction","target":{"@type":"EntryPoint","urlTemplate":"https:\/\/legitgrams.com\/?s={search_term_string}"},"query-input":{"@type":"PropertyValueSpecification","valueRequired":true,"valueName":"search_term_string"}}],"inLanguage":"hu"},{"@type":"Organization","@id":"https:\/\/legitgrams.com\/#organization","name":"Legit Grams","url":"https:\/\/legitgrams.com\/","logo":{"@type":"ImageObject","inLanguage":"hu","@id":"https:\/\/legitgrams.com\/#\/schema\/logo\/image\/","url":"https:\/\/legitgrams.com\/wp-content\/uploads\/2024\/09\/main-logo.png","contentUrl":"https:\/\/legitgrams.com\/wp-content\/uploads\/2024\/09\/main-logo.png","width":270,"height":75,"caption":"Legit Grams"},"image":{"@id":"https:\/\/legitgrams.com\/#\/schema\/logo\/image\/"}}]}},"uagb_featured_image_src":{"full":["https:\/\/legitgrams.com\/wp-content\/uploads\/2024\/09\/buy-liquid-lsd-200ug-drop-online-cheap-1.jpg",600,600,false],"thumbnail":["https:\/\/legitgrams.com\/wp-content\/uploads\/2024\/09\/buy-liquid-lsd-200ug-drop-online-cheap-1-150x150.jpg",150,150,true],"medium":["https:\/\/legitgrams.com\/wp-content\/uploads\/2024\/09\/buy-liquid-lsd-200ug-drop-online-cheap-1-300x300.jpg",300,300,true],"medium_large":["https:\/\/legitgrams.com\/wp-content\/uploads\/2024\/09\/buy-liquid-lsd-200ug-drop-online-cheap-1.jpg",600,600,false],"large":["https:\/\/legitgrams.com\/wp-content\/uploads\/2024\/09\/buy-liquid-lsd-200ug-drop-online-cheap-1.jpg",600,600,false],"1536x1536":["https:\/\/legitgrams.com\/wp-content\/uploads\/2024\/09\/buy-liquid-lsd-200ug-drop-online-cheap-1.jpg",600,600,false],"2048x2048":["https:\/\/legitgrams.com\/wp-content\/uploads\/2024\/09\/buy-liquid-lsd-200ug-drop-online-cheap-1.jpg",600,600,false],"trp-custom-language-flag":["https:\/\/legitgrams.com\/wp-content\/uploads\/2024\/09\/buy-liquid-lsd-200ug-drop-online-cheap-1-12x12.jpg",12,12,true],"woocommerce_thumbnail":["https:\/\/legitgrams.com\/wp-content\/uploads\/2024\/09\/buy-liquid-lsd-200ug-drop-online-cheap-1-300x300.jpg",300,300,true],"woocommerce_single":["https:\/\/legitgrams.com\/wp-content\/uploads\/2024\/09\/buy-liquid-lsd-200ug-drop-online-cheap-1.jpg",600,600,false],"woocommerce_gallery_thumbnail":["https:\/\/legitgrams.com\/wp-content\/uploads\/2024\/09\/buy-liquid-lsd-200ug-drop-online-cheap-1-100x100.jpg",100,100,true]},"uagb_author_info":{"display_name":"cokeblog18","author_link":"https:\/\/legitgrams.com\/hu\/author\/"},"uagb_comment_info":0,"uagb_excerpt":"Purchase a 200ug drop of liquid LSD online. Get liquid lsd 200ug online and drop it at a reasonable price. What is LSD Liquid? Rye mushrooms contain a chemical that is used to make the hallucinogenic drug known as LSD, or lysergic acid diethylamide. Its most well-known use was during the counterculture of the 1960s,&hellip;","_links":{"self":[{"href":"https:\/\/legitgrams.com\/hu\/wp-json\/wp\/v2\/product\/4246","targetHints":{"allow":["GET"]}}],"collection":[{"href":"https:\/\/legitgrams.com\/hu\/wp-json\/wp\/v2\/product"}],"about":[{"href":"https:\/\/legitgrams.com\/hu\/wp-json\/wp\/v2\/types\/product"}],"replies":[{"embeddable":true,"href":"https:\/\/legitgrams.com\/hu\/wp-json\/wp\/v2\/comments?post=4246"}],"wp:featuredmedia":[{"embeddable":true,"href":"https:\/\/legitgrams.com\/hu\/wp-json\/wp\/v2\/media\/5285"}],"wp:attachment":[{"href":"https:\/\/legitgrams.com\/hu\/wp-json\/wp\/v2\/media?parent=4246"}],"wp:term":[{"taxonomy":"product_brand","embeddable":true,"href":"https:\/\/legitgrams.com\/hu\/wp-json\/wp\/v2\/product_brand?post=4246"},{"taxonomy":"product_cat","embeddable":true,"href":"https:\/\/legitgrams.com\/hu\/wp-json\/wp\/v2\/product_cat?post=4246"},{"taxonomy":"product_tag","embeddable":true,"href":"https:\/\/legitgrams.com\/hu\/wp-json\/wp\/v2\/product_tag?post=4246"}],"curies":[{"name":"wp","href":"https:\/\/api.w.org\/{rel}","templated":true}]}}