{"id":4250,"date":"2024-09-22T07:10:45","date_gmt":"2024-09-22T07:10:45","guid":{"rendered":"https:\/\/legitgrams.com\/?post_type=product&#038;p=4250"},"modified":"2025-01-14T08:14:53","modified_gmt":"2025-01-14T08:14:53","slug":"folyekony-lsd-csepp","status":"publish","type":"product","link":"https:\/\/legitgrams.com\/hu\/termek\/folyekony-lsd-csepp\/","title":{"rendered":"foly\u00e9kony LSD csepp"},"content":{"rendered":"<h2>Foly\u00e9kony LSD 200 ug csepp online v\u00e1s\u00e1rl\u00e1sa: Mi az LSD folyad\u00e9k?<\/h2>\n<p>A rozsgomba olyan vegyszert tartalmaz, amelyet az LSD-k\u00e9nt ismert hallucinog\u00e9n gy\u00f3gyszer vagy lizergsav-dietilamid el\u0151\u00e1ll\u00edt\u00e1s\u00e1ra haszn\u00e1lnak. Legismertebb felhaszn\u00e1l\u00e1sa az 1960-as \u00e9vek ellenkult\u00far\u00e1ja idej\u00e9n volt, az ezt k\u00f6vet\u0151 betilt\u00e1s rontotta h\u00edrnev\u00e9t.<\/p>\n<p>Az LSD-t 1938-ban Albert Hofmann sv\u00e1jci tud\u00f3s \u00e1ll\u00edtotta el\u0151 a sv\u00e1jci z\u00fcrichi laborat\u00f3rium\u00e1ban. V\u00e9letlen\u00fcl fedezte fel hallucinog\u00e9n tulajdons\u00e1gait 1943-ban, miut\u00e1n egy apr\u00f3 darabka a b\u0151r\u00e9re ker\u00fclt.<\/p>\n<p>Szerezz LSD-t. Az LSD, az egyik leger\u0151sebb hallucinog\u00e9n a piacon, sz\u00e1mos kultur\u00e1lis, spiritu\u00e1lis \u00e9s ter\u00e1pi\u00e1s felhaszn\u00e1l\u00e1si ter\u00fclettel rendelkezik.<\/p>\n<h3>Farmakol\u00f3gia: V\u00e1s\u00e1roljon olcs\u00f3n 200 ug foly\u00e9kony LSD-t \u00e9s cseppet online<\/h3>\n<p>Amikor <a href=\"https:\/\/legitgrams.com\/hu\/termek\/folyekony-lsd-csepp\/\">LSD<\/a> elfogyasztva aktiv\u00e1lja az 5-HT (szerotonin) receptort, ami az agy szerotoninszintj\u00e9t szab\u00e1lyoz\u00f3 rendszerek g\u00e1tl\u00e1s\u00e1val jelent\u0151s n\u00f6veked\u00e9st eredm\u00e9nyez. Szerezzen be 200 ug akci\u00f3s foly\u00e9kony LSD-t online. 200 ug foly\u00e9kony lsd \u00e1ra Az agy 15 k\u00fcl\u00f6nb\u00f6z\u0151 szerotonin receptora k\u00f6z\u00fcl az LSD els\u0151sorban a 2A alt\u00edpust (5-HT2A) r\u00e9szes\u00edti el\u0151nyben. Az 5-HT2A receptor r\u00e9szt vesz a kognit\u00edv folyamatokban a prefront\u00e1lis k\u00e9regben. Tekintettel arra, hogy az LSD sz\u00e1mos el\u0151nye a prefront\u00e1lis k\u00e9regb\u0151l sz\u00e1rmazik, ez fontos szempont. <a href=\"https:\/\/legitgrams.com\/hu\/\">LegitGrams<\/a><\/p>\n<h3>Hogyan \u00e1ll\u00edtj\u00e1k el\u0151 az LSD-t?<\/h3>\n<p>A szerves k\u00e9mia alapos ismerete, egy teljesen m\u0171k\u00f6d\u0151k\u00e9pes labor (s\u00f6t\u00e9tkamr\u00e1hoz val\u00f3 hozz\u00e1f\u00e9r\u00e9ssel \u00e9s a berendez\u00e9sek steriliz\u00e1l\u00e1s\u00e1ra alkalmas kapacit\u00e1ssal), valamint bizonyos vegy\u00fcletekkel, amelyek jelenleg vagy tiltva vannak, vagy \u00e9rt\u00e9kes\u00edt\u00e9s\u00fcket szigor\u00faan szab\u00e1lyozz\u00e1k. <a href=\"https:\/\/en.wikipedia.org\/wiki\/LSD\">LSD<\/a>, a Drug Enforcement Agency (DEA) sz\u00fcks\u00e9ges.<\/p>\n<p>A metamfetamin el\u0151\u00e1ll\u00edt\u00e1s\u00e1hoz sz\u00fcks\u00e9ges \u00f6sszetev\u0151kkel ellent\u00e9tben ezek az \u00f6sszetev\u0151k hi\u00e1nyoznak a mindennapi h\u00e1ztart\u00e1si cikkek t\u00f6bbs\u00e9g\u00e9b\u0151l.<\/p>\n<p>\u00dagy gondolj\u00e1k, hogy a prefront\u00e1lis k\u00e9reg r\u00e9szt vesz a d\u00f6nt\u00e9shozatalban, a komplex kognit\u00edv viselked\u00e9stervez\u00e9sben, a szoci\u00e1lis viselked\u00e9s szab\u00e1lyoz\u00e1s\u00e1ban \u00e9s a szem\u00e9lyis\u00e9gkifejez\u00e9sben. Szerezzen be 200 ug akci\u00f3s foly\u00e9kony LSD-t online. Ugyanilyen kulcsfontoss\u00e1g\u00fa az a k\u00e9pess\u00e9g, hogy inform\u00e1ci\u00f3t kapjunk a t\u00f6bbi agyi rendszert\u0151l \u00e9s alkalmazzuk azokat c\u00e9lorient\u00e1lt d\u00f6nt\u00e9sek meghozatal\u00e1hoz.<\/p>\n<p>Szerezzen foly\u00e9kony LSD 200 ug cseppet online: V\u00e1s\u00e1roljon foly\u00e9kony LSD-t, v\u00e1s\u00e1roljon foly\u00e9kony LSD-t 200 ug cseppet, v\u00e1s\u00e1roljon foly\u00e9kony LSD-t online, Hol v\u00e1s\u00e1rolhat foly\u00e9kony LSD 200 ug cseppet?, V\u00e1s\u00e1roljon foly\u00e9kony LSD 200 ug cseppet, v\u00e1s\u00e1roljon foly\u00e9kony LSD-t 200 ug, v\u00e1s\u00e1roljon foly\u00e9kony LSD-t 200 ug, v\u00e1s\u00e1roljon 200 ug-ot? foly\u00e9kony LSD, V\u00e1s\u00e1roljon 200 ug foly\u00e9kony LSD-t, v\u00e1s\u00e1roljon 200 ug foly\u00e9kony LSD-t Csepp az Egyes\u00fclt \u00c1llamokban, Kanad\u00e1ban \u00e9s az Egyes\u00fclt Kir\u00e1lys\u00e1gban, Online v\u00e1s\u00e1rl\u00e1s, Sz\u00e1ll\u00edt\u00f3k, Biztons\u00e1gos Sz\u00e1ll\u00edt\u00e1s, M\u00e9g mindig el\u00e9rhet\u0151 200 ug csepp foly\u00e9kony LSD. Hogyan rendelhetek egy csepp 200 ug-os foly\u00e9kony LSD-t. V\u00e1s\u00e1rolhatok foly\u00e9kony LSD 200 ug csepp tablett\u00e1t online az Egyes\u00fclt \u00c1llamokban? Leg\u00e1lis foly\u00e9kony LSD 200 ug csepp v\u00e1s\u00e1rl\u00e1sa Kanad\u00e1ban?<\/p>\n<h2><\/h2>\n<h2><\/h2>\n<p>&nbsp;<\/p>","protected":false},"excerpt":{"rendered":"<p>Purchase liquid LSD 200ug Drop Online: What is LSD liquid? Rye mushrooms contain a chemical that is used to make the hallucinogenic drug known as LSD, or lysergic acid diethylamide. Its most well-known use was during the counterculture of the 1960s, and the subsequent ban damaged its reputation. LSD was produced in 1938 by Swiss &hellip;<\/p>\n<p class=\"read-more\"> <a class=\"\" href=\"https:\/\/legitgrams.com\/hu\/termek\/folyekony-lsd-csepp\/\"> <span class=\"screen-reader-text\">foly\u00e9kony LSD csepp<\/span> Olvass tov\u00e1bb \"<\/a><\/p>","protected":false},"featured_media":5184,"comment_status":"open","ping_status":"closed","template":"","meta":{"_uag_custom_page_level_css":"","site-sidebar-layout":"default","site-content-layout":"default","ast-global-header-display":"","ast-main-header-display":"","ast-hfb-above-header-display":"","ast-hfb-below-header-display":"","ast-hfb-mobile-header-display":"","site-post-title":"","ast-breadcrumbs-content":"","ast-featured-img":"","footer-sml-layout":"","theme-transparent-header-meta":"default","adv-header-id-meta":"","stick-header-meta":"default","header-above-stick-meta":"","header-main-stick-meta":"","header-below-stick-meta":"","_joinchat":[]},"product_brand":[],"product_cat":[595],"product_tag":[1637,1627,617,1619,1634,1631,1626,1618,1621,1629,1622,1620,1632,1639,1640,1638,1630,1635,1624,1636,1633,625,1625,1628,1623],"class_list":{"0":"post-4250","1":"product","2":"type-product","3":"status-publish","4":"has-post-thumbnail","6":"product_cat-psychedelic-drugs","7":"product_tag-best-cheap-price-liquid-lsd-drop","8":"product_tag-best-place-to-buy-liquid-lsd-drop","9":"product_tag-bulk-online","10":"product_tag-buy-liquid-lsd-drop","11":"product_tag-cheap-liquid-lsd-drop","12":"product_tag-high-quality-liquid-lsd-drop","13":"product_tag-how-to-buy-liquid-lsd-drop","14":"product_tag-liquid-lsd-drop","15":"product_tag-liquid-lsd-drop-for-sale","16":"product_tag-liquid-lsd-drop-legally","17":"product_tag-liquid-lsd-drop-liquid-lsd-drop-supplier","18":"product_tag-liquid-lsd-drop-online","19":"product_tag-liquid-lsd-drop-store","20":"product_tag-liquid-lsd-drop-use","21":"product_tag-liquid-lsd-drop-wiki","22":"product_tag-liquid-lsd-drop-worldwide","23":"product_tag-liquid-lsd-dropprice","24":"product_tag-liquid-lsd-drops","25":"product_tag-order-liquid-lsd-drop","26":"product_tag-purcharse-liquid-lsd-drop","27":"product_tag-shop-liquid-lsd-drop","28":"product_tag-top-quality","29":"product_tag-where-to-buy-liquid-lsd-drop","30":"product_tag-where-to-order-liquid-lsd-drop","31":"product_tag-wholesale-liquid-lsd-drop","32":"desktop-align-left","33":"tablet-align-left","34":"mobile-align-left","35":"ast-product-gallery-layout-horizontal","36":"ast-product-gallery-with-no-image","37":"ast-product-single-variable","38":"ast-product-tabs-layout-horizontal","39":"ast-qv-on-image","41":"first","42":"instock","43":"shipping-taxable","44":"purchasable","45":"product-type-variable"},"yoast_head":"<!-- This site is optimized with the Yoast SEO plugin v25.9 - https:\/\/yoast.com\/wordpress\/plugins\/seo\/ -->\n<title>liquid LSD Drop for Sale - Buy liquid LSD Drop Online | LegitGrams<\/title>\n<meta name=\"description\" content=\"Explore our online store for liquid LSD Drop for sale, offering high-quality liquid LSD Drop. Buy liquid LSD Drop online securely and embark on your research journey with confidence.\" \/>\n<meta name=\"robots\" content=\"index, follow, max-snippet:-1, max-image-preview:large, max-video-preview:-1\" \/>\n<link rel=\"canonical\" href=\"https:\/\/legitgrams.com\/hu\/termek\/folyekony-lsd-csepp\/\" \/>\n<meta property=\"og:locale\" content=\"hu_HU\" \/>\n<meta property=\"og:type\" content=\"article\" \/>\n<meta property=\"og:title\" content=\"liquid LSD Drop for Sale - Buy liquid LSD Drop Online | LegitGrams\" \/>\n<meta property=\"og:description\" content=\"Explore our online store for liquid LSD Drop for sale, offering high-quality liquid LSD Drop. Buy liquid LSD Drop online securely and embark on your research journey with confidence.\" \/>\n<meta property=\"og:url\" content=\"https:\/\/legitgrams.com\/hu\/termek\/folyekony-lsd-csepp\/\" \/>\n<meta property=\"og:site_name\" content=\"Legit Grams\" \/>\n<meta property=\"article:modified_time\" content=\"2025-01-14T08:14:53+00:00\" \/>\n<meta property=\"og:image\" content=\"https:\/\/legitgrams.com\/wp-content\/uploads\/2024\/09\/Buy-liquid-lsd-200ug-drop-Online-Cheap.jpg\" \/>\n\t<meta property=\"og:image:width\" content=\"600\" \/>\n\t<meta property=\"og:image:height\" content=\"600\" \/>\n\t<meta property=\"og:image:type\" content=\"image\/jpeg\" \/>\n<meta name=\"twitter:card\" content=\"summary_large_image\" \/>\n<meta name=\"twitter:label1\" content=\"Becs\u00fclt olvas\u00e1si id\u0151\" \/>\n\t<meta name=\"twitter:data1\" content=\"4 perc\" \/>\n<script type=\"application\/ld+json\" class=\"yoast-schema-graph\">{\"@context\":\"https:\/\/schema.org\",\"@graph\":[{\"@type\":\"WebPage\",\"@id\":\"https:\/\/legitgrams.com\/product\/liquid-lsd-drop\/\",\"url\":\"https:\/\/legitgrams.com\/product\/liquid-lsd-drop\/\",\"name\":\"liquid LSD Drop for Sale - Buy liquid LSD Drop Online | LegitGrams\",\"isPartOf\":{\"@id\":\"https:\/\/legitgrams.com\/#website\"},\"primaryImageOfPage\":{\"@id\":\"https:\/\/legitgrams.com\/product\/liquid-lsd-drop\/#primaryimage\"},\"image\":{\"@id\":\"https:\/\/legitgrams.com\/product\/liquid-lsd-drop\/#primaryimage\"},\"thumbnailUrl\":\"https:\/\/legitgrams.com\/wp-content\/uploads\/2024\/09\/Buy-liquid-lsd-200ug-drop-Online-Cheap.jpg\",\"datePublished\":\"2024-09-22T07:10:45+00:00\",\"dateModified\":\"2025-01-14T08:14:53+00:00\",\"description\":\"Explore our online store for liquid LSD Drop for sale, offering high-quality liquid LSD Drop. Buy liquid LSD Drop online securely and embark on your research journey with confidence.\",\"breadcrumb\":{\"@id\":\"https:\/\/legitgrams.com\/product\/liquid-lsd-drop\/#breadcrumb\"},\"inLanguage\":\"hu\",\"potentialAction\":[{\"@type\":\"ReadAction\",\"target\":[\"https:\/\/legitgrams.com\/product\/liquid-lsd-drop\/\"]}]},{\"@type\":\"ImageObject\",\"inLanguage\":\"hu\",\"@id\":\"https:\/\/legitgrams.com\/product\/liquid-lsd-drop\/#primaryimage\",\"url\":\"https:\/\/legitgrams.com\/wp-content\/uploads\/2024\/09\/Buy-liquid-lsd-200ug-drop-Online-Cheap.jpg\",\"contentUrl\":\"https:\/\/legitgrams.com\/wp-content\/uploads\/2024\/09\/Buy-liquid-lsd-200ug-drop-Online-Cheap.jpg\",\"width\":600,\"height\":600,\"caption\":\"liquid LSD Drop for Sale\"},{\"@type\":\"BreadcrumbList\",\"@id\":\"https:\/\/legitgrams.com\/product\/liquid-lsd-drop\/#breadcrumb\",\"itemListElement\":[{\"@type\":\"ListItem\",\"position\":1,\"name\":\"Home\",\"item\":\"https:\/\/legitgrams.com\/\"},{\"@type\":\"ListItem\",\"position\":2,\"name\":\"Shop\",\"item\":\"https:\/\/legitgrams.com\/shop\/\"},{\"@type\":\"ListItem\",\"position\":3,\"name\":\"liquid LSD Drop\"}]},{\"@type\":\"WebSite\",\"@id\":\"https:\/\/legitgrams.com\/#website\",\"url\":\"https:\/\/legitgrams.com\/\",\"name\":\"Legit Grams\",\"description\":\"My WordPress Blog\",\"publisher\":{\"@id\":\"https:\/\/legitgrams.com\/#organization\"},\"potentialAction\":[{\"@type\":\"SearchAction\",\"target\":{\"@type\":\"EntryPoint\",\"urlTemplate\":\"https:\/\/legitgrams.com\/?s={search_term_string}\"},\"query-input\":{\"@type\":\"PropertyValueSpecification\",\"valueRequired\":true,\"valueName\":\"search_term_string\"}}],\"inLanguage\":\"hu\"},{\"@type\":\"Organization\",\"@id\":\"https:\/\/legitgrams.com\/#organization\",\"name\":\"Legit Grams\",\"url\":\"https:\/\/legitgrams.com\/\",\"logo\":{\"@type\":\"ImageObject\",\"inLanguage\":\"hu\",\"@id\":\"https:\/\/legitgrams.com\/#\/schema\/logo\/image\/\",\"url\":\"https:\/\/legitgrams.com\/wp-content\/uploads\/2024\/09\/main-logo.png\",\"contentUrl\":\"https:\/\/legitgrams.com\/wp-content\/uploads\/2024\/09\/main-logo.png\",\"width\":270,\"height\":75,\"caption\":\"Legit Grams\"},\"image\":{\"@id\":\"https:\/\/legitgrams.com\/#\/schema\/logo\/image\/\"}}]}<\/script>\n<!-- \/ Yoast SEO plugin. -->","yoast_head_json":{"title":"liquid LSD Drop elad\u00f3 - V\u00e1s\u00e1rl\u00e1s liquid LSD Drop Online | LegitGrams","description":"Fedezze fel az online \u00e1ruh\u00e1zunkban a foly\u00e9kony LSD Drop elad\u00f3, amely kiv\u00e1l\u00f3 min\u0151s\u00e9g\u0171 foly\u00e9kony LSD Dropot k\u00edn\u00e1l. V\u00e1s\u00e1roljon foly\u00e9kony LSD Drop online biztons\u00e1gosan, \u00e9s induljon el a kutat\u00e1si \u00fatra magabiztosan.","robots":{"index":"index","follow":"follow","max-snippet":"max-snippet:-1","max-image-preview":"max-image-preview:large","max-video-preview":"max-video-preview:-1"},"canonical":"https:\/\/legitgrams.com\/hu\/termek\/folyekony-lsd-csepp\/","og_locale":"hu_HU","og_type":"article","og_title":"liquid LSD Drop for Sale - Buy liquid LSD Drop Online | LegitGrams","og_description":"Explore our online store for liquid LSD Drop for sale, offering high-quality liquid LSD Drop. Buy liquid LSD Drop online securely and embark on your research journey with confidence.","og_url":"https:\/\/legitgrams.com\/hu\/termek\/folyekony-lsd-csepp\/","og_site_name":"Legit Grams","article_modified_time":"2025-01-14T08:14:53+00:00","og_image":[{"width":600,"height":600,"url":"https:\/\/legitgrams.com\/wp-content\/uploads\/2024\/09\/Buy-liquid-lsd-200ug-drop-Online-Cheap.jpg","type":"image\/jpeg"}],"twitter_card":"summary_large_image","twitter_misc":{"Becs\u00fclt olvas\u00e1si id\u0151":"4 perc"},"schema":{"@context":"https:\/\/schema.org","@graph":[{"@type":"WebPage","@id":"https:\/\/legitgrams.com\/product\/liquid-lsd-drop\/","url":"https:\/\/legitgrams.com\/product\/liquid-lsd-drop\/","name":"liquid LSD Drop elad\u00f3 - V\u00e1s\u00e1rl\u00e1s liquid LSD Drop Online | LegitGrams","isPartOf":{"@id":"https:\/\/legitgrams.com\/#website"},"primaryImageOfPage":{"@id":"https:\/\/legitgrams.com\/product\/liquid-lsd-drop\/#primaryimage"},"image":{"@id":"https:\/\/legitgrams.com\/product\/liquid-lsd-drop\/#primaryimage"},"thumbnailUrl":"https:\/\/legitgrams.com\/wp-content\/uploads\/2024\/09\/Buy-liquid-lsd-200ug-drop-Online-Cheap.jpg","datePublished":"2024-09-22T07:10:45+00:00","dateModified":"2025-01-14T08:14:53+00:00","description":"Fedezze fel az online \u00e1ruh\u00e1zunkban a foly\u00e9kony LSD Drop elad\u00f3, amely kiv\u00e1l\u00f3 min\u0151s\u00e9g\u0171 foly\u00e9kony LSD Dropot k\u00edn\u00e1l. V\u00e1s\u00e1roljon foly\u00e9kony LSD Drop online biztons\u00e1gosan, \u00e9s induljon el a kutat\u00e1si \u00fatra magabiztosan.","breadcrumb":{"@id":"https:\/\/legitgrams.com\/product\/liquid-lsd-drop\/#breadcrumb"},"inLanguage":"hu","potentialAction":[{"@type":"ReadAction","target":["https:\/\/legitgrams.com\/product\/liquid-lsd-drop\/"]}]},{"@type":"ImageObject","inLanguage":"hu","@id":"https:\/\/legitgrams.com\/product\/liquid-lsd-drop\/#primaryimage","url":"https:\/\/legitgrams.com\/wp-content\/uploads\/2024\/09\/Buy-liquid-lsd-200ug-drop-Online-Cheap.jpg","contentUrl":"https:\/\/legitgrams.com\/wp-content\/uploads\/2024\/09\/Buy-liquid-lsd-200ug-drop-Online-Cheap.jpg","width":600,"height":600,"caption":"liquid LSD Drop for Sale"},{"@type":"BreadcrumbList","@id":"https:\/\/legitgrams.com\/product\/liquid-lsd-drop\/#breadcrumb","itemListElement":[{"@type":"ListItem","position":1,"name":"Home","item":"https:\/\/legitgrams.com\/"},{"@type":"ListItem","position":2,"name":"Shop","item":"https:\/\/legitgrams.com\/shop\/"},{"@type":"ListItem","position":3,"name":"liquid LSD Drop"}]},{"@type":"WebSite","@id":"https:\/\/legitgrams.com\/#website","url":"https:\/\/legitgrams.com\/","name":"Legit Grams","description":"Az \u00e9n WordPress blogom","publisher":{"@id":"https:\/\/legitgrams.com\/#organization"},"potentialAction":[{"@type":"SearchAction","target":{"@type":"EntryPoint","urlTemplate":"https:\/\/legitgrams.com\/?s={search_term_string}"},"query-input":{"@type":"PropertyValueSpecification","valueRequired":true,"valueName":"search_term_string"}}],"inLanguage":"hu"},{"@type":"Organization","@id":"https:\/\/legitgrams.com\/#organization","name":"Legit Grams","url":"https:\/\/legitgrams.com\/","logo":{"@type":"ImageObject","inLanguage":"hu","@id":"https:\/\/legitgrams.com\/#\/schema\/logo\/image\/","url":"https:\/\/legitgrams.com\/wp-content\/uploads\/2024\/09\/main-logo.png","contentUrl":"https:\/\/legitgrams.com\/wp-content\/uploads\/2024\/09\/main-logo.png","width":270,"height":75,"caption":"Legit Grams"},"image":{"@id":"https:\/\/legitgrams.com\/#\/schema\/logo\/image\/"}}]}},"uagb_featured_image_src":{"full":["https:\/\/legitgrams.com\/wp-content\/uploads\/2024\/09\/Buy-liquid-lsd-200ug-drop-Online-Cheap.jpg",600,600,false],"thumbnail":["https:\/\/legitgrams.com\/wp-content\/uploads\/2024\/09\/Buy-liquid-lsd-200ug-drop-Online-Cheap-150x150.jpg",150,150,true],"medium":["https:\/\/legitgrams.com\/wp-content\/uploads\/2024\/09\/Buy-liquid-lsd-200ug-drop-Online-Cheap-300x300.jpg",300,300,true],"medium_large":["https:\/\/legitgrams.com\/wp-content\/uploads\/2024\/09\/Buy-liquid-lsd-200ug-drop-Online-Cheap.jpg",600,600,false],"large":["https:\/\/legitgrams.com\/wp-content\/uploads\/2024\/09\/Buy-liquid-lsd-200ug-drop-Online-Cheap.jpg",600,600,false],"1536x1536":["https:\/\/legitgrams.com\/wp-content\/uploads\/2024\/09\/Buy-liquid-lsd-200ug-drop-Online-Cheap.jpg",600,600,false],"2048x2048":["https:\/\/legitgrams.com\/wp-content\/uploads\/2024\/09\/Buy-liquid-lsd-200ug-drop-Online-Cheap.jpg",600,600,false],"trp-custom-language-flag":["https:\/\/legitgrams.com\/wp-content\/uploads\/2024\/09\/Buy-liquid-lsd-200ug-drop-Online-Cheap-12x12.jpg",12,12,true],"woocommerce_thumbnail":["https:\/\/legitgrams.com\/wp-content\/uploads\/2024\/09\/Buy-liquid-lsd-200ug-drop-Online-Cheap-300x300.jpg",300,300,true],"woocommerce_single":["https:\/\/legitgrams.com\/wp-content\/uploads\/2024\/09\/Buy-liquid-lsd-200ug-drop-Online-Cheap.jpg",600,600,false],"woocommerce_gallery_thumbnail":["https:\/\/legitgrams.com\/wp-content\/uploads\/2024\/09\/Buy-liquid-lsd-200ug-drop-Online-Cheap-100x100.jpg",100,100,true]},"uagb_author_info":{"display_name":"cokeblog18","author_link":"https:\/\/legitgrams.com\/hu\/author\/"},"uagb_comment_info":0,"uagb_excerpt":"Purchase liquid LSD 200ug Drop Online: What is LSD liquid? Rye mushrooms contain a chemical that is used to make the hallucinogenic drug known as LSD, or lysergic acid diethylamide. Its most well-known use was during the counterculture of the 1960s, and the subsequent ban damaged its reputation. LSD was produced in 1938 by Swiss&hellip;","_links":{"self":[{"href":"https:\/\/legitgrams.com\/hu\/wp-json\/wp\/v2\/product\/4250","targetHints":{"allow":["GET"]}}],"collection":[{"href":"https:\/\/legitgrams.com\/hu\/wp-json\/wp\/v2\/product"}],"about":[{"href":"https:\/\/legitgrams.com\/hu\/wp-json\/wp\/v2\/types\/product"}],"replies":[{"embeddable":true,"href":"https:\/\/legitgrams.com\/hu\/wp-json\/wp\/v2\/comments?post=4250"}],"wp:featuredmedia":[{"embeddable":true,"href":"https:\/\/legitgrams.com\/hu\/wp-json\/wp\/v2\/media\/5184"}],"wp:attachment":[{"href":"https:\/\/legitgrams.com\/hu\/wp-json\/wp\/v2\/media?parent=4250"}],"wp:term":[{"taxonomy":"product_brand","embeddable":true,"href":"https:\/\/legitgrams.com\/hu\/wp-json\/wp\/v2\/product_brand?post=4250"},{"taxonomy":"product_cat","embeddable":true,"href":"https:\/\/legitgrams.com\/hu\/wp-json\/wp\/v2\/product_cat?post=4250"},{"taxonomy":"product_tag","embeddable":true,"href":"https:\/\/legitgrams.com\/hu\/wp-json\/wp\/v2\/product_tag?post=4250"}],"curies":[{"name":"wp","href":"https:\/\/api.w.org\/{rel}","templated":true}]}}