{"id":4251,"date":"2024-09-22T07:18:59","date_gmt":"2024-09-22T07:18:59","guid":{"rendered":"https:\/\/legitgrams.com\/?post_type=product&#038;p=4251"},"modified":"2025-03-05T09:21:49","modified_gmt":"2025-03-05T09:21:49","slug":"k2-fustolo-spray-fuszer","status":"publish","type":"product","link":"https:\/\/legitgrams.com\/hu\/termek\/k2-fustolo-spray-fuszer\/","title":{"rendered":"V\u00e1s\u00e1roljon K2 f\u00fcst\u00f6l\u0151 spray-t (SPICE) online"},"content":{"rendered":"<h2>K2 f\u00fcst\u00f6l\u0151 spray: V\u00e1s\u00e1roljon online<\/h2>\n<p><a href=\"https:\/\/www.bing.com\/search?q=K2%20Incense%20Spray%20(SPICE)&amp;qs=n&amp;form=QBRE&amp;sp=-1&amp;ghc=1&amp;lq=0&amp;pq=k2%20incense%20spray%20(spice)&amp;sc=12-24&amp;sk=&amp;cvid=3D9A742747D640D4BC4B066AA1C3C68A&amp;ghsh=0&amp;ghacc=0&amp;ghpl=\">V\u00e1s\u00e1roljon K2 f\u00fcst\u00f6l\u0151 spray-t<\/a>: We also sell <a href=\"https:\/\/legitgrams.com\/hu\/termek\/k2-fustolo-spray-fuszer\/\">K2 pap\u00edr<\/a>. L\u00e9teznek sz\u00edntelen \u00e9s szagtalan t\u00edpus\u00fa K2 spray-k. Egy eg\u00e9sz A4-es pap\u00edrlap kif\u00faj\u00e1s\u00e1hoz 25 ml-re van sz\u00fcks\u00e9g. A K2 f\u00fcst\u00f6l\u0151 spray (SPICE) megv\u00e1s\u00e1rolhat\u00f3 online.<\/p>\n<p>A szintetikus marihu\u00e1na le\u00edr\u00e1s\u00e1ra haszn\u00e1lt k\u00e9t f\u0151 sz\u00f3 az \u00edz \u00e9s a K2. \u00dagy j\u00f6nnek l\u00e9tre, hogy sz\u00e1r\u00edtott n\u00f6v\u00e9nyi anyagot injekt\u00e1lnak egy tervezett kannabinoiddal. A Delta9-tetrahidrokannabinolhoz (THC), a marihu\u00e1na hat\u00e1s\u00e1t meghat\u00e1roz\u00f3 els\u0151dleges komponenshez hasonl\u00f3an a tervezett kannabinoidok szintetikus kever\u00e9kek, amelyek t\u00e1mogatj\u00e1k az agy kannabinoid receptorait. A f\u0171szerhaszn\u00e1l\u00f3k azt \u00e1ll\u00edtj\u00e1k, hogy a marihu\u00e1n\u00e1hoz hasonl\u00f3 hat\u00e1st fejtettek ki, amely n\u00f6v\u00e9ny sz\u00e1mos kannabinoidot tartalmaz. <a href=\"https:\/\/www.google.com\/search?q=K2+Incense+Spray+%28SPICE%29&amp;num=10&amp;sca_esv=1a2a07081c7891bb&amp;rlz=1C1RXQR_enIN1098IN1098&amp;sxsrf=AHTn8zqsX4C1d5-1nh3F4_UggJdBrW8J9g%3A1741161834770&amp;ei=agXIZ8LULo3iseMPrObkgAM&amp;ved=0ahUKEwjCsaGlvfKLAxUNcWwGHSwzGTAQ4dUDCBA&amp;uact=5&amp;oq=K2+Incense+Spray+%28SPICE%29&amp;gs_lp=Egxnd3Mtd2l6LXNlcnAiGEsyIEluY2Vuc2UgU3ByYXkgKFNQSUNFKUiCB1CdA1idA3ACeAGQAQCYAeABoAHgAaoBAzItMbgBA8gBAPgBAvgBAZgCAqACFsICChAAGLADGNYEGEeYAwCIBgGQBgiSBwEyoAdM&amp;sclient=gws-wiz-serp\">K2<\/a> Az \u00edz \u00e9s az \u00edz k\u00e9t olyan sz\u00f3, amely a v\u00e9nyk\u00f6teles gy\u00f3gyszerek gy\u0171jtem\u00e9ny\u00e9re utal, az \u00fagynevezett \u201em\u00e9rn\u00f6ki\u201d vagy \u201eteremtett\u201d kannabisz. Dehidrat\u00e1lt n\u00f6v\u00e9nyi r\u00e9szekb\u0151l k\u00e9sz\u00fclnek, amelyeket szintetikus vegy\u00fcletekkel permeteztek, amelyek k\u00e9pesek megv\u00e1ltoztatni az emberek v\u00e9lem\u00e9ny\u00e9t. Ezeket a szintetiz\u00e1lt drogokat kezdetben az elemz\u0151k tesztelt\u00e9k. <a href=\"https:\/\/legitgrams.com\/hu\/\">LegitGrams<\/a><\/p>\n<h3>A K2 f\u00fcst\u00f6l\u0151 spray (SPICE) megv\u00e1s\u00e1rolhat\u00f3 online.<\/h3>\n<p>Ezenk\u00edv\u00fcl a K2 foly\u00e9kony form\u00e1ban is megv\u00e1s\u00e1rolhat\u00f3 elektronikus cigarett\u00e1khoz. F\u00fcst\u00f6lhet\u0151 pip\u00e1ban, \u00edz\u00fcletben, vagy te\u00e1t is k\u00e9sz\u00edthet\u00fcnk bel\u0151le. Ezut\u00e1n a K2 foly\u00e9kony rostokat, pap\u00edrt \u00e9s n\u00f6v\u00e9nyeket sz\u00f3r meg. Az els\u0151dleges ok, ami\u00e9rt az emberek a Spice-t sz\u00edvj\u00e1k, a j\u00f3l ismert tulajdons\u00e1gai \u00e9s szer\u00e9nys\u00e9ge, m\u00e9g akkor is, ha a marihu\u00e1n\u00e1hoz hasonl\u00f3 hat\u00e1sai lehetnek. Ezt az anyagot \u00e1ltal\u00e1ban n\u00f6v\u00e9nyi term\u00e9kk\u00e9nt \u00e1rus\u00edtj\u00e1k. Ennek ellen\u00e9re kiemelked\u0151 K2 \u00edzt biztos\u00edtunk, \u00e9s minden testreszabott kever\u00e9k\u00fcnk megfelel a hat\u00e1lyos t\u00f6rv\u00e9nyeknek. Er\u0151teljes gy\u00f3gyn\u00f6v\u00e9nyes t\u00f6mj\u00e9n K2 az \u00e9rz\u00e9kek felkelt\u00e9s\u00e9re: V\u00e1s\u00e1roljon online gy\u00f3gyf\u00fcves t\u00f6mj\u00e9nt! Ellent\u00e9tben m\u00e1s keresked\u0151kkel, akik \u00e9lettelen kever\u00e9keket k\u00edn\u00e1lnak er\u0151hat\u00e1s n\u00e9lk\u00fcl, a mi min\u0151s\u00e9g\u00fcnk \u00f6nmag\u00e1\u00e9rt besz\u00e9l, ha gond n\u00e9lk\u00fcl v\u00e1s\u00e1rol t\u0151l\u00fcnk K2-t! Kiv\u00e1l\u00f3 min\u0151s\u00e9g\u0171 gy\u00f3gyf\u00fcves f\u00fcst\u00f6l\u0151k k\u00edn\u00e1lat\u00e1val k\u00fcl\u00f6nb\u00f6ztetj\u00fck meg magunkat a t\u00f6bbi gy\u00f3gyn\u00f6v\u00e9ny zingkeresked\u0151t\u0151l. A Flavor, m\u00e1s n\u00e9ven szintetikus marihu\u00e1na, szintetikus gyom vagy K2, egy gy\u00e1rtott f\u00fcst\u00f6l\u0151 spray, amely sok hamis arom\u00e1t \u00e9s vegyszert tartalmaz. <a href=\"https:\/\/duckduckgo.com\/?q=K2+Incense+Spray+(SPICE)&amp;t=h_&amp;ia=web\">K2 folyad\u00e9k pap\u00edron<\/a>. V\u00e1s\u00e1roljon foly\u00e9kony f\u00fcst\u00f6l\u0151t \u00e9s K2 spray-t online. Online rendel\u00e9s lead\u00e1s\u00e1val els\u0151 oszt\u00e1ly\u00fa K2 zingpap\u00edrt kaphat otthon\u00e1ban. A megfelel\u0151 boltban vagy. az E-Liquids permetez\u0151k \u00e9s a K2 helyi f\u00fcst\u00f6l\u0151 folyad\u00e9kok online forgalmaz\u00e1s\u00e1nak megszervez\u00e9s\u00e9re. A K2 folyad\u00e9k honos\u00edtott domin\u00e1nsait a legkedvez\u0151bb \u00e1ron biztos\u00edtjuk, hogy minden v\u00e1s\u00e1rl\u00f3 ig\u00e9nyeit kiel\u00e9g\u00edts\u00fck az USA-ban \u00e9s szerte a vil\u00e1gon. Egy m\u00e1sik figyelemre m\u00e9lt\u00f3 felhaszn\u00e1l\u00e1si ter\u00fclet a K2 zuhany l\u00e9trehoz\u00e1sa; ez\u00e9rt \u00e1ltal\u00e1ban helyileg haszn\u00e1lj\u00e1k. Ez val\u00f3ban elengedhetetlen. A \u201eFlavor\u201d vagy a \u201eK2\u201d a gy\u00e1rtott kannabinoidok m\u00e1s nevei, amelyeket el\u0151sz\u00f6r az Egyes\u00fclt \u00c1llamokban tettek el\u00e9rhet\u0151v\u00e9 a 2000-es \u00e9vekben. hiteles K2 High Spice dokumentum. A legjobb online el\u00e9rhet\u0151 K2 vegyes pap\u00edrt k\u00edn\u00e1ljuk. Szerezd meg azonnal. Mi az a K2, Spice vagy gy\u00e1rtott kannabinoidok, a szintetikus marihu\u00e1na m\u00e1sik neve? N\u00e1lunk a legjobb helyi online t\u00f6mj\u00e9n \u00e1ll rendelkez\u00e9sre.<\/p>\n<p>V\u00e1s\u00e1roljon K2-t <a href=\"https:\/\/en.wikipedia.org\/wiki\/Incense\">F\u00fcst\u00f6l\u0151<\/a> Spray, a K2, K2 folyad\u00e9k a b\u00f6rt\u00f6n\u00f6kben, Bizarro gy\u00f3gyn\u00f6v\u00e9nyes t\u00f6mj\u00e9n \u00e9s K2 foly\u00e9kony t\u00f6mj\u00e9n. v\u00e1s\u00e1rl\u00e1s K2 Spice Spray, K2 k\u00e1b\u00edt\u00f3szer, szintetikus kannabisz, szintetikus marihu\u00e1na, Hol kaphat\u00f3 K2 foly\u00e9kony cseppek, K2 foly\u00e9kony f\u0171szer, \u00e9s hogyan kell felvinni a K2 folyad\u00e9kot pap\u00edrra Hol v\u00e1s\u00e1rolhatok K2 spray-t, K2 e-liquid-et, K2 foly\u00e9kony sprayt \u00e9s Bizarr t\u00f6mj\u00e9n? Bizarro K2 Liquid Spray K2 Weed, K2 Chemical, K2 Spray, K2 t\u00f6mj\u00e9n, K2 Spray on Paper, K2 Spray Elad\u00f3 \u00e9s K2 Liquid Bizarro K2 Spray pap\u00edrra, Diablo foly\u00e9kony t\u00f6mj\u00e9n, Diablo gy\u00f3gyf\u00fcves t\u00f6mj\u00e9n, Diablo gy\u00f3gyf\u00fcves t\u00f6mj\u00e9n online v\u00e1s\u00e1rl\u00e1sa elad\u00e1s, v\u00e9tel, v\u00e1s\u00e1rl\u00e1s, biztons\u00e1gos, online, Diablo, K2 gyom, K2 spray, K2, Diablo K2, K2 elad\u00f3, szintetikus kannabisz.<\/p>\n<p>&nbsp;<\/p>","protected":false},"excerpt":{"rendered":"<p>K2 Incense Spray: Purchase Online Purchase K2 Incense Spray: We also sell K2 paper. There are colorless and odorless types of K2 spray available. It takes 25ml to spray a whole A4 sheet of paper. K2 Incense Spray (SPICE) can be bought online. The two main words used to describe synthetic marijuana are taste and &hellip;<\/p>\n<p class=\"read-more\"> <a class=\"\" href=\"https:\/\/legitgrams.com\/hu\/termek\/k2-fustolo-spray-fuszer\/\"> <span class=\"screen-reader-text\">V\u00e1s\u00e1roljon K2 f\u00fcst\u00f6l\u0151 spray-t (SPICE) online<\/span> Olvass tov\u00e1bb \"<\/a><\/p>","protected":false},"featured_media":5341,"comment_status":"open","ping_status":"closed","template":"","meta":{"_uag_custom_page_level_css":"","site-sidebar-layout":"default","site-content-layout":"default","ast-global-header-display":"","ast-main-header-display":"","ast-hfb-above-header-display":"","ast-hfb-below-header-display":"","ast-hfb-mobile-header-display":"","site-post-title":"","ast-breadcrumbs-content":"","ast-featured-img":"","footer-sml-layout":"","theme-transparent-header-meta":"default","adv-header-id-meta":"","stick-header-meta":"default","header-above-stick-meta":"","header-main-stick-meta":"","header-below-stick-meta":"","_joinchat":[]},"product_brand":[],"product_cat":[602],"product_tag":[1614,1604,617,1596,1611,1608,1603,1595,1598,1599,1606,1597,1609,1616,1617,1615,1607,1612,1601,1613,1610,625,1602,1605,1600],"class_list":{"0":"post-4251","1":"product","2":"type-product","3":"status-publish","4":"has-post-thumbnail","6":"product_cat-k2-paper-and-spray","7":"product_tag-best-cheap-price-k2-incense-spray-spice","8":"product_tag-best-place-to-buy-k2-incense-spray-spice","9":"product_tag-bulk-online","10":"product_tag-buy-k2-incense-spray-spice","11":"product_tag-cheap-k2-incense-spray-spice","12":"product_tag-high-quality-k2-incense-spray-spice","13":"product_tag-how-to-buy-k2-incense-spray-spice","14":"product_tag-k2-incense-spray-spice","15":"product_tag-k2-incense-spray-spice-for-sale","16":"product_tag-k2-incense-spray-spice-k2-incense-spray-spice-supplier","17":"product_tag-k2-incense-spray-spice-legally","18":"product_tag-k2-incense-spray-spice-online","19":"product_tag-k2-incense-spray-spice-store","20":"product_tag-k2-incense-spray-spice-use","21":"product_tag-k2-incense-spray-spice-wiki","22":"product_tag-k2-incense-spray-spice-worldwide","23":"product_tag-k2-incense-spray-spiceprice","24":"product_tag-k2-incense-spray-spices","25":"product_tag-order-k2-incense-spray-spice","26":"product_tag-purcharse-k2-incense-spray-spice","27":"product_tag-shop-k2-incense-spray-spice","28":"product_tag-top-quality","29":"product_tag-where-to-buy-k2-incense-spray-spice","30":"product_tag-where-to-order-k2-incense-spray-spice","31":"product_tag-wholesale-k2-incense-spray-spice","32":"desktop-align-left","33":"tablet-align-left","34":"mobile-align-left","35":"ast-product-gallery-layout-horizontal","36":"ast-product-gallery-with-no-image","37":"ast-product-single-variable","38":"ast-product-tabs-layout-horizontal","39":"ast-qv-on-image","41":"first","42":"instock","43":"featured","44":"shipping-taxable","45":"purchasable","46":"product-type-variable"},"yoast_head":"<!-- This site is optimized with the Yoast SEO plugin v25.9 - https:\/\/yoast.com\/wordpress\/plugins\/seo\/ -->\n<title>K2 Incense Spray for Sale - Order K2 Incense Spray Online | LG<\/title>\n<meta name=\"description\" content=\"At our Legitgrams, you can get K2 Incense Spray for sale at cheap rates. We deal with A-grade quality products only. Buy K2 Incense Spray online from our store now with fast &amp; secure shipping service.\" \/>\n<meta name=\"robots\" content=\"index, follow, max-snippet:-1, max-image-preview:large, max-video-preview:-1\" \/>\n<link rel=\"canonical\" href=\"https:\/\/legitgrams.com\/hu\/termek\/k2-fustolo-spray-fuszer\/\" \/>\n<meta property=\"og:locale\" content=\"hu_HU\" \/>\n<meta property=\"og:type\" content=\"article\" \/>\n<meta property=\"og:title\" content=\"K2 Incense Spray for Sale - Order K2 Incense Spray Online | LG\" \/>\n<meta property=\"og:description\" content=\"At our Legitgrams, you can get K2 Incense Spray for sale at cheap rates. We deal with A-grade quality products only. Buy K2 Incense Spray online from our store now with fast &amp; secure shipping service.\" \/>\n<meta property=\"og:url\" content=\"https:\/\/legitgrams.com\/hu\/termek\/k2-fustolo-spray-fuszer\/\" \/>\n<meta property=\"og:site_name\" content=\"Legit Grams\" \/>\n<meta property=\"article:modified_time\" content=\"2025-03-05T09:21:49+00:00\" \/>\n<meta property=\"og:image\" content=\"https:\/\/legitgrams.com\/wp-content\/uploads\/2024\/09\/buy-k2-incense-spray-spice.jpg\" \/>\n\t<meta property=\"og:image:width\" content=\"600\" \/>\n\t<meta property=\"og:image:height\" content=\"600\" \/>\n\t<meta property=\"og:image:type\" content=\"image\/jpeg\" \/>\n<meta name=\"twitter:card\" content=\"summary_large_image\" \/>\n<meta name=\"twitter:label1\" content=\"Becs\u00fclt olvas\u00e1si id\u0151\" \/>\n\t<meta name=\"twitter:data1\" content=\"3 perc\" \/>\n<script type=\"application\/ld+json\" class=\"yoast-schema-graph\">{\"@context\":\"https:\/\/schema.org\",\"@graph\":[{\"@type\":\"WebPage\",\"@id\":\"https:\/\/legitgrams.com\/product\/k2-incense-spray-spice\/\",\"url\":\"https:\/\/legitgrams.com\/product\/k2-incense-spray-spice\/\",\"name\":\"K2 Incense Spray for Sale - Order K2 Incense Spray Online | LG\",\"isPartOf\":{\"@id\":\"https:\/\/legitgrams.com\/#website\"},\"primaryImageOfPage\":{\"@id\":\"https:\/\/legitgrams.com\/product\/k2-incense-spray-spice\/#primaryimage\"},\"image\":{\"@id\":\"https:\/\/legitgrams.com\/product\/k2-incense-spray-spice\/#primaryimage\"},\"thumbnailUrl\":\"https:\/\/legitgrams.com\/wp-content\/uploads\/2024\/09\/buy-k2-incense-spray-spice.jpg\",\"datePublished\":\"2024-09-22T07:18:59+00:00\",\"dateModified\":\"2025-03-05T09:21:49+00:00\",\"description\":\"At our Legitgrams, you can get K2 Incense Spray for sale at cheap rates. We deal with A-grade quality products only. Buy K2 Incense Spray online from our store now with fast & secure shipping service.\",\"breadcrumb\":{\"@id\":\"https:\/\/legitgrams.com\/product\/k2-incense-spray-spice\/#breadcrumb\"},\"inLanguage\":\"hu\",\"potentialAction\":[{\"@type\":\"ReadAction\",\"target\":[\"https:\/\/legitgrams.com\/product\/k2-incense-spray-spice\/\"]}]},{\"@type\":\"ImageObject\",\"inLanguage\":\"hu\",\"@id\":\"https:\/\/legitgrams.com\/product\/k2-incense-spray-spice\/#primaryimage\",\"url\":\"https:\/\/legitgrams.com\/wp-content\/uploads\/2024\/09\/buy-k2-incense-spray-spice.jpg\",\"contentUrl\":\"https:\/\/legitgrams.com\/wp-content\/uploads\/2024\/09\/buy-k2-incense-spray-spice.jpg\",\"width\":600,\"height\":600,\"caption\":\"K2 Incense Spray for Sale\"},{\"@type\":\"BreadcrumbList\",\"@id\":\"https:\/\/legitgrams.com\/product\/k2-incense-spray-spice\/#breadcrumb\",\"itemListElement\":[{\"@type\":\"ListItem\",\"position\":1,\"name\":\"Home\",\"item\":\"https:\/\/legitgrams.com\/\"},{\"@type\":\"ListItem\",\"position\":2,\"name\":\"Shop\",\"item\":\"https:\/\/legitgrams.com\/shop\/\"},{\"@type\":\"ListItem\",\"position\":3,\"name\":\"Buy K2 Incense Spray (SPICE) Online\"}]},{\"@type\":\"WebSite\",\"@id\":\"https:\/\/legitgrams.com\/#website\",\"url\":\"https:\/\/legitgrams.com\/\",\"name\":\"Legit Grams\",\"description\":\"My WordPress Blog\",\"publisher\":{\"@id\":\"https:\/\/legitgrams.com\/#organization\"},\"potentialAction\":[{\"@type\":\"SearchAction\",\"target\":{\"@type\":\"EntryPoint\",\"urlTemplate\":\"https:\/\/legitgrams.com\/?s={search_term_string}\"},\"query-input\":{\"@type\":\"PropertyValueSpecification\",\"valueRequired\":true,\"valueName\":\"search_term_string\"}}],\"inLanguage\":\"hu\"},{\"@type\":\"Organization\",\"@id\":\"https:\/\/legitgrams.com\/#organization\",\"name\":\"Legit Grams\",\"url\":\"https:\/\/legitgrams.com\/\",\"logo\":{\"@type\":\"ImageObject\",\"inLanguage\":\"hu\",\"@id\":\"https:\/\/legitgrams.com\/#\/schema\/logo\/image\/\",\"url\":\"https:\/\/legitgrams.com\/wp-content\/uploads\/2024\/09\/main-logo.png\",\"contentUrl\":\"https:\/\/legitgrams.com\/wp-content\/uploads\/2024\/09\/main-logo.png\",\"width\":270,\"height\":75,\"caption\":\"Legit Grams\"},\"image\":{\"@id\":\"https:\/\/legitgrams.com\/#\/schema\/logo\/image\/\"}}]}<\/script>\n<!-- \/ Yoast SEO plugin. -->","yoast_head_json":{"title":"K2 F\u00fcst\u00f6l\u0151 spray elad\u00f3 - K2 F\u00fcst\u00f6l\u0151 spray online rendel\u00e9se | LG","description":"A mi Legitgrams, akkor kap K2 Incense Spray elad\u00f3 olcs\u00f3 \u00e1ron. Mi csak A-oszt\u00e1ly\u00fa min\u0151s\u00e9gi term\u00e9kekkel foglalkozunk. V\u00e1s\u00e1roljon K2 Incense Spray online a mi boltunkban most gyors \u00e9s biztons\u00e1gos sz\u00e1ll\u00edt\u00e1si szolg\u00e1ltat\u00e1ssal.","robots":{"index":"index","follow":"follow","max-snippet":"max-snippet:-1","max-image-preview":"max-image-preview:large","max-video-preview":"max-video-preview:-1"},"canonical":"https:\/\/legitgrams.com\/hu\/termek\/k2-fustolo-spray-fuszer\/","og_locale":"hu_HU","og_type":"article","og_title":"K2 Incense Spray for Sale - Order K2 Incense Spray Online | LG","og_description":"At our Legitgrams, you can get K2 Incense Spray for sale at cheap rates. We deal with A-grade quality products only. Buy K2 Incense Spray online from our store now with fast & secure shipping service.","og_url":"https:\/\/legitgrams.com\/hu\/termek\/k2-fustolo-spray-fuszer\/","og_site_name":"Legit Grams","article_modified_time":"2025-03-05T09:21:49+00:00","og_image":[{"width":600,"height":600,"url":"https:\/\/legitgrams.com\/wp-content\/uploads\/2024\/09\/buy-k2-incense-spray-spice.jpg","type":"image\/jpeg"}],"twitter_card":"summary_large_image","twitter_misc":{"Becs\u00fclt olvas\u00e1si id\u0151":"3 perc"},"schema":{"@context":"https:\/\/schema.org","@graph":[{"@type":"WebPage","@id":"https:\/\/legitgrams.com\/product\/k2-incense-spray-spice\/","url":"https:\/\/legitgrams.com\/product\/k2-incense-spray-spice\/","name":"K2 F\u00fcst\u00f6l\u0151 spray elad\u00f3 - K2 F\u00fcst\u00f6l\u0151 spray online rendel\u00e9se | LG","isPartOf":{"@id":"https:\/\/legitgrams.com\/#website"},"primaryImageOfPage":{"@id":"https:\/\/legitgrams.com\/product\/k2-incense-spray-spice\/#primaryimage"},"image":{"@id":"https:\/\/legitgrams.com\/product\/k2-incense-spray-spice\/#primaryimage"},"thumbnailUrl":"https:\/\/legitgrams.com\/wp-content\/uploads\/2024\/09\/buy-k2-incense-spray-spice.jpg","datePublished":"2024-09-22T07:18:59+00:00","dateModified":"2025-03-05T09:21:49+00:00","description":"A mi Legitgrams, akkor kap K2 Incense Spray elad\u00f3 olcs\u00f3 \u00e1ron. Mi csak A-oszt\u00e1ly\u00fa min\u0151s\u00e9gi term\u00e9kekkel foglalkozunk. V\u00e1s\u00e1roljon K2 Incense Spray online a mi boltunkban most gyors \u00e9s biztons\u00e1gos sz\u00e1ll\u00edt\u00e1si szolg\u00e1ltat\u00e1ssal.","breadcrumb":{"@id":"https:\/\/legitgrams.com\/product\/k2-incense-spray-spice\/#breadcrumb"},"inLanguage":"hu","potentialAction":[{"@type":"ReadAction","target":["https:\/\/legitgrams.com\/product\/k2-incense-spray-spice\/"]}]},{"@type":"ImageObject","inLanguage":"hu","@id":"https:\/\/legitgrams.com\/product\/k2-incense-spray-spice\/#primaryimage","url":"https:\/\/legitgrams.com\/wp-content\/uploads\/2024\/09\/buy-k2-incense-spray-spice.jpg","contentUrl":"https:\/\/legitgrams.com\/wp-content\/uploads\/2024\/09\/buy-k2-incense-spray-spice.jpg","width":600,"height":600,"caption":"K2 Incense Spray for Sale"},{"@type":"BreadcrumbList","@id":"https:\/\/legitgrams.com\/product\/k2-incense-spray-spice\/#breadcrumb","itemListElement":[{"@type":"ListItem","position":1,"name":"Home","item":"https:\/\/legitgrams.com\/"},{"@type":"ListItem","position":2,"name":"Shop","item":"https:\/\/legitgrams.com\/shop\/"},{"@type":"ListItem","position":3,"name":"Buy K2 Incense Spray (SPICE) Online"}]},{"@type":"WebSite","@id":"https:\/\/legitgrams.com\/#website","url":"https:\/\/legitgrams.com\/","name":"Legit Grams","description":"Az \u00e9n WordPress blogom","publisher":{"@id":"https:\/\/legitgrams.com\/#organization"},"potentialAction":[{"@type":"SearchAction","target":{"@type":"EntryPoint","urlTemplate":"https:\/\/legitgrams.com\/?s={search_term_string}"},"query-input":{"@type":"PropertyValueSpecification","valueRequired":true,"valueName":"search_term_string"}}],"inLanguage":"hu"},{"@type":"Organization","@id":"https:\/\/legitgrams.com\/#organization","name":"Legit Grams","url":"https:\/\/legitgrams.com\/","logo":{"@type":"ImageObject","inLanguage":"hu","@id":"https:\/\/legitgrams.com\/#\/schema\/logo\/image\/","url":"https:\/\/legitgrams.com\/wp-content\/uploads\/2024\/09\/main-logo.png","contentUrl":"https:\/\/legitgrams.com\/wp-content\/uploads\/2024\/09\/main-logo.png","width":270,"height":75,"caption":"Legit Grams"},"image":{"@id":"https:\/\/legitgrams.com\/#\/schema\/logo\/image\/"}}]}},"uagb_featured_image_src":{"full":["https:\/\/legitgrams.com\/wp-content\/uploads\/2024\/09\/buy-k2-incense-spray-spice.jpg",600,600,false],"thumbnail":["https:\/\/legitgrams.com\/wp-content\/uploads\/2024\/09\/buy-k2-incense-spray-spice-150x150.jpg",150,150,true],"medium":["https:\/\/legitgrams.com\/wp-content\/uploads\/2024\/09\/buy-k2-incense-spray-spice-300x300.jpg",300,300,true],"medium_large":["https:\/\/legitgrams.com\/wp-content\/uploads\/2024\/09\/buy-k2-incense-spray-spice.jpg",600,600,false],"large":["https:\/\/legitgrams.com\/wp-content\/uploads\/2024\/09\/buy-k2-incense-spray-spice.jpg",600,600,false],"1536x1536":["https:\/\/legitgrams.com\/wp-content\/uploads\/2024\/09\/buy-k2-incense-spray-spice.jpg",600,600,false],"2048x2048":["https:\/\/legitgrams.com\/wp-content\/uploads\/2024\/09\/buy-k2-incense-spray-spice.jpg",600,600,false],"trp-custom-language-flag":["https:\/\/legitgrams.com\/wp-content\/uploads\/2024\/09\/buy-k2-incense-spray-spice-12x12.jpg",12,12,true],"woocommerce_thumbnail":["https:\/\/legitgrams.com\/wp-content\/uploads\/2024\/09\/buy-k2-incense-spray-spice-300x300.jpg",300,300,true],"woocommerce_single":["https:\/\/legitgrams.com\/wp-content\/uploads\/2024\/09\/buy-k2-incense-spray-spice.jpg",600,600,false],"woocommerce_gallery_thumbnail":["https:\/\/legitgrams.com\/wp-content\/uploads\/2024\/09\/buy-k2-incense-spray-spice-100x100.jpg",100,100,true]},"uagb_author_info":{"display_name":"cokeblog18","author_link":"https:\/\/legitgrams.com\/hu\/author\/"},"uagb_comment_info":0,"uagb_excerpt":"K2 Incense Spray: Purchase Online Purchase K2 Incense Spray: We also sell K2 paper. There are colorless and odorless types of K2 spray available. It takes 25ml to spray a whole A4 sheet of paper. K2 Incense Spray (SPICE) can be bought online. The two main words used to describe synthetic marijuana are taste and&hellip;","_links":{"self":[{"href":"https:\/\/legitgrams.com\/hu\/wp-json\/wp\/v2\/product\/4251","targetHints":{"allow":["GET"]}}],"collection":[{"href":"https:\/\/legitgrams.com\/hu\/wp-json\/wp\/v2\/product"}],"about":[{"href":"https:\/\/legitgrams.com\/hu\/wp-json\/wp\/v2\/types\/product"}],"replies":[{"embeddable":true,"href":"https:\/\/legitgrams.com\/hu\/wp-json\/wp\/v2\/comments?post=4251"}],"wp:featuredmedia":[{"embeddable":true,"href":"https:\/\/legitgrams.com\/hu\/wp-json\/wp\/v2\/media\/5341"}],"wp:attachment":[{"href":"https:\/\/legitgrams.com\/hu\/wp-json\/wp\/v2\/media?parent=4251"}],"wp:term":[{"taxonomy":"product_brand","embeddable":true,"href":"https:\/\/legitgrams.com\/hu\/wp-json\/wp\/v2\/product_brand?post=4251"},{"taxonomy":"product_cat","embeddable":true,"href":"https:\/\/legitgrams.com\/hu\/wp-json\/wp\/v2\/product_cat?post=4251"},{"taxonomy":"product_tag","embeddable":true,"href":"https:\/\/legitgrams.com\/hu\/wp-json\/wp\/v2\/product_tag?post=4251"}],"curies":[{"name":"wp","href":"https:\/\/api.w.org\/{rel}","templated":true}]}}