{"id":4253,"date":"2024-09-22T07:29:14","date_gmt":"2024-09-22T07:29:14","guid":{"rendered":"https:\/\/legitgrams.com\/?post_type=product&#038;p=4253"},"modified":"2025-04-03T07:04:03","modified_gmt":"2025-04-03T07:04:03","slug":"3-fpm","status":"publish","type":"product","link":"https:\/\/legitgrams.com\/hu\/termek\/3-fpm\/","title":{"rendered":"3-FPM online megv\u00e1s\u00e1rl\u00e1sa"},"content":{"rendered":"<h2>3-FPM online v\u00e1s\u00e1rl\u00e1sa: Mi az a 3-FPM?<\/h2>\n<p>A 3-fluorfenmetrazin r\u00f6vid\u00edt\u00e9se 3-FPM. <a href=\"https:\/\/legitgrams.com\/hu\/termek\/3-fpm\/\">3-FPM<\/a> egy k\u00e9miai kutat\u00e1si term\u00e9k er\u0151s \u00e9s stimul\u00e1l\u00f3 tulajdons\u00e1gokkal. A 3-FPM a morfolin fenolok oszt\u00e1ly\u00e1ba tartozik. K\u00f6zismert, hogy az eredm\u00e9nyek a <a href=\"https:\/\/www.bing.com\/search?q=Vsroljon3-FPM-etonline&amp;qs=n&amp;form=QBRE&amp;sp=-1&amp;lq=0&amp;pq=vsroljon3-fpm-etonline&amp;sc=10-26&amp;sk=&amp;cvid=9B0DA0A1A74D46BB860E0D7C4F6C135E&amp;ghsh=0&amp;ghacc=0&amp;ghpl=\">3-FPM<\/a> k\u00eds\u00e9rlet \u00e9s az amfetamin k\u00eds\u00e9rlet majdnem azonos.<\/p>\n<p><a href=\"https:\/\/www.google.com\/search?q=Vsroljon+3-FPM-et+online&amp;sca_esv=eddefdb7b92e7545&amp;sxsrf=AHTn8zp7EQcpdDCuojZnDUyTneMcHXpKHw1743664262354&amp;ei=hjTuZ_muFemC0PEPyvDJiQg&amp;ved=0ahUKEwj5idzHp7uMAxVpATQIHUp4MoEQ4dUDCBA&amp;uact=5&amp;oq=Vsroljon+3-FPM-et+online&amp;gs_lp=Egxnd3Mtd2l6LXNlcnAiHFbDoXPDoXJvbGpvbiAzLUZQTS1ldCBvbmxpbmUyBRAhGKABMgUQIRigATIFECEYoAEyBRAhGKABMgUQIRigATIFECEYqwIyBRAhGKsCMgUQIRirAkjiCFDnA1jnA3ABeACQAQCYAa0DoAGtA6oBAzQtMbgBA8gBAPgBAvgBAZgCAaACsgOYAwCIBgGSBwM0LTGgB9kGsgcDNC0xuAeyAw&amp;sclient=gws-wiz-serp\">3-FPM<\/a> A pr\u00f3b\u00e1k \u00e1ltal\u00e1ban a k\u00f6vetkez\u0151 hat\u00e1sokat biztos\u00edtj\u00e1k: felfriss\u00fcl\u00e9s, gyorsabb gondolkod\u00e1s, valamint nagyobb motiv\u00e1ci\u00f3 \u00e9s koncentr\u00e1ci\u00f3. M\u00e1sr\u00e9szt ezeket a hat\u00e1sokat gyakran kev\u00e9sb\u00e9 s\u00falyosnak \u00edrj\u00e1k le, mint az amfetaminok vagy m\u00e1s stimul\u00e1nsok \u00e1ltal okozott hat\u00e1sokat. Az \u00e1lmatlans\u00e1g \u00e9s a szorong\u00e1s k\u00f6vetkezm\u00e9nyei \u00e1ltal\u00e1ban kev\u00e9sb\u00e9 kifejezettek vagy enyh\u00fclnek, ha 3-FPM-et haszn\u00e1lnak.<\/p>\n<h3>Hogyan szerezhetek 3-FPM-et?<\/h3>\n<p>Itt, a Buy Chem Online-n\u00e1l rendk\u00edv\u00fcl j\u00f3 min\u0151s\u00e9g\u0171 3 FPM-et k\u00edn\u00e1lunk. A mi\u00e9nk <a href=\"https:\/\/en.wikipedia.org\/wiki\/3-Fluorophenmetrazine\">3-FPM<\/a> pellet \u00e9s por form\u00e1j\u00e1ban kaphat\u00f3. Ez\u00e9rt b\u00e1rmilyen k\u00e9sz\u00edtm\u00e9nyt v\u00e1laszt is, kiszolg\u00e1ljuk.<\/p>\n<p>A <a href=\"https:\/\/duckduckgo.com\/?q=Vsroljon+3-FPM+online&amp;t=h_\">3-FPM<\/a> amelyet elad\u00e1sra k\u00edn\u00e1lunk, kiz\u00e1r\u00f3lag kutat\u00e1si c\u00e9lokra szolg\u00e1l. Nem bels\u0151 haszn\u00e1latra k\u00e9sz\u00fclt. Ezenk\u00edv\u00fcl tizennyolc \u00e9ven fel\u00fclinek kell lennie, \u00e9s teljes m\u00e9rt\u00e9kben meg kell felelnie az \u00f6sszes nemzeti k\u00f6vetelm\u00e9nynek ahhoz, hogy 3 FPM-es lak\u00e1st v\u00e1s\u00e1roljon. <a href=\"https:\/\/legitgrams.com\/hu\/\">LegitGrams<\/a><\/p>\n<h3>3. Legalno\u015b\u0107 FPM<\/h3>\n<p>Az Egyes\u00fclt \u00c1llamokban, Izraelben \u00e9s Sv\u00e1jcban illeg\u00e1lis a 3-FPM v\u00e1s\u00e1rl\u00e1sa, elad\u00e1sa vagy birtokl\u00e1sa. Az Egyes\u00fclt Nemzetek Szervezet\u00e9ben a fenmetrazin anal\u00f3gj\u00e1nak tekintik, egy olyan anyag, amelyet az emberek szednek, \u00e9s amely a II. t\u00e1bl\u00e1zatban szerepel.<\/p>","protected":false},"excerpt":{"rendered":"<p>Purchase 3-FPM Online: What is 3-FPM? 3-Fluorophenmetrazine is abbreviated as 3-FPM. 3-FPM is a chemical research product with potent and stimulating properties. 3-FPM belongs to the class of morpholine phenols. It is well acknowledged that the results of the 3-FPM experiment and the amphetamine experiment are almost identical. 3-FPM trials usually provide the following effects: &hellip;<\/p>\n<p class=\"read-more\"> <a class=\"\" href=\"https:\/\/legitgrams.com\/hu\/termek\/3-fpm\/\"> <span class=\"screen-reader-text\">3-FPM online megv\u00e1s\u00e1rl\u00e1sa<\/span> Olvass tov\u00e1bb \"<\/a><\/p>","protected":false},"featured_media":5250,"comment_status":"open","ping_status":"closed","template":"","meta":{"_uag_custom_page_level_css":"","site-sidebar-layout":"default","site-content-layout":"default","ast-global-header-display":"","ast-main-header-display":"","ast-hfb-above-header-display":"","ast-hfb-below-header-display":"","ast-hfb-mobile-header-display":"","site-post-title":"","ast-breadcrumbs-content":"","ast-featured-img":"","footer-sml-layout":"","theme-transparent-header-meta":"default","adv-header-id-meta":"","stick-header-meta":"default","header-above-stick-meta":"","header-main-stick-meta":"","header-below-stick-meta":"","_joinchat":[]},"product_brand":[],"product_cat":[598],"product_tag":[1549,1553,1552,1560,1551,1563,1570,1571,1569,1561,1566,1568,1558,617,1550,1565,1562,1557,1555,1567,1564,625,1556,1559,1554],"class_list":{"0":"post-4253","1":"product","2":"type-product","3":"status-publish","4":"has-post-thumbnail","6":"product_cat-stimulants","7":"product_tag-3-fpm","8":"product_tag-3-fpm-3-fpm-supplier","9":"product_tag-3-fpm-for-sale","10":"product_tag-3-fpm-legally","11":"product_tag-3-fpm-online","12":"product_tag-3-fpm-store","13":"product_tag-3-fpm-use","14":"product_tag-3-fpm-wiki","15":"product_tag-3-fpm-worldwide","16":"product_tag-3-fpmprice","17":"product_tag-3-fpms","18":"product_tag-best-cheap-price-3-fpm","19":"product_tag-best-place-to-buy-3-fpm","20":"product_tag-bulk-online","21":"product_tag-buy-3-fpm","22":"product_tag-cheap-3-fpm","23":"product_tag-high-quality-3-fpm","24":"product_tag-how-to-buy-3-fpm","25":"product_tag-order-3-fpm","26":"product_tag-purcharse-3-fpm","27":"product_tag-shop-3-fpm","28":"product_tag-top-quality","29":"product_tag-where-to-buy-3-fpm","30":"product_tag-where-to-order-3-fpm","31":"product_tag-wholesale-3-fpm","32":"desktop-align-left","33":"tablet-align-left","34":"mobile-align-left","35":"ast-product-gallery-layout-horizontal","36":"ast-product-gallery-with-no-image","37":"ast-product-single-variable","38":"ast-product-tabs-layout-horizontal","39":"ast-qv-on-image","41":"first","42":"instock","43":"shipping-taxable","44":"purchasable","45":"product-type-variable"},"yoast_head":"<!-- This site is optimized with the Yoast SEO plugin v25.9 - https:\/\/yoast.com\/wordpress\/plugins\/seo\/ -->\n<title>3-FPM Powder for Sale - Order 3-FPM Online @ Best Price<\/title>\n<meta name=\"description\" content=\"Buy 3-FPM powder online from our trusted online store LegitGrams.com. Get 3-FPM for sale easily and securely with special offer. Place Your Order Now!\" \/>\n<meta name=\"robots\" content=\"index, follow, max-snippet:-1, max-image-preview:large, max-video-preview:-1\" \/>\n<link rel=\"canonical\" href=\"https:\/\/legitgrams.com\/hu\/termek\/3-fpm\/\" \/>\n<meta property=\"og:locale\" content=\"hu_HU\" \/>\n<meta property=\"og:type\" content=\"article\" \/>\n<meta property=\"og:title\" content=\"3-FPM Powder for Sale - Order 3-FPM Online @ Best Price\" \/>\n<meta property=\"og:description\" content=\"Buy 3-FPM powder online from our trusted online store LegitGrams.com. Get 3-FPM for sale easily and securely with special offer. Place Your Order Now!\" \/>\n<meta property=\"og:url\" content=\"https:\/\/legitgrams.com\/hu\/termek\/3-fpm\/\" \/>\n<meta property=\"og:site_name\" content=\"Legit Grams\" \/>\n<meta property=\"article:modified_time\" content=\"2025-04-03T07:04:03+00:00\" \/>\n<meta property=\"og:image\" content=\"https:\/\/legitgrams.com\/wp-content\/uploads\/2024\/09\/3-fpm.jpg\" \/>\n\t<meta property=\"og:image:width\" content=\"430\" \/>\n\t<meta property=\"og:image:height\" content=\"430\" \/>\n\t<meta property=\"og:image:type\" content=\"image\/jpeg\" \/>\n<meta name=\"twitter:card\" content=\"summary_large_image\" \/>\n<meta name=\"twitter:label1\" content=\"Becs\u00fclt olvas\u00e1si id\u0151\" \/>\n\t<meta name=\"twitter:data1\" content=\"2 perc\" \/>\n<script type=\"application\/ld+json\" class=\"yoast-schema-graph\">{\"@context\":\"https:\/\/schema.org\",\"@graph\":[{\"@type\":\"WebPage\",\"@id\":\"https:\/\/legitgrams.com\/product\/3-fpm\/\",\"url\":\"https:\/\/legitgrams.com\/product\/3-fpm\/\",\"name\":\"3-FPM Powder for Sale - Order 3-FPM Online @ Best Price\",\"isPartOf\":{\"@id\":\"https:\/\/legitgrams.com\/#website\"},\"primaryImageOfPage\":{\"@id\":\"https:\/\/legitgrams.com\/product\/3-fpm\/#primaryimage\"},\"image\":{\"@id\":\"https:\/\/legitgrams.com\/product\/3-fpm\/#primaryimage\"},\"thumbnailUrl\":\"https:\/\/legitgrams.com\/wp-content\/uploads\/2024\/09\/3-fpm.jpg\",\"datePublished\":\"2024-09-22T07:29:14+00:00\",\"dateModified\":\"2025-04-03T07:04:03+00:00\",\"description\":\"Buy 3-FPM powder online from our trusted online store LegitGrams.com. Get 3-FPM for sale easily and securely with special offer. Place Your Order Now!\",\"breadcrumb\":{\"@id\":\"https:\/\/legitgrams.com\/product\/3-fpm\/#breadcrumb\"},\"inLanguage\":\"hu\",\"potentialAction\":[{\"@type\":\"ReadAction\",\"target\":[\"https:\/\/legitgrams.com\/product\/3-fpm\/\"]}]},{\"@type\":\"ImageObject\",\"inLanguage\":\"hu\",\"@id\":\"https:\/\/legitgrams.com\/product\/3-fpm\/#primaryimage\",\"url\":\"https:\/\/legitgrams.com\/wp-content\/uploads\/2024\/09\/3-fpm.jpg\",\"contentUrl\":\"https:\/\/legitgrams.com\/wp-content\/uploads\/2024\/09\/3-fpm.jpg\",\"width\":430,\"height\":430,\"caption\":\"3-fpm for Sale\"},{\"@type\":\"BreadcrumbList\",\"@id\":\"https:\/\/legitgrams.com\/product\/3-fpm\/#breadcrumb\",\"itemListElement\":[{\"@type\":\"ListItem\",\"position\":1,\"name\":\"Home\",\"item\":\"https:\/\/legitgrams.com\/\"},{\"@type\":\"ListItem\",\"position\":2,\"name\":\"Shop\",\"item\":\"https:\/\/legitgrams.com\/shop\/\"},{\"@type\":\"ListItem\",\"position\":3,\"name\":\"Buy 3-FPM Online\"}]},{\"@type\":\"WebSite\",\"@id\":\"https:\/\/legitgrams.com\/#website\",\"url\":\"https:\/\/legitgrams.com\/\",\"name\":\"Legit Grams\",\"description\":\"My WordPress Blog\",\"publisher\":{\"@id\":\"https:\/\/legitgrams.com\/#organization\"},\"potentialAction\":[{\"@type\":\"SearchAction\",\"target\":{\"@type\":\"EntryPoint\",\"urlTemplate\":\"https:\/\/legitgrams.com\/?s={search_term_string}\"},\"query-input\":{\"@type\":\"PropertyValueSpecification\",\"valueRequired\":true,\"valueName\":\"search_term_string\"}}],\"inLanguage\":\"hu\"},{\"@type\":\"Organization\",\"@id\":\"https:\/\/legitgrams.com\/#organization\",\"name\":\"Legit Grams\",\"url\":\"https:\/\/legitgrams.com\/\",\"logo\":{\"@type\":\"ImageObject\",\"inLanguage\":\"hu\",\"@id\":\"https:\/\/legitgrams.com\/#\/schema\/logo\/image\/\",\"url\":\"https:\/\/legitgrams.com\/wp-content\/uploads\/2024\/09\/main-logo.png\",\"contentUrl\":\"https:\/\/legitgrams.com\/wp-content\/uploads\/2024\/09\/main-logo.png\",\"width\":270,\"height\":75,\"caption\":\"Legit Grams\"},\"image\":{\"@id\":\"https:\/\/legitgrams.com\/#\/schema\/logo\/image\/\"}}]}<\/script>\n<!-- \/ Yoast SEO plugin. -->","yoast_head_json":{"title":"3-FPM por elad\u00f3 - Rendeljen 3-FPM-et online @ Legjobb \u00e1r","description":"V\u00e1s\u00e1roljon 3-FPM port online a LegitGrams.com megb\u00edzhat\u00f3 online \u00e1ruh\u00e1zunkb\u00f3l. Kap 3-FPM elad\u00f3 k\u00f6nnyen \u00e9s biztons\u00e1gosan k\u00fcl\u00f6nleges aj\u00e1nlatot. Tegye le rendel\u00e9s\u00e9t most!","robots":{"index":"index","follow":"follow","max-snippet":"max-snippet:-1","max-image-preview":"max-image-preview:large","max-video-preview":"max-video-preview:-1"},"canonical":"https:\/\/legitgrams.com\/hu\/termek\/3-fpm\/","og_locale":"hu_HU","og_type":"article","og_title":"3-FPM Powder for Sale - Order 3-FPM Online @ Best Price","og_description":"Buy 3-FPM powder online from our trusted online store LegitGrams.com. Get 3-FPM for sale easily and securely with special offer. Place Your Order Now!","og_url":"https:\/\/legitgrams.com\/hu\/termek\/3-fpm\/","og_site_name":"Legit Grams","article_modified_time":"2025-04-03T07:04:03+00:00","og_image":[{"width":430,"height":430,"url":"https:\/\/legitgrams.com\/wp-content\/uploads\/2024\/09\/3-fpm.jpg","type":"image\/jpeg"}],"twitter_card":"summary_large_image","twitter_misc":{"Becs\u00fclt olvas\u00e1si id\u0151":"2 perc"},"schema":{"@context":"https:\/\/schema.org","@graph":[{"@type":"WebPage","@id":"https:\/\/legitgrams.com\/product\/3-fpm\/","url":"https:\/\/legitgrams.com\/product\/3-fpm\/","name":"3-FPM por elad\u00f3 - Rendeljen 3-FPM-et online @ Legjobb \u00e1r","isPartOf":{"@id":"https:\/\/legitgrams.com\/#website"},"primaryImageOfPage":{"@id":"https:\/\/legitgrams.com\/product\/3-fpm\/#primaryimage"},"image":{"@id":"https:\/\/legitgrams.com\/product\/3-fpm\/#primaryimage"},"thumbnailUrl":"https:\/\/legitgrams.com\/wp-content\/uploads\/2024\/09\/3-fpm.jpg","datePublished":"2024-09-22T07:29:14+00:00","dateModified":"2025-04-03T07:04:03+00:00","description":"V\u00e1s\u00e1roljon 3-FPM port online a LegitGrams.com megb\u00edzhat\u00f3 online \u00e1ruh\u00e1zunkb\u00f3l. Kap 3-FPM elad\u00f3 k\u00f6nnyen \u00e9s biztons\u00e1gosan k\u00fcl\u00f6nleges aj\u00e1nlatot. Tegye le rendel\u00e9s\u00e9t most!","breadcrumb":{"@id":"https:\/\/legitgrams.com\/product\/3-fpm\/#breadcrumb"},"inLanguage":"hu","potentialAction":[{"@type":"ReadAction","target":["https:\/\/legitgrams.com\/product\/3-fpm\/"]}]},{"@type":"ImageObject","inLanguage":"hu","@id":"https:\/\/legitgrams.com\/product\/3-fpm\/#primaryimage","url":"https:\/\/legitgrams.com\/wp-content\/uploads\/2024\/09\/3-fpm.jpg","contentUrl":"https:\/\/legitgrams.com\/wp-content\/uploads\/2024\/09\/3-fpm.jpg","width":430,"height":430,"caption":"3-fpm for Sale"},{"@type":"BreadcrumbList","@id":"https:\/\/legitgrams.com\/product\/3-fpm\/#breadcrumb","itemListElement":[{"@type":"ListItem","position":1,"name":"Home","item":"https:\/\/legitgrams.com\/"},{"@type":"ListItem","position":2,"name":"Shop","item":"https:\/\/legitgrams.com\/shop\/"},{"@type":"ListItem","position":3,"name":"Buy 3-FPM Online"}]},{"@type":"WebSite","@id":"https:\/\/legitgrams.com\/#website","url":"https:\/\/legitgrams.com\/","name":"Legit Grams","description":"Az \u00e9n WordPress blogom","publisher":{"@id":"https:\/\/legitgrams.com\/#organization"},"potentialAction":[{"@type":"SearchAction","target":{"@type":"EntryPoint","urlTemplate":"https:\/\/legitgrams.com\/?s={search_term_string}"},"query-input":{"@type":"PropertyValueSpecification","valueRequired":true,"valueName":"search_term_string"}}],"inLanguage":"hu"},{"@type":"Organization","@id":"https:\/\/legitgrams.com\/#organization","name":"Legit Grams","url":"https:\/\/legitgrams.com\/","logo":{"@type":"ImageObject","inLanguage":"hu","@id":"https:\/\/legitgrams.com\/#\/schema\/logo\/image\/","url":"https:\/\/legitgrams.com\/wp-content\/uploads\/2024\/09\/main-logo.png","contentUrl":"https:\/\/legitgrams.com\/wp-content\/uploads\/2024\/09\/main-logo.png","width":270,"height":75,"caption":"Legit Grams"},"image":{"@id":"https:\/\/legitgrams.com\/#\/schema\/logo\/image\/"}}]}},"uagb_featured_image_src":{"full":["https:\/\/legitgrams.com\/wp-content\/uploads\/2024\/09\/3-fpm.jpg",430,430,false],"thumbnail":["https:\/\/legitgrams.com\/wp-content\/uploads\/2024\/09\/3-fpm-150x150.jpg",150,150,true],"medium":["https:\/\/legitgrams.com\/wp-content\/uploads\/2024\/09\/3-fpm-300x300.jpg",300,300,true],"medium_large":["https:\/\/legitgrams.com\/wp-content\/uploads\/2024\/09\/3-fpm.jpg",430,430,false],"large":["https:\/\/legitgrams.com\/wp-content\/uploads\/2024\/09\/3-fpm.jpg",430,430,false],"1536x1536":["https:\/\/legitgrams.com\/wp-content\/uploads\/2024\/09\/3-fpm.jpg",430,430,false],"2048x2048":["https:\/\/legitgrams.com\/wp-content\/uploads\/2024\/09\/3-fpm.jpg",430,430,false],"trp-custom-language-flag":["https:\/\/legitgrams.com\/wp-content\/uploads\/2024\/09\/3-fpm-12x12.jpg",12,12,true],"woocommerce_thumbnail":["https:\/\/legitgrams.com\/wp-content\/uploads\/2024\/09\/3-fpm-300x300.jpg",300,300,true],"woocommerce_single":["https:\/\/legitgrams.com\/wp-content\/uploads\/2024\/09\/3-fpm.jpg",430,430,false],"woocommerce_gallery_thumbnail":["https:\/\/legitgrams.com\/wp-content\/uploads\/2024\/09\/3-fpm-100x100.jpg",100,100,true]},"uagb_author_info":{"display_name":"cokeblog18","author_link":"https:\/\/legitgrams.com\/hu\/author\/"},"uagb_comment_info":0,"uagb_excerpt":"Purchase 3-FPM Online: What is 3-FPM? 3-Fluorophenmetrazine is abbreviated as 3-FPM. 3-FPM is a chemical research product with potent and stimulating properties. 3-FPM belongs to the class of morpholine phenols. It is well acknowledged that the results of the 3-FPM experiment and the amphetamine experiment are almost identical. 3-FPM trials usually provide the following effects:&hellip;","_links":{"self":[{"href":"https:\/\/legitgrams.com\/hu\/wp-json\/wp\/v2\/product\/4253","targetHints":{"allow":["GET"]}}],"collection":[{"href":"https:\/\/legitgrams.com\/hu\/wp-json\/wp\/v2\/product"}],"about":[{"href":"https:\/\/legitgrams.com\/hu\/wp-json\/wp\/v2\/types\/product"}],"replies":[{"embeddable":true,"href":"https:\/\/legitgrams.com\/hu\/wp-json\/wp\/v2\/comments?post=4253"}],"wp:featuredmedia":[{"embeddable":true,"href":"https:\/\/legitgrams.com\/hu\/wp-json\/wp\/v2\/media\/5250"}],"wp:attachment":[{"href":"https:\/\/legitgrams.com\/hu\/wp-json\/wp\/v2\/media?parent=4253"}],"wp:term":[{"taxonomy":"product_brand","embeddable":true,"href":"https:\/\/legitgrams.com\/hu\/wp-json\/wp\/v2\/product_brand?post=4253"},{"taxonomy":"product_cat","embeddable":true,"href":"https:\/\/legitgrams.com\/hu\/wp-json\/wp\/v2\/product_cat?post=4253"},{"taxonomy":"product_tag","embeddable":true,"href":"https:\/\/legitgrams.com\/hu\/wp-json\/wp\/v2\/product_tag?post=4253"}],"curies":[{"name":"wp","href":"https:\/\/api.w.org\/{rel}","templated":true}]}}