{"id":4254,"date":"2024-09-22T07:33:20","date_gmt":"2024-09-22T07:33:20","guid":{"rendered":"https:\/\/legitgrams.com\/?post_type=product&#038;p=4254"},"modified":"2025-01-14T10:48:38","modified_gmt":"2025-01-14T10:48:38","slug":"psilocybe-utopia","status":"publish","type":"product","link":"https:\/\/legitgrams.com\/hu\/termek\/psilocybe-utopia\/","title":{"rendered":"Psilocybe Utopia"},"content":{"rendered":"<h2>V\u00e1s\u00e1roljon online Psilocybe Utopia<br \/>\nHogyan tartsuk frissen \u00e9s t\u00e1roljuk a m\u00e1gikus szarvasgomb\u00e1t<\/h2>\n<p>A m\u00e1gikus szarvasgomb\u00e1t mindig v\u00e1kuumz\u00e1r\u00e1s\u00fa, bontatlan t\u00e1rol\u00f3ed\u00e9nyben, h\u0171t\u0151szekr\u00e9nyben, 2 \u00e9s 4 \u00b0C k\u00f6z\u00f6tt kell t\u00e1rolni. Ha a szarvasgomb\u00e1t \u00edgy t\u00e1roljuk, akkor a min\u0151s\u00e9gmeg\u0151rz\u00e9si d\u00e1tumig el\u00e1ll. A v\u00e1kuumg\u00e1t \u00e1tt\u00f6r\u00e9se ut\u00e1n a szarvasgomba legfeljebb k\u00e9t napig t\u00e1rolhat\u00f3 an\u00e9lk\u00fcl, hogy elvesz\u00edten\u00e9 hat\u00e1s\u00e1t.<\/p>\n<h3>M\u00e1gikus szarvasgomba hat\u00e1sok<\/h3>\n<p>A Magic Truffles-ben a psilocin \u00e9s a <a href=\"https:\/\/legitgrams.com\/hu\/termek\/psilocybe-utopia\/\">psilocybin<\/a> a hat\u00f3anyagok. Mindk\u00e9t anyag k\u00f6nnyen felsz\u00edv\u00f3dik a szervezetben, \u00e9s ez adja a Magic Truffles hallucinog\u00e9n tulajdons\u00e1gait.<\/p>\n<p>A Magic Truffles fogyaszt\u00e1sa kis mennyis\u00e9gben boldogg\u00e1 \u00e9s m\u00e1moross\u00e1 tehet. M\u00e9g mindig k\u00f6nnyen tudsz kommunik\u00e1lni \u00e9s tudat\u00e1ban maradsz a k\u00f6rnyezetednek, amikor ilyen hangulatban vagy. Nagyobb mennyis\u00e9gben fogyasztva a var\u00e1zsszarvasgomba megv\u00e1ltoztatja a val\u00f3s\u00e1got, \u00e9s t\u00e9veszm\u00e9khez vezethet.<\/p>\n<p>A Magic Truffles 30 perc (vagy esetenk\u00e9nt ak\u00e1r 10 perc) eltelt\u00e9vel kezd hatni. Izzad\u00f3 teny\u00e9r, s\u00f3hajok, hidegr\u00e1z\u00e1s, nyugtalan \u00e9rz\u00e9s \u00e9s h\u00e1nyinger n\u00e9h\u00e1ny p\u00e9lda ezekre a mell\u00e9khat\u00e1sokra. Az utaz\u00e1s az \u00e9lvezet \u00e9s a boldogs\u00e1g fel\u00e9 halad, ahogy a hat\u00e1s er\u0151s\u00f6dik, b\u00e1r a szorong\u00e1s is lecsaphat. A lehets\u00e9ges mell\u00e9khat\u00e1sok k\u00f6z\u00e9 tartoznak a pszichonauta-t\u00e1rsakkal val\u00f3 intim kapcsolatok, hallucin\u00e1ci\u00f3k \u00e9s l\u00e1tom\u00e1sok.<\/p>\n<p>A Magic Truffles hat\u00e1sa \u00e1ltal\u00e1ban k\u00f6vetkezetesebb\u00e9 v\u00e1lik, \u00e9s egy \u00f3ra eltelt\u00e9vel megsz\u0171nik. \u00c1ltal\u00e1ban h\u00e1rom \u00e9s \u00f6t \u00f3ra k\u00f6z\u00f6tt tartanak, att\u00f3l f\u00fcgg\u0151en, hogy mennyit fogyasztunk. Ezt k\u00f6vet\u0151en a hat\u00e1sok egy-k\u00e9t \u00f3ra m\u00falva m\u00falnak el. Ez a halv\u00e1nyul\u00e1s gyakran hull\u00e1mokban t\u00f6rt\u00e9nik, ami miel\u0151tt a hat\u00e1sok ism\u00e9t kiugranak, arra utalhat, hogy az utaz\u00e1s a v\u00e9g\u00e9hez k\u00f6zeledik. Emiatt gy\u0151z\u0151dj\u00f6n meg r\u00f3la, hogy mindent megtervezett, \u00e9s hogy nincs semmilyen m\u00e1s k\u00f6telezetts\u00e9ge azon a napon, amikor a szarvasgomb\u00e1kba botlik.<\/p>\n<p>Az utaz\u00e1s els\u0151 \u00f3r\u00e1j\u00e1ban \u00e9melyg\u00e9st vagy h\u00e1nyingert \u00e9rezhet. \u00c1ltal\u00e1ban, amikor a Magic Truffles el\u0151nyei elm\u00e9ly\u00fclnek, ez az \u00e9rz\u00e9s megsz\u0171nik.<\/p>\n<p>A k\u00f6rnyezet \u00e9s az \u00d6n lelki\u00e1llapota nagy szerepet j\u00e1tszik abban, hogy mit l\u00e1t \u00e9s tapasztal a Magic Truffle kir\u00e1ndul\u00e1s sor\u00e1n. \u00c9lm\u00e9nyeit nagyban befoly\u00e1solja az utaz\u00e1s el\u0151tti napokban tapasztalt \u00e9rzelmi \u00e1llapota, valamint az a k\u00f6rnyezet, amelyben utazik. Egy hektikus \u00e9s megterhel\u0151 h\u00e9t v\u00e9g\u00e9n egy kicsit ideges \u00e9s fesz\u00fclt nyaral\u00e1s friss perspekt\u00edv\u00e1val \u00e9s lend\u00fclettel z\u00e1rulhat.<\/p>\n<p>\u00d6sszefoglalva, a Magic Truffles-t csak akkor haszn\u00e1lja, ha nyugodt \u00e9s kiegyens\u00falyozott ment\u00e1lisan. A Magic Truffles-t csak b\u00e9k\u00e9s, ismer\u0151s k\u00f6rnyezetben szabad fogyasztani, ide\u00e1lis esetben olyan szem\u00e9lyekkel, akikben megb\u00edzhatsz. Ha a v\u00e1rosban vagy, semmi sem ideges\u00edt\u0151bb, mint amikor az emberek vitatkoznak.<\/p>\n<h3>Magic Truffles mennyis\u00e9ge<\/h3>\n<p>Az Utopia Magic szarvasgomba rendk\u00edv\u00fcl er\u0151s. Csak kis adagot haszn\u00e1ljon, \u00e9s csak kezd\u0151knek!<\/p>\n<p>Vegyen be szem\u00e9lyenk\u00e9nt 0,2-0,5 gramm Magic Truffles-t mikrod\u00f3zisk\u00e9nt.<\/p>\n<p>Szem\u00e9lyenk\u00e9nt 5-7 gramm Magic Truffles-t vegyen be egy k\u00f6nny\u0171 utaz\u00e1shoz.<\/p>\n<p>Vegyen be szem\u00e9lyenk\u00e9nt 10 gramm Magic Truffles-t az intenz\u00edv \u00e9lm\u00e9ny \u00e9rdek\u00e9ben.<\/p>\n<p>Az intenz\u00edv \u00e9lm\u00e9ny \u00e9rdek\u00e9ben szem\u00e9lyenk\u00e9nt 15 gramm Magic Truffles-t fogyasszon.<\/p>\n<h3>A Magic Truffles felhaszn\u00e1l\u00e1sa<\/h3>\n<p>Fogyasszon nyersen var\u00e1zslatos szarvasgomb\u00e1t. Ami a Fogyasszon nyers var\u00e1zsszarvasgomb\u00e1t. Az optim\u00e1lis eredm\u00e9ny \u00e9rdek\u00e9ben \u00e9hgyomorra vegye be. Az utaz\u00e1s el\u0151tt legal\u00e1bb k\u00e9t-n\u00e9gy \u00f3r\u00e1val fogyassza el az utols\u00f3 \u00e9tkez\u00e9st. Javasoljuk, hogy ker\u00fclje a koffeintartalm\u00fa italok fogyaszt\u00e1s\u00e1t.<\/p>\n<p>R\u00e1gja meg alaposan a szarvasgomb\u00e1t; ez el\u0151seg\u00edti a pszichedelikus \u00f6sszetev\u0151k felsz\u00edv\u00f3d\u00e1s\u00e1t a szervezetben, \u00e9s megel\u0151zi a rosszull\u00e9tet.<\/p>\n<p>Nem rajong a Magic Truffle \u00edz\u00e9rt? Ha el akarja rejteni az \u00edz\u00e9t, fogyassza a szarvasgomb\u00e1t levesbe, te\u00e1ba vagy egy mar\u00e9k mandul\u00e1val. A szarvasgomba erej\u00e9t befoly\u00e1solja, ha megf\u0151zz\u00fck. <a href=\"https:\/\/legitgrams.com\/hu\/\">LegitGrams<\/a><\/p>\n<p>Ut\u00f3pia Psilocybe<\/p>\n<p>Vigy\u00e1zat!<\/p>\n<p>Ne keverje alkohollal vagy m\u00e1s drogokkal.<\/p>\n<p>Haszn\u00e1lja \u00f6nmag\u00e1ban vagy m\u00e1s gy\u00f3gyszerekkel vagy MAO-g\u00e1tl\u00f3kkal egy\u00fctt.<\/p>\n<p>\u00d3vatosan alkalmazza, ha depresszi\u00f3s vagy pszich\u00f3zisra hajlamos.<\/p>\n<p>Legyen \u00f3vatos, ha gyermeket v\u00e1r vagy szoptat.<\/p>\n<p>Csak tizennyolc \u00e9ven fel\u00fcliek haszn\u00e1lhatj\u00e1k.<\/p>\n<h3>V\u00e9letlenszer\u0171 t\u00e9nyek<\/h3>\n<p>A szarvasgomba, m\u00e1s n\u00e9ven szkler\u00f3cium, \u00e9l\u0151 \u00e1ru. Val\u00f3sz\u00edn\u0171, hogy a csomagol\u00e1sban leveg\u0151, pontosabban CO2 van megk\u00f6tve. Ennek k\u00f6vetkezt\u00e9ben a szarvasgomba k\u00fclseje feh\u00e9r \"sz\u0151rsz\u00e1lakat\" kezd kifejl\u0151dni, \u00e9s a szkler\u00f3ciumok tov\u00e1bb n\u0151nek. Ez a mic\u00e9lium a szarvasgomba j\u00f3 eg\u00e9szs\u00e9g\u00e9t bizony\u00edtja. Ez nem zavarja az utaz\u00e1st, \u00e9s ehet\u0151.<\/p>\n<p>Sp\u00f3r\u00e1k <a href=\"https:\/\/en.wikipedia.org\/wiki\/Psilocybe\">Psilocybe utopia<\/a><\/p>","protected":false},"excerpt":{"rendered":"<p>Purchase Online Psilocybe Utopia How to keep magic truffles fresh and store them Magic Truffles should always be stored in their vacuum-sealed, unopened container in the refrigerator between 2 and 4 \u00b0C. If the truffles are stored this way, they will last until the best-before date. Once the vacuum barrier is broken, the truffles can &hellip;<\/p>\n<p class=\"read-more\"> <a class=\"\" href=\"https:\/\/legitgrams.com\/hu\/termek\/psilocybe-utopia\/\"> <span class=\"screen-reader-text\">Psilocybe Utopia<\/span> Olvass tov\u00e1bb \"<\/a><\/p>","protected":false},"featured_media":5248,"comment_status":"open","ping_status":"closed","template":"","meta":{"_uag_custom_page_level_css":"","site-sidebar-layout":"default","site-content-layout":"default","ast-global-header-display":"","ast-main-header-display":"","ast-hfb-above-header-display":"","ast-hfb-below-header-display":"","ast-hfb-mobile-header-display":"","site-post-title":"","ast-breadcrumbs-content":"","ast-featured-img":"","footer-sml-layout":"","theme-transparent-header-meta":"default","adv-header-id-meta":"","stick-header-meta":"default","header-above-stick-meta":"","header-main-stick-meta":"","header-below-stick-meta":"","_joinchat":[]},"product_brand":[],"product_cat":[599],"product_tag":[1545,1535,617,1527,1542,1539,1534,1532,1526,1529,1537,1528,1530,1540,1547,1548,1546,1538,1543,1544,1541,625,1533,1536,1531],"class_list":{"0":"post-4254","1":"product","2":"type-product","3":"status-publish","4":"has-post-thumbnail","6":"product_cat-psilocybin-or-magic-mushrooms","7":"product_tag-best-cheap-price-psilocybe-utopia","8":"product_tag-best-place-to-buy-psilocybe-utopia","9":"product_tag-bulk-online","10":"product_tag-buy-psilocybe-utopia","11":"product_tag-cheap-psilocybe-utopia","12":"product_tag-high-quality-psilocybe-utopia","13":"product_tag-how-to-buy-psilocybe-utopia","14":"product_tag-order-psilocybe-utopia","15":"product_tag-psilocybe-utopia","16":"product_tag-psilocybe-utopia-for-sale","17":"product_tag-psilocybe-utopia-legally","18":"product_tag-psilocybe-utopia-online","19":"product_tag-psilocybe-utopia-psilocybe-utopia-supplier","20":"product_tag-psilocybe-utopia-store","21":"product_tag-psilocybe-utopia-use","22":"product_tag-psilocybe-utopia-wiki","23":"product_tag-psilocybe-utopia-worldwide","24":"product_tag-psilocybe-utopiaprice","25":"product_tag-psilocybe-utopias","26":"product_tag-purcharse-psilocybe-utopia","27":"product_tag-shop-psilocybe-utopia","28":"product_tag-top-quality","29":"product_tag-where-to-buy-psilocybe-utopia","30":"product_tag-where-to-order-psilocybe-utopia","31":"product_tag-wholesale-psilocybe-utopia","32":"desktop-align-left","33":"tablet-align-left","34":"mobile-align-left","35":"ast-product-gallery-layout-horizontal","36":"ast-product-gallery-with-no-image","37":"ast-product-single-variable","38":"ast-product-tabs-layout-horizontal","39":"ast-qv-on-image","41":"first","42":"instock","43":"shipping-taxable","44":"purchasable","45":"product-type-variable"},"yoast_head":"<!-- This site is optimized with the Yoast SEO plugin v25.9 - https:\/\/yoast.com\/wordpress\/plugins\/seo\/ -->\n<title>Psilocybe Utopia for Sale - Order Psilocybe Utopia Online<\/title>\n<meta name=\"description\" content=\"Find premium psilocybe utopia for sale at our online store, providing a secure platform to buy psilocybe utopia online with ease, catering to your research needs.\" \/>\n<meta name=\"robots\" content=\"index, follow, max-snippet:-1, max-image-preview:large, max-video-preview:-1\" \/>\n<link rel=\"canonical\" href=\"https:\/\/legitgrams.com\/hu\/termek\/psilocybe-utopia\/\" \/>\n<meta property=\"og:locale\" content=\"hu_HU\" \/>\n<meta property=\"og:type\" content=\"article\" \/>\n<meta property=\"og:title\" content=\"Psilocybe Utopia for Sale - Order Psilocybe Utopia Online\" \/>\n<meta property=\"og:description\" content=\"Find premium psilocybe utopia for sale at our online store, providing a secure platform to buy psilocybe utopia online with ease, catering to your research needs.\" \/>\n<meta property=\"og:url\" content=\"https:\/\/legitgrams.com\/hu\/termek\/psilocybe-utopia\/\" \/>\n<meta property=\"og:site_name\" content=\"Legit Grams\" \/>\n<meta property=\"article:modified_time\" content=\"2025-01-14T10:48:38+00:00\" \/>\n<meta property=\"og:image\" content=\"https:\/\/legitgrams.com\/wp-content\/uploads\/2024\/09\/psilocybe-utopiapsilocybin-or-magic-mushrooms.jpg\" \/>\n\t<meta property=\"og:image:width\" content=\"430\" \/>\n\t<meta property=\"og:image:height\" content=\"430\" \/>\n\t<meta property=\"og:image:type\" content=\"image\/jpeg\" \/>\n<meta name=\"twitter:card\" content=\"summary_large_image\" \/>\n<meta name=\"twitter:label1\" content=\"Becs\u00fclt olvas\u00e1si id\u0151\" \/>\n\t<meta name=\"twitter:data1\" content=\"4 perc\" \/>\n<script type=\"application\/ld+json\" class=\"yoast-schema-graph\">{\"@context\":\"https:\/\/schema.org\",\"@graph\":[{\"@type\":\"WebPage\",\"@id\":\"https:\/\/legitgrams.com\/product\/psilocybe-utopia\/\",\"url\":\"https:\/\/legitgrams.com\/product\/psilocybe-utopia\/\",\"name\":\"Psilocybe Utopia for Sale - Order Psilocybe Utopia Online\",\"isPartOf\":{\"@id\":\"https:\/\/legitgrams.com\/#website\"},\"primaryImageOfPage\":{\"@id\":\"https:\/\/legitgrams.com\/product\/psilocybe-utopia\/#primaryimage\"},\"image\":{\"@id\":\"https:\/\/legitgrams.com\/product\/psilocybe-utopia\/#primaryimage\"},\"thumbnailUrl\":\"https:\/\/legitgrams.com\/wp-content\/uploads\/2024\/09\/psilocybe-utopiapsilocybin-or-magic-mushrooms.jpg\",\"datePublished\":\"2024-09-22T07:33:20+00:00\",\"dateModified\":\"2025-01-14T10:48:38+00:00\",\"description\":\"Find premium psilocybe utopia for sale at our online store, providing a secure platform to buy psilocybe utopia online with ease, catering to your research needs.\",\"breadcrumb\":{\"@id\":\"https:\/\/legitgrams.com\/product\/psilocybe-utopia\/#breadcrumb\"},\"inLanguage\":\"hu\",\"potentialAction\":[{\"@type\":\"ReadAction\",\"target\":[\"https:\/\/legitgrams.com\/product\/psilocybe-utopia\/\"]}]},{\"@type\":\"ImageObject\",\"inLanguage\":\"hu\",\"@id\":\"https:\/\/legitgrams.com\/product\/psilocybe-utopia\/#primaryimage\",\"url\":\"https:\/\/legitgrams.com\/wp-content\/uploads\/2024\/09\/psilocybe-utopiapsilocybin-or-magic-mushrooms.jpg\",\"contentUrl\":\"https:\/\/legitgrams.com\/wp-content\/uploads\/2024\/09\/psilocybe-utopiapsilocybin-or-magic-mushrooms.jpg\",\"width\":430,\"height\":430,\"caption\":\"Psilocybe Utopia for Sale\"},{\"@type\":\"BreadcrumbList\",\"@id\":\"https:\/\/legitgrams.com\/product\/psilocybe-utopia\/#breadcrumb\",\"itemListElement\":[{\"@type\":\"ListItem\",\"position\":1,\"name\":\"Home\",\"item\":\"https:\/\/legitgrams.com\/\"},{\"@type\":\"ListItem\",\"position\":2,\"name\":\"Shop\",\"item\":\"https:\/\/legitgrams.com\/shop\/\"},{\"@type\":\"ListItem\",\"position\":3,\"name\":\"Psilocybe Utopia\"}]},{\"@type\":\"WebSite\",\"@id\":\"https:\/\/legitgrams.com\/#website\",\"url\":\"https:\/\/legitgrams.com\/\",\"name\":\"Legit Grams\",\"description\":\"My WordPress Blog\",\"publisher\":{\"@id\":\"https:\/\/legitgrams.com\/#organization\"},\"potentialAction\":[{\"@type\":\"SearchAction\",\"target\":{\"@type\":\"EntryPoint\",\"urlTemplate\":\"https:\/\/legitgrams.com\/?s={search_term_string}\"},\"query-input\":{\"@type\":\"PropertyValueSpecification\",\"valueRequired\":true,\"valueName\":\"search_term_string\"}}],\"inLanguage\":\"hu\"},{\"@type\":\"Organization\",\"@id\":\"https:\/\/legitgrams.com\/#organization\",\"name\":\"Legit Grams\",\"url\":\"https:\/\/legitgrams.com\/\",\"logo\":{\"@type\":\"ImageObject\",\"inLanguage\":\"hu\",\"@id\":\"https:\/\/legitgrams.com\/#\/schema\/logo\/image\/\",\"url\":\"https:\/\/legitgrams.com\/wp-content\/uploads\/2024\/09\/main-logo.png\",\"contentUrl\":\"https:\/\/legitgrams.com\/wp-content\/uploads\/2024\/09\/main-logo.png\",\"width\":270,\"height\":75,\"caption\":\"Legit Grams\"},\"image\":{\"@id\":\"https:\/\/legitgrams.com\/#\/schema\/logo\/image\/\"}}]}<\/script>\n<!-- \/ Yoast SEO plugin. -->","yoast_head_json":{"title":"Psilocybe Utopia elad\u00f3 - Psilocybe Utopia rendel\u00e9se online","description":"Keresse meg a pr\u00e9mium psilocybe utopia elad\u00f3 online \u00e1ruh\u00e1zunkban, amely biztons\u00e1gos platformot biztos\u00edt a psilocybe utopia online v\u00e1s\u00e1rl\u00e1s\u00e1hoz, k\u00f6nnyed\u00e9n, az \u00d6n kutat\u00e1si ig\u00e9nyeinek kiel\u00e9g\u00edt\u00e9s\u00e9re.","robots":{"index":"index","follow":"follow","max-snippet":"max-snippet:-1","max-image-preview":"max-image-preview:large","max-video-preview":"max-video-preview:-1"},"canonical":"https:\/\/legitgrams.com\/hu\/termek\/psilocybe-utopia\/","og_locale":"hu_HU","og_type":"article","og_title":"Psilocybe Utopia for Sale - Order Psilocybe Utopia Online","og_description":"Find premium psilocybe utopia for sale at our online store, providing a secure platform to buy psilocybe utopia online with ease, catering to your research needs.","og_url":"https:\/\/legitgrams.com\/hu\/termek\/psilocybe-utopia\/","og_site_name":"Legit Grams","article_modified_time":"2025-01-14T10:48:38+00:00","og_image":[{"width":430,"height":430,"url":"https:\/\/legitgrams.com\/wp-content\/uploads\/2024\/09\/psilocybe-utopiapsilocybin-or-magic-mushrooms.jpg","type":"image\/jpeg"}],"twitter_card":"summary_large_image","twitter_misc":{"Becs\u00fclt olvas\u00e1si id\u0151":"4 perc"},"schema":{"@context":"https:\/\/schema.org","@graph":[{"@type":"WebPage","@id":"https:\/\/legitgrams.com\/product\/psilocybe-utopia\/","url":"https:\/\/legitgrams.com\/product\/psilocybe-utopia\/","name":"Psilocybe Utopia elad\u00f3 - Psilocybe Utopia rendel\u00e9se online","isPartOf":{"@id":"https:\/\/legitgrams.com\/#website"},"primaryImageOfPage":{"@id":"https:\/\/legitgrams.com\/product\/psilocybe-utopia\/#primaryimage"},"image":{"@id":"https:\/\/legitgrams.com\/product\/psilocybe-utopia\/#primaryimage"},"thumbnailUrl":"https:\/\/legitgrams.com\/wp-content\/uploads\/2024\/09\/psilocybe-utopiapsilocybin-or-magic-mushrooms.jpg","datePublished":"2024-09-22T07:33:20+00:00","dateModified":"2025-01-14T10:48:38+00:00","description":"Keresse meg a pr\u00e9mium psilocybe utopia elad\u00f3 online \u00e1ruh\u00e1zunkban, amely biztons\u00e1gos platformot biztos\u00edt a psilocybe utopia online v\u00e1s\u00e1rl\u00e1s\u00e1hoz, k\u00f6nnyed\u00e9n, az \u00d6n kutat\u00e1si ig\u00e9nyeinek kiel\u00e9g\u00edt\u00e9s\u00e9re.","breadcrumb":{"@id":"https:\/\/legitgrams.com\/product\/psilocybe-utopia\/#breadcrumb"},"inLanguage":"hu","potentialAction":[{"@type":"ReadAction","target":["https:\/\/legitgrams.com\/product\/psilocybe-utopia\/"]}]},{"@type":"ImageObject","inLanguage":"hu","@id":"https:\/\/legitgrams.com\/product\/psilocybe-utopia\/#primaryimage","url":"https:\/\/legitgrams.com\/wp-content\/uploads\/2024\/09\/psilocybe-utopiapsilocybin-or-magic-mushrooms.jpg","contentUrl":"https:\/\/legitgrams.com\/wp-content\/uploads\/2024\/09\/psilocybe-utopiapsilocybin-or-magic-mushrooms.jpg","width":430,"height":430,"caption":"Psilocybe Utopia for Sale"},{"@type":"BreadcrumbList","@id":"https:\/\/legitgrams.com\/product\/psilocybe-utopia\/#breadcrumb","itemListElement":[{"@type":"ListItem","position":1,"name":"Home","item":"https:\/\/legitgrams.com\/"},{"@type":"ListItem","position":2,"name":"Shop","item":"https:\/\/legitgrams.com\/shop\/"},{"@type":"ListItem","position":3,"name":"Psilocybe Utopia"}]},{"@type":"WebSite","@id":"https:\/\/legitgrams.com\/#website","url":"https:\/\/legitgrams.com\/","name":"Legit Grams","description":"Az \u00e9n WordPress blogom","publisher":{"@id":"https:\/\/legitgrams.com\/#organization"},"potentialAction":[{"@type":"SearchAction","target":{"@type":"EntryPoint","urlTemplate":"https:\/\/legitgrams.com\/?s={search_term_string}"},"query-input":{"@type":"PropertyValueSpecification","valueRequired":true,"valueName":"search_term_string"}}],"inLanguage":"hu"},{"@type":"Organization","@id":"https:\/\/legitgrams.com\/#organization","name":"Legit Grams","url":"https:\/\/legitgrams.com\/","logo":{"@type":"ImageObject","inLanguage":"hu","@id":"https:\/\/legitgrams.com\/#\/schema\/logo\/image\/","url":"https:\/\/legitgrams.com\/wp-content\/uploads\/2024\/09\/main-logo.png","contentUrl":"https:\/\/legitgrams.com\/wp-content\/uploads\/2024\/09\/main-logo.png","width":270,"height":75,"caption":"Legit Grams"},"image":{"@id":"https:\/\/legitgrams.com\/#\/schema\/logo\/image\/"}}]}},"uagb_featured_image_src":{"full":["https:\/\/legitgrams.com\/wp-content\/uploads\/2024\/09\/psilocybe-utopiapsilocybin-or-magic-mushrooms.jpg",430,430,false],"thumbnail":["https:\/\/legitgrams.com\/wp-content\/uploads\/2024\/09\/psilocybe-utopiapsilocybin-or-magic-mushrooms-150x150.jpg",150,150,true],"medium":["https:\/\/legitgrams.com\/wp-content\/uploads\/2024\/09\/psilocybe-utopiapsilocybin-or-magic-mushrooms-300x300.jpg",300,300,true],"medium_large":["https:\/\/legitgrams.com\/wp-content\/uploads\/2024\/09\/psilocybe-utopiapsilocybin-or-magic-mushrooms.jpg",430,430,false],"large":["https:\/\/legitgrams.com\/wp-content\/uploads\/2024\/09\/psilocybe-utopiapsilocybin-or-magic-mushrooms.jpg",430,430,false],"1536x1536":["https:\/\/legitgrams.com\/wp-content\/uploads\/2024\/09\/psilocybe-utopiapsilocybin-or-magic-mushrooms.jpg",430,430,false],"2048x2048":["https:\/\/legitgrams.com\/wp-content\/uploads\/2024\/09\/psilocybe-utopiapsilocybin-or-magic-mushrooms.jpg",430,430,false],"trp-custom-language-flag":["https:\/\/legitgrams.com\/wp-content\/uploads\/2024\/09\/psilocybe-utopiapsilocybin-or-magic-mushrooms-12x12.jpg",12,12,true],"woocommerce_thumbnail":["https:\/\/legitgrams.com\/wp-content\/uploads\/2024\/09\/psilocybe-utopiapsilocybin-or-magic-mushrooms-300x300.jpg",300,300,true],"woocommerce_single":["https:\/\/legitgrams.com\/wp-content\/uploads\/2024\/09\/psilocybe-utopiapsilocybin-or-magic-mushrooms.jpg",430,430,false],"woocommerce_gallery_thumbnail":["https:\/\/legitgrams.com\/wp-content\/uploads\/2024\/09\/psilocybe-utopiapsilocybin-or-magic-mushrooms-100x100.jpg",100,100,true]},"uagb_author_info":{"display_name":"cokeblog18","author_link":"https:\/\/legitgrams.com\/hu\/author\/"},"uagb_comment_info":0,"uagb_excerpt":"Purchase Online Psilocybe Utopia How to keep magic truffles fresh and store them Magic Truffles should always be stored in their vacuum-sealed, unopened container in the refrigerator between 2 and 4 \u00b0C. If the truffles are stored this way, they will last until the best-before date. Once the vacuum barrier is broken, the truffles can&hellip;","_links":{"self":[{"href":"https:\/\/legitgrams.com\/hu\/wp-json\/wp\/v2\/product\/4254","targetHints":{"allow":["GET"]}}],"collection":[{"href":"https:\/\/legitgrams.com\/hu\/wp-json\/wp\/v2\/product"}],"about":[{"href":"https:\/\/legitgrams.com\/hu\/wp-json\/wp\/v2\/types\/product"}],"replies":[{"embeddable":true,"href":"https:\/\/legitgrams.com\/hu\/wp-json\/wp\/v2\/comments?post=4254"}],"wp:featuredmedia":[{"embeddable":true,"href":"https:\/\/legitgrams.com\/hu\/wp-json\/wp\/v2\/media\/5248"}],"wp:attachment":[{"href":"https:\/\/legitgrams.com\/hu\/wp-json\/wp\/v2\/media?parent=4254"}],"wp:term":[{"taxonomy":"product_brand","embeddable":true,"href":"https:\/\/legitgrams.com\/hu\/wp-json\/wp\/v2\/product_brand?post=4254"},{"taxonomy":"product_cat","embeddable":true,"href":"https:\/\/legitgrams.com\/hu\/wp-json\/wp\/v2\/product_cat?post=4254"},{"taxonomy":"product_tag","embeddable":true,"href":"https:\/\/legitgrams.com\/hu\/wp-json\/wp\/v2\/product_tag?post=4254"}],"curies":[{"name":"wp","href":"https:\/\/api.w.org\/{rel}","templated":true}]}}