{"id":4255,"date":"2024-09-22T07:36:52","date_gmt":"2024-09-22T07:36:52","guid":{"rendered":"https:\/\/legitgrams.com\/?post_type=product&#038;p=4255"},"modified":"2025-01-14T10:46:43","modified_gmt":"2025-01-14T10:46:43","slug":"psilocybe-baeocystis","status":"publish","type":"product","link":"https:\/\/legitgrams.com\/hu\/termek\/psilocybe-baeocystis\/","title":{"rendered":"Psilocybe Baeocystis"},"content":{"rendered":"<h2>V\u00e1s\u00e1roljon Psilocybe Baeocystist online<\/h2>\n<p>\u00d6sszefoglalva, <a href=\"https:\/\/legitgrams.com\/hu\/termek\/psilocybe-baeocystis\/\">Psilocybe baeocystis<\/a> nev\u00e9t jellegzetes hull\u00e1mos koron\u00e1j\u00e1r\u00f3l kapta; a baeo-cystis sz\u00f3 jelent\u00e9se \"kis h\u00f3lyag\", \u00edgy n\u00e9z ki a gomba fiatalon. Psilocybe baeocystis online v\u00e1s\u00e1rl\u00e1sa. Gyakrabban tal\u00e1lkozhatunk vele a \"palackkupak\", \"b\u00fctyk\u00f6s tetej\u0171\", \"k\u00e9k harang\" vagy \"olajbogy\u00f3s kupak\" elnevez\u00e9sekkel, amelyek mind a kupakok k\u00fcl\u00f6nb\u00f6z\u0151 jellemz\u0151ire utalnak. Ha kezelik vagy \u00f6reg\u00edtik, a kupak gyorsan elsz\u00ednez\u0151dik az olajz\u00f6ld, gesztenyebarna sz\u00ednt\u0151l a f\u00e9nyes s\u00f6t\u00e9tk\u00e9kig, a hull\u00e1mos fodrokkal egy\u00fctt. <a href=\"https:\/\/legitgrams.com\/hu\/\">LegitGrams<\/a><\/p>\n<p>Ez a faj relat\u00edv anom\u00e1li\u00e1t jelent, mivel friss \u00e1llapotban jelent\u0151sen er\u0151sebb a hat\u00e1sa, \u00e9s gyakran legal\u00e1bb a fel\u00e9re cs\u00f6kken sz\u00e1r\u00edt\u00e1s ut\u00e1n. Ennek oka a hallucinog\u00e9n pszilocibin prekurzor baeocystin rendk\u00edv\u00fcl magas koncentr\u00e1ci\u00f3ja lehet.<\/p>\n<p>Nemzetk\u00f6zi sz\u00e1ll\u00edt\u00e1s a var\u00e1zsgomb\u00e1k \u00e9s pszichedelikus szerek eset\u00e9ben. tov\u00e1bbi inform\u00e1ci\u00f3\u00e9rt<\/p>\n<h3>SZEREZZE BE A PSILOCYBE BAEOCYSTIS \u00c9S MAGIC GOMB\u00c1T ONLINE<\/h3>\n<p>A vegy\u00fclet nev\u00e9nek forr\u00e1sa az a gomba, amelyet els\u0151k\u00e9nt azonos\u00edtottak \u00e9s r\u00f6gz\u00edtettek a nemzets\u00e9gb\u0151l. B\u00e1r jellemz\u0151en j\u00f3val alacsonyabb ar\u00e1nyban, a pszilocybe k\u00f6z\u00f6ss\u00e9gben kedvelt.<\/p>\n<p>Az azonos nev\u0171 molekula, a P. baeocystis a pszilocinszinteket is a legjobb h\u00e1rom k\u00f6z\u00e9 tartozik. A P. cubensis-hez hasonl\u00f3an ez a faj is m\u00e9rs\u00e9kelt vagy alacsony pszilocibintartalommal rendelkezik. Ugyanakkor tartalmaz egy kis, de figyelemre m\u00e9lt\u00f3 mennyis\u00e9g\u0171 norbaeocisztint is, amely a t\u00f6bbihez hasonl\u00f3 alkaloid. Mindez egy rendk\u00edv\u00fcl er\u0151s gomb\u00e1t alkot frissen: 1-3 gomba, vagy ak\u00e1r \u00f6t gramm is nagy adagnak sz\u00e1m\u00edt. Az anyag egy grammja \u00e9l\u00e9nk hat\u00e1st biztos\u00edt sz\u00e1r\u00edt\u00e1skor.<\/p>\n<h3>Elad\u00f3: PSILOCYBE BAEOCYSTIS<\/h3>\n<p>A term\u0151testek frissess\u00e9g\u00e9ben \u00e9s \u00e1ltal\u00e1nos erej\u00e9ben rejl\u0151 egyed\u00fcl\u00e1ll\u00f3 \u00e9rt\u00e9ke miatt a P. baeocystis szokatlan, de el\u0151ny\u00f6s v\u00e1laszt\u00e1s otthoni termeszt\u00e9sre. A szubsztr\u00e1tokkal szembeni t\u0171r\u0151k\u00e9pess\u00e9ge meglehet\u0151sen v\u00e1ltoz\u00f3, ez\u00e9rt a legjobb lehet, ha t\u0151zeget, mulcsot \u00e9s humusz alap\u00fa \u00e1llom\u00e1nyt haszn\u00e1lunk. B\u00e1r \u00f6sszet\u00e9veszthet\u0151 olyan k\u00f6zeli rokon fajokkal, mint a P. cyanescens, a P. aztecorum vagy a P. quebecensis, els\u0151dleges felhaszn\u00e1l\u00e1sa a teljes frissess\u00e9g el\u00e9r\u00e9se \u00e9rdek\u00e9ben gyakori vadon term\u0151 fajtak\u00e9nt t\u00f6rt\u00e9nik.<\/p>\n<p>Ez a faj azonos\u00edtott egy k\u00f6z\u00f6s anyagot, amely hozz\u00e1teszi, hogy <a href=\"https:\/\/en.wikipedia.org\/wiki\/Psilocybe_cubensis\">psilocybe<\/a> gomb\u00e1k \"var\u00e1zsereje\". A sz\u00e1r\u00edtott vagy - a szerencs\u00e9s felfedez\u0151 sz\u00e1m\u00e1ra - friss mint\u00e1k garant\u00e1ltan er\u0151teljes \u00e9rz\u00e9st ny\u00fajtanak.<\/p>\n<p>Elad\u00f3: Psilocybe Baeocystis<\/p>\n<p>Online pszichedelikus szerek v\u00e1s\u00e1rl\u00e1sa<\/p>\n<p>Online pszichedelikus v\u00e1s\u00e1rl\u00e1sok<\/p>\n<p>Pszichedelikus anyag<\/p>","protected":false},"excerpt":{"rendered":"<p>Purchase Psilocybe Baeocystis Online In summary, Psilocybe baeocystis is named from its characteristic rippling crown; the word baeo-cystis means &#8220;small-bladder,&#8221; which is how the fungus looks when it&#8217;s young. Buy psilocybe baeocystis online. It is more commonly found going by the names &#8220;bottle caps,&#8221; &#8220;knobby tops,&#8221; &#8220;blue bells,&#8221; or &#8220;olive caps,&#8221; which are all allusions &hellip;<\/p>\n<p class=\"read-more\"> <a class=\"\" href=\"https:\/\/legitgrams.com\/hu\/termek\/psilocybe-baeocystis\/\"> <span class=\"screen-reader-text\">Psilocybe Baeocystis<\/span> Olvass tov\u00e1bb \"<\/a><\/p>","protected":false},"featured_media":5243,"comment_status":"open","ping_status":"closed","template":"","meta":{"_uag_custom_page_level_css":"","site-sidebar-layout":"default","site-content-layout":"default","ast-global-header-display":"","ast-main-header-display":"","ast-hfb-above-header-display":"","ast-hfb-below-header-display":"","ast-hfb-mobile-header-display":"","site-post-title":"","ast-breadcrumbs-content":"","ast-featured-img":"","footer-sml-layout":"","theme-transparent-header-meta":"default","adv-header-id-meta":"","stick-header-meta":"default","header-above-stick-meta":"","header-main-stick-meta":"","header-below-stick-meta":"","_joinchat":[]},"product_brand":[],"product_cat":[599],"product_tag":[1522,1512,617,1504,1519,1516,1511,1509,1503,1506,1514,1505,1507,1517,1524,1525,1523,1515,1520,1521,1518,625,1510,1513,1508],"class_list":{"0":"post-4255","1":"product","2":"type-product","3":"status-publish","4":"has-post-thumbnail","6":"product_cat-psilocybin-or-magic-mushrooms","7":"product_tag-best-cheap-price-psilocybe-baeocystis","8":"product_tag-best-place-to-buy-psilocybe-baeocystis","9":"product_tag-bulk-online","10":"product_tag-buy-psilocybe-baeocystis","11":"product_tag-cheap-psilocybe-baeocystis","12":"product_tag-high-quality-psilocybe-baeocystis","13":"product_tag-how-to-buy-psilocybe-baeocystis","14":"product_tag-order-psilocybe-baeocystis","15":"product_tag-psilocybe-baeocystis","16":"product_tag-psilocybe-baeocystis-for-sale","17":"product_tag-psilocybe-baeocystis-legally","18":"product_tag-psilocybe-baeocystis-online","19":"product_tag-psilocybe-baeocystis-psilocybe-baeocystis-supplier","20":"product_tag-psilocybe-baeocystis-store","21":"product_tag-psilocybe-baeocystis-use","22":"product_tag-psilocybe-baeocystis-wiki","23":"product_tag-psilocybe-baeocystis-worldwide","24":"product_tag-psilocybe-baeocystisprice","25":"product_tag-psilocybe-baeocystiss","26":"product_tag-purcharse-psilocybe-baeocystis","27":"product_tag-shop-psilocybe-baeocystis","28":"product_tag-top-quality","29":"product_tag-where-to-buy-psilocybe-baeocystis","30":"product_tag-where-to-order-psilocybe-baeocystis","31":"product_tag-wholesale-psilocybe-baeocystis","32":"desktop-align-left","33":"tablet-align-left","34":"mobile-align-left","35":"ast-product-gallery-layout-horizontal","36":"ast-product-gallery-with-no-image","37":"ast-product-single-variable","38":"ast-product-tabs-layout-horizontal","39":"ast-qv-on-image","41":"first","42":"instock","43":"shipping-taxable","44":"purchasable","45":"product-type-variable"},"yoast_head":"<!-- This site is optimized with the Yoast SEO plugin v25.9 - https:\/\/yoast.com\/wordpress\/plugins\/seo\/ -->\n<title>Psilocybe Baeocystis for Sale - Order Psilocybe Baeocystis Online<\/title>\n<meta name=\"description\" content=\"Explore our online store for Psilocybe Baeocystis for sale, offering high-quality Psilocybe Baeocystis. Buy Psilocybe Baeocystis online securely and embark on your research journey with confidence. Place your order now!\" \/>\n<meta name=\"robots\" content=\"index, follow, max-snippet:-1, max-image-preview:large, max-video-preview:-1\" \/>\n<link rel=\"canonical\" href=\"https:\/\/legitgrams.com\/hu\/termek\/psilocybe-baeocystis\/\" \/>\n<meta property=\"og:locale\" content=\"hu_HU\" \/>\n<meta property=\"og:type\" content=\"article\" \/>\n<meta property=\"og:title\" content=\"Psilocybe Baeocystis for Sale - Order Psilocybe Baeocystis Online\" \/>\n<meta property=\"og:description\" content=\"Explore our online store for Psilocybe Baeocystis for sale, offering high-quality Psilocybe Baeocystis. Buy Psilocybe Baeocystis online securely and embark on your research journey with confidence. Place your order now!\" \/>\n<meta property=\"og:url\" content=\"https:\/\/legitgrams.com\/hu\/termek\/psilocybe-baeocystis\/\" \/>\n<meta property=\"og:site_name\" content=\"Legit Grams\" \/>\n<meta property=\"article:modified_time\" content=\"2025-01-14T10:46:43+00:00\" \/>\n<meta property=\"og:image\" content=\"https:\/\/legitgrams.com\/wp-content\/uploads\/2024\/09\/psilocybe-baeocystis-for-salepsilocybin-or-magic-mushrooms.jpg\" \/>\n\t<meta property=\"og:image:width\" content=\"430\" \/>\n\t<meta property=\"og:image:height\" content=\"430\" \/>\n\t<meta property=\"og:image:type\" content=\"image\/jpeg\" \/>\n<meta name=\"twitter:card\" content=\"summary_large_image\" \/>\n<meta name=\"twitter:label1\" content=\"Becs\u00fclt olvas\u00e1si id\u0151\" \/>\n\t<meta name=\"twitter:data1\" content=\"2 perc\" \/>\n<script type=\"application\/ld+json\" class=\"yoast-schema-graph\">{\"@context\":\"https:\/\/schema.org\",\"@graph\":[{\"@type\":\"WebPage\",\"@id\":\"https:\/\/legitgrams.com\/product\/psilocybe-baeocystis\/\",\"url\":\"https:\/\/legitgrams.com\/product\/psilocybe-baeocystis\/\",\"name\":\"Psilocybe Baeocystis for Sale - Order Psilocybe Baeocystis Online\",\"isPartOf\":{\"@id\":\"https:\/\/legitgrams.com\/#website\"},\"primaryImageOfPage\":{\"@id\":\"https:\/\/legitgrams.com\/product\/psilocybe-baeocystis\/#primaryimage\"},\"image\":{\"@id\":\"https:\/\/legitgrams.com\/product\/psilocybe-baeocystis\/#primaryimage\"},\"thumbnailUrl\":\"https:\/\/legitgrams.com\/wp-content\/uploads\/2024\/09\/psilocybe-baeocystis-for-salepsilocybin-or-magic-mushrooms.jpg\",\"datePublished\":\"2024-09-22T07:36:52+00:00\",\"dateModified\":\"2025-01-14T10:46:43+00:00\",\"description\":\"Explore our online store for Psilocybe Baeocystis for sale, offering high-quality Psilocybe Baeocystis. Buy Psilocybe Baeocystis online securely and embark on your research journey with confidence. Place your order now!\",\"breadcrumb\":{\"@id\":\"https:\/\/legitgrams.com\/product\/psilocybe-baeocystis\/#breadcrumb\"},\"inLanguage\":\"hu\",\"potentialAction\":[{\"@type\":\"ReadAction\",\"target\":[\"https:\/\/legitgrams.com\/product\/psilocybe-baeocystis\/\"]}]},{\"@type\":\"ImageObject\",\"inLanguage\":\"hu\",\"@id\":\"https:\/\/legitgrams.com\/product\/psilocybe-baeocystis\/#primaryimage\",\"url\":\"https:\/\/legitgrams.com\/wp-content\/uploads\/2024\/09\/psilocybe-baeocystis-for-salepsilocybin-or-magic-mushrooms.jpg\",\"contentUrl\":\"https:\/\/legitgrams.com\/wp-content\/uploads\/2024\/09\/psilocybe-baeocystis-for-salepsilocybin-or-magic-mushrooms.jpg\",\"width\":430,\"height\":430,\"caption\":\"Psilocybe Baeocystis for Sale\"},{\"@type\":\"BreadcrumbList\",\"@id\":\"https:\/\/legitgrams.com\/product\/psilocybe-baeocystis\/#breadcrumb\",\"itemListElement\":[{\"@type\":\"ListItem\",\"position\":1,\"name\":\"Home\",\"item\":\"https:\/\/legitgrams.com\/\"},{\"@type\":\"ListItem\",\"position\":2,\"name\":\"Shop\",\"item\":\"https:\/\/legitgrams.com\/shop\/\"},{\"@type\":\"ListItem\",\"position\":3,\"name\":\"Psilocybe Baeocystis\"}]},{\"@type\":\"WebSite\",\"@id\":\"https:\/\/legitgrams.com\/#website\",\"url\":\"https:\/\/legitgrams.com\/\",\"name\":\"Legit Grams\",\"description\":\"My WordPress Blog\",\"publisher\":{\"@id\":\"https:\/\/legitgrams.com\/#organization\"},\"potentialAction\":[{\"@type\":\"SearchAction\",\"target\":{\"@type\":\"EntryPoint\",\"urlTemplate\":\"https:\/\/legitgrams.com\/?s={search_term_string}\"},\"query-input\":{\"@type\":\"PropertyValueSpecification\",\"valueRequired\":true,\"valueName\":\"search_term_string\"}}],\"inLanguage\":\"hu\"},{\"@type\":\"Organization\",\"@id\":\"https:\/\/legitgrams.com\/#organization\",\"name\":\"Legit Grams\",\"url\":\"https:\/\/legitgrams.com\/\",\"logo\":{\"@type\":\"ImageObject\",\"inLanguage\":\"hu\",\"@id\":\"https:\/\/legitgrams.com\/#\/schema\/logo\/image\/\",\"url\":\"https:\/\/legitgrams.com\/wp-content\/uploads\/2024\/09\/main-logo.png\",\"contentUrl\":\"https:\/\/legitgrams.com\/wp-content\/uploads\/2024\/09\/main-logo.png\",\"width\":270,\"height\":75,\"caption\":\"Legit Grams\"},\"image\":{\"@id\":\"https:\/\/legitgrams.com\/#\/schema\/logo\/image\/\"}}]}<\/script>\n<!-- \/ Yoast SEO plugin. -->","yoast_head_json":{"title":"Psilocybe Baeocystis elad\u00f3 - Psilocybe Baeocystis rendel\u00e9se online","description":"Fedezze fel online \u00e1ruh\u00e1zunkban a Psilocybe Baeocystis elad\u00f3, kiv\u00e1l\u00f3 min\u0151s\u00e9g\u0171 Psilocybe Baeocystis. V\u00e1s\u00e1roljon Psilocybe Baeocystis online biztons\u00e1gosan, \u00e9s induljon el kutat\u00e1si \u00fatj\u00e1ra bizalommal. Adja le rendel\u00e9s\u00e9t most!","robots":{"index":"index","follow":"follow","max-snippet":"max-snippet:-1","max-image-preview":"max-image-preview:large","max-video-preview":"max-video-preview:-1"},"canonical":"https:\/\/legitgrams.com\/hu\/termek\/psilocybe-baeocystis\/","og_locale":"hu_HU","og_type":"article","og_title":"Psilocybe Baeocystis for Sale - Order Psilocybe Baeocystis Online","og_description":"Explore our online store for Psilocybe Baeocystis for sale, offering high-quality Psilocybe Baeocystis. Buy Psilocybe Baeocystis online securely and embark on your research journey with confidence. Place your order now!","og_url":"https:\/\/legitgrams.com\/hu\/termek\/psilocybe-baeocystis\/","og_site_name":"Legit Grams","article_modified_time":"2025-01-14T10:46:43+00:00","og_image":[{"width":430,"height":430,"url":"https:\/\/legitgrams.com\/wp-content\/uploads\/2024\/09\/psilocybe-baeocystis-for-salepsilocybin-or-magic-mushrooms.jpg","type":"image\/jpeg"}],"twitter_card":"summary_large_image","twitter_misc":{"Becs\u00fclt olvas\u00e1si id\u0151":"2 perc"},"schema":{"@context":"https:\/\/schema.org","@graph":[{"@type":"WebPage","@id":"https:\/\/legitgrams.com\/product\/psilocybe-baeocystis\/","url":"https:\/\/legitgrams.com\/product\/psilocybe-baeocystis\/","name":"Psilocybe Baeocystis elad\u00f3 - Psilocybe Baeocystis rendel\u00e9se online","isPartOf":{"@id":"https:\/\/legitgrams.com\/#website"},"primaryImageOfPage":{"@id":"https:\/\/legitgrams.com\/product\/psilocybe-baeocystis\/#primaryimage"},"image":{"@id":"https:\/\/legitgrams.com\/product\/psilocybe-baeocystis\/#primaryimage"},"thumbnailUrl":"https:\/\/legitgrams.com\/wp-content\/uploads\/2024\/09\/psilocybe-baeocystis-for-salepsilocybin-or-magic-mushrooms.jpg","datePublished":"2024-09-22T07:36:52+00:00","dateModified":"2025-01-14T10:46:43+00:00","description":"Fedezze fel online \u00e1ruh\u00e1zunkban a Psilocybe Baeocystis elad\u00f3, kiv\u00e1l\u00f3 min\u0151s\u00e9g\u0171 Psilocybe Baeocystis. V\u00e1s\u00e1roljon Psilocybe Baeocystis online biztons\u00e1gosan, \u00e9s induljon el kutat\u00e1si \u00fatj\u00e1ra bizalommal. Adja le rendel\u00e9s\u00e9t most!","breadcrumb":{"@id":"https:\/\/legitgrams.com\/product\/psilocybe-baeocystis\/#breadcrumb"},"inLanguage":"hu","potentialAction":[{"@type":"ReadAction","target":["https:\/\/legitgrams.com\/product\/psilocybe-baeocystis\/"]}]},{"@type":"ImageObject","inLanguage":"hu","@id":"https:\/\/legitgrams.com\/product\/psilocybe-baeocystis\/#primaryimage","url":"https:\/\/legitgrams.com\/wp-content\/uploads\/2024\/09\/psilocybe-baeocystis-for-salepsilocybin-or-magic-mushrooms.jpg","contentUrl":"https:\/\/legitgrams.com\/wp-content\/uploads\/2024\/09\/psilocybe-baeocystis-for-salepsilocybin-or-magic-mushrooms.jpg","width":430,"height":430,"caption":"Psilocybe Baeocystis for Sale"},{"@type":"BreadcrumbList","@id":"https:\/\/legitgrams.com\/product\/psilocybe-baeocystis\/#breadcrumb","itemListElement":[{"@type":"ListItem","position":1,"name":"Home","item":"https:\/\/legitgrams.com\/"},{"@type":"ListItem","position":2,"name":"Shop","item":"https:\/\/legitgrams.com\/shop\/"},{"@type":"ListItem","position":3,"name":"Psilocybe Baeocystis"}]},{"@type":"WebSite","@id":"https:\/\/legitgrams.com\/#website","url":"https:\/\/legitgrams.com\/","name":"Legit Grams","description":"Az \u00e9n WordPress blogom","publisher":{"@id":"https:\/\/legitgrams.com\/#organization"},"potentialAction":[{"@type":"SearchAction","target":{"@type":"EntryPoint","urlTemplate":"https:\/\/legitgrams.com\/?s={search_term_string}"},"query-input":{"@type":"PropertyValueSpecification","valueRequired":true,"valueName":"search_term_string"}}],"inLanguage":"hu"},{"@type":"Organization","@id":"https:\/\/legitgrams.com\/#organization","name":"Legit Grams","url":"https:\/\/legitgrams.com\/","logo":{"@type":"ImageObject","inLanguage":"hu","@id":"https:\/\/legitgrams.com\/#\/schema\/logo\/image\/","url":"https:\/\/legitgrams.com\/wp-content\/uploads\/2024\/09\/main-logo.png","contentUrl":"https:\/\/legitgrams.com\/wp-content\/uploads\/2024\/09\/main-logo.png","width":270,"height":75,"caption":"Legit Grams"},"image":{"@id":"https:\/\/legitgrams.com\/#\/schema\/logo\/image\/"}}]}},"uagb_featured_image_src":{"full":["https:\/\/legitgrams.com\/wp-content\/uploads\/2024\/09\/psilocybe-baeocystis-for-salepsilocybin-or-magic-mushrooms.jpg",430,430,false],"thumbnail":["https:\/\/legitgrams.com\/wp-content\/uploads\/2024\/09\/psilocybe-baeocystis-for-salepsilocybin-or-magic-mushrooms-150x150.jpg",150,150,true],"medium":["https:\/\/legitgrams.com\/wp-content\/uploads\/2024\/09\/psilocybe-baeocystis-for-salepsilocybin-or-magic-mushrooms-300x300.jpg",300,300,true],"medium_large":["https:\/\/legitgrams.com\/wp-content\/uploads\/2024\/09\/psilocybe-baeocystis-for-salepsilocybin-or-magic-mushrooms.jpg",430,430,false],"large":["https:\/\/legitgrams.com\/wp-content\/uploads\/2024\/09\/psilocybe-baeocystis-for-salepsilocybin-or-magic-mushrooms.jpg",430,430,false],"1536x1536":["https:\/\/legitgrams.com\/wp-content\/uploads\/2024\/09\/psilocybe-baeocystis-for-salepsilocybin-or-magic-mushrooms.jpg",430,430,false],"2048x2048":["https:\/\/legitgrams.com\/wp-content\/uploads\/2024\/09\/psilocybe-baeocystis-for-salepsilocybin-or-magic-mushrooms.jpg",430,430,false],"trp-custom-language-flag":["https:\/\/legitgrams.com\/wp-content\/uploads\/2024\/09\/psilocybe-baeocystis-for-salepsilocybin-or-magic-mushrooms-12x12.jpg",12,12,true],"woocommerce_thumbnail":["https:\/\/legitgrams.com\/wp-content\/uploads\/2024\/09\/psilocybe-baeocystis-for-salepsilocybin-or-magic-mushrooms-300x300.jpg",300,300,true],"woocommerce_single":["https:\/\/legitgrams.com\/wp-content\/uploads\/2024\/09\/psilocybe-baeocystis-for-salepsilocybin-or-magic-mushrooms.jpg",430,430,false],"woocommerce_gallery_thumbnail":["https:\/\/legitgrams.com\/wp-content\/uploads\/2024\/09\/psilocybe-baeocystis-for-salepsilocybin-or-magic-mushrooms-100x100.jpg",100,100,true]},"uagb_author_info":{"display_name":"cokeblog18","author_link":"https:\/\/legitgrams.com\/hu\/author\/"},"uagb_comment_info":0,"uagb_excerpt":"Purchase Psilocybe Baeocystis Online In summary, Psilocybe baeocystis is named from its characteristic rippling crown; the word baeo-cystis means &#8220;small-bladder,&#8221; which is how the fungus looks when it&#8217;s young. Buy psilocybe baeocystis online. It is more commonly found going by the names &#8220;bottle caps,&#8221; &#8220;knobby tops,&#8221; &#8220;blue bells,&#8221; or &#8220;olive caps,&#8221; which are all allusions&hellip;","_links":{"self":[{"href":"https:\/\/legitgrams.com\/hu\/wp-json\/wp\/v2\/product\/4255","targetHints":{"allow":["GET"]}}],"collection":[{"href":"https:\/\/legitgrams.com\/hu\/wp-json\/wp\/v2\/product"}],"about":[{"href":"https:\/\/legitgrams.com\/hu\/wp-json\/wp\/v2\/types\/product"}],"replies":[{"embeddable":true,"href":"https:\/\/legitgrams.com\/hu\/wp-json\/wp\/v2\/comments?post=4255"}],"wp:featuredmedia":[{"embeddable":true,"href":"https:\/\/legitgrams.com\/hu\/wp-json\/wp\/v2\/media\/5243"}],"wp:attachment":[{"href":"https:\/\/legitgrams.com\/hu\/wp-json\/wp\/v2\/media?parent=4255"}],"wp:term":[{"taxonomy":"product_brand","embeddable":true,"href":"https:\/\/legitgrams.com\/hu\/wp-json\/wp\/v2\/product_brand?post=4255"},{"taxonomy":"product_cat","embeddable":true,"href":"https:\/\/legitgrams.com\/hu\/wp-json\/wp\/v2\/product_cat?post=4255"},{"taxonomy":"product_tag","embeddable":true,"href":"https:\/\/legitgrams.com\/hu\/wp-json\/wp\/v2\/product_tag?post=4255"}],"curies":[{"name":"wp","href":"https:\/\/api.w.org\/{rel}","templated":true}]}}