{"id":4260,"date":"2024-09-22T07:52:39","date_gmt":"2024-09-22T07:52:39","guid":{"rendered":"https:\/\/legitgrams.com\/?post_type=product&#038;p=4260"},"modified":"2025-01-15T05:45:52","modified_gmt":"2025-01-15T05:45:52","slug":"thca-kristalyok-felso-polc","status":"publish","type":"product","link":"https:\/\/legitgrams.com\/hu\/termek\/thca-kristalyok-felso-polc\/","title":{"rendered":"THCA Crystals- Top Shelf"},"content":{"rendered":"<h2>V\u00e1s\u00e1roljon THCA krist\u00e1lyokat \u2013 fels\u0151 polc online<\/h2>\n<h3>Top Shelf THCA krist\u00e1lyok elad\u00f3<\/h3>\n<p>A tetrahidrokannabinolos korroz\u00edv vagy THCA egy kannabisz molekula, amely az el\u0151zetes kutat\u00e1sok ellen\u00e9re kezd \u00edg\u00e9retesnek t\u0171nni ter\u00e1pi\u00e1s szerk\u00e9nt. A THC-t ismeri, de a THCA nagyon elt\u00e9r\u0151 tulajdons\u00e1gokkal rendelkezik, m\u00e9g ha hasonl\u00f3an is hangzanak. A THCA egy nem b\u00f3d\u00edt\u00f3 hat\u00e1s\u00fa kannabinoid, amely a THC-vel ellent\u00e9tben a nyers \u00e9s az \u00e9l\u0151 kannabiszban is jelen van. A n\u00f6v\u00e9ny sz\u00e1rad\u00e1s k\u00f6zben fokozatosan alak\u00edtja \u00e1t a THCA-t THC-v\u00e9. A dekarboxil\u00e1ci\u00f3nak nevezett folyamatot - ez a divatos kifejez\u00e9s azt \u00edrja le, ami a vir\u00e1g elsz\u00edv\u00e1sakor vagy boml\u00e1sakor t\u00f6rt\u00e9nik - a meleg seg\u00edti el\u0151.<\/p>\n<p>Abban a val\u00f3sz\u00edn\u0171tlen esetben, ha laborat\u00f3riumi vizsg\u00e1latnak al\u00e1vetett kannabiszt v\u00e1s\u00e1rolt, \u00e9szreveheti, hogy a THC vagy a THCA - mindkett\u0151 jellemz\u0151en 10 \u00e9s 20 sz\u00e1zal\u00e9k k\u00f6z\u00f6tt mozog - a legnagyobb mennyis\u00e9gben el\u0151fordul\u00f3 kannabinoid. B\u00e1r a nem dekarboxil\u00e1lt vir\u00e1gra a pontosabb kifejez\u00e9s a THCA, a kifejez\u00e9sek l\u00e9nyeg\u00e9ben ugyanazt jelentik abban a val\u00f3sz\u00edn\u0171tlen esetben, ha elfogadja a vev\u0151 elv\u00e1r\u00e1s\u00e1t, hogy a term\u00e9ket meleg\u00edts\u00e9k, f\u00fcst\u00f6lj\u00e9k vagy m\u00e1s m\u00f3don lebonts\u00e1k. <a href=\"https:\/\/legitgrams.com\/hu\/\">LegitGrams<\/a><\/p>\n<p>A THCA-\u00e9kszerek, amelyeket gyakran \"dr\u00e1gak\u00f6veknek\" is neveznek, az elm\u00falt \u00e9vekben n\u00e9pszer\u0171ek voltak a kannabiszkoncentr\u00e1tum-fogyaszt\u00f3k k\u00f6r\u00e9ben. Az ut\u00f3bbi id\u0151ben az izol\u00e1lt THCA nehezen tal\u00e1ltatott. Manaps\u00e1g m\u00e1r elk\u00fcl\u00f6n\u00edtve vagy, ami m\u00e9g gyakoribb, terp\u00e9nekkel permetezve, \"sz\u00f3szos\" ed\u00e9nyekben lehet r\u00e1juk bukkanni. Kit\u00e9r\u00fcnk mindenre, amit a THCA \u00fcvegszer\u0171s\u00e9g\u00e9r\u0151l tudni kell.<\/p>\n<p><a href=\"https:\/\/en.wikipedia.org\/wiki\/Tetrahydrocannabinolic_acid\">Tetrahidrokannabinol<\/a> savat THCA-nak nevezik. A kannabisz legnagyobb csoportjai a nyers \u00e9s az \u00e9l\u0151. Ahogy a n\u00f6v\u00e9ny sz\u00e1rad, a THCA fokozatosan \u00e1talakul THC-v\u00e9. A kannabisz felmeleged\u00e9se a felfel\u00e9 ir\u00e1nyul\u00f3 ciklust \u00e9rt\u00e9keli.<\/p>\n<p>Mivel <a href=\"https:\/\/legitgrams.com\/hu\/termek\/thca-kristalyok-felso-polc\/\">THCA<\/a> a THC nem pszichoakt\u00edv prekurzora, nem val\u00f3sz\u00edn\u0171, hogy euf\u00f3rikus \u00e9rz\u00e9st v\u00e1lt ki. Emiatt a marihu\u00e1n\u00e1t k\u00e1lyh\u00e1ban kell dekarboxil\u00e1lni, miel\u0151tt az ehet\u0151 \u00e9telekben felhaszn\u00e1lj\u00e1k. A ciklus biztos\u00edtja, hogy az \u00f6sszes THCA THC-v\u00e9 alakuljon \u00e1t, \u00edgy az euf\u00f3rikus hat\u00e1sok teljes sk\u00e1l\u00e1j\u00e1t megtapasztalhatja.<\/p>\n<p>Mivel a THCA a THC nem pszichoakt\u00edv el\u0151anyaga, nem val\u00f3sz\u00edn\u0171, hogy euf\u00f3rikus \u00e9rz\u00e9st v\u00e1lt ki. Emiatt a marihu\u00e1n\u00e1t k\u00e1lyh\u00e1ban kell dekarboxil\u00e1lni, miel\u0151tt az ehet\u0151 \u00e9telekben haszn\u00e1ln\u00e1k. A ciklus biztos\u00edtja, hogy az \u00f6sszes THCA THC-v\u00e9 alakuljon \u00e1t, \u00edgy az euf\u00f3rikus hat\u00e1sok teljes sk\u00e1l\u00e1j\u00e1t megtapasztalhatja.<\/p>\n<p>A nyers kender j\u00f3l ismert szuper\u00e9lelmiszer. A THCA magasabb koncentr\u00e1ci\u00f3j\u00e1t a kender pr\u00e9sel\u00e9s\u00e9vel lehet el\u00e9rni. A magas THCA-tartalom fogyaszt\u00e1sa seg\u00edthet kompenz\u00e1lni az endokannabinoidok alacsony szintj\u00e9t an\u00e9lk\u00fcl, hogy elsz\u00e1llna. Sz\u00e1mos legyeng\u00edt\u0151 betegs\u00e9get az endokannabinoidok el\u00e9gtelens\u00e9ge okoz.<\/p>\n<p>v\u00e1s\u00e1rl\u00e1s thca online, v\u00e1s\u00e1rolni thca krist\u00e1lyos, v\u00e1s\u00e1rolni thca krist\u00e1lyos online, v\u00e1s\u00e1rolni thc krist\u00e1lyok, v\u00e1s\u00e1rolni thca, N\u00e9h\u00e1ny ember, akik \u00e9rz\u00e9kenyek a THC-re, \u00fagy tal\u00e1lj\u00e1k, hogy t\u00falzott mennyis\u00e9g\u0171 vegy\u00fcletre van sz\u00fcks\u00e9g\u00fck a t\u00fcnetek enyh\u00edt\u00e9s\u00e9hez. Szerencs\u00e9re most m\u00e1r hasonl\u00f3 vagy m\u00e9g nagyobb seg\u00edts\u00e9get tal\u00e1lhatnak a nyers kannabisz fogyaszt\u00e1s\u00e1val.<\/p>\n<p>Dr. William Courtney, a kaliforniai Willitsb\u0151l sz\u00e1rmaz\u00f3 eg\u00e9szs\u00e9g\u00fcgyi szakember m\u00e1r k\u00f6zel egy \u00e9vtizede a kannabisz kivon\u00e1s\u00e1nak el\u0151nyei mellett \u00e9rvel. A legt\u00f6bb megn\u00f6vekedett THCA-t az \u00faj n\u00f6v\u00e9nyekben tal\u00e1ljuk. \u00cdgy, hacsak nem tudod, hogyan kell marihu\u00e1n\u00e1t termeszteni, vagy nem ismersz valakit, aki tudja, akkor nagyszer\u0171 helyzetben vagy, hogy THCA-t tal\u00e1lj \u00e1tl\u00e1tsz\u00f3an.<\/p>\n<h3>Top Shelf THCA krist\u00e1lyok elad\u00f3<\/h3>\n<p>V\u00e1s\u00e1rl\u00e1s THCA Crystals a Top Shelf - V\u00e1s\u00e1rl\u00e1s THCA, V\u00e1s\u00e1rl\u00e1s THCA Crystals, V\u00e1s\u00e1rl\u00e1s THCA Crystals online, Hol lehet v\u00e1s\u00e1rolni THCA Crystals, \u00e9rt\u00e9kes\u00edt\u00e9s THCA Crystals, Crystals elad\u00f3, v\u00e1s\u00e1rl\u00e1s THCA Online, v\u00e1s\u00e1rl\u00e1s THCA Crystals az USA-ban, Kanada, Egyes\u00fclt Kir\u00e1lys\u00e1g, v\u00e1s\u00e1rl\u00e1s, Online, Sz\u00e1ll\u00edt\u00f3k, biztons\u00e1gos sz\u00e1ll\u00edt\u00e1s, THCA Crystals m\u00e9g mindig rendelkez\u00e9sre \u00e1llnak. Leg\u00e1lis-e a THCA krist\u00e1lyok v\u00e1s\u00e1rl\u00e1sa az Egyes\u00fclt \u00c1llamokban, beszerezhetek-e THCA krist\u00e1lyokat online, \u00e9s leg\u00e1lis-e a THCA krist\u00e1lyok v\u00e1s\u00e1rl\u00e1sa Kanad\u00e1ban?<\/p>","protected":false},"excerpt":{"rendered":"<p>Purchase THCA Crystals- Top Shelf Online Top Shelf THCA Crystals for Sale Tetrahydrocannabinolic corrosive, or THCA, is a cannabis molecule that, despite preliminary research, is beginning to show promise as a therapeutic agent. You are familiar with THC, but THCA has very different qualities, even though they may sound similar. THCA is a non-inebriating cannabinoid &hellip;<\/p>\n<p class=\"read-more\"> <a class=\"\" href=\"https:\/\/legitgrams.com\/hu\/termek\/thca-kristalyok-felso-polc\/\"> <span class=\"screen-reader-text\">THCA Crystals- Top Shelf<\/span> Olvass tov\u00e1bb \"<\/a><\/p>","protected":false},"featured_media":5392,"comment_status":"open","ping_status":"closed","template":"","meta":{"_uag_custom_page_level_css":"","site-sidebar-layout":"default","site-content-layout":"default","ast-global-header-display":"","ast-main-header-display":"","ast-hfb-above-header-display":"","ast-hfb-below-header-display":"","ast-hfb-mobile-header-display":"","site-post-title":"","ast-breadcrumbs-content":"","ast-featured-img":"","footer-sml-layout":"","theme-transparent-header-meta":"default","adv-header-id-meta":"","stick-header-meta":"default","header-above-stick-meta":"","header-main-stick-meta":"","header-below-stick-meta":"","_joinchat":[]},"product_brand":[],"product_cat":[606],"product_tag":[1430,1420,617,1412,1427,1424,1419,1417,1429,1426,1411,1414,1422,1413,1425,1415,1432,1433,1431,1423,1428,625,1418,1421,1416],"class_list":{"0":"post-4260","1":"product","2":"type-product","3":"status-publish","4":"has-post-thumbnail","6":"product_cat-marijuana-wax","7":"product_tag-best-cheap-price-thca-crystals-top-shelf","8":"product_tag-best-place-to-buy-thca-crystals-top-shelf","9":"product_tag-bulk-online","10":"product_tag-buy-thca-crystals-top-shelf","11":"product_tag-cheap-thca-crystals-top-shelf","12":"product_tag-high-quality-thca-crystals-top-shelf","13":"product_tag-how-to-buy-thca-crystals-top-shelf","14":"product_tag-order-thca-crystals-top-shelf","15":"product_tag-purcharse-thca-crystals-top-shelf","16":"product_tag-shop-thca-crystals-top-shelf","17":"product_tag-thca-crystals-top-shelf","18":"product_tag-thca-crystals-top-shelf-for-sale","19":"product_tag-thca-crystals-top-shelf-legally","20":"product_tag-thca-crystals-top-shelf-online","21":"product_tag-thca-crystals-top-shelf-store","22":"product_tag-thca-crystals-top-shelf-thca-crystals-top-shelf-supplier","23":"product_tag-thca-crystals-top-shelf-use","24":"product_tag-thca-crystals-top-shelf-wiki","25":"product_tag-thca-crystals-top-shelf-worldwide","26":"product_tag-thca-crystals-top-shelfprice","27":"product_tag-thca-crystals-top-shelfs","28":"product_tag-top-quality","29":"product_tag-where-to-buy-thca-crystals-top-shelf","30":"product_tag-where-to-order-thca-crystals-top-shelf","31":"product_tag-wholesale-thca-crystals-top-shelf","32":"desktop-align-left","33":"tablet-align-left","34":"mobile-align-left","35":"ast-product-gallery-layout-horizontal","36":"ast-product-gallery-with-no-image","37":"ast-product-single-variable","38":"ast-product-tabs-layout-horizontal","39":"ast-qv-on-image","41":"first","42":"instock","43":"shipping-taxable","44":"purchasable","45":"product-type-variable"},"yoast_head":"<!-- This site is optimized with the Yoast SEO plugin v25.9 - https:\/\/yoast.com\/wordpress\/plugins\/seo\/ -->\n<title>THCA Crystals for Sale - Order THCA Crystals Online<\/title>\n<meta name=\"description\" content=\"Explore our online store for thca crystals for sale, offering high-quality thca crystals . Buy thca crystals online securely and embark on your research journey with confidence. Order Now!\" \/>\n<meta name=\"robots\" content=\"index, follow, max-snippet:-1, max-image-preview:large, max-video-preview:-1\" \/>\n<link rel=\"canonical\" href=\"https:\/\/legitgrams.com\/hu\/termek\/thca-kristalyok-felso-polc\/\" \/>\n<meta property=\"og:locale\" content=\"hu_HU\" \/>\n<meta property=\"og:type\" content=\"article\" \/>\n<meta property=\"og:title\" content=\"THCA Crystals for Sale - Order THCA Crystals Online\" \/>\n<meta property=\"og:description\" content=\"Explore our online store for thca crystals for sale, offering high-quality thca crystals . Buy thca crystals online securely and embark on your research journey with confidence. Order Now!\" \/>\n<meta property=\"og:url\" content=\"https:\/\/legitgrams.com\/hu\/termek\/thca-kristalyok-felso-polc\/\" \/>\n<meta property=\"og:site_name\" content=\"Legit Grams\" \/>\n<meta property=\"article:modified_time\" content=\"2025-01-15T05:45:52+00:00\" \/>\n<meta property=\"og:image\" content=\"https:\/\/legitgrams.com\/wp-content\/uploads\/2024\/09\/Buy-THCA-Crystals-Top-Shelf.jpg\" \/>\n\t<meta property=\"og:image:width\" content=\"600\" \/>\n\t<meta property=\"og:image:height\" content=\"600\" \/>\n\t<meta property=\"og:image:type\" content=\"image\/jpeg\" \/>\n<meta name=\"twitter:card\" content=\"summary_large_image\" \/>\n<meta name=\"twitter:label1\" content=\"Becs\u00fclt olvas\u00e1si id\u0151\" \/>\n\t<meta name=\"twitter:data1\" content=\"3 perc\" \/>\n<script type=\"application\/ld+json\" class=\"yoast-schema-graph\">{\"@context\":\"https:\/\/schema.org\",\"@graph\":[{\"@type\":\"WebPage\",\"@id\":\"https:\/\/legitgrams.com\/product\/thca-crystals-top-shelf\/\",\"url\":\"https:\/\/legitgrams.com\/product\/thca-crystals-top-shelf\/\",\"name\":\"THCA Crystals for Sale - Order THCA Crystals Online\",\"isPartOf\":{\"@id\":\"https:\/\/legitgrams.com\/#website\"},\"primaryImageOfPage\":{\"@id\":\"https:\/\/legitgrams.com\/product\/thca-crystals-top-shelf\/#primaryimage\"},\"image\":{\"@id\":\"https:\/\/legitgrams.com\/product\/thca-crystals-top-shelf\/#primaryimage\"},\"thumbnailUrl\":\"https:\/\/legitgrams.com\/wp-content\/uploads\/2024\/09\/Buy-THCA-Crystals-Top-Shelf.jpg\",\"datePublished\":\"2024-09-22T07:52:39+00:00\",\"dateModified\":\"2025-01-15T05:45:52+00:00\",\"description\":\"Explore our online store for thca crystals for sale, offering high-quality thca crystals . Buy thca crystals online securely and embark on your research journey with confidence. Order Now!\",\"breadcrumb\":{\"@id\":\"https:\/\/legitgrams.com\/product\/thca-crystals-top-shelf\/#breadcrumb\"},\"inLanguage\":\"hu\",\"potentialAction\":[{\"@type\":\"ReadAction\",\"target\":[\"https:\/\/legitgrams.com\/product\/thca-crystals-top-shelf\/\"]}]},{\"@type\":\"ImageObject\",\"inLanguage\":\"hu\",\"@id\":\"https:\/\/legitgrams.com\/product\/thca-crystals-top-shelf\/#primaryimage\",\"url\":\"https:\/\/legitgrams.com\/wp-content\/uploads\/2024\/09\/Buy-THCA-Crystals-Top-Shelf.jpg\",\"contentUrl\":\"https:\/\/legitgrams.com\/wp-content\/uploads\/2024\/09\/Buy-THCA-Crystals-Top-Shelf.jpg\",\"width\":600,\"height\":600,\"caption\":\"THCA Crystals for Sale\"},{\"@type\":\"BreadcrumbList\",\"@id\":\"https:\/\/legitgrams.com\/product\/thca-crystals-top-shelf\/#breadcrumb\",\"itemListElement\":[{\"@type\":\"ListItem\",\"position\":1,\"name\":\"Home\",\"item\":\"https:\/\/legitgrams.com\/\"},{\"@type\":\"ListItem\",\"position\":2,\"name\":\"Shop\",\"item\":\"https:\/\/legitgrams.com\/shop\/\"},{\"@type\":\"ListItem\",\"position\":3,\"name\":\"THCA Crystals- Top Shelf\"}]},{\"@type\":\"WebSite\",\"@id\":\"https:\/\/legitgrams.com\/#website\",\"url\":\"https:\/\/legitgrams.com\/\",\"name\":\"Legit Grams\",\"description\":\"My WordPress Blog\",\"publisher\":{\"@id\":\"https:\/\/legitgrams.com\/#organization\"},\"potentialAction\":[{\"@type\":\"SearchAction\",\"target\":{\"@type\":\"EntryPoint\",\"urlTemplate\":\"https:\/\/legitgrams.com\/?s={search_term_string}\"},\"query-input\":{\"@type\":\"PropertyValueSpecification\",\"valueRequired\":true,\"valueName\":\"search_term_string\"}}],\"inLanguage\":\"hu\"},{\"@type\":\"Organization\",\"@id\":\"https:\/\/legitgrams.com\/#organization\",\"name\":\"Legit Grams\",\"url\":\"https:\/\/legitgrams.com\/\",\"logo\":{\"@type\":\"ImageObject\",\"inLanguage\":\"hu\",\"@id\":\"https:\/\/legitgrams.com\/#\/schema\/logo\/image\/\",\"url\":\"https:\/\/legitgrams.com\/wp-content\/uploads\/2024\/09\/main-logo.png\",\"contentUrl\":\"https:\/\/legitgrams.com\/wp-content\/uploads\/2024\/09\/main-logo.png\",\"width\":270,\"height\":75,\"caption\":\"Legit Grams\"},\"image\":{\"@id\":\"https:\/\/legitgrams.com\/#\/schema\/logo\/image\/\"}}]}<\/script>\n<!-- \/ Yoast SEO plugin. -->","yoast_head_json":{"title":"THCA Crystals elad\u00f3 - THCA Crystals online rendel\u00e9se","description":"Fedezze fel online \u00e1ruh\u00e1zunk thca krist\u00e1lyok elad\u00f3, k\u00edn\u00e1l kiv\u00e1l\u00f3 min\u0151s\u00e9g\u0171 thca krist\u00e1lyok . V\u00e1s\u00e1roljon thca krist\u00e1lyokat online biztons\u00e1gosan, \u00e9s induljon el a kutat\u00e1si \u00fatra bizalommal. Rendeljen most!","robots":{"index":"index","follow":"follow","max-snippet":"max-snippet:-1","max-image-preview":"max-image-preview:large","max-video-preview":"max-video-preview:-1"},"canonical":"https:\/\/legitgrams.com\/hu\/termek\/thca-kristalyok-felso-polc\/","og_locale":"hu_HU","og_type":"article","og_title":"THCA Crystals for Sale - Order THCA Crystals Online","og_description":"Explore our online store for thca crystals for sale, offering high-quality thca crystals . Buy thca crystals online securely and embark on your research journey with confidence. Order Now!","og_url":"https:\/\/legitgrams.com\/hu\/termek\/thca-kristalyok-felso-polc\/","og_site_name":"Legit Grams","article_modified_time":"2025-01-15T05:45:52+00:00","og_image":[{"width":600,"height":600,"url":"https:\/\/legitgrams.com\/wp-content\/uploads\/2024\/09\/Buy-THCA-Crystals-Top-Shelf.jpg","type":"image\/jpeg"}],"twitter_card":"summary_large_image","twitter_misc":{"Becs\u00fclt olvas\u00e1si id\u0151":"3 perc"},"schema":{"@context":"https:\/\/schema.org","@graph":[{"@type":"WebPage","@id":"https:\/\/legitgrams.com\/product\/thca-crystals-top-shelf\/","url":"https:\/\/legitgrams.com\/product\/thca-crystals-top-shelf\/","name":"THCA Crystals elad\u00f3 - THCA Crystals online rendel\u00e9se","isPartOf":{"@id":"https:\/\/legitgrams.com\/#website"},"primaryImageOfPage":{"@id":"https:\/\/legitgrams.com\/product\/thca-crystals-top-shelf\/#primaryimage"},"image":{"@id":"https:\/\/legitgrams.com\/product\/thca-crystals-top-shelf\/#primaryimage"},"thumbnailUrl":"https:\/\/legitgrams.com\/wp-content\/uploads\/2024\/09\/Buy-THCA-Crystals-Top-Shelf.jpg","datePublished":"2024-09-22T07:52:39+00:00","dateModified":"2025-01-15T05:45:52+00:00","description":"Fedezze fel online \u00e1ruh\u00e1zunk thca krist\u00e1lyok elad\u00f3, k\u00edn\u00e1l kiv\u00e1l\u00f3 min\u0151s\u00e9g\u0171 thca krist\u00e1lyok . V\u00e1s\u00e1roljon thca krist\u00e1lyokat online biztons\u00e1gosan, \u00e9s induljon el a kutat\u00e1si \u00fatra bizalommal. Rendeljen most!","breadcrumb":{"@id":"https:\/\/legitgrams.com\/product\/thca-crystals-top-shelf\/#breadcrumb"},"inLanguage":"hu","potentialAction":[{"@type":"ReadAction","target":["https:\/\/legitgrams.com\/product\/thca-crystals-top-shelf\/"]}]},{"@type":"ImageObject","inLanguage":"hu","@id":"https:\/\/legitgrams.com\/product\/thca-crystals-top-shelf\/#primaryimage","url":"https:\/\/legitgrams.com\/wp-content\/uploads\/2024\/09\/Buy-THCA-Crystals-Top-Shelf.jpg","contentUrl":"https:\/\/legitgrams.com\/wp-content\/uploads\/2024\/09\/Buy-THCA-Crystals-Top-Shelf.jpg","width":600,"height":600,"caption":"THCA Crystals for Sale"},{"@type":"BreadcrumbList","@id":"https:\/\/legitgrams.com\/product\/thca-crystals-top-shelf\/#breadcrumb","itemListElement":[{"@type":"ListItem","position":1,"name":"Home","item":"https:\/\/legitgrams.com\/"},{"@type":"ListItem","position":2,"name":"Shop","item":"https:\/\/legitgrams.com\/shop\/"},{"@type":"ListItem","position":3,"name":"THCA Crystals- Top Shelf"}]},{"@type":"WebSite","@id":"https:\/\/legitgrams.com\/#website","url":"https:\/\/legitgrams.com\/","name":"Legit Grams","description":"Az \u00e9n WordPress blogom","publisher":{"@id":"https:\/\/legitgrams.com\/#organization"},"potentialAction":[{"@type":"SearchAction","target":{"@type":"EntryPoint","urlTemplate":"https:\/\/legitgrams.com\/?s={search_term_string}"},"query-input":{"@type":"PropertyValueSpecification","valueRequired":true,"valueName":"search_term_string"}}],"inLanguage":"hu"},{"@type":"Organization","@id":"https:\/\/legitgrams.com\/#organization","name":"Legit Grams","url":"https:\/\/legitgrams.com\/","logo":{"@type":"ImageObject","inLanguage":"hu","@id":"https:\/\/legitgrams.com\/#\/schema\/logo\/image\/","url":"https:\/\/legitgrams.com\/wp-content\/uploads\/2024\/09\/main-logo.png","contentUrl":"https:\/\/legitgrams.com\/wp-content\/uploads\/2024\/09\/main-logo.png","width":270,"height":75,"caption":"Legit Grams"},"image":{"@id":"https:\/\/legitgrams.com\/#\/schema\/logo\/image\/"}}]}},"uagb_featured_image_src":{"full":["https:\/\/legitgrams.com\/wp-content\/uploads\/2024\/09\/Buy-THCA-Crystals-Top-Shelf.jpg",600,600,false],"thumbnail":["https:\/\/legitgrams.com\/wp-content\/uploads\/2024\/09\/Buy-THCA-Crystals-Top-Shelf-150x150.jpg",150,150,true],"medium":["https:\/\/legitgrams.com\/wp-content\/uploads\/2024\/09\/Buy-THCA-Crystals-Top-Shelf-300x300.jpg",300,300,true],"medium_large":["https:\/\/legitgrams.com\/wp-content\/uploads\/2024\/09\/Buy-THCA-Crystals-Top-Shelf.jpg",600,600,false],"large":["https:\/\/legitgrams.com\/wp-content\/uploads\/2024\/09\/Buy-THCA-Crystals-Top-Shelf.jpg",600,600,false],"1536x1536":["https:\/\/legitgrams.com\/wp-content\/uploads\/2024\/09\/Buy-THCA-Crystals-Top-Shelf.jpg",600,600,false],"2048x2048":["https:\/\/legitgrams.com\/wp-content\/uploads\/2024\/09\/Buy-THCA-Crystals-Top-Shelf.jpg",600,600,false],"trp-custom-language-flag":["https:\/\/legitgrams.com\/wp-content\/uploads\/2024\/09\/Buy-THCA-Crystals-Top-Shelf-12x12.jpg",12,12,true],"woocommerce_thumbnail":["https:\/\/legitgrams.com\/wp-content\/uploads\/2024\/09\/Buy-THCA-Crystals-Top-Shelf-300x300.jpg",300,300,true],"woocommerce_single":["https:\/\/legitgrams.com\/wp-content\/uploads\/2024\/09\/Buy-THCA-Crystals-Top-Shelf.jpg",600,600,false],"woocommerce_gallery_thumbnail":["https:\/\/legitgrams.com\/wp-content\/uploads\/2024\/09\/Buy-THCA-Crystals-Top-Shelf-100x100.jpg",100,100,true]},"uagb_author_info":{"display_name":"cokeblog18","author_link":"https:\/\/legitgrams.com\/hu\/author\/"},"uagb_comment_info":0,"uagb_excerpt":"Purchase THCA Crystals- Top Shelf Online Top Shelf THCA Crystals for Sale Tetrahydrocannabinolic corrosive, or THCA, is a cannabis molecule that, despite preliminary research, is beginning to show promise as a therapeutic agent. You are familiar with THC, but THCA has very different qualities, even though they may sound similar. THCA is a non-inebriating cannabinoid&hellip;","_links":{"self":[{"href":"https:\/\/legitgrams.com\/hu\/wp-json\/wp\/v2\/product\/4260","targetHints":{"allow":["GET"]}}],"collection":[{"href":"https:\/\/legitgrams.com\/hu\/wp-json\/wp\/v2\/product"}],"about":[{"href":"https:\/\/legitgrams.com\/hu\/wp-json\/wp\/v2\/types\/product"}],"replies":[{"embeddable":true,"href":"https:\/\/legitgrams.com\/hu\/wp-json\/wp\/v2\/comments?post=4260"}],"wp:featuredmedia":[{"embeddable":true,"href":"https:\/\/legitgrams.com\/hu\/wp-json\/wp\/v2\/media\/5392"}],"wp:attachment":[{"href":"https:\/\/legitgrams.com\/hu\/wp-json\/wp\/v2\/media?parent=4260"}],"wp:term":[{"taxonomy":"product_brand","embeddable":true,"href":"https:\/\/legitgrams.com\/hu\/wp-json\/wp\/v2\/product_brand?post=4260"},{"taxonomy":"product_cat","embeddable":true,"href":"https:\/\/legitgrams.com\/hu\/wp-json\/wp\/v2\/product_cat?post=4260"},{"taxonomy":"product_tag","embeddable":true,"href":"https:\/\/legitgrams.com\/hu\/wp-json\/wp\/v2\/product_tag?post=4260"}],"curies":[{"name":"wp","href":"https:\/\/api.w.org\/{rel}","templated":true}]}}