{"id":4270,"date":"2024-09-22T08:08:41","date_gmt":"2024-09-22T08:08:41","guid":{"rendered":"https:\/\/legitgrams.com\/?post_type=product&#038;p=4270"},"modified":"2025-04-03T05:36:09","modified_gmt":"2025-04-03T05:36:09","slug":"rendelni-poritott-kokain-online-98-8-tiszta","status":"publish","type":"product","link":"https:\/\/legitgrams.com\/hu\/termek\/rendelni-poritott-kokain-online-98-8-tiszta\/","title":{"rendered":"V\u00e1s\u00e1roljon 98,8%-os tisztas\u00e1g\u00fa por\u00edtott kokaint online"},"content":{"rendered":"<h2>V\u00e1s\u00e1roljon \u00e9s rendeljen kokainport online.<\/h2>\n<p>A kokain legn\u00e9pszer\u0171bb form\u00e1ja a <a href=\"https:\/\/legitgrams.com\/hu\/termek\/rendelni-poritott-kokain-online-98-8-tiszta\/\">kokainpor<\/a>. For this reason, it is also referred to as a street drug. The <a href=\"https:\/\/www.bing.com\/search?q=Buy+Powdered+cocaine+online+98.8%25+pure&amp;qs=n&amp;form=QBRE&amp;sp=-1&amp;lq=0&amp;pq=buy+powdered+cocaine+online+98.8%25+pure&amp;sc=0-38&amp;sk=&amp;cvid=8EA0788297494D1E80E84D8828103EFF&amp;ghsh=0&amp;ghacc=0&amp;ghpl=\">Coca<\/a> A por el\u0151\u00e1ll\u00edt\u00e1s\u00e1hoz els\u0151sorban a d\u00e9li orsz\u00e1gokban el\u0151fordul\u00f3 n\u00f6v\u00e9nyeket haszn\u00e1lnak.<br \/>\nEz egy er\u0151s stimul\u00e1ns, amely k\u00f6zvetlen\u00fcl a k\u00f6zponti agyra hat, \u00e9s betegs\u00e9gek sz\u00e9les sk\u00e1l\u00e1j\u00e1t gy\u00f3gy\u00edtja. Az agyban l\u00e9v\u0151 specifikus vegyi anyagokat ez a stimul\u00e1ns fokozza, lehet\u0151v\u00e9 t\u00e9ve az emberi szervrendszer sz\u00e1m\u00e1ra, hogy sz\u00fcks\u00e9g szerint reag\u00e1ljon. Sz\u00e1mos el\u0151nye miatt vil\u00e1gszerte ez a legsz\u00e9lesebb k\u00f6rben haszn\u00e1lt kokainfajta.<\/p>\n<p><a href=\"https:\/\/www.bing.com\/search?q=Vsroljon988-ostisztasgportottkokaintonline&amp;qs=n&amp;form=QBRE&amp;sp=-1&amp;lq=0&amp;pq=vsroljon988-ostisztasgportottkokaintonline&amp;sc=0-54&amp;sk=&amp;cvid=1049F63E533A43E0A5F07BE951CECE8A&amp;ghsh=0&amp;ghacc=0&amp;ghpl=\">Kokain por<\/a> k\u00fcl\u00f6nb\u00f6zik a kokain egy\u00e9b form\u00e1it\u00f3l.<\/p>\n<h3>Hogyan kell bevenni a kokainport<\/h3>\n<p><a href=\"https:\/\/www.google.com\/search?q=Vsroljon+988-os+tisztasg+portott+kokaint+online&amp;sca_esv=eddefdb7b92e7545&amp;sxsrf=AHTn8zrokBjphDBjzHcv3a6AGfLZw8YOKQ1743658833576&amp;ei=UR_uZ8P3Iv7h0PEPxpmqkQw&amp;ved=0ahUKEwiD5Imrk7uMAxX-MDQIHcaMKsIQ4dUDCBA&amp;uact=5&amp;oq=Vsroljon+988-os+tisztasg+portott+kokaint+online&amp;gs_lp=Egxnd3Mtd2l6LXNlcnAiO1bDoXPDoXJvbGpvbiA5OCw4JS1vcyB0aXN6dGFzw6Fnw7ogcG9yw610b3R0IGtva2FpbnQgb25saW5lSIoKUJwFWJwFcAF4AJABAJgBlAOgAZQDqgEDNC0xuAEDyAEA-AEC-AEBmAIAoAIAmAMAiAYBkgcAoAdvsgcAuAcA&amp;sclient=gws-wiz-serp\">Kokain por<\/a> offers advantages outside of the human body. But the main reason for its success is that it presents less of a risk to human health. It is commonly used in combination with other prescription drugs like fentanyl, talc, etc. But it could be harmful to human health if used with fentanyl without supervision.<\/p>\n<p>Ez\u00e9rt egy ilyen er\u0151s pro-drog alkalmaz\u00e1sa el\u0151tt meg kell vizsg\u00e1lni. Az emberek t\u00f6bbf\u00e9lek\u00e9ppen haszn\u00e1lj\u00e1k ezt a porszer\u0171 anyagot, p\u00e9ld\u00e1ul \u00fagy, hogy egyenesen v\u00e9n\u00e1ba fecskendezik, vagy cigarettak\u00e9nt sz\u00edvj\u00e1k el. A felhaszn\u00e1l\u00e1s legjobb technik\u00e1ja az egyes szem\u00e9lyek egyedi fizikai \u00e9s ment\u00e1lis k\u00f6r\u00fclm\u00e9nyeit\u0151l f\u00fcgg. <a href=\"https:\/\/legitgrams.com\/hu\/\">LegitGrams<\/a><\/p>\n<p>B\u00e1r a por kever\u00e9se \u00fcd\u00edt\u0151italokkal egy m\u00e1sik m\u00f3dja annak, hogy egyesek haszn\u00e1lj\u00e1k, ez rendk\u00edv\u00fcl kock\u00e1zatos.<\/p>\n<h3>Gy\u00f3gy\u00e1szati c\u00e9l\u00fa kokainpor<\/h3>\n<p>Ezenk\u00edv\u00fcl a por\u00edtott kokain fokozza a v\u00e1laszrendszert: Az\u00e1ltal, hogy t\u00f6bb vegyszert ad az agyhoz, <a href=\"https:\/\/duckduckgo.com\/?q=Buy+Powdered+cocaine+online+98.8%25+pure&amp;t=h_&amp;ia=web\">kokainpor<\/a> v\u00e1laszrendszer\u00e9t is er\u0151s\u00edti. A viselked\u00e9s\u00fckben \u00e9s mozg\u00e1sukban ap\u00e1ti\u00e1ban szenved\u0151 betegek kezel\u00e9sekor az orvosok fel\u00edrj\u00e1k ezt a gy\u00f3gyszert. Elad\u00f3: hidroklorid kokain<\/p>\n<p>Az orvosok is haszn\u00e1lj\u00e1k, hogy cs\u00f6kkentse a k\u00e9nyelmetlens\u00e9get a sok seb\u00e9szeti elj\u00e1r\u00e1s sor\u00e1n. Mivel az elme sz\u00e1m\u00e1ra az \u00f6r\u00f6m \u00e9s az \u00e9leter\u0151 \u00e9rz\u00e9s\u00e9t adja, r\u00f6vid id\u0151tartama rendk\u00edv\u00fcl el\u0151ny\u00f6s az emberek sz\u00e1m\u00e1ra. Ezek a tulajdons\u00e1gok teszik vil\u00e1gszerte az emberek sz\u00e9les k\u00f6re \u00e1ltal kedvelt\u00e9.<\/p>\n<p>Mindenki k\u00f6nnyen hozz\u00e1f\u00e9rhet a kokainpor el\u00e9rhet\u0151s\u00e9g\u00e9hez az internetes piacon. Ez a k\u00fcl\u00f6nleges por rendk\u00edv\u00fcl kedvez\u0151 \u00e1ron is el\u00e9rhet\u0151 az online \u00e1ruh\u00e1zunkb\u00f3l. Ezenk\u00edv\u00fcl a lehet\u0151 leggyorsabb term\u00e9ksz\u00e1ll\u00edt\u00e1st k\u00edn\u00e1ljuk k\u00f6zvetlen\u00fcl az \u00d6n ajtaj\u00e1ig.<\/p>\n<p>V\u00e1s\u00e1rl\u00e1s 98.8% tiszta por alakban <a href=\"https:\/\/en.wikipedia.org\/wiki\/Cocaine\">kokain<\/a> online ezen a weboldalon. A kokainpor online megv\u00e1s\u00e1rolhat\u00f3. 98,8% tiszta, kokainpor online beszerz\u00e9se, Hol lehet online kokainport v\u00e1s\u00e1rolni? Online, 98,8% tiszta kokainpor A term\u00e9k 98,8% tiszta, \u00e9s online megv\u00e1s\u00e1rolhat\u00f3. Online is megv\u00e1s\u00e1rolhat\u00f3, \u00e9s t\u00f6bb helyen is beszerezhet\u0151. Elad\u00f3: 98,8% tiszta, USA, Kanada, Egyes\u00fclt Kir\u00e1lys\u00e1g, besz\u00e1ll\u00edt\u00f3k, online v\u00e1s\u00e1rl\u00e1s, biztons\u00e1gos sz\u00e1ll\u00edt\u00e1s, A kokainpor m\u00e9g mindig kaphat\u00f3 online. 98.8% tiszta, Leg\u00e1lis-e a 98.8% tiszta kokainpor online v\u00e1s\u00e1rl\u00e1sa az Egyes\u00fclt \u00c1llamokban? Hogyan rendelhetek online kokainport az Egyes\u00fclt \u00c1llamokban? Ez 98,8% tiszta. Leg\u00e1lis-e Kanad\u00e1ban 98.8% tiszta kokainpor online v\u00e1s\u00e1rl\u00e1sa?<\/p>","protected":false},"excerpt":{"rendered":"<p>Purchase and order cocaine powder online. The most popular form of cocaine is cocaine powder. For this reason, it is also referred to as a street drug. The Coca plants, which are primarily found in Southern countries, are used to make this powder. It is a potent stimulant that acts directly on the central brain &hellip;<\/p>\n<p class=\"read-more\"> <a class=\"\" href=\"https:\/\/legitgrams.com\/hu\/termek\/rendelni-poritott-kokain-online-98-8-tiszta\/\"> <span class=\"screen-reader-text\">V\u00e1s\u00e1roljon 98,8%-os tisztas\u00e1g\u00fa por\u00edtott kokaint online<\/span> Olvass tov\u00e1bb \"<\/a><\/p>","protected":false},"featured_media":5333,"comment_status":"open","ping_status":"closed","template":"","meta":{"_uag_custom_page_level_css":"","site-sidebar-layout":"default","site-content-layout":"default","ast-global-header-display":"","ast-main-header-display":"","ast-hfb-above-header-display":"","ast-hfb-below-header-display":"","ast-hfb-mobile-header-display":"","site-post-title":"","ast-breadcrumbs-content":"","ast-featured-img":"","footer-sml-layout":"","theme-transparent-header-meta":"default","adv-header-id-meta":"","stick-header-meta":"default","header-above-stick-meta":"","header-main-stick-meta":"","header-below-stick-meta":"","_joinchat":[]},"product_brand":[],"product_cat":[70],"product_tag":[1361,1351,617,1343,1358,1355,1350,1348,1342,1345,1353,1344,1346,1356,1363,1364,1362,1354,1359,1360,1357,625,1349,1352,1347],"class_list":{"0":"post-4270","1":"product","2":"type-product","3":"status-publish","4":"has-post-thumbnail","6":"product_cat-cocaine","7":"product_tag-best-cheap-price-powdered-cocaine-online-98-8-pure","8":"product_tag-best-place-to-buy-powdered-cocaine-online-98-8-pure","9":"product_tag-bulk-online","10":"product_tag-buy-powdered-cocaine-online-98-8-pure","11":"product_tag-cheap-powdered-cocaine-online-98-8-pure","12":"product_tag-high-quality-powdered-cocaine-online-98-8-pure","13":"product_tag-how-to-buy-powdered-cocaine-online-98-8-pure","14":"product_tag-order-powdered-cocaine-online-98-8-pure","15":"product_tag-powdered-cocaine-online-98-8-pure","16":"product_tag-powdered-cocaine-online-98-8-pure-for-sale","17":"product_tag-powdered-cocaine-online-98-8-pure-legally","18":"product_tag-powdered-cocaine-online-98-8-pure-online","19":"product_tag-powdered-cocaine-online-98-8-pure-powdered-cocaine-online-98-8-pure-supplier","20":"product_tag-powdered-cocaine-online-98-8-pure-store","21":"product_tag-powdered-cocaine-online-98-8-pure-use","22":"product_tag-powdered-cocaine-online-98-8-pure-wiki","23":"product_tag-powdered-cocaine-online-98-8-pure-worldwide","24":"product_tag-powdered-cocaine-online-98-8-pureprice","25":"product_tag-powdered-cocaine-online-98-8-pures","26":"product_tag-purcharse-powdered-cocaine-online-98-8-pure","27":"product_tag-shop-powdered-cocaine-online-98-8-pure","28":"product_tag-top-quality","29":"product_tag-where-to-buy-powdered-cocaine-online-98-8-pure","30":"product_tag-where-to-order-powdered-cocaine-online-98-8-pure","31":"product_tag-wholesale-powdered-cocaine-online-98-8-pure","32":"desktop-align-left","33":"tablet-align-left","34":"mobile-align-left","35":"ast-product-gallery-layout-horizontal","36":"ast-product-gallery-with-no-image","37":"ast-product-single-variable","38":"ast-product-tabs-layout-horizontal","39":"ast-qv-on-image","41":"first","42":"instock","43":"shipping-taxable","44":"purchasable","45":"product-type-variable"},"yoast_head":"<!-- This site is optimized with the Yoast SEO plugin v25.9 - https:\/\/yoast.com\/wordpress\/plugins\/seo\/ -->\n<title>Powdered Cocaine for Sale - Order Powdered Cocaine Online<\/title>\n<meta name=\"description\" content=\"Find premium Powdered Cocaine for sale at our online store, providing a secure platform to buy Powdered Cocaine online with ease, catering to your research needs.\" \/>\n<meta name=\"robots\" content=\"index, follow, max-snippet:-1, max-image-preview:large, max-video-preview:-1\" \/>\n<link rel=\"canonical\" href=\"https:\/\/legitgrams.com\/hu\/termek\/rendelni-poritott-kokain-online-98-8-tiszta\/\" \/>\n<meta property=\"og:locale\" content=\"hu_HU\" \/>\n<meta property=\"og:type\" content=\"article\" \/>\n<meta property=\"og:title\" content=\"Powdered Cocaine for Sale - Order Powdered Cocaine Online\" \/>\n<meta property=\"og:description\" content=\"Find premium Powdered Cocaine for sale at our online store, providing a secure platform to buy Powdered Cocaine online with ease, catering to your research needs.\" \/>\n<meta property=\"og:url\" content=\"https:\/\/legitgrams.com\/hu\/termek\/rendelni-poritott-kokain-online-98-8-tiszta\/\" \/>\n<meta property=\"og:site_name\" content=\"Legit Grams\" \/>\n<meta property=\"article:modified_time\" content=\"2025-04-03T05:36:09+00:00\" \/>\n<meta property=\"og:image\" content=\"https:\/\/legitgrams.com\/wp-content\/uploads\/2024\/09\/order-powdered-cocaine-online-98-8-pure.jpg\" \/>\n\t<meta property=\"og:image:width\" content=\"600\" \/>\n\t<meta property=\"og:image:height\" content=\"600\" \/>\n\t<meta property=\"og:image:type\" content=\"image\/jpeg\" \/>\n<meta name=\"twitter:card\" content=\"summary_large_image\" \/>\n<meta name=\"twitter:label1\" content=\"Becs\u00fclt olvas\u00e1si id\u0151\" \/>\n\t<meta name=\"twitter:data1\" content=\"3 perc\" \/>\n<script type=\"application\/ld+json\" class=\"yoast-schema-graph\">{\"@context\":\"https:\/\/schema.org\",\"@graph\":[{\"@type\":\"WebPage\",\"@id\":\"https:\/\/legitgrams.com\/product\/order-powdered-cocaine-online-98-8-pure\/\",\"url\":\"https:\/\/legitgrams.com\/product\/order-powdered-cocaine-online-98-8-pure\/\",\"name\":\"Powdered Cocaine for Sale - Order Powdered Cocaine Online\",\"isPartOf\":{\"@id\":\"https:\/\/legitgrams.com\/#website\"},\"primaryImageOfPage\":{\"@id\":\"https:\/\/legitgrams.com\/product\/order-powdered-cocaine-online-98-8-pure\/#primaryimage\"},\"image\":{\"@id\":\"https:\/\/legitgrams.com\/product\/order-powdered-cocaine-online-98-8-pure\/#primaryimage\"},\"thumbnailUrl\":\"https:\/\/legitgrams.com\/wp-content\/uploads\/2024\/09\/order-powdered-cocaine-online-98-8-pure.jpg\",\"datePublished\":\"2024-09-22T08:08:41+00:00\",\"dateModified\":\"2025-04-03T05:36:09+00:00\",\"description\":\"Find premium Powdered Cocaine for sale at our online store, providing a secure platform to buy Powdered Cocaine online with ease, catering to your research needs.\",\"breadcrumb\":{\"@id\":\"https:\/\/legitgrams.com\/product\/order-powdered-cocaine-online-98-8-pure\/#breadcrumb\"},\"inLanguage\":\"hu\",\"potentialAction\":[{\"@type\":\"ReadAction\",\"target\":[\"https:\/\/legitgrams.com\/product\/order-powdered-cocaine-online-98-8-pure\/\"]}]},{\"@type\":\"ImageObject\",\"inLanguage\":\"hu\",\"@id\":\"https:\/\/legitgrams.com\/product\/order-powdered-cocaine-online-98-8-pure\/#primaryimage\",\"url\":\"https:\/\/legitgrams.com\/wp-content\/uploads\/2024\/09\/order-powdered-cocaine-online-98-8-pure.jpg\",\"contentUrl\":\"https:\/\/legitgrams.com\/wp-content\/uploads\/2024\/09\/order-powdered-cocaine-online-98-8-pure.jpg\",\"width\":600,\"height\":600,\"caption\":\"Powdered Cocaine for Sale\"},{\"@type\":\"BreadcrumbList\",\"@id\":\"https:\/\/legitgrams.com\/product\/order-powdered-cocaine-online-98-8-pure\/#breadcrumb\",\"itemListElement\":[{\"@type\":\"ListItem\",\"position\":1,\"name\":\"Home\",\"item\":\"https:\/\/legitgrams.com\/\"},{\"@type\":\"ListItem\",\"position\":2,\"name\":\"Shop\",\"item\":\"https:\/\/legitgrams.com\/shop\/\"},{\"@type\":\"ListItem\",\"position\":3,\"name\":\"Buy Powdered cocaine online 98.8% pure\"}]},{\"@type\":\"WebSite\",\"@id\":\"https:\/\/legitgrams.com\/#website\",\"url\":\"https:\/\/legitgrams.com\/\",\"name\":\"Legit Grams\",\"description\":\"My WordPress Blog\",\"publisher\":{\"@id\":\"https:\/\/legitgrams.com\/#organization\"},\"potentialAction\":[{\"@type\":\"SearchAction\",\"target\":{\"@type\":\"EntryPoint\",\"urlTemplate\":\"https:\/\/legitgrams.com\/?s={search_term_string}\"},\"query-input\":{\"@type\":\"PropertyValueSpecification\",\"valueRequired\":true,\"valueName\":\"search_term_string\"}}],\"inLanguage\":\"hu\"},{\"@type\":\"Organization\",\"@id\":\"https:\/\/legitgrams.com\/#organization\",\"name\":\"Legit Grams\",\"url\":\"https:\/\/legitgrams.com\/\",\"logo\":{\"@type\":\"ImageObject\",\"inLanguage\":\"hu\",\"@id\":\"https:\/\/legitgrams.com\/#\/schema\/logo\/image\/\",\"url\":\"https:\/\/legitgrams.com\/wp-content\/uploads\/2024\/09\/main-logo.png\",\"contentUrl\":\"https:\/\/legitgrams.com\/wp-content\/uploads\/2024\/09\/main-logo.png\",\"width\":270,\"height\":75,\"caption\":\"Legit Grams\"},\"image\":{\"@id\":\"https:\/\/legitgrams.com\/#\/schema\/logo\/image\/\"}}]}<\/script>\n<!-- \/ Yoast SEO plugin. -->","yoast_head_json":{"title":"Kokain por elad\u00f3 - Rendeljen por\u00edtott kokaint Online","description":"Keresse meg a pr\u00e9mium min\u0151s\u00e9g\u0171 elad\u00f3 kokainport az online \u00e1ruh\u00e1zunkban, amely biztons\u00e1gos platformot biztos\u00edt a kokainpor online v\u00e1s\u00e1rl\u00e1s\u00e1hoz, k\u00f6nnyed\u00e9n, az \u00d6n kutat\u00e1si ig\u00e9nyeinek kiel\u00e9g\u00edt\u00e9s\u00e9re.","robots":{"index":"index","follow":"follow","max-snippet":"max-snippet:-1","max-image-preview":"max-image-preview:large","max-video-preview":"max-video-preview:-1"},"canonical":"https:\/\/legitgrams.com\/hu\/termek\/rendelni-poritott-kokain-online-98-8-tiszta\/","og_locale":"hu_HU","og_type":"article","og_title":"Powdered Cocaine for Sale - Order Powdered Cocaine Online","og_description":"Find premium Powdered Cocaine for sale at our online store, providing a secure platform to buy Powdered Cocaine online with ease, catering to your research needs.","og_url":"https:\/\/legitgrams.com\/hu\/termek\/rendelni-poritott-kokain-online-98-8-tiszta\/","og_site_name":"Legit Grams","article_modified_time":"2025-04-03T05:36:09+00:00","og_image":[{"width":600,"height":600,"url":"https:\/\/legitgrams.com\/wp-content\/uploads\/2024\/09\/order-powdered-cocaine-online-98-8-pure.jpg","type":"image\/jpeg"}],"twitter_card":"summary_large_image","twitter_misc":{"Becs\u00fclt olvas\u00e1si id\u0151":"3 perc"},"schema":{"@context":"https:\/\/schema.org","@graph":[{"@type":"WebPage","@id":"https:\/\/legitgrams.com\/product\/order-powdered-cocaine-online-98-8-pure\/","url":"https:\/\/legitgrams.com\/product\/order-powdered-cocaine-online-98-8-pure\/","name":"Kokain por elad\u00f3 - Rendeljen por\u00edtott kokaint Online","isPartOf":{"@id":"https:\/\/legitgrams.com\/#website"},"primaryImageOfPage":{"@id":"https:\/\/legitgrams.com\/product\/order-powdered-cocaine-online-98-8-pure\/#primaryimage"},"image":{"@id":"https:\/\/legitgrams.com\/product\/order-powdered-cocaine-online-98-8-pure\/#primaryimage"},"thumbnailUrl":"https:\/\/legitgrams.com\/wp-content\/uploads\/2024\/09\/order-powdered-cocaine-online-98-8-pure.jpg","datePublished":"2024-09-22T08:08:41+00:00","dateModified":"2025-04-03T05:36:09+00:00","description":"Keresse meg a pr\u00e9mium min\u0151s\u00e9g\u0171 elad\u00f3 kokainport az online \u00e1ruh\u00e1zunkban, amely biztons\u00e1gos platformot biztos\u00edt a kokainpor online v\u00e1s\u00e1rl\u00e1s\u00e1hoz, k\u00f6nnyed\u00e9n, az \u00d6n kutat\u00e1si ig\u00e9nyeinek kiel\u00e9g\u00edt\u00e9s\u00e9re.","breadcrumb":{"@id":"https:\/\/legitgrams.com\/product\/order-powdered-cocaine-online-98-8-pure\/#breadcrumb"},"inLanguage":"hu","potentialAction":[{"@type":"ReadAction","target":["https:\/\/legitgrams.com\/product\/order-powdered-cocaine-online-98-8-pure\/"]}]},{"@type":"ImageObject","inLanguage":"hu","@id":"https:\/\/legitgrams.com\/product\/order-powdered-cocaine-online-98-8-pure\/#primaryimage","url":"https:\/\/legitgrams.com\/wp-content\/uploads\/2024\/09\/order-powdered-cocaine-online-98-8-pure.jpg","contentUrl":"https:\/\/legitgrams.com\/wp-content\/uploads\/2024\/09\/order-powdered-cocaine-online-98-8-pure.jpg","width":600,"height":600,"caption":"Powdered Cocaine for Sale"},{"@type":"BreadcrumbList","@id":"https:\/\/legitgrams.com\/product\/order-powdered-cocaine-online-98-8-pure\/#breadcrumb","itemListElement":[{"@type":"ListItem","position":1,"name":"Home","item":"https:\/\/legitgrams.com\/"},{"@type":"ListItem","position":2,"name":"Shop","item":"https:\/\/legitgrams.com\/shop\/"},{"@type":"ListItem","position":3,"name":"Buy Powdered cocaine online 98.8% pure"}]},{"@type":"WebSite","@id":"https:\/\/legitgrams.com\/#website","url":"https:\/\/legitgrams.com\/","name":"Legit Grams","description":"Az \u00e9n WordPress blogom","publisher":{"@id":"https:\/\/legitgrams.com\/#organization"},"potentialAction":[{"@type":"SearchAction","target":{"@type":"EntryPoint","urlTemplate":"https:\/\/legitgrams.com\/?s={search_term_string}"},"query-input":{"@type":"PropertyValueSpecification","valueRequired":true,"valueName":"search_term_string"}}],"inLanguage":"hu"},{"@type":"Organization","@id":"https:\/\/legitgrams.com\/#organization","name":"Legit Grams","url":"https:\/\/legitgrams.com\/","logo":{"@type":"ImageObject","inLanguage":"hu","@id":"https:\/\/legitgrams.com\/#\/schema\/logo\/image\/","url":"https:\/\/legitgrams.com\/wp-content\/uploads\/2024\/09\/main-logo.png","contentUrl":"https:\/\/legitgrams.com\/wp-content\/uploads\/2024\/09\/main-logo.png","width":270,"height":75,"caption":"Legit Grams"},"image":{"@id":"https:\/\/legitgrams.com\/#\/schema\/logo\/image\/"}}]}},"uagb_featured_image_src":{"full":["https:\/\/legitgrams.com\/wp-content\/uploads\/2024\/09\/order-powdered-cocaine-online-98-8-pure.jpg",600,600,false],"thumbnail":["https:\/\/legitgrams.com\/wp-content\/uploads\/2024\/09\/order-powdered-cocaine-online-98-8-pure-150x150.jpg",150,150,true],"medium":["https:\/\/legitgrams.com\/wp-content\/uploads\/2024\/09\/order-powdered-cocaine-online-98-8-pure-300x300.jpg",300,300,true],"medium_large":["https:\/\/legitgrams.com\/wp-content\/uploads\/2024\/09\/order-powdered-cocaine-online-98-8-pure.jpg",600,600,false],"large":["https:\/\/legitgrams.com\/wp-content\/uploads\/2024\/09\/order-powdered-cocaine-online-98-8-pure.jpg",600,600,false],"1536x1536":["https:\/\/legitgrams.com\/wp-content\/uploads\/2024\/09\/order-powdered-cocaine-online-98-8-pure.jpg",600,600,false],"2048x2048":["https:\/\/legitgrams.com\/wp-content\/uploads\/2024\/09\/order-powdered-cocaine-online-98-8-pure.jpg",600,600,false],"trp-custom-language-flag":["https:\/\/legitgrams.com\/wp-content\/uploads\/2024\/09\/order-powdered-cocaine-online-98-8-pure-12x12.jpg",12,12,true],"woocommerce_thumbnail":["https:\/\/legitgrams.com\/wp-content\/uploads\/2024\/09\/order-powdered-cocaine-online-98-8-pure-300x300.jpg",300,300,true],"woocommerce_single":["https:\/\/legitgrams.com\/wp-content\/uploads\/2024\/09\/order-powdered-cocaine-online-98-8-pure.jpg",600,600,false],"woocommerce_gallery_thumbnail":["https:\/\/legitgrams.com\/wp-content\/uploads\/2024\/09\/order-powdered-cocaine-online-98-8-pure-100x100.jpg",100,100,true]},"uagb_author_info":{"display_name":"cokeblog18","author_link":"https:\/\/legitgrams.com\/hu\/author\/"},"uagb_comment_info":0,"uagb_excerpt":"Purchase and order cocaine powder online. The most popular form of cocaine is cocaine powder. For this reason, it is also referred to as a street drug. The Coca plants, which are primarily found in Southern countries, are used to make this powder. It is a potent stimulant that acts directly on the central brain&hellip;","_links":{"self":[{"href":"https:\/\/legitgrams.com\/hu\/wp-json\/wp\/v2\/product\/4270","targetHints":{"allow":["GET"]}}],"collection":[{"href":"https:\/\/legitgrams.com\/hu\/wp-json\/wp\/v2\/product"}],"about":[{"href":"https:\/\/legitgrams.com\/hu\/wp-json\/wp\/v2\/types\/product"}],"replies":[{"embeddable":true,"href":"https:\/\/legitgrams.com\/hu\/wp-json\/wp\/v2\/comments?post=4270"}],"wp:featuredmedia":[{"embeddable":true,"href":"https:\/\/legitgrams.com\/hu\/wp-json\/wp\/v2\/media\/5333"}],"wp:attachment":[{"href":"https:\/\/legitgrams.com\/hu\/wp-json\/wp\/v2\/media?parent=4270"}],"wp:term":[{"taxonomy":"product_brand","embeddable":true,"href":"https:\/\/legitgrams.com\/hu\/wp-json\/wp\/v2\/product_brand?post=4270"},{"taxonomy":"product_cat","embeddable":true,"href":"https:\/\/legitgrams.com\/hu\/wp-json\/wp\/v2\/product_cat?post=4270"},{"taxonomy":"product_tag","embeddable":true,"href":"https:\/\/legitgrams.com\/hu\/wp-json\/wp\/v2\/product_tag?post=4270"}],"curies":[{"name":"wp","href":"https:\/\/api.w.org\/{rel}","templated":true}]}}