{"id":4271,"date":"2024-09-22T08:12:26","date_gmt":"2024-09-22T08:12:26","guid":{"rendered":"https:\/\/legitgrams.com\/?post_type=product&#038;p=4271"},"modified":"2025-01-14T07:13:04","modified_gmt":"2025-01-14T07:13:04","slug":"ketamin-por","status":"publish","type":"product","link":"https:\/\/legitgrams.com\/hu\/termek\/ketamin-por\/","title":{"rendered":"Ketamin por"},"content":{"rendered":"<h2>V\u00e1s\u00e1roljon ketamin port online<\/h2>\n<p>V\u00e1s\u00e1rl\u00e1s <a href=\"https:\/\/legitgrams.com\/hu\/termek\/ketamin-por\/\">Krist\u00e1ly ketamin<\/a> egy hallucinog\u00e9n, ami miatt az ember elvesz\u00edti kapcsolat\u00e1t a val\u00f3s\u00e1ggal. Az \u00e1llatorvosi szolg\u00e1lat az utc\u00e1n eladott ketamin nagy r\u00e9sz\u00e9t elterelte. A ketamin \u00e9s a PCP k\u00f6zel azonos k\u00e9miai szerkezettel \u00e9s hat\u00e1sm\u00f3ddal rendelkezik.<\/p>\n<p>Ezenk\u00edv\u00fcl a hallucinog\u00e9neket \u00e9s a r\u00f6vid hat\u00e1s\u00fa disszociat\u00edv \u00e9rz\u00e9stelen\u00edt\u0151ket gyakran alkalmazz\u00e1k az orvostudom\u00e1nyban. Gyakran \u00e9rz\u00e9stelen\u00edt\u0151 mennyis\u00e9gben adj\u00e1k be sz\u00f3rakoztat\u00e1s c\u00e9lj\u00e1b\u00f3l, \u00e9s prototipikus disszociat\u00edv gy\u00f3gyszer. A nagyobb mennyis\u00e9gek megb\u00e9n\u00edtj\u00e1k \u00e9s pszichedelikus \u00e9lm\u00e9nyt okoznak, m\u00edg a kisebb adagok az alkoholhoz hasonl\u00edtanak: \u201eK-lyuk\u201d. V\u00e1s\u00e1roljon ketamin krist\u00e1lyokat. <a href=\"https:\/\/legitgrams.com\/hu\/\">LegitGrams<\/a><\/p>\n<p>Hol lehet ketamin port v\u00e1s\u00e1rolni: USA, Kanada, Egyes\u00fclt Kir\u00e1lys\u00e1g, besz\u00e1ll\u00edt\u00f3k, biztons\u00e1gos sz\u00e1ll\u00edt\u00e1s, hol v\u00e1s\u00e1rolhat ketamin port, ketamin port, \u00e9s hogyan v\u00e1s\u00e1rolhat por\u00edtott ketamint online elad\u00e1sra, hol v\u00e1s\u00e1rolhat ketaminport online, hol v\u00e1s\u00e1rolhat port online, por\u00edtott ketamin tov\u00e1bbra is megv\u00e1s\u00e1rolhat\u00f3. Elfogadhat\u00f3 a ketamin por online v\u00e1s\u00e1rl\u00e1sa az Egyes\u00fclt \u00c1llamokban? Leg\u00e1lis-e ketamin port rendelni Kanad\u00e1ban, \u00e9s hogyan tudom ezt megtenni? V\u00e1s\u00e1roljon por\u00edtott ketamint online: V\u00e1s\u00e1roljon por\u00edtott ketamint online, hol v\u00e1s\u00e1rolhat ketaminport online, hol v\u00e1s\u00e1rolhat <a href=\"https:\/\/en.wikipedia.org\/wiki\/Ketamine\">Ketamin<\/a> Powder Online, USA, Kanada, Egyes\u00fclt Kir\u00e1lys\u00e1g, v\u00e1s\u00e1rl\u00e1s, besz\u00e1ll\u00edt\u00f3k, online, biztons\u00e1gos sz\u00e1ll\u00edt\u00e1s, A por alak\u00fa ketamin tov\u00e1bbra is el\u00e9rhet\u0151. Ezenk\u00edv\u00fcl megtudhatja, hogyan rendelhet ketaminport, leg\u00e1lis-e Kanad\u00e1ban, \u00e9s hogy leg\u00e1lis-e az Egyes\u00fclt \u00c1llamokban.<\/p>\n<h2><\/h2>\n<h2><\/h2>\n<p>&nbsp;<\/p>","protected":false},"excerpt":{"rendered":"<p>Purchase Ketamine Powder Online Purchase Crystal Ketamine is a hallucinogen that causes a person to lose touch with reality. The veterinary service has diverted the majority of the ketamine sold on the street. Ketamine and PCP have nearly identical chemical structures and modes of action. Additionally, hallucinogens and short-acting dissociative anesthetics are commonly employed in &hellip;<\/p>\n<p class=\"read-more\"> <a class=\"\" href=\"https:\/\/legitgrams.com\/hu\/termek\/ketamin-por\/\"> <span class=\"screen-reader-text\">Ketamin por<\/span> Olvass tov\u00e1bb \"<\/a><\/p>","protected":false},"featured_media":5183,"comment_status":"open","ping_status":"closed","template":"","meta":{"_uag_custom_page_level_css":"","site-sidebar-layout":"default","site-content-layout":"default","ast-global-header-display":"","ast-main-header-display":"","ast-hfb-above-header-display":"","ast-hfb-below-header-display":"","ast-hfb-mobile-header-display":"","site-post-title":"","ast-breadcrumbs-content":"","ast-featured-img":"","footer-sml-layout":"","theme-transparent-header-meta":"default","adv-header-id-meta":"","stick-header-meta":"default","header-above-stick-meta":"","header-main-stick-meta":"","header-below-stick-meta":"","_joinchat":[]},"product_brand":[],"product_cat":[595],"product_tag":[1338,1328,617,1320,1335,1332,1327,1319,1322,1323,1330,1321,1333,1340,1341,1339,1331,1336,1325,1337,1334,625,1326,1329,1324],"class_list":{"0":"post-4271","1":"product","2":"type-product","3":"status-publish","4":"has-post-thumbnail","6":"product_cat-psychedelic-drugs","7":"product_tag-best-cheap-price-ketamine-powder","8":"product_tag-best-place-to-buy-ketamine-powder","9":"product_tag-bulk-online","10":"product_tag-buy-ketamine-powder","11":"product_tag-cheap-ketamine-powder","12":"product_tag-high-quality-ketamine-powder","13":"product_tag-how-to-buy-ketamine-powder","14":"product_tag-ketamine-powder","15":"product_tag-ketamine-powder-for-sale","16":"product_tag-ketamine-powder-ketamine-powder-supplier","17":"product_tag-ketamine-powder-legally","18":"product_tag-ketamine-powder-online","19":"product_tag-ketamine-powder-store","20":"product_tag-ketamine-powder-use","21":"product_tag-ketamine-powder-wiki","22":"product_tag-ketamine-powder-worldwide","23":"product_tag-ketamine-powderprice","24":"product_tag-ketamine-powders","25":"product_tag-order-ketamine-powder","26":"product_tag-purcharse-ketamine-powder","27":"product_tag-shop-ketamine-powder","28":"product_tag-top-quality","29":"product_tag-where-to-buy-ketamine-powder","30":"product_tag-where-to-order-ketamine-powder","31":"product_tag-wholesale-ketamine-powder","32":"desktop-align-left","33":"tablet-align-left","34":"mobile-align-left","35":"ast-product-gallery-layout-horizontal","36":"ast-product-gallery-with-no-image","37":"ast-product-single-variable","38":"ast-product-tabs-layout-horizontal","39":"ast-qv-on-image","41":"first","42":"instock","43":"shipping-taxable","44":"purchasable","45":"product-type-variable"},"yoast_head":"<!-- This site is optimized with the Yoast SEO plugin v25.9 - https:\/\/yoast.com\/wordpress\/plugins\/seo\/ -->\n<title>Ketamine Powder for Sale - Order Ketamine Powder Online<\/title>\n<meta name=\"description\" content=\"You can get in touch with our Legitgrams store and buy Ketamine Powder online. We have Ketamine Powder for sale at cheap prices. Get yours at your place right away!\" \/>\n<meta name=\"robots\" content=\"index, follow, max-snippet:-1, max-image-preview:large, max-video-preview:-1\" \/>\n<link rel=\"canonical\" href=\"https:\/\/legitgrams.com\/hu\/termek\/ketamin-por\/\" \/>\n<meta property=\"og:locale\" content=\"hu_HU\" \/>\n<meta property=\"og:type\" content=\"article\" \/>\n<meta property=\"og:title\" content=\"Ketamine Powder for Sale - Order Ketamine Powder Online\" \/>\n<meta property=\"og:description\" content=\"You can get in touch with our Legitgrams store and buy Ketamine Powder online. We have Ketamine Powder for sale at cheap prices. Get yours at your place right away!\" \/>\n<meta property=\"og:url\" content=\"https:\/\/legitgrams.com\/hu\/termek\/ketamin-por\/\" \/>\n<meta property=\"og:site_name\" content=\"Legit Grams\" \/>\n<meta property=\"article:modified_time\" content=\"2025-01-14T07:13:04+00:00\" \/>\n<meta property=\"og:image\" content=\"https:\/\/legitgrams.com\/wp-content\/uploads\/2024\/09\/ketamine-powder.jpg\" \/>\n\t<meta property=\"og:image:width\" content=\"600\" \/>\n\t<meta property=\"og:image:height\" content=\"600\" \/>\n\t<meta property=\"og:image:type\" content=\"image\/jpeg\" \/>\n<meta name=\"twitter:card\" content=\"summary_large_image\" \/>\n<meta name=\"twitter:label1\" content=\"Becs\u00fclt olvas\u00e1si id\u0151\" \/>\n\t<meta name=\"twitter:data1\" content=\"3 perc\" \/>\n<script type=\"application\/ld+json\" class=\"yoast-schema-graph\">{\"@context\":\"https:\/\/schema.org\",\"@graph\":[{\"@type\":\"WebPage\",\"@id\":\"https:\/\/legitgrams.com\/product\/ketamine-powder\/\",\"url\":\"https:\/\/legitgrams.com\/product\/ketamine-powder\/\",\"name\":\"Ketamine Powder for Sale - Order Ketamine Powder Online\",\"isPartOf\":{\"@id\":\"https:\/\/legitgrams.com\/#website\"},\"primaryImageOfPage\":{\"@id\":\"https:\/\/legitgrams.com\/product\/ketamine-powder\/#primaryimage\"},\"image\":{\"@id\":\"https:\/\/legitgrams.com\/product\/ketamine-powder\/#primaryimage\"},\"thumbnailUrl\":\"https:\/\/legitgrams.com\/wp-content\/uploads\/2024\/09\/ketamine-powder.jpg\",\"datePublished\":\"2024-09-22T08:12:26+00:00\",\"dateModified\":\"2025-01-14T07:13:04+00:00\",\"description\":\"You can get in touch with our Legitgrams store and buy Ketamine Powder online. We have Ketamine Powder for sale at cheap prices. Get yours at your place right away!\",\"breadcrumb\":{\"@id\":\"https:\/\/legitgrams.com\/product\/ketamine-powder\/#breadcrumb\"},\"inLanguage\":\"hu\",\"potentialAction\":[{\"@type\":\"ReadAction\",\"target\":[\"https:\/\/legitgrams.com\/product\/ketamine-powder\/\"]}]},{\"@type\":\"ImageObject\",\"inLanguage\":\"hu\",\"@id\":\"https:\/\/legitgrams.com\/product\/ketamine-powder\/#primaryimage\",\"url\":\"https:\/\/legitgrams.com\/wp-content\/uploads\/2024\/09\/ketamine-powder.jpg\",\"contentUrl\":\"https:\/\/legitgrams.com\/wp-content\/uploads\/2024\/09\/ketamine-powder.jpg\",\"width\":600,\"height\":600,\"caption\":\"Ketamine Powder for Sale\"},{\"@type\":\"BreadcrumbList\",\"@id\":\"https:\/\/legitgrams.com\/product\/ketamine-powder\/#breadcrumb\",\"itemListElement\":[{\"@type\":\"ListItem\",\"position\":1,\"name\":\"Home\",\"item\":\"https:\/\/legitgrams.com\/\"},{\"@type\":\"ListItem\",\"position\":2,\"name\":\"Shop\",\"item\":\"https:\/\/legitgrams.com\/shop\/\"},{\"@type\":\"ListItem\",\"position\":3,\"name\":\"Ketamine Powder\"}]},{\"@type\":\"WebSite\",\"@id\":\"https:\/\/legitgrams.com\/#website\",\"url\":\"https:\/\/legitgrams.com\/\",\"name\":\"Legit Grams\",\"description\":\"My WordPress Blog\",\"publisher\":{\"@id\":\"https:\/\/legitgrams.com\/#organization\"},\"potentialAction\":[{\"@type\":\"SearchAction\",\"target\":{\"@type\":\"EntryPoint\",\"urlTemplate\":\"https:\/\/legitgrams.com\/?s={search_term_string}\"},\"query-input\":{\"@type\":\"PropertyValueSpecification\",\"valueRequired\":true,\"valueName\":\"search_term_string\"}}],\"inLanguage\":\"hu\"},{\"@type\":\"Organization\",\"@id\":\"https:\/\/legitgrams.com\/#organization\",\"name\":\"Legit Grams\",\"url\":\"https:\/\/legitgrams.com\/\",\"logo\":{\"@type\":\"ImageObject\",\"inLanguage\":\"hu\",\"@id\":\"https:\/\/legitgrams.com\/#\/schema\/logo\/image\/\",\"url\":\"https:\/\/legitgrams.com\/wp-content\/uploads\/2024\/09\/main-logo.png\",\"contentUrl\":\"https:\/\/legitgrams.com\/wp-content\/uploads\/2024\/09\/main-logo.png\",\"width\":270,\"height\":75,\"caption\":\"Legit Grams\"},\"image\":{\"@id\":\"https:\/\/legitgrams.com\/#\/schema\/logo\/image\/\"}}]}<\/script>\n<!-- \/ Yoast SEO plugin. -->","yoast_head_json":{"title":"Ketamin por elad\u00f3 - Ketamin por rendel\u00e9se online","description":"Kapcsolatba l\u00e9phet a Legitgrams \u00e1ruh\u00e1zunkkal, \u00e9s megv\u00e1s\u00e1rolhatja a Ketamine Powdert online. Van ketamin por elad\u00f3 olcs\u00f3 \u00e1ron. Szerezd meg a ti\u00e9det a helyedben azonnal!","robots":{"index":"index","follow":"follow","max-snippet":"max-snippet:-1","max-image-preview":"max-image-preview:large","max-video-preview":"max-video-preview:-1"},"canonical":"https:\/\/legitgrams.com\/hu\/termek\/ketamin-por\/","og_locale":"hu_HU","og_type":"article","og_title":"Ketamine Powder for Sale - Order Ketamine Powder Online","og_description":"You can get in touch with our Legitgrams store and buy Ketamine Powder online. We have Ketamine Powder for sale at cheap prices. Get yours at your place right away!","og_url":"https:\/\/legitgrams.com\/hu\/termek\/ketamin-por\/","og_site_name":"Legit Grams","article_modified_time":"2025-01-14T07:13:04+00:00","og_image":[{"width":600,"height":600,"url":"https:\/\/legitgrams.com\/wp-content\/uploads\/2024\/09\/ketamine-powder.jpg","type":"image\/jpeg"}],"twitter_card":"summary_large_image","twitter_misc":{"Becs\u00fclt olvas\u00e1si id\u0151":"3 perc"},"schema":{"@context":"https:\/\/schema.org","@graph":[{"@type":"WebPage","@id":"https:\/\/legitgrams.com\/product\/ketamine-powder\/","url":"https:\/\/legitgrams.com\/product\/ketamine-powder\/","name":"Ketamin por elad\u00f3 - Ketamin por rendel\u00e9se online","isPartOf":{"@id":"https:\/\/legitgrams.com\/#website"},"primaryImageOfPage":{"@id":"https:\/\/legitgrams.com\/product\/ketamine-powder\/#primaryimage"},"image":{"@id":"https:\/\/legitgrams.com\/product\/ketamine-powder\/#primaryimage"},"thumbnailUrl":"https:\/\/legitgrams.com\/wp-content\/uploads\/2024\/09\/ketamine-powder.jpg","datePublished":"2024-09-22T08:12:26+00:00","dateModified":"2025-01-14T07:13:04+00:00","description":"Kapcsolatba l\u00e9phet a Legitgrams \u00e1ruh\u00e1zunkkal, \u00e9s megv\u00e1s\u00e1rolhatja a Ketamine Powdert online. Van ketamin por elad\u00f3 olcs\u00f3 \u00e1ron. Szerezd meg a ti\u00e9det a helyedben azonnal!","breadcrumb":{"@id":"https:\/\/legitgrams.com\/product\/ketamine-powder\/#breadcrumb"},"inLanguage":"hu","potentialAction":[{"@type":"ReadAction","target":["https:\/\/legitgrams.com\/product\/ketamine-powder\/"]}]},{"@type":"ImageObject","inLanguage":"hu","@id":"https:\/\/legitgrams.com\/product\/ketamine-powder\/#primaryimage","url":"https:\/\/legitgrams.com\/wp-content\/uploads\/2024\/09\/ketamine-powder.jpg","contentUrl":"https:\/\/legitgrams.com\/wp-content\/uploads\/2024\/09\/ketamine-powder.jpg","width":600,"height":600,"caption":"Ketamine Powder for Sale"},{"@type":"BreadcrumbList","@id":"https:\/\/legitgrams.com\/product\/ketamine-powder\/#breadcrumb","itemListElement":[{"@type":"ListItem","position":1,"name":"Home","item":"https:\/\/legitgrams.com\/"},{"@type":"ListItem","position":2,"name":"Shop","item":"https:\/\/legitgrams.com\/shop\/"},{"@type":"ListItem","position":3,"name":"Ketamine Powder"}]},{"@type":"WebSite","@id":"https:\/\/legitgrams.com\/#website","url":"https:\/\/legitgrams.com\/","name":"Legit Grams","description":"Az \u00e9n WordPress blogom","publisher":{"@id":"https:\/\/legitgrams.com\/#organization"},"potentialAction":[{"@type":"SearchAction","target":{"@type":"EntryPoint","urlTemplate":"https:\/\/legitgrams.com\/?s={search_term_string}"},"query-input":{"@type":"PropertyValueSpecification","valueRequired":true,"valueName":"search_term_string"}}],"inLanguage":"hu"},{"@type":"Organization","@id":"https:\/\/legitgrams.com\/#organization","name":"Legit Grams","url":"https:\/\/legitgrams.com\/","logo":{"@type":"ImageObject","inLanguage":"hu","@id":"https:\/\/legitgrams.com\/#\/schema\/logo\/image\/","url":"https:\/\/legitgrams.com\/wp-content\/uploads\/2024\/09\/main-logo.png","contentUrl":"https:\/\/legitgrams.com\/wp-content\/uploads\/2024\/09\/main-logo.png","width":270,"height":75,"caption":"Legit Grams"},"image":{"@id":"https:\/\/legitgrams.com\/#\/schema\/logo\/image\/"}}]}},"uagb_featured_image_src":{"full":["https:\/\/legitgrams.com\/wp-content\/uploads\/2024\/09\/ketamine-powder.jpg",600,600,false],"thumbnail":["https:\/\/legitgrams.com\/wp-content\/uploads\/2024\/09\/ketamine-powder-150x150.jpg",150,150,true],"medium":["https:\/\/legitgrams.com\/wp-content\/uploads\/2024\/09\/ketamine-powder-300x300.jpg",300,300,true],"medium_large":["https:\/\/legitgrams.com\/wp-content\/uploads\/2024\/09\/ketamine-powder.jpg",600,600,false],"large":["https:\/\/legitgrams.com\/wp-content\/uploads\/2024\/09\/ketamine-powder.jpg",600,600,false],"1536x1536":["https:\/\/legitgrams.com\/wp-content\/uploads\/2024\/09\/ketamine-powder.jpg",600,600,false],"2048x2048":["https:\/\/legitgrams.com\/wp-content\/uploads\/2024\/09\/ketamine-powder.jpg",600,600,false],"trp-custom-language-flag":["https:\/\/legitgrams.com\/wp-content\/uploads\/2024\/09\/ketamine-powder-12x12.jpg",12,12,true],"woocommerce_thumbnail":["https:\/\/legitgrams.com\/wp-content\/uploads\/2024\/09\/ketamine-powder-300x300.jpg",300,300,true],"woocommerce_single":["https:\/\/legitgrams.com\/wp-content\/uploads\/2024\/09\/ketamine-powder.jpg",600,600,false],"woocommerce_gallery_thumbnail":["https:\/\/legitgrams.com\/wp-content\/uploads\/2024\/09\/ketamine-powder-100x100.jpg",100,100,true]},"uagb_author_info":{"display_name":"cokeblog18","author_link":"https:\/\/legitgrams.com\/hu\/author\/"},"uagb_comment_info":0,"uagb_excerpt":"Purchase Ketamine Powder Online Purchase Crystal Ketamine is a hallucinogen that causes a person to lose touch with reality. The veterinary service has diverted the majority of the ketamine sold on the street. Ketamine and PCP have nearly identical chemical structures and modes of action. Additionally, hallucinogens and short-acting dissociative anesthetics are commonly employed in&hellip;","_links":{"self":[{"href":"https:\/\/legitgrams.com\/hu\/wp-json\/wp\/v2\/product\/4271","targetHints":{"allow":["GET"]}}],"collection":[{"href":"https:\/\/legitgrams.com\/hu\/wp-json\/wp\/v2\/product"}],"about":[{"href":"https:\/\/legitgrams.com\/hu\/wp-json\/wp\/v2\/types\/product"}],"replies":[{"embeddable":true,"href":"https:\/\/legitgrams.com\/hu\/wp-json\/wp\/v2\/comments?post=4271"}],"wp:featuredmedia":[{"embeddable":true,"href":"https:\/\/legitgrams.com\/hu\/wp-json\/wp\/v2\/media\/5183"}],"wp:attachment":[{"href":"https:\/\/legitgrams.com\/hu\/wp-json\/wp\/v2\/media?parent=4271"}],"wp:term":[{"taxonomy":"product_brand","embeddable":true,"href":"https:\/\/legitgrams.com\/hu\/wp-json\/wp\/v2\/product_brand?post=4271"},{"taxonomy":"product_cat","embeddable":true,"href":"https:\/\/legitgrams.com\/hu\/wp-json\/wp\/v2\/product_cat?post=4271"},{"taxonomy":"product_tag","embeddable":true,"href":"https:\/\/legitgrams.com\/hu\/wp-json\/wp\/v2\/product_tag?post=4271"}],"curies":[{"name":"wp","href":"https:\/\/api.w.org\/{rel}","templated":true}]}}