{"id":4272,"date":"2024-09-22T08:15:29","date_gmt":"2024-09-22T08:15:29","guid":{"rendered":"https:\/\/legitgrams.com\/?post_type=product&#038;p=4272"},"modified":"2025-03-05T08:22:03","modified_gmt":"2025-03-05T08:22:03","slug":"rendeles-feher-mercedes-ecstasy-tablettak","status":"publish","type":"product","link":"https:\/\/legitgrams.com\/hu\/termek\/rendeles-feher-mercedes-ecstasy-tablettak\/","title":{"rendered":"V\u00e1s\u00e1roljon Feh\u00e9r Mercedes ecstasy tablett\u00e1kat online"},"content":{"rendered":"<h2>V\u00e1s\u00e1roljon feh\u00e9r Mercedes euf\u00f3ri\u00e1kat online.<br \/>\nA feh\u00e9r Mercedes ecstasy tablett\u00e1k 295 mg-os d\u00f3zisban megv\u00e1s\u00e1rolhat\u00f3k online.<\/h2>\n<p>T\u00f6rtfeh\u00e9r sz\u00edn\u0171<\/p>\n<p><a href=\"https:\/\/www.bing.com\/search?q=Order%20White%20Mercedes%20ecstasy%20pills&amp;qs=n&amp;form=QBRE&amp;sp=-1&amp;lq=0&amp;pq=order%20white%20mercedes%20ecstasy%20pills&amp;sc=0-34&amp;sk=&amp;cvid=79ABEE4FF2AC44D09C76CD8E57CAE1F9&amp;ghsh=0&amp;ghacc=0&amp;ghpl=\">M\u00e9retek: 295 mg<\/a><\/p>\n<p>The majority of <a href=\"https:\/\/www.google.com\/search?q=Order+White+Mercedes+ecstasy+pills&amp;num=10&amp;sca_esv=1a2a07081c7891bb&amp;rlz=1C1RXQR_enIN1098IN1098&amp;sxsrf=AHTn8zqCH6_vJomgdkIWAqNIv_atsNbgew%3A1741160981104&amp;ei=FQLIZ-mHBoay4-EPit6GsAM&amp;ved=0ahUKEwip5pmOuvKLAxUG2TgGHQqvATYQ4dUDCBA&amp;uact=5&amp;oq=Order+White+Mercedes+ecstasy+pills&amp;gs_lp=Egxnd3Mtd2l6LXNlcnAiIk9yZGVyIFdoaXRlIE1lcmNlZGVzIGVjc3Rhc3kgcGlsbHMyBRAhGJ8FMgUQIRifBUjMBlDNA1jNA3ACeACQAQCYAdUBoAHVAaoBAzItMbgBA8gBAPgBAvgBAZgCAaAC5gGYAwCIBgGSBwMyLTGgB9QC&amp;sclient=gws-wiz-serp\">MDMA<\/a> a felhaszn\u00e1l\u00f3k kapszula vagy tabletta (f\u0171szerpor) form\u00e1j\u00e1ban fogyasztj\u00e1k, m\u00edg m\u00e1sok foly\u00e9kony vagy tabletta form\u00e1j\u00e1ban fogyasztj\u00e1k. A \u201emolekula\u201d sz\u00f3 r\u00f6vid\u00edt\u00e9sek\u00e9nt a Molly k\u00f6zn\u00e9v gyakran utal arra, ami val\u00f3j\u00e1ban az MDMA \u201etiszta\u201d krist\u00e1lyos por form\u00e1ja, amelyet \u00e1ltal\u00e1ban kapszulak\u00e9nt \u00e1rulnak. De akik a n\u00e9v alatt \u00e1rus\u00edtott porokat vagy kapszul\u00e1kat v\u00e1s\u00e1rolnak <a href=\"https:\/\/duckduckgo.com\/?q=Order+White+Mercedes+ecstasy+pills&amp;t=h_&amp;ia=web\">Molly<\/a> gyakran felfedezik, hogy tov\u00e1bbi \u00f6sszetev\u0151ket is tartalmaznak, p\u00e9ld\u00e1ul s\u00f3t vagy szintetikus katinonokat (m\u00e1s n\u00e9ven \u201ek\u00e1dakat\u201d).<\/p>\n<p>V\u00e1s\u00e1rl\u00e1s Ecstasy tablett\u00e1k, Feh\u00e9r Mercedes ecstasy tablett\u00e1k, <a href=\"https:\/\/legitgrams.com\/hu\/termek\/rendeles-feher-mercedes-ecstasy-tablettak\/\">Feh\u00e9r Mercedes ecstasy tablett\u00e1k<\/a> online - rendel\u00e9s White Mercedes ecstasy tablett\u00e1k online. Hol v\u00e1s\u00e1rolhatok Ecstasy tablett\u00e1kat online? Hol v\u00e1s\u00e1rolhatok Ecstasy tablett\u00e1kat online? Hol v\u00e1s\u00e1rolhatok Ecstasy tablett\u00e1kat online? White Mercedes ecstasy tablett\u00e1k elad\u00f3 az USA-ban, Kanad\u00e1ban, Nagy-Britanni\u00e1ban, v\u00e1s\u00e1rl\u00e1s, online, besz\u00e1ll\u00edt\u00f3k, biztons\u00e1gos sz\u00e1ll\u00edt\u00e1s, M\u00e9g mindig lehets\u00e9ges a White Mercedes ecstasy tablett\u00e1k beszerz\u00e9se. Azt is megtudhatja, hogy leg\u00e1lisak-e az Egyes\u00fclt \u00c1llamokban, hogyan lehet megrendelni a White Mercedes <a href=\"https:\/\/en.wikipedia.org\/wiki\/Ecstasy\">ecstasy<\/a> tablett\u00e1k, \u00e9s hogy ezek leg\u00e1lisak-e Kanad\u00e1ban. <a href=\"https:\/\/legitgrams.com\/hu\/\">LegitGrams<\/a><\/p>","protected":false},"excerpt":{"rendered":"<p>Purchase White Mercedes euphorics online. White Mercedes ecstasy pills in a dosage of 295 mg are available for purchase online. Off-white in color Measurements: 295 mg The majority of MDMA users consume it as capsules or tablets (spices powder), while some others take it in liquid or tablet form. As a shorthand for &#8220;molecule,&#8221; Molly&#8217;s &hellip;<\/p>\n<p class=\"read-more\"> <a class=\"\" href=\"https:\/\/legitgrams.com\/hu\/termek\/rendeles-feher-mercedes-ecstasy-tablettak\/\"> <span class=\"screen-reader-text\">V\u00e1s\u00e1roljon Feh\u00e9r Mercedes ecstasy tablett\u00e1kat online<\/span> Olvass tov\u00e1bb \"<\/a><\/p>","protected":false},"featured_media":5201,"comment_status":"open","ping_status":"closed","template":"","meta":{"_uag_custom_page_level_css":"","site-sidebar-layout":"default","site-content-layout":"default","ast-global-header-display":"","ast-main-header-display":"","ast-hfb-above-header-display":"","ast-hfb-below-header-display":"","ast-hfb-mobile-header-display":"","site-post-title":"","ast-breadcrumbs-content":"","ast-featured-img":"","footer-sml-layout":"","theme-transparent-header-meta":"default","adv-header-id-meta":"","stick-header-meta":"default","header-above-stick-meta":"","header-main-stick-meta":"","header-below-stick-meta":"","_joinchat":[]},"product_brand":[],"product_cat":[596],"product_tag":[1315,1305,617,1297,1312,1309,1304,1302,1296,1299,1307,1298,1300,1310,1317,1318,1316,1308,1313,1314,1311,625,1303,1306,1301],"class_list":{"0":"post-4272","1":"product","2":"type-product","3":"status-publish","4":"has-post-thumbnail","6":"product_cat-ecstasy-pills-mdma","7":"product_tag-best-cheap-price-order-white-mercedes-ecstasy-pills","8":"product_tag-best-place-to-buy-order-white-mercedes-ecstasy-pills","9":"product_tag-bulk-online","10":"product_tag-buy-order-white-mercedes-ecstasy-pills","11":"product_tag-cheap-order-white-mercedes-ecstasy-pills","12":"product_tag-high-quality-order-white-mercedes-ecstasy-pills","13":"product_tag-how-to-buy-order-white-mercedes-ecstasy-pills","14":"product_tag-order-order-white-mercedes-ecstasy-pills","15":"product_tag-order-white-mercedes-ecstasy-pills","16":"product_tag-order-white-mercedes-ecstasy-pills-for-sale","17":"product_tag-order-white-mercedes-ecstasy-pills-legally","18":"product_tag-order-white-mercedes-ecstasy-pills-online","19":"product_tag-order-white-mercedes-ecstasy-pills-order-white-mercedes-ecstasy-pills-supplier","20":"product_tag-order-white-mercedes-ecstasy-pills-store","21":"product_tag-order-white-mercedes-ecstasy-pills-use","22":"product_tag-order-white-mercedes-ecstasy-pills-wiki","23":"product_tag-order-white-mercedes-ecstasy-pills-worldwide","24":"product_tag-order-white-mercedes-ecstasy-pillsprice","25":"product_tag-order-white-mercedes-ecstasy-pillss","26":"product_tag-purcharse-order-white-mercedes-ecstasy-pills","27":"product_tag-shop-order-white-mercedes-ecstasy-pills","28":"product_tag-top-quality","29":"product_tag-where-to-buy-order-white-mercedes-ecstasy-pills","30":"product_tag-where-to-order-order-white-mercedes-ecstasy-pills","31":"product_tag-wholesale-order-white-mercedes-ecstasy-pills","32":"desktop-align-left","33":"tablet-align-left","34":"mobile-align-left","35":"ast-product-gallery-layout-horizontal","36":"ast-product-gallery-with-no-image","37":"ast-product-single-variable","38":"ast-product-tabs-layout-horizontal","39":"ast-qv-on-image","41":"first","42":"instock","43":"shipping-taxable","44":"purchasable","45":"product-type-variable"},"yoast_head":"<!-- This site is optimized with the Yoast SEO plugin v25.9 - https:\/\/yoast.com\/wordpress\/plugins\/seo\/ -->\n<title>Buy White Mercedes Ecstasy Pills Online | LegitGrams<\/title>\n<meta name=\"description\" content=\"Looking for a reliable source to buy White Mercedes Ecstasy Pills online? Your search ends here. Order White Mercedes Ecstasy Pills online from our trusted store and enjoy a seamless buying process tailored for your research needs.\" \/>\n<meta name=\"robots\" content=\"index, follow, max-snippet:-1, max-image-preview:large, max-video-preview:-1\" \/>\n<link rel=\"canonical\" href=\"https:\/\/legitgrams.com\/hu\/termek\/rendeles-feher-mercedes-ecstasy-tablettak\/\" \/>\n<meta property=\"og:locale\" content=\"hu_HU\" \/>\n<meta property=\"og:type\" content=\"article\" \/>\n<meta property=\"og:title\" content=\"Buy White Mercedes Ecstasy Pills Online | LegitGrams\" \/>\n<meta property=\"og:description\" content=\"Looking for a reliable source to buy White Mercedes Ecstasy Pills online? Your search ends here. Order White Mercedes Ecstasy Pills online from our trusted store and enjoy a seamless buying process tailored for your research needs.\" \/>\n<meta property=\"og:url\" content=\"https:\/\/legitgrams.com\/hu\/termek\/rendeles-feher-mercedes-ecstasy-tablettak\/\" \/>\n<meta property=\"og:site_name\" content=\"Legit Grams\" \/>\n<meta property=\"article:modified_time\" content=\"2025-03-05T08:22:03+00:00\" \/>\n<meta property=\"og:image\" content=\"https:\/\/legitgrams.com\/wp-content\/uploads\/2024\/09\/order-white-mercedes-ecstasy-pills-online.jpg\" \/>\n\t<meta property=\"og:image:width\" content=\"600\" \/>\n\t<meta property=\"og:image:height\" content=\"600\" \/>\n\t<meta property=\"og:image:type\" content=\"image\/jpeg\" \/>\n<meta name=\"twitter:card\" content=\"summary_large_image\" \/>\n<meta name=\"twitter:label1\" content=\"Becs\u00fclt olvas\u00e1si id\u0151\" \/>\n\t<meta name=\"twitter:data1\" content=\"2 perc\" \/>\n<script type=\"application\/ld+json\" class=\"yoast-schema-graph\">{\"@context\":\"https:\/\/schema.org\",\"@graph\":[{\"@type\":\"WebPage\",\"@id\":\"https:\/\/legitgrams.com\/product\/order-white-mercedes-ecstasy-pills\/\",\"url\":\"https:\/\/legitgrams.com\/product\/order-white-mercedes-ecstasy-pills\/\",\"name\":\"Buy White Mercedes Ecstasy Pills Online | LegitGrams\",\"isPartOf\":{\"@id\":\"https:\/\/legitgrams.com\/#website\"},\"primaryImageOfPage\":{\"@id\":\"https:\/\/legitgrams.com\/product\/order-white-mercedes-ecstasy-pills\/#primaryimage\"},\"image\":{\"@id\":\"https:\/\/legitgrams.com\/product\/order-white-mercedes-ecstasy-pills\/#primaryimage\"},\"thumbnailUrl\":\"https:\/\/legitgrams.com\/wp-content\/uploads\/2024\/09\/order-white-mercedes-ecstasy-pills-online.jpg\",\"datePublished\":\"2024-09-22T08:15:29+00:00\",\"dateModified\":\"2025-03-05T08:22:03+00:00\",\"description\":\"Looking for a reliable source to buy White Mercedes Ecstasy Pills online? Your search ends here. Order White Mercedes Ecstasy Pills online from our trusted store and enjoy a seamless buying process tailored for your research needs.\",\"breadcrumb\":{\"@id\":\"https:\/\/legitgrams.com\/product\/order-white-mercedes-ecstasy-pills\/#breadcrumb\"},\"inLanguage\":\"hu\",\"potentialAction\":[{\"@type\":\"ReadAction\",\"target\":[\"https:\/\/legitgrams.com\/product\/order-white-mercedes-ecstasy-pills\/\"]}]},{\"@type\":\"ImageObject\",\"inLanguage\":\"hu\",\"@id\":\"https:\/\/legitgrams.com\/product\/order-white-mercedes-ecstasy-pills\/#primaryimage\",\"url\":\"https:\/\/legitgrams.com\/wp-content\/uploads\/2024\/09\/order-white-mercedes-ecstasy-pills-online.jpg\",\"contentUrl\":\"https:\/\/legitgrams.com\/wp-content\/uploads\/2024\/09\/order-white-mercedes-ecstasy-pills-online.jpg\",\"width\":600,\"height\":600,\"caption\":\"White Mercedes Ecstasy Pills for Sale\"},{\"@type\":\"BreadcrumbList\",\"@id\":\"https:\/\/legitgrams.com\/product\/order-white-mercedes-ecstasy-pills\/#breadcrumb\",\"itemListElement\":[{\"@type\":\"ListItem\",\"position\":1,\"name\":\"Home\",\"item\":\"https:\/\/legitgrams.com\/\"},{\"@type\":\"ListItem\",\"position\":2,\"name\":\"Shop\",\"item\":\"https:\/\/legitgrams.com\/shop\/\"},{\"@type\":\"ListItem\",\"position\":3,\"name\":\"Buy Order White Mercedes ecstasy pills Online\"}]},{\"@type\":\"WebSite\",\"@id\":\"https:\/\/legitgrams.com\/#website\",\"url\":\"https:\/\/legitgrams.com\/\",\"name\":\"Legit Grams\",\"description\":\"My WordPress Blog\",\"publisher\":{\"@id\":\"https:\/\/legitgrams.com\/#organization\"},\"potentialAction\":[{\"@type\":\"SearchAction\",\"target\":{\"@type\":\"EntryPoint\",\"urlTemplate\":\"https:\/\/legitgrams.com\/?s={search_term_string}\"},\"query-input\":{\"@type\":\"PropertyValueSpecification\",\"valueRequired\":true,\"valueName\":\"search_term_string\"}}],\"inLanguage\":\"hu\"},{\"@type\":\"Organization\",\"@id\":\"https:\/\/legitgrams.com\/#organization\",\"name\":\"Legit Grams\",\"url\":\"https:\/\/legitgrams.com\/\",\"logo\":{\"@type\":\"ImageObject\",\"inLanguage\":\"hu\",\"@id\":\"https:\/\/legitgrams.com\/#\/schema\/logo\/image\/\",\"url\":\"https:\/\/legitgrams.com\/wp-content\/uploads\/2024\/09\/main-logo.png\",\"contentUrl\":\"https:\/\/legitgrams.com\/wp-content\/uploads\/2024\/09\/main-logo.png\",\"width\":270,\"height\":75,\"caption\":\"Legit Grams\"},\"image\":{\"@id\":\"https:\/\/legitgrams.com\/#\/schema\/logo\/image\/\"}}]}<\/script>\n<!-- \/ Yoast SEO plugin. -->","yoast_head_json":{"title":"V\u00e1s\u00e1roljon feh\u00e9r Mercedes Ecstasy tablett\u00e1kat online | LegitGrams","description":"Megb\u00edzhat\u00f3 forr\u00e1st keres, hogy megv\u00e1s\u00e1rolja a White Mercedes Ecstasy Pills online? A keres\u00e9sed itt \u00e9r v\u00e9get. Rendeljen White Mercedes Ecstasy Pills online a mi megb\u00edzhat\u00f3 \u00fczlet\u00fcnkb\u0151l, \u00e9s \u00e9lvezze a z\u00f6kken\u0151mentes v\u00e1s\u00e1rl\u00e1si folyamatot, amely az \u00d6n kutat\u00e1si ig\u00e9nyeihez igazodik.","robots":{"index":"index","follow":"follow","max-snippet":"max-snippet:-1","max-image-preview":"max-image-preview:large","max-video-preview":"max-video-preview:-1"},"canonical":"https:\/\/legitgrams.com\/hu\/termek\/rendeles-feher-mercedes-ecstasy-tablettak\/","og_locale":"hu_HU","og_type":"article","og_title":"Buy White Mercedes Ecstasy Pills Online | LegitGrams","og_description":"Looking for a reliable source to buy White Mercedes Ecstasy Pills online? Your search ends here. Order White Mercedes Ecstasy Pills online from our trusted store and enjoy a seamless buying process tailored for your research needs.","og_url":"https:\/\/legitgrams.com\/hu\/termek\/rendeles-feher-mercedes-ecstasy-tablettak\/","og_site_name":"Legit Grams","article_modified_time":"2025-03-05T08:22:03+00:00","og_image":[{"width":600,"height":600,"url":"https:\/\/legitgrams.com\/wp-content\/uploads\/2024\/09\/order-white-mercedes-ecstasy-pills-online.jpg","type":"image\/jpeg"}],"twitter_card":"summary_large_image","twitter_misc":{"Becs\u00fclt olvas\u00e1si id\u0151":"2 perc"},"schema":{"@context":"https:\/\/schema.org","@graph":[{"@type":"WebPage","@id":"https:\/\/legitgrams.com\/product\/order-white-mercedes-ecstasy-pills\/","url":"https:\/\/legitgrams.com\/product\/order-white-mercedes-ecstasy-pills\/","name":"V\u00e1s\u00e1roljon feh\u00e9r Mercedes Ecstasy tablett\u00e1kat online | LegitGrams","isPartOf":{"@id":"https:\/\/legitgrams.com\/#website"},"primaryImageOfPage":{"@id":"https:\/\/legitgrams.com\/product\/order-white-mercedes-ecstasy-pills\/#primaryimage"},"image":{"@id":"https:\/\/legitgrams.com\/product\/order-white-mercedes-ecstasy-pills\/#primaryimage"},"thumbnailUrl":"https:\/\/legitgrams.com\/wp-content\/uploads\/2024\/09\/order-white-mercedes-ecstasy-pills-online.jpg","datePublished":"2024-09-22T08:15:29+00:00","dateModified":"2025-03-05T08:22:03+00:00","description":"Megb\u00edzhat\u00f3 forr\u00e1st keres, hogy megv\u00e1s\u00e1rolja a White Mercedes Ecstasy Pills online? A keres\u00e9sed itt \u00e9r v\u00e9get. Rendeljen White Mercedes Ecstasy Pills online a mi megb\u00edzhat\u00f3 \u00fczlet\u00fcnkb\u0151l, \u00e9s \u00e9lvezze a z\u00f6kken\u0151mentes v\u00e1s\u00e1rl\u00e1si folyamatot, amely az \u00d6n kutat\u00e1si ig\u00e9nyeihez igazodik.","breadcrumb":{"@id":"https:\/\/legitgrams.com\/product\/order-white-mercedes-ecstasy-pills\/#breadcrumb"},"inLanguage":"hu","potentialAction":[{"@type":"ReadAction","target":["https:\/\/legitgrams.com\/product\/order-white-mercedes-ecstasy-pills\/"]}]},{"@type":"ImageObject","inLanguage":"hu","@id":"https:\/\/legitgrams.com\/product\/order-white-mercedes-ecstasy-pills\/#primaryimage","url":"https:\/\/legitgrams.com\/wp-content\/uploads\/2024\/09\/order-white-mercedes-ecstasy-pills-online.jpg","contentUrl":"https:\/\/legitgrams.com\/wp-content\/uploads\/2024\/09\/order-white-mercedes-ecstasy-pills-online.jpg","width":600,"height":600,"caption":"White Mercedes Ecstasy Pills for Sale"},{"@type":"BreadcrumbList","@id":"https:\/\/legitgrams.com\/product\/order-white-mercedes-ecstasy-pills\/#breadcrumb","itemListElement":[{"@type":"ListItem","position":1,"name":"Home","item":"https:\/\/legitgrams.com\/"},{"@type":"ListItem","position":2,"name":"Shop","item":"https:\/\/legitgrams.com\/shop\/"},{"@type":"ListItem","position":3,"name":"Buy Order White Mercedes ecstasy pills Online"}]},{"@type":"WebSite","@id":"https:\/\/legitgrams.com\/#website","url":"https:\/\/legitgrams.com\/","name":"Legit Grams","description":"Az \u00e9n WordPress blogom","publisher":{"@id":"https:\/\/legitgrams.com\/#organization"},"potentialAction":[{"@type":"SearchAction","target":{"@type":"EntryPoint","urlTemplate":"https:\/\/legitgrams.com\/?s={search_term_string}"},"query-input":{"@type":"PropertyValueSpecification","valueRequired":true,"valueName":"search_term_string"}}],"inLanguage":"hu"},{"@type":"Organization","@id":"https:\/\/legitgrams.com\/#organization","name":"Legit Grams","url":"https:\/\/legitgrams.com\/","logo":{"@type":"ImageObject","inLanguage":"hu","@id":"https:\/\/legitgrams.com\/#\/schema\/logo\/image\/","url":"https:\/\/legitgrams.com\/wp-content\/uploads\/2024\/09\/main-logo.png","contentUrl":"https:\/\/legitgrams.com\/wp-content\/uploads\/2024\/09\/main-logo.png","width":270,"height":75,"caption":"Legit Grams"},"image":{"@id":"https:\/\/legitgrams.com\/#\/schema\/logo\/image\/"}}]}},"uagb_featured_image_src":{"full":["https:\/\/legitgrams.com\/wp-content\/uploads\/2024\/09\/order-white-mercedes-ecstasy-pills-online.jpg",600,600,false],"thumbnail":["https:\/\/legitgrams.com\/wp-content\/uploads\/2024\/09\/order-white-mercedes-ecstasy-pills-online-150x150.jpg",150,150,true],"medium":["https:\/\/legitgrams.com\/wp-content\/uploads\/2024\/09\/order-white-mercedes-ecstasy-pills-online-300x300.jpg",300,300,true],"medium_large":["https:\/\/legitgrams.com\/wp-content\/uploads\/2024\/09\/order-white-mercedes-ecstasy-pills-online.jpg",600,600,false],"large":["https:\/\/legitgrams.com\/wp-content\/uploads\/2024\/09\/order-white-mercedes-ecstasy-pills-online.jpg",600,600,false],"1536x1536":["https:\/\/legitgrams.com\/wp-content\/uploads\/2024\/09\/order-white-mercedes-ecstasy-pills-online.jpg",600,600,false],"2048x2048":["https:\/\/legitgrams.com\/wp-content\/uploads\/2024\/09\/order-white-mercedes-ecstasy-pills-online.jpg",600,600,false],"trp-custom-language-flag":["https:\/\/legitgrams.com\/wp-content\/uploads\/2024\/09\/order-white-mercedes-ecstasy-pills-online-12x12.jpg",12,12,true],"woocommerce_thumbnail":["https:\/\/legitgrams.com\/wp-content\/uploads\/2024\/09\/order-white-mercedes-ecstasy-pills-online-300x300.jpg",300,300,true],"woocommerce_single":["https:\/\/legitgrams.com\/wp-content\/uploads\/2024\/09\/order-white-mercedes-ecstasy-pills-online.jpg",600,600,false],"woocommerce_gallery_thumbnail":["https:\/\/legitgrams.com\/wp-content\/uploads\/2024\/09\/order-white-mercedes-ecstasy-pills-online-100x100.jpg",100,100,true]},"uagb_author_info":{"display_name":"cokeblog18","author_link":"https:\/\/legitgrams.com\/hu\/author\/"},"uagb_comment_info":0,"uagb_excerpt":"Purchase White Mercedes euphorics online. White Mercedes ecstasy pills in a dosage of 295 mg are available for purchase online. Off-white in color Measurements: 295 mg The majority of MDMA users consume it as capsules or tablets (spices powder), while some others take it in liquid or tablet form. As a shorthand for &#8220;molecule,&#8221; Molly&#8217;s&hellip;","_links":{"self":[{"href":"https:\/\/legitgrams.com\/hu\/wp-json\/wp\/v2\/product\/4272","targetHints":{"allow":["GET"]}}],"collection":[{"href":"https:\/\/legitgrams.com\/hu\/wp-json\/wp\/v2\/product"}],"about":[{"href":"https:\/\/legitgrams.com\/hu\/wp-json\/wp\/v2\/types\/product"}],"replies":[{"embeddable":true,"href":"https:\/\/legitgrams.com\/hu\/wp-json\/wp\/v2\/comments?post=4272"}],"wp:featuredmedia":[{"embeddable":true,"href":"https:\/\/legitgrams.com\/hu\/wp-json\/wp\/v2\/media\/5201"}],"wp:attachment":[{"href":"https:\/\/legitgrams.com\/hu\/wp-json\/wp\/v2\/media?parent=4272"}],"wp:term":[{"taxonomy":"product_brand","embeddable":true,"href":"https:\/\/legitgrams.com\/hu\/wp-json\/wp\/v2\/product_brand?post=4272"},{"taxonomy":"product_cat","embeddable":true,"href":"https:\/\/legitgrams.com\/hu\/wp-json\/wp\/v2\/product_cat?post=4272"},{"taxonomy":"product_tag","embeddable":true,"href":"https:\/\/legitgrams.com\/hu\/wp-json\/wp\/v2\/product_tag?post=4272"}],"curies":[{"name":"wp","href":"https:\/\/api.w.org\/{rel}","templated":true}]}}