{"id":4273,"date":"2024-09-22T08:18:05","date_gmt":"2024-09-22T08:18:05","guid":{"rendered":"https:\/\/legitgrams.com\/?post_type=product&#038;p=4273"},"modified":"2025-04-03T04:59:34","modified_gmt":"2025-04-03T04:59:34","slug":"valodi-zold-alma-ecstasy-tablettak","status":"publish","type":"product","link":"https:\/\/legitgrams.com\/hu\/termek\/valodi-zold-alma-ecstasy-tablettak\/","title":{"rendered":"V\u00e1s\u00e1rolja meg a val\u00f3di Green Apple Ecstasy tablett\u00e1k online"},"content":{"rendered":"<h2>V\u00e1s\u00e1roljon val\u00f3di z\u00f6ld alma ecstasy tablett\u00e1kat online<\/h2>\n<p>Rem\u00e9lem, ez az axi\u00f3ma h\u00edress\u00e9 tette \u00d6nt. A k\u00f6zmond\u00e1s szerint \u201eNapi egy alma t\u00e1vol tartja a szakembert\u201d. Tekintettel az almaev\u00e9s \u00f6sszes eg\u00e9szs\u00e9g\u00fcgyi el\u0151ny\u00e9re, ez a di\u00e9t\u00e1s aforizma nem biztos, hogy teljesen pontatlan. A z\u00f6ld \u00e9tkez\u00e9s n\u00e9h\u00e1ny eg\u00e9szs\u00e9g\u00fcgyi el\u0151nye <a href=\"https:\/\/www.bing.com\/search?q=Vsroljonvaldizldalmaecstasytablettkatonline&amp;qs=n&amp;form=QBRE&amp;sp=-1&amp;lq=0&amp;pq=vsroljonvaldizldalmaecstasytablettkatonline&amp;sc=0-54&amp;sk=&amp;cvid=85545AB5B74F486A807999728BA725CB&amp;ghsh=0&amp;ghacc=0&amp;ghpl=\">alma<\/a> tartalmazza a k\u00f6vetkez\u0151ket.<\/p>\n<p>Bebizonyosodott, hogy az alma fogyaszt\u00e1sa jav\u00edtja a sz\u00edv eg\u00e9szs\u00e9g\u00e9t \u00e9s cs\u00f6kkenti a sz\u00edv- \u00e9s \u00e9rrendszeri betegs\u00e9gek kock\u00e1zat\u00e1t.<\/p>\n<p>Nem teljesen nyilv\u00e1nval\u00f3, hogy az alma mi\u00e9rt eg\u00e9szs\u00e9ges a sz\u00edv sz\u00e1m\u00e1ra. Tekintettel arra, hogy az \u00e9lelmi rost az LDL-koleszterin cs\u00f6kken\u00e9s\u00e9vel j\u00e1r, <a href=\"https:\/\/www.google.com\/search?q=Vsroljon+valdi+zld+alma+ecstasy+tablettkat+online&amp;sca_esv=eddefdb7b92e7545&amp;sxsrf=AHTn8zq8QHhh8E8txITySkzKMRQlce1TgA1743656607450&amp;ei=nxbuZ7OYG7by0PEPmuMM&amp;ved=0ahUKEwjz48mFi7uMAxU2OTQIHZoxAwAQ4dUDCBA&amp;uact=5&amp;oq=Vsroljon+valdi+zld+alma+ecstasy+tablettkat+online&amp;gs_lp=Egxnd3Mtd2l6LXNlcnAiO1bDoXPDoXJvbGpvbiB2YWzDs2RpIHrDtmxkIGFsbWEgZWNzdGFzeSB0YWJsZXR0w6FrYXQgb25saW5lSLEFUABYAHAAeACQAQCYAdUDoAHVA6oBAzQtMbgBA8gBAPgBAvgBAZgCAKACAJgDAJIHAKAHb7IHALgHAA&amp;sclient=gws-wiz-serp\">alma<\/a>\u201eA magas \u00e9lelmi rosttartalom k\u00f6zrej\u00e1tsz\u00f3 t\u00e9nyez\u0151 lehet.\u201d<\/p>\n<h3>Cs\u00f6kkentse a 2-es t\u00edpus\u00fa cukorbetegs\u00e9g kialakul\u00e1s\u00e1nak es\u00e9ly\u00e9t<\/h3>\n<p>Egy tanulm\u00e1ny szerint a heti n\u00e9h\u00e1ny z\u00f6ld alma elfogyaszt\u00e1sa cs\u00f6kkentheti a 2-es t\u00edpus\u00fa cukorbetegs\u00e9g kock\u00e1zat\u00e1t, de tov\u00e1bbi kutat\u00e1sokra van sz\u00fcks\u00e9g. Egyel\u0151re nem ismert, hogy a z\u00f6ldalm\u00e1ban l\u00e9v\u0151 vegy\u00fcletek seg\u00edthetnek-e az embereknek a cukorbetegs\u00e9g t\u00fcneteinek szab\u00e1lyoz\u00e1s\u00e1ban.<\/p>\n<p>A z\u00f6ldalma tablett\u00e1k haszn\u00e1lat\u00e1nak sz\u00e1mos el\u0151nye van, ak\u00e1rcsak a z\u00f6ldalma fogyaszt\u00e1s\u00e1nak. A z\u00f6ldalma tabletta t\u00e9m\u00e1ja vita t\u00e1rgya.<\/p>\n<p><a href=\"https:\/\/legitgrams.com\/hu\/termek\/valodi-zold-alma-ecstasy-tablettak\/\">z\u00f6ld alma<\/a> A tabletta teljesen \u00faj szintre emeli \u00e9lm\u00e9ny\u00e9t \u00e9s el\u00e9gedetts\u00e9g\u00e9t, ha friss almalevet szeretne inni egy forr\u00f3 ny\u00e1ri napon. A csapat az el\u00e9rhet\u0151 legjobb kannabiszt kombin\u00e1lta a Washingtonban el\u0151\u00e1ll\u00edtott z\u00f6ldalma tablett\u00e1kkal. Az adagol\u00e1s m\u00e9rlegel\u00e9sekor a THC-t neh\u00e9z lehet \u00e1t\u00e9getni, k\u00fcl\u00f6n\u00f6sen akkor, ha a tart\u00f3kon nincsenek t\u00fal nyilv\u00e1nval\u00f3 jel\u00f6l\u00e9sek. A Green Apple tablett\u00e1k, amelyek a h\u00edres 12 uncia kombin\u00e1ci\u00f3juk h\u00e1rom k\u00fcl\u00f6nb\u00f6z\u0151 hat\u00e1svari\u00e1ci\u00f3j\u00e1t \u00e1ll\u00edtj\u00e1k el\u0151, teljesen megv\u00e1ltoztatt\u00e1k ezt. A legink\u00e1bb megalapozott kombin\u00e1ci\u00f3jukat, amely 100 mg-os \u00e9s 12 unci\u00e1s kiszerel\u00e9sben kaphat\u00f3, a neh\u00e9z felhaszn\u00e1l\u00f3k \u00e9rt\u00e9kelni fogj\u00e1k.<\/p>\n<p><a href=\"https:\/\/duckduckgo.com\/?q=Buy+Real+Green+Apple+Ecstasy+Pills+Online&amp;t=h_&amp;ia=web\">Z\u00f6ld alma tablett\u00e1k<\/a> Ide\u00e1lisak azok sz\u00e1m\u00e1ra, akiknek magasra kell jutniuk, de nem tudj\u00e1k t\u00fall\u00e9pni a sokf\u00e9le tablett\u00e1t, mivel a kannabiszt olyan \u00fajszer\u0171 m\u00f3don \u00e9p\u00edtik be a gy\u00f3gyszerbe, amely a kannabisz \u00edze \u00e9s illata n\u00e9lk\u00fcl hagyja a betegeket. Ezen t\u00falmen\u0151en, mivel a g\u0151z\u00f6lg\u0151 vagy vir\u00e1gz\u00f3 kannabiszf\u00fcst v\u00e9g\u00fcl m\u00e9rgez\u0151v\u00e9 v\u00e1lhat, a kannabisz fogyaszt\u00e1sa hozz\u00e1j\u00e1rul az eg\u00e9szs\u00e9gesebb \u00e9letm\u00f3d el\u0151seg\u00edt\u00e9s\u00e9hez. A z\u00f6ldalma tabletta eltarthat\u00f3s\u00e1gi ideje egy \u00e9v, \u00e9s nincs sok kal\u00f3ri\u00e1ja, ami azt jelenti, hogy egyetlen gondja az, hogy abbahagyja a gy\u00f3gyszert a bev\u00e9tele ut\u00e1n. <a href=\"https:\/\/legitgrams.com\/hu\/\">LegitGrams<\/a><\/p>\n<h3>A z\u00f6ld sz\u00edn<\/h3>\n<h3>M\u00e9retek: 279 mg<\/h3>\n<p>Extasy tablett\u00e1k, val\u00f3di z\u00f6ld alma <a href=\"https:\/\/en.wikipedia.org\/wiki\/Ecstasy\">Ecstasy<\/a> Tablett\u00e1k, Eredeti Z\u00f6ld Alma Ecstasy Tablett\u00e1k, V\u00e1s\u00e1roljon Ecstasy tablett\u00e1kat, V\u00e1s\u00e1roljon Val\u00f3di Z\u00f6ld Alma Ecstasy Pill\u00e1kat online, Ecstasy Online, Hol kaphat\u00f3 Val\u00f3di Z\u00f6ld Alma Ecstasy Tablett\u00e1k, Hol kaphat\u00f3 Val\u00f3di Z\u00f6ld Alma Ecstasy Tablett\u00e1k Elad\u00f3, Hol kaphat\u00f3 Val\u00f3di Z\u00f6ld Alma Ecstasy Tablett\u00e1k: A val\u00f3di z\u00f6ld alma ecstasy tablett\u00e1k tov\u00e1bbra is megv\u00e1s\u00e1rolhat\u00f3k az USA-ban, Kanad\u00e1ban \u00e9s a Egyes\u00fclt Kir\u00e1lys\u00e1g. Megv\u00e1s\u00e1rolhatja \u0151ket online a szolg\u00e1ltat\u00f3kt\u00f3l, \u00e9s biztons\u00e1gosan k\u00e9zbes\u00edtheti \u0151ket. Ezenk\u00edv\u00fcl megtudhatja, hogy ezek leg\u00e1lisak-e Kanad\u00e1ban, hogyan szerezhet\u0151k be az interneten, \u00e9s hogy t\u00f6rv\u00e9nyesek-e az Egyes\u00fclt \u00c1llamokban. V\u00e1s\u00e1rolhat Ecstasy tablett\u00e1kat is, V\u00e1s\u00e1roljon Real Green Apple Ecstasy tablett\u00e1t online, hol v\u00e1s\u00e1roljon Real Green Apple Ecstasy tablett\u00e1t, hol v\u00e1s\u00e1roljon Ecstasy tablett\u00e1t online, hol v\u00e1s\u00e1roljon Ecstasy tablett\u00e1t online, Real Green Apple Ecstasy Pills elad\u00f3 az Egyes\u00fclt \u00c1llamokban, Kanad\u00e1ban , \u00e9s az Egyes\u00fclt Kir\u00e1lys\u00e1g, online v\u00e1s\u00e1rl\u00e1s, besz\u00e1ll\u00edt\u00f3k, biztons\u00e1gos sz\u00e1ll\u00edt\u00e1s, M\u00e9g mindig kaphat\u00f3k a Real Green Apple Ecstasy tablett\u00e1k, leg\u00e1lisak az USA-ban, megv\u00e1s\u00e1rolhatja \u0151ket online, \u00e9s Kanad\u00e1ban leg\u00e1lisak.<\/p>\n<h2><\/h2>\n<p>&nbsp;<\/p>","protected":false},"excerpt":{"rendered":"<p>Purchase of Genuine Green Apple Ecstasy Pills Online I hope this axiom has made you famous. According to the proverb, &#8220;An apple a day keeps the specialist at bay.&#8221; Given all of the health advantages of eating apples, this diet aphorism may not be entirely inaccurate. Some of the health advantages of eating green apples &hellip;<\/p>\n<p class=\"read-more\"> <a class=\"\" href=\"https:\/\/legitgrams.com\/hu\/termek\/valodi-zold-alma-ecstasy-tablettak\/\"> <span class=\"screen-reader-text\">V\u00e1s\u00e1rolja meg a val\u00f3di Green Apple Ecstasy tablett\u00e1k online<\/span> Olvass tov\u00e1bb \"<\/a><\/p>","protected":false},"featured_media":5203,"comment_status":"open","ping_status":"closed","template":"","meta":{"_uag_custom_page_level_css":"","site-sidebar-layout":"default","site-content-layout":"default","ast-global-header-display":"","ast-main-header-display":"","ast-hfb-above-header-display":"","ast-hfb-below-header-display":"","ast-hfb-mobile-header-display":"","site-post-title":"","ast-breadcrumbs-content":"","ast-featured-img":"","footer-sml-layout":"","theme-transparent-header-meta":"default","adv-header-id-meta":"","stick-header-meta":"default","header-above-stick-meta":"","header-main-stick-meta":"","header-below-stick-meta":"","_joinchat":[]},"product_brand":[],"product_cat":[596],"product_tag":[1292,1282,617,1274,1289,1286,1281,1279,1291,1273,1276,1284,1275,1277,1287,1294,1295,1293,1285,1290,1288,625,1280,1283,1278],"class_list":{"0":"post-4273","1":"product","2":"type-product","3":"status-publish","4":"has-post-thumbnail","6":"product_cat-ecstasy-pills-mdma","7":"product_tag-best-cheap-price-real-green-apple-ecstasy-pills","8":"product_tag-best-place-to-buy-real-green-apple-ecstasy-pills","9":"product_tag-bulk-online","10":"product_tag-buy-real-green-apple-ecstasy-pills","11":"product_tag-cheap-real-green-apple-ecstasy-pills","12":"product_tag-high-quality-real-green-apple-ecstasy-pills","13":"product_tag-how-to-buy-real-green-apple-ecstasy-pills","14":"product_tag-order-real-green-apple-ecstasy-pills","15":"product_tag-purcharse-real-green-apple-ecstasy-pills","16":"product_tag-real-green-apple-ecstasy-pills","17":"product_tag-real-green-apple-ecstasy-pills-for-sale","18":"product_tag-real-green-apple-ecstasy-pills-legally","19":"product_tag-real-green-apple-ecstasy-pills-online","20":"product_tag-real-green-apple-ecstasy-pills-real-green-apple-ecstasy-pills-supplier","21":"product_tag-real-green-apple-ecstasy-pills-store","22":"product_tag-real-green-apple-ecstasy-pills-use","23":"product_tag-real-green-apple-ecstasy-pills-wiki","24":"product_tag-real-green-apple-ecstasy-pills-worldwide","25":"product_tag-real-green-apple-ecstasy-pillsprice","26":"product_tag-real-green-apple-ecstasy-pillss","27":"product_tag-shop-real-green-apple-ecstasy-pills","28":"product_tag-top-quality","29":"product_tag-where-to-buy-real-green-apple-ecstasy-pills","30":"product_tag-where-to-order-real-green-apple-ecstasy-pills","31":"product_tag-wholesale-real-green-apple-ecstasy-pills","32":"desktop-align-left","33":"tablet-align-left","34":"mobile-align-left","35":"ast-product-gallery-layout-horizontal","36":"ast-product-gallery-with-no-image","37":"ast-product-single-variable","38":"ast-product-tabs-layout-horizontal","39":"ast-qv-on-image","41":"first","42":"instock","43":"shipping-taxable","44":"purchasable","45":"product-type-variable"},"yoast_head":"<!-- This site is optimized with the Yoast SEO plugin v25.9 - https:\/\/yoast.com\/wordpress\/plugins\/seo\/ -->\n<title>Order Real Green Apple Ecstasy Pills Online @ Best Price | LG<\/title>\n<meta name=\"description\" content=\"If you want to buy real green apple ecstasy pills online and looking for a reliable online shop, then buy here. We offer only high-quality real green apple ecstasy pills for sale at an affordable price. Order Real Green Apple Ecstasy Pills Now!\" \/>\n<meta name=\"robots\" content=\"index, follow, max-snippet:-1, max-image-preview:large, max-video-preview:-1\" \/>\n<link rel=\"canonical\" href=\"https:\/\/legitgrams.com\/hu\/termek\/valodi-zold-alma-ecstasy-tablettak\/\" \/>\n<meta property=\"og:locale\" content=\"hu_HU\" \/>\n<meta property=\"og:type\" content=\"article\" \/>\n<meta property=\"og:title\" content=\"Order Real Green Apple Ecstasy Pills Online @ Best Price | LG\" \/>\n<meta property=\"og:description\" content=\"If you want to buy real green apple ecstasy pills online and looking for a reliable online shop, then buy here. We offer only high-quality real green apple ecstasy pills for sale at an affordable price. Order Real Green Apple Ecstasy Pills Now!\" \/>\n<meta property=\"og:url\" content=\"https:\/\/legitgrams.com\/hu\/termek\/valodi-zold-alma-ecstasy-tablettak\/\" \/>\n<meta property=\"og:site_name\" content=\"Legit Grams\" \/>\n<meta property=\"article:modified_time\" content=\"2025-04-03T04:59:34+00:00\" \/>\n<meta property=\"og:image\" content=\"https:\/\/legitgrams.com\/wp-content\/uploads\/2024\/09\/order-real-green-apple-ecstasy-pills-online.jpg\" \/>\n\t<meta property=\"og:image:width\" content=\"600\" \/>\n\t<meta property=\"og:image:height\" content=\"600\" \/>\n\t<meta property=\"og:image:type\" content=\"image\/jpeg\" \/>\n<meta name=\"twitter:card\" content=\"summary_large_image\" \/>\n<meta name=\"twitter:label1\" content=\"Becs\u00fclt olvas\u00e1si id\u0151\" \/>\n\t<meta name=\"twitter:data1\" content=\"3 perc\" \/>\n<script type=\"application\/ld+json\" class=\"yoast-schema-graph\">{\"@context\":\"https:\/\/schema.org\",\"@graph\":[{\"@type\":\"WebPage\",\"@id\":\"https:\/\/legitgrams.com\/product\/real-green-apple-ecstasy-pills\/\",\"url\":\"https:\/\/legitgrams.com\/product\/real-green-apple-ecstasy-pills\/\",\"name\":\"Order Real Green Apple Ecstasy Pills Online @ Best Price | LG\",\"isPartOf\":{\"@id\":\"https:\/\/legitgrams.com\/#website\"},\"primaryImageOfPage\":{\"@id\":\"https:\/\/legitgrams.com\/product\/real-green-apple-ecstasy-pills\/#primaryimage\"},\"image\":{\"@id\":\"https:\/\/legitgrams.com\/product\/real-green-apple-ecstasy-pills\/#primaryimage\"},\"thumbnailUrl\":\"https:\/\/legitgrams.com\/wp-content\/uploads\/2024\/09\/order-real-green-apple-ecstasy-pills-online.jpg\",\"datePublished\":\"2024-09-22T08:18:05+00:00\",\"dateModified\":\"2025-04-03T04:59:34+00:00\",\"description\":\"If you want to buy real green apple ecstasy pills online and looking for a reliable online shop, then buy here. We offer only high-quality real green apple ecstasy pills for sale at an affordable price. Order Real Green Apple Ecstasy Pills Now!\",\"breadcrumb\":{\"@id\":\"https:\/\/legitgrams.com\/product\/real-green-apple-ecstasy-pills\/#breadcrumb\"},\"inLanguage\":\"hu\",\"potentialAction\":[{\"@type\":\"ReadAction\",\"target\":[\"https:\/\/legitgrams.com\/product\/real-green-apple-ecstasy-pills\/\"]}]},{\"@type\":\"ImageObject\",\"inLanguage\":\"hu\",\"@id\":\"https:\/\/legitgrams.com\/product\/real-green-apple-ecstasy-pills\/#primaryimage\",\"url\":\"https:\/\/legitgrams.com\/wp-content\/uploads\/2024\/09\/order-real-green-apple-ecstasy-pills-online.jpg\",\"contentUrl\":\"https:\/\/legitgrams.com\/wp-content\/uploads\/2024\/09\/order-real-green-apple-ecstasy-pills-online.jpg\",\"width\":600,\"height\":600,\"caption\":\"Real Green Apple Ecstasy Pills for Sale\"},{\"@type\":\"BreadcrumbList\",\"@id\":\"https:\/\/legitgrams.com\/product\/real-green-apple-ecstasy-pills\/#breadcrumb\",\"itemListElement\":[{\"@type\":\"ListItem\",\"position\":1,\"name\":\"Home\",\"item\":\"https:\/\/legitgrams.com\/\"},{\"@type\":\"ListItem\",\"position\":2,\"name\":\"Shop\",\"item\":\"https:\/\/legitgrams.com\/shop\/\"},{\"@type\":\"ListItem\",\"position\":3,\"name\":\"Buy Real Green Apple Ecstasy Pills Online\"}]},{\"@type\":\"WebSite\",\"@id\":\"https:\/\/legitgrams.com\/#website\",\"url\":\"https:\/\/legitgrams.com\/\",\"name\":\"Legit Grams\",\"description\":\"My WordPress Blog\",\"publisher\":{\"@id\":\"https:\/\/legitgrams.com\/#organization\"},\"potentialAction\":[{\"@type\":\"SearchAction\",\"target\":{\"@type\":\"EntryPoint\",\"urlTemplate\":\"https:\/\/legitgrams.com\/?s={search_term_string}\"},\"query-input\":{\"@type\":\"PropertyValueSpecification\",\"valueRequired\":true,\"valueName\":\"search_term_string\"}}],\"inLanguage\":\"hu\"},{\"@type\":\"Organization\",\"@id\":\"https:\/\/legitgrams.com\/#organization\",\"name\":\"Legit Grams\",\"url\":\"https:\/\/legitgrams.com\/\",\"logo\":{\"@type\":\"ImageObject\",\"inLanguage\":\"hu\",\"@id\":\"https:\/\/legitgrams.com\/#\/schema\/logo\/image\/\",\"url\":\"https:\/\/legitgrams.com\/wp-content\/uploads\/2024\/09\/main-logo.png\",\"contentUrl\":\"https:\/\/legitgrams.com\/wp-content\/uploads\/2024\/09\/main-logo.png\",\"width\":270,\"height\":75,\"caption\":\"Legit Grams\"},\"image\":{\"@id\":\"https:\/\/legitgrams.com\/#\/schema\/logo\/image\/\"}}]}<\/script>\n<!-- \/ Yoast SEO plugin. -->","yoast_head_json":{"title":"Rendel\u00e9s val\u00f3di Green Apple Ecstasy tablett\u00e1k Online @ Legjobb \u00e1r | LG","description":"Ha szeretne v\u00e1s\u00e1rolni val\u00f3di z\u00f6ld alma ecstasy tablett\u00e1k online \u00e9s keres egy megb\u00edzhat\u00f3 online bolt, akkor v\u00e1s\u00e1rolni itt. Csak kiv\u00e1l\u00f3 min\u0151s\u00e9g\u0171 val\u00f3di z\u00f6ld alma ecstasy tablett\u00e1kat k\u00edn\u00e1lunk megfizethet\u0151 \u00e1ron. Rendeljen val\u00f3di z\u00f6ld alma ecstasy tablett\u00e1t most!","robots":{"index":"index","follow":"follow","max-snippet":"max-snippet:-1","max-image-preview":"max-image-preview:large","max-video-preview":"max-video-preview:-1"},"canonical":"https:\/\/legitgrams.com\/hu\/termek\/valodi-zold-alma-ecstasy-tablettak\/","og_locale":"hu_HU","og_type":"article","og_title":"Order Real Green Apple Ecstasy Pills Online @ Best Price | LG","og_description":"If you want to buy real green apple ecstasy pills online and looking for a reliable online shop, then buy here. We offer only high-quality real green apple ecstasy pills for sale at an affordable price. Order Real Green Apple Ecstasy Pills Now!","og_url":"https:\/\/legitgrams.com\/hu\/termek\/valodi-zold-alma-ecstasy-tablettak\/","og_site_name":"Legit Grams","article_modified_time":"2025-04-03T04:59:34+00:00","og_image":[{"width":600,"height":600,"url":"https:\/\/legitgrams.com\/wp-content\/uploads\/2024\/09\/order-real-green-apple-ecstasy-pills-online.jpg","type":"image\/jpeg"}],"twitter_card":"summary_large_image","twitter_misc":{"Becs\u00fclt olvas\u00e1si id\u0151":"3 perc"},"schema":{"@context":"https:\/\/schema.org","@graph":[{"@type":"WebPage","@id":"https:\/\/legitgrams.com\/product\/real-green-apple-ecstasy-pills\/","url":"https:\/\/legitgrams.com\/product\/real-green-apple-ecstasy-pills\/","name":"Rendel\u00e9s val\u00f3di Green Apple Ecstasy tablett\u00e1k Online @ Legjobb \u00e1r | LG","isPartOf":{"@id":"https:\/\/legitgrams.com\/#website"},"primaryImageOfPage":{"@id":"https:\/\/legitgrams.com\/product\/real-green-apple-ecstasy-pills\/#primaryimage"},"image":{"@id":"https:\/\/legitgrams.com\/product\/real-green-apple-ecstasy-pills\/#primaryimage"},"thumbnailUrl":"https:\/\/legitgrams.com\/wp-content\/uploads\/2024\/09\/order-real-green-apple-ecstasy-pills-online.jpg","datePublished":"2024-09-22T08:18:05+00:00","dateModified":"2025-04-03T04:59:34+00:00","description":"Ha szeretne v\u00e1s\u00e1rolni val\u00f3di z\u00f6ld alma ecstasy tablett\u00e1k online \u00e9s keres egy megb\u00edzhat\u00f3 online bolt, akkor v\u00e1s\u00e1rolni itt. Csak kiv\u00e1l\u00f3 min\u0151s\u00e9g\u0171 val\u00f3di z\u00f6ld alma ecstasy tablett\u00e1kat k\u00edn\u00e1lunk megfizethet\u0151 \u00e1ron. Rendeljen val\u00f3di z\u00f6ld alma ecstasy tablett\u00e1t most!","breadcrumb":{"@id":"https:\/\/legitgrams.com\/product\/real-green-apple-ecstasy-pills\/#breadcrumb"},"inLanguage":"hu","potentialAction":[{"@type":"ReadAction","target":["https:\/\/legitgrams.com\/product\/real-green-apple-ecstasy-pills\/"]}]},{"@type":"ImageObject","inLanguage":"hu","@id":"https:\/\/legitgrams.com\/product\/real-green-apple-ecstasy-pills\/#primaryimage","url":"https:\/\/legitgrams.com\/wp-content\/uploads\/2024\/09\/order-real-green-apple-ecstasy-pills-online.jpg","contentUrl":"https:\/\/legitgrams.com\/wp-content\/uploads\/2024\/09\/order-real-green-apple-ecstasy-pills-online.jpg","width":600,"height":600,"caption":"Real Green Apple Ecstasy Pills for Sale"},{"@type":"BreadcrumbList","@id":"https:\/\/legitgrams.com\/product\/real-green-apple-ecstasy-pills\/#breadcrumb","itemListElement":[{"@type":"ListItem","position":1,"name":"Home","item":"https:\/\/legitgrams.com\/"},{"@type":"ListItem","position":2,"name":"Shop","item":"https:\/\/legitgrams.com\/shop\/"},{"@type":"ListItem","position":3,"name":"Buy Real Green Apple Ecstasy Pills Online"}]},{"@type":"WebSite","@id":"https:\/\/legitgrams.com\/#website","url":"https:\/\/legitgrams.com\/","name":"Legit Grams","description":"Az \u00e9n WordPress blogom","publisher":{"@id":"https:\/\/legitgrams.com\/#organization"},"potentialAction":[{"@type":"SearchAction","target":{"@type":"EntryPoint","urlTemplate":"https:\/\/legitgrams.com\/?s={search_term_string}"},"query-input":{"@type":"PropertyValueSpecification","valueRequired":true,"valueName":"search_term_string"}}],"inLanguage":"hu"},{"@type":"Organization","@id":"https:\/\/legitgrams.com\/#organization","name":"Legit Grams","url":"https:\/\/legitgrams.com\/","logo":{"@type":"ImageObject","inLanguage":"hu","@id":"https:\/\/legitgrams.com\/#\/schema\/logo\/image\/","url":"https:\/\/legitgrams.com\/wp-content\/uploads\/2024\/09\/main-logo.png","contentUrl":"https:\/\/legitgrams.com\/wp-content\/uploads\/2024\/09\/main-logo.png","width":270,"height":75,"caption":"Legit Grams"},"image":{"@id":"https:\/\/legitgrams.com\/#\/schema\/logo\/image\/"}}]}},"uagb_featured_image_src":{"full":["https:\/\/legitgrams.com\/wp-content\/uploads\/2024\/09\/order-real-green-apple-ecstasy-pills-online.jpg",600,600,false],"thumbnail":["https:\/\/legitgrams.com\/wp-content\/uploads\/2024\/09\/order-real-green-apple-ecstasy-pills-online-150x150.jpg",150,150,true],"medium":["https:\/\/legitgrams.com\/wp-content\/uploads\/2024\/09\/order-real-green-apple-ecstasy-pills-online-300x300.jpg",300,300,true],"medium_large":["https:\/\/legitgrams.com\/wp-content\/uploads\/2024\/09\/order-real-green-apple-ecstasy-pills-online.jpg",600,600,false],"large":["https:\/\/legitgrams.com\/wp-content\/uploads\/2024\/09\/order-real-green-apple-ecstasy-pills-online.jpg",600,600,false],"1536x1536":["https:\/\/legitgrams.com\/wp-content\/uploads\/2024\/09\/order-real-green-apple-ecstasy-pills-online.jpg",600,600,false],"2048x2048":["https:\/\/legitgrams.com\/wp-content\/uploads\/2024\/09\/order-real-green-apple-ecstasy-pills-online.jpg",600,600,false],"trp-custom-language-flag":["https:\/\/legitgrams.com\/wp-content\/uploads\/2024\/09\/order-real-green-apple-ecstasy-pills-online-12x12.jpg",12,12,true],"woocommerce_thumbnail":["https:\/\/legitgrams.com\/wp-content\/uploads\/2024\/09\/order-real-green-apple-ecstasy-pills-online-300x300.jpg",300,300,true],"woocommerce_single":["https:\/\/legitgrams.com\/wp-content\/uploads\/2024\/09\/order-real-green-apple-ecstasy-pills-online.jpg",600,600,false],"woocommerce_gallery_thumbnail":["https:\/\/legitgrams.com\/wp-content\/uploads\/2024\/09\/order-real-green-apple-ecstasy-pills-online-100x100.jpg",100,100,true]},"uagb_author_info":{"display_name":"cokeblog18","author_link":"https:\/\/legitgrams.com\/hu\/author\/"},"uagb_comment_info":0,"uagb_excerpt":"Purchase of Genuine Green Apple Ecstasy Pills Online I hope this axiom has made you famous. According to the proverb, &#8220;An apple a day keeps the specialist at bay.&#8221; Given all of the health advantages of eating apples, this diet aphorism may not be entirely inaccurate. Some of the health advantages of eating green apples&hellip;","_links":{"self":[{"href":"https:\/\/legitgrams.com\/hu\/wp-json\/wp\/v2\/product\/4273","targetHints":{"allow":["GET"]}}],"collection":[{"href":"https:\/\/legitgrams.com\/hu\/wp-json\/wp\/v2\/product"}],"about":[{"href":"https:\/\/legitgrams.com\/hu\/wp-json\/wp\/v2\/types\/product"}],"replies":[{"embeddable":true,"href":"https:\/\/legitgrams.com\/hu\/wp-json\/wp\/v2\/comments?post=4273"}],"wp:featuredmedia":[{"embeddable":true,"href":"https:\/\/legitgrams.com\/hu\/wp-json\/wp\/v2\/media\/5203"}],"wp:attachment":[{"href":"https:\/\/legitgrams.com\/hu\/wp-json\/wp\/v2\/media?parent=4273"}],"wp:term":[{"taxonomy":"product_brand","embeddable":true,"href":"https:\/\/legitgrams.com\/hu\/wp-json\/wp\/v2\/product_brand?post=4273"},{"taxonomy":"product_cat","embeddable":true,"href":"https:\/\/legitgrams.com\/hu\/wp-json\/wp\/v2\/product_cat?post=4273"},{"taxonomy":"product_tag","embeddable":true,"href":"https:\/\/legitgrams.com\/hu\/wp-json\/wp\/v2\/product_tag?post=4273"}],"curies":[{"name":"wp","href":"https:\/\/api.w.org\/{rel}","templated":true}]}}