{"id":4274,"date":"2024-09-22T08:19:29","date_gmt":"2024-09-22T08:19:29","guid":{"rendered":"https:\/\/legitgrams.com\/?post_type=product&#038;p=4274"},"modified":"2026-03-21T18:43:17","modified_gmt":"2026-03-21T18:43:17","slug":"xtc-philipp-plein-kek-524-mg-mdma-tablettak","status":"publish","type":"product","link":"https:\/\/legitgrams.com\/hu\/termek\/xtc-philipp-plein-kek-524-mg-mdma-tablettak\/","title":{"rendered":"V\u00e1s\u00e1rl\u00e1s XTC- Philipp Plein Blue- 524 mg MDMA tablett\u00e1k Online"},"content":{"rendered":"<h2>V\u00e1s\u00e1roljon 524 mg XTC-Philip Plein Blue MDMA tablett\u00e1t online.<br \/>\nMi az ecstasy vagy mdma?<\/h2>\n<p>Az ecstasy szintetikus pszichoakt\u00edv anyag (<a href=\"https:\/\/www.bing.com\/search?q=XTC-%20Philipp%20Plein%20Blue-%20524%20mg%20MDMA%20pills&amp;qs=n&amp;form=QBRE&amp;sp=-1&amp;lq=0&amp;pq=xtc-%20philipp%20plein%20blue-%20524%20mg%20mdma%20pills&amp;sc=0-42&amp;sk=&amp;cvid=88AE6535F3A04F5A83661E6468ACED0A&amp;ghsh=0&amp;ghacc=0&amp;ghpl=\">MDMA, 3,4 methylenedioxymethamphetamine<\/a>) shares chemical similarities with the stimulant methamphetamine and the hallucinogen mescaline. Temporal and perceptional distortions, an increase in the enjoyment of tactile stimuli, and a stimulant impact are all caused by this illegal substance&#8217;s psychedelic and stimulant qualities. <a style=\"font-size: 16px; background-color: #ffffff;\" href=\"https:\/\/legitgrams.com\/hu\/\">LegitGrams<\/a><\/p>\n<p>V\u00e1s\u00e1rl\u00e1s<a href=\"https:\/\/legitgrams.com\/hu\/termek\/xtc-philipp-plein-kek-524-mg-mdma-tablettak\/\"> XTC- Philipp Plein Blue-524 mg MDMA tablett\u00e1k <\/a>online \u2013 v\u00e1s\u00e1roljon MDMA tablett\u00e1t, v\u00e1s\u00e1roljon XTC-Philip Plein Blue-524 mg MDMA tablett\u00e1t, v\u00e1s\u00e1roljon XTC-Philip Plein Blue-524 mg MDMA tablett\u00e1t online, hol v\u00e1s\u00e1roljon XTC-Philip Plein Blue-524 mg MDMA tablett\u00e1t, v\u00e1s\u00e1roljon MDMA-t online, v\u00e1s\u00e1roljon XTC-Philip Plein Blue-524 mg-ot, hol v\u00e1s\u00e1rolhat IMDMA tablett\u00e1t<a href=\"https:\/\/www.google.com\/search?q=Vsroljon+XTC-+Philipp+Plein+Blue-+524+mg+MDMA+tablettt+online&amp;sca_esv=eddefdb7b92e7545&amp;sxsrf=AHTn8zpPrdDpmxq0MMyO9zmxKzZ6LVkrag1743622079423&amp;ei=v4_tZ-q9Gbry0PEPjdqYiQM&amp;ved=0ahUKEwiqmaq1irqMAxU6OTQIHQ0tJjEQ4dUDCBA&amp;uact=5&amp;oq=Vsroljon+XTC-+Philipp+Plein+Blue-+524+mg+MDMA+tablettt+online&amp;gs_lp=Egxnd3Mtd2l6LXNlcnAiQ1bDoXPDoXJvbGpvbiBYVEMtIFBoaWxpcHAgUGxlaW4gQmx1ZS0gNTI0IG1nIE1ETUEgdGFibGV0dMOhdCBvbmxpbmVIuARQAFgAcAB4AJABAJgB_QOgAf0DqgEDNS0xuAEDyAEA-AEC-AEBmAIAoAIAmAMAkgcAoAd3sgcAuAcA&amp;sclient=gws-wiz-serp\"> XTC-Philipp Plein Blue 524 mg MDMA tablett\u00e1k<\/a>? Hol tudok online v\u00e1s\u00e1rolni 524 mg hat\u00f3anyag tartalm\u00fa MDMA tablett\u00e1t? Hol v\u00e1s\u00e1rolhatok online 524 mg-os MDMA tablett\u00e1t? Philipp Plein Blue (XTC): 524 mg-os MDMA tabletta kaphat\u00f3 az Egyes\u00fclt \u00c1llamokban, Kanad\u00e1ban \u00e9s az Egyes\u00fclt Kir\u00e1lys\u00e1gban? v\u00e1s\u00e1rl\u00e1s, internet, szolg\u00e1ltat\u00f3, biztons\u00e1gos sz\u00e1ll\u00edt\u00e1s, XTC-Philip Plein <a href=\"https:\/\/duckduckgo.com\/?q=XTC-+Philipp+Plein+Blue-+524+mg+MDMA+pills&amp;t=h_&amp;ia=web\">K\u00e9k-524 mg MDMA tabletta<\/a> M\u00e9g mindig el\u00e9rhet\u0151ek. Ezenk\u00edv\u00fcl meghat\u00e1rozhatja, hogy az XTC-Philipp Plein Blue-524 mg-MDMA tablett\u00e1k leg\u00e1lisak-e az Egyes\u00fclt \u00c1llamokban, \u00e9s hogyan rendelheti meg \u0151ket. <a href=\"https:\/\/en.wikipedia.org\/wiki\/XTC\">XTC<\/a>- Philipp Plein Blue-524 mg MDMA tablett\u00e1k, \u00e9s hogy leg\u00e1lisak-e Kanad\u00e1ban.<\/p>","protected":false},"excerpt":{"rendered":"<p><strong>Color: Blue<\/strong><br \/>\n<strong>Size: 524 mg<\/strong><\/p>","protected":false},"featured_media":5204,"comment_status":"open","ping_status":"closed","template":"","meta":{"_uag_custom_page_level_css":"","site-sidebar-layout":"default","site-content-layout":"default","ast-global-header-display":"","ast-main-header-display":"","ast-hfb-above-header-display":"","ast-hfb-below-header-display":"","ast-hfb-mobile-header-display":"","site-post-title":"","ast-breadcrumbs-content":"","ast-featured-img":"","footer-sml-layout":"","theme-transparent-header-meta":"default","adv-header-id-meta":"","stick-header-meta":"default","header-above-stick-meta":"","header-main-stick-meta":"","header-below-stick-meta":"","_joinchat":[]},"product_brand":[],"product_cat":[596],"product_tag":[1269,1259,617,1251,1266,1263,1258,1256,1268,1265,625,1257,1260,1255,1250,1253,1261,1252,1264,1271,1272,1270,1254,1262,1267],"class_list":{"0":"post-4274","1":"product","2":"type-product","3":"status-publish","4":"has-post-thumbnail","6":"product_cat-ecstasy-pills-mdma","7":"product_tag-best-cheap-price-xtc-philipp-plein-blue","8":"product_tag-best-place-to-buy-xtc-philipp-plein-blue","9":"product_tag-bulk-online","10":"product_tag-buy-xtc-philipp-plein-blue","11":"product_tag-cheap-xtc-philipp-plein-blue","12":"product_tag-high-quality-xtc-philipp-plein-blue","13":"product_tag-how-to-buy-xtc-philipp-plein-blue","14":"product_tag-order-xtc-philipp-plein-blue","15":"product_tag-purcharse-xtc-philipp-plein-blue","16":"product_tag-shop-xtc-philipp-plein-blue","17":"product_tag-top-quality","18":"product_tag-where-to-buy-xtc-philipp-plein-blue","19":"product_tag-where-to-order-xtc-philipp-plein-blue","20":"product_tag-wholesale-xtc-philipp-plein-blue","21":"product_tag-xtc-philipp-plein-blue","22":"product_tag-xtc-philipp-plein-blue-for-sale","23":"product_tag-xtc-philipp-plein-blue-legally","24":"product_tag-xtc-philipp-plein-blue-online","25":"product_tag-xtc-philipp-plein-blue-store","26":"product_tag-xtc-philipp-plein-blue-use","27":"product_tag-xtc-philipp-plein-blue-wiki","28":"product_tag-xtc-philipp-plein-blue-worldwide","29":"product_tag-xtc-philipp-plein-blue-xtc-philipp-plein-blue-supplier","30":"product_tag-xtc-philipp-plein-blueprice","31":"product_tag-xtc-philipp-plein-blues","32":"desktop-align-left","33":"tablet-align-left","34":"mobile-align-left","35":"ast-product-gallery-layout-horizontal","36":"ast-product-gallery-with-no-image","37":"ast-product-single-variable","38":"ast-product-tabs-layout-horizontal","39":"ast-qv-on-image","41":"first","42":"instock","43":"shipping-taxable","44":"purchasable","45":"product-type-variable","46":"has-default-attributes"},"yoast_head":"<!-- This site is optimized with the Yoast SEO plugin v25.9 - https:\/\/yoast.com\/wordpress\/plugins\/seo\/ -->\n<title>Buy XTC- Philipp Plein Blue 524 mg MDMA Pills Online | | LG<\/title>\n<meta name=\"description\" content=\"If you want to buy XTC- Philipp Plein Blue- 524 mg MDMA Pills online and looking for a reliable online store, then buy here. We offer only high-quality XTC- Philipp Plein Blue- 524 mg MDMA Pills for sale at an affordable price.\" \/>\n<meta name=\"robots\" content=\"index, follow, max-snippet:-1, max-image-preview:large, max-video-preview:-1\" \/>\n<link rel=\"canonical\" href=\"https:\/\/legitgrams.com\/hu\/termek\/xtc-philipp-plein-kek-524-mg-mdma-tablettak\/\" \/>\n<meta property=\"og:locale\" content=\"hu_HU\" \/>\n<meta property=\"og:type\" content=\"article\" \/>\n<meta property=\"og:title\" content=\"Buy XTC- Philipp Plein Blue 524 mg MDMA Pills Online | | LG\" \/>\n<meta property=\"og:description\" content=\"If you want to buy XTC- Philipp Plein Blue- 524 mg MDMA Pills online and looking for a reliable online store, then buy here. We offer only high-quality XTC- Philipp Plein Blue- 524 mg MDMA Pills for sale at an affordable price.\" \/>\n<meta property=\"og:url\" content=\"https:\/\/legitgrams.com\/hu\/termek\/xtc-philipp-plein-kek-524-mg-mdma-tablettak\/\" \/>\n<meta property=\"og:site_name\" content=\"Legit Grams\" \/>\n<meta property=\"article:modified_time\" content=\"2026-03-21T18:43:17+00:00\" \/>\n<meta property=\"og:image\" content=\"https:\/\/legitgrams.com\/wp-content\/uploads\/2024\/09\/buy-xtc-philipp-plein-blue-524-mg-mdma-pills-online.jpg\" \/>\n\t<meta property=\"og:image:width\" content=\"600\" \/>\n\t<meta property=\"og:image:height\" content=\"600\" \/>\n\t<meta property=\"og:image:type\" content=\"image\/jpeg\" \/>\n<meta name=\"twitter:card\" content=\"summary_large_image\" \/>\n<meta name=\"twitter:label1\" content=\"Becs\u00fclt olvas\u00e1si id\u0151\" \/>\n\t<meta name=\"twitter:data1\" content=\"2 perc\" \/>\n<script type=\"application\/ld+json\" class=\"yoast-schema-graph\">{\"@context\":\"https:\/\/schema.org\",\"@graph\":[{\"@type\":\"WebPage\",\"@id\":\"https:\/\/legitgrams.com\/product\/xtc-philipp-plein-blue-524-mg-mdma-pills\/\",\"url\":\"https:\/\/legitgrams.com\/product\/xtc-philipp-plein-blue-524-mg-mdma-pills\/\",\"name\":\"Buy XTC- Philipp Plein Blue 524 mg MDMA Pills Online | | LG\",\"isPartOf\":{\"@id\":\"https:\/\/legitgrams.com\/#website\"},\"primaryImageOfPage\":{\"@id\":\"https:\/\/legitgrams.com\/product\/xtc-philipp-plein-blue-524-mg-mdma-pills\/#primaryimage\"},\"image\":{\"@id\":\"https:\/\/legitgrams.com\/product\/xtc-philipp-plein-blue-524-mg-mdma-pills\/#primaryimage\"},\"thumbnailUrl\":\"https:\/\/legitgrams.com\/wp-content\/uploads\/2024\/09\/buy-xtc-philipp-plein-blue-524-mg-mdma-pills-online.jpg\",\"datePublished\":\"2024-09-22T08:19:29+00:00\",\"dateModified\":\"2026-03-21T18:43:17+00:00\",\"description\":\"If you want to buy XTC- Philipp Plein Blue- 524 mg MDMA Pills online and looking for a reliable online store, then buy here. We offer only high-quality XTC- Philipp Plein Blue- 524 mg MDMA Pills for sale at an affordable price.\",\"breadcrumb\":{\"@id\":\"https:\/\/legitgrams.com\/product\/xtc-philipp-plein-blue-524-mg-mdma-pills\/#breadcrumb\"},\"inLanguage\":\"hu\",\"potentialAction\":[{\"@type\":\"ReadAction\",\"target\":[\"https:\/\/legitgrams.com\/product\/xtc-philipp-plein-blue-524-mg-mdma-pills\/\"]}]},{\"@type\":\"ImageObject\",\"inLanguage\":\"hu\",\"@id\":\"https:\/\/legitgrams.com\/product\/xtc-philipp-plein-blue-524-mg-mdma-pills\/#primaryimage\",\"url\":\"https:\/\/legitgrams.com\/wp-content\/uploads\/2024\/09\/buy-xtc-philipp-plein-blue-524-mg-mdma-pills-online.jpg\",\"contentUrl\":\"https:\/\/legitgrams.com\/wp-content\/uploads\/2024\/09\/buy-xtc-philipp-plein-blue-524-mg-mdma-pills-online.jpg\",\"width\":600,\"height\":600,\"caption\":\"XTC- Philipp Plein Blue- 524 mg MDMA Pills for Sale\"},{\"@type\":\"BreadcrumbList\",\"@id\":\"https:\/\/legitgrams.com\/product\/xtc-philipp-plein-blue-524-mg-mdma-pills\/#breadcrumb\",\"itemListElement\":[{\"@type\":\"ListItem\",\"position\":1,\"name\":\"Home\",\"item\":\"https:\/\/legitgrams.com\/\"},{\"@type\":\"ListItem\",\"position\":2,\"name\":\"Shop\",\"item\":\"https:\/\/legitgrams.com\/shop\/\"},{\"@type\":\"ListItem\",\"position\":3,\"name\":\"Buy XTC- Philipp Plein Blue- 524 mg MDMA pills Online\"}]},{\"@type\":\"WebSite\",\"@id\":\"https:\/\/legitgrams.com\/#website\",\"url\":\"https:\/\/legitgrams.com\/\",\"name\":\"Legit Grams\",\"description\":\"My WordPress Blog\",\"publisher\":{\"@id\":\"https:\/\/legitgrams.com\/#organization\"},\"potentialAction\":[{\"@type\":\"SearchAction\",\"target\":{\"@type\":\"EntryPoint\",\"urlTemplate\":\"https:\/\/legitgrams.com\/?s={search_term_string}\"},\"query-input\":{\"@type\":\"PropertyValueSpecification\",\"valueRequired\":true,\"valueName\":\"search_term_string\"}}],\"inLanguage\":\"hu\"},{\"@type\":\"Organization\",\"@id\":\"https:\/\/legitgrams.com\/#organization\",\"name\":\"Legit Grams\",\"url\":\"https:\/\/legitgrams.com\/\",\"logo\":{\"@type\":\"ImageObject\",\"inLanguage\":\"hu\",\"@id\":\"https:\/\/legitgrams.com\/#\/schema\/logo\/image\/\",\"url\":\"https:\/\/legitgrams.com\/wp-content\/uploads\/2024\/09\/main-logo.png\",\"contentUrl\":\"https:\/\/legitgrams.com\/wp-content\/uploads\/2024\/09\/main-logo.png\",\"width\":270,\"height\":75,\"caption\":\"Legit Grams\"},\"image\":{\"@id\":\"https:\/\/legitgrams.com\/#\/schema\/logo\/image\/\"}}]}<\/script>\n<!-- \/ Yoast SEO plugin. -->","yoast_head_json":{"title":"V\u00e1s\u00e1roljon XTC- Philipp Plein Blue 524 mg MDMA tablett\u00e1t online | | LG","description":"Ha szeretne v\u00e1s\u00e1rolni XTC- Philipp Plein Blue- 524 mg MDMA tablett\u00e1t online \u00e9s megb\u00edzhat\u00f3 online \u00e1ruh\u00e1zat keres, akkor v\u00e1s\u00e1roljon itt. Csak kiv\u00e1l\u00f3 min\u0151s\u00e9g\u0171 XTC- Philipp Plein Blue- 524 mg MDMA Pills elad\u00f3 megfizethet\u0151 \u00e1ron k\u00edn\u00e1lunk.","robots":{"index":"index","follow":"follow","max-snippet":"max-snippet:-1","max-image-preview":"max-image-preview:large","max-video-preview":"max-video-preview:-1"},"canonical":"https:\/\/legitgrams.com\/hu\/termek\/xtc-philipp-plein-kek-524-mg-mdma-tablettak\/","og_locale":"hu_HU","og_type":"article","og_title":"Buy XTC- Philipp Plein Blue 524 mg MDMA Pills Online | | LG","og_description":"If you want to buy XTC- Philipp Plein Blue- 524 mg MDMA Pills online and looking for a reliable online store, then buy here. We offer only high-quality XTC- Philipp Plein Blue- 524 mg MDMA Pills for sale at an affordable price.","og_url":"https:\/\/legitgrams.com\/hu\/termek\/xtc-philipp-plein-kek-524-mg-mdma-tablettak\/","og_site_name":"Legit Grams","article_modified_time":"2026-03-21T18:43:17+00:00","og_image":[{"width":600,"height":600,"url":"https:\/\/legitgrams.com\/wp-content\/uploads\/2024\/09\/buy-xtc-philipp-plein-blue-524-mg-mdma-pills-online.jpg","type":"image\/jpeg"}],"twitter_card":"summary_large_image","twitter_misc":{"Becs\u00fclt olvas\u00e1si id\u0151":"2 perc"},"schema":{"@context":"https:\/\/schema.org","@graph":[{"@type":"WebPage","@id":"https:\/\/legitgrams.com\/product\/xtc-philipp-plein-blue-524-mg-mdma-pills\/","url":"https:\/\/legitgrams.com\/product\/xtc-philipp-plein-blue-524-mg-mdma-pills\/","name":"V\u00e1s\u00e1roljon XTC- Philipp Plein Blue 524 mg MDMA tablett\u00e1t online | | LG","isPartOf":{"@id":"https:\/\/legitgrams.com\/#website"},"primaryImageOfPage":{"@id":"https:\/\/legitgrams.com\/product\/xtc-philipp-plein-blue-524-mg-mdma-pills\/#primaryimage"},"image":{"@id":"https:\/\/legitgrams.com\/product\/xtc-philipp-plein-blue-524-mg-mdma-pills\/#primaryimage"},"thumbnailUrl":"https:\/\/legitgrams.com\/wp-content\/uploads\/2024\/09\/buy-xtc-philipp-plein-blue-524-mg-mdma-pills-online.jpg","datePublished":"2024-09-22T08:19:29+00:00","dateModified":"2026-03-21T18:43:17+00:00","description":"Ha szeretne v\u00e1s\u00e1rolni XTC- Philipp Plein Blue- 524 mg MDMA tablett\u00e1t online \u00e9s megb\u00edzhat\u00f3 online \u00e1ruh\u00e1zat keres, akkor v\u00e1s\u00e1roljon itt. Csak kiv\u00e1l\u00f3 min\u0151s\u00e9g\u0171 XTC- Philipp Plein Blue- 524 mg MDMA Pills elad\u00f3 megfizethet\u0151 \u00e1ron k\u00edn\u00e1lunk.","breadcrumb":{"@id":"https:\/\/legitgrams.com\/product\/xtc-philipp-plein-blue-524-mg-mdma-pills\/#breadcrumb"},"inLanguage":"hu","potentialAction":[{"@type":"ReadAction","target":["https:\/\/legitgrams.com\/product\/xtc-philipp-plein-blue-524-mg-mdma-pills\/"]}]},{"@type":"ImageObject","inLanguage":"hu","@id":"https:\/\/legitgrams.com\/product\/xtc-philipp-plein-blue-524-mg-mdma-pills\/#primaryimage","url":"https:\/\/legitgrams.com\/wp-content\/uploads\/2024\/09\/buy-xtc-philipp-plein-blue-524-mg-mdma-pills-online.jpg","contentUrl":"https:\/\/legitgrams.com\/wp-content\/uploads\/2024\/09\/buy-xtc-philipp-plein-blue-524-mg-mdma-pills-online.jpg","width":600,"height":600,"caption":"XTC- Philipp Plein Blue- 524 mg MDMA Pills for Sale"},{"@type":"BreadcrumbList","@id":"https:\/\/legitgrams.com\/product\/xtc-philipp-plein-blue-524-mg-mdma-pills\/#breadcrumb","itemListElement":[{"@type":"ListItem","position":1,"name":"Home","item":"https:\/\/legitgrams.com\/"},{"@type":"ListItem","position":2,"name":"Shop","item":"https:\/\/legitgrams.com\/shop\/"},{"@type":"ListItem","position":3,"name":"Buy XTC- Philipp Plein Blue- 524 mg MDMA pills Online"}]},{"@type":"WebSite","@id":"https:\/\/legitgrams.com\/#website","url":"https:\/\/legitgrams.com\/","name":"Legit Grams","description":"Az \u00e9n WordPress blogom","publisher":{"@id":"https:\/\/legitgrams.com\/#organization"},"potentialAction":[{"@type":"SearchAction","target":{"@type":"EntryPoint","urlTemplate":"https:\/\/legitgrams.com\/?s={search_term_string}"},"query-input":{"@type":"PropertyValueSpecification","valueRequired":true,"valueName":"search_term_string"}}],"inLanguage":"hu"},{"@type":"Organization","@id":"https:\/\/legitgrams.com\/#organization","name":"Legit Grams","url":"https:\/\/legitgrams.com\/","logo":{"@type":"ImageObject","inLanguage":"hu","@id":"https:\/\/legitgrams.com\/#\/schema\/logo\/image\/","url":"https:\/\/legitgrams.com\/wp-content\/uploads\/2024\/09\/main-logo.png","contentUrl":"https:\/\/legitgrams.com\/wp-content\/uploads\/2024\/09\/main-logo.png","width":270,"height":75,"caption":"Legit Grams"},"image":{"@id":"https:\/\/legitgrams.com\/#\/schema\/logo\/image\/"}}]}},"uagb_featured_image_src":{"full":["https:\/\/legitgrams.com\/wp-content\/uploads\/2024\/09\/buy-xtc-philipp-plein-blue-524-mg-mdma-pills-online.jpg",600,600,false],"thumbnail":["https:\/\/legitgrams.com\/wp-content\/uploads\/2024\/09\/buy-xtc-philipp-plein-blue-524-mg-mdma-pills-online-150x150.jpg",150,150,true],"medium":["https:\/\/legitgrams.com\/wp-content\/uploads\/2024\/09\/buy-xtc-philipp-plein-blue-524-mg-mdma-pills-online-300x300.jpg",300,300,true],"medium_large":["https:\/\/legitgrams.com\/wp-content\/uploads\/2024\/09\/buy-xtc-philipp-plein-blue-524-mg-mdma-pills-online.jpg",600,600,false],"large":["https:\/\/legitgrams.com\/wp-content\/uploads\/2024\/09\/buy-xtc-philipp-plein-blue-524-mg-mdma-pills-online.jpg",600,600,false],"1536x1536":["https:\/\/legitgrams.com\/wp-content\/uploads\/2024\/09\/buy-xtc-philipp-plein-blue-524-mg-mdma-pills-online.jpg",600,600,false],"2048x2048":["https:\/\/legitgrams.com\/wp-content\/uploads\/2024\/09\/buy-xtc-philipp-plein-blue-524-mg-mdma-pills-online.jpg",600,600,false],"trp-custom-language-flag":["https:\/\/legitgrams.com\/wp-content\/uploads\/2024\/09\/buy-xtc-philipp-plein-blue-524-mg-mdma-pills-online-12x12.jpg",12,12,true],"woocommerce_thumbnail":["https:\/\/legitgrams.com\/wp-content\/uploads\/2024\/09\/buy-xtc-philipp-plein-blue-524-mg-mdma-pills-online-300x300.jpg",300,300,true],"woocommerce_single":["https:\/\/legitgrams.com\/wp-content\/uploads\/2024\/09\/buy-xtc-philipp-plein-blue-524-mg-mdma-pills-online.jpg",600,600,false],"woocommerce_gallery_thumbnail":["https:\/\/legitgrams.com\/wp-content\/uploads\/2024\/09\/buy-xtc-philipp-plein-blue-524-mg-mdma-pills-online-100x100.jpg",100,100,true]},"uagb_author_info":{"display_name":"cokeblog18","author_link":"https:\/\/legitgrams.com\/hu\/author\/"},"uagb_comment_info":9,"uagb_excerpt":"Color: Blue Size: 524 mg","_links":{"self":[{"href":"https:\/\/legitgrams.com\/hu\/wp-json\/wp\/v2\/product\/4274","targetHints":{"allow":["GET"]}}],"collection":[{"href":"https:\/\/legitgrams.com\/hu\/wp-json\/wp\/v2\/product"}],"about":[{"href":"https:\/\/legitgrams.com\/hu\/wp-json\/wp\/v2\/types\/product"}],"replies":[{"embeddable":true,"href":"https:\/\/legitgrams.com\/hu\/wp-json\/wp\/v2\/comments?post=4274"}],"wp:featuredmedia":[{"embeddable":true,"href":"https:\/\/legitgrams.com\/hu\/wp-json\/wp\/v2\/media\/5204"}],"wp:attachment":[{"href":"https:\/\/legitgrams.com\/hu\/wp-json\/wp\/v2\/media?parent=4274"}],"wp:term":[{"taxonomy":"product_brand","embeddable":true,"href":"https:\/\/legitgrams.com\/hu\/wp-json\/wp\/v2\/product_brand?post=4274"},{"taxonomy":"product_cat","embeddable":true,"href":"https:\/\/legitgrams.com\/hu\/wp-json\/wp\/v2\/product_cat?post=4274"},{"taxonomy":"product_tag","embeddable":true,"href":"https:\/\/legitgrams.com\/hu\/wp-json\/wp\/v2\/product_tag?post=4274"}],"curies":[{"name":"wp","href":"https:\/\/api.w.org\/{rel}","templated":true}]}}