{"id":4276,"date":"2024-09-22T08:21:57","date_gmt":"2024-09-22T08:21:57","guid":{"rendered":"https:\/\/legitgrams.com\/?post_type=product&#038;p=4276"},"modified":"2025-01-15T05:16:01","modified_gmt":"2025-01-15T05:16:01","slug":"valodi-minosegi-tesla-ecstasy-tablettak","status":"publish","type":"product","link":"https:\/\/legitgrams.com\/hu\/termek\/valodi-minosegi-tesla-ecstasy-tablettak\/","title":{"rendered":"val\u00f3di min\u0151s\u00e9gi Tesla ecstasy tablett\u00e1k"},"content":{"rendered":"<h2>V\u00e1s\u00e1roljon hiteles, kiv\u00e1l\u00f3 min\u0151s\u00e9g\u0171 Tesla ecstasy tablett\u00e1kat online.<br \/>\nMi az ecstasy?<\/h2>\n<p>Az ecstasy szintetikus pszichoakt\u00edv anyag (MDMA, 3,4-metil\u00e9n-dioxi-metamfetamin) k\u00e9miailag hasonl\u00f3 a stimul\u00e1ns metamfetaminnal \u00e9s a hallucinog\u00e9n meszkalinnal. Az id\u0151beli \u00e9s \u00e9szlel\u00e9si torzul\u00e1sokat, a tapint\u00e1si ingerek \u00e9lvezet\u00e9nek fokoz\u00f3d\u00e1s\u00e1t \u00e9s a stimul\u00e1l\u00f3 hat\u00e1st mind ennek az illeg\u00e1lis anyagnak a pszichedelikus \u00e9s stimul\u00e1l\u00f3 tulajdons\u00e1gai okozz\u00e1k. <a href=\"https:\/\/legitgrams.com\/hu\/\">LegitGrams<\/a><\/p>\n<p>V\u00e1s\u00e1roljon eredetit <a href=\"https:\/\/legitgrams.com\/hu\/termek\/valodi-minosegi-tesla-ecstasy-tablettak\/\">Tesla ecstasy tablett\u00e1k<\/a> online: ecstasy tablett\u00e1k v\u00e1s\u00e1rl\u00e1sa, val\u00f3di Tesla ecstasy tablett\u00e1k v\u00e1s\u00e1rl\u00e1sa, val\u00f3di Tesla ecstasy tablett\u00e1k online v\u00e1s\u00e1rl\u00e1sa, Hol v\u00e1s\u00e1rolhatok val\u00f3di Tesla ecstasy tablett\u00e1kat? Hol v\u00e1s\u00e1rolhatok akci\u00f3san eredeti Tesla ecstasy tablett\u00e1kat? Hol v\u00e1s\u00e1rolhatok Ecstasyt online? Hol tudok v\u00e1s\u00e1rolni <a href=\"https:\/\/en.wikipedia.org\/wiki\/Ecstasy\">val\u00f3di min\u0151s\u00e9gi Tesla ecstasy tablett\u00e1k<\/a> elad\u00f3 az USA-ban, Kanad\u00e1ban \u00e9s az Egyes\u00fclt Kir\u00e1lys\u00e1gban? Hol tudom megv\u00e1s\u00e1rolni \u0151ket online? Hol tal\u00e1lok besz\u00e1ll\u00edt\u00f3kat? Biztons\u00e1gos sz\u00e1ll\u00edt\u00e1s Tov\u00e1bbra is beszerezhet val\u00f3di min\u0151s\u00e9gi Ecstasy tablett\u00e1kat a Tesl\u00e1t\u00f3l. Ezenk\u00edv\u00fcl megtudhatja, hogyan rendelhet eredeti, kiv\u00e1l\u00f3 min\u0151s\u00e9g\u0171 Tesla ecstasy tablett\u00e1kat, leg\u00e1lisak-e Kanad\u00e1ban, \u00e9s hogy az Egyes\u00fclt \u00c1llamokban.<\/p>\n<h2><\/h2>\n<h2><\/h2>\n<p>&nbsp;<\/p>","protected":false},"excerpt":{"rendered":"<p>Purchase authentic, high-quality Tesla ecstasy pills online. What is ecstasy? The synthetic psychoactive substance ecstasy (MDMA, 3,4 methylenedioxymethamphetamine) shares chemical similarities with the stimulant methamphetamine and the hallucinogen mescaline. Temporal and perceptional distortions, an increase in the enjoyment of tactile stimuli, and a stimulant impact are all caused by this illegal substance&#8217;s psychedelic and stimulant &hellip;<\/p>\n<p class=\"read-more\"> <a class=\"\" href=\"https:\/\/legitgrams.com\/hu\/termek\/valodi-minosegi-tesla-ecstasy-tablettak\/\"> <span class=\"screen-reader-text\">val\u00f3di min\u0151s\u00e9gi Tesla ecstasy tablett\u00e1k<\/span> Olvass tov\u00e1bb \"<\/a><\/p>","protected":false},"featured_media":5199,"comment_status":"open","ping_status":"closed","template":"","meta":{"_uag_custom_page_level_css":"","site-sidebar-layout":"default","site-content-layout":"default","ast-global-header-display":"","ast-main-header-display":"","ast-hfb-above-header-display":"","ast-hfb-below-header-display":"","ast-hfb-mobile-header-display":"","site-post-title":"","ast-breadcrumbs-content":"","ast-featured-img":"","footer-sml-layout":"","theme-transparent-header-meta":"default","adv-header-id-meta":"","stick-header-meta":"default","header-above-stick-meta":"","header-main-stick-meta":"","header-below-stick-meta":"","_joinchat":[]},"product_brand":[],"product_cat":[596],"product_tag":[1223,1213,617,1205,1220,1217,1212,1210,1222,1204,1207,1215,1206,1208,1218,1225,1226,1224,1216,1221,1219,625,1211,1214,1209],"class_list":{"0":"post-4276","1":"product","2":"type-product","3":"status-publish","4":"has-post-thumbnail","6":"product_cat-ecstasy-pills-mdma","7":"product_tag-best-cheap-price-real-quality-tesla-ecstasy-pills","8":"product_tag-best-place-to-buy-real-quality-tesla-ecstasy-pills","9":"product_tag-bulk-online","10":"product_tag-buy-real-quality-tesla-ecstasy-pills","11":"product_tag-cheap-real-quality-tesla-ecstasy-pills","12":"product_tag-high-quality-real-quality-tesla-ecstasy-pills","13":"product_tag-how-to-buy-real-quality-tesla-ecstasy-pills","14":"product_tag-order-real-quality-tesla-ecstasy-pills","15":"product_tag-purcharse-real-quality-tesla-ecstasy-pills","16":"product_tag-real-quality-tesla-ecstasy-pills","17":"product_tag-real-quality-tesla-ecstasy-pills-for-sale","18":"product_tag-real-quality-tesla-ecstasy-pills-legally","19":"product_tag-real-quality-tesla-ecstasy-pills-online","20":"product_tag-real-quality-tesla-ecstasy-pills-real-quality-tesla-ecstasy-pills-supplier","21":"product_tag-real-quality-tesla-ecstasy-pills-store","22":"product_tag-real-quality-tesla-ecstasy-pills-use","23":"product_tag-real-quality-tesla-ecstasy-pills-wiki","24":"product_tag-real-quality-tesla-ecstasy-pills-worldwide","25":"product_tag-real-quality-tesla-ecstasy-pillsprice","26":"product_tag-real-quality-tesla-ecstasy-pillss","27":"product_tag-shop-real-quality-tesla-ecstasy-pills","28":"product_tag-top-quality","29":"product_tag-where-to-buy-real-quality-tesla-ecstasy-pills","30":"product_tag-where-to-order-real-quality-tesla-ecstasy-pills","31":"product_tag-wholesale-real-quality-tesla-ecstasy-pills","32":"desktop-align-left","33":"tablet-align-left","34":"mobile-align-left","35":"ast-product-gallery-layout-horizontal","36":"ast-product-gallery-with-no-image","37":"ast-product-single-variable","38":"ast-product-tabs-layout-horizontal","39":"ast-qv-on-image","41":"first","42":"instock","43":"shipping-taxable","44":"purchasable","45":"product-type-variable"},"yoast_head":"<!-- This site is optimized with the Yoast SEO plugin v25.9 - https:\/\/yoast.com\/wordpress\/plugins\/seo\/ -->\n<title>Buy Real Quality Tesla ecstasy Pills Online @ Best Price | LG<\/title>\n<meta name=\"description\" content=\"Explore our online store for real quality tesla ecstasy pills for sale, offering high-quality real quality tesla ecstasy pills. Buy real quality tesla ecstasy pills online. order now!\" \/>\n<meta name=\"robots\" content=\"index, follow, max-snippet:-1, max-image-preview:large, max-video-preview:-1\" \/>\n<link rel=\"canonical\" href=\"https:\/\/legitgrams.com\/hu\/termek\/valodi-minosegi-tesla-ecstasy-tablettak\/\" \/>\n<meta property=\"og:locale\" content=\"hu_HU\" \/>\n<meta property=\"og:type\" content=\"article\" \/>\n<meta property=\"og:title\" content=\"Buy Real Quality Tesla ecstasy Pills Online @ Best Price | LG\" \/>\n<meta property=\"og:description\" content=\"Explore our online store for real quality tesla ecstasy pills for sale, offering high-quality real quality tesla ecstasy pills. Buy real quality tesla ecstasy pills online. order now!\" \/>\n<meta property=\"og:url\" content=\"https:\/\/legitgrams.com\/hu\/termek\/valodi-minosegi-tesla-ecstasy-tablettak\/\" \/>\n<meta property=\"og:site_name\" content=\"Legit Grams\" \/>\n<meta property=\"article:modified_time\" content=\"2025-01-15T05:16:01+00:00\" \/>\n<meta property=\"og:image\" content=\"https:\/\/legitgrams.com\/wp-content\/uploads\/2024\/09\/buy-real-quality-tesla-ecstasy-pills-online.jpg\" \/>\n\t<meta property=\"og:image:width\" content=\"600\" \/>\n\t<meta property=\"og:image:height\" content=\"600\" \/>\n\t<meta property=\"og:image:type\" content=\"image\/jpeg\" \/>\n<meta name=\"twitter:card\" content=\"summary_large_image\" \/>\n<meta name=\"twitter:label1\" content=\"Becs\u00fclt olvas\u00e1si id\u0151\" \/>\n\t<meta name=\"twitter:data1\" content=\"2 perc\" \/>\n<script type=\"application\/ld+json\" class=\"yoast-schema-graph\">{\"@context\":\"https:\/\/schema.org\",\"@graph\":[{\"@type\":\"WebPage\",\"@id\":\"https:\/\/legitgrams.com\/product\/real-quality-tesla-ecstasy-pills\/\",\"url\":\"https:\/\/legitgrams.com\/product\/real-quality-tesla-ecstasy-pills\/\",\"name\":\"Buy Real Quality Tesla ecstasy Pills Online @ Best Price | LG\",\"isPartOf\":{\"@id\":\"https:\/\/legitgrams.com\/#website\"},\"primaryImageOfPage\":{\"@id\":\"https:\/\/legitgrams.com\/product\/real-quality-tesla-ecstasy-pills\/#primaryimage\"},\"image\":{\"@id\":\"https:\/\/legitgrams.com\/product\/real-quality-tesla-ecstasy-pills\/#primaryimage\"},\"thumbnailUrl\":\"https:\/\/legitgrams.com\/wp-content\/uploads\/2024\/09\/buy-real-quality-tesla-ecstasy-pills-online.jpg\",\"datePublished\":\"2024-09-22T08:21:57+00:00\",\"dateModified\":\"2025-01-15T05:16:01+00:00\",\"description\":\"Explore our online store for real quality tesla ecstasy pills for sale, offering high-quality real quality tesla ecstasy pills. Buy real quality tesla ecstasy pills online. order now!\",\"breadcrumb\":{\"@id\":\"https:\/\/legitgrams.com\/product\/real-quality-tesla-ecstasy-pills\/#breadcrumb\"},\"inLanguage\":\"hu\",\"potentialAction\":[{\"@type\":\"ReadAction\",\"target\":[\"https:\/\/legitgrams.com\/product\/real-quality-tesla-ecstasy-pills\/\"]}]},{\"@type\":\"ImageObject\",\"inLanguage\":\"hu\",\"@id\":\"https:\/\/legitgrams.com\/product\/real-quality-tesla-ecstasy-pills\/#primaryimage\",\"url\":\"https:\/\/legitgrams.com\/wp-content\/uploads\/2024\/09\/buy-real-quality-tesla-ecstasy-pills-online.jpg\",\"contentUrl\":\"https:\/\/legitgrams.com\/wp-content\/uploads\/2024\/09\/buy-real-quality-tesla-ecstasy-pills-online.jpg\",\"width\":600,\"height\":600,\"caption\":\"real quality Tesla ecstasy pills for Sale\"},{\"@type\":\"BreadcrumbList\",\"@id\":\"https:\/\/legitgrams.com\/product\/real-quality-tesla-ecstasy-pills\/#breadcrumb\",\"itemListElement\":[{\"@type\":\"ListItem\",\"position\":1,\"name\":\"Home\",\"item\":\"https:\/\/legitgrams.com\/\"},{\"@type\":\"ListItem\",\"position\":2,\"name\":\"Shop\",\"item\":\"https:\/\/legitgrams.com\/shop\/\"},{\"@type\":\"ListItem\",\"position\":3,\"name\":\"real quality Tesla ecstasy pills\"}]},{\"@type\":\"WebSite\",\"@id\":\"https:\/\/legitgrams.com\/#website\",\"url\":\"https:\/\/legitgrams.com\/\",\"name\":\"Legit Grams\",\"description\":\"My WordPress Blog\",\"publisher\":{\"@id\":\"https:\/\/legitgrams.com\/#organization\"},\"potentialAction\":[{\"@type\":\"SearchAction\",\"target\":{\"@type\":\"EntryPoint\",\"urlTemplate\":\"https:\/\/legitgrams.com\/?s={search_term_string}\"},\"query-input\":{\"@type\":\"PropertyValueSpecification\",\"valueRequired\":true,\"valueName\":\"search_term_string\"}}],\"inLanguage\":\"hu\"},{\"@type\":\"Organization\",\"@id\":\"https:\/\/legitgrams.com\/#organization\",\"name\":\"Legit Grams\",\"url\":\"https:\/\/legitgrams.com\/\",\"logo\":{\"@type\":\"ImageObject\",\"inLanguage\":\"hu\",\"@id\":\"https:\/\/legitgrams.com\/#\/schema\/logo\/image\/\",\"url\":\"https:\/\/legitgrams.com\/wp-content\/uploads\/2024\/09\/main-logo.png\",\"contentUrl\":\"https:\/\/legitgrams.com\/wp-content\/uploads\/2024\/09\/main-logo.png\",\"width\":270,\"height\":75,\"caption\":\"Legit Grams\"},\"image\":{\"@id\":\"https:\/\/legitgrams.com\/#\/schema\/logo\/image\/\"}}]}<\/script>\n<!-- \/ Yoast SEO plugin. -->","yoast_head_json":{"title":"V\u00e1s\u00e1rolja meg a val\u00f3di min\u0151s\u00e9g\u0171 Tesla ecstasy tablett\u00e1k online @ Legjobb \u00e1r | LG","description":"Fedezze fel online \u00e1ruh\u00e1zunkat, ahol val\u00f3di min\u0151s\u00e9gi tesla ecstasy tablett\u00e1kat kereshet, ahol kiv\u00e1l\u00f3 min\u0151s\u00e9g\u0171, val\u00f3di min\u0151s\u00e9g\u0171 tesla ecstasy tablett\u00e1kat k\u00edn\u00e1lunk. V\u00e1s\u00e1roljon val\u00f3di min\u0151s\u00e9g\u0171 tesla ecstasy tablett\u00e1kat online. rendelj most!","robots":{"index":"index","follow":"follow","max-snippet":"max-snippet:-1","max-image-preview":"max-image-preview:large","max-video-preview":"max-video-preview:-1"},"canonical":"https:\/\/legitgrams.com\/hu\/termek\/valodi-minosegi-tesla-ecstasy-tablettak\/","og_locale":"hu_HU","og_type":"article","og_title":"Buy Real Quality Tesla ecstasy Pills Online @ Best Price | LG","og_description":"Explore our online store for real quality tesla ecstasy pills for sale, offering high-quality real quality tesla ecstasy pills. Buy real quality tesla ecstasy pills online. order now!","og_url":"https:\/\/legitgrams.com\/hu\/termek\/valodi-minosegi-tesla-ecstasy-tablettak\/","og_site_name":"Legit Grams","article_modified_time":"2025-01-15T05:16:01+00:00","og_image":[{"width":600,"height":600,"url":"https:\/\/legitgrams.com\/wp-content\/uploads\/2024\/09\/buy-real-quality-tesla-ecstasy-pills-online.jpg","type":"image\/jpeg"}],"twitter_card":"summary_large_image","twitter_misc":{"Becs\u00fclt olvas\u00e1si id\u0151":"2 perc"},"schema":{"@context":"https:\/\/schema.org","@graph":[{"@type":"WebPage","@id":"https:\/\/legitgrams.com\/product\/real-quality-tesla-ecstasy-pills\/","url":"https:\/\/legitgrams.com\/product\/real-quality-tesla-ecstasy-pills\/","name":"V\u00e1s\u00e1rolja meg a val\u00f3di min\u0151s\u00e9g\u0171 Tesla ecstasy tablett\u00e1k online @ Legjobb \u00e1r | LG","isPartOf":{"@id":"https:\/\/legitgrams.com\/#website"},"primaryImageOfPage":{"@id":"https:\/\/legitgrams.com\/product\/real-quality-tesla-ecstasy-pills\/#primaryimage"},"image":{"@id":"https:\/\/legitgrams.com\/product\/real-quality-tesla-ecstasy-pills\/#primaryimage"},"thumbnailUrl":"https:\/\/legitgrams.com\/wp-content\/uploads\/2024\/09\/buy-real-quality-tesla-ecstasy-pills-online.jpg","datePublished":"2024-09-22T08:21:57+00:00","dateModified":"2025-01-15T05:16:01+00:00","description":"Fedezze fel online \u00e1ruh\u00e1zunkat, ahol val\u00f3di min\u0151s\u00e9gi tesla ecstasy tablett\u00e1kat kereshet, ahol kiv\u00e1l\u00f3 min\u0151s\u00e9g\u0171, val\u00f3di min\u0151s\u00e9g\u0171 tesla ecstasy tablett\u00e1kat k\u00edn\u00e1lunk. V\u00e1s\u00e1roljon val\u00f3di min\u0151s\u00e9g\u0171 tesla ecstasy tablett\u00e1kat online. rendelj most!","breadcrumb":{"@id":"https:\/\/legitgrams.com\/product\/real-quality-tesla-ecstasy-pills\/#breadcrumb"},"inLanguage":"hu","potentialAction":[{"@type":"ReadAction","target":["https:\/\/legitgrams.com\/product\/real-quality-tesla-ecstasy-pills\/"]}]},{"@type":"ImageObject","inLanguage":"hu","@id":"https:\/\/legitgrams.com\/product\/real-quality-tesla-ecstasy-pills\/#primaryimage","url":"https:\/\/legitgrams.com\/wp-content\/uploads\/2024\/09\/buy-real-quality-tesla-ecstasy-pills-online.jpg","contentUrl":"https:\/\/legitgrams.com\/wp-content\/uploads\/2024\/09\/buy-real-quality-tesla-ecstasy-pills-online.jpg","width":600,"height":600,"caption":"real quality Tesla ecstasy pills for Sale"},{"@type":"BreadcrumbList","@id":"https:\/\/legitgrams.com\/product\/real-quality-tesla-ecstasy-pills\/#breadcrumb","itemListElement":[{"@type":"ListItem","position":1,"name":"Home","item":"https:\/\/legitgrams.com\/"},{"@type":"ListItem","position":2,"name":"Shop","item":"https:\/\/legitgrams.com\/shop\/"},{"@type":"ListItem","position":3,"name":"real quality Tesla ecstasy pills"}]},{"@type":"WebSite","@id":"https:\/\/legitgrams.com\/#website","url":"https:\/\/legitgrams.com\/","name":"Legit Grams","description":"Az \u00e9n WordPress blogom","publisher":{"@id":"https:\/\/legitgrams.com\/#organization"},"potentialAction":[{"@type":"SearchAction","target":{"@type":"EntryPoint","urlTemplate":"https:\/\/legitgrams.com\/?s={search_term_string}"},"query-input":{"@type":"PropertyValueSpecification","valueRequired":true,"valueName":"search_term_string"}}],"inLanguage":"hu"},{"@type":"Organization","@id":"https:\/\/legitgrams.com\/#organization","name":"Legit Grams","url":"https:\/\/legitgrams.com\/","logo":{"@type":"ImageObject","inLanguage":"hu","@id":"https:\/\/legitgrams.com\/#\/schema\/logo\/image\/","url":"https:\/\/legitgrams.com\/wp-content\/uploads\/2024\/09\/main-logo.png","contentUrl":"https:\/\/legitgrams.com\/wp-content\/uploads\/2024\/09\/main-logo.png","width":270,"height":75,"caption":"Legit Grams"},"image":{"@id":"https:\/\/legitgrams.com\/#\/schema\/logo\/image\/"}}]}},"uagb_featured_image_src":{"full":["https:\/\/legitgrams.com\/wp-content\/uploads\/2024\/09\/buy-real-quality-tesla-ecstasy-pills-online.jpg",600,600,false],"thumbnail":["https:\/\/legitgrams.com\/wp-content\/uploads\/2024\/09\/buy-real-quality-tesla-ecstasy-pills-online-150x150.jpg",150,150,true],"medium":["https:\/\/legitgrams.com\/wp-content\/uploads\/2024\/09\/buy-real-quality-tesla-ecstasy-pills-online-300x300.jpg",300,300,true],"medium_large":["https:\/\/legitgrams.com\/wp-content\/uploads\/2024\/09\/buy-real-quality-tesla-ecstasy-pills-online.jpg",600,600,false],"large":["https:\/\/legitgrams.com\/wp-content\/uploads\/2024\/09\/buy-real-quality-tesla-ecstasy-pills-online.jpg",600,600,false],"1536x1536":["https:\/\/legitgrams.com\/wp-content\/uploads\/2024\/09\/buy-real-quality-tesla-ecstasy-pills-online.jpg",600,600,false],"2048x2048":["https:\/\/legitgrams.com\/wp-content\/uploads\/2024\/09\/buy-real-quality-tesla-ecstasy-pills-online.jpg",600,600,false],"trp-custom-language-flag":["https:\/\/legitgrams.com\/wp-content\/uploads\/2024\/09\/buy-real-quality-tesla-ecstasy-pills-online-12x12.jpg",12,12,true],"woocommerce_thumbnail":["https:\/\/legitgrams.com\/wp-content\/uploads\/2024\/09\/buy-real-quality-tesla-ecstasy-pills-online-300x300.jpg",300,300,true],"woocommerce_single":["https:\/\/legitgrams.com\/wp-content\/uploads\/2024\/09\/buy-real-quality-tesla-ecstasy-pills-online.jpg",600,600,false],"woocommerce_gallery_thumbnail":["https:\/\/legitgrams.com\/wp-content\/uploads\/2024\/09\/buy-real-quality-tesla-ecstasy-pills-online-100x100.jpg",100,100,true]},"uagb_author_info":{"display_name":"cokeblog18","author_link":"https:\/\/legitgrams.com\/hu\/author\/"},"uagb_comment_info":0,"uagb_excerpt":"Purchase authentic, high-quality Tesla ecstasy pills online. What is ecstasy? The synthetic psychoactive substance ecstasy (MDMA, 3,4 methylenedioxymethamphetamine) shares chemical similarities with the stimulant methamphetamine and the hallucinogen mescaline. Temporal and perceptional distortions, an increase in the enjoyment of tactile stimuli, and a stimulant impact are all caused by this illegal substance&#8217;s psychedelic and stimulant&hellip;","_links":{"self":[{"href":"https:\/\/legitgrams.com\/hu\/wp-json\/wp\/v2\/product\/4276","targetHints":{"allow":["GET"]}}],"collection":[{"href":"https:\/\/legitgrams.com\/hu\/wp-json\/wp\/v2\/product"}],"about":[{"href":"https:\/\/legitgrams.com\/hu\/wp-json\/wp\/v2\/types\/product"}],"replies":[{"embeddable":true,"href":"https:\/\/legitgrams.com\/hu\/wp-json\/wp\/v2\/comments?post=4276"}],"wp:featuredmedia":[{"embeddable":true,"href":"https:\/\/legitgrams.com\/hu\/wp-json\/wp\/v2\/media\/5199"}],"wp:attachment":[{"href":"https:\/\/legitgrams.com\/hu\/wp-json\/wp\/v2\/media?parent=4276"}],"wp:term":[{"taxonomy":"product_brand","embeddable":true,"href":"https:\/\/legitgrams.com\/hu\/wp-json\/wp\/v2\/product_brand?post=4276"},{"taxonomy":"product_cat","embeddable":true,"href":"https:\/\/legitgrams.com\/hu\/wp-json\/wp\/v2\/product_cat?post=4276"},{"taxonomy":"product_tag","embeddable":true,"href":"https:\/\/legitgrams.com\/hu\/wp-json\/wp\/v2\/product_tag?post=4276"}],"curies":[{"name":"wp","href":"https:\/\/api.w.org\/{rel}","templated":true}]}}