{"id":4278,"date":"2024-09-22T08:24:50","date_gmt":"2024-09-22T08:24:50","guid":{"rendered":"https:\/\/legitgrams.com\/?post_type=product&#038;p=4278"},"modified":"2025-04-02T16:50:53","modified_gmt":"2025-04-02T16:50:53","slug":"pablo-escobar-ecstasy-tablettak","status":"publish","type":"product","link":"https:\/\/legitgrams.com\/hu\/termek\/pablo-escobar-ecstasy-tablettak\/","title":{"rendered":"V\u00e1s\u00e1rolja Pablo Escobar ecstasy tablett\u00e1k Online"},"content":{"rendered":"<h2>V\u00e1s\u00e1roljon Pablo Escobar ecstasy tablett\u00e1kat online<\/h2>\n<h3>Mi az ecstasy?<\/h3>\n<p>K\u00e9miai szempontb\u00f3l a stimul\u00e1ns metamfetamin \u00e9s a hallucinog\u00e9n meszkalin hasonl\u00edt a szintetikus pszichoakt\u00edv droghoz, az ecstasyhoz (MDMA, 3,4-metil\u00e9ndioxi-metamfetamin). Ez a tiltott anyag pszichedelikus \u00e9s stimul\u00e1ns tulajdons\u00e1gokkal rendelkezik, id\u0151beli \u00e9s \u00e9szlel\u00e9si torzul\u00e1sokat, a tapint\u00e1si ingerek \u00e9lvezet\u00e9nek fokoz\u00e1s\u00e1t \u00e9s stimul\u00e1l\u00f3 hat\u00e1st okoz. <a href=\"https:\/\/legitgrams.com\/hu\/\">LegitGrams<\/a><\/p>\n<p><a href=\"https:\/\/www.bing.com\/search?q=Buy%20Pablo%20Escobar%20ecstasy%20pills%20Online&amp;qs=n&amp;form=QBRE&amp;sp=-1&amp;lq=0&amp;pq=buy%20pablo%20escobar%20ecstasy%20pills%20online&amp;sc=0-38&amp;sk=&amp;cvid=93C4A42C32D148BB8F7F602D109316FB&amp;ghsh=0&amp;ghacc=0&amp;ghpl=\">purchase Ecstasy pills<\/a>, purchase <a href=\"https:\/\/legitgrams.com\/hu\/termek\/pablo-escobar-ecstasy-tablettak\/\">Pablo Escobar ekszt\u00e1zis<\/a> tablett\u00e1k, Pablo Escobar ecstasy tablett\u00e1k online v\u00e1s\u00e1rl\u00e1sa, Hol v\u00e1s\u00e1rolhatok <a href=\"https:\/\/www.google.com\/search?q=Vsroljon+Pablo+Escobar+ecstasy+tablettkat+online&amp;sca_esv=eddefdb7b92e7545&amp;sxsrf=AHTn8zos6Ui-hNTTfUlPjJ9LcvQV2QwP0A1743617495233&amp;ei=133tZ8z7Db6D0PEPmMHQuA0&amp;ved=0ahUKEwiMw7Wr-bmMAxW-ATQIHZggFNcQ4dUDCBA&amp;uact=5&amp;oq=Vsroljon+Pablo+Escobar+ecstasy+tablettkat+online&amp;gs_lp=Egxnd3Mtd2l6LXNlcnAiNlbDoXPDoXJvbGpvbiBQYWJsbyBFc2NvYmFyIGVjc3Rhc3kgdGFibGV0dMOha2F0IG9ubGluZTIFECEYoAEyBRAhGKABMgUQIRirAjIFECEYqwJIqAVQAFgAcAB4AZABAJgBogOgAaIDqgEDNC0xuAEDyAEA-AEC-AEBmAIBoAKpA5gDAJIHAzQtMaAH6wSyBwM0LTG4B6kD&amp;sclient=gws-wiz-serp\">Pablo Escobar ecstasy tablett\u00e1k<\/a> online? Pablo Escobar ecstasy tablett\u00e1kat szeretn\u00e9k v\u00e1s\u00e1rolni az interneten, de hol tudom megv\u00e1s\u00e1rolni? Pablo Escobar ecstasy tablett\u00e1kat szeretn\u00e9k online v\u00e1s\u00e1rolni az USA-ban, Kanad\u00e1ban, Egyes\u00fclt Kir\u00e1lys\u00e1gban, v\u00e1s\u00e1rl\u00e1s, online, besz\u00e1ll\u00edt\u00f3k, biztons\u00e1gos sz\u00e1ll\u00edt\u00e1s, a Pablo Escobar \u00e1ltal gy\u00e1rtott Ecstasy tablett\u00e1k tov\u00e1bbra is kaphat\u00f3k. Leg\u00e1lis a Pablo Escobar ecstasy tablett\u00e1k v\u00e1s\u00e1rl\u00e1sa az Egyes\u00fclt \u00c1llamokban? Hogyan szerezhetek <a href=\"https:\/\/duckduckgo.com\/?q=Vsroljon+Pablo+Escobar+ecstasy+tablettkat+online&amp;t=h_&amp;ia=web\">Pablo Escobar ecstasy tablett\u00e1k<\/a>? Az ecstasy tablett\u00e1kat a <a href=\"https:\/\/en.wikipedia.org\/wiki\/Pablo_Escobar\">Pablo Escobar<\/a> leg\u00e1lis Kanad\u00e1ban?<\/p>","protected":false},"excerpt":{"rendered":"<p>Purchase Pablo Escobar ecstasy pills Online What is ecstasy? Chemically, the stimulant methamphetamine and the hallucinogen mescaline are similar to the synthetic psychoactive drug ecstasy (MDMA, 3,4 methylenedioxymethamphetamine). This illicit substance has psychedelic and stimulant properties, causing temporal and perceptional distortions, a boost in the pleasure of tactile stimuli, and a stimulant effect. LegitGrams purchase &hellip;<\/p>\n<p class=\"read-more\"> <a class=\"\" href=\"https:\/\/legitgrams.com\/hu\/termek\/pablo-escobar-ecstasy-tablettak\/\"> <span class=\"screen-reader-text\">V\u00e1s\u00e1rolja Pablo Escobar ecstasy tablett\u00e1k Online<\/span> Olvass tov\u00e1bb \"<\/a><\/p>","protected":false},"featured_media":5197,"comment_status":"open","ping_status":"closed","template":"","meta":{"_uag_custom_page_level_css":"","site-sidebar-layout":"default","site-content-layout":"default","ast-global-header-display":"","ast-main-header-display":"","ast-hfb-above-header-display":"","ast-hfb-below-header-display":"","ast-hfb-mobile-header-display":"","site-post-title":"","ast-breadcrumbs-content":"","ast-featured-img":"","footer-sml-layout":"","theme-transparent-header-meta":"default","adv-header-id-meta":"","stick-header-meta":"default","header-above-stick-meta":"","header-main-stick-meta":"","header-below-stick-meta":"","_joinchat":[]},"product_brand":[],"product_cat":[596],"product_tag":[1154,1144,617,1136,1151,1148,1143,1141,1135,1138,1146,1137,1139,1149,1156,1157,1155,1147,1152,1153,1150,625,1142,1145,1140],"class_list":{"0":"post-4278","1":"product","2":"type-product","3":"status-publish","4":"has-post-thumbnail","6":"product_cat-ecstasy-pills-mdma","7":"product_tag-best-cheap-price-pablo-escobar-ecstasy-pills","8":"product_tag-best-place-to-buy-pablo-escobar-ecstasy-pills","9":"product_tag-bulk-online","10":"product_tag-buy-pablo-escobar-ecstasy-pills","11":"product_tag-cheap-pablo-escobar-ecstasy-pills","12":"product_tag-high-quality-pablo-escobar-ecstasy-pills","13":"product_tag-how-to-buy-pablo-escobar-ecstasy-pills","14":"product_tag-order-pablo-escobar-ecstasy-pills","15":"product_tag-pablo-escobar-ecstasy-pills","16":"product_tag-pablo-escobar-ecstasy-pills-for-sale","17":"product_tag-pablo-escobar-ecstasy-pills-legally","18":"product_tag-pablo-escobar-ecstasy-pills-online","19":"product_tag-pablo-escobar-ecstasy-pills-pablo-escobar-ecstasy-pills-supplier","20":"product_tag-pablo-escobar-ecstasy-pills-store","21":"product_tag-pablo-escobar-ecstasy-pills-use","22":"product_tag-pablo-escobar-ecstasy-pills-wiki","23":"product_tag-pablo-escobar-ecstasy-pills-worldwide","24":"product_tag-pablo-escobar-ecstasy-pillsprice","25":"product_tag-pablo-escobar-ecstasy-pillss","26":"product_tag-purcharse-pablo-escobar-ecstasy-pills","27":"product_tag-shop-pablo-escobar-ecstasy-pills","28":"product_tag-top-quality","29":"product_tag-where-to-buy-pablo-escobar-ecstasy-pills","30":"product_tag-where-to-order-pablo-escobar-ecstasy-pills","31":"product_tag-wholesale-pablo-escobar-ecstasy-pills","32":"desktop-align-left","33":"tablet-align-left","34":"mobile-align-left","35":"ast-product-gallery-layout-horizontal","36":"ast-product-gallery-with-no-image","37":"ast-product-single-variable","38":"ast-product-tabs-layout-horizontal","39":"ast-qv-on-image","41":"first","42":"instock","43":"shipping-taxable","44":"purchasable","45":"product-type-variable"},"yoast_head":"<!-- This site is optimized with the Yoast SEO plugin v25.9 - https:\/\/yoast.com\/wordpress\/plugins\/seo\/ -->\n<title>Pablo Escobar ecstasy pills for Sale - Buy Pablo Escobar Pills<\/title>\n<meta name=\"description\" content=\"You can get in touch with our Legitgrams store and buy pablo escobar ecstasy pills online. We have pablo escobar ecstasy pills for sale at cheap prices.\" \/>\n<meta name=\"robots\" content=\"index, follow, max-snippet:-1, max-image-preview:large, max-video-preview:-1\" \/>\n<link rel=\"canonical\" href=\"https:\/\/legitgrams.com\/hu\/termek\/pablo-escobar-ecstasy-tablettak\/\" \/>\n<meta property=\"og:locale\" content=\"hu_HU\" \/>\n<meta property=\"og:type\" content=\"article\" \/>\n<meta property=\"og:title\" content=\"Pablo Escobar ecstasy pills for Sale - Buy Pablo Escobar Pills\" \/>\n<meta property=\"og:description\" content=\"You can get in touch with our Legitgrams store and buy pablo escobar ecstasy pills online. We have pablo escobar ecstasy pills for sale at cheap prices.\" \/>\n<meta property=\"og:url\" content=\"https:\/\/legitgrams.com\/hu\/termek\/pablo-escobar-ecstasy-tablettak\/\" \/>\n<meta property=\"og:site_name\" content=\"Legit Grams\" \/>\n<meta property=\"article:modified_time\" content=\"2025-04-02T16:50:53+00:00\" \/>\n<meta property=\"og:image\" content=\"https:\/\/legitgrams.com\/wp-content\/uploads\/2024\/09\/buy-pablo-escobar-ecstasy-pills-online.jpg\" \/>\n\t<meta property=\"og:image:width\" content=\"600\" \/>\n\t<meta property=\"og:image:height\" content=\"600\" \/>\n\t<meta property=\"og:image:type\" content=\"image\/jpeg\" \/>\n<meta name=\"twitter:card\" content=\"summary_large_image\" \/>\n<meta name=\"twitter:label1\" content=\"Becs\u00fclt olvas\u00e1si id\u0151\" \/>\n\t<meta name=\"twitter:data1\" content=\"1 perc\" \/>\n<script type=\"application\/ld+json\" class=\"yoast-schema-graph\">{\"@context\":\"https:\/\/schema.org\",\"@graph\":[{\"@type\":\"WebPage\",\"@id\":\"https:\/\/legitgrams.com\/product\/pablo-escobar-ecstasy-pills\/\",\"url\":\"https:\/\/legitgrams.com\/product\/pablo-escobar-ecstasy-pills\/\",\"name\":\"Pablo Escobar ecstasy pills for Sale - Buy Pablo Escobar Pills\",\"isPartOf\":{\"@id\":\"https:\/\/legitgrams.com\/#website\"},\"primaryImageOfPage\":{\"@id\":\"https:\/\/legitgrams.com\/product\/pablo-escobar-ecstasy-pills\/#primaryimage\"},\"image\":{\"@id\":\"https:\/\/legitgrams.com\/product\/pablo-escobar-ecstasy-pills\/#primaryimage\"},\"thumbnailUrl\":\"https:\/\/legitgrams.com\/wp-content\/uploads\/2024\/09\/buy-pablo-escobar-ecstasy-pills-online.jpg\",\"datePublished\":\"2024-09-22T08:24:50+00:00\",\"dateModified\":\"2025-04-02T16:50:53+00:00\",\"description\":\"You can get in touch with our Legitgrams store and buy pablo escobar ecstasy pills online. We have pablo escobar ecstasy pills for sale at cheap prices.\",\"breadcrumb\":{\"@id\":\"https:\/\/legitgrams.com\/product\/pablo-escobar-ecstasy-pills\/#breadcrumb\"},\"inLanguage\":\"hu\",\"potentialAction\":[{\"@type\":\"ReadAction\",\"target\":[\"https:\/\/legitgrams.com\/product\/pablo-escobar-ecstasy-pills\/\"]}]},{\"@type\":\"ImageObject\",\"inLanguage\":\"hu\",\"@id\":\"https:\/\/legitgrams.com\/product\/pablo-escobar-ecstasy-pills\/#primaryimage\",\"url\":\"https:\/\/legitgrams.com\/wp-content\/uploads\/2024\/09\/buy-pablo-escobar-ecstasy-pills-online.jpg\",\"contentUrl\":\"https:\/\/legitgrams.com\/wp-content\/uploads\/2024\/09\/buy-pablo-escobar-ecstasy-pills-online.jpg\",\"width\":600,\"height\":600,\"caption\":\"buy-pablo-escobar-ecstasy-pills-online\"},{\"@type\":\"BreadcrumbList\",\"@id\":\"https:\/\/legitgrams.com\/product\/pablo-escobar-ecstasy-pills\/#breadcrumb\",\"itemListElement\":[{\"@type\":\"ListItem\",\"position\":1,\"name\":\"Home\",\"item\":\"https:\/\/legitgrams.com\/\"},{\"@type\":\"ListItem\",\"position\":2,\"name\":\"Shop\",\"item\":\"https:\/\/legitgrams.com\/shop\/\"},{\"@type\":\"ListItem\",\"position\":3,\"name\":\"Buy Pablo Escobar ecstasy pills Online\"}]},{\"@type\":\"WebSite\",\"@id\":\"https:\/\/legitgrams.com\/#website\",\"url\":\"https:\/\/legitgrams.com\/\",\"name\":\"Legit Grams\",\"description\":\"My WordPress Blog\",\"publisher\":{\"@id\":\"https:\/\/legitgrams.com\/#organization\"},\"potentialAction\":[{\"@type\":\"SearchAction\",\"target\":{\"@type\":\"EntryPoint\",\"urlTemplate\":\"https:\/\/legitgrams.com\/?s={search_term_string}\"},\"query-input\":{\"@type\":\"PropertyValueSpecification\",\"valueRequired\":true,\"valueName\":\"search_term_string\"}}],\"inLanguage\":\"hu\"},{\"@type\":\"Organization\",\"@id\":\"https:\/\/legitgrams.com\/#organization\",\"name\":\"Legit Grams\",\"url\":\"https:\/\/legitgrams.com\/\",\"logo\":{\"@type\":\"ImageObject\",\"inLanguage\":\"hu\",\"@id\":\"https:\/\/legitgrams.com\/#\/schema\/logo\/image\/\",\"url\":\"https:\/\/legitgrams.com\/wp-content\/uploads\/2024\/09\/main-logo.png\",\"contentUrl\":\"https:\/\/legitgrams.com\/wp-content\/uploads\/2024\/09\/main-logo.png\",\"width\":270,\"height\":75,\"caption\":\"Legit Grams\"},\"image\":{\"@id\":\"https:\/\/legitgrams.com\/#\/schema\/logo\/image\/\"}}]}<\/script>\n<!-- \/ Yoast SEO plugin. -->","yoast_head_json":{"title":"Elad\u00f3 Pablo Escobar ecstasy tablett\u00e1k \u2013 Pablo Escobar tablett\u00e1k v\u00e1s\u00e1rl\u00e1sa","description":"You can get in touch with our Legitgrams store and buy pablo escobar ecstasy pills online. We have pablo escobar ecstasy pills for sale at cheap prices.","robots":{"index":"index","follow":"follow","max-snippet":"max-snippet:-1","max-image-preview":"max-image-preview:large","max-video-preview":"max-video-preview:-1"},"canonical":"https:\/\/legitgrams.com\/hu\/termek\/pablo-escobar-ecstasy-tablettak\/","og_locale":"hu_HU","og_type":"article","og_title":"Pablo Escobar ecstasy pills for Sale - Buy Pablo Escobar Pills","og_description":"You can get in touch with our Legitgrams store and buy pablo escobar ecstasy pills online. We have pablo escobar ecstasy pills for sale at cheap prices.","og_url":"https:\/\/legitgrams.com\/hu\/termek\/pablo-escobar-ecstasy-tablettak\/","og_site_name":"Legit Grams","article_modified_time":"2025-04-02T16:50:53+00:00","og_image":[{"width":600,"height":600,"url":"https:\/\/legitgrams.com\/wp-content\/uploads\/2024\/09\/buy-pablo-escobar-ecstasy-pills-online.jpg","type":"image\/jpeg"}],"twitter_card":"summary_large_image","twitter_misc":{"Becs\u00fclt olvas\u00e1si id\u0151":"1 perc"},"schema":{"@context":"https:\/\/schema.org","@graph":[{"@type":"WebPage","@id":"https:\/\/legitgrams.com\/product\/pablo-escobar-ecstasy-pills\/","url":"https:\/\/legitgrams.com\/product\/pablo-escobar-ecstasy-pills\/","name":"Elad\u00f3 Pablo Escobar ecstasy tablett\u00e1k \u2013 Pablo Escobar tablett\u00e1k v\u00e1s\u00e1rl\u00e1sa","isPartOf":{"@id":"https:\/\/legitgrams.com\/#website"},"primaryImageOfPage":{"@id":"https:\/\/legitgrams.com\/product\/pablo-escobar-ecstasy-pills\/#primaryimage"},"image":{"@id":"https:\/\/legitgrams.com\/product\/pablo-escobar-ecstasy-pills\/#primaryimage"},"thumbnailUrl":"https:\/\/legitgrams.com\/wp-content\/uploads\/2024\/09\/buy-pablo-escobar-ecstasy-pills-online.jpg","datePublished":"2024-09-22T08:24:50+00:00","dateModified":"2025-04-02T16:50:53+00:00","description":"You can get in touch with our Legitgrams store and buy pablo escobar ecstasy pills online. We have pablo escobar ecstasy pills for sale at cheap prices.","breadcrumb":{"@id":"https:\/\/legitgrams.com\/product\/pablo-escobar-ecstasy-pills\/#breadcrumb"},"inLanguage":"hu","potentialAction":[{"@type":"ReadAction","target":["https:\/\/legitgrams.com\/product\/pablo-escobar-ecstasy-pills\/"]}]},{"@type":"ImageObject","inLanguage":"hu","@id":"https:\/\/legitgrams.com\/product\/pablo-escobar-ecstasy-pills\/#primaryimage","url":"https:\/\/legitgrams.com\/wp-content\/uploads\/2024\/09\/buy-pablo-escobar-ecstasy-pills-online.jpg","contentUrl":"https:\/\/legitgrams.com\/wp-content\/uploads\/2024\/09\/buy-pablo-escobar-ecstasy-pills-online.jpg","width":600,"height":600,"caption":"buy-pablo-escobar-ecstasy-pills-online"},{"@type":"BreadcrumbList","@id":"https:\/\/legitgrams.com\/product\/pablo-escobar-ecstasy-pills\/#breadcrumb","itemListElement":[{"@type":"ListItem","position":1,"name":"Home","item":"https:\/\/legitgrams.com\/"},{"@type":"ListItem","position":2,"name":"Shop","item":"https:\/\/legitgrams.com\/shop\/"},{"@type":"ListItem","position":3,"name":"Buy Pablo Escobar ecstasy pills Online"}]},{"@type":"WebSite","@id":"https:\/\/legitgrams.com\/#website","url":"https:\/\/legitgrams.com\/","name":"Legit Grams","description":"Az \u00e9n WordPress blogom","publisher":{"@id":"https:\/\/legitgrams.com\/#organization"},"potentialAction":[{"@type":"SearchAction","target":{"@type":"EntryPoint","urlTemplate":"https:\/\/legitgrams.com\/?s={search_term_string}"},"query-input":{"@type":"PropertyValueSpecification","valueRequired":true,"valueName":"search_term_string"}}],"inLanguage":"hu"},{"@type":"Organization","@id":"https:\/\/legitgrams.com\/#organization","name":"Legit Grams","url":"https:\/\/legitgrams.com\/","logo":{"@type":"ImageObject","inLanguage":"hu","@id":"https:\/\/legitgrams.com\/#\/schema\/logo\/image\/","url":"https:\/\/legitgrams.com\/wp-content\/uploads\/2024\/09\/main-logo.png","contentUrl":"https:\/\/legitgrams.com\/wp-content\/uploads\/2024\/09\/main-logo.png","width":270,"height":75,"caption":"Legit Grams"},"image":{"@id":"https:\/\/legitgrams.com\/#\/schema\/logo\/image\/"}}]}},"uagb_featured_image_src":{"full":["https:\/\/legitgrams.com\/wp-content\/uploads\/2024\/09\/buy-pablo-escobar-ecstasy-pills-online.jpg",600,600,false],"thumbnail":["https:\/\/legitgrams.com\/wp-content\/uploads\/2024\/09\/buy-pablo-escobar-ecstasy-pills-online-150x150.jpg",150,150,true],"medium":["https:\/\/legitgrams.com\/wp-content\/uploads\/2024\/09\/buy-pablo-escobar-ecstasy-pills-online-300x300.jpg",300,300,true],"medium_large":["https:\/\/legitgrams.com\/wp-content\/uploads\/2024\/09\/buy-pablo-escobar-ecstasy-pills-online.jpg",600,600,false],"large":["https:\/\/legitgrams.com\/wp-content\/uploads\/2024\/09\/buy-pablo-escobar-ecstasy-pills-online.jpg",600,600,false],"1536x1536":["https:\/\/legitgrams.com\/wp-content\/uploads\/2024\/09\/buy-pablo-escobar-ecstasy-pills-online.jpg",600,600,false],"2048x2048":["https:\/\/legitgrams.com\/wp-content\/uploads\/2024\/09\/buy-pablo-escobar-ecstasy-pills-online.jpg",600,600,false],"trp-custom-language-flag":["https:\/\/legitgrams.com\/wp-content\/uploads\/2024\/09\/buy-pablo-escobar-ecstasy-pills-online-12x12.jpg",12,12,true],"woocommerce_thumbnail":["https:\/\/legitgrams.com\/wp-content\/uploads\/2024\/09\/buy-pablo-escobar-ecstasy-pills-online-300x300.jpg",300,300,true],"woocommerce_single":["https:\/\/legitgrams.com\/wp-content\/uploads\/2024\/09\/buy-pablo-escobar-ecstasy-pills-online.jpg",600,600,false],"woocommerce_gallery_thumbnail":["https:\/\/legitgrams.com\/wp-content\/uploads\/2024\/09\/buy-pablo-escobar-ecstasy-pills-online-100x100.jpg",100,100,true]},"uagb_author_info":{"display_name":"cokeblog18","author_link":"https:\/\/legitgrams.com\/hu\/author\/"},"uagb_comment_info":0,"uagb_excerpt":"Purchase Pablo Escobar ecstasy pills Online What is ecstasy? Chemically, the stimulant methamphetamine and the hallucinogen mescaline are similar to the synthetic psychoactive drug ecstasy (MDMA, 3,4 methylenedioxymethamphetamine). This illicit substance has psychedelic and stimulant properties, causing temporal and perceptional distortions, a boost in the pleasure of tactile stimuli, and a stimulant effect. LegitGrams purchase&hellip;","_links":{"self":[{"href":"https:\/\/legitgrams.com\/hu\/wp-json\/wp\/v2\/product\/4278","targetHints":{"allow":["GET"]}}],"collection":[{"href":"https:\/\/legitgrams.com\/hu\/wp-json\/wp\/v2\/product"}],"about":[{"href":"https:\/\/legitgrams.com\/hu\/wp-json\/wp\/v2\/types\/product"}],"replies":[{"embeddable":true,"href":"https:\/\/legitgrams.com\/hu\/wp-json\/wp\/v2\/comments?post=4278"}],"wp:featuredmedia":[{"embeddable":true,"href":"https:\/\/legitgrams.com\/hu\/wp-json\/wp\/v2\/media\/5197"}],"wp:attachment":[{"href":"https:\/\/legitgrams.com\/hu\/wp-json\/wp\/v2\/media?parent=4278"}],"wp:term":[{"taxonomy":"product_brand","embeddable":true,"href":"https:\/\/legitgrams.com\/hu\/wp-json\/wp\/v2\/product_brand?post=4278"},{"taxonomy":"product_cat","embeddable":true,"href":"https:\/\/legitgrams.com\/hu\/wp-json\/wp\/v2\/product_cat?post=4278"},{"taxonomy":"product_tag","embeddable":true,"href":"https:\/\/legitgrams.com\/hu\/wp-json\/wp\/v2\/product_tag?post=4278"}],"curies":[{"name":"wp","href":"https:\/\/api.w.org\/{rel}","templated":true}]}}