{"id":4279,"date":"2024-09-22T08:24:14","date_gmt":"2024-09-22T08:24:14","guid":{"rendered":"https:\/\/legitgrams.com\/?post_type=product&#038;p=4279"},"modified":"2025-01-14T10:38:37","modified_gmt":"2025-01-14T10:38:37","slug":"rozsaszin-flugels-250mg-ecstasy-tablettak","status":"publish","type":"product","link":"https:\/\/legitgrams.com\/hu\/termek\/rozsaszin-flugels-250mg-ecstasy-tablettak\/","title":{"rendered":"Pink Flugels 250mg Ecstasy tablett\u00e1k"},"content":{"rendered":"<h2>V\u00e1s\u00e1roljon 250 mg r\u00f3zsasz\u00edn flugels ecstasy tablett\u00e1t online.<br \/>\nMi az ecstasy?<\/h2>\n<p>Az ecstasy szintetikus pszichoakt\u00edv anyag (MDMA, 3,4-metil\u00e9n-dioxi-metamfetamin) k\u00e9miailag hasonl\u00f3 a stimul\u00e1ns metamfetaminnal \u00e9s a hallucinog\u00e9n meszkalinnal. Az id\u0151beli \u00e9s \u00e9szlel\u00e9si torzul\u00e1sokat, a tapint\u00e1si ingerek \u00e9lvezet\u00e9nek fokoz\u00f3d\u00e1s\u00e1t \u00e9s a stimul\u00e1l\u00f3 hat\u00e1st mind ennek az illeg\u00e1lis anyagnak a pszichedelikus \u00e9s stimul\u00e1l\u00f3 tulajdons\u00e1gai okozz\u00e1k. <a style=\"font-size: 16px; background-color: #ffffff;\" href=\"https:\/\/legitgrams.com\/hu\/\">LegitGrams<\/a><\/p>\n<p>p<a href=\"https:\/\/legitgrams.com\/hu\/termek\/rozsaszin-flugels-250mg-ecstasy-tablettak\/\">v\u00e1s\u00e1rl\u00e1s 250 mg r\u00f3zsasz\u00edn flugels ecstasy<\/a> tablett\u00e1k online - v\u00e1s\u00e1rl\u00e1s Ecstasy tablett\u00e1k, v\u00e1s\u00e1rl\u00e1s 250 mg r\u00f3zsasz\u00edn flugels ecstasy tablett\u00e1k, v\u00e1s\u00e1rl\u00e1s 250 mg r\u00f3zsasz\u00edn flugels ecstasy tablett\u00e1k online, v\u00e1s\u00e1rl\u00e1s ecstasy online, hol lehet v\u00e1s\u00e1rolni ecstasy tablett\u00e1k online, hol lehet v\u00e1s\u00e1rolni r\u00f3zsasz\u00edn flugels 250 mg ecstasy tablett\u00e1k, r\u00f3zsasz\u00edn flugels 250 mg ecstasy tablett\u00e1k elad\u00f3, r\u00f3zsasz\u00edn flugels 250 mg ecstasy tablett\u00e1k elad\u00f3 az USA-ban, Kanada, Egyes\u00fclt Kir\u00e1lys\u00e1g, v\u00e1s\u00e1rl\u00e1s, online, besz\u00e1ll\u00edt\u00f3k, biztons\u00e1gos sz\u00e1ll\u00edt\u00e1s, Pink Flugels 250 mg ecstasy tabletta m\u00e9g mindig el\u00e9rhet\u0151. Hogyan szerezhetek be pink flugels 250 mg ecstasy tablett\u00e1t? Leg\u00e1lis a pink flugels 250 mg ecstasy v\u00e1s\u00e1rl\u00e1s? <a href=\"https:\/\/en.wikipedia.org\/wiki\/Ecstasy\">ecstasy<\/a> tablett\u00e1k online az Egyes\u00fclt \u00c1llamokban? Leg\u00e1lis a pink flugels 250 mg ecstasy tablett\u00e1k v\u00e1s\u00e1rl\u00e1sa Kanad\u00e1ban?<\/p>","protected":false},"excerpt":{"rendered":"<p>Purchase 250 mg pink flugels ecstasy pills online. What is ecstasy? The synthetic psychoactive substance ecstasy (MDMA, 3,4 methylenedioxymethamphetamine) shares chemical similarities with the stimulant methamphetamine and the hallucinogen mescaline. Temporal and perceptional distortions, an increase in the enjoyment of tactile stimuli, and a stimulant impact are all caused by this illegal substance&#8217;s psychedelic and &hellip;<\/p>\n<p class=\"read-more\"> <a class=\"\" href=\"https:\/\/legitgrams.com\/hu\/termek\/rozsaszin-flugels-250mg-ecstasy-tablettak\/\"> <span class=\"screen-reader-text\">Pink Flugels 250mg Ecstasy tablett\u00e1k<\/span> Olvass tov\u00e1bb \"<\/a><\/p>","protected":false},"featured_media":5202,"comment_status":"open","ping_status":"closed","template":"","meta":{"_uag_custom_page_level_css":"","site-sidebar-layout":"default","site-content-layout":"default","ast-global-header-display":"","ast-main-header-display":"","ast-hfb-above-header-display":"","ast-hfb-below-header-display":"","ast-hfb-mobile-header-display":"","site-post-title":"","ast-breadcrumbs-content":"","ast-featured-img":"","footer-sml-layout":"","theme-transparent-header-meta":"default","adv-header-id-meta":"","stick-header-meta":"default","header-above-stick-meta":"","header-main-stick-meta":"","header-below-stick-meta":"","_joinchat":[]},"product_brand":[],"product_cat":[596],"product_tag":[1177,1167,617,1159,1174,1171,1166,1164,1158,1161,1169,1160,1162,1172,1179,1180,1178,1170,1175,1176,1173,625,1165,1168,1163],"class_list":{"0":"post-4279","1":"product","2":"type-product","3":"status-publish","4":"has-post-thumbnail","6":"product_cat-ecstasy-pills-mdma","7":"product_tag-best-cheap-price-pink-flugels-250mg-ecstasy-pills","8":"product_tag-best-place-to-buy-pink-flugels-250mg-ecstasy-pills","9":"product_tag-bulk-online","10":"product_tag-buy-pink-flugels-250mg-ecstasy-pills","11":"product_tag-cheap-pink-flugels-250mg-ecstasy-pills","12":"product_tag-high-quality-pink-flugels-250mg-ecstasy-pills","13":"product_tag-how-to-buy-pink-flugels-250mg-ecstasy-pills","14":"product_tag-order-pink-flugels-250mg-ecstasy-pills","15":"product_tag-pink-flugels-250mg-ecstasy-pills","16":"product_tag-pink-flugels-250mg-ecstasy-pills-for-sale","17":"product_tag-pink-flugels-250mg-ecstasy-pills-legally","18":"product_tag-pink-flugels-250mg-ecstasy-pills-online","19":"product_tag-pink-flugels-250mg-ecstasy-pills-pink-flugels-250mg-ecstasy-pills-supplier","20":"product_tag-pink-flugels-250mg-ecstasy-pills-store","21":"product_tag-pink-flugels-250mg-ecstasy-pills-use","22":"product_tag-pink-flugels-250mg-ecstasy-pills-wiki","23":"product_tag-pink-flugels-250mg-ecstasy-pills-worldwide","24":"product_tag-pink-flugels-250mg-ecstasy-pillsprice","25":"product_tag-pink-flugels-250mg-ecstasy-pillss","26":"product_tag-purcharse-pink-flugels-250mg-ecstasy-pills","27":"product_tag-shop-pink-flugels-250mg-ecstasy-pills","28":"product_tag-top-quality","29":"product_tag-where-to-buy-pink-flugels-250mg-ecstasy-pills","30":"product_tag-where-to-order-pink-flugels-250mg-ecstasy-pills","31":"product_tag-wholesale-pink-flugels-250mg-ecstasy-pills","32":"desktop-align-left","33":"tablet-align-left","34":"mobile-align-left","35":"ast-product-gallery-layout-horizontal","36":"ast-product-gallery-with-no-image","37":"ast-product-single-variable","38":"ast-product-tabs-layout-horizontal","39":"ast-qv-on-image","41":"first","42":"instock","43":"shipping-taxable","44":"purchasable","45":"product-type-variable"},"yoast_head":"<!-- This site is optimized with the Yoast SEO plugin v25.9 - https:\/\/yoast.com\/wordpress\/plugins\/seo\/ -->\n<title>Pink Flugels 250mg Ecstasy Pills for Sale Online at Best Price<\/title>\n<meta name=\"description\" content=\"Looking for a reliable source to buy Pink Flugels 250mg Ecstasy Pills online? Your search ends here. Order Pink Flugels 250mg Ecstasy Pills online from our trusted store and enjoy a seamless buying process tailored for your research needs.\" \/>\n<meta name=\"robots\" content=\"index, follow, max-snippet:-1, max-image-preview:large, max-video-preview:-1\" \/>\n<link rel=\"canonical\" href=\"https:\/\/legitgrams.com\/hu\/termek\/rozsaszin-flugels-250mg-ecstasy-tablettak\/\" \/>\n<meta property=\"og:locale\" content=\"hu_HU\" \/>\n<meta property=\"og:type\" content=\"article\" \/>\n<meta property=\"og:title\" content=\"Pink Flugels 250mg Ecstasy Pills for Sale Online at Best Price\" \/>\n<meta property=\"og:description\" content=\"Looking for a reliable source to buy Pink Flugels 250mg Ecstasy Pills online? Your search ends here. Order Pink Flugels 250mg Ecstasy Pills online from our trusted store and enjoy a seamless buying process tailored for your research needs.\" \/>\n<meta property=\"og:url\" content=\"https:\/\/legitgrams.com\/hu\/termek\/rozsaszin-flugels-250mg-ecstasy-tablettak\/\" \/>\n<meta property=\"og:site_name\" content=\"Legit Grams\" \/>\n<meta property=\"article:modified_time\" content=\"2025-01-14T10:38:37+00:00\" \/>\n<meta property=\"og:image\" content=\"https:\/\/legitgrams.com\/wp-content\/uploads\/2024\/09\/buy-pink-flugels-250mg-ecstasy-pills-online.jpg\" \/>\n\t<meta property=\"og:image:width\" content=\"600\" \/>\n\t<meta property=\"og:image:height\" content=\"600\" \/>\n\t<meta property=\"og:image:type\" content=\"image\/jpeg\" \/>\n<meta name=\"twitter:card\" content=\"summary_large_image\" \/>\n<meta name=\"twitter:label1\" content=\"Becs\u00fclt olvas\u00e1si id\u0151\" \/>\n\t<meta name=\"twitter:data1\" content=\"1 perc\" \/>\n<script type=\"application\/ld+json\" class=\"yoast-schema-graph\">{\"@context\":\"https:\/\/schema.org\",\"@graph\":[{\"@type\":\"WebPage\",\"@id\":\"https:\/\/legitgrams.com\/product\/pink-flugels-250mg-ecstasy-pills\/\",\"url\":\"https:\/\/legitgrams.com\/product\/pink-flugels-250mg-ecstasy-pills\/\",\"name\":\"Pink Flugels 250mg Ecstasy Pills for Sale Online at Best Price\",\"isPartOf\":{\"@id\":\"https:\/\/legitgrams.com\/#website\"},\"primaryImageOfPage\":{\"@id\":\"https:\/\/legitgrams.com\/product\/pink-flugels-250mg-ecstasy-pills\/#primaryimage\"},\"image\":{\"@id\":\"https:\/\/legitgrams.com\/product\/pink-flugels-250mg-ecstasy-pills\/#primaryimage\"},\"thumbnailUrl\":\"https:\/\/legitgrams.com\/wp-content\/uploads\/2024\/09\/buy-pink-flugels-250mg-ecstasy-pills-online.jpg\",\"datePublished\":\"2024-09-22T08:24:14+00:00\",\"dateModified\":\"2025-01-14T10:38:37+00:00\",\"description\":\"Looking for a reliable source to buy Pink Flugels 250mg Ecstasy Pills online? Your search ends here. Order Pink Flugels 250mg Ecstasy Pills online from our trusted store and enjoy a seamless buying process tailored for your research needs.\",\"breadcrumb\":{\"@id\":\"https:\/\/legitgrams.com\/product\/pink-flugels-250mg-ecstasy-pills\/#breadcrumb\"},\"inLanguage\":\"hu\",\"potentialAction\":[{\"@type\":\"ReadAction\",\"target\":[\"https:\/\/legitgrams.com\/product\/pink-flugels-250mg-ecstasy-pills\/\"]}]},{\"@type\":\"ImageObject\",\"inLanguage\":\"hu\",\"@id\":\"https:\/\/legitgrams.com\/product\/pink-flugels-250mg-ecstasy-pills\/#primaryimage\",\"url\":\"https:\/\/legitgrams.com\/wp-content\/uploads\/2024\/09\/buy-pink-flugels-250mg-ecstasy-pills-online.jpg\",\"contentUrl\":\"https:\/\/legitgrams.com\/wp-content\/uploads\/2024\/09\/buy-pink-flugels-250mg-ecstasy-pills-online.jpg\",\"width\":600,\"height\":600,\"caption\":\"Pink Flugels 250mg Ecstasy Pills for Sale\"},{\"@type\":\"BreadcrumbList\",\"@id\":\"https:\/\/legitgrams.com\/product\/pink-flugels-250mg-ecstasy-pills\/#breadcrumb\",\"itemListElement\":[{\"@type\":\"ListItem\",\"position\":1,\"name\":\"Home\",\"item\":\"https:\/\/legitgrams.com\/\"},{\"@type\":\"ListItem\",\"position\":2,\"name\":\"Shop\",\"item\":\"https:\/\/legitgrams.com\/shop\/\"},{\"@type\":\"ListItem\",\"position\":3,\"name\":\"Pink Flugels 250mg Ecstasy Pills\"}]},{\"@type\":\"WebSite\",\"@id\":\"https:\/\/legitgrams.com\/#website\",\"url\":\"https:\/\/legitgrams.com\/\",\"name\":\"Legit Grams\",\"description\":\"My WordPress Blog\",\"publisher\":{\"@id\":\"https:\/\/legitgrams.com\/#organization\"},\"potentialAction\":[{\"@type\":\"SearchAction\",\"target\":{\"@type\":\"EntryPoint\",\"urlTemplate\":\"https:\/\/legitgrams.com\/?s={search_term_string}\"},\"query-input\":{\"@type\":\"PropertyValueSpecification\",\"valueRequired\":true,\"valueName\":\"search_term_string\"}}],\"inLanguage\":\"hu\"},{\"@type\":\"Organization\",\"@id\":\"https:\/\/legitgrams.com\/#organization\",\"name\":\"Legit Grams\",\"url\":\"https:\/\/legitgrams.com\/\",\"logo\":{\"@type\":\"ImageObject\",\"inLanguage\":\"hu\",\"@id\":\"https:\/\/legitgrams.com\/#\/schema\/logo\/image\/\",\"url\":\"https:\/\/legitgrams.com\/wp-content\/uploads\/2024\/09\/main-logo.png\",\"contentUrl\":\"https:\/\/legitgrams.com\/wp-content\/uploads\/2024\/09\/main-logo.png\",\"width\":270,\"height\":75,\"caption\":\"Legit Grams\"},\"image\":{\"@id\":\"https:\/\/legitgrams.com\/#\/schema\/logo\/image\/\"}}]}<\/script>\n<!-- \/ Yoast SEO plugin. -->","yoast_head_json":{"title":"Pink Flugels 250mg Ecstasy tablett\u00e1k elad\u00f3 online a legjobb \u00e1ron","description":"Megb\u00edzhat\u00f3 forr\u00e1st keres a Pink Flugels 250mg Ecstasy tabletta online v\u00e1s\u00e1rl\u00e1s\u00e1hoz? A keres\u00e9sed itt \u00e9r v\u00e9get. Rendeljen Pink Flugels 250mg Ecstasy Pills online megb\u00edzhat\u00f3 \u00e1ruh\u00e1zunkb\u00f3l, \u00e9s \u00e9lvezze a z\u00f6kken\u0151mentes v\u00e1s\u00e1rl\u00e1si folyamatot, amely az \u00d6n kutat\u00e1si ig\u00e9nyeihez igazodik.","robots":{"index":"index","follow":"follow","max-snippet":"max-snippet:-1","max-image-preview":"max-image-preview:large","max-video-preview":"max-video-preview:-1"},"canonical":"https:\/\/legitgrams.com\/hu\/termek\/rozsaszin-flugels-250mg-ecstasy-tablettak\/","og_locale":"hu_HU","og_type":"article","og_title":"Pink Flugels 250mg Ecstasy Pills for Sale Online at Best Price","og_description":"Looking for a reliable source to buy Pink Flugels 250mg Ecstasy Pills online? Your search ends here. Order Pink Flugels 250mg Ecstasy Pills online from our trusted store and enjoy a seamless buying process tailored for your research needs.","og_url":"https:\/\/legitgrams.com\/hu\/termek\/rozsaszin-flugels-250mg-ecstasy-tablettak\/","og_site_name":"Legit Grams","article_modified_time":"2025-01-14T10:38:37+00:00","og_image":[{"width":600,"height":600,"url":"https:\/\/legitgrams.com\/wp-content\/uploads\/2024\/09\/buy-pink-flugels-250mg-ecstasy-pills-online.jpg","type":"image\/jpeg"}],"twitter_card":"summary_large_image","twitter_misc":{"Becs\u00fclt olvas\u00e1si id\u0151":"1 perc"},"schema":{"@context":"https:\/\/schema.org","@graph":[{"@type":"WebPage","@id":"https:\/\/legitgrams.com\/product\/pink-flugels-250mg-ecstasy-pills\/","url":"https:\/\/legitgrams.com\/product\/pink-flugels-250mg-ecstasy-pills\/","name":"Pink Flugels 250mg Ecstasy tablett\u00e1k elad\u00f3 online a legjobb \u00e1ron","isPartOf":{"@id":"https:\/\/legitgrams.com\/#website"},"primaryImageOfPage":{"@id":"https:\/\/legitgrams.com\/product\/pink-flugels-250mg-ecstasy-pills\/#primaryimage"},"image":{"@id":"https:\/\/legitgrams.com\/product\/pink-flugels-250mg-ecstasy-pills\/#primaryimage"},"thumbnailUrl":"https:\/\/legitgrams.com\/wp-content\/uploads\/2024\/09\/buy-pink-flugels-250mg-ecstasy-pills-online.jpg","datePublished":"2024-09-22T08:24:14+00:00","dateModified":"2025-01-14T10:38:37+00:00","description":"Megb\u00edzhat\u00f3 forr\u00e1st keres a Pink Flugels 250mg Ecstasy tabletta online v\u00e1s\u00e1rl\u00e1s\u00e1hoz? A keres\u00e9sed itt \u00e9r v\u00e9get. Rendeljen Pink Flugels 250mg Ecstasy Pills online megb\u00edzhat\u00f3 \u00e1ruh\u00e1zunkb\u00f3l, \u00e9s \u00e9lvezze a z\u00f6kken\u0151mentes v\u00e1s\u00e1rl\u00e1si folyamatot, amely az \u00d6n kutat\u00e1si ig\u00e9nyeihez igazodik.","breadcrumb":{"@id":"https:\/\/legitgrams.com\/product\/pink-flugels-250mg-ecstasy-pills\/#breadcrumb"},"inLanguage":"hu","potentialAction":[{"@type":"ReadAction","target":["https:\/\/legitgrams.com\/product\/pink-flugels-250mg-ecstasy-pills\/"]}]},{"@type":"ImageObject","inLanguage":"hu","@id":"https:\/\/legitgrams.com\/product\/pink-flugels-250mg-ecstasy-pills\/#primaryimage","url":"https:\/\/legitgrams.com\/wp-content\/uploads\/2024\/09\/buy-pink-flugels-250mg-ecstasy-pills-online.jpg","contentUrl":"https:\/\/legitgrams.com\/wp-content\/uploads\/2024\/09\/buy-pink-flugels-250mg-ecstasy-pills-online.jpg","width":600,"height":600,"caption":"Pink Flugels 250mg Ecstasy Pills for Sale"},{"@type":"BreadcrumbList","@id":"https:\/\/legitgrams.com\/product\/pink-flugels-250mg-ecstasy-pills\/#breadcrumb","itemListElement":[{"@type":"ListItem","position":1,"name":"Home","item":"https:\/\/legitgrams.com\/"},{"@type":"ListItem","position":2,"name":"Shop","item":"https:\/\/legitgrams.com\/shop\/"},{"@type":"ListItem","position":3,"name":"Pink Flugels 250mg Ecstasy Pills"}]},{"@type":"WebSite","@id":"https:\/\/legitgrams.com\/#website","url":"https:\/\/legitgrams.com\/","name":"Legit Grams","description":"Az \u00e9n WordPress blogom","publisher":{"@id":"https:\/\/legitgrams.com\/#organization"},"potentialAction":[{"@type":"SearchAction","target":{"@type":"EntryPoint","urlTemplate":"https:\/\/legitgrams.com\/?s={search_term_string}"},"query-input":{"@type":"PropertyValueSpecification","valueRequired":true,"valueName":"search_term_string"}}],"inLanguage":"hu"},{"@type":"Organization","@id":"https:\/\/legitgrams.com\/#organization","name":"Legit Grams","url":"https:\/\/legitgrams.com\/","logo":{"@type":"ImageObject","inLanguage":"hu","@id":"https:\/\/legitgrams.com\/#\/schema\/logo\/image\/","url":"https:\/\/legitgrams.com\/wp-content\/uploads\/2024\/09\/main-logo.png","contentUrl":"https:\/\/legitgrams.com\/wp-content\/uploads\/2024\/09\/main-logo.png","width":270,"height":75,"caption":"Legit Grams"},"image":{"@id":"https:\/\/legitgrams.com\/#\/schema\/logo\/image\/"}}]}},"uagb_featured_image_src":{"full":["https:\/\/legitgrams.com\/wp-content\/uploads\/2024\/09\/buy-pink-flugels-250mg-ecstasy-pills-online.jpg",600,600,false],"thumbnail":["https:\/\/legitgrams.com\/wp-content\/uploads\/2024\/09\/buy-pink-flugels-250mg-ecstasy-pills-online-150x150.jpg",150,150,true],"medium":["https:\/\/legitgrams.com\/wp-content\/uploads\/2024\/09\/buy-pink-flugels-250mg-ecstasy-pills-online-300x300.jpg",300,300,true],"medium_large":["https:\/\/legitgrams.com\/wp-content\/uploads\/2024\/09\/buy-pink-flugels-250mg-ecstasy-pills-online.jpg",600,600,false],"large":["https:\/\/legitgrams.com\/wp-content\/uploads\/2024\/09\/buy-pink-flugels-250mg-ecstasy-pills-online.jpg",600,600,false],"1536x1536":["https:\/\/legitgrams.com\/wp-content\/uploads\/2024\/09\/buy-pink-flugels-250mg-ecstasy-pills-online.jpg",600,600,false],"2048x2048":["https:\/\/legitgrams.com\/wp-content\/uploads\/2024\/09\/buy-pink-flugels-250mg-ecstasy-pills-online.jpg",600,600,false],"trp-custom-language-flag":["https:\/\/legitgrams.com\/wp-content\/uploads\/2024\/09\/buy-pink-flugels-250mg-ecstasy-pills-online-12x12.jpg",12,12,true],"woocommerce_thumbnail":["https:\/\/legitgrams.com\/wp-content\/uploads\/2024\/09\/buy-pink-flugels-250mg-ecstasy-pills-online-300x300.jpg",300,300,true],"woocommerce_single":["https:\/\/legitgrams.com\/wp-content\/uploads\/2024\/09\/buy-pink-flugels-250mg-ecstasy-pills-online.jpg",600,600,false],"woocommerce_gallery_thumbnail":["https:\/\/legitgrams.com\/wp-content\/uploads\/2024\/09\/buy-pink-flugels-250mg-ecstasy-pills-online-100x100.jpg",100,100,true]},"uagb_author_info":{"display_name":"cokeblog18","author_link":"https:\/\/legitgrams.com\/hu\/author\/"},"uagb_comment_info":0,"uagb_excerpt":"Purchase 250 mg pink flugels ecstasy pills online. What is ecstasy? The synthetic psychoactive substance ecstasy (MDMA, 3,4 methylenedioxymethamphetamine) shares chemical similarities with the stimulant methamphetamine and the hallucinogen mescaline. Temporal and perceptional distortions, an increase in the enjoyment of tactile stimuli, and a stimulant impact are all caused by this illegal substance&#8217;s psychedelic and&hellip;","_links":{"self":[{"href":"https:\/\/legitgrams.com\/hu\/wp-json\/wp\/v2\/product\/4279","targetHints":{"allow":["GET"]}}],"collection":[{"href":"https:\/\/legitgrams.com\/hu\/wp-json\/wp\/v2\/product"}],"about":[{"href":"https:\/\/legitgrams.com\/hu\/wp-json\/wp\/v2\/types\/product"}],"replies":[{"embeddable":true,"href":"https:\/\/legitgrams.com\/hu\/wp-json\/wp\/v2\/comments?post=4279"}],"wp:featuredmedia":[{"embeddable":true,"href":"https:\/\/legitgrams.com\/hu\/wp-json\/wp\/v2\/media\/5202"}],"wp:attachment":[{"href":"https:\/\/legitgrams.com\/hu\/wp-json\/wp\/v2\/media?parent=4279"}],"wp:term":[{"taxonomy":"product_brand","embeddable":true,"href":"https:\/\/legitgrams.com\/hu\/wp-json\/wp\/v2\/product_brand?post=4279"},{"taxonomy":"product_cat","embeddable":true,"href":"https:\/\/legitgrams.com\/hu\/wp-json\/wp\/v2\/product_cat?post=4279"},{"taxonomy":"product_tag","embeddable":true,"href":"https:\/\/legitgrams.com\/hu\/wp-json\/wp\/v2\/product_tag?post=4279"}],"curies":[{"name":"wp","href":"https:\/\/api.w.org\/{rel}","templated":true}]}}