{"id":4281,"date":"2024-09-22T08:38:03","date_gmt":"2024-09-22T08:38:03","guid":{"rendered":"https:\/\/legitgrams.com\/?post_type=product&#038;p=4281"},"modified":"2025-01-14T05:18:45","modified_gmt":"2025-01-14T05:18:45","slug":"zold-csillag-ecstasy-tablettak","status":"publish","type":"product","link":"https:\/\/legitgrams.com\/hu\/termek\/zold-csillag-ecstasy-tablettak\/","title":{"rendered":"Green Star Ecstasy tablett\u00e1k"},"content":{"rendered":"<h2>Online Green Star Ecstasy tabletta v\u00e1s\u00e1rl\u00e1s<\/h2>\n<p>1912-ben, <a href=\"https:\/\/legitgrams.com\/hu\/termek\/zold-csillag-ecstasy-tablettak\/\">Z\u00f6ld f\u00e9ny Ecstacy\u00a0\u00a0<\/a> el\u0151sz\u00f6r a Merck gy\u00f3gyszer\u00e9szeti egy\u00fcttm\u0171k\u00f6d\u00e9se vezette be. K\u00fcl\u00f6nleges szerkezete miatt kapta az \u201eMDMA\u201d nevet. 1953-ban az Egyes\u00fclt \u00c1llamok fegyveres er\u0151i alkalmazt\u00e1k el\u0151sz\u00f6r szellemi hadvisel\u00e9s gyakorlataiban. Az 1960-as \u00e9vekben ism\u00e9t a pszichoter\u00e1pia \u201eg\u00e1tl\u00e1sainak cs\u00f6kkent\u00e9s\u00e9nek\u201d m\u00f3dszerek\u00e9nt \u00edrt\u00e1k el\u0151.1. Az MDMA-t csak az 1970-es \u00e9vekben haszn\u00e1lt\u00e1k szoci\u00e1lis gy\u00f3gyszerk\u00e9nt.<\/p>\n<p>Az 1980-as \u00e9vek k\u00f6zep\u00e9re az MDMA-t \u201ea legbugyog\u00f3bb dolog a m\u00f3dszerben, amely a tudom\u00e1nyon kereszt\u00fcl sz\u00f3rakoztat\u201d \u00e9s a hossz\u00fa t\u00e1v\u00fa bulik \u201egy\u00f3gyszeres\u201d term\u00e9kek\u00e9nt hirdett\u00e9k. 1984-ben az MDMA m\u00e9g leg\u00e1lis volt, \u00e9s \u201eDelight\u201d n\u00e9ven \u00e1rult\u00e1k, de 1985-re a biztons\u00e1gi agg\u00e1lyok korl\u00e1tozt\u00e1k a gy\u00f3gyszer forgalmaz\u00e1s\u00e1t. <a href=\"https:\/\/en.wikipedia.org\/wiki\/Ecstasy\">\u00a0<\/a><a href=\"https:\/\/legitgrams.com\/hu\/\">LegitGrams<\/a><\/p>\n<p>A z\u00f6ld l\u00e1mpa A poszttraum\u00e1s stressz zavarban (PTSD) szenved\u0151k sz\u00e1m\u00e1ra el\u0151ny\u00f6s lehet az ecstasy. Sok beteg k\u00fczd az\u00e9rt, hogy r\u00e1besz\u00e9lje mag\u00e1t azokr\u00f3l a nyomaszt\u00f3 esem\u00e9nyekr\u0151l, amelyek el\u0151sz\u00f6r okozt\u00e1k probl\u00e9m\u00e1ikat. Az egyik szempont az, hogy az \u00f6r\u00f6m seg\u00edthet az embereknek megbirk\u00f3zni ezekkel a sebekkel.<\/p>\n<p>Annak ellen\u00e9re, hogy nem nyomoz\u00f3 vagy a t\u00e9ma szak\u00e9rt\u0151je, Doblin (50) gyakran \u00e9s nagy mennyis\u00e9gben haszn\u00e1lta a k\u00e1b\u00edt\u00f3szert, \u00edgy \u00e1ltal\u00e1nosan \u00e9rti. \u201eNagyon hozz\u00e1j\u00e1rult az \u00e9letemhez\u201d \u2013 mondta. Elismerte, hogy az elragadtat\u00e1s \u00e9s a pszichedelikus szerek jelent\u0151s hat\u00e1ssal voltak a ment\u00e1lis eg\u00e9szs\u00e9gre az \u00e9vek sor\u00e1n.<\/p>\n<p>Abban az esetben, ha olyan v\u00e1llalkoz\u00e1st keresett, amely tud \u00d6nnek k\u00edn\u00e1lni, ha olyan v\u00e1llalkoz\u00e1st keresett, amely a legjobb term\u00e9keket k\u00edn\u00e1lja \u00d6nnek, akkor a megfelel\u0151 helyre j\u00f6tt. Alap\u00edtv\u00e1nyunkn\u00e1l term\u00e9keink magas min\u0151s\u00e9g\u00e9nek k\u00f6sz\u00f6nhet\u0151en kiv\u00e1laszthatja a legjobb lehet\u0151s\u00e9geket, ami seg\u00edt elnyerni bizalm\u00e1t \u00e9s \u0151szinte partnerkapcsolatot \u00e9p\u00edten\u00fcnk ki. Ha ma leadja rendel\u00e9s\u00e9t, a Green Star Ecstasyt a k\u00f6vetkez\u0151 \u00f6t munkanapon bel\u00fcl h\u00e1zhoz sz\u00e1ll\u00edtjuk.<\/p>\n<p>Hol tal\u00e1lok online Green Star Ecstasy tablett\u00e1kat? V\u00e9tel <a href=\"https:\/\/en.wikipedia.org\/wiki\/Ecstasy\">Ecstasy<\/a> tablett\u00e1kat, v\u00e1s\u00e1roljon Green Star Ecstasy tablett\u00e1kat \u00e9s v\u00e1s\u00e1roljon Green Star Ecstasy-t online. Hol tal\u00e1lok online elad\u00f3 Ecstasy tablett\u00e1kat? Hol v\u00e1s\u00e1rolhatok Green Star Ecstasy tablett\u00e1kat az Egyes\u00fclt \u00c1llamokban, Kanad\u00e1ban \u00e9s az Egyes\u00fclt Kir\u00e1lys\u00e1gban? Hol tudom megv\u00e1s\u00e1rolni \u0151ket online? Mik a besz\u00e1ll\u00edt\u00f3k? Hogyan juthatok biztons\u00e1gos sz\u00e1ll\u00edt\u00e1shoz? m\u00e9g el\u00e9rhet\u0151. Megtudhatja, hogy Kanad\u00e1ban leg\u00e1lisak-e, hol lehet beszerezni \u0151ket az interneten, \u00e9s hogy jogszer\u0171ek-e az Egyes\u00fclt \u00c1llamokban.<\/p>\n<p>&nbsp;<\/p>\n<p><a href=\"https:\/\/en.wikipedia.org\/wiki\/Ecstasy\">\u00a0\u00a0<\/a><\/p>","protected":false},"excerpt":{"rendered":"<p>Online Green Star Ecstasy Pill Purchase In 1912, Green light Ecstacy\u00a0\u00a0 was first introduced by Merck&#8217;s pharmaceutical collaboration. It was given the name &#8220;MDMA&#8221; because to its distinct structure. In 1953, the United States Armed Forces employed it for the first time in mental warfare exercises. In the 1960s, it was once more prescribed as &hellip;<\/p>\n<p class=\"read-more\"> <a class=\"\" href=\"https:\/\/legitgrams.com\/hu\/termek\/zold-csillag-ecstasy-tablettak\/\"> <span class=\"screen-reader-text\">Green Star Ecstasy tablett\u00e1k<\/span> Olvass tov\u00e1bb \"<\/a><\/p>","protected":false},"featured_media":5196,"comment_status":"open","ping_status":"closed","template":"","meta":{"_uag_custom_page_level_css":"","site-sidebar-layout":"default","site-content-layout":"default","ast-global-header-display":"","ast-main-header-display":"","ast-hfb-above-header-display":"","ast-hfb-below-header-display":"","ast-hfb-mobile-header-display":"","site-post-title":"","ast-breadcrumbs-content":"","ast-featured-img":"","footer-sml-layout":"","theme-transparent-header-meta":"default","adv-header-id-meta":"","stick-header-meta":"default","header-above-stick-meta":"","header-main-stick-meta":"","header-below-stick-meta":"","_joinchat":[]},"product_brand":[],"product_cat":[596],"product_tag":[1131,1121,617,1113,1128,1112,1115,1116,1123,1114,1126,1133,1134,1132,1124,1129,1125,1120,1118,1130,1127,625,1119,1122,1117],"class_list":{"0":"post-4281","1":"product","2":"type-product","3":"status-publish","4":"has-post-thumbnail","6":"product_cat-ecstasy-pills-mdma","7":"product_tag-best-cheap-price-green-star-ecstasy-pills","8":"product_tag-best-place-to-buy-green-star-ecstasy-pills","9":"product_tag-bulk-online","10":"product_tag-buy-green-star-ecstasy-pills","11":"product_tag-cheap-green-star-ecstasy-pills","12":"product_tag-green-star-ecstasy-pills","13":"product_tag-green-star-ecstasy-pills-for-sale","14":"product_tag-green-star-ecstasy-pills-green-star-ecstasy-pills-supplier","15":"product_tag-green-star-ecstasy-pills-legally","16":"product_tag-green-star-ecstasy-pills-online","17":"product_tag-green-star-ecstasy-pills-store","18":"product_tag-green-star-ecstasy-pills-use","19":"product_tag-green-star-ecstasy-pills-wiki","20":"product_tag-green-star-ecstasy-pills-worldwide","21":"product_tag-green-star-ecstasy-pillsprice","22":"product_tag-green-star-ecstasy-pillss","23":"product_tag-high-quality-green-star-ecstasy-pills","24":"product_tag-how-to-buy-green-star-ecstasy-pills","25":"product_tag-order-green-star-ecstasy-pills","26":"product_tag-purcharse-green-star-ecstasy-pills","27":"product_tag-shop-green-star-ecstasy-pills","28":"product_tag-top-quality","29":"product_tag-where-to-buy-green-star-ecstasy-pills","30":"product_tag-where-to-order-green-star-ecstasy-pills","31":"product_tag-wholesale-green-star-ecstasy-pills","32":"desktop-align-left","33":"tablet-align-left","34":"mobile-align-left","35":"ast-product-gallery-layout-horizontal","36":"ast-product-gallery-with-no-image","37":"ast-product-single-variable","38":"ast-product-tabs-layout-horizontal","39":"ast-qv-on-image","41":"first","42":"instock","43":"featured","44":"shipping-taxable","45":"purchasable","46":"product-type-variable"},"yoast_head":"<!-- This site is optimized with the Yoast SEO plugin v25.9 - https:\/\/yoast.com\/wordpress\/plugins\/seo\/ -->\n<title>Green Star Ecstasy Pills for Sale - Order Green Star Ecstasy Pills<\/title>\n<meta name=\"description\" content=\"You can buy green star ecstasy pills online at the best prices from our online store. We have cheap and high-quality green star ecstasy pills for sale and providing worldwide delivery. You can order from anytime, anywhere.\" \/>\n<meta name=\"robots\" content=\"index, follow, max-snippet:-1, max-image-preview:large, max-video-preview:-1\" \/>\n<link rel=\"canonical\" href=\"https:\/\/legitgrams.com\/hu\/termek\/zold-csillag-ecstasy-tablettak\/\" \/>\n<meta property=\"og:locale\" content=\"hu_HU\" \/>\n<meta property=\"og:type\" content=\"article\" \/>\n<meta property=\"og:title\" content=\"Green Star Ecstasy Pills for Sale - Order Green Star Ecstasy Pills\" \/>\n<meta property=\"og:description\" content=\"You can buy green star ecstasy pills online at the best prices from our online store. We have cheap and high-quality green star ecstasy pills for sale and providing worldwide delivery. You can order from anytime, anywhere.\" \/>\n<meta property=\"og:url\" content=\"https:\/\/legitgrams.com\/hu\/termek\/zold-csillag-ecstasy-tablettak\/\" \/>\n<meta property=\"og:site_name\" content=\"Legit Grams\" \/>\n<meta property=\"article:modified_time\" content=\"2025-01-14T05:18:45+00:00\" \/>\n<meta property=\"og:image\" content=\"https:\/\/legitgrams.com\/wp-content\/uploads\/2024\/09\/buy-green-star-ecstasy-pills-online.jpg\" \/>\n\t<meta property=\"og:image:width\" content=\"600\" \/>\n\t<meta property=\"og:image:height\" content=\"600\" \/>\n\t<meta property=\"og:image:type\" content=\"image\/jpeg\" \/>\n<meta name=\"twitter:card\" content=\"summary_large_image\" \/>\n<meta name=\"twitter:label1\" content=\"Becs\u00fclt olvas\u00e1si id\u0151\" \/>\n\t<meta name=\"twitter:data1\" content=\"2 perc\" \/>\n<script type=\"application\/ld+json\" class=\"yoast-schema-graph\">{\"@context\":\"https:\/\/schema.org\",\"@graph\":[{\"@type\":\"WebPage\",\"@id\":\"https:\/\/legitgrams.com\/product\/green-star-ecstasy-pills\/\",\"url\":\"https:\/\/legitgrams.com\/product\/green-star-ecstasy-pills\/\",\"name\":\"Green Star Ecstasy Pills for Sale - Order Green Star Ecstasy Pills\",\"isPartOf\":{\"@id\":\"https:\/\/legitgrams.com\/#website\"},\"primaryImageOfPage\":{\"@id\":\"https:\/\/legitgrams.com\/product\/green-star-ecstasy-pills\/#primaryimage\"},\"image\":{\"@id\":\"https:\/\/legitgrams.com\/product\/green-star-ecstasy-pills\/#primaryimage\"},\"thumbnailUrl\":\"https:\/\/legitgrams.com\/wp-content\/uploads\/2024\/09\/buy-green-star-ecstasy-pills-online.jpg\",\"datePublished\":\"2024-09-22T08:38:03+00:00\",\"dateModified\":\"2025-01-14T05:18:45+00:00\",\"description\":\"You can buy green star ecstasy pills online at the best prices from our online store. We have cheap and high-quality green star ecstasy pills for sale and providing worldwide delivery. You can order from anytime, anywhere.\",\"breadcrumb\":{\"@id\":\"https:\/\/legitgrams.com\/product\/green-star-ecstasy-pills\/#breadcrumb\"},\"inLanguage\":\"hu\",\"potentialAction\":[{\"@type\":\"ReadAction\",\"target\":[\"https:\/\/legitgrams.com\/product\/green-star-ecstasy-pills\/\"]}]},{\"@type\":\"ImageObject\",\"inLanguage\":\"hu\",\"@id\":\"https:\/\/legitgrams.com\/product\/green-star-ecstasy-pills\/#primaryimage\",\"url\":\"https:\/\/legitgrams.com\/wp-content\/uploads\/2024\/09\/buy-green-star-ecstasy-pills-online.jpg\",\"contentUrl\":\"https:\/\/legitgrams.com\/wp-content\/uploads\/2024\/09\/buy-green-star-ecstasy-pills-online.jpg\",\"width\":600,\"height\":600,\"caption\":\"Green Star Ecstasy Pills for Sale\"},{\"@type\":\"BreadcrumbList\",\"@id\":\"https:\/\/legitgrams.com\/product\/green-star-ecstasy-pills\/#breadcrumb\",\"itemListElement\":[{\"@type\":\"ListItem\",\"position\":1,\"name\":\"Home\",\"item\":\"https:\/\/legitgrams.com\/\"},{\"@type\":\"ListItem\",\"position\":2,\"name\":\"Shop\",\"item\":\"https:\/\/legitgrams.com\/shop\/\"},{\"@type\":\"ListItem\",\"position\":3,\"name\":\"Green Star Ecstasy Pills\"}]},{\"@type\":\"WebSite\",\"@id\":\"https:\/\/legitgrams.com\/#website\",\"url\":\"https:\/\/legitgrams.com\/\",\"name\":\"Legit Grams\",\"description\":\"My WordPress Blog\",\"publisher\":{\"@id\":\"https:\/\/legitgrams.com\/#organization\"},\"potentialAction\":[{\"@type\":\"SearchAction\",\"target\":{\"@type\":\"EntryPoint\",\"urlTemplate\":\"https:\/\/legitgrams.com\/?s={search_term_string}\"},\"query-input\":{\"@type\":\"PropertyValueSpecification\",\"valueRequired\":true,\"valueName\":\"search_term_string\"}}],\"inLanguage\":\"hu\"},{\"@type\":\"Organization\",\"@id\":\"https:\/\/legitgrams.com\/#organization\",\"name\":\"Legit Grams\",\"url\":\"https:\/\/legitgrams.com\/\",\"logo\":{\"@type\":\"ImageObject\",\"inLanguage\":\"hu\",\"@id\":\"https:\/\/legitgrams.com\/#\/schema\/logo\/image\/\",\"url\":\"https:\/\/legitgrams.com\/wp-content\/uploads\/2024\/09\/main-logo.png\",\"contentUrl\":\"https:\/\/legitgrams.com\/wp-content\/uploads\/2024\/09\/main-logo.png\",\"width\":270,\"height\":75,\"caption\":\"Legit Grams\"},\"image\":{\"@id\":\"https:\/\/legitgrams.com\/#\/schema\/logo\/image\/\"}}]}<\/script>\n<!-- \/ Yoast SEO plugin. -->","yoast_head_json":{"title":"Green Star Ecstasy tablett\u00e1k elad\u00f3k \u2013 Green Star Ecstasy tablett\u00e1k rendel\u00e9se","description":"Online \u00e1ruh\u00e1zunkb\u00f3l a legjobb \u00e1ron v\u00e1s\u00e1rolhat z\u00f6ld csillag ecstasy tablett\u00e1kat online. Olcs\u00f3 \u00e9s kiv\u00e1l\u00f3 min\u0151s\u00e9g\u0171 z\u00f6ld csillag ecstasy tablett\u00e1kat k\u00edn\u00e1lunk elad\u00e1sra, \u00e9s vil\u00e1gszerte sz\u00e1ll\u00edtjuk. B\u00e1rmikor, b\u00e1rhonnan rendelhet.","robots":{"index":"index","follow":"follow","max-snippet":"max-snippet:-1","max-image-preview":"max-image-preview:large","max-video-preview":"max-video-preview:-1"},"canonical":"https:\/\/legitgrams.com\/hu\/termek\/zold-csillag-ecstasy-tablettak\/","og_locale":"hu_HU","og_type":"article","og_title":"Green Star Ecstasy Pills for Sale - Order Green Star Ecstasy Pills","og_description":"You can buy green star ecstasy pills online at the best prices from our online store. We have cheap and high-quality green star ecstasy pills for sale and providing worldwide delivery. You can order from anytime, anywhere.","og_url":"https:\/\/legitgrams.com\/hu\/termek\/zold-csillag-ecstasy-tablettak\/","og_site_name":"Legit Grams","article_modified_time":"2025-01-14T05:18:45+00:00","og_image":[{"width":600,"height":600,"url":"https:\/\/legitgrams.com\/wp-content\/uploads\/2024\/09\/buy-green-star-ecstasy-pills-online.jpg","type":"image\/jpeg"}],"twitter_card":"summary_large_image","twitter_misc":{"Becs\u00fclt olvas\u00e1si id\u0151":"2 perc"},"schema":{"@context":"https:\/\/schema.org","@graph":[{"@type":"WebPage","@id":"https:\/\/legitgrams.com\/product\/green-star-ecstasy-pills\/","url":"https:\/\/legitgrams.com\/product\/green-star-ecstasy-pills\/","name":"Green Star Ecstasy tablett\u00e1k elad\u00f3k \u2013 Green Star Ecstasy tablett\u00e1k rendel\u00e9se","isPartOf":{"@id":"https:\/\/legitgrams.com\/#website"},"primaryImageOfPage":{"@id":"https:\/\/legitgrams.com\/product\/green-star-ecstasy-pills\/#primaryimage"},"image":{"@id":"https:\/\/legitgrams.com\/product\/green-star-ecstasy-pills\/#primaryimage"},"thumbnailUrl":"https:\/\/legitgrams.com\/wp-content\/uploads\/2024\/09\/buy-green-star-ecstasy-pills-online.jpg","datePublished":"2024-09-22T08:38:03+00:00","dateModified":"2025-01-14T05:18:45+00:00","description":"Online \u00e1ruh\u00e1zunkb\u00f3l a legjobb \u00e1ron v\u00e1s\u00e1rolhat z\u00f6ld csillag ecstasy tablett\u00e1kat online. Olcs\u00f3 \u00e9s kiv\u00e1l\u00f3 min\u0151s\u00e9g\u0171 z\u00f6ld csillag ecstasy tablett\u00e1kat k\u00edn\u00e1lunk elad\u00e1sra, \u00e9s vil\u00e1gszerte sz\u00e1ll\u00edtjuk. B\u00e1rmikor, b\u00e1rhonnan rendelhet.","breadcrumb":{"@id":"https:\/\/legitgrams.com\/product\/green-star-ecstasy-pills\/#breadcrumb"},"inLanguage":"hu","potentialAction":[{"@type":"ReadAction","target":["https:\/\/legitgrams.com\/product\/green-star-ecstasy-pills\/"]}]},{"@type":"ImageObject","inLanguage":"hu","@id":"https:\/\/legitgrams.com\/product\/green-star-ecstasy-pills\/#primaryimage","url":"https:\/\/legitgrams.com\/wp-content\/uploads\/2024\/09\/buy-green-star-ecstasy-pills-online.jpg","contentUrl":"https:\/\/legitgrams.com\/wp-content\/uploads\/2024\/09\/buy-green-star-ecstasy-pills-online.jpg","width":600,"height":600,"caption":"Green Star Ecstasy Pills for Sale"},{"@type":"BreadcrumbList","@id":"https:\/\/legitgrams.com\/product\/green-star-ecstasy-pills\/#breadcrumb","itemListElement":[{"@type":"ListItem","position":1,"name":"Home","item":"https:\/\/legitgrams.com\/"},{"@type":"ListItem","position":2,"name":"Shop","item":"https:\/\/legitgrams.com\/shop\/"},{"@type":"ListItem","position":3,"name":"Green Star Ecstasy Pills"}]},{"@type":"WebSite","@id":"https:\/\/legitgrams.com\/#website","url":"https:\/\/legitgrams.com\/","name":"Legit Grams","description":"Az \u00e9n WordPress blogom","publisher":{"@id":"https:\/\/legitgrams.com\/#organization"},"potentialAction":[{"@type":"SearchAction","target":{"@type":"EntryPoint","urlTemplate":"https:\/\/legitgrams.com\/?s={search_term_string}"},"query-input":{"@type":"PropertyValueSpecification","valueRequired":true,"valueName":"search_term_string"}}],"inLanguage":"hu"},{"@type":"Organization","@id":"https:\/\/legitgrams.com\/#organization","name":"Legit Grams","url":"https:\/\/legitgrams.com\/","logo":{"@type":"ImageObject","inLanguage":"hu","@id":"https:\/\/legitgrams.com\/#\/schema\/logo\/image\/","url":"https:\/\/legitgrams.com\/wp-content\/uploads\/2024\/09\/main-logo.png","contentUrl":"https:\/\/legitgrams.com\/wp-content\/uploads\/2024\/09\/main-logo.png","width":270,"height":75,"caption":"Legit Grams"},"image":{"@id":"https:\/\/legitgrams.com\/#\/schema\/logo\/image\/"}}]}},"uagb_featured_image_src":{"full":["https:\/\/legitgrams.com\/wp-content\/uploads\/2024\/09\/buy-green-star-ecstasy-pills-online.jpg",600,600,false],"thumbnail":["https:\/\/legitgrams.com\/wp-content\/uploads\/2024\/09\/buy-green-star-ecstasy-pills-online-150x150.jpg",150,150,true],"medium":["https:\/\/legitgrams.com\/wp-content\/uploads\/2024\/09\/buy-green-star-ecstasy-pills-online-300x300.jpg",300,300,true],"medium_large":["https:\/\/legitgrams.com\/wp-content\/uploads\/2024\/09\/buy-green-star-ecstasy-pills-online.jpg",600,600,false],"large":["https:\/\/legitgrams.com\/wp-content\/uploads\/2024\/09\/buy-green-star-ecstasy-pills-online.jpg",600,600,false],"1536x1536":["https:\/\/legitgrams.com\/wp-content\/uploads\/2024\/09\/buy-green-star-ecstasy-pills-online.jpg",600,600,false],"2048x2048":["https:\/\/legitgrams.com\/wp-content\/uploads\/2024\/09\/buy-green-star-ecstasy-pills-online.jpg",600,600,false],"trp-custom-language-flag":["https:\/\/legitgrams.com\/wp-content\/uploads\/2024\/09\/buy-green-star-ecstasy-pills-online-12x12.jpg",12,12,true],"woocommerce_thumbnail":["https:\/\/legitgrams.com\/wp-content\/uploads\/2024\/09\/buy-green-star-ecstasy-pills-online-300x300.jpg",300,300,true],"woocommerce_single":["https:\/\/legitgrams.com\/wp-content\/uploads\/2024\/09\/buy-green-star-ecstasy-pills-online.jpg",600,600,false],"woocommerce_gallery_thumbnail":["https:\/\/legitgrams.com\/wp-content\/uploads\/2024\/09\/buy-green-star-ecstasy-pills-online-100x100.jpg",100,100,true]},"uagb_author_info":{"display_name":"cokeblog18","author_link":"https:\/\/legitgrams.com\/hu\/author\/"},"uagb_comment_info":0,"uagb_excerpt":"Online Green Star Ecstasy Pill Purchase In 1912, Green light Ecstacy\u00a0\u00a0 was first introduced by Merck&#8217;s pharmaceutical collaboration. It was given the name &#8220;MDMA&#8221; because to its distinct structure. In 1953, the United States Armed Forces employed it for the first time in mental warfare exercises. In the 1960s, it was once more prescribed as&hellip;","_links":{"self":[{"href":"https:\/\/legitgrams.com\/hu\/wp-json\/wp\/v2\/product\/4281","targetHints":{"allow":["GET"]}}],"collection":[{"href":"https:\/\/legitgrams.com\/hu\/wp-json\/wp\/v2\/product"}],"about":[{"href":"https:\/\/legitgrams.com\/hu\/wp-json\/wp\/v2\/types\/product"}],"replies":[{"embeddable":true,"href":"https:\/\/legitgrams.com\/hu\/wp-json\/wp\/v2\/comments?post=4281"}],"wp:featuredmedia":[{"embeddable":true,"href":"https:\/\/legitgrams.com\/hu\/wp-json\/wp\/v2\/media\/5196"}],"wp:attachment":[{"href":"https:\/\/legitgrams.com\/hu\/wp-json\/wp\/v2\/media?parent=4281"}],"wp:term":[{"taxonomy":"product_brand","embeddable":true,"href":"https:\/\/legitgrams.com\/hu\/wp-json\/wp\/v2\/product_brand?post=4281"},{"taxonomy":"product_cat","embeddable":true,"href":"https:\/\/legitgrams.com\/hu\/wp-json\/wp\/v2\/product_cat?post=4281"},{"taxonomy":"product_tag","embeddable":true,"href":"https:\/\/legitgrams.com\/hu\/wp-json\/wp\/v2\/product_tag?post=4281"}],"curies":[{"name":"wp","href":"https:\/\/api.w.org\/{rel}","templated":true}]}}