{"id":4294,"date":"2024-09-22T09:52:35","date_gmt":"2024-09-22T09:52:35","guid":{"rendered":"https:\/\/legitgrams.com\/?post_type=product&#038;p=4294"},"modified":"2026-02-28T13:44:25","modified_gmt":"2026-02-28T13:44:25","slug":"kek-delfin-ecstasy-tablettak","status":"publish","type":"product","link":"https:\/\/legitgrams.com\/hu\/termek\/kek-delfin-ecstasy-tablettak\/","title":{"rendered":"V\u00e1s\u00e1roljon Blue Dolphin Ecstasy tablett\u00e1t online"},"content":{"rendered":"<h2>V\u00e1s\u00e1roljon Blue Dolphin Ecstasy tablett\u00e1t online<\/h2>\n<p>Az ecstasyt el\u0151sz\u00f6r a Merck k\u00e1b\u00edt\u00f3szer-kapcsolat hozta l\u00e9tre 1912-ben. K\u00fcl\u00f6nleges szerkezete miatt kapta az \u201eMDMA\u201d nevet. 1953-ban az Egyes\u00fclt \u00c1llamok fegyveres er\u0151i alkalmazt\u00e1k el\u0151sz\u00f6r szellemi elk\u00f6telezetts\u00e9g-tesztekben. Az 1960-as \u00e9vekben korl\u00e1tozott ideig m\u00e9g egyszer alkalmazt\u00e1k az \u201ealacsonyabb g\u00e1tl\u00e1s\u201d ter\u00e1pi\u00e1s m\u00f3dszerek\u00e9nt.1. Az MDMA csak az 1970-es \u00e9vekben v\u00e1lt n\u00e9pszer\u0171v\u00e9, mint gy\u0171jt\u0151drog.<\/p>\n<p>Az 1980-as \u00e9vek k\u00f6zep\u00e9re <a href=\"https:\/\/en.wikipedia.org\/wiki\/MDMA\">MDMA<\/a> Az ecstasyt el\u0151sz\u00f6r a Merck k\u00e1b\u00edt\u00f3szer-kapcsolat hozta l\u00e9tre 1912-ben. K\u00fcl\u00f6nleges szerkezete miatt kapta az \u201eMDMA\u201d nevet. 1953-ban az Egyes\u00fclt \u00c1llamok fegyveres er\u0151i alkalmazt\u00e1k el\u0151sz\u00f6r szellemi elk\u00f6telezetts\u00e9g-tesztekben. Az 1960-as \u00e9vekben korl\u00e1tozott ideig m\u00e9g egyszer alkalmazt\u00e1k az \u201ealacsonyabb g\u00e1tl\u00e1s\u201d ter\u00e1pi\u00e1s m\u00f3dszerek\u00e9nt.1. Az MDMA csak az 1970-es \u00e9vekben v\u00e1lt n\u00e9pszer\u0171v\u00e9, mint gy\u0171jt\u0151drog.<\/p>\n<h3>A k\u00e9k delfin ext\u00e1zisa<\/h3>\n<p><a href=\"https:\/\/legitgrams.com\/hu\/termek\/kek-delfin-ecstasy-tablettak\/\">Doblin<\/a>, \u00f6tven, val\u00f3ban felk\u00e9sz\u00fcletlen, k\u00e9ptelen \u00e9s nem figyel; s\u00falyos k\u00e1b\u00edt\u00f3szer-fogyaszt\u00e1sa miatt magas szint\u0171 k\u00e1b\u00edt\u00f3szerrel kapcsolatos felel\u0151ss\u00e9g terheli. Szavai: \u201eNagyon feljav\u00edtotta az \u00e9letemet\u201d Nemr\u00e9g elfogadta azt az elk\u00e9pzel\u00e9st, hogy a Joy \u00e9s m\u00e1s stimul\u00e1nsok alapvet\u0151 sikerkrit\u00e9riumokkal rendelkeznek.<\/p>\n<p>Ha val\u00f3ban olyan szervezetet keres, amely a legjobb min\u0151s\u00e9g\u0171 term\u00e9keket k\u00edn\u00e1lja \u00d6nnek, akkor j\u00f3 helyen j\u00e1r. Term\u00e9keink sokf\u00e9les\u00e9ge miatt alap\u00edtv\u00e1nyunkn\u00e1l kiv\u00e1laszthatja a legjobb lehet\u0151s\u00e9geket a kapcsolat kialak\u00edt\u00e1s\u00e1hoz \u00e9s a bizalom elnyer\u00e9s\u00e9hez. A Blue Dolphin Ecstasyt \u00f6t munkanapon bel\u00fcl h\u00e1zhoz sz\u00e1ll\u00edtjuk, ha m\u00e9g ma megadja az elad\u00e1sait. K\u00e9k delfin boldogs\u00e1g<\/p>\n<p>Az ecstasyt el\u0151sz\u00f6r a Merck k\u00e1b\u00edt\u00f3szer-kapcsolat hozta l\u00e9tre 1912-ben. K\u00fcl\u00f6nleges szerkezete miatt kapta az \u201eMDMA\u201d nevet. 1953-ban az Egyes\u00fclt \u00c1llamok fegyveres er\u0151i alkalmazt\u00e1k el\u0151sz\u00f6r szellemi elk\u00f6telezetts\u00e9g-tesztekben. Az 1960-as \u00e9vekben r\u00f6vid ideig ism\u00e9t alkalmazt\u00e1k pszichoter\u00e1pi\u00e1s technikak\u00e9nt a \u201eg\u00e1tl\u00e1sok cs\u00f6kkent\u00e9s\u00e9re\u201d.1. Az MDMA csak az 1970-es \u00e9vekben v\u00e1lt n\u00e9pszer\u0171v\u00e9.<\/p>\n<h3>A bulik kedvelt gy\u00f3gym\u00f3dja.<\/h3>\n<p>Az 1980-as \u00e9vek k\u00f6zep\u00e9re az MDMA-t \u201ea technika leghabos\u00edt\u00f3bb term\u00e9kek\u00e9nt a tudom\u00e1nyon kereszt\u00fcli k\u00e9r\u00e9s\u00e9rt\u201d \u00e9s a tart\u00f3s bulik \u201emegold\u00e1sak\u00e9nt\u201d hirdett\u00e9k. B\u00e1r az MDMA m\u00e9g 1984-ben is jelent\u0151s gy\u00f3gyszer volt, \u00e9s \u201eJoy\u201d n\u00e9ven \u00e1rult\u00e1k, a biztons\u00e1gi agg\u00e1lyok 1985-re korl\u00e1tozt\u00e1k a forgalmaz\u00e1s\u00e1t. <a href=\"https:\/\/legitgrams.com\/hu\/\">LegitGrams<\/a><\/p>\n<p>K\u00e9k delfin drogok, k\u00e9k delfin ecstasy \u00e9s k\u00e9k delfinb\u0151l sz\u00e1rmaz\u00f3 gy\u00f3gyszerek<\/p>\n<h3>K\u00e9k \u00e1rnyalat\u00fa M\u00e9retek: 295 mg<\/h3>\n<p>A Blue Dolphin Ecstasy tablett\u00e1k online megv\u00e1s\u00e1rolhat\u00f3k. Az Egyes\u00fclt \u00c1llamokban, Kanad\u00e1ban, az Egyes\u00fclt Kir\u00e1lys\u00e1gban \u00e9s m\u00e1s orsz\u00e1gokban a Blue Dolphin Ecstasy tablett\u00e1kat \u00e9rt\u00e9kes\u00edtik. A besz\u00e1ll\u00edt\u00f3k Blue Dolphin Ecstasy tablett\u00e1kat biztos\u00edtanak, amelyeket biztons\u00e1gosan sz\u00e1ll\u00edtanak ki. Az It Blue Dolphin ecstasy tablett\u00e1k tov\u00e1bbra is kaphat\u00f3k. Ezenk\u00edv\u00fcl megtudhatja, hogy Kanad\u00e1ban leg\u00e1lisak-e, hogyan kell megrendelni \u0151ket, \u00e9s hogy leg\u00e1lisak-e az Egyes\u00fclt \u00c1llamokban.<\/p>","protected":false},"excerpt":{"rendered":"<p>Buy Blue Dolphin Ecstasy Pills Online Ecstasy was first created by the Merck drug relationship in 1912. It was given the name &#8220;MDMA&#8221; because to its distinct structure. In 1953, the US Armed Forces employed it for the first time in mental engagement tests. In the 1960s, it was utilized once more for a limited &hellip;<\/p>\n<p class=\"read-more\"> <a class=\"\" href=\"https:\/\/legitgrams.com\/hu\/termek\/kek-delfin-ecstasy-tablettak\/\"> <span class=\"screen-reader-text\">V\u00e1s\u00e1roljon Blue Dolphin Ecstasy tablett\u00e1t online<\/span> Olvass tov\u00e1bb \"<\/a><\/p>","protected":false},"featured_media":5189,"comment_status":"open","ping_status":"closed","template":"","meta":{"_uag_custom_page_level_css":"","site-sidebar-layout":"default","site-content-layout":"default","ast-global-header-display":"","ast-main-header-display":"","ast-hfb-above-header-display":"","ast-hfb-below-header-display":"","ast-hfb-mobile-header-display":"","site-post-title":"","ast-breadcrumbs-content":"","ast-featured-img":"","footer-sml-layout":"","theme-transparent-header-meta":"default","adv-header-id-meta":"","stick-header-meta":"default","header-above-stick-meta":"","header-main-stick-meta":"","header-below-stick-meta":"","_joinchat":[]},"product_brand":[],"product_cat":[596],"product_tag":[993,983,974,978,977,985,976,988,995,996,994,986,991,617,975,990,987,982,980,992,989,625,981,984,979],"class_list":{"0":"post-4294","1":"product","2":"type-product","3":"status-publish","4":"has-post-thumbnail","6":"product_cat-ecstasy-pills-mdma","7":"product_tag-best-cheap-price-blue-dolphin-ecstasy-pills","8":"product_tag-best-place-to-buy-blue-dolphin-ecstasy-pills","9":"product_tag-blue-dolphin-ecstasy-pills","10":"product_tag-blue-dolphin-ecstasy-pills-blue-dolphin-ecstasy-pills-supplier","11":"product_tag-blue-dolphin-ecstasy-pills-for-sale","12":"product_tag-blue-dolphin-ecstasy-pills-legally","13":"product_tag-blue-dolphin-ecstasy-pills-online","14":"product_tag-blue-dolphin-ecstasy-pills-store","15":"product_tag-blue-dolphin-ecstasy-pills-use","16":"product_tag-blue-dolphin-ecstasy-pills-wiki","17":"product_tag-blue-dolphin-ecstasy-pills-worldwide","18":"product_tag-blue-dolphin-ecstasy-pillsprice","19":"product_tag-blue-dolphin-ecstasy-pillss","20":"product_tag-bulk-online","21":"product_tag-buy-blue-dolphin-ecstasy-pills","22":"product_tag-cheap-blue-dolphin-ecstasy-pills","23":"product_tag-high-quality-blue-dolphin-ecstasy-pills","24":"product_tag-how-to-buy-blue-dolphin-ecstasy-pills","25":"product_tag-order-blue-dolphin-ecstasy-pills","26":"product_tag-purcharse-blue-dolphin-ecstasy-pills","27":"product_tag-shop-blue-dolphin-ecstasy-pills","28":"product_tag-top-quality","29":"product_tag-where-to-buy-blue-dolphin-ecstasy-pills","30":"product_tag-where-to-order-blue-dolphin-ecstasy-pills","31":"product_tag-wholesale-blue-dolphin-ecstasy-pills","32":"desktop-align-left","33":"tablet-align-left","34":"mobile-align-left","35":"ast-product-gallery-layout-horizontal","36":"ast-product-gallery-with-no-image","37":"ast-product-single-variable","38":"ast-product-tabs-layout-horizontal","39":"ast-qv-on-image","41":"first","42":"instock","43":"shipping-taxable","44":"purchasable","45":"product-type-variable"},"yoast_head":"<!-- This site is optimized with the Yoast SEO plugin v25.9 - https:\/\/yoast.com\/wordpress\/plugins\/seo\/ -->\n<title>Blue Dolphin Ecstasy Pills for Sale Online - Order Blue Dolphin<\/title>\n<meta name=\"description\" content=\"Buy blue dolphin ecstasy pills online conveniently and securely, with a straightforward order process. Just place an order today for blue dolphin ecstasy pills for sale!\" \/>\n<meta name=\"robots\" content=\"index, follow, max-snippet:-1, max-image-preview:large, max-video-preview:-1\" \/>\n<link rel=\"canonical\" href=\"https:\/\/legitgrams.com\/hu\/termek\/kek-delfin-ecstasy-tablettak\/\" \/>\n<meta property=\"og:locale\" content=\"hu_HU\" \/>\n<meta property=\"og:type\" content=\"article\" \/>\n<meta property=\"og:title\" content=\"Blue Dolphin Ecstasy Pills for Sale Online - Order Blue Dolphin\" \/>\n<meta property=\"og:description\" content=\"Buy blue dolphin ecstasy pills online conveniently and securely, with a straightforward order process. Just place an order today for blue dolphin ecstasy pills for sale!\" \/>\n<meta property=\"og:url\" content=\"https:\/\/legitgrams.com\/hu\/termek\/kek-delfin-ecstasy-tablettak\/\" \/>\n<meta property=\"og:site_name\" content=\"Legit Grams\" \/>\n<meta property=\"article:modified_time\" content=\"2026-02-28T13:44:25+00:00\" \/>\n<meta property=\"og:image\" content=\"https:\/\/legitgrams.com\/wp-content\/uploads\/2024\/09\/buy-blue-dolphin-ecstasy-pills-online.jpg\" \/>\n\t<meta property=\"og:image:width\" content=\"600\" \/>\n\t<meta property=\"og:image:height\" content=\"600\" \/>\n\t<meta property=\"og:image:type\" content=\"image\/jpeg\" \/>\n<meta name=\"twitter:card\" content=\"summary_large_image\" \/>\n<meta name=\"twitter:label1\" content=\"Becs\u00fclt olvas\u00e1si id\u0151\" \/>\n\t<meta name=\"twitter:data1\" content=\"3 perc\" \/>\n<script type=\"application\/ld+json\" class=\"yoast-schema-graph\">{\"@context\":\"https:\/\/schema.org\",\"@graph\":[{\"@type\":\"WebPage\",\"@id\":\"https:\/\/legitgrams.com\/product\/blue-dolphin-ecstasy-pills\/\",\"url\":\"https:\/\/legitgrams.com\/product\/blue-dolphin-ecstasy-pills\/\",\"name\":\"Blue Dolphin Ecstasy Pills for Sale Online - Order Blue Dolphin\",\"isPartOf\":{\"@id\":\"https:\/\/legitgrams.com\/#website\"},\"primaryImageOfPage\":{\"@id\":\"https:\/\/legitgrams.com\/product\/blue-dolphin-ecstasy-pills\/#primaryimage\"},\"image\":{\"@id\":\"https:\/\/legitgrams.com\/product\/blue-dolphin-ecstasy-pills\/#primaryimage\"},\"thumbnailUrl\":\"https:\/\/legitgrams.com\/wp-content\/uploads\/2024\/09\/buy-blue-dolphin-ecstasy-pills-online.jpg\",\"datePublished\":\"2024-09-22T09:52:35+00:00\",\"dateModified\":\"2026-02-28T13:44:25+00:00\",\"description\":\"Buy blue dolphin ecstasy pills online conveniently and securely, with a straightforward order process. Just place an order today for blue dolphin ecstasy pills for sale!\",\"breadcrumb\":{\"@id\":\"https:\/\/legitgrams.com\/product\/blue-dolphin-ecstasy-pills\/#breadcrumb\"},\"inLanguage\":\"hu\",\"potentialAction\":[{\"@type\":\"ReadAction\",\"target\":[\"https:\/\/legitgrams.com\/product\/blue-dolphin-ecstasy-pills\/\"]}]},{\"@type\":\"ImageObject\",\"inLanguage\":\"hu\",\"@id\":\"https:\/\/legitgrams.com\/product\/blue-dolphin-ecstasy-pills\/#primaryimage\",\"url\":\"https:\/\/legitgrams.com\/wp-content\/uploads\/2024\/09\/buy-blue-dolphin-ecstasy-pills-online.jpg\",\"contentUrl\":\"https:\/\/legitgrams.com\/wp-content\/uploads\/2024\/09\/buy-blue-dolphin-ecstasy-pills-online.jpg\",\"width\":600,\"height\":600,\"caption\":\"Blue Dolphin Ecstasy Pills for Sale\"},{\"@type\":\"BreadcrumbList\",\"@id\":\"https:\/\/legitgrams.com\/product\/blue-dolphin-ecstasy-pills\/#breadcrumb\",\"itemListElement\":[{\"@type\":\"ListItem\",\"position\":1,\"name\":\"Home\",\"item\":\"https:\/\/legitgrams.com\/\"},{\"@type\":\"ListItem\",\"position\":2,\"name\":\"Shop\",\"item\":\"https:\/\/legitgrams.com\/shop\/\"},{\"@type\":\"ListItem\",\"position\":3,\"name\":\"Buy Blue Dolphin Ecstasy Pills Online\"}]},{\"@type\":\"WebSite\",\"@id\":\"https:\/\/legitgrams.com\/#website\",\"url\":\"https:\/\/legitgrams.com\/\",\"name\":\"Legit Grams\",\"description\":\"My WordPress Blog\",\"publisher\":{\"@id\":\"https:\/\/legitgrams.com\/#organization\"},\"potentialAction\":[{\"@type\":\"SearchAction\",\"target\":{\"@type\":\"EntryPoint\",\"urlTemplate\":\"https:\/\/legitgrams.com\/?s={search_term_string}\"},\"query-input\":{\"@type\":\"PropertyValueSpecification\",\"valueRequired\":true,\"valueName\":\"search_term_string\"}}],\"inLanguage\":\"hu\"},{\"@type\":\"Organization\",\"@id\":\"https:\/\/legitgrams.com\/#organization\",\"name\":\"Legit Grams\",\"url\":\"https:\/\/legitgrams.com\/\",\"logo\":{\"@type\":\"ImageObject\",\"inLanguage\":\"hu\",\"@id\":\"https:\/\/legitgrams.com\/#\/schema\/logo\/image\/\",\"url\":\"https:\/\/legitgrams.com\/wp-content\/uploads\/2024\/09\/main-logo.png\",\"contentUrl\":\"https:\/\/legitgrams.com\/wp-content\/uploads\/2024\/09\/main-logo.png\",\"width\":270,\"height\":75,\"caption\":\"Legit Grams\"},\"image\":{\"@id\":\"https:\/\/legitgrams.com\/#\/schema\/logo\/image\/\"}}]}<\/script>\n<!-- \/ Yoast SEO plugin. -->","yoast_head_json":{"title":"Blue Dolphin Ecstasy tablett\u00e1k elad\u00f3 online - Rendel\u00e9s Blue Dolphin","description":"V\u00e1s\u00e1roljon k\u00e9k delfin ecstasy tablett\u00e1kat online k\u00e9nyelmesen \u00e9s biztons\u00e1gosan, egyszer\u0171 rendel\u00e9si folyamattal. Csak adja le rendel\u00e9s\u00e9t m\u00e9g ma a k\u00e9k delfin ecstasy tablett\u00e1k elad\u00f3!","robots":{"index":"index","follow":"follow","max-snippet":"max-snippet:-1","max-image-preview":"max-image-preview:large","max-video-preview":"max-video-preview:-1"},"canonical":"https:\/\/legitgrams.com\/hu\/termek\/kek-delfin-ecstasy-tablettak\/","og_locale":"hu_HU","og_type":"article","og_title":"Blue Dolphin Ecstasy Pills for Sale Online - Order Blue Dolphin","og_description":"Buy blue dolphin ecstasy pills online conveniently and securely, with a straightforward order process. Just place an order today for blue dolphin ecstasy pills for sale!","og_url":"https:\/\/legitgrams.com\/hu\/termek\/kek-delfin-ecstasy-tablettak\/","og_site_name":"Legit Grams","article_modified_time":"2026-02-28T13:44:25+00:00","og_image":[{"width":600,"height":600,"url":"https:\/\/legitgrams.com\/wp-content\/uploads\/2024\/09\/buy-blue-dolphin-ecstasy-pills-online.jpg","type":"image\/jpeg"}],"twitter_card":"summary_large_image","twitter_misc":{"Becs\u00fclt olvas\u00e1si id\u0151":"3 perc"},"schema":{"@context":"https:\/\/schema.org","@graph":[{"@type":"WebPage","@id":"https:\/\/legitgrams.com\/product\/blue-dolphin-ecstasy-pills\/","url":"https:\/\/legitgrams.com\/product\/blue-dolphin-ecstasy-pills\/","name":"Blue Dolphin Ecstasy tablett\u00e1k elad\u00f3 online - Rendel\u00e9s Blue Dolphin","isPartOf":{"@id":"https:\/\/legitgrams.com\/#website"},"primaryImageOfPage":{"@id":"https:\/\/legitgrams.com\/product\/blue-dolphin-ecstasy-pills\/#primaryimage"},"image":{"@id":"https:\/\/legitgrams.com\/product\/blue-dolphin-ecstasy-pills\/#primaryimage"},"thumbnailUrl":"https:\/\/legitgrams.com\/wp-content\/uploads\/2024\/09\/buy-blue-dolphin-ecstasy-pills-online.jpg","datePublished":"2024-09-22T09:52:35+00:00","dateModified":"2026-02-28T13:44:25+00:00","description":"V\u00e1s\u00e1roljon k\u00e9k delfin ecstasy tablett\u00e1kat online k\u00e9nyelmesen \u00e9s biztons\u00e1gosan, egyszer\u0171 rendel\u00e9si folyamattal. Csak adja le rendel\u00e9s\u00e9t m\u00e9g ma a k\u00e9k delfin ecstasy tablett\u00e1k elad\u00f3!","breadcrumb":{"@id":"https:\/\/legitgrams.com\/product\/blue-dolphin-ecstasy-pills\/#breadcrumb"},"inLanguage":"hu","potentialAction":[{"@type":"ReadAction","target":["https:\/\/legitgrams.com\/product\/blue-dolphin-ecstasy-pills\/"]}]},{"@type":"ImageObject","inLanguage":"hu","@id":"https:\/\/legitgrams.com\/product\/blue-dolphin-ecstasy-pills\/#primaryimage","url":"https:\/\/legitgrams.com\/wp-content\/uploads\/2024\/09\/buy-blue-dolphin-ecstasy-pills-online.jpg","contentUrl":"https:\/\/legitgrams.com\/wp-content\/uploads\/2024\/09\/buy-blue-dolphin-ecstasy-pills-online.jpg","width":600,"height":600,"caption":"Blue Dolphin Ecstasy Pills for Sale"},{"@type":"BreadcrumbList","@id":"https:\/\/legitgrams.com\/product\/blue-dolphin-ecstasy-pills\/#breadcrumb","itemListElement":[{"@type":"ListItem","position":1,"name":"Home","item":"https:\/\/legitgrams.com\/"},{"@type":"ListItem","position":2,"name":"Shop","item":"https:\/\/legitgrams.com\/shop\/"},{"@type":"ListItem","position":3,"name":"Buy Blue Dolphin Ecstasy Pills Online"}]},{"@type":"WebSite","@id":"https:\/\/legitgrams.com\/#website","url":"https:\/\/legitgrams.com\/","name":"Legit Grams","description":"Az \u00e9n WordPress blogom","publisher":{"@id":"https:\/\/legitgrams.com\/#organization"},"potentialAction":[{"@type":"SearchAction","target":{"@type":"EntryPoint","urlTemplate":"https:\/\/legitgrams.com\/?s={search_term_string}"},"query-input":{"@type":"PropertyValueSpecification","valueRequired":true,"valueName":"search_term_string"}}],"inLanguage":"hu"},{"@type":"Organization","@id":"https:\/\/legitgrams.com\/#organization","name":"Legit Grams","url":"https:\/\/legitgrams.com\/","logo":{"@type":"ImageObject","inLanguage":"hu","@id":"https:\/\/legitgrams.com\/#\/schema\/logo\/image\/","url":"https:\/\/legitgrams.com\/wp-content\/uploads\/2024\/09\/main-logo.png","contentUrl":"https:\/\/legitgrams.com\/wp-content\/uploads\/2024\/09\/main-logo.png","width":270,"height":75,"caption":"Legit Grams"},"image":{"@id":"https:\/\/legitgrams.com\/#\/schema\/logo\/image\/"}}]}},"uagb_featured_image_src":{"full":["https:\/\/legitgrams.com\/wp-content\/uploads\/2024\/09\/buy-blue-dolphin-ecstasy-pills-online.jpg",600,600,false],"thumbnail":["https:\/\/legitgrams.com\/wp-content\/uploads\/2024\/09\/buy-blue-dolphin-ecstasy-pills-online-150x150.jpg",150,150,true],"medium":["https:\/\/legitgrams.com\/wp-content\/uploads\/2024\/09\/buy-blue-dolphin-ecstasy-pills-online-300x300.jpg",300,300,true],"medium_large":["https:\/\/legitgrams.com\/wp-content\/uploads\/2024\/09\/buy-blue-dolphin-ecstasy-pills-online.jpg",600,600,false],"large":["https:\/\/legitgrams.com\/wp-content\/uploads\/2024\/09\/buy-blue-dolphin-ecstasy-pills-online.jpg",600,600,false],"1536x1536":["https:\/\/legitgrams.com\/wp-content\/uploads\/2024\/09\/buy-blue-dolphin-ecstasy-pills-online.jpg",600,600,false],"2048x2048":["https:\/\/legitgrams.com\/wp-content\/uploads\/2024\/09\/buy-blue-dolphin-ecstasy-pills-online.jpg",600,600,false],"trp-custom-language-flag":["https:\/\/legitgrams.com\/wp-content\/uploads\/2024\/09\/buy-blue-dolphin-ecstasy-pills-online-12x12.jpg",12,12,true],"woocommerce_thumbnail":["https:\/\/legitgrams.com\/wp-content\/uploads\/2024\/09\/buy-blue-dolphin-ecstasy-pills-online-300x300.jpg",300,300,true],"woocommerce_single":["https:\/\/legitgrams.com\/wp-content\/uploads\/2024\/09\/buy-blue-dolphin-ecstasy-pills-online.jpg",600,600,false],"woocommerce_gallery_thumbnail":["https:\/\/legitgrams.com\/wp-content\/uploads\/2024\/09\/buy-blue-dolphin-ecstasy-pills-online-100x100.jpg",100,100,true]},"uagb_author_info":{"display_name":"cokeblog18","author_link":"https:\/\/legitgrams.com\/hu\/author\/"},"uagb_comment_info":0,"uagb_excerpt":"Buy Blue Dolphin Ecstasy Pills Online Ecstasy was first created by the Merck drug relationship in 1912. It was given the name &#8220;MDMA&#8221; because to its distinct structure. In 1953, the US Armed Forces employed it for the first time in mental engagement tests. In the 1960s, it was utilized once more for a limited&hellip;","_links":{"self":[{"href":"https:\/\/legitgrams.com\/hu\/wp-json\/wp\/v2\/product\/4294","targetHints":{"allow":["GET"]}}],"collection":[{"href":"https:\/\/legitgrams.com\/hu\/wp-json\/wp\/v2\/product"}],"about":[{"href":"https:\/\/legitgrams.com\/hu\/wp-json\/wp\/v2\/types\/product"}],"replies":[{"embeddable":true,"href":"https:\/\/legitgrams.com\/hu\/wp-json\/wp\/v2\/comments?post=4294"}],"wp:featuredmedia":[{"embeddable":true,"href":"https:\/\/legitgrams.com\/hu\/wp-json\/wp\/v2\/media\/5189"}],"wp:attachment":[{"href":"https:\/\/legitgrams.com\/hu\/wp-json\/wp\/v2\/media?parent=4294"}],"wp:term":[{"taxonomy":"product_brand","embeddable":true,"href":"https:\/\/legitgrams.com\/hu\/wp-json\/wp\/v2\/product_brand?post=4294"},{"taxonomy":"product_cat","embeddable":true,"href":"https:\/\/legitgrams.com\/hu\/wp-json\/wp\/v2\/product_cat?post=4294"},{"taxonomy":"product_tag","embeddable":true,"href":"https:\/\/legitgrams.com\/hu\/wp-json\/wp\/v2\/product_tag?post=4294"}],"curies":[{"name":"wp","href":"https:\/\/api.w.org\/{rel}","templated":true}]}}