{"id":4297,"date":"2024-09-22T09:54:59","date_gmt":"2024-09-22T09:54:59","guid":{"rendered":"https:\/\/legitgrams.com\/?post_type=product&#038;p=4297"},"modified":"2025-01-13T09:44:15","modified_gmt":"2025-01-13T09:44:15","slug":"240mg-ecstasy-tablettak","status":"publish","type":"product","link":"https:\/\/legitgrams.com\/hu\/termek\/240mg-ecstasy-tablettak\/","title":{"rendered":"240mg ecstasy tablett\u00e1k"},"content":{"rendered":"<h2>Elad\u00f3: 240 mg-os ecstasy tabletta r\u00fad<\/h2>\n<p>Az MDMA-haszn\u00e1l\u00f3k t\u00f6bbs\u00e9ge kapszula vagy tabletta (f\u0171szerpor) form\u00e1j\u00e1ban fogyasztja, m\u00edg m\u00e1sok foly\u00e9kony vagy tabletta form\u00e1j\u00e1ban fogyasztj\u00e1k. A \u201emolekula\u201d sz\u00f3 r\u00f6vid\u00edt\u00e9sek\u00e9nt a Molly k\u00f6zn\u00e9v gyakran utal arra, ami val\u00f3j\u00e1ban az MDMA \u201etiszta\u201d krist\u00e1lyos por form\u00e1ja, amelyet \u00e1ltal\u00e1ban kapszulak\u00e9nt \u00e1rulnak. De az egy\u00e9nek, akik v\u00e1s\u00e1rolnak <a href=\"https:\/\/legitgrams.com\/hu\/\">LegitGrams<\/a><\/p>\n<p>A Molly n\u00e9ven forgalmazott porok vagy kapszul\u00e1k gyakran tartalmaznak m\u00e1s \u00f6sszetev\u0151ket, p\u00e9ld\u00e1ul s\u00f3t vagy szintetikus katinonokat (gyakran \u201ek\u00e1dnak\u201d nevezik).<\/p>\n<p><a href=\"https:\/\/legitgrams.com\/hu\/termek\/240mg-ecstasy-tablettak\/\">V\u00e1s\u00e1roljon 240 mg-ot<\/a> MDMA rudak \u00e9s ecstasy tablett\u00e1k online: MDMA tablett\u00e1k v\u00e1s\u00e1rl\u00e1sa, 240 mg MDMA v\u00e1s\u00e1rl\u00e1sa, 240 mg MDMA v\u00e1s\u00e1rl\u00e1sa online, Hol v\u00e1s\u00e1rolhatok <a href=\"https:\/\/en.wikipedia.org\/wiki\/Bars\">b\u00e1rok<\/a> 240 mg-os ecstasy tablett\u00e1kb\u00f3l?, hol v\u00e1s\u00e1rolhatok 240 mg-os ecstasy-tablett\u00e1kat elad\u00e1sra?, hol v\u00e1s\u00e1rolhatok ecstasyt online?, 240 mg-os ecstasy-tablett\u00e1k megv\u00e1s\u00e1rolhat\u00f3k, sz\u00e1ll\u00edt\u00f3k, biztons\u00e1gos sz\u00e1ll\u00edt\u00e1s \u00e9s \u00e9rt\u00e9kes\u00edt\u00e9s az Egyes\u00fclt \u00c1llamokban, Kanad\u00e1ban, \u00e9s a brit 240 mg-os Ecstasy tablett\u00e1k tov\u00e1bbra is el\u00e9rhet\u0151k. Leg\u00e1lis 240 mg-os ecstasy tablett\u00e1kat tartalmaz\u00f3 szeletek online v\u00e1s\u00e1rl\u00e1sa az Egyes\u00fclt \u00c1llamokban? Hogyan szerezhetek be 240 mg-os szelet ecstasy tablett\u00e1t? Leg\u00e1lisak a 240 mg ecstasyt tartalmaz\u00f3 szeletek Kanad\u00e1ban?<\/p>\n<p>&nbsp;<\/p>","protected":false},"excerpt":{"rendered":"<p>For Sale: Bars of 240 mg ecstasy tablets The majority of MDMA users consume it as capsules or tablets (spices powder), while some others take it in liquid or tablet form. As a shorthand for &#8220;molecule,&#8221; Molly&#8217;s common name often refers to what is actually MDMA&#8217;s &#8220;pure&#8221; crystalline powder form, which is usually sold as &hellip;<\/p>\n<p class=\"read-more\"> <a class=\"\" href=\"https:\/\/legitgrams.com\/hu\/termek\/240mg-ecstasy-tablettak\/\"> <span class=\"screen-reader-text\">240mg ecstasy tablett\u00e1k<\/span> Olvass tov\u00e1bb \"<\/a><\/p>","protected":false},"featured_media":5188,"comment_status":"open","ping_status":"closed","template":"","meta":{"_uag_custom_page_level_css":"","site-sidebar-layout":"default","site-content-layout":"default","ast-global-header-display":"","ast-main-header-display":"","ast-hfb-above-header-display":"","ast-hfb-below-header-display":"","ast-hfb-mobile-header-display":"","site-post-title":"","ast-breadcrumbs-content":"","ast-featured-img":"","footer-sml-layout":"","theme-transparent-header-meta":"default","adv-header-id-meta":"","stick-header-meta":"default","header-above-stick-meta":"","header-main-stick-meta":"","header-below-stick-meta":"","_joinchat":[]},"product_brand":[],"product_cat":[596],"product_tag":[928,932,931,939,930,942,949,950,948,940,945,947,937,617,929,944,941,936,934,946,943,625,935,938,933],"class_list":{"0":"post-4297","1":"product","2":"type-product","3":"status-publish","4":"has-post-thumbnail","6":"product_cat-ecstasy-pills-mdma","7":"product_tag-bars-240mg-ecstasy-pills","8":"product_tag-bars-240mg-ecstasy-pills-bars-240mg-ecstasy-pills-supplier","9":"product_tag-bars-240mg-ecstasy-pills-for-sale","10":"product_tag-bars-240mg-ecstasy-pills-legally","11":"product_tag-bars-240mg-ecstasy-pills-online","12":"product_tag-bars-240mg-ecstasy-pills-store","13":"product_tag-bars-240mg-ecstasy-pills-use","14":"product_tag-bars-240mg-ecstasy-pills-wiki","15":"product_tag-bars-240mg-ecstasy-pills-worldwide","16":"product_tag-bars-240mg-ecstasy-pillsprice","17":"product_tag-bars-240mg-ecstasy-pillss","18":"product_tag-best-cheap-price-bars-240mg-ecstasy-pills","19":"product_tag-best-place-to-buy-bars-240mg-ecstasy-pills","20":"product_tag-bulk-online","21":"product_tag-buy-bars-240mg-ecstasy-pills","22":"product_tag-cheap-bars-240mg-ecstasy-pills","23":"product_tag-high-quality-bars-240mg-ecstasy-pills","24":"product_tag-how-to-buy-bars-240mg-ecstasy-pills","25":"product_tag-order-bars-240mg-ecstasy-pills","26":"product_tag-purcharse-bars-240mg-ecstasy-pills","27":"product_tag-shop-bars-240mg-ecstasy-pills","28":"product_tag-top-quality","29":"product_tag-where-to-buy-bars-240mg-ecstasy-pills","30":"product_tag-where-to-order-bars-240mg-ecstasy-pills","31":"product_tag-wholesale-bars-240mg-ecstasy-pills","32":"desktop-align-left","33":"tablet-align-left","34":"mobile-align-left","35":"ast-product-gallery-layout-horizontal","36":"ast-product-gallery-with-no-image","37":"ast-product-single-variable","38":"ast-product-tabs-layout-horizontal","39":"ast-qv-on-image","41":"first","42":"instock","43":"shipping-taxable","44":"purchasable","45":"product-type-variable"},"yoast_head":"<!-- This site is optimized with the Yoast SEO plugin v25.9 - https:\/\/yoast.com\/wordpress\/plugins\/seo\/ -->\n<title>Bars 240mg Ecstasy Pills for Sale - Buy Bars Ecstasy Online<\/title>\n<meta name=\"description\" content=\"You can get in touch with our Legitgrams store and buy bars 240mg ecstasy pills online. We have bars 240mg ecstasy pills for sale at cheap price. Get yours at your place right away!\" \/>\n<meta name=\"robots\" content=\"index, follow, max-snippet:-1, max-image-preview:large, max-video-preview:-1\" \/>\n<link rel=\"canonical\" href=\"https:\/\/legitgrams.com\/hu\/termek\/240mg-ecstasy-tablettak\/\" \/>\n<meta property=\"og:locale\" content=\"hu_HU\" \/>\n<meta property=\"og:type\" content=\"article\" \/>\n<meta property=\"og:title\" content=\"Bars 240mg Ecstasy Pills for Sale - Buy Bars Ecstasy Online\" \/>\n<meta property=\"og:description\" content=\"You can get in touch with our Legitgrams store and buy bars 240mg ecstasy pills online. We have bars 240mg ecstasy pills for sale at cheap price. Get yours at your place right away!\" \/>\n<meta property=\"og:url\" content=\"https:\/\/legitgrams.com\/hu\/termek\/240mg-ecstasy-tablettak\/\" \/>\n<meta property=\"og:site_name\" content=\"Legit Grams\" \/>\n<meta property=\"article:modified_time\" content=\"2025-01-13T09:44:15+00:00\" \/>\n<meta property=\"og:image\" content=\"https:\/\/legitgrams.com\/wp-content\/uploads\/2024\/09\/buy-bars-240mg-ecstasy-pills-online.jpg\" \/>\n\t<meta property=\"og:image:width\" content=\"600\" \/>\n\t<meta property=\"og:image:height\" content=\"600\" \/>\n\t<meta property=\"og:image:type\" content=\"image\/jpeg\" \/>\n<meta name=\"twitter:card\" content=\"summary_large_image\" \/>\n<meta name=\"twitter:label1\" content=\"Becs\u00fclt olvas\u00e1si id\u0151\" \/>\n\t<meta name=\"twitter:data1\" content=\"2 perc\" \/>\n<script type=\"application\/ld+json\" class=\"yoast-schema-graph\">{\"@context\":\"https:\/\/schema.org\",\"@graph\":[{\"@type\":\"WebPage\",\"@id\":\"https:\/\/legitgrams.com\/product\/bars-240mg-ecstasy-pills\/\",\"url\":\"https:\/\/legitgrams.com\/product\/bars-240mg-ecstasy-pills\/\",\"name\":\"Bars 240mg Ecstasy Pills for Sale - Buy Bars Ecstasy Online\",\"isPartOf\":{\"@id\":\"https:\/\/legitgrams.com\/#website\"},\"primaryImageOfPage\":{\"@id\":\"https:\/\/legitgrams.com\/product\/bars-240mg-ecstasy-pills\/#primaryimage\"},\"image\":{\"@id\":\"https:\/\/legitgrams.com\/product\/bars-240mg-ecstasy-pills\/#primaryimage\"},\"thumbnailUrl\":\"https:\/\/legitgrams.com\/wp-content\/uploads\/2024\/09\/buy-bars-240mg-ecstasy-pills-online.jpg\",\"datePublished\":\"2024-09-22T09:54:59+00:00\",\"dateModified\":\"2025-01-13T09:44:15+00:00\",\"description\":\"You can get in touch with our Legitgrams store and buy bars 240mg ecstasy pills online. We have bars 240mg ecstasy pills for sale at cheap price. Get yours at your place right away!\",\"breadcrumb\":{\"@id\":\"https:\/\/legitgrams.com\/product\/bars-240mg-ecstasy-pills\/#breadcrumb\"},\"inLanguage\":\"hu\",\"potentialAction\":[{\"@type\":\"ReadAction\",\"target\":[\"https:\/\/legitgrams.com\/product\/bars-240mg-ecstasy-pills\/\"]}]},{\"@type\":\"ImageObject\",\"inLanguage\":\"hu\",\"@id\":\"https:\/\/legitgrams.com\/product\/bars-240mg-ecstasy-pills\/#primaryimage\",\"url\":\"https:\/\/legitgrams.com\/wp-content\/uploads\/2024\/09\/buy-bars-240mg-ecstasy-pills-online.jpg\",\"contentUrl\":\"https:\/\/legitgrams.com\/wp-content\/uploads\/2024\/09\/buy-bars-240mg-ecstasy-pills-online.jpg\",\"width\":600,\"height\":600,\"caption\":\"Bars 240mg ecstasy pills for Sale\"},{\"@type\":\"BreadcrumbList\",\"@id\":\"https:\/\/legitgrams.com\/product\/bars-240mg-ecstasy-pills\/#breadcrumb\",\"itemListElement\":[{\"@type\":\"ListItem\",\"position\":1,\"name\":\"Home\",\"item\":\"https:\/\/legitgrams.com\/\"},{\"@type\":\"ListItem\",\"position\":2,\"name\":\"Shop\",\"item\":\"https:\/\/legitgrams.com\/shop\/\"},{\"@type\":\"ListItem\",\"position\":3,\"name\":\"bars 240mg ecstasy pills\"}]},{\"@type\":\"WebSite\",\"@id\":\"https:\/\/legitgrams.com\/#website\",\"url\":\"https:\/\/legitgrams.com\/\",\"name\":\"Legit Grams\",\"description\":\"My WordPress Blog\",\"publisher\":{\"@id\":\"https:\/\/legitgrams.com\/#organization\"},\"potentialAction\":[{\"@type\":\"SearchAction\",\"target\":{\"@type\":\"EntryPoint\",\"urlTemplate\":\"https:\/\/legitgrams.com\/?s={search_term_string}\"},\"query-input\":{\"@type\":\"PropertyValueSpecification\",\"valueRequired\":true,\"valueName\":\"search_term_string\"}}],\"inLanguage\":\"hu\"},{\"@type\":\"Organization\",\"@id\":\"https:\/\/legitgrams.com\/#organization\",\"name\":\"Legit Grams\",\"url\":\"https:\/\/legitgrams.com\/\",\"logo\":{\"@type\":\"ImageObject\",\"inLanguage\":\"hu\",\"@id\":\"https:\/\/legitgrams.com\/#\/schema\/logo\/image\/\",\"url\":\"https:\/\/legitgrams.com\/wp-content\/uploads\/2024\/09\/main-logo.png\",\"contentUrl\":\"https:\/\/legitgrams.com\/wp-content\/uploads\/2024\/09\/main-logo.png\",\"width\":270,\"height\":75,\"caption\":\"Legit Grams\"},\"image\":{\"@id\":\"https:\/\/legitgrams.com\/#\/schema\/logo\/image\/\"}}]}<\/script>\n<!-- \/ Yoast SEO plugin. -->","yoast_head_json":{"title":"Elad\u00f3 szeletek 240 mg ecstasy tablett\u00e1k \u2013 V\u00e1s\u00e1roljon ecstasyszeleteket online","description":"Akkor l\u00e9pjen kapcsolatba a mi Legitgrams \u00e1ruh\u00e1z \u00e9s v\u00e1s\u00e1rolni rudak 240mg ecstasy tablett\u00e1k online. Van bars 240mg ecstasy tablett\u00e1k elad\u00f3 olcs\u00f3 \u00e1ron. Get a ti\u00e9d a helyedben azonnal!","robots":{"index":"index","follow":"follow","max-snippet":"max-snippet:-1","max-image-preview":"max-image-preview:large","max-video-preview":"max-video-preview:-1"},"canonical":"https:\/\/legitgrams.com\/hu\/termek\/240mg-ecstasy-tablettak\/","og_locale":"hu_HU","og_type":"article","og_title":"Bars 240mg Ecstasy Pills for Sale - Buy Bars Ecstasy Online","og_description":"You can get in touch with our Legitgrams store and buy bars 240mg ecstasy pills online. We have bars 240mg ecstasy pills for sale at cheap price. Get yours at your place right away!","og_url":"https:\/\/legitgrams.com\/hu\/termek\/240mg-ecstasy-tablettak\/","og_site_name":"Legit Grams","article_modified_time":"2025-01-13T09:44:15+00:00","og_image":[{"width":600,"height":600,"url":"https:\/\/legitgrams.com\/wp-content\/uploads\/2024\/09\/buy-bars-240mg-ecstasy-pills-online.jpg","type":"image\/jpeg"}],"twitter_card":"summary_large_image","twitter_misc":{"Becs\u00fclt olvas\u00e1si id\u0151":"2 perc"},"schema":{"@context":"https:\/\/schema.org","@graph":[{"@type":"WebPage","@id":"https:\/\/legitgrams.com\/product\/bars-240mg-ecstasy-pills\/","url":"https:\/\/legitgrams.com\/product\/bars-240mg-ecstasy-pills\/","name":"Elad\u00f3 szeletek 240 mg ecstasy tablett\u00e1k \u2013 V\u00e1s\u00e1roljon ecstasyszeleteket online","isPartOf":{"@id":"https:\/\/legitgrams.com\/#website"},"primaryImageOfPage":{"@id":"https:\/\/legitgrams.com\/product\/bars-240mg-ecstasy-pills\/#primaryimage"},"image":{"@id":"https:\/\/legitgrams.com\/product\/bars-240mg-ecstasy-pills\/#primaryimage"},"thumbnailUrl":"https:\/\/legitgrams.com\/wp-content\/uploads\/2024\/09\/buy-bars-240mg-ecstasy-pills-online.jpg","datePublished":"2024-09-22T09:54:59+00:00","dateModified":"2025-01-13T09:44:15+00:00","description":"Akkor l\u00e9pjen kapcsolatba a mi Legitgrams \u00e1ruh\u00e1z \u00e9s v\u00e1s\u00e1rolni rudak 240mg ecstasy tablett\u00e1k online. Van bars 240mg ecstasy tablett\u00e1k elad\u00f3 olcs\u00f3 \u00e1ron. Get a ti\u00e9d a helyedben azonnal!","breadcrumb":{"@id":"https:\/\/legitgrams.com\/product\/bars-240mg-ecstasy-pills\/#breadcrumb"},"inLanguage":"hu","potentialAction":[{"@type":"ReadAction","target":["https:\/\/legitgrams.com\/product\/bars-240mg-ecstasy-pills\/"]}]},{"@type":"ImageObject","inLanguage":"hu","@id":"https:\/\/legitgrams.com\/product\/bars-240mg-ecstasy-pills\/#primaryimage","url":"https:\/\/legitgrams.com\/wp-content\/uploads\/2024\/09\/buy-bars-240mg-ecstasy-pills-online.jpg","contentUrl":"https:\/\/legitgrams.com\/wp-content\/uploads\/2024\/09\/buy-bars-240mg-ecstasy-pills-online.jpg","width":600,"height":600,"caption":"Bars 240mg ecstasy pills for Sale"},{"@type":"BreadcrumbList","@id":"https:\/\/legitgrams.com\/product\/bars-240mg-ecstasy-pills\/#breadcrumb","itemListElement":[{"@type":"ListItem","position":1,"name":"Home","item":"https:\/\/legitgrams.com\/"},{"@type":"ListItem","position":2,"name":"Shop","item":"https:\/\/legitgrams.com\/shop\/"},{"@type":"ListItem","position":3,"name":"bars 240mg ecstasy pills"}]},{"@type":"WebSite","@id":"https:\/\/legitgrams.com\/#website","url":"https:\/\/legitgrams.com\/","name":"Legit Grams","description":"Az \u00e9n WordPress blogom","publisher":{"@id":"https:\/\/legitgrams.com\/#organization"},"potentialAction":[{"@type":"SearchAction","target":{"@type":"EntryPoint","urlTemplate":"https:\/\/legitgrams.com\/?s={search_term_string}"},"query-input":{"@type":"PropertyValueSpecification","valueRequired":true,"valueName":"search_term_string"}}],"inLanguage":"hu"},{"@type":"Organization","@id":"https:\/\/legitgrams.com\/#organization","name":"Legit Grams","url":"https:\/\/legitgrams.com\/","logo":{"@type":"ImageObject","inLanguage":"hu","@id":"https:\/\/legitgrams.com\/#\/schema\/logo\/image\/","url":"https:\/\/legitgrams.com\/wp-content\/uploads\/2024\/09\/main-logo.png","contentUrl":"https:\/\/legitgrams.com\/wp-content\/uploads\/2024\/09\/main-logo.png","width":270,"height":75,"caption":"Legit Grams"},"image":{"@id":"https:\/\/legitgrams.com\/#\/schema\/logo\/image\/"}}]}},"uagb_featured_image_src":{"full":["https:\/\/legitgrams.com\/wp-content\/uploads\/2024\/09\/buy-bars-240mg-ecstasy-pills-online.jpg",600,600,false],"thumbnail":["https:\/\/legitgrams.com\/wp-content\/uploads\/2024\/09\/buy-bars-240mg-ecstasy-pills-online-150x150.jpg",150,150,true],"medium":["https:\/\/legitgrams.com\/wp-content\/uploads\/2024\/09\/buy-bars-240mg-ecstasy-pills-online-300x300.jpg",300,300,true],"medium_large":["https:\/\/legitgrams.com\/wp-content\/uploads\/2024\/09\/buy-bars-240mg-ecstasy-pills-online.jpg",600,600,false],"large":["https:\/\/legitgrams.com\/wp-content\/uploads\/2024\/09\/buy-bars-240mg-ecstasy-pills-online.jpg",600,600,false],"1536x1536":["https:\/\/legitgrams.com\/wp-content\/uploads\/2024\/09\/buy-bars-240mg-ecstasy-pills-online.jpg",600,600,false],"2048x2048":["https:\/\/legitgrams.com\/wp-content\/uploads\/2024\/09\/buy-bars-240mg-ecstasy-pills-online.jpg",600,600,false],"trp-custom-language-flag":["https:\/\/legitgrams.com\/wp-content\/uploads\/2024\/09\/buy-bars-240mg-ecstasy-pills-online-12x12.jpg",12,12,true],"woocommerce_thumbnail":["https:\/\/legitgrams.com\/wp-content\/uploads\/2024\/09\/buy-bars-240mg-ecstasy-pills-online-300x300.jpg",300,300,true],"woocommerce_single":["https:\/\/legitgrams.com\/wp-content\/uploads\/2024\/09\/buy-bars-240mg-ecstasy-pills-online.jpg",600,600,false],"woocommerce_gallery_thumbnail":["https:\/\/legitgrams.com\/wp-content\/uploads\/2024\/09\/buy-bars-240mg-ecstasy-pills-online-100x100.jpg",100,100,true]},"uagb_author_info":{"display_name":"cokeblog18","author_link":"https:\/\/legitgrams.com\/hu\/author\/"},"uagb_comment_info":0,"uagb_excerpt":"For Sale: Bars of 240 mg ecstasy tablets The majority of MDMA users consume it as capsules or tablets (spices powder), while some others take it in liquid or tablet form. As a shorthand for &#8220;molecule,&#8221; Molly&#8217;s common name often refers to what is actually MDMA&#8217;s &#8220;pure&#8221; crystalline powder form, which is usually sold as&hellip;","_links":{"self":[{"href":"https:\/\/legitgrams.com\/hu\/wp-json\/wp\/v2\/product\/4297","targetHints":{"allow":["GET"]}}],"collection":[{"href":"https:\/\/legitgrams.com\/hu\/wp-json\/wp\/v2\/product"}],"about":[{"href":"https:\/\/legitgrams.com\/hu\/wp-json\/wp\/v2\/types\/product"}],"replies":[{"embeddable":true,"href":"https:\/\/legitgrams.com\/hu\/wp-json\/wp\/v2\/comments?post=4297"}],"wp:featuredmedia":[{"embeddable":true,"href":"https:\/\/legitgrams.com\/hu\/wp-json\/wp\/v2\/media\/5188"}],"wp:attachment":[{"href":"https:\/\/legitgrams.com\/hu\/wp-json\/wp\/v2\/media?parent=4297"}],"wp:term":[{"taxonomy":"product_brand","embeddable":true,"href":"https:\/\/legitgrams.com\/hu\/wp-json\/wp\/v2\/product_brand?post=4297"},{"taxonomy":"product_cat","embeddable":true,"href":"https:\/\/legitgrams.com\/hu\/wp-json\/wp\/v2\/product_cat?post=4297"},{"taxonomy":"product_tag","embeddable":true,"href":"https:\/\/legitgrams.com\/hu\/wp-json\/wp\/v2\/product_tag?post=4297"}],"curies":[{"name":"wp","href":"https:\/\/api.w.org\/{rel}","templated":true}]}}