{"id":4302,"date":"2024-09-22T10:01:44","date_gmt":"2024-09-22T10:01:44","guid":{"rendered":"https:\/\/legitgrams.com\/?post_type=product&#038;p=4302"},"modified":"2025-03-08T06:02:14","modified_gmt":"2025-03-08T06:02:14","slug":"rolls-royce-heroin-98-tiszta","status":"publish","type":"product","link":"https:\/\/legitgrams.com\/hu\/termek\/rolls-royce-heroin-98-tiszta\/","title":{"rendered":"V\u00e1s\u00e1roljon 98%-os tisztas\u00e1g\u00fa Rolls Royce heroint online"},"content":{"rendered":"<h2>V\u00e1s\u00e1roljon 98%-os tisztas\u00e1g\u00fa Rolls Royce heroint online<\/h2>\n<h3>Rolls-Royce Heroin online v\u00e1s\u00e1rl\u00e1s az Egyes\u00fclt \u00c1llamokban, az Egyes\u00fclt Kir\u00e1lys\u00e1gban \u00e9s Ausztr\u00e1li\u00e1ban<\/h3>\n<p>A nyers \u00e9s feldolgozatlan \u00e1ruk legmegb\u00edzhat\u00f3bb \u00e9s legkedveltebb keresked\u0151i \u00e9s sz\u00e1ll\u00edt\u00f3i k\u00f6z\u00e9 tartozunk. Tov\u00e1bb\u00e1, a mi <a href=\"https:\/\/legitgrams.com\/hu\/termek\/rolls-royce-heroin-98-tiszta\/\">Rolls Heroin<\/a> ritka \u00e9s igaz\u00e1n nagy kaliber\u0171. Mivel egyenesen a gy\u00e1rt\u00f3t\u00f3l import\u00e1lunk, garant\u00e1ltan min\u0151s\u00e9gi term\u00e9ket biztos\u00edtunk <a href=\"https:\/\/www.google.com\/search?q=Vsroljon+98-os+tisztasg+Rolls+Royce+heroint+online&amp;sca_esv=eddefdb7b92e7545&amp;sxsrf=AHTn8zoCoGbrq7dQ3F7ldnv6AASJoYxs1w1743595061241&amp;ei=NSbtZ5LADt-D0PEPmpmt-AU&amp;ved=0ahUKEwjSrofipbmMAxXfATQIHZpMC18Q4dUDCBA&amp;uact=5&amp;oq=Vsroljon+98-os+tisztasg+Rolls+Royce+heroint+online&amp;gs_lp=Egxnd3Mtd2l6LXNlcnAiO1bDoXPDoXJvbGpvbiA5OCUtb3MgdGlzenRhc8OhZ8O6IFJvbGxzIFJveWNlIGhlcm9pbnQgb25saW5lMgUQIRirAjIFECEYqwJI3wRQAFgAcAB4AJABAJgBkQOgAZEDqgEDNC0xuAEDyAEA-AEC-AEBmAIBoAKVA5gDAJIHAzQtMaAHhwOyBwM0LTG4B5UD&amp;sclient=gws-wiz-serp\">99%-os tisztas\u00e1g<\/a>. V\u00e1s\u00e1rl\u00e1skor pr\u00e9mium min\u0151s\u00e9get, kereskedelmi el\u00e9rhet\u0151s\u00e9get, nagy tisztas\u00e1got, biztons\u00e1gos fizet\u00e9si feldolgoz\u00e1st \u00e9s vill\u00e1mgyors \u00e9jszakai kisz\u00e1ll\u00edt\u00e1st \u00edg\u00e9r\u00fcnk az Egyes\u00fclt \u00c1llamokban, Kanad\u00e1ban, az Egyes\u00fclt Kir\u00e1lys\u00e1gban vagy Ausztr\u00e1li\u00e1ban. <a href=\"https:\/\/www.bing.com\/search?q=Buy%20Rolls%20Royce%20Heroin%2098%25%20Pure%20Online&amp;qs=n&amp;form=QBRE&amp;sp=-1&amp;lq=0&amp;pq=buy%20rolls%20royce%20heroin%2098%25%20pure%20online&amp;sc=0-38&amp;sk=&amp;cvid=C7FA609A60D54FFE9FC77A86C15E0EE9&amp;ghsh=0&amp;ghacc=0&amp;ghpl=\">Royce Heroin<\/a> from us. Furthermore, <a href=\"https:\/\/duckduckgo.com\/?q=Buy+Rolls+Royce+Heroin+98%25+Pure+Online&amp;t=h_&amp;ia=web\">90%-os tisztas\u00e1g\u00fa Rolls Heroin<\/a> online megv\u00e1s\u00e1rolhat\u00f3 (get <a href=\"https:\/\/en.wikipedia.org\/wiki\/Rolls-Royce_Motor_Cars\">Royce Heroin<\/a> 90% tiszta online). <a href=\"https:\/\/legitgrams.com\/hu\/\">LegitGrams<\/a><\/p>","protected":false},"excerpt":{"rendered":"<p>Purchase Rolls Royce Heroin 98% pure Online Shop online for Rolls-Royce Heroin in the US, UK, and Australia We are among the most dependable and well-liked dealers and suppliers of raw and unprocessed goods. Furthermore, our Rolls Heroin is rare and of a really high caliber. Since we import straight from the manufacturer, we can &hellip;<\/p>\n<p class=\"read-more\"> <a class=\"\" href=\"https:\/\/legitgrams.com\/hu\/termek\/rolls-royce-heroin-98-tiszta\/\"> <span class=\"screen-reader-text\">V\u00e1s\u00e1roljon 98%-os tisztas\u00e1g\u00fa Rolls Royce heroint online<\/span> Olvass tov\u00e1bb \"<\/a><\/p>","protected":false},"featured_media":5338,"comment_status":"open","ping_status":"closed","template":"","meta":{"_uag_custom_page_level_css":"","site-sidebar-layout":"default","site-content-layout":"default","ast-global-header-display":"","ast-main-header-display":"","ast-hfb-above-header-display":"","ast-hfb-below-header-display":"","ast-hfb-mobile-header-display":"","site-post-title":"","ast-breadcrumbs-content":"","ast-featured-img":"","footer-sml-layout":"","theme-transparent-header-meta":"default","adv-header-id-meta":"","stick-header-meta":"default","header-above-stick-meta":"","header-main-stick-meta":"","header-below-stick-meta":"","_joinchat":[]},"product_brand":[],"product_cat":[601],"product_tag":[878,868,617,860,875,872,867,865,877,859,862,870,861,863,873,880,881,879,871,876,874,625,866,869,864],"class_list":{"0":"post-4302","1":"product","2":"type-product","3":"status-publish","4":"has-post-thumbnail","6":"product_cat-heroine","7":"product_tag-best-cheap-price-rolls-royce-heroin-98-pure","8":"product_tag-best-place-to-buy-rolls-royce-heroin-98-pure","9":"product_tag-bulk-online","10":"product_tag-buy-rolls-royce-heroin-98-pure","11":"product_tag-cheap-rolls-royce-heroin-98-pure","12":"product_tag-high-quality-rolls-royce-heroin-98-pure","13":"product_tag-how-to-buy-rolls-royce-heroin-98-pure","14":"product_tag-order-rolls-royce-heroin-98-pure","15":"product_tag-purcharse-rolls-royce-heroin-98-pure","16":"product_tag-rolls-royce-heroin-98-pure","17":"product_tag-rolls-royce-heroin-98-pure-for-sale","18":"product_tag-rolls-royce-heroin-98-pure-legally","19":"product_tag-rolls-royce-heroin-98-pure-online","20":"product_tag-rolls-royce-heroin-98-pure-rolls-royce-heroin-98-pure-supplier","21":"product_tag-rolls-royce-heroin-98-pure-store","22":"product_tag-rolls-royce-heroin-98-pure-use","23":"product_tag-rolls-royce-heroin-98-pure-wiki","24":"product_tag-rolls-royce-heroin-98-pure-worldwide","25":"product_tag-rolls-royce-heroin-98-pureprice","26":"product_tag-rolls-royce-heroin-98-pures","27":"product_tag-shop-rolls-royce-heroin-98-pure","28":"product_tag-top-quality","29":"product_tag-where-to-buy-rolls-royce-heroin-98-pure","30":"product_tag-where-to-order-rolls-royce-heroin-98-pure","31":"product_tag-wholesale-rolls-royce-heroin-98-pure","32":"desktop-align-left","33":"tablet-align-left","34":"mobile-align-left","35":"ast-product-gallery-layout-horizontal","36":"ast-product-gallery-with-no-image","37":"ast-product-single-variable","38":"ast-product-tabs-layout-horizontal","39":"ast-qv-on-image","41":"first","42":"instock","43":"shipping-taxable","44":"purchasable","45":"product-type-variable"},"yoast_head":"<!-- This site is optimized with the Yoast SEO plugin v25.9 - https:\/\/yoast.com\/wordpress\/plugins\/seo\/ -->\n<title>Rolls Royce Heroin for Sale - Order Rolls Royce Heroin Online<\/title>\n<meta name=\"description\" content=\"Looking for a reliable source to buy rolls royce heroin 98% online? Your search ends here. Order rolls royce heroin online from our trusted store and enjoy a seamless buying process tailored for your research needs.\" \/>\n<meta name=\"robots\" content=\"index, follow, max-snippet:-1, max-image-preview:large, max-video-preview:-1\" \/>\n<link rel=\"canonical\" href=\"https:\/\/legitgrams.com\/hu\/termek\/rolls-royce-heroin-98-tiszta\/\" \/>\n<meta property=\"og:locale\" content=\"hu_HU\" \/>\n<meta property=\"og:type\" content=\"article\" \/>\n<meta property=\"og:title\" content=\"Rolls Royce Heroin for Sale - Order Rolls Royce Heroin Online\" \/>\n<meta property=\"og:description\" content=\"Looking for a reliable source to buy rolls royce heroin 98% online? Your search ends here. Order rolls royce heroin online from our trusted store and enjoy a seamless buying process tailored for your research needs.\" \/>\n<meta property=\"og:url\" content=\"https:\/\/legitgrams.com\/hu\/termek\/rolls-royce-heroin-98-tiszta\/\" \/>\n<meta property=\"og:site_name\" content=\"Legit Grams\" \/>\n<meta property=\"article:modified_time\" content=\"2025-03-08T06:02:14+00:00\" \/>\n<meta property=\"og:image\" content=\"https:\/\/legitgrams.com\/wp-content\/uploads\/2024\/09\/Rolls-Royce-Heroin-90-pure.jpg\" \/>\n\t<meta property=\"og:image:width\" content=\"600\" \/>\n\t<meta property=\"og:image:height\" content=\"600\" \/>\n\t<meta property=\"og:image:type\" content=\"image\/jpeg\" \/>\n<meta name=\"twitter:card\" content=\"summary_large_image\" \/>\n<meta name=\"twitter:label1\" content=\"Becs\u00fclt olvas\u00e1si id\u0151\" \/>\n\t<meta name=\"twitter:data1\" content=\"1 perc\" \/>\n<script type=\"application\/ld+json\" class=\"yoast-schema-graph\">{\"@context\":\"https:\/\/schema.org\",\"@graph\":[{\"@type\":\"WebPage\",\"@id\":\"https:\/\/legitgrams.com\/product\/rolls-royce-heroin-98-pure\/\",\"url\":\"https:\/\/legitgrams.com\/product\/rolls-royce-heroin-98-pure\/\",\"name\":\"Rolls Royce Heroin for Sale - Order Rolls Royce Heroin Online\",\"isPartOf\":{\"@id\":\"https:\/\/legitgrams.com\/#website\"},\"primaryImageOfPage\":{\"@id\":\"https:\/\/legitgrams.com\/product\/rolls-royce-heroin-98-pure\/#primaryimage\"},\"image\":{\"@id\":\"https:\/\/legitgrams.com\/product\/rolls-royce-heroin-98-pure\/#primaryimage\"},\"thumbnailUrl\":\"https:\/\/legitgrams.com\/wp-content\/uploads\/2024\/09\/Rolls-Royce-Heroin-90-pure.jpg\",\"datePublished\":\"2024-09-22T10:01:44+00:00\",\"dateModified\":\"2025-03-08T06:02:14+00:00\",\"description\":\"Looking for a reliable source to buy rolls royce heroin 98% online? Your search ends here. Order rolls royce heroin online from our trusted store and enjoy a seamless buying process tailored for your research needs.\",\"breadcrumb\":{\"@id\":\"https:\/\/legitgrams.com\/product\/rolls-royce-heroin-98-pure\/#breadcrumb\"},\"inLanguage\":\"hu\",\"potentialAction\":[{\"@type\":\"ReadAction\",\"target\":[\"https:\/\/legitgrams.com\/product\/rolls-royce-heroin-98-pure\/\"]}]},{\"@type\":\"ImageObject\",\"inLanguage\":\"hu\",\"@id\":\"https:\/\/legitgrams.com\/product\/rolls-royce-heroin-98-pure\/#primaryimage\",\"url\":\"https:\/\/legitgrams.com\/wp-content\/uploads\/2024\/09\/Rolls-Royce-Heroin-90-pure.jpg\",\"contentUrl\":\"https:\/\/legitgrams.com\/wp-content\/uploads\/2024\/09\/Rolls-Royce-Heroin-90-pure.jpg\",\"width\":600,\"height\":600,\"caption\":\"Rolls Royce Heroin for Sale\"},{\"@type\":\"BreadcrumbList\",\"@id\":\"https:\/\/legitgrams.com\/product\/rolls-royce-heroin-98-pure\/#breadcrumb\",\"itemListElement\":[{\"@type\":\"ListItem\",\"position\":1,\"name\":\"Home\",\"item\":\"https:\/\/legitgrams.com\/\"},{\"@type\":\"ListItem\",\"position\":2,\"name\":\"Shop\",\"item\":\"https:\/\/legitgrams.com\/shop\/\"},{\"@type\":\"ListItem\",\"position\":3,\"name\":\"Buy Rolls Royce Heroin 98% Pure Online\"}]},{\"@type\":\"WebSite\",\"@id\":\"https:\/\/legitgrams.com\/#website\",\"url\":\"https:\/\/legitgrams.com\/\",\"name\":\"Legit Grams\",\"description\":\"My WordPress Blog\",\"publisher\":{\"@id\":\"https:\/\/legitgrams.com\/#organization\"},\"potentialAction\":[{\"@type\":\"SearchAction\",\"target\":{\"@type\":\"EntryPoint\",\"urlTemplate\":\"https:\/\/legitgrams.com\/?s={search_term_string}\"},\"query-input\":{\"@type\":\"PropertyValueSpecification\",\"valueRequired\":true,\"valueName\":\"search_term_string\"}}],\"inLanguage\":\"hu\"},{\"@type\":\"Organization\",\"@id\":\"https:\/\/legitgrams.com\/#organization\",\"name\":\"Legit Grams\",\"url\":\"https:\/\/legitgrams.com\/\",\"logo\":{\"@type\":\"ImageObject\",\"inLanguage\":\"hu\",\"@id\":\"https:\/\/legitgrams.com\/#\/schema\/logo\/image\/\",\"url\":\"https:\/\/legitgrams.com\/wp-content\/uploads\/2024\/09\/main-logo.png\",\"contentUrl\":\"https:\/\/legitgrams.com\/wp-content\/uploads\/2024\/09\/main-logo.png\",\"width\":270,\"height\":75,\"caption\":\"Legit Grams\"},\"image\":{\"@id\":\"https:\/\/legitgrams.com\/#\/schema\/logo\/image\/\"}}]}<\/script>\n<!-- \/ Yoast SEO plugin. -->","yoast_head_json":{"title":"Rolls Royce Heroin elad\u00f3 - Rolls Royce Heroin rendel\u00e9se online","description":"Megb\u00edzhat\u00f3 forr\u00e1st keres a rolls royce heroin 98% online v\u00e1s\u00e1rl\u00e1s\u00e1hoz? A keres\u00e9sed itt \u00e9r v\u00e9get. Rendeljen rolls royce heroin online megb\u00edzhat\u00f3 \u00e1ruh\u00e1zunkb\u00f3l, \u00e9s \u00e9lvezze a z\u00f6kken\u0151mentes v\u00e1s\u00e1rl\u00e1si folyamatot, amely az \u00d6n kutat\u00e1si ig\u00e9nyeihez igazodik.","robots":{"index":"index","follow":"follow","max-snippet":"max-snippet:-1","max-image-preview":"max-image-preview:large","max-video-preview":"max-video-preview:-1"},"canonical":"https:\/\/legitgrams.com\/hu\/termek\/rolls-royce-heroin-98-tiszta\/","og_locale":"hu_HU","og_type":"article","og_title":"Rolls Royce Heroin for Sale - Order Rolls Royce Heroin Online","og_description":"Looking for a reliable source to buy rolls royce heroin 98% online? Your search ends here. Order rolls royce heroin online from our trusted store and enjoy a seamless buying process tailored for your research needs.","og_url":"https:\/\/legitgrams.com\/hu\/termek\/rolls-royce-heroin-98-tiszta\/","og_site_name":"Legit Grams","article_modified_time":"2025-03-08T06:02:14+00:00","og_image":[{"width":600,"height":600,"url":"https:\/\/legitgrams.com\/wp-content\/uploads\/2024\/09\/Rolls-Royce-Heroin-90-pure.jpg","type":"image\/jpeg"}],"twitter_card":"summary_large_image","twitter_misc":{"Becs\u00fclt olvas\u00e1si id\u0151":"1 perc"},"schema":{"@context":"https:\/\/schema.org","@graph":[{"@type":"WebPage","@id":"https:\/\/legitgrams.com\/product\/rolls-royce-heroin-98-pure\/","url":"https:\/\/legitgrams.com\/product\/rolls-royce-heroin-98-pure\/","name":"Rolls Royce Heroin elad\u00f3 - Rolls Royce Heroin rendel\u00e9se online","isPartOf":{"@id":"https:\/\/legitgrams.com\/#website"},"primaryImageOfPage":{"@id":"https:\/\/legitgrams.com\/product\/rolls-royce-heroin-98-pure\/#primaryimage"},"image":{"@id":"https:\/\/legitgrams.com\/product\/rolls-royce-heroin-98-pure\/#primaryimage"},"thumbnailUrl":"https:\/\/legitgrams.com\/wp-content\/uploads\/2024\/09\/Rolls-Royce-Heroin-90-pure.jpg","datePublished":"2024-09-22T10:01:44+00:00","dateModified":"2025-03-08T06:02:14+00:00","description":"Megb\u00edzhat\u00f3 forr\u00e1st keres a rolls royce heroin 98% online v\u00e1s\u00e1rl\u00e1s\u00e1hoz? A keres\u00e9sed itt \u00e9r v\u00e9get. Rendeljen rolls royce heroin online megb\u00edzhat\u00f3 \u00e1ruh\u00e1zunkb\u00f3l, \u00e9s \u00e9lvezze a z\u00f6kken\u0151mentes v\u00e1s\u00e1rl\u00e1si folyamatot, amely az \u00d6n kutat\u00e1si ig\u00e9nyeihez igazodik.","breadcrumb":{"@id":"https:\/\/legitgrams.com\/product\/rolls-royce-heroin-98-pure\/#breadcrumb"},"inLanguage":"hu","potentialAction":[{"@type":"ReadAction","target":["https:\/\/legitgrams.com\/product\/rolls-royce-heroin-98-pure\/"]}]},{"@type":"ImageObject","inLanguage":"hu","@id":"https:\/\/legitgrams.com\/product\/rolls-royce-heroin-98-pure\/#primaryimage","url":"https:\/\/legitgrams.com\/wp-content\/uploads\/2024\/09\/Rolls-Royce-Heroin-90-pure.jpg","contentUrl":"https:\/\/legitgrams.com\/wp-content\/uploads\/2024\/09\/Rolls-Royce-Heroin-90-pure.jpg","width":600,"height":600,"caption":"Rolls Royce Heroin for Sale"},{"@type":"BreadcrumbList","@id":"https:\/\/legitgrams.com\/product\/rolls-royce-heroin-98-pure\/#breadcrumb","itemListElement":[{"@type":"ListItem","position":1,"name":"Home","item":"https:\/\/legitgrams.com\/"},{"@type":"ListItem","position":2,"name":"Shop","item":"https:\/\/legitgrams.com\/shop\/"},{"@type":"ListItem","position":3,"name":"Buy Rolls Royce Heroin 98% Pure Online"}]},{"@type":"WebSite","@id":"https:\/\/legitgrams.com\/#website","url":"https:\/\/legitgrams.com\/","name":"Legit Grams","description":"Az \u00e9n WordPress blogom","publisher":{"@id":"https:\/\/legitgrams.com\/#organization"},"potentialAction":[{"@type":"SearchAction","target":{"@type":"EntryPoint","urlTemplate":"https:\/\/legitgrams.com\/?s={search_term_string}"},"query-input":{"@type":"PropertyValueSpecification","valueRequired":true,"valueName":"search_term_string"}}],"inLanguage":"hu"},{"@type":"Organization","@id":"https:\/\/legitgrams.com\/#organization","name":"Legit Grams","url":"https:\/\/legitgrams.com\/","logo":{"@type":"ImageObject","inLanguage":"hu","@id":"https:\/\/legitgrams.com\/#\/schema\/logo\/image\/","url":"https:\/\/legitgrams.com\/wp-content\/uploads\/2024\/09\/main-logo.png","contentUrl":"https:\/\/legitgrams.com\/wp-content\/uploads\/2024\/09\/main-logo.png","width":270,"height":75,"caption":"Legit Grams"},"image":{"@id":"https:\/\/legitgrams.com\/#\/schema\/logo\/image\/"}}]}},"uagb_featured_image_src":{"full":["https:\/\/legitgrams.com\/wp-content\/uploads\/2024\/09\/Rolls-Royce-Heroin-90-pure.jpg",600,600,false],"thumbnail":["https:\/\/legitgrams.com\/wp-content\/uploads\/2024\/09\/Rolls-Royce-Heroin-90-pure-150x150.jpg",150,150,true],"medium":["https:\/\/legitgrams.com\/wp-content\/uploads\/2024\/09\/Rolls-Royce-Heroin-90-pure-300x300.jpg",300,300,true],"medium_large":["https:\/\/legitgrams.com\/wp-content\/uploads\/2024\/09\/Rolls-Royce-Heroin-90-pure.jpg",600,600,false],"large":["https:\/\/legitgrams.com\/wp-content\/uploads\/2024\/09\/Rolls-Royce-Heroin-90-pure.jpg",600,600,false],"1536x1536":["https:\/\/legitgrams.com\/wp-content\/uploads\/2024\/09\/Rolls-Royce-Heroin-90-pure.jpg",600,600,false],"2048x2048":["https:\/\/legitgrams.com\/wp-content\/uploads\/2024\/09\/Rolls-Royce-Heroin-90-pure.jpg",600,600,false],"trp-custom-language-flag":["https:\/\/legitgrams.com\/wp-content\/uploads\/2024\/09\/Rolls-Royce-Heroin-90-pure-12x12.jpg",12,12,true],"woocommerce_thumbnail":["https:\/\/legitgrams.com\/wp-content\/uploads\/2024\/09\/Rolls-Royce-Heroin-90-pure-300x300.jpg",300,300,true],"woocommerce_single":["https:\/\/legitgrams.com\/wp-content\/uploads\/2024\/09\/Rolls-Royce-Heroin-90-pure.jpg",600,600,false],"woocommerce_gallery_thumbnail":["https:\/\/legitgrams.com\/wp-content\/uploads\/2024\/09\/Rolls-Royce-Heroin-90-pure-100x100.jpg",100,100,true]},"uagb_author_info":{"display_name":"cokeblog18","author_link":"https:\/\/legitgrams.com\/hu\/author\/"},"uagb_comment_info":0,"uagb_excerpt":"Purchase Rolls Royce Heroin 98% pure Online Shop online for Rolls-Royce Heroin in the US, UK, and Australia We are among the most dependable and well-liked dealers and suppliers of raw and unprocessed goods. Furthermore, our Rolls Heroin is rare and of a really high caliber. Since we import straight from the manufacturer, we can&hellip;","_links":{"self":[{"href":"https:\/\/legitgrams.com\/hu\/wp-json\/wp\/v2\/product\/4302","targetHints":{"allow":["GET"]}}],"collection":[{"href":"https:\/\/legitgrams.com\/hu\/wp-json\/wp\/v2\/product"}],"about":[{"href":"https:\/\/legitgrams.com\/hu\/wp-json\/wp\/v2\/types\/product"}],"replies":[{"embeddable":true,"href":"https:\/\/legitgrams.com\/hu\/wp-json\/wp\/v2\/comments?post=4302"}],"wp:featuredmedia":[{"embeddable":true,"href":"https:\/\/legitgrams.com\/hu\/wp-json\/wp\/v2\/media\/5338"}],"wp:attachment":[{"href":"https:\/\/legitgrams.com\/hu\/wp-json\/wp\/v2\/media?parent=4302"}],"wp:term":[{"taxonomy":"product_brand","embeddable":true,"href":"https:\/\/legitgrams.com\/hu\/wp-json\/wp\/v2\/product_brand?post=4302"},{"taxonomy":"product_cat","embeddable":true,"href":"https:\/\/legitgrams.com\/hu\/wp-json\/wp\/v2\/product_cat?post=4302"},{"taxonomy":"product_tag","embeddable":true,"href":"https:\/\/legitgrams.com\/hu\/wp-json\/wp\/v2\/product_tag?post=4302"}],"curies":[{"name":"wp","href":"https:\/\/api.w.org\/{rel}","templated":true}]}}