{"id":4309,"date":"2024-09-22T10:19:12","date_gmt":"2024-09-22T10:19:12","guid":{"rendered":"https:\/\/legitgrams.com\/?post_type=product&#038;p=4309"},"modified":"2026-02-26T12:31:36","modified_gmt":"2026-02-26T12:31:36","slug":"volkswagen-kokain-90-pure","status":"publish","type":"product","link":"https:\/\/legitgrams.com\/hu\/termek\/volkswagen-kokain-90-pure\/","title":{"rendered":"Buy Volkswagen Cocaine 90% pure Online"},"content":{"rendered":"<h2>V\u00e1s\u00e1roljon Volkswagen kokaint online<\/h2>\n<p>K\u00f6zel 70-90% tiszta kokain alkotja a Volkswagen kokain \u00f6sszetev\u0151it. A mai vil\u00e1gban jellemz\u0151en megtal\u00e1lhat\u00f3 kokainfajt\u00e1k k\u00f6z\u00e9 sorolj\u00e1k. Sok esetben ez a kokain blokkol\u00f3k\u00e9nt vagy f\u00e1jdalomcsillap\u00edt\u00f3k\u00e9nt m\u0171k\u00f6dik.<\/p>\n<p>Az egyik legt\u00f6bbet haszn\u00e1lt pszichotr\u00f3p anyag mind orvosi, mind nem orvosi kontextusban az al\u00e1bbiak egyike <a href=\"https:\/\/en.wikipedia.org\/wiki\/Volkswagen\">Volkswagen<\/a> kokain. Bizonyos helyzetekben a Volkswagen kokain stimul\u00e1l\u00f3 tulajdons\u00e1gokkal is rendelkezik. Emiatt k\u00fcl\u00f6nb\u00f6z\u0151 gy\u00f3gyszerek \u00e9s gy\u00f3gyszerk\u00e9sz\u00edtm\u00e9nyek el\u0151\u00e1ll\u00edt\u00e1s\u00e1hoz haszn\u00e1lj\u00e1k.<\/p>\n<h3>Hogyan m\u0171k\u00f6dik a Volkswagen kokain<\/h3>\n<p>B\u00e1r az egyes fajt\u00e1kban a tiszta kokain mennyis\u00e9ge elt\u00e9r\u0151, bizonyos kokainfajt\u00e1k el\u0151ny\u00f6sebbek, mint m\u00e1sok. A Volkswagen kokain is sz\u00e1mos szempontb\u00f3l igen el\u0151ny\u00f6s az emberi szervezet sz\u00e1m\u00e1ra.<\/p>\n<p>Ezt a rendk\u00edv\u00fcl tiszta anyagot prec\u00edz \u00e9s gyors munk\u00e1hoz haszn\u00e1lj\u00e1k. Ez a kokain azonnal hat a k\u00f6zponti idegrendszerre. Bizonyos k\u00e9miai hormonokat, amelyeket a f\u00e1jdalom cs\u00f6kkent\u00e9s\u00e9re haszn\u00e1lnak, ez a kokain serkenti.<\/p>\n<p>Emellett jav\u00edtja bizonyos neurotranszmitterek felszabadul\u00e1s\u00e1t az agyb\u00f3l. Bizonyos esetekben azonban mag\u00e1t\u00f3l is felszabad\u00edtja a f\u00e1jdalom kezel\u00e9s\u00e9re szolg\u00e1l\u00f3 vegyi anyagokat. Mivel relax\u00e1nsk\u00e9nt m\u0171k\u00f6dik, b\u00e1rmilyen jelleg\u0171 f\u00e1jdalom cs\u00f6kkenthet\u0151. Az emberek ennek k\u00f6vetkezt\u00e9ben enyh\u00fcl\u00e9st tapasztalnak a f\u00e1jdalmaikban. <a href=\"https:\/\/legitgrams.com\/hu\/\">LegitGrams<\/a><\/p>\n<p>Ez a pro-drog az \u00e1lmatlans\u00e1g probl\u00e9m\u00e1j\u00e1nak megold\u00e1s\u00e1ra is haszn\u00e1lhat\u00f3. Tartalma kis mennyis\u00e9g\u0171, alv\u00e1st kiv\u00e1lt\u00f3 gy\u00f3gyszert tartalmaz.<\/p>\n<p>A Volkswagen kokain nem csak fel van \u00edrva, hanem a t\u00e1ncklubokban is sz\u00e1mos c\u00e9lra haszn\u00e1lj\u00e1k a h\u00e9tk\u00f6znapi emberek. A felhaszn\u00e1l\u00f3k arr\u00f3l sz\u00e1moltak be, hogy \u00e9berebbnek \u00e9s \u00e9l\u00e9nkebbnek \u00e9rzik magukat a gy\u00f3gyszer haszn\u00e1lata ut\u00e1n, de csak \u00e1tmenetileg.<\/p>\n<p>A Volkswagen kokain egy nagyon tiszta drog, ami azt jelenti, hogy a tart\u00f3s fogyaszt\u00e1s k\u00e1ros lehet az eg\u00e9szs\u00e9gre. Ez\u00e9rt csak annak megfelel\u0151en szabad haszn\u00e1lni, amire az emberi szervezetnek sz\u00fcks\u00e9ge van.<\/p>\n<p>A Volkswagen kokain is megv\u00e1s\u00e1rolhat\u00f3 nagyon kedvez\u0151 \u00e1ron web\u00e1ruh\u00e1zunkban. Sz\u00e1ll\u00edt\u00e1si szolg\u00e1ltat\u00e1sunkkal gyorsan megkaphatja a term\u00e9ket. Vegy\u00e9szeink gondoskodtak arr\u00f3l, hogy a t\u00e1rol\u00e1si k\u00f6r\u00fclm\u00e9nyek olyanok legyenek, amelyek semmilyen t\u00e9nyez\u0151 miatt nem v\u00e1ltoztathatj\u00e1k meg a tisztas\u00e1g\u00e1t.<\/p>\n<p><a href=\"https:\/\/legitgrams.com\/hu\/termek\/volkswagen-kokain-90-pure\/\">V\u00e1s\u00e1rl\u00e1s VW Kokain Online<\/a> 90% Pure - V\u00e1s\u00e1rl\u00e1s VW Kokain, V\u00e1s\u00e1rl\u00e1s VW Kokain Online 90% Pure, V\u00e1s\u00e1rl\u00e1s VW Kokain Online, Hol lehet v\u00e1s\u00e1rolni VW Kokain Online 90% Pure, Hol lehet v\u00e1s\u00e1rolni VW Kokain Online 90% Pure, V\u00e1s\u00e1rl\u00e1s VW Kokain Online 90% Pure, V\u00e1s\u00e1rl\u00e1s VW Kokain Online 90% Pure, V\u00e1s\u00e1rl\u00e1s VW Kokain Online, Hol lehet v\u00e1s\u00e1rolni VW Kokain Online, V\u00e1s\u00e1rl\u00e1s VW Kokain Online 90% Pure elad\u00f3 USA, Kanada, Egyes\u00fclt Kir\u00e1lys\u00e1g, V\u00e1s\u00e1rl\u00e1s, Online, besz\u00e1ll\u00edt\u00f3k, biztons\u00e1gos sz\u00e1ll\u00edt\u00e1s, 90% tiszta Volkswagen Kokain m\u00e9g mindig el\u00e9rhet\u0151 online. Leg\u00e1lis a 90% tiszta Volkswagen Kokain online v\u00e1s\u00e1rl\u00e1sa az Egyes\u00fclt \u00c1llamokban? Hogyan rendelhetek 90% tiszta Volkswagen kokain online? A 90% tiszta Volkswagen Kokain online leg\u00e1lis Kanad\u00e1ban?<\/p>","protected":false},"excerpt":{"rendered":"<p>Purchase Volkswagen Cocaine Online Nearly 70\u201390% pure cocaine makes up Volkswagen cocaine&#8217;s components. It is ranked among the varieties of cocaine that are typically found in today&#8217;s world. In many circumstances, this cocaine works as a blocker or a pain reliever. One of the most psychotropic substances utilized in both medical and non-medical contexts is &hellip;<\/p>\n<p class=\"read-more\"> <a class=\"\" href=\"https:\/\/legitgrams.com\/hu\/termek\/volkswagen-kokain-90-pure\/\"> <span class=\"screen-reader-text\">Buy Volkswagen Cocaine 90% pure Online<\/span> Olvass tov\u00e1bb \"<\/a><\/p>","protected":false},"featured_media":5332,"comment_status":"open","ping_status":"closed","template":"","meta":{"_uag_custom_page_level_css":"","site-sidebar-layout":"default","site-content-layout":"default","ast-global-header-display":"","ast-main-header-display":"","ast-hfb-above-header-display":"","ast-hfb-below-header-display":"","ast-hfb-mobile-header-display":"","site-post-title":"","ast-breadcrumbs-content":"","ast-featured-img":"","footer-sml-layout":"","theme-transparent-header-meta":"default","adv-header-id-meta":"","stick-header-meta":"default","header-above-stick-meta":"","header-main-stick-meta":"","header-below-stick-meta":"","_joinchat":[]},"product_brand":[],"product_cat":[70],"product_tag":[970,960,617,952,967,964,959,957,969,966,625,951,954,962,953,965,972,955,973,971,963,968,958,961,956],"class_list":{"0":"post-4309","1":"product","2":"type-product","3":"status-publish","4":"has-post-thumbnail","6":"product_cat-cocaine","7":"product_tag-best-cheap-price-volkswagen-cocaine-90-pure","8":"product_tag-best-place-to-buy-volkswagen-cocaine-90-pure","9":"product_tag-bulk-online","10":"product_tag-buy-volkswagen-cocaine-90-pure","11":"product_tag-cheap-volkswagen-cocaine-90-pure","12":"product_tag-high-quality-volkswagen-cocaine-90-pure","13":"product_tag-how-to-buy-volkswagen-cocaine-90-pure","14":"product_tag-order-volkswagen-cocaine-90-pure","15":"product_tag-purcharse-volkswagen-cocaine-90-pure","16":"product_tag-shop-volkswagen-cocaine-90-pure","17":"product_tag-top-quality","18":"product_tag-volkswagen-cocaine-90-pure","19":"product_tag-volkswagen-cocaine-90-pure-for-sale","20":"product_tag-volkswagen-cocaine-90-pure-legally","21":"product_tag-volkswagen-cocaine-90-pure-online","22":"product_tag-volkswagen-cocaine-90-pure-store","23":"product_tag-volkswagen-cocaine-90-pure-use","24":"product_tag-volkswagen-cocaine-90-pure-volkswagen-cocaine-90-pure-supplier","25":"product_tag-volkswagen-cocaine-90-pure-wiki","26":"product_tag-volkswagen-cocaine-90-pure-worldwide","27":"product_tag-volkswagen-cocaine-90-pureprice","28":"product_tag-volkswagen-cocaine-90-pures","29":"product_tag-where-to-buy-volkswagen-cocaine-90-pure","30":"product_tag-where-to-order-volkswagen-cocaine-90-pure","31":"product_tag-wholesale-volkswagen-cocaine-90-pure","32":"desktop-align-left","33":"tablet-align-left","34":"mobile-align-left","35":"ast-product-gallery-layout-horizontal","36":"ast-product-gallery-with-no-image","37":"ast-product-single-variable","38":"ast-product-tabs-layout-horizontal","39":"ast-qv-on-image","41":"first","42":"instock","43":"shipping-taxable","44":"purchasable","45":"product-type-variable"},"yoast_head":"<!-- This site is optimized with the Yoast SEO plugin v25.9 - https:\/\/yoast.com\/wordpress\/plugins\/seo\/ -->\n<title>Volkswagen Cocaine for Sale - Buy Volkswagen Cocaine Online<\/title>\n<meta name=\"description\" content=\"Looking to further your research? buy volkswagen cocaine 90% pure conveniently and securely online, with a straightforward ordering process for volkswagen cocaine powder for sale.\" \/>\n<meta name=\"robots\" content=\"index, follow, max-snippet:-1, max-image-preview:large, max-video-preview:-1\" \/>\n<link rel=\"canonical\" href=\"https:\/\/legitgrams.com\/hu\/termek\/volkswagen-kokain-90-pure\/\" \/>\n<meta property=\"og:locale\" content=\"hu_HU\" \/>\n<meta property=\"og:type\" content=\"article\" \/>\n<meta property=\"og:title\" content=\"Volkswagen Cocaine for Sale - Buy Volkswagen Cocaine Online\" \/>\n<meta property=\"og:description\" content=\"Looking to further your research? buy volkswagen cocaine 90% pure conveniently and securely online, with a straightforward ordering process for volkswagen cocaine powder for sale.\" \/>\n<meta property=\"og:url\" content=\"https:\/\/legitgrams.com\/hu\/termek\/volkswagen-kokain-90-pure\/\" \/>\n<meta property=\"og:site_name\" content=\"Legit Grams\" \/>\n<meta property=\"article:modified_time\" content=\"2026-02-26T12:31:36+00:00\" \/>\n<meta property=\"og:image\" content=\"https:\/\/legitgrams.com\/wp-content\/uploads\/2024\/09\/buy-volkswagen-cocaine-online-90-pure-1.jpg\" \/>\n\t<meta property=\"og:image:width\" content=\"600\" \/>\n\t<meta property=\"og:image:height\" content=\"600\" \/>\n\t<meta property=\"og:image:type\" content=\"image\/jpeg\" \/>\n<meta name=\"twitter:card\" content=\"summary_large_image\" \/>\n<meta name=\"twitter:label1\" content=\"Becs\u00fclt olvas\u00e1si id\u0151\" \/>\n\t<meta name=\"twitter:data1\" content=\"3 perc\" \/>\n<script type=\"application\/ld+json\" class=\"yoast-schema-graph\">{\"@context\":\"https:\/\/schema.org\",\"@graph\":[{\"@type\":\"WebPage\",\"@id\":\"https:\/\/legitgrams.com\/product\/volkswagen-cocaine-90-pure\/\",\"url\":\"https:\/\/legitgrams.com\/product\/volkswagen-cocaine-90-pure\/\",\"name\":\"Volkswagen Cocaine for Sale - Buy Volkswagen Cocaine Online\",\"isPartOf\":{\"@id\":\"https:\/\/legitgrams.com\/#website\"},\"primaryImageOfPage\":{\"@id\":\"https:\/\/legitgrams.com\/product\/volkswagen-cocaine-90-pure\/#primaryimage\"},\"image\":{\"@id\":\"https:\/\/legitgrams.com\/product\/volkswagen-cocaine-90-pure\/#primaryimage\"},\"thumbnailUrl\":\"https:\/\/legitgrams.com\/wp-content\/uploads\/2024\/09\/buy-volkswagen-cocaine-online-90-pure-1.jpg\",\"datePublished\":\"2024-09-22T10:19:12+00:00\",\"dateModified\":\"2026-02-26T12:31:36+00:00\",\"description\":\"Looking to further your research? buy volkswagen cocaine 90% pure conveniently and securely online, with a straightforward ordering process for volkswagen cocaine powder for sale.\",\"breadcrumb\":{\"@id\":\"https:\/\/legitgrams.com\/product\/volkswagen-cocaine-90-pure\/#breadcrumb\"},\"inLanguage\":\"hu\",\"potentialAction\":[{\"@type\":\"ReadAction\",\"target\":[\"https:\/\/legitgrams.com\/product\/volkswagen-cocaine-90-pure\/\"]}]},{\"@type\":\"ImageObject\",\"inLanguage\":\"hu\",\"@id\":\"https:\/\/legitgrams.com\/product\/volkswagen-cocaine-90-pure\/#primaryimage\",\"url\":\"https:\/\/legitgrams.com\/wp-content\/uploads\/2024\/09\/buy-volkswagen-cocaine-online-90-pure-1.jpg\",\"contentUrl\":\"https:\/\/legitgrams.com\/wp-content\/uploads\/2024\/09\/buy-volkswagen-cocaine-online-90-pure-1.jpg\",\"width\":600,\"height\":600,\"caption\":\"Volkswagen Cocaine for Sale\"},{\"@type\":\"BreadcrumbList\",\"@id\":\"https:\/\/legitgrams.com\/product\/volkswagen-cocaine-90-pure\/#breadcrumb\",\"itemListElement\":[{\"@type\":\"ListItem\",\"position\":1,\"name\":\"Home\",\"item\":\"https:\/\/legitgrams.com\/\"},{\"@type\":\"ListItem\",\"position\":2,\"name\":\"Shop\",\"item\":\"https:\/\/legitgrams.com\/shop\/\"},{\"@type\":\"ListItem\",\"position\":3,\"name\":\"Buy Volkswagen Cocaine 90% pure Online\"}]},{\"@type\":\"WebSite\",\"@id\":\"https:\/\/legitgrams.com\/#website\",\"url\":\"https:\/\/legitgrams.com\/\",\"name\":\"Legit Grams\",\"description\":\"My WordPress Blog\",\"publisher\":{\"@id\":\"https:\/\/legitgrams.com\/#organization\"},\"potentialAction\":[{\"@type\":\"SearchAction\",\"target\":{\"@type\":\"EntryPoint\",\"urlTemplate\":\"https:\/\/legitgrams.com\/?s={search_term_string}\"},\"query-input\":{\"@type\":\"PropertyValueSpecification\",\"valueRequired\":true,\"valueName\":\"search_term_string\"}}],\"inLanguage\":\"hu\"},{\"@type\":\"Organization\",\"@id\":\"https:\/\/legitgrams.com\/#organization\",\"name\":\"Legit Grams\",\"url\":\"https:\/\/legitgrams.com\/\",\"logo\":{\"@type\":\"ImageObject\",\"inLanguage\":\"hu\",\"@id\":\"https:\/\/legitgrams.com\/#\/schema\/logo\/image\/\",\"url\":\"https:\/\/legitgrams.com\/wp-content\/uploads\/2024\/09\/main-logo.png\",\"contentUrl\":\"https:\/\/legitgrams.com\/wp-content\/uploads\/2024\/09\/main-logo.png\",\"width\":270,\"height\":75,\"caption\":\"Legit Grams\"},\"image\":{\"@id\":\"https:\/\/legitgrams.com\/#\/schema\/logo\/image\/\"}}]}<\/script>\n<!-- \/ Yoast SEO plugin. -->","yoast_head_json":{"title":"Elad\u00f3 Volkswagen kokain \u2013 V\u00e1s\u00e1roljon Volkswagen kokaint online","description":"Tov\u00e1bb szeretn\u00e9 folytatni a kutat\u00e1st? v\u00e1s\u00e1roljon volkswagen kokain 90% pure-t k\u00e9nyelmesen \u00e9s biztons\u00e1gosan online, egyszer\u0171 rendel\u00e9si folyamattal elad\u00f3 volkswagen kokain por.","robots":{"index":"index","follow":"follow","max-snippet":"max-snippet:-1","max-image-preview":"max-image-preview:large","max-video-preview":"max-video-preview:-1"},"canonical":"https:\/\/legitgrams.com\/hu\/termek\/volkswagen-kokain-90-pure\/","og_locale":"hu_HU","og_type":"article","og_title":"Volkswagen Cocaine for Sale - Buy Volkswagen Cocaine Online","og_description":"Looking to further your research? buy volkswagen cocaine 90% pure conveniently and securely online, with a straightforward ordering process for volkswagen cocaine powder for sale.","og_url":"https:\/\/legitgrams.com\/hu\/termek\/volkswagen-kokain-90-pure\/","og_site_name":"Legit Grams","article_modified_time":"2026-02-26T12:31:36+00:00","og_image":[{"width":600,"height":600,"url":"https:\/\/legitgrams.com\/wp-content\/uploads\/2024\/09\/buy-volkswagen-cocaine-online-90-pure-1.jpg","type":"image\/jpeg"}],"twitter_card":"summary_large_image","twitter_misc":{"Becs\u00fclt olvas\u00e1si id\u0151":"3 perc"},"schema":{"@context":"https:\/\/schema.org","@graph":[{"@type":"WebPage","@id":"https:\/\/legitgrams.com\/product\/volkswagen-cocaine-90-pure\/","url":"https:\/\/legitgrams.com\/product\/volkswagen-cocaine-90-pure\/","name":"Elad\u00f3 Volkswagen kokain \u2013 V\u00e1s\u00e1roljon Volkswagen kokaint online","isPartOf":{"@id":"https:\/\/legitgrams.com\/#website"},"primaryImageOfPage":{"@id":"https:\/\/legitgrams.com\/product\/volkswagen-cocaine-90-pure\/#primaryimage"},"image":{"@id":"https:\/\/legitgrams.com\/product\/volkswagen-cocaine-90-pure\/#primaryimage"},"thumbnailUrl":"https:\/\/legitgrams.com\/wp-content\/uploads\/2024\/09\/buy-volkswagen-cocaine-online-90-pure-1.jpg","datePublished":"2024-09-22T10:19:12+00:00","dateModified":"2026-02-26T12:31:36+00:00","description":"Tov\u00e1bb szeretn\u00e9 folytatni a kutat\u00e1st? v\u00e1s\u00e1roljon volkswagen kokain 90% pure-t k\u00e9nyelmesen \u00e9s biztons\u00e1gosan online, egyszer\u0171 rendel\u00e9si folyamattal elad\u00f3 volkswagen kokain por.","breadcrumb":{"@id":"https:\/\/legitgrams.com\/product\/volkswagen-cocaine-90-pure\/#breadcrumb"},"inLanguage":"hu","potentialAction":[{"@type":"ReadAction","target":["https:\/\/legitgrams.com\/product\/volkswagen-cocaine-90-pure\/"]}]},{"@type":"ImageObject","inLanguage":"hu","@id":"https:\/\/legitgrams.com\/product\/volkswagen-cocaine-90-pure\/#primaryimage","url":"https:\/\/legitgrams.com\/wp-content\/uploads\/2024\/09\/buy-volkswagen-cocaine-online-90-pure-1.jpg","contentUrl":"https:\/\/legitgrams.com\/wp-content\/uploads\/2024\/09\/buy-volkswagen-cocaine-online-90-pure-1.jpg","width":600,"height":600,"caption":"Volkswagen Cocaine for Sale"},{"@type":"BreadcrumbList","@id":"https:\/\/legitgrams.com\/product\/volkswagen-cocaine-90-pure\/#breadcrumb","itemListElement":[{"@type":"ListItem","position":1,"name":"Home","item":"https:\/\/legitgrams.com\/"},{"@type":"ListItem","position":2,"name":"Shop","item":"https:\/\/legitgrams.com\/shop\/"},{"@type":"ListItem","position":3,"name":"Buy Volkswagen Cocaine 90% pure Online"}]},{"@type":"WebSite","@id":"https:\/\/legitgrams.com\/#website","url":"https:\/\/legitgrams.com\/","name":"Legit Grams","description":"Az \u00e9n WordPress blogom","publisher":{"@id":"https:\/\/legitgrams.com\/#organization"},"potentialAction":[{"@type":"SearchAction","target":{"@type":"EntryPoint","urlTemplate":"https:\/\/legitgrams.com\/?s={search_term_string}"},"query-input":{"@type":"PropertyValueSpecification","valueRequired":true,"valueName":"search_term_string"}}],"inLanguage":"hu"},{"@type":"Organization","@id":"https:\/\/legitgrams.com\/#organization","name":"Legit Grams","url":"https:\/\/legitgrams.com\/","logo":{"@type":"ImageObject","inLanguage":"hu","@id":"https:\/\/legitgrams.com\/#\/schema\/logo\/image\/","url":"https:\/\/legitgrams.com\/wp-content\/uploads\/2024\/09\/main-logo.png","contentUrl":"https:\/\/legitgrams.com\/wp-content\/uploads\/2024\/09\/main-logo.png","width":270,"height":75,"caption":"Legit Grams"},"image":{"@id":"https:\/\/legitgrams.com\/#\/schema\/logo\/image\/"}}]}},"uagb_featured_image_src":{"full":["https:\/\/legitgrams.com\/wp-content\/uploads\/2024\/09\/buy-volkswagen-cocaine-online-90-pure-1.jpg",600,600,false],"thumbnail":["https:\/\/legitgrams.com\/wp-content\/uploads\/2024\/09\/buy-volkswagen-cocaine-online-90-pure-1-150x150.jpg",150,150,true],"medium":["https:\/\/legitgrams.com\/wp-content\/uploads\/2024\/09\/buy-volkswagen-cocaine-online-90-pure-1-300x300.jpg",300,300,true],"medium_large":["https:\/\/legitgrams.com\/wp-content\/uploads\/2024\/09\/buy-volkswagen-cocaine-online-90-pure-1.jpg",600,600,false],"large":["https:\/\/legitgrams.com\/wp-content\/uploads\/2024\/09\/buy-volkswagen-cocaine-online-90-pure-1.jpg",600,600,false],"1536x1536":["https:\/\/legitgrams.com\/wp-content\/uploads\/2024\/09\/buy-volkswagen-cocaine-online-90-pure-1.jpg",600,600,false],"2048x2048":["https:\/\/legitgrams.com\/wp-content\/uploads\/2024\/09\/buy-volkswagen-cocaine-online-90-pure-1.jpg",600,600,false],"trp-custom-language-flag":["https:\/\/legitgrams.com\/wp-content\/uploads\/2024\/09\/buy-volkswagen-cocaine-online-90-pure-1-12x12.jpg",12,12,true],"woocommerce_thumbnail":["https:\/\/legitgrams.com\/wp-content\/uploads\/2024\/09\/buy-volkswagen-cocaine-online-90-pure-1-300x300.jpg",300,300,true],"woocommerce_single":["https:\/\/legitgrams.com\/wp-content\/uploads\/2024\/09\/buy-volkswagen-cocaine-online-90-pure-1.jpg",600,600,false],"woocommerce_gallery_thumbnail":["https:\/\/legitgrams.com\/wp-content\/uploads\/2024\/09\/buy-volkswagen-cocaine-online-90-pure-1-100x100.jpg",100,100,true]},"uagb_author_info":{"display_name":"cokeblog18","author_link":"https:\/\/legitgrams.com\/hu\/author\/"},"uagb_comment_info":0,"uagb_excerpt":"Purchase Volkswagen Cocaine Online Nearly 70\u201390% pure cocaine makes up Volkswagen cocaine&#8217;s components. It is ranked among the varieties of cocaine that are typically found in today&#8217;s world. In many circumstances, this cocaine works as a blocker or a pain reliever. One of the most psychotropic substances utilized in both medical and non-medical contexts is&hellip;","_links":{"self":[{"href":"https:\/\/legitgrams.com\/hu\/wp-json\/wp\/v2\/product\/4309","targetHints":{"allow":["GET"]}}],"collection":[{"href":"https:\/\/legitgrams.com\/hu\/wp-json\/wp\/v2\/product"}],"about":[{"href":"https:\/\/legitgrams.com\/hu\/wp-json\/wp\/v2\/types\/product"}],"replies":[{"embeddable":true,"href":"https:\/\/legitgrams.com\/hu\/wp-json\/wp\/v2\/comments?post=4309"}],"wp:featuredmedia":[{"embeddable":true,"href":"https:\/\/legitgrams.com\/hu\/wp-json\/wp\/v2\/media\/5332"}],"wp:attachment":[{"href":"https:\/\/legitgrams.com\/hu\/wp-json\/wp\/v2\/media?parent=4309"}],"wp:term":[{"taxonomy":"product_brand","embeddable":true,"href":"https:\/\/legitgrams.com\/hu\/wp-json\/wp\/v2\/product_brand?post=4309"},{"taxonomy":"product_cat","embeddable":true,"href":"https:\/\/legitgrams.com\/hu\/wp-json\/wp\/v2\/product_cat?post=4309"},{"taxonomy":"product_tag","embeddable":true,"href":"https:\/\/legitgrams.com\/hu\/wp-json\/wp\/v2\/product_tag?post=4309"}],"curies":[{"name":"wp","href":"https:\/\/api.w.org\/{rel}","templated":true}]}}