{"id":4310,"date":"2024-09-22T10:20:55","date_gmt":"2024-09-22T10:20:55","guid":{"rendered":"https:\/\/legitgrams.com\/?post_type=product&#038;p=4310"},"modified":"2026-02-26T12:28:36","modified_gmt":"2026-02-26T12:28:36","slug":"buy-colombian-cocaine-96-pure-online","status":"publish","type":"product","link":"https:\/\/legitgrams.com\/hu\/termek\/buy-colombian-cocaine-96-pure-online\/","title":{"rendered":"Buy Colombian Cocaine 96% Pure Online"},"content":{"rendered":"<h2>V\u00e1s\u00e1roljon 96%-os tisztas\u00e1g\u00fa kolumbiai kokaint online<\/h2>\n<p>A kolumbiai kokain az egyik legismertebb \u00e9s legel\u0151ny\u00f6sebb kokainfajta vil\u00e1gszerte. A vil\u00e1g egyik legtiszt\u00e1bb kokaint sz\u00e1ll\u00edt\u00f3 orsz\u00e1ga Kolumbia.<\/p>\n<p>Kolumbi\u00e1ban 1960 \u00e9s 1970 k\u00f6z\u00f6tt \u00e1ll\u00edtott\u00e1k el\u0151 az els\u0151 kokaint. Abban az id\u0151ben nem volt leg\u00e1lis m\u00f3dszer a kokain el\u0151\u00e1ll\u00edt\u00e1s\u00e1ra az Egyes\u00fclt \u00c1llamokban. A <a href=\"https:\/\/legitgrams.com\/hu\/termek\/buy-colombian-cocaine-96-pure-online\/\">Kolumbiaiak<\/a> elkezdt\u00e9k megterm\u00e9keny\u00edteni azokat a n\u00f6v\u00e9nyeket, amelyek a legtiszt\u00e1bb t\u00edpus\u00fa kokaint termelt\u00e9k.<\/p>\n<p>Elkezdt\u00e9k a kokaint nagyon kedvez\u0151 \u00e1ron \u00e1rulni az eg\u00e9sz vil\u00e1gon. A kokain sz\u00e1mos felhaszn\u00e1l\u00e1si lehet\u0151s\u00e9ge \u00e9s tisztas\u00e1ga miatt sokan v\u00e1s\u00e1rolt\u00e1k.<\/p>\n<p>Az egyik legtiszt\u00e1bb fajta kokain a vil\u00e1gon a <a href=\"https:\/\/en.wikipedia.org\/wiki\/Cocaine\">Kolumbiai kokain-96<\/a> tiszt\u00e1n. Az emberi testre gyakorolt \u00f3ri\u00e1si potenci\u00e1l a tisztas\u00e1g\u00e1b\u00f3l ered. A k\u00f6zponti idegrendszerre is hat, hogy a k\u00edv\u00e1nt hat\u00e1st biztos\u00edtsa, ak\u00e1rcsak m\u00e1s kokainfajt\u00e1k.<\/p>\n<p>Azonban sokkal gyorsabban hat, mint m\u00e1s kokainfajt\u00e1k. Lehet\u0151v\u00e9 teszi a szervezet sz\u00e1m\u00e1ra a dekompresszi\u00f3t az \u00e9let probl\u00e9m\u00e1inak elt\u00f6rl\u00e9s\u00e9vel. Lehet\u0151v\u00e9 teszi a szervezet sz\u00e1m\u00e1ra, hogy megfelel\u0151 alv\u00e1st szerezzen, amely megnyugtatja az elm\u00e9t.<\/p>\n<p>Az orvosok a tiszta kolumbiai kokain-96-ot k\u00fcl\u00f6nb\u00f6z\u0151, az emberi eg\u00e9szs\u00e9get el\u0151seg\u00edt\u0151 anyagokkal kombin\u00e1lva alkalmazz\u00e1k. Ezt az emberek k\u00fcl\u00f6nb\u00f6z\u0151 betegs\u00e9gek, k\u00f6zt\u00fck a szorong\u00e1s \u00e9s a k\u00e9ts\u00e9gbees\u00e9s kezel\u00e9s\u00e9re haszn\u00e1lj\u00e1k. <a href=\"https:\/\/legitgrams.com\/hu\/\">LegitGrams<\/a><\/p>\n<p>Azt is haszn\u00e1lj\u00e1k, hogy enyh\u00edtse a kellemetlen \u00e9rz\u00e9s b\u00e1rmilyen. Ez olyan f\u00e1jdalmakra vonatkozik, amelyek kr\u00f3nikus betegs\u00e9gekb\u0151l vagy hirtelen esem\u00e9nyekb\u0151l eredhetnek. A gy\u00f3gym\u00f3d megtal\u00e1l\u00e1sa \u00e9rdek\u00e9ben az orvosok ezt a gy\u00f3gyszert gy\u00f3gyszerk\u00e9nt \u00edrj\u00e1k fel. A kolumbiai kokain-96 sz\u00e9les k\u00f6r\u0171 haszn\u00e1lata ezeknek a jellemz\u0151knek tulajdon\u00edthat\u00f3.<\/p>\n<p>Web\u00e1ruh\u00e1zunkban pro-drogok, gy\u00f3gyszerek \u00e9s gy\u00f3gyszerek sz\u00e9les v\u00e1laszt\u00e9k\u00e1val foglalkozunk. Ezenk\u00edv\u00fcl tiszta kolumbiai kokain-96-ot is \u00e1rulunk rendk\u00edv\u00fcl versenyk\u00e9pes \u00e1ron. Ezenk\u00edv\u00fcl azonnali \u00e1rusz\u00e1ll\u00edt\u00e1st biztos\u00edtunk \u00e1ruh\u00e1zunkb\u00f3l. A legjobb K2 f\u00fcrd\u0151s\u00f3k is el\u00e9rhet\u0151ek itt.<\/p>","protected":false},"excerpt":{"rendered":"<p>Purchase 96% Pure Colombian Cocaine Online Colombian cocaine is one of the most well-known and advantageous types of cocaine available worldwide. One of the countries that supplies the most pure cocaine in the world is Colombia. In Colombia, the first cocaine was produced between 1960 and 1970. At the time, there was no legal method &hellip;<\/p>\n<p class=\"read-more\"> <a class=\"\" href=\"https:\/\/legitgrams.com\/hu\/termek\/buy-colombian-cocaine-96-pure-online\/\"> <span class=\"screen-reader-text\">Buy Colombian Cocaine 96% Pure Online<\/span> Olvass tov\u00e1bb \"<\/a><\/p>","protected":false},"featured_media":5331,"comment_status":"open","ping_status":"closed","template":"","meta":{"_uag_custom_page_level_css":"","site-sidebar-layout":"default","site-content-layout":"default","ast-global-header-display":"","ast-main-header-display":"","ast-hfb-above-header-display":"","ast-hfb-below-header-display":"","ast-hfb-mobile-header-display":"","site-post-title":"","ast-breadcrumbs-content":"","ast-featured-img":"","footer-sml-layout":"","theme-transparent-header-meta":"default","adv-header-id-meta":"","stick-header-meta":"default","header-above-stick-meta":"","header-main-stick-meta":"","header-below-stick-meta":"","_joinchat":[]},"product_brand":[],"product_cat":[70],"product_tag":[706,696,617,687,703,700,695,692,705,686,710,698,693,708,709,707,689,688,699,690,704,701,702,625,694,697,691],"class_list":{"0":"post-4310","1":"product","2":"type-product","3":"status-publish","4":"has-post-thumbnail","6":"product_cat-cocaine","7":"product_tag-best-cheap-price-pure-colombian-cocaine-96-pure","8":"product_tag-best-place-to-buy-pure-colombian-cocaine-96-pure","9":"product_tag-bulk-online","10":"product_tag-buy-pure-colombian-cocaine-96-pure","11":"product_tag-cheap-pure-colombian-cocaine-96-pure","12":"product_tag-high-quality-pure-colombian-cocaine-96-pure","13":"product_tag-how-to-buy-pure-colombian-cocaine-96-pure","14":"product_tag-order-pure-colombian-cocaine-96-pure","15":"product_tag-purcharse-pure-colombian-cocaine-96-pure","16":"product_tag-pure-colombian-cocaine-96-pure","17":"product_tag-pure-colombian-cocaine-96-pure-for-sale","18":"product_tag-pure-colombian-cocaine-96-pure-legally","19":"product_tag-pure-colombian-cocaine-96-pure-online","20":"product_tag-pure-colombian-cocaine-96-pure-use","21":"product_tag-pure-colombian-cocaine-96-pure-wiki","22":"product_tag-pure-colombian-cocaine-96-pure-worldwide","23":"product_tag-pure-colombian-cocaine-96-purefor-sale","24":"product_tag-pure-colombian-cocaine-96-pureonline","25":"product_tag-pure-colombian-cocaine-96-pureprice","26":"product_tag-pure-colombian-cocaine-96-purepure-colombian-cocaine-96-puresupplier","27":"product_tag-pure-colombian-cocaine-96-pures","28":"product_tag-pure-colombian-cocaine-96-purestore","29":"product_tag-shop-pure-colombian-cocaine-96-pure","30":"product_tag-top-quality","31":"product_tag-where-to-buy-pure-colombian-cocaine-96-pure","32":"product_tag-where-to-order-pure-colombian-cocaine-96-pure","33":"product_tag-wholesale-pure-colombian-cocaine-96-pure","34":"desktop-align-left","35":"tablet-align-left","36":"mobile-align-left","37":"ast-product-gallery-layout-horizontal","38":"ast-product-gallery-with-no-image","39":"ast-product-single-variable","40":"ast-product-tabs-layout-horizontal","41":"ast-qv-on-image","43":"first","44":"instock","45":"shipping-taxable","46":"purchasable","47":"product-type-variable"},"yoast_head":"<!-- This site is optimized with the Yoast SEO plugin v25.9 - https:\/\/yoast.com\/wordpress\/plugins\/seo\/ -->\n<title>Buy Colombian Cocaine Online @ Best Price | LegitGrams<\/title>\n<meta name=\"description\" content=\"Looking to buy colombian cocaine online? Discover a seamless platform at our online store where you can buy pure colombian cocaine , ensuring top-grade quality for your research needs.\" \/>\n<meta name=\"robots\" content=\"index, follow, max-snippet:-1, max-image-preview:large, max-video-preview:-1\" \/>\n<link rel=\"canonical\" href=\"https:\/\/legitgrams.com\/hu\/termek\/buy-colombian-cocaine-96-pure-online\/\" \/>\n<meta property=\"og:locale\" content=\"hu_HU\" \/>\n<meta property=\"og:type\" content=\"article\" \/>\n<meta property=\"og:title\" content=\"Buy Colombian Cocaine Online @ Best Price | LegitGrams\" \/>\n<meta property=\"og:description\" content=\"Looking to buy colombian cocaine online? Discover a seamless platform at our online store where you can buy pure colombian cocaine , ensuring top-grade quality for your research needs.\" \/>\n<meta property=\"og:url\" content=\"https:\/\/legitgrams.com\/hu\/termek\/buy-colombian-cocaine-96-pure-online\/\" \/>\n<meta property=\"og:site_name\" content=\"Legit Grams\" \/>\n<meta property=\"article:modified_time\" content=\"2026-02-26T12:28:36+00:00\" \/>\n<meta property=\"og:image\" content=\"https:\/\/legitgrams.com\/wp-content\/uploads\/2024\/09\/Buy-Columbian-cocaine-96-pure.jpg\" \/>\n\t<meta property=\"og:image:width\" content=\"600\" \/>\n\t<meta property=\"og:image:height\" content=\"600\" \/>\n\t<meta property=\"og:image:type\" content=\"image\/jpeg\" \/>\n<meta name=\"twitter:card\" content=\"summary_large_image\" \/>\n<meta name=\"twitter:label1\" content=\"Becs\u00fclt olvas\u00e1si id\u0151\" \/>\n\t<meta name=\"twitter:data1\" content=\"2 perc\" \/>\n<script type=\"application\/ld+json\" class=\"yoast-schema-graph\">{\"@context\":\"https:\/\/schema.org\",\"@graph\":[{\"@type\":\"WebPage\",\"@id\":\"https:\/\/legitgrams.com\/product\/buy-colombian-cocaine-96-pure-online\/\",\"url\":\"https:\/\/legitgrams.com\/product\/buy-colombian-cocaine-96-pure-online\/\",\"name\":\"Buy Colombian Cocaine Online @ Best Price | LegitGrams\",\"isPartOf\":{\"@id\":\"https:\/\/legitgrams.com\/#website\"},\"primaryImageOfPage\":{\"@id\":\"https:\/\/legitgrams.com\/product\/buy-colombian-cocaine-96-pure-online\/#primaryimage\"},\"image\":{\"@id\":\"https:\/\/legitgrams.com\/product\/buy-colombian-cocaine-96-pure-online\/#primaryimage\"},\"thumbnailUrl\":\"https:\/\/legitgrams.com\/wp-content\/uploads\/2024\/09\/Buy-Columbian-cocaine-96-pure.jpg\",\"datePublished\":\"2024-09-22T10:20:55+00:00\",\"dateModified\":\"2026-02-26T12:28:36+00:00\",\"description\":\"Looking to buy colombian cocaine online? Discover a seamless platform at our online store where you can buy pure colombian cocaine , ensuring top-grade quality for your research needs.\",\"breadcrumb\":{\"@id\":\"https:\/\/legitgrams.com\/product\/buy-colombian-cocaine-96-pure-online\/#breadcrumb\"},\"inLanguage\":\"hu\",\"potentialAction\":[{\"@type\":\"ReadAction\",\"target\":[\"https:\/\/legitgrams.com\/product\/buy-colombian-cocaine-96-pure-online\/\"]}]},{\"@type\":\"ImageObject\",\"inLanguage\":\"hu\",\"@id\":\"https:\/\/legitgrams.com\/product\/buy-colombian-cocaine-96-pure-online\/#primaryimage\",\"url\":\"https:\/\/legitgrams.com\/wp-content\/uploads\/2024\/09\/Buy-Columbian-cocaine-96-pure.jpg\",\"contentUrl\":\"https:\/\/legitgrams.com\/wp-content\/uploads\/2024\/09\/Buy-Columbian-cocaine-96-pure.jpg\",\"width\":600,\"height\":600,\"caption\":\"Buy Colombian Cocaine 96% Pure Online\"},{\"@type\":\"BreadcrumbList\",\"@id\":\"https:\/\/legitgrams.com\/product\/buy-colombian-cocaine-96-pure-online\/#breadcrumb\",\"itemListElement\":[{\"@type\":\"ListItem\",\"position\":1,\"name\":\"Home\",\"item\":\"https:\/\/legitgrams.com\/\"},{\"@type\":\"ListItem\",\"position\":2,\"name\":\"Shop\",\"item\":\"https:\/\/legitgrams.com\/shop\/\"},{\"@type\":\"ListItem\",\"position\":3,\"name\":\"Buy Colombian Cocaine 96% Pure Online\"}]},{\"@type\":\"WebSite\",\"@id\":\"https:\/\/legitgrams.com\/#website\",\"url\":\"https:\/\/legitgrams.com\/\",\"name\":\"Legit Grams\",\"description\":\"My WordPress Blog\",\"publisher\":{\"@id\":\"https:\/\/legitgrams.com\/#organization\"},\"potentialAction\":[{\"@type\":\"SearchAction\",\"target\":{\"@type\":\"EntryPoint\",\"urlTemplate\":\"https:\/\/legitgrams.com\/?s={search_term_string}\"},\"query-input\":{\"@type\":\"PropertyValueSpecification\",\"valueRequired\":true,\"valueName\":\"search_term_string\"}}],\"inLanguage\":\"hu\"},{\"@type\":\"Organization\",\"@id\":\"https:\/\/legitgrams.com\/#organization\",\"name\":\"Legit Grams\",\"url\":\"https:\/\/legitgrams.com\/\",\"logo\":{\"@type\":\"ImageObject\",\"inLanguage\":\"hu\",\"@id\":\"https:\/\/legitgrams.com\/#\/schema\/logo\/image\/\",\"url\":\"https:\/\/legitgrams.com\/wp-content\/uploads\/2024\/09\/main-logo.png\",\"contentUrl\":\"https:\/\/legitgrams.com\/wp-content\/uploads\/2024\/09\/main-logo.png\",\"width\":270,\"height\":75,\"caption\":\"Legit Grams\"},\"image\":{\"@id\":\"https:\/\/legitgrams.com\/#\/schema\/logo\/image\/\"}}]}<\/script>\n<!-- \/ Yoast SEO plugin. -->","yoast_head_json":{"title":"V\u00e1s\u00e1rl\u00e1s kolumbiai kokain online @ Legjobb \u00e1r | LegitGrams","description":"Kolumbiai kokaint szeretne v\u00e1s\u00e1rolni online? Fedezze fel a z\u00f6kken\u0151mentes platformot online \u00e1ruh\u00e1zunkban, ahol tiszta kolumbiai kokaint v\u00e1s\u00e1rolhat, biztos\u00edtva a kiv\u00e1l\u00f3 min\u0151s\u00e9get az \u00d6n kutat\u00e1si ig\u00e9nyeihez.","robots":{"index":"index","follow":"follow","max-snippet":"max-snippet:-1","max-image-preview":"max-image-preview:large","max-video-preview":"max-video-preview:-1"},"canonical":"https:\/\/legitgrams.com\/hu\/termek\/buy-colombian-cocaine-96-pure-online\/","og_locale":"hu_HU","og_type":"article","og_title":"Buy Colombian Cocaine Online @ Best Price | LegitGrams","og_description":"Looking to buy colombian cocaine online? Discover a seamless platform at our online store where you can buy pure colombian cocaine , ensuring top-grade quality for your research needs.","og_url":"https:\/\/legitgrams.com\/hu\/termek\/buy-colombian-cocaine-96-pure-online\/","og_site_name":"Legit Grams","article_modified_time":"2026-02-26T12:28:36+00:00","og_image":[{"width":600,"height":600,"url":"https:\/\/legitgrams.com\/wp-content\/uploads\/2024\/09\/Buy-Columbian-cocaine-96-pure.jpg","type":"image\/jpeg"}],"twitter_card":"summary_large_image","twitter_misc":{"Becs\u00fclt olvas\u00e1si id\u0151":"2 perc"},"schema":{"@context":"https:\/\/schema.org","@graph":[{"@type":"WebPage","@id":"https:\/\/legitgrams.com\/product\/buy-colombian-cocaine-96-pure-online\/","url":"https:\/\/legitgrams.com\/product\/buy-colombian-cocaine-96-pure-online\/","name":"V\u00e1s\u00e1rl\u00e1s kolumbiai kokain online @ Legjobb \u00e1r | LegitGrams","isPartOf":{"@id":"https:\/\/legitgrams.com\/#website"},"primaryImageOfPage":{"@id":"https:\/\/legitgrams.com\/product\/buy-colombian-cocaine-96-pure-online\/#primaryimage"},"image":{"@id":"https:\/\/legitgrams.com\/product\/buy-colombian-cocaine-96-pure-online\/#primaryimage"},"thumbnailUrl":"https:\/\/legitgrams.com\/wp-content\/uploads\/2024\/09\/Buy-Columbian-cocaine-96-pure.jpg","datePublished":"2024-09-22T10:20:55+00:00","dateModified":"2026-02-26T12:28:36+00:00","description":"Kolumbiai kokaint szeretne v\u00e1s\u00e1rolni online? Fedezze fel a z\u00f6kken\u0151mentes platformot online \u00e1ruh\u00e1zunkban, ahol tiszta kolumbiai kokaint v\u00e1s\u00e1rolhat, biztos\u00edtva a kiv\u00e1l\u00f3 min\u0151s\u00e9get az \u00d6n kutat\u00e1si ig\u00e9nyeihez.","breadcrumb":{"@id":"https:\/\/legitgrams.com\/product\/buy-colombian-cocaine-96-pure-online\/#breadcrumb"},"inLanguage":"hu","potentialAction":[{"@type":"ReadAction","target":["https:\/\/legitgrams.com\/product\/buy-colombian-cocaine-96-pure-online\/"]}]},{"@type":"ImageObject","inLanguage":"hu","@id":"https:\/\/legitgrams.com\/product\/buy-colombian-cocaine-96-pure-online\/#primaryimage","url":"https:\/\/legitgrams.com\/wp-content\/uploads\/2024\/09\/Buy-Columbian-cocaine-96-pure.jpg","contentUrl":"https:\/\/legitgrams.com\/wp-content\/uploads\/2024\/09\/Buy-Columbian-cocaine-96-pure.jpg","width":600,"height":600,"caption":"Buy Colombian Cocaine 96% Pure Online"},{"@type":"BreadcrumbList","@id":"https:\/\/legitgrams.com\/product\/buy-colombian-cocaine-96-pure-online\/#breadcrumb","itemListElement":[{"@type":"ListItem","position":1,"name":"Home","item":"https:\/\/legitgrams.com\/"},{"@type":"ListItem","position":2,"name":"Shop","item":"https:\/\/legitgrams.com\/shop\/"},{"@type":"ListItem","position":3,"name":"Buy Colombian Cocaine 96% Pure Online"}]},{"@type":"WebSite","@id":"https:\/\/legitgrams.com\/#website","url":"https:\/\/legitgrams.com\/","name":"Legit Grams","description":"Az \u00e9n WordPress blogom","publisher":{"@id":"https:\/\/legitgrams.com\/#organization"},"potentialAction":[{"@type":"SearchAction","target":{"@type":"EntryPoint","urlTemplate":"https:\/\/legitgrams.com\/?s={search_term_string}"},"query-input":{"@type":"PropertyValueSpecification","valueRequired":true,"valueName":"search_term_string"}}],"inLanguage":"hu"},{"@type":"Organization","@id":"https:\/\/legitgrams.com\/#organization","name":"Legit Grams","url":"https:\/\/legitgrams.com\/","logo":{"@type":"ImageObject","inLanguage":"hu","@id":"https:\/\/legitgrams.com\/#\/schema\/logo\/image\/","url":"https:\/\/legitgrams.com\/wp-content\/uploads\/2024\/09\/main-logo.png","contentUrl":"https:\/\/legitgrams.com\/wp-content\/uploads\/2024\/09\/main-logo.png","width":270,"height":75,"caption":"Legit Grams"},"image":{"@id":"https:\/\/legitgrams.com\/#\/schema\/logo\/image\/"}}]}},"uagb_featured_image_src":{"full":["https:\/\/legitgrams.com\/wp-content\/uploads\/2024\/09\/Buy-Columbian-cocaine-96-pure.jpg",600,600,false],"thumbnail":["https:\/\/legitgrams.com\/wp-content\/uploads\/2024\/09\/Buy-Columbian-cocaine-96-pure-150x150.jpg",150,150,true],"medium":["https:\/\/legitgrams.com\/wp-content\/uploads\/2024\/09\/Buy-Columbian-cocaine-96-pure-300x300.jpg",300,300,true],"medium_large":["https:\/\/legitgrams.com\/wp-content\/uploads\/2024\/09\/Buy-Columbian-cocaine-96-pure.jpg",600,600,false],"large":["https:\/\/legitgrams.com\/wp-content\/uploads\/2024\/09\/Buy-Columbian-cocaine-96-pure.jpg",600,600,false],"1536x1536":["https:\/\/legitgrams.com\/wp-content\/uploads\/2024\/09\/Buy-Columbian-cocaine-96-pure.jpg",600,600,false],"2048x2048":["https:\/\/legitgrams.com\/wp-content\/uploads\/2024\/09\/Buy-Columbian-cocaine-96-pure.jpg",600,600,false],"trp-custom-language-flag":["https:\/\/legitgrams.com\/wp-content\/uploads\/2024\/09\/Buy-Columbian-cocaine-96-pure-12x12.jpg",12,12,true],"woocommerce_thumbnail":["https:\/\/legitgrams.com\/wp-content\/uploads\/2024\/09\/Buy-Columbian-cocaine-96-pure-300x300.jpg",300,300,true],"woocommerce_single":["https:\/\/legitgrams.com\/wp-content\/uploads\/2024\/09\/Buy-Columbian-cocaine-96-pure.jpg",600,600,false],"woocommerce_gallery_thumbnail":["https:\/\/legitgrams.com\/wp-content\/uploads\/2024\/09\/Buy-Columbian-cocaine-96-pure-100x100.jpg",100,100,true]},"uagb_author_info":{"display_name":"cokeblog18","author_link":"https:\/\/legitgrams.com\/hu\/author\/"},"uagb_comment_info":0,"uagb_excerpt":"Purchase 96% Pure Colombian Cocaine Online Colombian cocaine is one of the most well-known and advantageous types of cocaine available worldwide. One of the countries that supplies the most pure cocaine in the world is Colombia. In Colombia, the first cocaine was produced between 1960 and 1970. At the time, there was no legal method&hellip;","_links":{"self":[{"href":"https:\/\/legitgrams.com\/hu\/wp-json\/wp\/v2\/product\/4310","targetHints":{"allow":["GET"]}}],"collection":[{"href":"https:\/\/legitgrams.com\/hu\/wp-json\/wp\/v2\/product"}],"about":[{"href":"https:\/\/legitgrams.com\/hu\/wp-json\/wp\/v2\/types\/product"}],"replies":[{"embeddable":true,"href":"https:\/\/legitgrams.com\/hu\/wp-json\/wp\/v2\/comments?post=4310"}],"wp:featuredmedia":[{"embeddable":true,"href":"https:\/\/legitgrams.com\/hu\/wp-json\/wp\/v2\/media\/5331"}],"wp:attachment":[{"href":"https:\/\/legitgrams.com\/hu\/wp-json\/wp\/v2\/media?parent=4310"}],"wp:term":[{"taxonomy":"product_brand","embeddable":true,"href":"https:\/\/legitgrams.com\/hu\/wp-json\/wp\/v2\/product_brand?post=4310"},{"taxonomy":"product_cat","embeddable":true,"href":"https:\/\/legitgrams.com\/hu\/wp-json\/wp\/v2\/product_cat?post=4310"},{"taxonomy":"product_tag","embeddable":true,"href":"https:\/\/legitgrams.com\/hu\/wp-json\/wp\/v2\/product_tag?post=4310"}],"curies":[{"name":"wp","href":"https:\/\/api.w.org\/{rel}","templated":true}]}}