{"id":4311,"date":"2024-09-22T10:16:26","date_gmt":"2024-09-22T10:16:26","guid":{"rendered":"https:\/\/legitgrams.com\/?post_type=product&#038;p=4311"},"modified":"2025-01-13T09:45:18","modified_gmt":"2025-01-13T09:45:18","slug":"bio-kokain-86","status":"publish","type":"product","link":"https:\/\/legitgrams.com\/hu\/termek\/bio-kokain-86\/","title":{"rendered":"Bio kokain 86%"},"content":{"rendered":"<h2>Elad\u00f3: 86%-os bio-kokain<\/h2>\n<p>A kokain egy nagyon er\u0151s stimul\u00e1ns, amelyet arra haszn\u00e1lnak, hogy az embereknek jellegzetes \u00e9s cs\u00e1b\u00edt\u00f3 ment\u00e1lis strukt\u00far\u00e1t adjanak. A biokokain megk\u00f6nny\u00edti az emberi elme sz\u00e1m\u00e1ra a mindennapi esem\u00e9nyek \u00e9szlel\u00e9s\u00e9t. A biokokain k\u00f6zvetlen\u00fcl hat a k\u00f6zponti idegrendszerre, hasonl\u00f3an m\u00e1s stimul\u00e1nsokhoz.<\/p>\n<p>Ennek a stimul\u00e1nsnak a haszn\u00e1lata jav\u00edt n\u00e9h\u00e1ny vegyszert. A bio-kokaint a Coke m\u00e1rkan\u00e9v alatt vil\u00e1gszerte adj\u00e1k \u00e9s v\u00e1s\u00e1rolj\u00e1k. Amellett, hogy gy\u00f3gyszer, sz\u00e1mos gy\u00f3gyszer el\u0151\u00e1ll\u00edt\u00e1s\u00e1ra is haszn\u00e1lj\u00e1k. Az emberek eg\u00e9szs\u00e9ge nagy hasznot h\u00fazhat ezekb\u0151l a gy\u00f3gyszerekb\u0151l. <a href=\"https:\/\/legitgrams.com\/hu\/termek\/bio-kokain-86\/\">Kokain<\/a> ranks second among the most widely used narcotics.<\/p>\n<p>A Bio Cocaine-86 a kokain legtiszt\u00e1bb form\u00e1i k\u00f6z\u00e9 tartozik, amely k\u00e9miailag \u00e9s term\u00e9szetes \u00faton is megtal\u00e1lhat\u00f3. A biokokaint sz\u00e1mos gy\u00f3gyszer\u00e9szeti term\u00e9k alkot\u00f3elemek\u00e9nt haszn\u00e1lj\u00e1k egyed\u00fcl\u00e1ll\u00f3 tulajdons\u00e1gainak k\u00f6sz\u00f6nhet\u0151en, bele\u00e9rtve a gyors m\u0171k\u00f6d\u00e9si k\u00e9pess\u00e9g\u00e9t is. Ez egy nagyon er\u0151s gy\u00f3gyszer, amelyet a sokk pszichol\u00f3giai hat\u00e1sainak cs\u00f6kkent\u00e9s\u00e9re terveztek. Ez arra utal, hogy a Bio Cocaine-86-ot arra haszn\u00e1lj\u00e1k, hogy seg\u00edtse az elm\u00e9t az olyan ingadoz\u00f3 \u00e9rzelmek szab\u00e1lyoz\u00e1s\u00e1ban, mint az \u00f6r\u00f6m vagy a b\u00e1nat. Az emberi elme is norm\u00e1lisan m\u0171k\u00f6dik ilyen k\u00f6r\u00fclm\u00e9nyek k\u00f6z\u00f6tt. T\u00f6retlen, nyugodt alv\u00e1sra is haszn\u00e1lj\u00e1k. Azok, akik ezt a kokaint haszn\u00e1lj\u00e1k, azt mondj\u00e1k, hogy nyugodtnak \u00e9s boldognak \u00e9rzik magukat.<\/p>\n<p>V\u00e9ny n\u00e9lk\u00fcl, Bio <a href=\"https:\/\/en.wikipedia.org\/wiki\/Cocaine\">Kokain<\/a>A -86-ot b\u00e1rokban \u00e9s t\u00e1ncklubokban is haszn\u00e1lj\u00e1k, hogy teljes m\u00e9rt\u00e9kben \u00e1t\u00e9lj\u00e9k ezeket az \u00fcnnepeket. Ezt a gy\u00f3gyszert az emberek pihen\u00e9sre haszn\u00e1lj\u00e1k az \u00e9let akad\u00e1lyainak lek\u00fczd\u00e9se ut\u00e1n. Alkalmas az emberek tudat\u00e1ban l\u00e9v\u0151 \u00e1tmeneti depresszi\u00f3 cs\u00f6kkent\u00e9s\u00e9re vagy felsz\u00e1mol\u00e1s\u00e1ra is. A leggyakrabban haszn\u00e1lt k\u00e1b\u00edt\u00f3szerek list\u00e1j\u00e1n a kor\u00e1bban eml\u00edtett tulajdons\u00e1gai miatt a m\u00e1sodik helyen \u00e1ll. <a href=\"https:\/\/legitgrams.com\/hu\/\">LegitGrams<\/a><\/p>\n<p>Bizonyos k\u00f6r\u00fclm\u00e9nyek k\u00f6z\u00f6tt a Bio Kokain-86 k\u00e9ts\u00e9gtelen\u00fcl nagyon el\u0151ny\u00f6s az emberi szervezet sz\u00e1m\u00e1ra; de t\u00falzott haszn\u00e1lata potenci\u00e1lisan k\u00e1ros hat\u00e1ssal lehet az ember fizikai \u00e9s \u00e9rzelmi j\u00f3l\u00e9t\u00e9re. T\u00falzott haszn\u00e1lat eset\u00e9n \u00e1lmatlans\u00e1got okozhat. Ez\u00e9rt csak az emberi szervezet ig\u00e9nyeinek megfelel\u0151en szabad haszn\u00e1lni.<\/p>\n<p>A Bio Cocaine-86 befecskendezhet\u0151 vagy felszippanthat\u00f3 egyenesen a v\u00e9n\u00e1ba. A web\u00e1ruh\u00e1zban mindenki k\u00f6nnyen beszerezheti. A Bio Cocaine-86-ot nagyon kedvez\u0151 \u00e1ron \u00e9rt\u00e9kes\u00edtj\u00fck internetes \u00e1ruh\u00e1zunkban. Online h\u00e1zhozsz\u00e1ll\u00edt\u00e1sunkkal rendk\u00edv\u00fcl gyorsan k\u00e9zhez kapja \u00e1ruj\u00e1t.<\/p>\n<p>Rendeljen Bio-Cocoine 86%: V\u00e1s\u00e1roljon bio-kokaint, v\u00e1s\u00e1roljon kokaint 86%, v\u00e1s\u00e1roljon bio-kokaint online, hol v\u00e1s\u00e1rolhat bio-kokaint 86%, bio-kokaint v\u00e1s\u00e1rolhat 86% akci\u00f3san, v\u00e1s\u00e1rolhat kokaint online, hol v\u00e1s\u00e1rolhat bio-kokaint 86% -\u00e9rt Ki\u00e1rus\u00edt\u00e1s az Egyes\u00fclt \u00c1llamokban, Kanad\u00e1ban \u00e9s az Egyes\u00fclt Kir\u00e1lys\u00e1gban, Online v\u00e1s\u00e1rl\u00e1s, besz\u00e1ll\u00edt\u00f3k, biztons\u00e1gos sz\u00e1ll\u00edt\u00e1s, a biokokain 86%-a tov\u00e1bbra is el\u00e9rhet\u0151; leg\u00e1lis az Egyes\u00fclt \u00c1llamokban? A Bio Cocaine 86% el\u00e9rhet\u0151 online? Mi a Bio Cocaine 86%-os megrendel\u00e9s\u00e9nek folyamata, \u00e9s ez leg\u00e1lis Kanad\u00e1ban?<\/p>","protected":false},"excerpt":{"rendered":"<p>For Sale: 86% Bio-Cocaine Cocaine is a very strong stimulant that is used to give people a distinctive and seductive mental structure. Bio Cocaine makes it easier for the human mind to perceive everyday occurrences. Bio cocaine affects the central nervous system directly, much like other stimulants do. The use of this stimulant improves some &hellip;<\/p>\n<p class=\"read-more\"> <a class=\"\" href=\"https:\/\/legitgrams.com\/hu\/termek\/bio-kokain-86\/\"> <span class=\"screen-reader-text\">Bio kokain 86%<\/span> Olvass tov\u00e1bb \"<\/a><\/p>","protected":false},"featured_media":5328,"comment_status":"open","ping_status":"closed","template":"","meta":{"_uag_custom_page_level_css":"","site-sidebar-layout":"default","site-content-layout":"default","ast-global-header-display":"","ast-main-header-display":"","ast-hfb-above-header-display":"","ast-hfb-below-header-display":"","ast-hfb-mobile-header-display":"","site-post-title":"","ast-breadcrumbs-content":"","ast-featured-img":"","footer-sml-layout":"","theme-transparent-header-meta":"default","adv-header-id-meta":"","stick-header-meta":"default","header-above-stick-meta":"","header-main-stick-meta":"","header-below-stick-meta":"","_joinchat":[]},"product_brand":[],"product_cat":[70],"product_tag":[731,721,711,735,723,718,733,734,732,715,714,713,724,729,726,617,712,728,725,720,717,730,727,625,719,722,716],"class_list":{"0":"post-4311","1":"product","2":"type-product","3":"status-publish","4":"has-post-thumbnail","6":"product_cat-cocaine","7":"product_tag-best-cheap-price-bio-cocaine-86","8":"product_tag-best-place-to-buy-bio-cocaine-86","9":"product_tag-bio-cocaine-86","10":"product_tag-bio-cocaine-86-for-sale","11":"product_tag-bio-cocaine-86-legally","12":"product_tag-bio-cocaine-86-online","13":"product_tag-bio-cocaine-86-use","14":"product_tag-bio-cocaine-86-wiki","15":"product_tag-bio-cocaine-86-worldwide","16":"product_tag-bio-cocaine-86bio-cocaine-86supplier","17":"product_tag-bio-cocaine-86for-sale","18":"product_tag-bio-cocaine-86online","19":"product_tag-bio-cocaine-86price","20":"product_tag-bio-cocaine-86s","21":"product_tag-bio-cocaine-86store","22":"product_tag-bulk-online","23":"product_tag-buy-bio-cocaine-86","24":"product_tag-cheap-bio-cocaine-86","25":"product_tag-high-quality-bio-cocaine-86","26":"product_tag-how-to-buy-bio-cocaine-86","27":"product_tag-order-bio-cocaine-86","28":"product_tag-purcharse-bio-cocaine-86","29":"product_tag-shop-bio-cocaine-86","30":"product_tag-top-quality","31":"product_tag-where-to-buy-bio-cocaine-86","32":"product_tag-where-to-order-bio-cocaine-86","33":"product_tag-wholesale-bio-cocaine-86","34":"desktop-align-left","35":"tablet-align-left","36":"mobile-align-left","37":"ast-product-gallery-layout-horizontal","38":"ast-product-gallery-with-no-image","39":"ast-product-single-variable","40":"ast-product-tabs-layout-horizontal","41":"ast-qv-on-image","43":"first","44":"instock","45":"shipping-taxable","46":"purchasable","47":"product-type-variable"},"yoast_head":"<!-- This site is optimized with the Yoast SEO plugin v25.9 - https:\/\/yoast.com\/wordpress\/plugins\/seo\/ -->\n<title>Bio Cocaine for Sale - Buy Bio Cocaine Online @ Cheap Price<\/title>\n<meta name=\"description\" content=\"You can get bio cocaine for sale at our store and get it at your doorstep without any hassle. We will help you to buy Bbio cocaine online. Get Fast Delivery when you order bio cocaine online!\" \/>\n<meta name=\"robots\" content=\"index, follow, max-snippet:-1, max-image-preview:large, max-video-preview:-1\" \/>\n<link rel=\"canonical\" href=\"https:\/\/legitgrams.com\/hu\/termek\/bio-kokain-86\/\" \/>\n<meta property=\"og:locale\" content=\"hu_HU\" \/>\n<meta property=\"og:type\" content=\"article\" \/>\n<meta property=\"og:title\" content=\"Bio Cocaine for Sale - Buy Bio Cocaine Online @ Cheap Price\" \/>\n<meta property=\"og:description\" content=\"You can get bio cocaine for sale at our store and get it at your doorstep without any hassle. We will help you to buy Bbio cocaine online. Get Fast Delivery when you order bio cocaine online!\" \/>\n<meta property=\"og:url\" content=\"https:\/\/legitgrams.com\/hu\/termek\/bio-kokain-86\/\" \/>\n<meta property=\"og:site_name\" content=\"Legit Grams\" \/>\n<meta property=\"article:modified_time\" content=\"2025-01-13T09:45:18+00:00\" \/>\n<meta property=\"og:image\" content=\"https:\/\/legitgrams.com\/wp-content\/uploads\/2024\/09\/Buy-Bio-Cocaine.jpg\" \/>\n\t<meta property=\"og:image:width\" content=\"600\" \/>\n\t<meta property=\"og:image:height\" content=\"600\" \/>\n\t<meta property=\"og:image:type\" content=\"image\/jpeg\" \/>\n<meta name=\"twitter:card\" content=\"summary_large_image\" \/>\n<meta name=\"twitter:label1\" content=\"Becs\u00fclt olvas\u00e1si id\u0151\" \/>\n\t<meta name=\"twitter:data1\" content=\"3 perc\" \/>\n<script type=\"application\/ld+json\" class=\"yoast-schema-graph\">{\"@context\":\"https:\/\/schema.org\",\"@graph\":[{\"@type\":\"WebPage\",\"@id\":\"https:\/\/legitgrams.com\/product\/bio-cocaine-86\/\",\"url\":\"https:\/\/legitgrams.com\/product\/bio-cocaine-86\/\",\"name\":\"Bio Cocaine for Sale - Buy Bio Cocaine Online @ Cheap Price\",\"isPartOf\":{\"@id\":\"https:\/\/legitgrams.com\/#website\"},\"primaryImageOfPage\":{\"@id\":\"https:\/\/legitgrams.com\/product\/bio-cocaine-86\/#primaryimage\"},\"image\":{\"@id\":\"https:\/\/legitgrams.com\/product\/bio-cocaine-86\/#primaryimage\"},\"thumbnailUrl\":\"https:\/\/legitgrams.com\/wp-content\/uploads\/2024\/09\/Buy-Bio-Cocaine.jpg\",\"datePublished\":\"2024-09-22T10:16:26+00:00\",\"dateModified\":\"2025-01-13T09:45:18+00:00\",\"description\":\"You can get bio cocaine for sale at our store and get it at your doorstep without any hassle. We will help you to buy Bbio cocaine online. Get Fast Delivery when you order bio cocaine online!\",\"breadcrumb\":{\"@id\":\"https:\/\/legitgrams.com\/product\/bio-cocaine-86\/#breadcrumb\"},\"inLanguage\":\"hu\",\"potentialAction\":[{\"@type\":\"ReadAction\",\"target\":[\"https:\/\/legitgrams.com\/product\/bio-cocaine-86\/\"]}]},{\"@type\":\"ImageObject\",\"inLanguage\":\"hu\",\"@id\":\"https:\/\/legitgrams.com\/product\/bio-cocaine-86\/#primaryimage\",\"url\":\"https:\/\/legitgrams.com\/wp-content\/uploads\/2024\/09\/Buy-Bio-Cocaine.jpg\",\"contentUrl\":\"https:\/\/legitgrams.com\/wp-content\/uploads\/2024\/09\/Buy-Bio-Cocaine.jpg\",\"width\":600,\"height\":600,\"caption\":\"Bio Cocaine 86% for Sale\"},{\"@type\":\"BreadcrumbList\",\"@id\":\"https:\/\/legitgrams.com\/product\/bio-cocaine-86\/#breadcrumb\",\"itemListElement\":[{\"@type\":\"ListItem\",\"position\":1,\"name\":\"Home\",\"item\":\"https:\/\/legitgrams.com\/\"},{\"@type\":\"ListItem\",\"position\":2,\"name\":\"Shop\",\"item\":\"https:\/\/legitgrams.com\/shop\/\"},{\"@type\":\"ListItem\",\"position\":3,\"name\":\"Bio Cocaine 86%\"}]},{\"@type\":\"WebSite\",\"@id\":\"https:\/\/legitgrams.com\/#website\",\"url\":\"https:\/\/legitgrams.com\/\",\"name\":\"Legit Grams\",\"description\":\"My WordPress Blog\",\"publisher\":{\"@id\":\"https:\/\/legitgrams.com\/#organization\"},\"potentialAction\":[{\"@type\":\"SearchAction\",\"target\":{\"@type\":\"EntryPoint\",\"urlTemplate\":\"https:\/\/legitgrams.com\/?s={search_term_string}\"},\"query-input\":{\"@type\":\"PropertyValueSpecification\",\"valueRequired\":true,\"valueName\":\"search_term_string\"}}],\"inLanguage\":\"hu\"},{\"@type\":\"Organization\",\"@id\":\"https:\/\/legitgrams.com\/#organization\",\"name\":\"Legit Grams\",\"url\":\"https:\/\/legitgrams.com\/\",\"logo\":{\"@type\":\"ImageObject\",\"inLanguage\":\"hu\",\"@id\":\"https:\/\/legitgrams.com\/#\/schema\/logo\/image\/\",\"url\":\"https:\/\/legitgrams.com\/wp-content\/uploads\/2024\/09\/main-logo.png\",\"contentUrl\":\"https:\/\/legitgrams.com\/wp-content\/uploads\/2024\/09\/main-logo.png\",\"width\":270,\"height\":75,\"caption\":\"Legit Grams\"},\"image\":{\"@id\":\"https:\/\/legitgrams.com\/#\/schema\/logo\/image\/\"}}]}<\/script>\n<!-- \/ Yoast SEO plugin. -->","yoast_head_json":{"title":"Bio Cocaine elad\u00f3 - Bio Cocaine online v\u00e1s\u00e1rl\u00e1s @ Olcs\u00f3 \u00e1r","description":"\u00c1ruh\u00e1zunkban bio kokain elad\u00f3, \u00e9s mindenf\u00e9le gond n\u00e9lk\u00fcl megkaphatja a h\u00e1za t\u00e1j\u00e1n. Seg\u00edt\u00fcnk \u00d6nnek v\u00e1s\u00e1rolni Bbio kokain online. Kap gyors sz\u00e1ll\u00edt\u00e1s, ha bio kokain online rendel\u00e9se!","robots":{"index":"index","follow":"follow","max-snippet":"max-snippet:-1","max-image-preview":"max-image-preview:large","max-video-preview":"max-video-preview:-1"},"canonical":"https:\/\/legitgrams.com\/hu\/termek\/bio-kokain-86\/","og_locale":"hu_HU","og_type":"article","og_title":"Bio Cocaine for Sale - Buy Bio Cocaine Online @ Cheap Price","og_description":"You can get bio cocaine for sale at our store and get it at your doorstep without any hassle. We will help you to buy Bbio cocaine online. Get Fast Delivery when you order bio cocaine online!","og_url":"https:\/\/legitgrams.com\/hu\/termek\/bio-kokain-86\/","og_site_name":"Legit Grams","article_modified_time":"2025-01-13T09:45:18+00:00","og_image":[{"width":600,"height":600,"url":"https:\/\/legitgrams.com\/wp-content\/uploads\/2024\/09\/Buy-Bio-Cocaine.jpg","type":"image\/jpeg"}],"twitter_card":"summary_large_image","twitter_misc":{"Becs\u00fclt olvas\u00e1si id\u0151":"3 perc"},"schema":{"@context":"https:\/\/schema.org","@graph":[{"@type":"WebPage","@id":"https:\/\/legitgrams.com\/product\/bio-cocaine-86\/","url":"https:\/\/legitgrams.com\/product\/bio-cocaine-86\/","name":"Bio Cocaine elad\u00f3 - Bio Cocaine online v\u00e1s\u00e1rl\u00e1s @ Olcs\u00f3 \u00e1r","isPartOf":{"@id":"https:\/\/legitgrams.com\/#website"},"primaryImageOfPage":{"@id":"https:\/\/legitgrams.com\/product\/bio-cocaine-86\/#primaryimage"},"image":{"@id":"https:\/\/legitgrams.com\/product\/bio-cocaine-86\/#primaryimage"},"thumbnailUrl":"https:\/\/legitgrams.com\/wp-content\/uploads\/2024\/09\/Buy-Bio-Cocaine.jpg","datePublished":"2024-09-22T10:16:26+00:00","dateModified":"2025-01-13T09:45:18+00:00","description":"\u00c1ruh\u00e1zunkban bio kokain elad\u00f3, \u00e9s mindenf\u00e9le gond n\u00e9lk\u00fcl megkaphatja a h\u00e1za t\u00e1j\u00e1n. Seg\u00edt\u00fcnk \u00d6nnek v\u00e1s\u00e1rolni Bbio kokain online. Kap gyors sz\u00e1ll\u00edt\u00e1s, ha bio kokain online rendel\u00e9se!","breadcrumb":{"@id":"https:\/\/legitgrams.com\/product\/bio-cocaine-86\/#breadcrumb"},"inLanguage":"hu","potentialAction":[{"@type":"ReadAction","target":["https:\/\/legitgrams.com\/product\/bio-cocaine-86\/"]}]},{"@type":"ImageObject","inLanguage":"hu","@id":"https:\/\/legitgrams.com\/product\/bio-cocaine-86\/#primaryimage","url":"https:\/\/legitgrams.com\/wp-content\/uploads\/2024\/09\/Buy-Bio-Cocaine.jpg","contentUrl":"https:\/\/legitgrams.com\/wp-content\/uploads\/2024\/09\/Buy-Bio-Cocaine.jpg","width":600,"height":600,"caption":"Bio Cocaine 86% for Sale"},{"@type":"BreadcrumbList","@id":"https:\/\/legitgrams.com\/product\/bio-cocaine-86\/#breadcrumb","itemListElement":[{"@type":"ListItem","position":1,"name":"Home","item":"https:\/\/legitgrams.com\/"},{"@type":"ListItem","position":2,"name":"Shop","item":"https:\/\/legitgrams.com\/shop\/"},{"@type":"ListItem","position":3,"name":"Bio Cocaine 86%"}]},{"@type":"WebSite","@id":"https:\/\/legitgrams.com\/#website","url":"https:\/\/legitgrams.com\/","name":"Legit Grams","description":"Az \u00e9n WordPress blogom","publisher":{"@id":"https:\/\/legitgrams.com\/#organization"},"potentialAction":[{"@type":"SearchAction","target":{"@type":"EntryPoint","urlTemplate":"https:\/\/legitgrams.com\/?s={search_term_string}"},"query-input":{"@type":"PropertyValueSpecification","valueRequired":true,"valueName":"search_term_string"}}],"inLanguage":"hu"},{"@type":"Organization","@id":"https:\/\/legitgrams.com\/#organization","name":"Legit Grams","url":"https:\/\/legitgrams.com\/","logo":{"@type":"ImageObject","inLanguage":"hu","@id":"https:\/\/legitgrams.com\/#\/schema\/logo\/image\/","url":"https:\/\/legitgrams.com\/wp-content\/uploads\/2024\/09\/main-logo.png","contentUrl":"https:\/\/legitgrams.com\/wp-content\/uploads\/2024\/09\/main-logo.png","width":270,"height":75,"caption":"Legit Grams"},"image":{"@id":"https:\/\/legitgrams.com\/#\/schema\/logo\/image\/"}}]}},"uagb_featured_image_src":{"full":["https:\/\/legitgrams.com\/wp-content\/uploads\/2024\/09\/Buy-Bio-Cocaine.jpg",600,600,false],"thumbnail":["https:\/\/legitgrams.com\/wp-content\/uploads\/2024\/09\/Buy-Bio-Cocaine-150x150.jpg",150,150,true],"medium":["https:\/\/legitgrams.com\/wp-content\/uploads\/2024\/09\/Buy-Bio-Cocaine-300x300.jpg",300,300,true],"medium_large":["https:\/\/legitgrams.com\/wp-content\/uploads\/2024\/09\/Buy-Bio-Cocaine.jpg",600,600,false],"large":["https:\/\/legitgrams.com\/wp-content\/uploads\/2024\/09\/Buy-Bio-Cocaine.jpg",600,600,false],"1536x1536":["https:\/\/legitgrams.com\/wp-content\/uploads\/2024\/09\/Buy-Bio-Cocaine.jpg",600,600,false],"2048x2048":["https:\/\/legitgrams.com\/wp-content\/uploads\/2024\/09\/Buy-Bio-Cocaine.jpg",600,600,false],"trp-custom-language-flag":["https:\/\/legitgrams.com\/wp-content\/uploads\/2024\/09\/Buy-Bio-Cocaine-12x12.jpg",12,12,true],"woocommerce_thumbnail":["https:\/\/legitgrams.com\/wp-content\/uploads\/2024\/09\/Buy-Bio-Cocaine-300x300.jpg",300,300,true],"woocommerce_single":["https:\/\/legitgrams.com\/wp-content\/uploads\/2024\/09\/Buy-Bio-Cocaine.jpg",600,600,false],"woocommerce_gallery_thumbnail":["https:\/\/legitgrams.com\/wp-content\/uploads\/2024\/09\/Buy-Bio-Cocaine-100x100.jpg",100,100,true]},"uagb_author_info":{"display_name":"cokeblog18","author_link":"https:\/\/legitgrams.com\/hu\/author\/"},"uagb_comment_info":0,"uagb_excerpt":"For Sale: 86% Bio-Cocaine Cocaine is a very strong stimulant that is used to give people a distinctive and seductive mental structure. Bio Cocaine makes it easier for the human mind to perceive everyday occurrences. Bio cocaine affects the central nervous system directly, much like other stimulants do. The use of this stimulant improves some&hellip;","_links":{"self":[{"href":"https:\/\/legitgrams.com\/hu\/wp-json\/wp\/v2\/product\/4311","targetHints":{"allow":["GET"]}}],"collection":[{"href":"https:\/\/legitgrams.com\/hu\/wp-json\/wp\/v2\/product"}],"about":[{"href":"https:\/\/legitgrams.com\/hu\/wp-json\/wp\/v2\/types\/product"}],"replies":[{"embeddable":true,"href":"https:\/\/legitgrams.com\/hu\/wp-json\/wp\/v2\/comments?post=4311"}],"wp:featuredmedia":[{"embeddable":true,"href":"https:\/\/legitgrams.com\/hu\/wp-json\/wp\/v2\/media\/5328"}],"wp:attachment":[{"href":"https:\/\/legitgrams.com\/hu\/wp-json\/wp\/v2\/media?parent=4311"}],"wp:term":[{"taxonomy":"product_brand","embeddable":true,"href":"https:\/\/legitgrams.com\/hu\/wp-json\/wp\/v2\/product_brand?post=4311"},{"taxonomy":"product_cat","embeddable":true,"href":"https:\/\/legitgrams.com\/hu\/wp-json\/wp\/v2\/product_cat?post=4311"},{"taxonomy":"product_tag","embeddable":true,"href":"https:\/\/legitgrams.com\/hu\/wp-json\/wp\/v2\/product_tag?post=4311"}],"curies":[{"name":"wp","href":"https:\/\/api.w.org\/{rel}","templated":true}]}}