{"id":4312,"date":"2024-09-22T10:14:12","date_gmt":"2024-09-22T10:14:12","guid":{"rendered":"https:\/\/legitgrams.com\/?post_type=product&#038;p=4312"},"modified":"2026-04-20T00:11:37","modified_gmt":"2026-04-20T00:11:37","slug":"tiszta-mdma-kristalyok","status":"publish","type":"product","link":"https:\/\/legitgrams.com\/hu\/termek\/tiszta-mdma-kristalyok\/","title":{"rendered":"V\u00e1s\u00e1roljon tiszta MDMA krist\u00e1lyokat online"},"content":{"rendered":"<h2>V\u00e1s\u00e1roljon tiszta MDMA krist\u00e1lyokat online<\/h2>\n<p>V\u00e1s\u00e1rl\u00e1s <a href=\"https:\/\/en.wikipedia.org\/wiki\/MDMA\">MDMA<\/a> online (t\u00e1rgyalt 3,4-metil\u00e9ndioxi-metamfetamin) egy amfetamin \u00e9s metil\u00e9ndioxifenetilamin helyettes\u00edt\u0151nek min\u0151s\u00edtett pszichoakt\u00edv anyag. Els\u0151sorban euforikus \u00e9s szimpatikus hat\u00e1sai miatt haszn\u00e1lj\u00e1k. Gy\u00f3gyszer\u00e9szet: V\u00e1s\u00e1rl\u00e1s MDMA Pure Powder Az MDMA \u00fajrafelv\u00e9tel-g\u00e1tl\u00f3k\u00e9nt \u00e9s szerotonin-, noradrenalin- \u00e9s dopamin-felszabad\u00edt\u00f3k\u00e9nt m\u0171k\u00f6dik.<\/p>\n<h3>V\u00e1s\u00e1rl\u00e1s MDMA por online<\/h3>\n<p class=\"translation-block\">Az \u201eEcstasy\u201d n\u00e9v (r\u00f6vid\u00edtve \u201eE\u201d, \u201eX\u201d vagy \u201eXTC\u201d), amelyet \u00e1ltal\u00e1ban az online k\u00edn\u00e1lt MDMA-ra utalnak, \u00e1ltal\u00e1ban a tabletta form\u00e1j\u00e1t jel\u00f6li, b\u00e1r utalhat a hamis\u00edt\u00e1s lehet\u0151s\u00e9g\u00e9re is. kieg\u00e9sz\u00edt\u00e9s. Az Egyes\u00fclt Kir\u00e1lys\u00e1gban a \u201eMandy for sale\u201d kifejez\u00e9s, az Egyes\u00fclt \u00c1llamokban pedig a \u201eMolly for sale\u201d kifejez\u00e9s az MDMA-ra utal krist\u00e1lyos por form\u00e1j\u00e1ban, amely nagyr\u00e9szt mentes a hamis adal\u00e9kokt\u00f3l. N\u00e9ha a \u201eMolly\u201d kifejez\u00e9s tiszta MDMA vagy metilon v\u00e1s\u00e1rl\u00e1s\u00e1ra, mefedron, val\u00f3di MDMA por, MDPV online v\u00e1s\u00e1rl\u00e1s\u00e1ra vagy a f\u00fcrd\u0151s\u00f3kk\u00e9nt ismert farmakol\u00f3giai anyagok b\u00e1rmely m\u00e1s oszt\u00e1ly\u00e1ra utal.[14] <a href=\"https:\/\/legitgrams.com\/hu\/\" target=\"_self\">LegitGrams<\/a><\/p>\n<p>V\u00e1s\u00e1rl\u00e1s tiszta <a href=\"https:\/\/legitgrams.com\/hu\/termek\/tiszta-mdma-kristalyok\/\">MDMA krist\u00e1lyok<\/a> online: v\u00e1s\u00e1rl\u00e1s tiszta MDMA krist\u00e1lyok, v\u00e1s\u00e1rl\u00e1s tiszta MDMA krist\u00e1lyok az USA-ban, v\u00e1s\u00e1rl\u00e1s tiszta MDMA krist\u00e1lyok online USA Hol lehet v\u00e1s\u00e1rolni tiszta MDMA krist\u00e1lyok Online, Hol lehet v\u00e1s\u00e1rolni tiszta MDMA krist\u00e1lyok az USA-ban, Kanada, Egyes\u00fclt Kir\u00e1lys\u00e1g, V\u00e1s\u00e1rl\u00e1s, Online, Sz\u00e1ll\u00edt\u00f3k, biztons\u00e1gos sz\u00e1ll\u00edt\u00e1s, Hol lehet v\u00e1s\u00e1rolni tiszta MDMA krist\u00e1lyok, Pure MDMA krist\u00e1lyok elad\u00f3, Pure MDMA krist\u00e1lyok elad\u00f3 Near Me, Buy Pure MDMA Crystals Online, Vannak m\u00e9g tiszta MDMA krist\u00e1lyok rendelkez\u00e9sre \u00e1llnak. Leg\u00e1lis a tiszta MDMA krist\u00e1lyok v\u00e1s\u00e1rl\u00e1sa az Egyes\u00fclt \u00c1llamokban? Hogyan rendelhetek tiszta MDMA krist\u00e1lyokat?<\/p>","protected":false},"excerpt":{"rendered":"<p>Purchase pure MDMA Crystals online Purchase MDMA online (negotiated 3,4-methylenedioxy-methamphetamine) is a psychoactive substance classified as an amphetamine and methylenedioxyphenethylamine replacement. It is mainly utilized for its euphoric and sympathetic effects. Pharmacy: Purchase MDMA Pure Powder MDMA functions as a reuptake inhibitor and a serotonin, norepinephrine, and dopamine releasing agent. Purchase MDMA powder online The &hellip;<\/p>\n<p class=\"read-more\"> <a class=\"\" href=\"https:\/\/legitgrams.com\/hu\/termek\/tiszta-mdma-kristalyok\/\"> <span class=\"screen-reader-text\">V\u00e1s\u00e1roljon tiszta MDMA krist\u00e1lyokat online<\/span> Olvass tov\u00e1bb \"<\/a><\/p>","protected":false},"featured_media":5300,"comment_status":"open","ping_status":"closed","template":"","meta":{"_uag_custom_page_level_css":"","site-sidebar-layout":"default","site-content-layout":"default","ast-global-header-display":"","ast-main-header-display":"","ast-hfb-above-header-display":"","ast-hfb-below-header-display":"","ast-hfb-mobile-header-display":"","site-post-title":"","ast-breadcrumbs-content":"","ast-featured-img":"","footer-sml-layout":"","theme-transparent-header-meta":"default","adv-header-id-meta":"","stick-header-meta":"default","header-above-stick-meta":"","header-main-stick-meta":"","header-below-stick-meta":"","_joinchat":[]},"product_brand":[],"product_cat":[600],"product_tag":[756,746,617,737,753,750,745,742,755,736,760,748,743,758,759,757,739,738,749,740,754,751,752,625,744,747,741],"class_list":{"0":"post-4312","1":"product","2":"type-product","3":"status-publish","4":"has-post-thumbnail","6":"product_cat-research-chemicals-and-bath-salt","7":"product_tag-best-cheap-price-pure-mdma-crystals","8":"product_tag-best-place-to-buy-pure-mdma-crystals","9":"product_tag-bulk-online","10":"product_tag-buy-pure-mdma-crystals","11":"product_tag-cheap-pure-mdma-crystals","12":"product_tag-high-quality-pure-mdma-crystals","13":"product_tag-how-to-buy-pure-mdma-crystals","14":"product_tag-order-pure-mdma-crystals","15":"product_tag-purcharse-pure-mdma-crystals","16":"product_tag-pure-mdma-crystals","17":"product_tag-pure-mdma-crystals-for-sale","18":"product_tag-pure-mdma-crystals-legally","19":"product_tag-pure-mdma-crystals-online","20":"product_tag-pure-mdma-crystals-use","21":"product_tag-pure-mdma-crystals-wiki","22":"product_tag-pure-mdma-crystals-worldwide","23":"product_tag-pure-mdma-crystalsfor-sale","24":"product_tag-pure-mdma-crystalsonline","25":"product_tag-pure-mdma-crystalsprice","26":"product_tag-pure-mdma-crystalspure-mdma-crystalssupplier","27":"product_tag-pure-mdma-crystalss","28":"product_tag-pure-mdma-crystalsstore","29":"product_tag-shop-pure-mdma-crystals","30":"product_tag-top-quality","31":"product_tag-where-to-buy-pure-mdma-crystals","32":"product_tag-where-to-order-pure-mdma-crystals","33":"product_tag-wholesale-pure-mdma-crystals","34":"desktop-align-left","35":"tablet-align-left","36":"mobile-align-left","37":"ast-product-gallery-layout-horizontal","38":"ast-product-gallery-with-no-image","39":"ast-product-single-variable","40":"ast-product-tabs-layout-horizontal","41":"ast-qv-on-image","43":"first","44":"instock","45":"shipping-taxable","46":"purchasable","47":"product-type-variable"},"yoast_head":"<!-- This site is optimized with the Yoast SEO plugin v25.9 - https:\/\/yoast.com\/wordpress\/plugins\/seo\/ -->\n<title>MDMA Crystals for Sale - Buy MDMA Crystals Online | LegitGrams<\/title>\n<meta name=\"description\" content=\"Explore our online store for pure mdma crystals for sale, offering high-quality mdma crystals. Buy mdma crystals online securely and embark on your research journey with confidence. Place your order now!\" \/>\n<meta name=\"robots\" content=\"index, follow, max-snippet:-1, max-image-preview:large, max-video-preview:-1\" \/>\n<link rel=\"canonical\" href=\"https:\/\/legitgrams.com\/hu\/termek\/tiszta-mdma-kristalyok\/\" \/>\n<meta property=\"og:locale\" content=\"hu_HU\" \/>\n<meta property=\"og:type\" content=\"article\" \/>\n<meta property=\"og:title\" content=\"MDMA Crystals for Sale - Buy MDMA Crystals Online | LegitGrams\" \/>\n<meta property=\"og:description\" content=\"Explore our online store for pure mdma crystals for sale, offering high-quality mdma crystals. Buy mdma crystals online securely and embark on your research journey with confidence. Place your order now!\" \/>\n<meta property=\"og:url\" content=\"https:\/\/legitgrams.com\/hu\/termek\/tiszta-mdma-kristalyok\/\" \/>\n<meta property=\"og:site_name\" content=\"Legit Grams\" \/>\n<meta property=\"article:modified_time\" content=\"2026-04-20T00:11:37+00:00\" \/>\n<meta property=\"og:image\" content=\"https:\/\/legitgrams.com\/wp-content\/uploads\/2024\/09\/MDMA-crystal.jpg\" \/>\n\t<meta property=\"og:image:width\" content=\"600\" \/>\n\t<meta property=\"og:image:height\" content=\"399\" \/>\n\t<meta property=\"og:image:type\" content=\"image\/jpeg\" \/>\n<meta name=\"twitter:card\" content=\"summary_large_image\" \/>\n<meta name=\"twitter:label1\" content=\"Becs\u00fclt olvas\u00e1si id\u0151\" \/>\n\t<meta name=\"twitter:data1\" content=\"2 perc\" \/>\n<script type=\"application\/ld+json\" class=\"yoast-schema-graph\">{\"@context\":\"https:\/\/schema.org\",\"@graph\":[{\"@type\":\"WebPage\",\"@id\":\"https:\/\/legitgrams.com\/product\/pure-mdma-crystals\/\",\"url\":\"https:\/\/legitgrams.com\/product\/pure-mdma-crystals\/\",\"name\":\"MDMA Crystals for Sale - Buy MDMA Crystals Online | LegitGrams\",\"isPartOf\":{\"@id\":\"https:\/\/legitgrams.com\/#website\"},\"primaryImageOfPage\":{\"@id\":\"https:\/\/legitgrams.com\/product\/pure-mdma-crystals\/#primaryimage\"},\"image\":{\"@id\":\"https:\/\/legitgrams.com\/product\/pure-mdma-crystals\/#primaryimage\"},\"thumbnailUrl\":\"https:\/\/legitgrams.com\/wp-content\/uploads\/2024\/09\/MDMA-crystal.jpg\",\"datePublished\":\"2024-09-22T10:14:12+00:00\",\"dateModified\":\"2026-04-20T00:11:37+00:00\",\"description\":\"Explore our online store for pure mdma crystals for sale, offering high-quality mdma crystals. Buy mdma crystals online securely and embark on your research journey with confidence. Place your order now!\",\"breadcrumb\":{\"@id\":\"https:\/\/legitgrams.com\/product\/pure-mdma-crystals\/#breadcrumb\"},\"inLanguage\":\"hu\",\"potentialAction\":[{\"@type\":\"ReadAction\",\"target\":[\"https:\/\/legitgrams.com\/product\/pure-mdma-crystals\/\"]}]},{\"@type\":\"ImageObject\",\"inLanguage\":\"hu\",\"@id\":\"https:\/\/legitgrams.com\/product\/pure-mdma-crystals\/#primaryimage\",\"url\":\"https:\/\/legitgrams.com\/wp-content\/uploads\/2024\/09\/MDMA-crystal.jpg\",\"contentUrl\":\"https:\/\/legitgrams.com\/wp-content\/uploads\/2024\/09\/MDMA-crystal.jpg\",\"width\":600,\"height\":399,\"caption\":\"pure MDMA Crystals for Sale\"},{\"@type\":\"BreadcrumbList\",\"@id\":\"https:\/\/legitgrams.com\/product\/pure-mdma-crystals\/#breadcrumb\",\"itemListElement\":[{\"@type\":\"ListItem\",\"position\":1,\"name\":\"Home\",\"item\":\"https:\/\/legitgrams.com\/\"},{\"@type\":\"ListItem\",\"position\":2,\"name\":\"Shop\",\"item\":\"https:\/\/legitgrams.com\/shop\/\"},{\"@type\":\"ListItem\",\"position\":3,\"name\":\"Buy Pure MDMA Crystals Online\"}]},{\"@type\":\"WebSite\",\"@id\":\"https:\/\/legitgrams.com\/#website\",\"url\":\"https:\/\/legitgrams.com\/\",\"name\":\"Legit Grams\",\"description\":\"My WordPress Blog\",\"publisher\":{\"@id\":\"https:\/\/legitgrams.com\/#organization\"},\"potentialAction\":[{\"@type\":\"SearchAction\",\"target\":{\"@type\":\"EntryPoint\",\"urlTemplate\":\"https:\/\/legitgrams.com\/?s={search_term_string}\"},\"query-input\":{\"@type\":\"PropertyValueSpecification\",\"valueRequired\":true,\"valueName\":\"search_term_string\"}}],\"inLanguage\":\"hu\"},{\"@type\":\"Organization\",\"@id\":\"https:\/\/legitgrams.com\/#organization\",\"name\":\"Legit Grams\",\"url\":\"https:\/\/legitgrams.com\/\",\"logo\":{\"@type\":\"ImageObject\",\"inLanguage\":\"hu\",\"@id\":\"https:\/\/legitgrams.com\/#\/schema\/logo\/image\/\",\"url\":\"https:\/\/legitgrams.com\/wp-content\/uploads\/2024\/09\/main-logo.png\",\"contentUrl\":\"https:\/\/legitgrams.com\/wp-content\/uploads\/2024\/09\/main-logo.png\",\"width\":270,\"height\":75,\"caption\":\"Legit Grams\"},\"image\":{\"@id\":\"https:\/\/legitgrams.com\/#\/schema\/logo\/image\/\"}}]}<\/script>\n<!-- \/ Yoast SEO plugin. -->","yoast_head_json":{"title":"MDMA Crystals elad\u00f3 - V\u00e1s\u00e1rl\u00e1s MDMA Crystals Online | LegitGrams","description":"Fedezze fel online \u00e1ruh\u00e1zunkat, ahol kiv\u00e1l\u00f3 min\u0151s\u00e9g\u0171 mdma krist\u00e1lyokat k\u00edn\u00e1lunk. V\u00e1s\u00e1roljon mdma krist\u00e1lyokat online biztons\u00e1gosan, \u00e9s induljon el kutat\u00e1si \u00fatj\u00e1ra bizalommal. Adja le rendel\u00e9s\u00e9t most!","robots":{"index":"index","follow":"follow","max-snippet":"max-snippet:-1","max-image-preview":"max-image-preview:large","max-video-preview":"max-video-preview:-1"},"canonical":"https:\/\/legitgrams.com\/hu\/termek\/tiszta-mdma-kristalyok\/","og_locale":"hu_HU","og_type":"article","og_title":"MDMA Crystals for Sale - Buy MDMA Crystals Online | LegitGrams","og_description":"Explore our online store for pure mdma crystals for sale, offering high-quality mdma crystals. Buy mdma crystals online securely and embark on your research journey with confidence. Place your order now!","og_url":"https:\/\/legitgrams.com\/hu\/termek\/tiszta-mdma-kristalyok\/","og_site_name":"Legit Grams","article_modified_time":"2026-04-20T00:11:37+00:00","og_image":[{"width":600,"height":399,"url":"https:\/\/legitgrams.com\/wp-content\/uploads\/2024\/09\/MDMA-crystal.jpg","type":"image\/jpeg"}],"twitter_card":"summary_large_image","twitter_misc":{"Becs\u00fclt olvas\u00e1si id\u0151":"2 perc"},"schema":{"@context":"https:\/\/schema.org","@graph":[{"@type":"WebPage","@id":"https:\/\/legitgrams.com\/product\/pure-mdma-crystals\/","url":"https:\/\/legitgrams.com\/product\/pure-mdma-crystals\/","name":"MDMA Crystals elad\u00f3 - V\u00e1s\u00e1rl\u00e1s MDMA Crystals Online | LegitGrams","isPartOf":{"@id":"https:\/\/legitgrams.com\/#website"},"primaryImageOfPage":{"@id":"https:\/\/legitgrams.com\/product\/pure-mdma-crystals\/#primaryimage"},"image":{"@id":"https:\/\/legitgrams.com\/product\/pure-mdma-crystals\/#primaryimage"},"thumbnailUrl":"https:\/\/legitgrams.com\/wp-content\/uploads\/2024\/09\/MDMA-crystal.jpg","datePublished":"2024-09-22T10:14:12+00:00","dateModified":"2026-04-20T00:11:37+00:00","description":"Fedezze fel online \u00e1ruh\u00e1zunkat, ahol kiv\u00e1l\u00f3 min\u0151s\u00e9g\u0171 mdma krist\u00e1lyokat k\u00edn\u00e1lunk. V\u00e1s\u00e1roljon mdma krist\u00e1lyokat online biztons\u00e1gosan, \u00e9s induljon el kutat\u00e1si \u00fatj\u00e1ra bizalommal. Adja le rendel\u00e9s\u00e9t most!","breadcrumb":{"@id":"https:\/\/legitgrams.com\/product\/pure-mdma-crystals\/#breadcrumb"},"inLanguage":"hu","potentialAction":[{"@type":"ReadAction","target":["https:\/\/legitgrams.com\/product\/pure-mdma-crystals\/"]}]},{"@type":"ImageObject","inLanguage":"hu","@id":"https:\/\/legitgrams.com\/product\/pure-mdma-crystals\/#primaryimage","url":"https:\/\/legitgrams.com\/wp-content\/uploads\/2024\/09\/MDMA-crystal.jpg","contentUrl":"https:\/\/legitgrams.com\/wp-content\/uploads\/2024\/09\/MDMA-crystal.jpg","width":600,"height":399,"caption":"pure MDMA Crystals for Sale"},{"@type":"BreadcrumbList","@id":"https:\/\/legitgrams.com\/product\/pure-mdma-crystals\/#breadcrumb","itemListElement":[{"@type":"ListItem","position":1,"name":"Home","item":"https:\/\/legitgrams.com\/"},{"@type":"ListItem","position":2,"name":"Shop","item":"https:\/\/legitgrams.com\/shop\/"},{"@type":"ListItem","position":3,"name":"Buy Pure MDMA Crystals Online"}]},{"@type":"WebSite","@id":"https:\/\/legitgrams.com\/#website","url":"https:\/\/legitgrams.com\/","name":"Legit Grams","description":"Az \u00e9n WordPress blogom","publisher":{"@id":"https:\/\/legitgrams.com\/#organization"},"potentialAction":[{"@type":"SearchAction","target":{"@type":"EntryPoint","urlTemplate":"https:\/\/legitgrams.com\/?s={search_term_string}"},"query-input":{"@type":"PropertyValueSpecification","valueRequired":true,"valueName":"search_term_string"}}],"inLanguage":"hu"},{"@type":"Organization","@id":"https:\/\/legitgrams.com\/#organization","name":"Legit Grams","url":"https:\/\/legitgrams.com\/","logo":{"@type":"ImageObject","inLanguage":"hu","@id":"https:\/\/legitgrams.com\/#\/schema\/logo\/image\/","url":"https:\/\/legitgrams.com\/wp-content\/uploads\/2024\/09\/main-logo.png","contentUrl":"https:\/\/legitgrams.com\/wp-content\/uploads\/2024\/09\/main-logo.png","width":270,"height":75,"caption":"Legit Grams"},"image":{"@id":"https:\/\/legitgrams.com\/#\/schema\/logo\/image\/"}}]}},"uagb_featured_image_src":{"full":["https:\/\/legitgrams.com\/wp-content\/uploads\/2024\/09\/MDMA-crystal.jpg",600,399,false],"thumbnail":["https:\/\/legitgrams.com\/wp-content\/uploads\/2024\/09\/MDMA-crystal-150x150.jpg",150,150,true],"medium":["https:\/\/legitgrams.com\/wp-content\/uploads\/2024\/09\/MDMA-crystal-300x200.jpg",300,200,true],"medium_large":["https:\/\/legitgrams.com\/wp-content\/uploads\/2024\/09\/MDMA-crystal.jpg",600,399,false],"large":["https:\/\/legitgrams.com\/wp-content\/uploads\/2024\/09\/MDMA-crystal.jpg",600,399,false],"1536x1536":["https:\/\/legitgrams.com\/wp-content\/uploads\/2024\/09\/MDMA-crystal.jpg",600,399,false],"2048x2048":["https:\/\/legitgrams.com\/wp-content\/uploads\/2024\/09\/MDMA-crystal.jpg",600,399,false],"trp-custom-language-flag":["https:\/\/legitgrams.com\/wp-content\/uploads\/2024\/09\/MDMA-crystal-18x12.jpg",18,12,true],"woocommerce_thumbnail":["https:\/\/legitgrams.com\/wp-content\/uploads\/2024\/09\/MDMA-crystal-300x300.jpg",300,300,true],"woocommerce_single":["https:\/\/legitgrams.com\/wp-content\/uploads\/2024\/09\/MDMA-crystal.jpg",600,399,false],"woocommerce_gallery_thumbnail":["https:\/\/legitgrams.com\/wp-content\/uploads\/2024\/09\/MDMA-crystal-100x100.jpg",100,100,true]},"uagb_author_info":{"display_name":"cokeblog18","author_link":"https:\/\/legitgrams.com\/hu\/author\/"},"uagb_comment_info":1,"uagb_excerpt":"Purchase pure MDMA Crystals online Purchase MDMA online (negotiated 3,4-methylenedioxy-methamphetamine) is a psychoactive substance classified as an amphetamine and methylenedioxyphenethylamine replacement. It is mainly utilized for its euphoric and sympathetic effects. Pharmacy: Purchase MDMA Pure Powder MDMA functions as a reuptake inhibitor and a serotonin, norepinephrine, and dopamine releasing agent. Purchase MDMA powder online The&hellip;","_links":{"self":[{"href":"https:\/\/legitgrams.com\/hu\/wp-json\/wp\/v2\/product\/4312","targetHints":{"allow":["GET"]}}],"collection":[{"href":"https:\/\/legitgrams.com\/hu\/wp-json\/wp\/v2\/product"}],"about":[{"href":"https:\/\/legitgrams.com\/hu\/wp-json\/wp\/v2\/types\/product"}],"replies":[{"embeddable":true,"href":"https:\/\/legitgrams.com\/hu\/wp-json\/wp\/v2\/comments?post=4312"}],"wp:featuredmedia":[{"embeddable":true,"href":"https:\/\/legitgrams.com\/hu\/wp-json\/wp\/v2\/media\/5300"}],"wp:attachment":[{"href":"https:\/\/legitgrams.com\/hu\/wp-json\/wp\/v2\/media?parent=4312"}],"wp:term":[{"taxonomy":"product_brand","embeddable":true,"href":"https:\/\/legitgrams.com\/hu\/wp-json\/wp\/v2\/product_brand?post=4312"},{"taxonomy":"product_cat","embeddable":true,"href":"https:\/\/legitgrams.com\/hu\/wp-json\/wp\/v2\/product_cat?post=4312"},{"taxonomy":"product_tag","embeddable":true,"href":"https:\/\/legitgrams.com\/hu\/wp-json\/wp\/v2\/product_tag?post=4312"}],"curies":[{"name":"wp","href":"https:\/\/api.w.org\/{rel}","templated":true}]}}