{"id":5354,"date":"2024-09-23T21:54:39","date_gmt":"2024-09-23T21:54:39","guid":{"rendered":"https:\/\/legitgrams.com\/?post_type=product&#038;p=5354"},"modified":"2026-02-26T12:19:46","modified_gmt":"2026-02-26T12:19:46","slug":"buy-gelato-shatter-online","status":"publish","type":"product","link":"https:\/\/legitgrams.com\/hu\/termek\/buy-gelato-shatter-online\/","title":{"rendered":"Buy Gelato Shatter Online"},"content":{"rendered":"<h2>V\u00e1s\u00e1rolja meg a Gelato Shattert online a fels\u0151 polcr\u00f3l<\/h2>\n<p>Gelat\u00f3t n\u00e9ha \u201eLarry Birdnek\u201d h\u00edvj\u00e1k. <a href=\"https:\/\/legitgrams.com\/hu\/termek\/buy-gelato-shatter-online\/\">Gelato<\/a> egy hibrid t\u00f6rzs, amelyet a Thin Mint Girl Scout Cake \u00e9s az egyre n\u00e9pszer\u0171bb Sunset Sherbert kombin\u00e1l\u00e1s\u00e1val hoztak l\u00e9tre. Enyhe indica dominanci\u00e1ja van. Elragad\u00f3 illata m\u00e9g a legig\u00e9nyesebb felhaszn\u00e1l\u00f3t is kiel\u00e9g\u00edti. Elragad\u00f3, szinte s\u00fctem\u00e9nyszer\u0171 illata van, levendula \u00e9s friss \u00e1fonya \u00e1rnyalataival. Finom \u00edze mellett a gelato er\u0151s euf\u00f3rikus hat\u00e1s\u00e1r\u00f3l is h\u00edres. Ez a fajta jelent\u0151s agyi lend\u00fcletet biztos\u00edt a doh\u00e1nyz\u00e1s ut\u00e1ni perceken bel\u00fcl, ez\u00e9rt a kezd\u0151knek \u00f3vatosan kell elj\u00e1rniuk. Ahelyett, hogy a felhaszn\u00e1l\u00f3t mozdulatlann\u00e1 tenn\u00e9 vagy a kanap\u00e9ra korl\u00e1tozn\u00e1, ez az er\u0151teljes agym\u0171k\u00f6d\u00e9s koncentr\u00e1lt energi\u00e1ra \u00e9s rem\u00e9nytelibb gondolkod\u00e1sra \u00f6szt\u00f6n\u00f6z. Ahogy ez a felfriss\u00fcl\u00e9s fokozatosan er\u0151s\u00f6dik, a test v\u00e9g\u00fcl teljesen megnyugtatja a felhaszn\u00e1l\u00f3t az\u00e1ltal, hogy megnyugszik. Er\u0151s, de kiegyens\u00falyozott hat\u00e1sai miatt a gelato kiv\u00e1l\u00f3 t\u00f6rzs k\u00fcl\u00f6nf\u00e9le \u00e1llapotok kezel\u00e9s\u00e9re, bele\u00e9rtve a kr\u00f3nikus f\u00e1radts\u00e1got, az izomg\u00f6rcs\u00f6ket, a migr\u00e9nes fejf\u00e1j\u00e1st \u00e9s a kr\u00f3nikus gyullad\u00e1ssal \u00f6sszef\u00fcgg\u0151 kellemetlens\u00e9geket. <a href=\"https:\/\/legitgrams.com\/hu\/\">LegitGrams<\/a><\/p>\n<p>Rendeljen Gelato Shattert a fels\u0151 polcr\u00f3l, v\u00e1s\u00e1roljon <a href=\"https:\/\/en.wikipedia.org\/wiki\/Gelato\">Gelato<\/a> Shatter az USA-ban, Gelato Shatter v\u00e1s\u00e1rl\u00e1s online az USA-ban, Hol kaphat\u00f3 Gelato Shatter, Gelato Shatter elad\u00f3, Gelato Shatter elad\u00f3 a k\u00f6zelemben, Hol kaphat\u00f3 Gelato Shatter online, Hol kaphat\u00f3 Gelato Shatter online, Gelato Shatter v\u00e1s\u00e1rl\u00e1s online, Besz\u00e1ll\u00edt\u00f3k, biztons\u00e1gos sz\u00e1ll\u00edt\u00e1s, USA, Kanada, Egyes\u00fclt Kir\u00e1lys\u00e1g A Gelato Shatter tov\u00e1bbra is el\u00e9rhet\u0151. Enged\u00e9lyezi-e az Egyes\u00fclt \u00c1llamok a zselatincsepp \u00e1rus\u00edt\u00e1s\u00e1t? Mit tehetek rendel\u00e9st leadni?<\/p>","protected":false},"excerpt":{"rendered":"<p>Purchase Gelato Shatter Online at Top Shelf Gelato Sometimes called &#8220;Larry Bird,&#8221; Gelato is a hybrid strain that was created by combining the Thin Mint Girl Scout Cake with the increasingly popular Sunset Sherbert. It has a slight indica dominance. Its delightful aroma will gratify even the most discriminating user. It has a delightful, almost &hellip;<\/p>\n<p class=\"read-more\"> <a class=\"\" href=\"https:\/\/legitgrams.com\/hu\/termek\/buy-gelato-shatter-online\/\"> <span class=\"screen-reader-text\">Buy Gelato Shatter Online<\/span> Olvass tov\u00e1bb \"<\/a><\/p>","protected":false},"featured_media":5355,"comment_status":"open","ping_status":"closed","template":"","meta":{"_uag_custom_page_level_css":"","site-sidebar-layout":"default","site-content-layout":"default","ast-global-header-display":"","ast-main-header-display":"","ast-hfb-above-header-display":"","ast-hfb-below-header-display":"","ast-hfb-mobile-header-display":"","site-post-title":"","ast-breadcrumbs-content":"","ast-featured-img":"","footer-sml-layout":"","theme-transparent-header-meta":"default","adv-header-id-meta":"","stick-header-meta":"default","header-above-stick-meta":"","header-main-stick-meta":"","header-below-stick-meta":"","_joinchat":[]},"product_brand":[],"product_cat":[604],"product_tag":[656,646,617,637,653,636,660,648,643,658,659,657,639,640,638,649,654,651,650,645,642,655,652,625,644,647,641],"class_list":{"0":"post-5354","1":"product","2":"type-product","3":"status-publish","4":"has-post-thumbnail","6":"product_cat-shatter","7":"product_tag-best-cheap-price-gelato-shatter-top-shelf","8":"product_tag-best-place-to-buy-gelato-shatter-top-shelf","9":"product_tag-bulk-online","10":"product_tag-buy-gelato-shatter-top-shelf","11":"product_tag-cheap-gelato-shatter-top-shelf","12":"product_tag-gelato-shatter-top-shelf","13":"product_tag-gelato-shatter-top-shelf-for-sale","14":"product_tag-gelato-shatter-top-shelf-legally","15":"product_tag-gelato-shatter-top-shelf-online","16":"product_tag-gelato-shatter-top-shelf-use","17":"product_tag-gelato-shatter-top-shelf-wiki","18":"product_tag-gelato-shatter-top-shelf-worldwide","19":"product_tag-gelato-shatter-top-shelffor-sale","20":"product_tag-gelato-shatter-top-shelfgelato-shatter-top-shelfsupplier","21":"product_tag-gelato-shatter-top-shelfonline","22":"product_tag-gelato-shatter-top-shelfprice","23":"product_tag-gelato-shatter-top-shelfs","24":"product_tag-gelato-shatter-top-shelfstore","25":"product_tag-high-quality-gelato-shatter-top-shelf","26":"product_tag-how-to-buy-gelato-shatter-top-shelf","27":"product_tag-order-gelato-shatter-top-shelf","28":"product_tag-purcharse-gelato-shatter-top-shelf","29":"product_tag-shop-gelato-shatter-top-shelf","30":"product_tag-top-quality","31":"product_tag-where-to-buy-gelato-shatter-top-shelf","32":"product_tag-where-to-order-gelato-shatter-top-shelf","33":"product_tag-wholesale-gelato-shatter-top-shelf","34":"desktop-align-left","35":"tablet-align-left","36":"mobile-align-left","37":"ast-product-gallery-layout-horizontal","38":"ast-product-gallery-with-no-image","39":"ast-product-single-variable","40":"ast-product-tabs-layout-horizontal","41":"ast-qv-on-image","43":"first","44":"instock","45":"shipping-taxable","46":"purchasable","47":"product-type-variable"},"yoast_head":"<!-- This site is optimized with the Yoast SEO plugin v25.9 - https:\/\/yoast.com\/wordpress\/plugins\/seo\/ -->\n<title>Gelato Shatter for Sale - Order Gelato Shatter Online | LegitGrams<\/title>\n<meta name=\"description\" content=\"Our Legitgrams online store has high-quality Gelato Shatter for sale. If you are willing to buy Gelato Shatter online, then let us know. We will complete your requirements soon!\" \/>\n<meta name=\"robots\" content=\"index, follow, max-snippet:-1, max-image-preview:large, max-video-preview:-1\" \/>\n<link rel=\"canonical\" href=\"https:\/\/legitgrams.com\/hu\/termek\/buy-gelato-shatter-online\/\" \/>\n<meta property=\"og:locale\" content=\"hu_HU\" \/>\n<meta property=\"og:type\" content=\"article\" \/>\n<meta property=\"og:title\" content=\"Gelato Shatter for Sale - Order Gelato Shatter Online | LegitGrams\" \/>\n<meta property=\"og:description\" content=\"Our Legitgrams online store has high-quality Gelato Shatter for sale. If you are willing to buy Gelato Shatter online, then let us know. We will complete your requirements soon!\" \/>\n<meta property=\"og:url\" content=\"https:\/\/legitgrams.com\/hu\/termek\/buy-gelato-shatter-online\/\" \/>\n<meta property=\"og:site_name\" content=\"Legit Grams\" \/>\n<meta property=\"article:modified_time\" content=\"2026-02-26T12:19:46+00:00\" \/>\n<meta property=\"og:image\" content=\"https:\/\/legitgrams.com\/wp-content\/uploads\/2024\/09\/Buy-Gelato-Shatter.jpg\" \/>\n\t<meta property=\"og:image:width\" content=\"600\" \/>\n\t<meta property=\"og:image:height\" content=\"600\" \/>\n\t<meta property=\"og:image:type\" content=\"image\/jpeg\" \/>\n<meta name=\"twitter:card\" content=\"summary_large_image\" \/>\n<meta name=\"twitter:label1\" content=\"Becs\u00fclt olvas\u00e1si id\u0151\" \/>\n\t<meta name=\"twitter:data1\" content=\"2 perc\" \/>\n<script type=\"application\/ld+json\" class=\"yoast-schema-graph\">{\"@context\":\"https:\/\/schema.org\",\"@graph\":[{\"@type\":\"WebPage\",\"@id\":\"https:\/\/legitgrams.com\/product\/buy-gelato-shatter-online\/\",\"url\":\"https:\/\/legitgrams.com\/product\/buy-gelato-shatter-online\/\",\"name\":\"Gelato Shatter for Sale - Order Gelato Shatter Online | LegitGrams\",\"isPartOf\":{\"@id\":\"https:\/\/legitgrams.com\/#website\"},\"primaryImageOfPage\":{\"@id\":\"https:\/\/legitgrams.com\/product\/buy-gelato-shatter-online\/#primaryimage\"},\"image\":{\"@id\":\"https:\/\/legitgrams.com\/product\/buy-gelato-shatter-online\/#primaryimage\"},\"thumbnailUrl\":\"https:\/\/legitgrams.com\/wp-content\/uploads\/2024\/09\/Buy-Gelato-Shatter.jpg\",\"datePublished\":\"2024-09-23T21:54:39+00:00\",\"dateModified\":\"2026-02-26T12:19:46+00:00\",\"description\":\"Our Legitgrams online store has high-quality Gelato Shatter for sale. If you are willing to buy Gelato Shatter online, then let us know. We will complete your requirements soon!\",\"breadcrumb\":{\"@id\":\"https:\/\/legitgrams.com\/product\/buy-gelato-shatter-online\/#breadcrumb\"},\"inLanguage\":\"hu\",\"potentialAction\":[{\"@type\":\"ReadAction\",\"target\":[\"https:\/\/legitgrams.com\/product\/buy-gelato-shatter-online\/\"]}]},{\"@type\":\"ImageObject\",\"inLanguage\":\"hu\",\"@id\":\"https:\/\/legitgrams.com\/product\/buy-gelato-shatter-online\/#primaryimage\",\"url\":\"https:\/\/legitgrams.com\/wp-content\/uploads\/2024\/09\/Buy-Gelato-Shatter.jpg\",\"contentUrl\":\"https:\/\/legitgrams.com\/wp-content\/uploads\/2024\/09\/Buy-Gelato-Shatter.jpg\",\"width\":600,\"height\":600,\"caption\":\"Buy Gelato Shatter Online\"},{\"@type\":\"BreadcrumbList\",\"@id\":\"https:\/\/legitgrams.com\/product\/buy-gelato-shatter-online\/#breadcrumb\",\"itemListElement\":[{\"@type\":\"ListItem\",\"position\":1,\"name\":\"Home\",\"item\":\"https:\/\/legitgrams.com\/\"},{\"@type\":\"ListItem\",\"position\":2,\"name\":\"Shop\",\"item\":\"https:\/\/legitgrams.com\/shop\/\"},{\"@type\":\"ListItem\",\"position\":3,\"name\":\"Buy Gelato Shatter Online\"}]},{\"@type\":\"WebSite\",\"@id\":\"https:\/\/legitgrams.com\/#website\",\"url\":\"https:\/\/legitgrams.com\/\",\"name\":\"Legit Grams\",\"description\":\"My WordPress Blog\",\"publisher\":{\"@id\":\"https:\/\/legitgrams.com\/#organization\"},\"potentialAction\":[{\"@type\":\"SearchAction\",\"target\":{\"@type\":\"EntryPoint\",\"urlTemplate\":\"https:\/\/legitgrams.com\/?s={search_term_string}\"},\"query-input\":{\"@type\":\"PropertyValueSpecification\",\"valueRequired\":true,\"valueName\":\"search_term_string\"}}],\"inLanguage\":\"hu\"},{\"@type\":\"Organization\",\"@id\":\"https:\/\/legitgrams.com\/#organization\",\"name\":\"Legit Grams\",\"url\":\"https:\/\/legitgrams.com\/\",\"logo\":{\"@type\":\"ImageObject\",\"inLanguage\":\"hu\",\"@id\":\"https:\/\/legitgrams.com\/#\/schema\/logo\/image\/\",\"url\":\"https:\/\/legitgrams.com\/wp-content\/uploads\/2024\/09\/main-logo.png\",\"contentUrl\":\"https:\/\/legitgrams.com\/wp-content\/uploads\/2024\/09\/main-logo.png\",\"width\":270,\"height\":75,\"caption\":\"Legit Grams\"},\"image\":{\"@id\":\"https:\/\/legitgrams.com\/#\/schema\/logo\/image\/\"}}]}<\/script>\n<!-- \/ Yoast SEO plugin. -->","yoast_head_json":{"title":"Gelato Shatter elad\u00f3 - Gelato Shatter rendel\u00e9se online | LegitGrams","description":"Legitgrams online \u00e1ruh\u00e1zunkban kiv\u00e1l\u00f3 min\u0151s\u00e9g\u0171 Gelato Shatter elad\u00f3. Ha szeretne Gelato Shatter-t v\u00e1s\u00e1rolni online, akkor tudassa vel\u00fcnk. Hamarosan teljes\u00edtj\u00fck az \u00d6n ig\u00e9nyeit!","robots":{"index":"index","follow":"follow","max-snippet":"max-snippet:-1","max-image-preview":"max-image-preview:large","max-video-preview":"max-video-preview:-1"},"canonical":"https:\/\/legitgrams.com\/hu\/termek\/buy-gelato-shatter-online\/","og_locale":"hu_HU","og_type":"article","og_title":"Gelato Shatter for Sale - Order Gelato Shatter Online | LegitGrams","og_description":"Our Legitgrams online store has high-quality Gelato Shatter for sale. If you are willing to buy Gelato Shatter online, then let us know. We will complete your requirements soon!","og_url":"https:\/\/legitgrams.com\/hu\/termek\/buy-gelato-shatter-online\/","og_site_name":"Legit Grams","article_modified_time":"2026-02-26T12:19:46+00:00","og_image":[{"width":600,"height":600,"url":"https:\/\/legitgrams.com\/wp-content\/uploads\/2024\/09\/Buy-Gelato-Shatter.jpg","type":"image\/jpeg"}],"twitter_card":"summary_large_image","twitter_misc":{"Becs\u00fclt olvas\u00e1si id\u0151":"2 perc"},"schema":{"@context":"https:\/\/schema.org","@graph":[{"@type":"WebPage","@id":"https:\/\/legitgrams.com\/product\/buy-gelato-shatter-online\/","url":"https:\/\/legitgrams.com\/product\/buy-gelato-shatter-online\/","name":"Gelato Shatter elad\u00f3 - Gelato Shatter rendel\u00e9se online | LegitGrams","isPartOf":{"@id":"https:\/\/legitgrams.com\/#website"},"primaryImageOfPage":{"@id":"https:\/\/legitgrams.com\/product\/buy-gelato-shatter-online\/#primaryimage"},"image":{"@id":"https:\/\/legitgrams.com\/product\/buy-gelato-shatter-online\/#primaryimage"},"thumbnailUrl":"https:\/\/legitgrams.com\/wp-content\/uploads\/2024\/09\/Buy-Gelato-Shatter.jpg","datePublished":"2024-09-23T21:54:39+00:00","dateModified":"2026-02-26T12:19:46+00:00","description":"Legitgrams online \u00e1ruh\u00e1zunkban kiv\u00e1l\u00f3 min\u0151s\u00e9g\u0171 Gelato Shatter elad\u00f3. Ha szeretne Gelato Shatter-t v\u00e1s\u00e1rolni online, akkor tudassa vel\u00fcnk. Hamarosan teljes\u00edtj\u00fck az \u00d6n ig\u00e9nyeit!","breadcrumb":{"@id":"https:\/\/legitgrams.com\/product\/buy-gelato-shatter-online\/#breadcrumb"},"inLanguage":"hu","potentialAction":[{"@type":"ReadAction","target":["https:\/\/legitgrams.com\/product\/buy-gelato-shatter-online\/"]}]},{"@type":"ImageObject","inLanguage":"hu","@id":"https:\/\/legitgrams.com\/product\/buy-gelato-shatter-online\/#primaryimage","url":"https:\/\/legitgrams.com\/wp-content\/uploads\/2024\/09\/Buy-Gelato-Shatter.jpg","contentUrl":"https:\/\/legitgrams.com\/wp-content\/uploads\/2024\/09\/Buy-Gelato-Shatter.jpg","width":600,"height":600,"caption":"Buy Gelato Shatter Online"},{"@type":"BreadcrumbList","@id":"https:\/\/legitgrams.com\/product\/buy-gelato-shatter-online\/#breadcrumb","itemListElement":[{"@type":"ListItem","position":1,"name":"Home","item":"https:\/\/legitgrams.com\/"},{"@type":"ListItem","position":2,"name":"Shop","item":"https:\/\/legitgrams.com\/shop\/"},{"@type":"ListItem","position":3,"name":"Buy Gelato Shatter Online"}]},{"@type":"WebSite","@id":"https:\/\/legitgrams.com\/#website","url":"https:\/\/legitgrams.com\/","name":"Legit Grams","description":"Az \u00e9n WordPress blogom","publisher":{"@id":"https:\/\/legitgrams.com\/#organization"},"potentialAction":[{"@type":"SearchAction","target":{"@type":"EntryPoint","urlTemplate":"https:\/\/legitgrams.com\/?s={search_term_string}"},"query-input":{"@type":"PropertyValueSpecification","valueRequired":true,"valueName":"search_term_string"}}],"inLanguage":"hu"},{"@type":"Organization","@id":"https:\/\/legitgrams.com\/#organization","name":"Legit Grams","url":"https:\/\/legitgrams.com\/","logo":{"@type":"ImageObject","inLanguage":"hu","@id":"https:\/\/legitgrams.com\/#\/schema\/logo\/image\/","url":"https:\/\/legitgrams.com\/wp-content\/uploads\/2024\/09\/main-logo.png","contentUrl":"https:\/\/legitgrams.com\/wp-content\/uploads\/2024\/09\/main-logo.png","width":270,"height":75,"caption":"Legit Grams"},"image":{"@id":"https:\/\/legitgrams.com\/#\/schema\/logo\/image\/"}}]}},"uagb_featured_image_src":{"full":["https:\/\/legitgrams.com\/wp-content\/uploads\/2024\/09\/Buy-Gelato-Shatter.jpg",600,600,false],"thumbnail":["https:\/\/legitgrams.com\/wp-content\/uploads\/2024\/09\/Buy-Gelato-Shatter-150x150.jpg",150,150,true],"medium":["https:\/\/legitgrams.com\/wp-content\/uploads\/2024\/09\/Buy-Gelato-Shatter-300x300.jpg",300,300,true],"medium_large":["https:\/\/legitgrams.com\/wp-content\/uploads\/2024\/09\/Buy-Gelato-Shatter.jpg",600,600,false],"large":["https:\/\/legitgrams.com\/wp-content\/uploads\/2024\/09\/Buy-Gelato-Shatter.jpg",600,600,false],"1536x1536":["https:\/\/legitgrams.com\/wp-content\/uploads\/2024\/09\/Buy-Gelato-Shatter.jpg",600,600,false],"2048x2048":["https:\/\/legitgrams.com\/wp-content\/uploads\/2024\/09\/Buy-Gelato-Shatter.jpg",600,600,false],"trp-custom-language-flag":["https:\/\/legitgrams.com\/wp-content\/uploads\/2024\/09\/Buy-Gelato-Shatter-12x12.jpg",12,12,true],"woocommerce_thumbnail":["https:\/\/legitgrams.com\/wp-content\/uploads\/2024\/09\/Buy-Gelato-Shatter-300x300.jpg",300,300,true],"woocommerce_single":["https:\/\/legitgrams.com\/wp-content\/uploads\/2024\/09\/Buy-Gelato-Shatter.jpg",600,600,false],"woocommerce_gallery_thumbnail":["https:\/\/legitgrams.com\/wp-content\/uploads\/2024\/09\/Buy-Gelato-Shatter-100x100.jpg",100,100,true]},"uagb_author_info":{"display_name":"cokeblog18","author_link":"https:\/\/legitgrams.com\/hu\/author\/"},"uagb_comment_info":0,"uagb_excerpt":"Purchase Gelato Shatter Online at Top Shelf Gelato Sometimes called &#8220;Larry Bird,&#8221; Gelato is a hybrid strain that was created by combining the Thin Mint Girl Scout Cake with the increasingly popular Sunset Sherbert. It has a slight indica dominance. Its delightful aroma will gratify even the most discriminating user. It has a delightful, almost&hellip;","_links":{"self":[{"href":"https:\/\/legitgrams.com\/hu\/wp-json\/wp\/v2\/product\/5354","targetHints":{"allow":["GET"]}}],"collection":[{"href":"https:\/\/legitgrams.com\/hu\/wp-json\/wp\/v2\/product"}],"about":[{"href":"https:\/\/legitgrams.com\/hu\/wp-json\/wp\/v2\/types\/product"}],"replies":[{"embeddable":true,"href":"https:\/\/legitgrams.com\/hu\/wp-json\/wp\/v2\/comments?post=5354"}],"wp:featuredmedia":[{"embeddable":true,"href":"https:\/\/legitgrams.com\/hu\/wp-json\/wp\/v2\/media\/5355"}],"wp:attachment":[{"href":"https:\/\/legitgrams.com\/hu\/wp-json\/wp\/v2\/media?parent=5354"}],"wp:term":[{"taxonomy":"product_brand","embeddable":true,"href":"https:\/\/legitgrams.com\/hu\/wp-json\/wp\/v2\/product_brand?post=5354"},{"taxonomy":"product_cat","embeddable":true,"href":"https:\/\/legitgrams.com\/hu\/wp-json\/wp\/v2\/product_cat?post=5354"},{"taxonomy":"product_tag","embeddable":true,"href":"https:\/\/legitgrams.com\/hu\/wp-json\/wp\/v2\/product_tag?post=5354"}],"curies":[{"name":"wp","href":"https:\/\/api.w.org\/{rel}","templated":true}]}}