{"id":3240,"date":"2024-08-03T05:18:22","date_gmt":"2024-08-03T05:18:22","guid":{"rendered":"https:\/\/cokebricks.com\/?post_type=product&#038;p=3240"},"modified":"2026-04-10T02:29:43","modified_gmt":"2026-04-10T02:29:43","slug":"etizolam","status":"publish","type":"product","link":"https:\/\/legitgrams.com\/it\/prodotto\/etizolam\/","title":{"rendered":"Acquistare Etizolam online"},"content":{"rendered":"<h2>Etizolam in vendita<\/h2>\n<p>The short-acting psychoactive drug <a href=\"https:\/\/www.bing.com\/search?q=Etizolam&amp;qs=n&amp;form=QBRE&amp;sp=-1&amp;lq=0&amp;pq=etizolam&amp;sc=17-8&amp;sk=&amp;cvid=864B3011452B422A9ABEE2D01DDCFC2D&amp;ghsh=0&amp;ghacc=0&amp;ghpl=\">cheap etizolam online<\/a> is also marketed under the names Etizest and Etilaam. Although the FDA has not cleared it for clinical usage, it is permitted in the US for research purposes. In many regions of the world, it is not considered a controlled substance. Cheap etizolam is regulated in Germany, Denmark, and Switzerland, although it is also permitted in a number of EU nations. The drug is prohibited by law in both Japan and the UK. <a href=\"https:\/\/legitgrams.com\/it\/prodotto\/etizolam\/\">Etizolam<\/a> \u00e8 un semplice farmaco benzodiazepinico utilizzato per trattare temporaneamente ansia, tristezza e difficolt\u00e0 di sonno. Ha propriet\u00e0 ipnotiche e ipnotizzanti. <a href=\"https:\/\/legitgrams.com\/it\/\">LegitGrams<\/a><\/p>\n<h3>In Australia, acquista l'etizolam online.<\/h3>\n<p>Dealers of <a href=\"https:\/\/www.google.com\/search?q=Etizolam&amp;num=10&amp;sca_esv=1a2a07081c7891bb&amp;rlz=1C1RXQR_enIN1098IN1098&amp;sxsrf=AHTn8zoQjuO0uUOz7S9JVxQBR6E7eZ3qFg%3A1741161207058&amp;ei=9wLIZ-qYA8ar4-EPj4zemAw&amp;ved=0ahUKEwiq8Pj5uvKLAxXG1TgGHQ-GF8MQ4dUDCBA&amp;uact=5&amp;oq=Etizolam&amp;gs_lp=Egxnd3Mtd2l6LXNlcnAiCEV0aXpvbGFtMgoQIxiABBgnGIoFMg4QABiABBiRAhixAxiKBTIKEAAYgAQYFBiHAjIFEAAYgAQyBRAAGIAEMgsQABiABBiRAhiKBTIFEAAYgAQyCBAAGIAEGLEDMggQABiABBixAzIFEAAYgARI3whQ7wRY7wRwAngAkAEAmAGoAaABqAGqAQMwLjG4AQPIAQD4AQL4AQGYAgGgArYBmAMAiAYBkgcDMC4xoAfyBg&amp;sclient=gws-wiz-serp\">research synthetic<\/a> substances are frequently unpredictable, unskilled, and flitchy. We try to offer providing our clients with details about the current status and authenticity of any materials they request. We make sure to give our valued customers with Etizolam for sale cheap and a variety of RCs at lower costs than most, all the while maintaining an absolutely high standard of quality and perfect condition on every item. Being the market leader is our main objective, and we cannot accomplish this unless we organize our clientele by offering them excellent service. Online <a href=\"https:\/\/en.wikipedia.org\/wiki\/Etizolam\">etizolam<\/a> acquisto.<\/p>\n<h3>L'etizolam \u00e8 disponibile a un prezzo ragionevole su Top Legal Cannabinoids.<\/h3>\n<p>Many websites provide <a href=\"https:\/\/duckduckgo.com\/?q=Etizolam&amp;t=h_&amp;ia=web\">cheap etizolam<\/a> and other similar synthetics, but a trustworthy vendor can only sell legal products, thus it&#8217;s important to get etizolam from a trustworthy and respected source vendors, if you will. There is a 90% probability that you will find a merchant who carefully considers the things they are selling, including their legality, even if there is no guarantee that you will find trustworthy vendors readily when searching the internet.<\/p>\n<h3>Etizolam SGT-78 in vendita<\/h3>\n<p>Sul nostro sito web sono disponibili solo articoli autentici e ci prendiamo cura di rimuovere qualsiasi sostanza pianificata o proibita dal nostro elenco di inventario e di informare i nostri stimati clienti della loro posizione attuale. Effetti fisici previsti di Etizolam<br \/>\nTemporary erectile dysfunction, physical rapture, muscle unwinding, loss of control, respiratory depression, increased drive, hunger stimulation, and mask seizures are all possible side effects. It is a potent, quick-acting medication that causes confusion and can make all of the recycled parts visible. It results in psychological ecstasy, disinhibition, memory concealment (like amnesia), and delusions of moderation due to psychological incapacity, personality enlargement, emotionality, and inspiration concealment. Cognitive slowing, examination concealment, and temporary decrease in data preparation skills are all noted when under the influence of the drug. Due to these side effects, the patient may become accustomed to taking the drug again, forgetting to take it, and overdosing, which could cause an amnesic power loss state. <a href=\"https:\/\/duckduckgo.com\/?q=Etizolam&amp;t=h_&amp;ia=web\">Etizolam for sale at a discount<\/a><\/p>\n<h3>Dettagli delle misurazioni della polvere di Etizolam<\/h3>\n<p>Per un effetto depressivo, \u00e8 necessaria una dose base da 0,2 a 0,5 mg. Per effetti modesti, da 0,5 a 1 mg \u00e8 adeguata; tuttavia, di solito vengono somministrati da 1 a 2 mg e possono essere trovati in pillole o in polvere, in pellet o su un foglio di carta assorbente. Sono stati documentati sovradosaggi in pazienti che assumevano pi\u00f9 di 5 mg di un farmaco o in concomitanza con altri depressivi, e sono stati dimostrati solidi effetti depressivi a dosaggi compresi tra 2 e 5 mg.<\/p>\n<p>Per un effetto depressivo, \u00e8 necessaria una dose base da 0,2 a 0,5 mg. Sebbene di solito vengano somministrati da 1 a 2 mg e siano disponibili in forma di pillola o polvere, pellet o messi su un foglio di carta assorbente, da 0,5 a 1 mg sono adeguati per effetti modesti. Sono stati documentati sovradosaggi in pazienti che hanno assunto pi\u00f9 di 5 mg del farmaco e sono stati documentati solidi effetti depressivi in \u200b\u200bdosaggi che vanno da 2 a 5 mg come farmaco o in combinazione con altri depressivi.<\/p>\n<p>Since we are a <a href=\"https:\/\/www.bing.com\/search?q=Etizolam&amp;qs=n&amp;form=QBRE&amp;sp=-1&amp;lq=0&amp;pq=etizolam&amp;sc=17-8&amp;sk=&amp;cvid=864B3011452B422A9ABEE2D01DDCFC2D&amp;ghsh=0&amp;ghacc=0&amp;ghpl=\">reputable Etizolam supplier<\/a>, we offer Etizolam at a low price, which makes it more inexpensive than at other locations. Etizolam powder for sale<\/p>\n<h3>Consegna di Etizolam per scopi commerciali<\/h3>\n<p>quick travel. We want your request to be fulfilled as quickly as possible. In order to achieve this, we have discovered ways to guarantee their safe arrival while avoiding the quickest delivery routes. We promise a timely car with fantastic results when you <a href=\"https:\/\/www.google.com\/search?q=Etizolam&amp;num=10&amp;sca_esv=1a2a07081c7891bb&amp;rlz=1C1RXQR_enIN1098IN1098&amp;sxsrf=AHTn8zoQjuO0uUOz7S9JVxQBR6E7eZ3qFg%3A1741161207058&amp;ei=9wLIZ-qYA8ar4-EPj4zemAw&amp;ved=0ahUKEwiq8Pj5uvKLAxXG1TgGHQ-GF8MQ4dUDCBA&amp;uact=5&amp;oq=Etizolam&amp;gs_lp=Egxnd3Mtd2l6LXNlcnAiCEV0aXpvbGFtMgoQIxiABBgnGIoFMg4QABiABBiRAhixAxiKBTIKEAAYgAQYFBiHAjIFEAAYgAQyBRAAGIAEMgsQABiABBiRAhiKBTIFEAAYgAQyCBAAGIAEGLEDMggQABiABBixAzIFEAAYgARI3whQ7wRY7wRwAngAkAEAmAGoAaABqAGqAQMwLjG4AQPIAQD4AQL4AQGYAgGgArYBmAMAiAYBkgcDMC4xoAfyBg&amp;sclient=gws-wiz-serp\">acquistare Etizolam<\/a>. Join our family by shopping with us today.<\/p>\n<p>Possiamo supporre che tu sia abbastanza convinto da darci una possibilit\u00e0? Aggiorniamo il nostro elenco di analisti ogni giorno; vorresti essere aggiunto? Questa \u00e8 la tua opportunit\u00e0 per aiutarti a eliminare i tuoi terribili incontri con truffatori e fornitori di servizi disonesti. Conquisteremo il tuo cuore e ci assicureremo che tu non cerchi mai, mai un altro venditore se ti confidi con noi con il tuo desiderio. profilo farmacologico della cannabis ottenuto legalmente.<\/p>\n<p>&nbsp;<\/p>\n<p>&nbsp;<\/p>","protected":false},"excerpt":{"rendered":"<p>Etizolam for sale The short-acting psychoactive drug cheap etizolam online is also marketed under the names Etizest and Etilaam. Although the FDA has not cleared it for clinical usage, it is permitted in the US for research purposes. In many regions of the world, it is not considered a controlled substance. Cheap etizolam is regulated &hellip;<\/p>\n<p class=\"read-more\"> <a class=\"\" href=\"https:\/\/legitgrams.com\/it\/prodotto\/etizolam\/\"> <span class=\"screen-reader-text\">Acquistare Etizolam online<\/span> Leggi tutto \"<\/a><\/p>","protected":false},"featured_media":3249,"comment_status":"open","ping_status":"closed","template":"","meta":{"_uag_custom_page_level_css":"","site-sidebar-layout":"default","site-content-layout":"default","ast-global-header-display":"","ast-main-header-display":"","ast-hfb-above-header-display":"","ast-hfb-below-header-display":"","ast-hfb-mobile-header-display":"","site-post-title":"","ast-breadcrumbs-content":"","ast-featured-img":"","footer-sml-layout":"","theme-transparent-header-meta":"default","adv-header-id-meta":"","stick-header-meta":"default","header-above-stick-meta":"","header-main-stick-meta":"","header-below-stick-meta":"","_joinchat":[]},"product_brand":[],"product_cat":[190],"product_tag":[574,575,576,577,578,579,580,581,582,583,584,585,586,587,588],"class_list":{"0":"post-3240","1":"product","2":"type-product","3":"status-publish","4":"has-post-thumbnail","6":"product_cat-cannabinoids","7":"product_tag-best-etizolam-supplier-online-usa-and-canada","8":"product_tag-best-vendor-for-etizolam","9":"product_tag-buy-etizolam","10":"product_tag-buy-etizolam-online","11":"product_tag-buy-etizolam-powder","12":"product_tag-buy-etizolam-powder-online","13":"product_tag-buy-v","14":"product_tag-cas-no-40054-69-1-etizolam-for-sale","15":"product_tag-etizolam","16":"product_tag-etizolam-for-sale","17":"product_tag-etizolam-online","18":"product_tag-etizolam-powder-for-sale","19":"product_tag-etizolam-powder-for-sale-online","20":"product_tag-order-etizolam-online","21":"product_tag-where-to-order-etizolam-online","22":"desktop-align-left","23":"tablet-align-left","24":"mobile-align-left","25":"ast-product-gallery-layout-horizontal","26":"ast-product-gallery-with-no-image","27":"ast-product-single-variable","28":"ast-product-tabs-layout-horizontal","29":"ast-qv-on-image","31":"first","32":"instock","33":"featured","34":"shipping-taxable","35":"purchasable","36":"product-type-variable"},"yoast_head":"<!-- This site is optimized with the Yoast SEO plugin v25.9 - https:\/\/yoast.com\/wordpress\/plugins\/seo\/ -->\n<title>Buy Etizolam Powder Online - Etizolam Powder for Sale | LG<\/title>\n<meta name=\"description\" content=\"Etizolam powder for sale is now easily available at our online store. You can connect directly with our chemicals store and buy Etizolam powder online.\" \/>\n<meta name=\"robots\" content=\"index, follow, max-snippet:-1, max-image-preview:large, max-video-preview:-1\" \/>\n<link rel=\"canonical\" href=\"https:\/\/legitgrams.com\/it\/prodotto\/etizolam\/\" \/>\n<meta property=\"og:locale\" content=\"it_IT\" \/>\n<meta property=\"og:type\" content=\"article\" \/>\n<meta property=\"og:title\" content=\"Buy Etizolam Powder Online - Etizolam Powder for Sale | LG\" \/>\n<meta property=\"og:description\" content=\"Etizolam powder for sale is now easily available at our online store. You can connect directly with our chemicals store and buy Etizolam powder online.\" \/>\n<meta property=\"og:url\" content=\"https:\/\/legitgrams.com\/it\/prodotto\/etizolam\/\" \/>\n<meta property=\"og:site_name\" content=\"Legit Grams\" \/>\n<meta property=\"article:modified_time\" content=\"2026-04-10T02:29:43+00:00\" \/>\n<meta property=\"og:image\" content=\"https:\/\/legitgrams.com\/wp-content\/uploads\/2024\/08\/Etizolam.gif\" \/>\n\t<meta property=\"og:image:width\" content=\"600\" \/>\n\t<meta property=\"og:image:height\" content=\"600\" \/>\n\t<meta property=\"og:image:type\" content=\"image\/gif\" \/>\n<meta name=\"twitter:card\" content=\"summary_large_image\" \/>\n<meta name=\"twitter:label1\" content=\"Tempo di lettura stimato\" \/>\n\t<meta name=\"twitter:data1\" content=\"4 minuti\" \/>\n<script type=\"application\/ld+json\" class=\"yoast-schema-graph\">{\"@context\":\"https:\/\/schema.org\",\"@graph\":[{\"@type\":\"WebPage\",\"@id\":\"https:\/\/legitgrams.com\/product\/etizolam\/\",\"url\":\"https:\/\/legitgrams.com\/product\/etizolam\/\",\"name\":\"Buy Etizolam Powder Online - Etizolam Powder for Sale | LG\",\"isPartOf\":{\"@id\":\"https:\/\/legitgrams.com\/#website\"},\"primaryImageOfPage\":{\"@id\":\"https:\/\/legitgrams.com\/product\/etizolam\/#primaryimage\"},\"image\":{\"@id\":\"https:\/\/legitgrams.com\/product\/etizolam\/#primaryimage\"},\"thumbnailUrl\":\"https:\/\/legitgrams.com\/wp-content\/uploads\/2024\/08\/Etizolam.gif\",\"datePublished\":\"2024-08-03T05:18:22+00:00\",\"dateModified\":\"2026-04-10T02:29:43+00:00\",\"description\":\"Etizolam powder for sale is now easily available at our online store. You can connect directly with our chemicals store and buy Etizolam powder online.\",\"breadcrumb\":{\"@id\":\"https:\/\/legitgrams.com\/product\/etizolam\/#breadcrumb\"},\"inLanguage\":\"it-IT\",\"potentialAction\":[{\"@type\":\"ReadAction\",\"target\":[\"https:\/\/legitgrams.com\/product\/etizolam\/\"]}]},{\"@type\":\"ImageObject\",\"inLanguage\":\"it-IT\",\"@id\":\"https:\/\/legitgrams.com\/product\/etizolam\/#primaryimage\",\"url\":\"https:\/\/legitgrams.com\/wp-content\/uploads\/2024\/08\/Etizolam.gif\",\"contentUrl\":\"https:\/\/legitgrams.com\/wp-content\/uploads\/2024\/08\/Etizolam.gif\",\"width\":600,\"height\":600,\"caption\":\"Etizolam for sale\"},{\"@type\":\"BreadcrumbList\",\"@id\":\"https:\/\/legitgrams.com\/product\/etizolam\/#breadcrumb\",\"itemListElement\":[{\"@type\":\"ListItem\",\"position\":1,\"name\":\"Home\",\"item\":\"https:\/\/legitgrams.com\/\"},{\"@type\":\"ListItem\",\"position\":2,\"name\":\"Shop\",\"item\":\"https:\/\/legitgrams.com\/shop\/\"},{\"@type\":\"ListItem\",\"position\":3,\"name\":\"Buy Etizolam Online\"}]},{\"@type\":\"WebSite\",\"@id\":\"https:\/\/legitgrams.com\/#website\",\"url\":\"https:\/\/legitgrams.com\/\",\"name\":\"Legit Grams\",\"description\":\"My WordPress Blog\",\"publisher\":{\"@id\":\"https:\/\/legitgrams.com\/#organization\"},\"potentialAction\":[{\"@type\":\"SearchAction\",\"target\":{\"@type\":\"EntryPoint\",\"urlTemplate\":\"https:\/\/legitgrams.com\/?s={search_term_string}\"},\"query-input\":{\"@type\":\"PropertyValueSpecification\",\"valueRequired\":true,\"valueName\":\"search_term_string\"}}],\"inLanguage\":\"it-IT\"},{\"@type\":\"Organization\",\"@id\":\"https:\/\/legitgrams.com\/#organization\",\"name\":\"Legit Grams\",\"url\":\"https:\/\/legitgrams.com\/\",\"logo\":{\"@type\":\"ImageObject\",\"inLanguage\":\"it-IT\",\"@id\":\"https:\/\/legitgrams.com\/#\/schema\/logo\/image\/\",\"url\":\"https:\/\/legitgrams.com\/wp-content\/uploads\/2024\/09\/main-logo.png\",\"contentUrl\":\"https:\/\/legitgrams.com\/wp-content\/uploads\/2024\/09\/main-logo.png\",\"width\":270,\"height\":75,\"caption\":\"Legit Grams\"},\"image\":{\"@id\":\"https:\/\/legitgrams.com\/#\/schema\/logo\/image\/\"}}]}<\/script>\n<!-- \/ Yoast SEO plugin. -->","yoast_head_json":{"title":"Acquista Etizolam in polvere online - Etizolam in polvere in vendita | LG","description":"Etizolam polvere in vendita \u00e8 ora facilmente disponibile presso il nostro negozio online. \u00c8 possibile connettersi direttamente con il nostro negozio di prodotti chimici e acquistare Etizolam polvere online.","robots":{"index":"index","follow":"follow","max-snippet":"max-snippet:-1","max-image-preview":"max-image-preview:large","max-video-preview":"max-video-preview:-1"},"canonical":"https:\/\/legitgrams.com\/it\/prodotto\/etizolam\/","og_locale":"it_IT","og_type":"article","og_title":"Buy Etizolam Powder Online - Etizolam Powder for Sale | LG","og_description":"Etizolam powder for sale is now easily available at our online store. You can connect directly with our chemicals store and buy Etizolam powder online.","og_url":"https:\/\/legitgrams.com\/it\/prodotto\/etizolam\/","og_site_name":"Legit Grams","article_modified_time":"2026-04-10T02:29:43+00:00","og_image":[{"width":600,"height":600,"url":"https:\/\/legitgrams.com\/wp-content\/uploads\/2024\/08\/Etizolam.gif","type":"image\/gif"}],"twitter_card":"summary_large_image","twitter_misc":{"Tempo di lettura stimato":"4 minuti"},"schema":{"@context":"https:\/\/schema.org","@graph":[{"@type":"WebPage","@id":"https:\/\/legitgrams.com\/product\/etizolam\/","url":"https:\/\/legitgrams.com\/product\/etizolam\/","name":"Acquista Etizolam in polvere online - Etizolam in polvere in vendita | LG","isPartOf":{"@id":"https:\/\/legitgrams.com\/#website"},"primaryImageOfPage":{"@id":"https:\/\/legitgrams.com\/product\/etizolam\/#primaryimage"},"image":{"@id":"https:\/\/legitgrams.com\/product\/etizolam\/#primaryimage"},"thumbnailUrl":"https:\/\/legitgrams.com\/wp-content\/uploads\/2024\/08\/Etizolam.gif","datePublished":"2024-08-03T05:18:22+00:00","dateModified":"2026-04-10T02:29:43+00:00","description":"Etizolam polvere in vendita \u00e8 ora facilmente disponibile presso il nostro negozio online. \u00c8 possibile connettersi direttamente con il nostro negozio di prodotti chimici e acquistare Etizolam polvere online.","breadcrumb":{"@id":"https:\/\/legitgrams.com\/product\/etizolam\/#breadcrumb"},"inLanguage":"it-IT","potentialAction":[{"@type":"ReadAction","target":["https:\/\/legitgrams.com\/product\/etizolam\/"]}]},{"@type":"ImageObject","inLanguage":"it-IT","@id":"https:\/\/legitgrams.com\/product\/etizolam\/#primaryimage","url":"https:\/\/legitgrams.com\/wp-content\/uploads\/2024\/08\/Etizolam.gif","contentUrl":"https:\/\/legitgrams.com\/wp-content\/uploads\/2024\/08\/Etizolam.gif","width":600,"height":600,"caption":"Etizolam for sale"},{"@type":"BreadcrumbList","@id":"https:\/\/legitgrams.com\/product\/etizolam\/#breadcrumb","itemListElement":[{"@type":"ListItem","position":1,"name":"Home","item":"https:\/\/legitgrams.com\/"},{"@type":"ListItem","position":2,"name":"Shop","item":"https:\/\/legitgrams.com\/shop\/"},{"@type":"ListItem","position":3,"name":"Buy Etizolam Online"}]},{"@type":"WebSite","@id":"https:\/\/legitgrams.com\/#website","url":"https:\/\/legitgrams.com\/","name":"Grammi legittimi","description":"Il mio blog WordPress","publisher":{"@id":"https:\/\/legitgrams.com\/#organization"},"potentialAction":[{"@type":"SearchAction","target":{"@type":"EntryPoint","urlTemplate":"https:\/\/legitgrams.com\/?s={search_term_string}"},"query-input":{"@type":"PropertyValueSpecification","valueRequired":true,"valueName":"search_term_string"}}],"inLanguage":"it-IT"},{"@type":"Organization","@id":"https:\/\/legitgrams.com\/#organization","name":"Grammi legittimi","url":"https:\/\/legitgrams.com\/","logo":{"@type":"ImageObject","inLanguage":"it-IT","@id":"https:\/\/legitgrams.com\/#\/schema\/logo\/image\/","url":"https:\/\/legitgrams.com\/wp-content\/uploads\/2024\/09\/main-logo.png","contentUrl":"https:\/\/legitgrams.com\/wp-content\/uploads\/2024\/09\/main-logo.png","width":270,"height":75,"caption":"Legit Grams"},"image":{"@id":"https:\/\/legitgrams.com\/#\/schema\/logo\/image\/"}}]}},"uagb_featured_image_src":{"full":["https:\/\/legitgrams.com\/wp-content\/uploads\/2024\/08\/Etizolam.gif",600,600,false],"thumbnail":["https:\/\/legitgrams.com\/wp-content\/uploads\/2024\/08\/Etizolam-150x150.gif",150,150,true],"medium":["https:\/\/legitgrams.com\/wp-content\/uploads\/2024\/08\/Etizolam-300x300.gif",300,300,true],"medium_large":["https:\/\/legitgrams.com\/wp-content\/uploads\/2024\/08\/Etizolam.gif",600,600,false],"large":["https:\/\/legitgrams.com\/wp-content\/uploads\/2024\/08\/Etizolam.gif",600,600,false],"1536x1536":["https:\/\/legitgrams.com\/wp-content\/uploads\/2024\/08\/Etizolam.gif",600,600,false],"2048x2048":["https:\/\/legitgrams.com\/wp-content\/uploads\/2024\/08\/Etizolam.gif",600,600,false],"trp-custom-language-flag":["https:\/\/legitgrams.com\/wp-content\/uploads\/2024\/08\/Etizolam-12x12.gif",12,12,true],"woocommerce_thumbnail":["https:\/\/legitgrams.com\/wp-content\/uploads\/2024\/08\/Etizolam-300x300.gif",300,300,true],"woocommerce_single":["https:\/\/legitgrams.com\/wp-content\/uploads\/2024\/08\/Etizolam.gif",600,600,false],"woocommerce_gallery_thumbnail":["https:\/\/legitgrams.com\/wp-content\/uploads\/2024\/08\/Etizolam-100x100.gif",100,100,true]},"uagb_author_info":{"display_name":"cokeblog18","author_link":"https:\/\/legitgrams.com\/it\/author\/"},"uagb_comment_info":114,"uagb_excerpt":"Etizolam for sale The short-acting psychoactive drug cheap etizolam online is also marketed under the names Etizest and Etilaam. Although the FDA has not cleared it for clinical usage, it is permitted in the US for research purposes. In many regions of the world, it is not considered a controlled substance. Cheap etizolam is regulated&hellip;","_links":{"self":[{"href":"https:\/\/legitgrams.com\/it\/wp-json\/wp\/v2\/product\/3240","targetHints":{"allow":["GET"]}}],"collection":[{"href":"https:\/\/legitgrams.com\/it\/wp-json\/wp\/v2\/product"}],"about":[{"href":"https:\/\/legitgrams.com\/it\/wp-json\/wp\/v2\/types\/product"}],"replies":[{"embeddable":true,"href":"https:\/\/legitgrams.com\/it\/wp-json\/wp\/v2\/comments?post=3240"}],"wp:featuredmedia":[{"embeddable":true,"href":"https:\/\/legitgrams.com\/it\/wp-json\/wp\/v2\/media\/3249"}],"wp:attachment":[{"href":"https:\/\/legitgrams.com\/it\/wp-json\/wp\/v2\/media?parent=3240"}],"wp:term":[{"taxonomy":"product_brand","embeddable":true,"href":"https:\/\/legitgrams.com\/it\/wp-json\/wp\/v2\/product_brand?post=3240"},{"taxonomy":"product_cat","embeddable":true,"href":"https:\/\/legitgrams.com\/it\/wp-json\/wp\/v2\/product_cat?post=3240"},{"taxonomy":"product_tag","embeddable":true,"href":"https:\/\/legitgrams.com\/it\/wp-json\/wp\/v2\/product_tag?post=3240"}],"curies":[{"name":"wp","href":"https:\/\/api.w.org\/{rel}","templated":true}]}}