{"id":3241,"date":"2024-08-03T05:18:39","date_gmt":"2024-08-03T05:18:39","guid":{"rendered":"https:\/\/cokebricks.com\/?post_type=product&#038;p=3241"},"modified":"2025-01-15T05:34:39","modified_gmt":"2025-01-15T05:34:39","slug":"sergente-263","status":"publish","type":"product","link":"https:\/\/legitgrams.com\/it\/prodotto\/sergente-263\/","title":{"rendered":"Sgt-263"},"content":{"rendered":"<h2>Acquista SGT-263 online<\/h2>\n<p>Nella nostra nazione di origine, l'uso del cannabinoide SGT-263 \u00e8 legale. \u00c8 vostra responsabilit\u00e0 conoscere e rispettare tutte le leggi locali, statali, federali, di contea e comunali applicabili. Nel caso in cui decidiate di effettuare un ordine, non ci assumiamo alcuna responsabilit\u00e0 per i risultati.<br \/>\nPerch\u00e9 acquistare i nostri cannabinoidi <a href=\"https:\/\/legitgrams.com\/it\/prodotto\/sergente-263\/\">SGT-263<\/a>?<\/p>\n<p>Siamo un fornitore affidabile perch\u00e9 offriamo prodotti chimici di ricerca da molto tempo.<\/p>\n<p>La chat \u00e8 disponibile 24 ore su 24, 7 giorni su 7. Non esitate a porre qualsiasi domanda.<\/p>\n<p>Varie opzioni di pagamento per soddisfare le vostre esigenze<\/p>\n<p>Se l'ordine viene effettuato entro le 16.00 CET, la spedizione avviene il giorno stesso.<\/p>\n<p>Le sincere approvazioni dei nostri clienti vi danno la fiducia necessaria per fare acquisti.<\/p>\n<p>Essere un'autorit\u00e0 mondiale nella fornitura di prodotti chimici per la ricerca e LegitGrams.com, un produttore globale di prodotti chimici per la ricerca, \u00e8 stato fondato nel 2008. Lavoriamo sodo I nostri magazzini situati a Hong Kong, in Cina, nell'UE e in Ucraina sono i punti di spedizione di tutti i prodotti. La nostra ampia rete di distribuzione garantisce che la merce ordinata arrivi in tempo, sia trasportata nei luoghi di vostra scelta per il ritiro e raggiunga la destinazione in tempo. Siamo fornitori affidabili e puntuali. La soddisfazione dei nostri clienti \u00e8 il nostro primo obiettivo. Per questo motivo, ci impegniamo a fondo per offrire un servizio clienti di prim'ordine. Potete essere certi che il vostro ordine presso Top Cannabinoids Shop sar\u00e0 consegnato in tempo all'indirizzo da voi indicato. Inoltre, forniamo una variet\u00e0 di scelte di spedizione che ci permettono di consegnare la merce ai nostri clienti in diversi mercati e luoghi in tutto il mondo. Ogni articolo di questo sito web<\/p>\n<p>sono acquistabili solo per finanziare l'educazione e la ricerca. Non vendiamo i nostri prodotti per l'ingestione da parte di persone o animali o per un uso illecito.<\/p>\n<p>Una molecola estremamente potente \u00e8 l'1-(5-fluoropentile) o SGT-263(2-fenilpropan-2-il)-N-simile al MMB-CHMINACA, -7-azaindolo-3-carbossamide. La cannabis sintetica SGT-263 \u00e8 basata sulla pirrolo[2,3-b]piridina-3-carbossamide ed \u00e8 commercializzata come farmaco di design.<\/p>\n<p>SGT-263 \u00e8 stato prodotto per LegitGrams ed \u00e8 brevettato da una prestigiosa struttura della Nuova Cina.<\/p>\n<p>Nuovo sul mercato, l'SGT-263 \u00e8 un tipo speciale di cannabis che \u00e8 legale quasi ovunque, anche in Germania.<\/p>\n<p>Inoltre, l'SGT-263 pu\u00f2 essere ottenuto con il nome ipac 1-(5-fluoropentil).2-aminopropan-2-il-l'-1H-pirrolo[2,3-b]piridina'-N-3-carbossamide.<\/p>\n<p>Il cannabinoide 1-(5-Fluoropentil)-N-(2-fenilpropan-2-il)-7-azaindolo-3-carbossamide \u00e8 strettamente correlato all'SGT-25. Inoltre, il potere dei mattoni di Coke \u00e8 attualmente legale in tutta Europa. L'acronimo di Street Names \u00e8 SGT-263. L'SGT-25 \u00e8 un ingrediente presente nel \"C-Liquid\", un additivo per il liquido delle sigarette elettroniche, e viene occasionalmente utilizzato a scopo ricreativo.<\/p>\n<p>Farmacologia: 1. (Fluoropentil-5-)(2-fenilpropan-2-il)-N-Cannabinoide sintetico appartenente alla famiglia degli indazoli-3-carbossidi, il -7-azaindolo-3-carbossido ha una struttura farmacologica contorta. La sua selettivit\u00e0 per il recettore CB1 \u00e8 prevista essere circa quattro volte superiore a quella di <a href=\"https:\/\/en.wikipedia.org\/wiki\/5F-CUMYL-P7AICA\">5F-CUMIL-PINACA<\/a>.<\/p>\n<p>Articoli comparabili: 5F-SDB-006, MMB-CHMINACA e CUMYL-PICA<\/p>\n<p>- CUMIL-PINACA, CUMIL-THPINACA, SDB-006<\/p>\n<p>Prima di effettuare un acquisto, assicuratevi di essere adeguatamente preparati a maneggiare i prodotti chimici per la ricerca e che il vostro spazio di lavoro sia ben ventilato. <a href=\"https:\/\/legitgrams.com\/it\/\">LegitGrams<\/a><\/p>\n<p>&nbsp;<\/p>\n<p>&nbsp;<\/p>\n<p>&nbsp;<\/p>","protected":false},"excerpt":{"rendered":"<p>Purchase SGT-263 Online In our nation of origin, using SGT-263 Cannabinoid is lawful. It is your responsibility to know and abide by all applicable local, state, federal, county, and municipal laws. In the event that you choose to place an order, we assume no responsibility for the results. Why Should You Buy Our Cannabinoid SGT-263? &hellip;<\/p>\n<p class=\"read-more\"> <a class=\"\" href=\"https:\/\/legitgrams.com\/it\/prodotto\/sergente-263\/\"> <span class=\"screen-reader-text\">Sgt-263<\/span> Leggi tutto \"<\/a><\/p>","protected":false},"featured_media":3253,"comment_status":"open","ping_status":"closed","template":"","meta":{"_uag_custom_page_level_css":"","site-sidebar-layout":"default","site-content-layout":"default","ast-global-header-display":"","ast-main-header-display":"","ast-hfb-above-header-display":"","ast-hfb-below-header-display":"","ast-hfb-mobile-header-display":"","site-post-title":"","ast-breadcrumbs-content":"","ast-featured-img":"","footer-sml-layout":"","theme-transparent-header-meta":"default","adv-header-id-meta":"","stick-header-meta":"default","header-above-stick-meta":"","header-main-stick-meta":"","header-below-stick-meta":"","_joinchat":[]},"product_brand":[],"product_cat":[190],"product_tag":[465,466,237,461,467,468,469,470,471,472,473,474,475],"class_list":{"0":"post-3241","1":"product","2":"type-product","3":"status-publish","4":"has-post-thumbnail","6":"product_cat-cannabinoids","7":"product_tag-5f-cumyl-p7aica","8":"product_tag-5f-cumyl-pinaca","9":"product_tag-5f-mdmb-2201","10":"product_tag-5f-mdmb-2201-cayman","11":"product_tag-cumyl-cb-pinaca","12":"product_tag-sgt-263-dosage","13":"product_tag-sgt-263-erowid","14":"product_tag-sgt-67","15":"product_tag-sgt-151","16":"product_tag-sgt-263-psychonaut","17":"product_tag-sgt-263-reddit","18":"product_tag-sgt-263-wiki","19":"product_tag-sgt-78","20":"desktop-align-left","21":"tablet-align-left","22":"mobile-align-left","23":"ast-product-gallery-layout-horizontal","24":"ast-product-gallery-with-no-image","25":"ast-product-single-variable","26":"ast-product-tabs-layout-horizontal","27":"ast-qv-on-image","29":"first","30":"instock","31":"shipping-taxable","32":"purchasable","33":"product-type-variable"},"yoast_head":"<!-- This site is optimized with the Yoast SEO plugin v25.9 - https:\/\/yoast.com\/wordpress\/plugins\/seo\/ -->\n<title>Sgt-263 for Sale - Order Sgt-263 Powder Online | LegitGrams<\/title>\n<meta name=\"description\" content=\"Find premium Sgt-263 powder for sale at our online store, providing a secure platform to buy Sgt-263 online with ease, catering to your research needs. Hit your order now!\" \/>\n<meta name=\"robots\" content=\"index, follow, max-snippet:-1, max-image-preview:large, max-video-preview:-1\" \/>\n<link rel=\"canonical\" href=\"https:\/\/legitgrams.com\/it\/prodotto\/sergente-263\/\" \/>\n<meta property=\"og:locale\" content=\"it_IT\" \/>\n<meta property=\"og:type\" content=\"article\" \/>\n<meta property=\"og:title\" content=\"Sgt-263 for Sale - Order Sgt-263 Powder Online | LegitGrams\" \/>\n<meta property=\"og:description\" content=\"Find premium Sgt-263 powder for sale at our online store, providing a secure platform to buy Sgt-263 online with ease, catering to your research needs. Hit your order now!\" \/>\n<meta property=\"og:url\" content=\"https:\/\/legitgrams.com\/it\/prodotto\/sergente-263\/\" \/>\n<meta property=\"og:site_name\" content=\"Legit Grams\" \/>\n<meta property=\"article:modified_time\" content=\"2025-01-15T05:34:39+00:00\" \/>\n<meta property=\"og:image\" content=\"https:\/\/legitgrams.com\/wp-content\/uploads\/2024\/08\/Sgt-263.gif\" \/>\n\t<meta property=\"og:image:width\" content=\"600\" \/>\n\t<meta property=\"og:image:height\" content=\"600\" \/>\n\t<meta property=\"og:image:type\" content=\"image\/gif\" \/>\n<meta name=\"twitter:card\" content=\"summary_large_image\" \/>\n<meta name=\"twitter:label1\" content=\"Tempo di lettura stimato\" \/>\n\t<meta name=\"twitter:data1\" content=\"3 minuti\" \/>\n<script type=\"application\/ld+json\" class=\"yoast-schema-graph\">{\"@context\":\"https:\/\/schema.org\",\"@graph\":[{\"@type\":\"WebPage\",\"@id\":\"https:\/\/legitgrams.com\/product\/sgt-263\/\",\"url\":\"https:\/\/legitgrams.com\/product\/sgt-263\/\",\"name\":\"Sgt-263 for Sale - Order Sgt-263 Powder Online | LegitGrams\",\"isPartOf\":{\"@id\":\"https:\/\/legitgrams.com\/#website\"},\"primaryImageOfPage\":{\"@id\":\"https:\/\/legitgrams.com\/product\/sgt-263\/#primaryimage\"},\"image\":{\"@id\":\"https:\/\/legitgrams.com\/product\/sgt-263\/#primaryimage\"},\"thumbnailUrl\":\"https:\/\/legitgrams.com\/wp-content\/uploads\/2024\/08\/Sgt-263.gif\",\"datePublished\":\"2024-08-03T05:18:39+00:00\",\"dateModified\":\"2025-01-15T05:34:39+00:00\",\"description\":\"Find premium Sgt-263 powder for sale at our online store, providing a secure platform to buy Sgt-263 online with ease, catering to your research needs. Hit your order now!\",\"breadcrumb\":{\"@id\":\"https:\/\/legitgrams.com\/product\/sgt-263\/#breadcrumb\"},\"inLanguage\":\"it-IT\",\"potentialAction\":[{\"@type\":\"ReadAction\",\"target\":[\"https:\/\/legitgrams.com\/product\/sgt-263\/\"]}]},{\"@type\":\"ImageObject\",\"inLanguage\":\"it-IT\",\"@id\":\"https:\/\/legitgrams.com\/product\/sgt-263\/#primaryimage\",\"url\":\"https:\/\/legitgrams.com\/wp-content\/uploads\/2024\/08\/Sgt-263.gif\",\"contentUrl\":\"https:\/\/legitgrams.com\/wp-content\/uploads\/2024\/08\/Sgt-263.gif\",\"width\":600,\"height\":600,\"caption\":\"Sgt-263 for Sale\"},{\"@type\":\"BreadcrumbList\",\"@id\":\"https:\/\/legitgrams.com\/product\/sgt-263\/#breadcrumb\",\"itemListElement\":[{\"@type\":\"ListItem\",\"position\":1,\"name\":\"Home\",\"item\":\"https:\/\/legitgrams.com\/\"},{\"@type\":\"ListItem\",\"position\":2,\"name\":\"Shop\",\"item\":\"https:\/\/legitgrams.com\/shop\/\"},{\"@type\":\"ListItem\",\"position\":3,\"name\":\"Sgt-263\"}]},{\"@type\":\"WebSite\",\"@id\":\"https:\/\/legitgrams.com\/#website\",\"url\":\"https:\/\/legitgrams.com\/\",\"name\":\"Legit Grams\",\"description\":\"My WordPress Blog\",\"publisher\":{\"@id\":\"https:\/\/legitgrams.com\/#organization\"},\"potentialAction\":[{\"@type\":\"SearchAction\",\"target\":{\"@type\":\"EntryPoint\",\"urlTemplate\":\"https:\/\/legitgrams.com\/?s={search_term_string}\"},\"query-input\":{\"@type\":\"PropertyValueSpecification\",\"valueRequired\":true,\"valueName\":\"search_term_string\"}}],\"inLanguage\":\"it-IT\"},{\"@type\":\"Organization\",\"@id\":\"https:\/\/legitgrams.com\/#organization\",\"name\":\"Legit Grams\",\"url\":\"https:\/\/legitgrams.com\/\",\"logo\":{\"@type\":\"ImageObject\",\"inLanguage\":\"it-IT\",\"@id\":\"https:\/\/legitgrams.com\/#\/schema\/logo\/image\/\",\"url\":\"https:\/\/legitgrams.com\/wp-content\/uploads\/2024\/09\/main-logo.png\",\"contentUrl\":\"https:\/\/legitgrams.com\/wp-content\/uploads\/2024\/09\/main-logo.png\",\"width\":270,\"height\":75,\"caption\":\"Legit Grams\"},\"image\":{\"@id\":\"https:\/\/legitgrams.com\/#\/schema\/logo\/image\/\"}}]}<\/script>\n<!-- \/ Yoast SEO plugin. -->","yoast_head_json":{"title":"Sgt-263 in vendita - Ordine Sgt-263 polvere online | LegitGrams","description":"Trova premium Sgt-263 polvere in vendita presso il nostro negozio online, fornendo una piattaforma sicura per acquistare Sgt-263 online con facilit\u00e0, catering per le vostre esigenze di ricerca. Colpisci il tuo ordine ora!","robots":{"index":"index","follow":"follow","max-snippet":"max-snippet:-1","max-image-preview":"max-image-preview:large","max-video-preview":"max-video-preview:-1"},"canonical":"https:\/\/legitgrams.com\/it\/prodotto\/sergente-263\/","og_locale":"it_IT","og_type":"article","og_title":"Sgt-263 for Sale - Order Sgt-263 Powder Online | LegitGrams","og_description":"Find premium Sgt-263 powder for sale at our online store, providing a secure platform to buy Sgt-263 online with ease, catering to your research needs. Hit your order now!","og_url":"https:\/\/legitgrams.com\/it\/prodotto\/sergente-263\/","og_site_name":"Legit Grams","article_modified_time":"2025-01-15T05:34:39+00:00","og_image":[{"width":600,"height":600,"url":"https:\/\/legitgrams.com\/wp-content\/uploads\/2024\/08\/Sgt-263.gif","type":"image\/gif"}],"twitter_card":"summary_large_image","twitter_misc":{"Tempo di lettura stimato":"3 minuti"},"schema":{"@context":"https:\/\/schema.org","@graph":[{"@type":"WebPage","@id":"https:\/\/legitgrams.com\/product\/sgt-263\/","url":"https:\/\/legitgrams.com\/product\/sgt-263\/","name":"Sgt-263 in vendita - Ordine Sgt-263 polvere online | LegitGrams","isPartOf":{"@id":"https:\/\/legitgrams.com\/#website"},"primaryImageOfPage":{"@id":"https:\/\/legitgrams.com\/product\/sgt-263\/#primaryimage"},"image":{"@id":"https:\/\/legitgrams.com\/product\/sgt-263\/#primaryimage"},"thumbnailUrl":"https:\/\/legitgrams.com\/wp-content\/uploads\/2024\/08\/Sgt-263.gif","datePublished":"2024-08-03T05:18:39+00:00","dateModified":"2025-01-15T05:34:39+00:00","description":"Trova premium Sgt-263 polvere in vendita presso il nostro negozio online, fornendo una piattaforma sicura per acquistare Sgt-263 online con facilit\u00e0, catering per le vostre esigenze di ricerca. Colpisci il tuo ordine ora!","breadcrumb":{"@id":"https:\/\/legitgrams.com\/product\/sgt-263\/#breadcrumb"},"inLanguage":"it-IT","potentialAction":[{"@type":"ReadAction","target":["https:\/\/legitgrams.com\/product\/sgt-263\/"]}]},{"@type":"ImageObject","inLanguage":"it-IT","@id":"https:\/\/legitgrams.com\/product\/sgt-263\/#primaryimage","url":"https:\/\/legitgrams.com\/wp-content\/uploads\/2024\/08\/Sgt-263.gif","contentUrl":"https:\/\/legitgrams.com\/wp-content\/uploads\/2024\/08\/Sgt-263.gif","width":600,"height":600,"caption":"Sgt-263 for Sale"},{"@type":"BreadcrumbList","@id":"https:\/\/legitgrams.com\/product\/sgt-263\/#breadcrumb","itemListElement":[{"@type":"ListItem","position":1,"name":"Home","item":"https:\/\/legitgrams.com\/"},{"@type":"ListItem","position":2,"name":"Shop","item":"https:\/\/legitgrams.com\/shop\/"},{"@type":"ListItem","position":3,"name":"Sgt-263"}]},{"@type":"WebSite","@id":"https:\/\/legitgrams.com\/#website","url":"https:\/\/legitgrams.com\/","name":"Grammi legittimi","description":"Il mio blog WordPress","publisher":{"@id":"https:\/\/legitgrams.com\/#organization"},"potentialAction":[{"@type":"SearchAction","target":{"@type":"EntryPoint","urlTemplate":"https:\/\/legitgrams.com\/?s={search_term_string}"},"query-input":{"@type":"PropertyValueSpecification","valueRequired":true,"valueName":"search_term_string"}}],"inLanguage":"it-IT"},{"@type":"Organization","@id":"https:\/\/legitgrams.com\/#organization","name":"Grammi legittimi","url":"https:\/\/legitgrams.com\/","logo":{"@type":"ImageObject","inLanguage":"it-IT","@id":"https:\/\/legitgrams.com\/#\/schema\/logo\/image\/","url":"https:\/\/legitgrams.com\/wp-content\/uploads\/2024\/09\/main-logo.png","contentUrl":"https:\/\/legitgrams.com\/wp-content\/uploads\/2024\/09\/main-logo.png","width":270,"height":75,"caption":"Legit Grams"},"image":{"@id":"https:\/\/legitgrams.com\/#\/schema\/logo\/image\/"}}]}},"uagb_featured_image_src":{"full":["https:\/\/legitgrams.com\/wp-content\/uploads\/2024\/08\/Sgt-263.gif",600,600,false],"thumbnail":["https:\/\/legitgrams.com\/wp-content\/uploads\/2024\/08\/Sgt-263-150x150.gif",150,150,true],"medium":["https:\/\/legitgrams.com\/wp-content\/uploads\/2024\/08\/Sgt-263-300x300.gif",300,300,true],"medium_large":["https:\/\/legitgrams.com\/wp-content\/uploads\/2024\/08\/Sgt-263.gif",600,600,false],"large":["https:\/\/legitgrams.com\/wp-content\/uploads\/2024\/08\/Sgt-263.gif",600,600,false],"1536x1536":["https:\/\/legitgrams.com\/wp-content\/uploads\/2024\/08\/Sgt-263.gif",600,600,false],"2048x2048":["https:\/\/legitgrams.com\/wp-content\/uploads\/2024\/08\/Sgt-263.gif",600,600,false],"trp-custom-language-flag":["https:\/\/legitgrams.com\/wp-content\/uploads\/2024\/08\/Sgt-263-12x12.gif",12,12,true],"woocommerce_thumbnail":["https:\/\/legitgrams.com\/wp-content\/uploads\/2024\/08\/Sgt-263-300x300.gif",300,300,true],"woocommerce_single":["https:\/\/legitgrams.com\/wp-content\/uploads\/2024\/08\/Sgt-263.gif",600,600,false],"woocommerce_gallery_thumbnail":["https:\/\/legitgrams.com\/wp-content\/uploads\/2024\/08\/Sgt-263-100x100.gif",100,100,true]},"uagb_author_info":{"display_name":"cokeblog18","author_link":"https:\/\/legitgrams.com\/it\/author\/"},"uagb_comment_info":0,"uagb_excerpt":"Purchase SGT-263 Online In our nation of origin, using SGT-263 Cannabinoid is lawful. It is your responsibility to know and abide by all applicable local, state, federal, county, and municipal laws. In the event that you choose to place an order, we assume no responsibility for the results. Why Should You Buy Our Cannabinoid SGT-263?&hellip;","_links":{"self":[{"href":"https:\/\/legitgrams.com\/it\/wp-json\/wp\/v2\/product\/3241","targetHints":{"allow":["GET"]}}],"collection":[{"href":"https:\/\/legitgrams.com\/it\/wp-json\/wp\/v2\/product"}],"about":[{"href":"https:\/\/legitgrams.com\/it\/wp-json\/wp\/v2\/types\/product"}],"replies":[{"embeddable":true,"href":"https:\/\/legitgrams.com\/it\/wp-json\/wp\/v2\/comments?post=3241"}],"wp:featuredmedia":[{"embeddable":true,"href":"https:\/\/legitgrams.com\/it\/wp-json\/wp\/v2\/media\/3253"}],"wp:attachment":[{"href":"https:\/\/legitgrams.com\/it\/wp-json\/wp\/v2\/media?parent=3241"}],"wp:term":[{"taxonomy":"product_brand","embeddable":true,"href":"https:\/\/legitgrams.com\/it\/wp-json\/wp\/v2\/product_brand?post=3241"},{"taxonomy":"product_cat","embeddable":true,"href":"https:\/\/legitgrams.com\/it\/wp-json\/wp\/v2\/product_cat?post=3241"},{"taxonomy":"product_tag","embeddable":true,"href":"https:\/\/legitgrams.com\/it\/wp-json\/wp\/v2\/product_tag?post=3241"}],"curies":[{"name":"wp","href":"https:\/\/api.w.org\/{rel}","templated":true}]}}