{"id":3243,"date":"2024-08-03T05:18:34","date_gmt":"2024-08-03T05:18:34","guid":{"rendered":"https:\/\/cokebricks.com\/?post_type=product&#038;p=3243"},"modified":"2025-01-14T07:00:00","modified_gmt":"2025-01-14T07:00:00","slug":"jwh021-nuovo","status":"publish","type":"product","link":"https:\/\/legitgrams.com\/it\/prodotto\/jwh021-nuovo\/","title":{"rendered":"Jwh021 nuovo"},"content":{"rendered":"<h2>Acquista la polvere JWH 021 online da un negozio statunitense.<\/h2>\n<p>JWH-018 Forniamo una serie di varianti del miscuglio di erbe denominato \"Spice\". Questo cannabinoide sintetico \u00e8 solitamente utilizzato illegalmente a causa delle sue propriet\u00e0 inebrianti, che sono paragonabili a quelle del 9-THC nella cannabis. Nonostante sia molto pi\u00f9 efficace di dosaggi di cannabis comparabili, JWH 021 \u00e8 anche molto difficile da identificare utilizzando le tecniche di test standard del 9-THC. JWH-021 \u00e8 stato aggiunto all'elenco delle sostanze e delle sostanze preoccupanti della Drug Enforcement Agency (DEA) degli Stati Uniti nel luglio 2009. Altri stati, come Alabama, Arkansas e Florida, hanno emanato leggi che limitano la vendita o il possesso di <a href=\"https:\/\/en.wikipedia.org\/wiki\/JWH-210\">Polvere JWH021<\/a> oltre alle segnalazioni di sequestri di Spice in Ohio e Florida.<\/p>\n<h3>In vendita: JWH 021 | Acquista JWH 021 su internet<\/h3>\n<p>WIN 55,212-2 \u00e8 la fonte di JWH 021, un aminoalchilindolo che funziona come agonista del recettore CB2 con un leggero grado di selettivit\u00e0. Per un rapporto CB1:CB2 di 3,061, i valori Ki per il legame ai recettori CB1 e CB2 sono rispettivamente 9,0 e 2,94 nM. I risultati dei test sui ratti erano simili a quelli di WIN 55,212-2 in termini di inibizione dell'attivit\u00e0 spontanea, impatto antinocicettivo massimo nell'esperimento di colpo di coda e temperatura rettale. Vendite di <a href=\"https:\/\/legitgrams.com\/it\/prodotto\/jwh021-nuovo\/\">JWH 021 polvere online<\/a> negli Stati Uniti<\/p>\n<h3>JWH 021 accessibile negli Stati Uniti<\/h3>\n<p>Studi di farmacologia animale indicano che la pillola JWH 021 funziona in modo simile al 9-THC. Causa catalessi, analgesia, un calo della temperatura corporea e una diminuzione generale dell'attivit\u00e0 nei topi. I ricercatori sono in grado di prevedere la psicoattivit\u00e0 in Gli individui che combinano tutti e quattro questi effetti sono simili agli individui che utilizzano il 9-THC. Sulla base dei suoi risultati in tutti e quattro i test, \u00e8 probabile che JWH 021 produca effetti psicoattivi negli esseri umani simili a quelli del THC. JWH 021 ha generato risposte soggettive che erano paragonabili al 9-THC negli studi sui ratti sulla discriminazione della droga e queste risposte si sono estese al 9-THC. JWH 021 pu\u00f2 funzionare in modo simile al 9-THC in vivo poich\u00e9 si lega al recettore dei cannabinoidi del cervello CB1 pi\u00f9 fortemente del 9-THC e mostra propriet\u00e0 agoniste nei test funzionali. <a href=\"https:\/\/legitgrams.com\/it\/\">LegitGrams<\/a><\/p>\n<p>&nbsp;<\/p>\n<p>&nbsp;<\/p>\n<h2><\/h2>\n<h2><\/h2>\n<h2><\/h2>\n<p>&nbsp;<\/p>","protected":false},"excerpt":{"rendered":"<p><b>JWH-018<\/b>\u00a0(<b>1-pentil-3-(1-naftoil)indolo<\/b>,\u00a0<b>NA-PIMO <\/b>o <b>AM-678<\/b>) <sup id=\"cite_ref-4\" class=\"reference\"><\/sup>\u00a0\u00e8 una sostanza chimica analgesica della famiglia dei naftoilindoli che agisce come agonista completo sia del CB<sub>1<\/sub>\u00a0e CB<sub>2<\/sub>\u00a0recettori dei cannabinoidi, con una certa selettivit\u00e0 per i CB<sub>2<\/sub>. Negli animali produce effetti simili a quelli del tetraidrocannabinolo (THC), un cannabinoide naturalmente presente nella cannabis, portando al suo utilizzo in prodotti sintetici a base di cannabis che in alcuni Paesi sono venduti legalmente come \"miscele di incenso\".<\/p>","protected":false},"featured_media":3252,"comment_status":"open","ping_status":"closed","template":"","meta":{"_uag_custom_page_level_css":"","site-sidebar-layout":"default","site-content-layout":"default","ast-global-header-display":"","ast-main-header-display":"","ast-hfb-above-header-display":"","ast-hfb-below-header-display":"","ast-hfb-mobile-header-display":"","site-post-title":"","ast-breadcrumbs-content":"","ast-featured-img":"","footer-sml-layout":"","theme-transparent-header-meta":"default","adv-header-id-meta":"","stick-header-meta":"default","header-above-stick-meta":"","header-main-stick-meta":"","header-below-stick-meta":"","_joinchat":[]},"product_brand":[],"product_cat":[190],"product_tag":[548,549,550,551,552],"class_list":{"0":"post-3243","1":"product","2":"type-product","3":"status-publish","4":"has-post-thumbnail","6":"product_cat-cannabinoids","7":"product_tag-best-place-to-order-jwh021-online","8":"product_tag-buy-jwh021-online","9":"product_tag-how-to-buy-jwh021-online-discreetly","10":"product_tag-jwh021","11":"product_tag-jwh021-for-sale","12":"desktop-align-left","13":"tablet-align-left","14":"mobile-align-left","15":"ast-product-gallery-layout-horizontal","16":"ast-product-gallery-with-no-image","17":"ast-product-single-variable","18":"ast-product-tabs-layout-horizontal","19":"ast-qv-on-image","21":"first","22":"instock","23":"shipping-taxable","24":"purchasable","25":"product-type-variable"},"yoast_head":"<!-- This site is optimized with the Yoast SEO plugin v25.9 - https:\/\/yoast.com\/wordpress\/plugins\/seo\/ -->\n<title>Jwh021 New for Sale - Order Jwh021 New Online | LegitGrams<\/title>\n<meta name=\"description\" content=\"Find premium Jwh021 new for sale at our online store, providing a secure platform to buy Jwh021 new online with ease, catering to your research needs.\" \/>\n<meta name=\"robots\" content=\"index, follow, max-snippet:-1, max-image-preview:large, max-video-preview:-1\" \/>\n<link rel=\"canonical\" href=\"https:\/\/legitgrams.com\/it\/prodotto\/jwh021-nuovo\/\" \/>\n<meta property=\"og:locale\" content=\"it_IT\" \/>\n<meta property=\"og:type\" content=\"article\" \/>\n<meta property=\"og:title\" content=\"Jwh021 New for Sale - Order Jwh021 New Online | LegitGrams\" \/>\n<meta property=\"og:description\" content=\"Find premium Jwh021 new for sale at our online store, providing a secure platform to buy Jwh021 new online with ease, catering to your research needs.\" \/>\n<meta property=\"og:url\" content=\"https:\/\/legitgrams.com\/it\/prodotto\/jwh021-nuovo\/\" \/>\n<meta property=\"og:site_name\" content=\"Legit Grams\" \/>\n<meta property=\"article:modified_time\" content=\"2025-01-14T07:00:00+00:00\" \/>\n<meta property=\"og:image\" content=\"https:\/\/legitgrams.com\/wp-content\/uploads\/2024\/08\/Jwh021-new.gif\" \/>\n\t<meta property=\"og:image:width\" content=\"600\" \/>\n\t<meta property=\"og:image:height\" content=\"600\" \/>\n\t<meta property=\"og:image:type\" content=\"image\/gif\" \/>\n<meta name=\"twitter:card\" content=\"summary_large_image\" \/>\n<meta name=\"twitter:label1\" content=\"Tempo di lettura stimato\" \/>\n\t<meta name=\"twitter:data1\" content=\"4 minuti\" \/>\n<script type=\"application\/ld+json\" class=\"yoast-schema-graph\">{\"@context\":\"https:\/\/schema.org\",\"@graph\":[{\"@type\":\"WebPage\",\"@id\":\"https:\/\/legitgrams.com\/product\/jwh021-new\/\",\"url\":\"https:\/\/legitgrams.com\/product\/jwh021-new\/\",\"name\":\"Jwh021 New for Sale - Order Jwh021 New Online | LegitGrams\",\"isPartOf\":{\"@id\":\"https:\/\/legitgrams.com\/#website\"},\"primaryImageOfPage\":{\"@id\":\"https:\/\/legitgrams.com\/product\/jwh021-new\/#primaryimage\"},\"image\":{\"@id\":\"https:\/\/legitgrams.com\/product\/jwh021-new\/#primaryimage\"},\"thumbnailUrl\":\"https:\/\/legitgrams.com\/wp-content\/uploads\/2024\/08\/Jwh021-new.gif\",\"datePublished\":\"2024-08-03T05:18:34+00:00\",\"dateModified\":\"2025-01-14T07:00:00+00:00\",\"description\":\"Find premium Jwh021 new for sale at our online store, providing a secure platform to buy Jwh021 new online with ease, catering to your research needs.\",\"breadcrumb\":{\"@id\":\"https:\/\/legitgrams.com\/product\/jwh021-new\/#breadcrumb\"},\"inLanguage\":\"it-IT\",\"potentialAction\":[{\"@type\":\"ReadAction\",\"target\":[\"https:\/\/legitgrams.com\/product\/jwh021-new\/\"]}]},{\"@type\":\"ImageObject\",\"inLanguage\":\"it-IT\",\"@id\":\"https:\/\/legitgrams.com\/product\/jwh021-new\/#primaryimage\",\"url\":\"https:\/\/legitgrams.com\/wp-content\/uploads\/2024\/08\/Jwh021-new.gif\",\"contentUrl\":\"https:\/\/legitgrams.com\/wp-content\/uploads\/2024\/08\/Jwh021-new.gif\",\"width\":600,\"height\":600,\"caption\":\"JWH-018\"},{\"@type\":\"BreadcrumbList\",\"@id\":\"https:\/\/legitgrams.com\/product\/jwh021-new\/#breadcrumb\",\"itemListElement\":[{\"@type\":\"ListItem\",\"position\":1,\"name\":\"Home\",\"item\":\"https:\/\/legitgrams.com\/\"},{\"@type\":\"ListItem\",\"position\":2,\"name\":\"Shop\",\"item\":\"https:\/\/legitgrams.com\/shop\/\"},{\"@type\":\"ListItem\",\"position\":3,\"name\":\"Jwh021 new\"}]},{\"@type\":\"WebSite\",\"@id\":\"https:\/\/legitgrams.com\/#website\",\"url\":\"https:\/\/legitgrams.com\/\",\"name\":\"Legit Grams\",\"description\":\"My WordPress Blog\",\"publisher\":{\"@id\":\"https:\/\/legitgrams.com\/#organization\"},\"potentialAction\":[{\"@type\":\"SearchAction\",\"target\":{\"@type\":\"EntryPoint\",\"urlTemplate\":\"https:\/\/legitgrams.com\/?s={search_term_string}\"},\"query-input\":{\"@type\":\"PropertyValueSpecification\",\"valueRequired\":true,\"valueName\":\"search_term_string\"}}],\"inLanguage\":\"it-IT\"},{\"@type\":\"Organization\",\"@id\":\"https:\/\/legitgrams.com\/#organization\",\"name\":\"Legit Grams\",\"url\":\"https:\/\/legitgrams.com\/\",\"logo\":{\"@type\":\"ImageObject\",\"inLanguage\":\"it-IT\",\"@id\":\"https:\/\/legitgrams.com\/#\/schema\/logo\/image\/\",\"url\":\"https:\/\/legitgrams.com\/wp-content\/uploads\/2024\/09\/main-logo.png\",\"contentUrl\":\"https:\/\/legitgrams.com\/wp-content\/uploads\/2024\/09\/main-logo.png\",\"width\":270,\"height\":75,\"caption\":\"Legit Grams\"},\"image\":{\"@id\":\"https:\/\/legitgrams.com\/#\/schema\/logo\/image\/\"}}]}<\/script>\n<!-- \/ Yoast SEO plugin. -->","yoast_head_json":{"title":"Jwh021 New in vendita - Ordina Jwh021 New online | LegitGrams","description":"Trova il premio Jwh021 nuovo in vendita nel nostro negozio online, che fornisce una piattaforma sicura per acquistare Jwh021 nuovo online con facilit\u00e0, soddisfacendo le vostre esigenze di ricerca.","robots":{"index":"index","follow":"follow","max-snippet":"max-snippet:-1","max-image-preview":"max-image-preview:large","max-video-preview":"max-video-preview:-1"},"canonical":"https:\/\/legitgrams.com\/it\/prodotto\/jwh021-nuovo\/","og_locale":"it_IT","og_type":"article","og_title":"Jwh021 New for Sale - Order Jwh021 New Online | LegitGrams","og_description":"Find premium Jwh021 new for sale at our online store, providing a secure platform to buy Jwh021 new online with ease, catering to your research needs.","og_url":"https:\/\/legitgrams.com\/it\/prodotto\/jwh021-nuovo\/","og_site_name":"Legit Grams","article_modified_time":"2025-01-14T07:00:00+00:00","og_image":[{"width":600,"height":600,"url":"https:\/\/legitgrams.com\/wp-content\/uploads\/2024\/08\/Jwh021-new.gif","type":"image\/gif"}],"twitter_card":"summary_large_image","twitter_misc":{"Tempo di lettura stimato":"4 minuti"},"schema":{"@context":"https:\/\/schema.org","@graph":[{"@type":"WebPage","@id":"https:\/\/legitgrams.com\/product\/jwh021-new\/","url":"https:\/\/legitgrams.com\/product\/jwh021-new\/","name":"Jwh021 New in vendita - Ordina Jwh021 New online | LegitGrams","isPartOf":{"@id":"https:\/\/legitgrams.com\/#website"},"primaryImageOfPage":{"@id":"https:\/\/legitgrams.com\/product\/jwh021-new\/#primaryimage"},"image":{"@id":"https:\/\/legitgrams.com\/product\/jwh021-new\/#primaryimage"},"thumbnailUrl":"https:\/\/legitgrams.com\/wp-content\/uploads\/2024\/08\/Jwh021-new.gif","datePublished":"2024-08-03T05:18:34+00:00","dateModified":"2025-01-14T07:00:00+00:00","description":"Trova il premio Jwh021 nuovo in vendita nel nostro negozio online, che fornisce una piattaforma sicura per acquistare Jwh021 nuovo online con facilit\u00e0, soddisfacendo le vostre esigenze di ricerca.","breadcrumb":{"@id":"https:\/\/legitgrams.com\/product\/jwh021-new\/#breadcrumb"},"inLanguage":"it-IT","potentialAction":[{"@type":"ReadAction","target":["https:\/\/legitgrams.com\/product\/jwh021-new\/"]}]},{"@type":"ImageObject","inLanguage":"it-IT","@id":"https:\/\/legitgrams.com\/product\/jwh021-new\/#primaryimage","url":"https:\/\/legitgrams.com\/wp-content\/uploads\/2024\/08\/Jwh021-new.gif","contentUrl":"https:\/\/legitgrams.com\/wp-content\/uploads\/2024\/08\/Jwh021-new.gif","width":600,"height":600,"caption":"JWH-018"},{"@type":"BreadcrumbList","@id":"https:\/\/legitgrams.com\/product\/jwh021-new\/#breadcrumb","itemListElement":[{"@type":"ListItem","position":1,"name":"Home","item":"https:\/\/legitgrams.com\/"},{"@type":"ListItem","position":2,"name":"Shop","item":"https:\/\/legitgrams.com\/shop\/"},{"@type":"ListItem","position":3,"name":"Jwh021 new"}]},{"@type":"WebSite","@id":"https:\/\/legitgrams.com\/#website","url":"https:\/\/legitgrams.com\/","name":"Grammi legittimi","description":"Il mio blog WordPress","publisher":{"@id":"https:\/\/legitgrams.com\/#organization"},"potentialAction":[{"@type":"SearchAction","target":{"@type":"EntryPoint","urlTemplate":"https:\/\/legitgrams.com\/?s={search_term_string}"},"query-input":{"@type":"PropertyValueSpecification","valueRequired":true,"valueName":"search_term_string"}}],"inLanguage":"it-IT"},{"@type":"Organization","@id":"https:\/\/legitgrams.com\/#organization","name":"Grammi legittimi","url":"https:\/\/legitgrams.com\/","logo":{"@type":"ImageObject","inLanguage":"it-IT","@id":"https:\/\/legitgrams.com\/#\/schema\/logo\/image\/","url":"https:\/\/legitgrams.com\/wp-content\/uploads\/2024\/09\/main-logo.png","contentUrl":"https:\/\/legitgrams.com\/wp-content\/uploads\/2024\/09\/main-logo.png","width":270,"height":75,"caption":"Legit Grams"},"image":{"@id":"https:\/\/legitgrams.com\/#\/schema\/logo\/image\/"}}]}},"uagb_featured_image_src":{"full":["https:\/\/legitgrams.com\/wp-content\/uploads\/2024\/08\/Jwh021-new.gif",600,600,false],"thumbnail":["https:\/\/legitgrams.com\/wp-content\/uploads\/2024\/08\/Jwh021-new-150x150.gif",150,150,true],"medium":["https:\/\/legitgrams.com\/wp-content\/uploads\/2024\/08\/Jwh021-new-300x300.gif",300,300,true],"medium_large":["https:\/\/legitgrams.com\/wp-content\/uploads\/2024\/08\/Jwh021-new.gif",600,600,false],"large":["https:\/\/legitgrams.com\/wp-content\/uploads\/2024\/08\/Jwh021-new.gif",600,600,false],"1536x1536":["https:\/\/legitgrams.com\/wp-content\/uploads\/2024\/08\/Jwh021-new.gif",600,600,false],"2048x2048":["https:\/\/legitgrams.com\/wp-content\/uploads\/2024\/08\/Jwh021-new.gif",600,600,false],"trp-custom-language-flag":["https:\/\/legitgrams.com\/wp-content\/uploads\/2024\/08\/Jwh021-new-12x12.gif",12,12,true],"woocommerce_thumbnail":["https:\/\/legitgrams.com\/wp-content\/uploads\/2024\/08\/Jwh021-new-300x300.gif",300,300,true],"woocommerce_single":["https:\/\/legitgrams.com\/wp-content\/uploads\/2024\/08\/Jwh021-new.gif",600,600,false],"woocommerce_gallery_thumbnail":["https:\/\/legitgrams.com\/wp-content\/uploads\/2024\/08\/Jwh021-new-100x100.gif",100,100,true]},"uagb_author_info":{"display_name":"cokeblog18","author_link":"https:\/\/legitgrams.com\/it\/author\/"},"uagb_comment_info":0,"uagb_excerpt":"JWH-018\u00a0(1-pentyl-3-(1-naphthoyl)indole,\u00a0NA-PIMO or AM-678) \u00a0is an\u00a0analgesic\u00a0chemical from the\u00a0naphthoylindole\u00a0family that acts as a\u00a0full agonist\u00a0at both the CB1\u00a0and CB2\u00a0cannabinoid receptors, with some\u00a0selectivity\u00a0for CB2. It produces effects in animals similar to those of\u00a0tetrahydrocannabinol\u00a0(THC), a cannabinoid naturally present in cannabis, leading to its use in\u00a0synthetic cannabis\u00a0products that in some countries are sold legally as \"incense blends\".","_links":{"self":[{"href":"https:\/\/legitgrams.com\/it\/wp-json\/wp\/v2\/product\/3243","targetHints":{"allow":["GET"]}}],"collection":[{"href":"https:\/\/legitgrams.com\/it\/wp-json\/wp\/v2\/product"}],"about":[{"href":"https:\/\/legitgrams.com\/it\/wp-json\/wp\/v2\/types\/product"}],"replies":[{"embeddable":true,"href":"https:\/\/legitgrams.com\/it\/wp-json\/wp\/v2\/comments?post=3243"}],"wp:featuredmedia":[{"embeddable":true,"href":"https:\/\/legitgrams.com\/it\/wp-json\/wp\/v2\/media\/3252"}],"wp:attachment":[{"href":"https:\/\/legitgrams.com\/it\/wp-json\/wp\/v2\/media?parent=3243"}],"wp:term":[{"taxonomy":"product_brand","embeddable":true,"href":"https:\/\/legitgrams.com\/it\/wp-json\/wp\/v2\/product_brand?post=3243"},{"taxonomy":"product_cat","embeddable":true,"href":"https:\/\/legitgrams.com\/it\/wp-json\/wp\/v2\/product_cat?post=3243"},{"taxonomy":"product_tag","embeddable":true,"href":"https:\/\/legitgrams.com\/it\/wp-json\/wp\/v2\/product_tag?post=3243"}],"curies":[{"name":"wp","href":"https:\/\/api.w.org\/{rel}","templated":true}]}}