{"id":3244,"date":"2024-08-03T05:18:51","date_gmt":"2024-08-03T05:18:51","guid":{"rendered":"https:\/\/cokebricks.com\/?post_type=product&#038;p=3244"},"modified":"2025-01-15T05:34:47","modified_gmt":"2025-01-15T05:34:47","slug":"sgt-78","status":"publish","type":"product","link":"https:\/\/legitgrams.com\/it\/prodotto\/sgt-78\/","title":{"rendered":"Sgt-78"},"content":{"rendered":"<h2>Acquista SGT-78 ONLINE<\/h2>\n<p>Acquistare SGT-78 via Internet. L'SGT-78 \u00e8 uno dei cannabinoidi con una specificit\u00e0 relativamente bassa. Tuttavia, nelle cavie, \u00e8 un potente agonista dei recettori CB1 e CB2.<\/p>\n<p>Dal punto di vista chimico, <a href=\"https:\/\/legitgrams.com\/it\/prodotto\/sgt-78\/\">SGT-78<\/a> \u00e8 paragonabile a <a href=\"https:\/\/en.wikipedia.org\/wiki\/CUMYL-4CN-BINACA\">5F-Cumil-PINACA<\/a> con l'eccezione che la catena alchilica termina con un gruppo ciano. Non \u00e8 chiaro quanto questo possa convertirsi in cianuro nei soggetti viventi.<\/p>\n<p>Se conservato correttamente, questo prodotto dovrebbe mantenere la sua piena efficacia per almeno due anni. Deve essere conservato in un luogo fresco e asciutto. Profilo farmacologico della cannabis legale.<\/p>\n<p>Questa sostanza non \u00e8 destinata all'ingestione da parte dell'uomo. Inoltre, non dovrebbe essere maneggiata da operatori inesperti o senza i necessari dispositivi di sicurezza. Viene offerta esclusivamente per l'uso in laboratorio come sostanza chimica di ricerca. <a href=\"https:\/\/legitgrams.com\/it\/\">LegitGrams<\/a><\/p>\n<h3>Acquistare SGT-78 Scientific online<\/h3>\n<p>In una recente pubblicazione su \"Boondocks in Pharmacology\", i ricercatori hanno esaminato gli effetti dell'SGT-78 sui topi. Hanno scoperto che pu\u00f2 avere effetti convulsivi e causare una reazione ipotermica perch\u00e9 si lega fortemente ai recettori CB1. In particolare, gli esperti hanno ipotizzato che questi effetti si verificano a una concentrazione inferiore a quella di qualsiasi altro cannabinoide sintetico, indicando che funziona con una potenza notevolmente elevata all'interno del sistema endocannabinoide.<\/p>\n<p>&nbsp;<\/p>","protected":false},"excerpt":{"rendered":"<p>Purchase SGT-78 ONLINE Purchase SGT-78 via the internet. SGT-78 is one of the cannabinoids with a relatively low specificity. Nonetheless, in test subjects, they are potent agonists of both CB1 and CB2 receptors. Chemically speaking, SGT-78 is comparable to 5F-Cumyl-PINACA with the exception that the alkyl chain ends in a cyano group. It is unclear &hellip;<\/p>\n<p class=\"read-more\"> <a class=\"\" href=\"https:\/\/legitgrams.com\/it\/prodotto\/sgt-78\/\"> <span class=\"screen-reader-text\">Sgt-78<\/span> Leggi tutto \"<\/a><\/p>","protected":false},"featured_media":3255,"comment_status":"open","ping_status":"closed","template":"","meta":{"_uag_custom_page_level_css":"","site-sidebar-layout":"default","site-content-layout":"default","ast-global-header-display":"","ast-main-header-display":"","ast-hfb-above-header-display":"","ast-hfb-below-header-display":"","ast-hfb-mobile-header-display":"","site-post-title":"","ast-breadcrumbs-content":"","ast-featured-img":"","footer-sml-layout":"","theme-transparent-header-meta":"default","adv-header-id-meta":"","stick-header-meta":"default","header-above-stick-meta":"","header-main-stick-meta":"","header-below-stick-meta":"","_joinchat":[]},"product_brand":[],"product_cat":[190],"product_tag":[488,489,490,435,491,465,466,237,461,467],"class_list":{"0":"post-3244","1":"product","2":"type-product","3":"status-publish","4":"has-post-thumbnail","6":"product_cat-cannabinoids","7":"product_tag-4-cyano-cumyl-butinaca-effects","8":"product_tag-4-cyano-cumyl-butinaca-drug-test","9":"product_tag-4cn-binaca-adb","10":"product_tag-4f-mdmb-binaca","11":"product_tag-5f-mdmb-2201-cannabinoid","12":"product_tag-5f-cumyl-p7aica","13":"product_tag-5f-cumyl-pinaca","14":"product_tag-5f-mdmb-2201","15":"product_tag-5f-mdmb-2201-cayman","16":"product_tag-cumyl-cb-pinaca","17":"desktop-align-left","18":"tablet-align-left","19":"mobile-align-left","20":"ast-product-gallery-layout-horizontal","21":"ast-product-gallery-with-no-image","22":"ast-product-single-variable","23":"ast-product-tabs-layout-horizontal","24":"ast-qv-on-image","26":"first","27":"instock","28":"shipping-taxable","29":"purchasable","30":"product-type-variable"},"yoast_head":"<!-- This site is optimized with the Yoast SEO plugin v25.9 - https:\/\/yoast.com\/wordpress\/plugins\/seo\/ -->\n<title>Sgt-78 Powder for Sale - Buy Sgt-78 Online with Fastest Shipping<\/title>\n<meta name=\"description\" content=\"If you want to buy Sgt-78 powder online and looking for a reliable online store, then buy here. We offer only high-quality Sgt-78 for sale at an affordable price. Order Sgt-78 Now!\" \/>\n<meta name=\"robots\" content=\"index, follow, max-snippet:-1, max-image-preview:large, max-video-preview:-1\" \/>\n<link rel=\"canonical\" href=\"https:\/\/legitgrams.com\/it\/prodotto\/sgt-78\/\" \/>\n<meta property=\"og:locale\" content=\"it_IT\" \/>\n<meta property=\"og:type\" content=\"article\" \/>\n<meta property=\"og:title\" content=\"Sgt-78 Powder for Sale - Buy Sgt-78 Online with Fastest Shipping\" \/>\n<meta property=\"og:description\" content=\"If you want to buy Sgt-78 powder online and looking for a reliable online store, then buy here. We offer only high-quality Sgt-78 for sale at an affordable price. Order Sgt-78 Now!\" \/>\n<meta property=\"og:url\" content=\"https:\/\/legitgrams.com\/it\/prodotto\/sgt-78\/\" \/>\n<meta property=\"og:site_name\" content=\"Legit Grams\" \/>\n<meta property=\"article:modified_time\" content=\"2025-01-15T05:34:47+00:00\" \/>\n<meta property=\"og:image\" content=\"https:\/\/legitgrams.com\/wp-content\/uploads\/2024\/08\/Sgt-78.gif\" \/>\n\t<meta property=\"og:image:width\" content=\"600\" \/>\n\t<meta property=\"og:image:height\" content=\"600\" \/>\n\t<meta property=\"og:image:type\" content=\"image\/gif\" \/>\n<meta name=\"twitter:card\" content=\"summary_large_image\" \/>\n<meta name=\"twitter:label1\" content=\"Tempo di lettura stimato\" \/>\n\t<meta name=\"twitter:data1\" content=\"2 minuti\" \/>\n<script type=\"application\/ld+json\" class=\"yoast-schema-graph\">{\"@context\":\"https:\/\/schema.org\",\"@graph\":[{\"@type\":\"WebPage\",\"@id\":\"https:\/\/legitgrams.com\/product\/sgt-78\/\",\"url\":\"https:\/\/legitgrams.com\/product\/sgt-78\/\",\"name\":\"Sgt-78 Powder for Sale - Buy Sgt-78 Online with Fastest Shipping\",\"isPartOf\":{\"@id\":\"https:\/\/legitgrams.com\/#website\"},\"primaryImageOfPage\":{\"@id\":\"https:\/\/legitgrams.com\/product\/sgt-78\/#primaryimage\"},\"image\":{\"@id\":\"https:\/\/legitgrams.com\/product\/sgt-78\/#primaryimage\"},\"thumbnailUrl\":\"https:\/\/legitgrams.com\/wp-content\/uploads\/2024\/08\/Sgt-78.gif\",\"datePublished\":\"2024-08-03T05:18:51+00:00\",\"dateModified\":\"2025-01-15T05:34:47+00:00\",\"description\":\"If you want to buy Sgt-78 powder online and looking for a reliable online store, then buy here. We offer only high-quality Sgt-78 for sale at an affordable price. Order Sgt-78 Now!\",\"breadcrumb\":{\"@id\":\"https:\/\/legitgrams.com\/product\/sgt-78\/#breadcrumb\"},\"inLanguage\":\"it-IT\",\"potentialAction\":[{\"@type\":\"ReadAction\",\"target\":[\"https:\/\/legitgrams.com\/product\/sgt-78\/\"]}]},{\"@type\":\"ImageObject\",\"inLanguage\":\"it-IT\",\"@id\":\"https:\/\/legitgrams.com\/product\/sgt-78\/#primaryimage\",\"url\":\"https:\/\/legitgrams.com\/wp-content\/uploads\/2024\/08\/Sgt-78.gif\",\"contentUrl\":\"https:\/\/legitgrams.com\/wp-content\/uploads\/2024\/08\/Sgt-78.gif\",\"width\":600,\"height\":600,\"caption\":\"Sgt-78 Powder for Sale\"},{\"@type\":\"BreadcrumbList\",\"@id\":\"https:\/\/legitgrams.com\/product\/sgt-78\/#breadcrumb\",\"itemListElement\":[{\"@type\":\"ListItem\",\"position\":1,\"name\":\"Home\",\"item\":\"https:\/\/legitgrams.com\/\"},{\"@type\":\"ListItem\",\"position\":2,\"name\":\"Shop\",\"item\":\"https:\/\/legitgrams.com\/shop\/\"},{\"@type\":\"ListItem\",\"position\":3,\"name\":\"Sgt-78\"}]},{\"@type\":\"WebSite\",\"@id\":\"https:\/\/legitgrams.com\/#website\",\"url\":\"https:\/\/legitgrams.com\/\",\"name\":\"Legit Grams\",\"description\":\"My WordPress Blog\",\"publisher\":{\"@id\":\"https:\/\/legitgrams.com\/#organization\"},\"potentialAction\":[{\"@type\":\"SearchAction\",\"target\":{\"@type\":\"EntryPoint\",\"urlTemplate\":\"https:\/\/legitgrams.com\/?s={search_term_string}\"},\"query-input\":{\"@type\":\"PropertyValueSpecification\",\"valueRequired\":true,\"valueName\":\"search_term_string\"}}],\"inLanguage\":\"it-IT\"},{\"@type\":\"Organization\",\"@id\":\"https:\/\/legitgrams.com\/#organization\",\"name\":\"Legit Grams\",\"url\":\"https:\/\/legitgrams.com\/\",\"logo\":{\"@type\":\"ImageObject\",\"inLanguage\":\"it-IT\",\"@id\":\"https:\/\/legitgrams.com\/#\/schema\/logo\/image\/\",\"url\":\"https:\/\/legitgrams.com\/wp-content\/uploads\/2024\/09\/main-logo.png\",\"contentUrl\":\"https:\/\/legitgrams.com\/wp-content\/uploads\/2024\/09\/main-logo.png\",\"width\":270,\"height\":75,\"caption\":\"Legit Grams\"},\"image\":{\"@id\":\"https:\/\/legitgrams.com\/#\/schema\/logo\/image\/\"}}]}<\/script>\n<!-- \/ Yoast SEO plugin. -->","yoast_head_json":{"title":"Sgt-78 polvere in vendita - Acquistare Sgt-78 online con spedizione veloce","description":"Se volete acquistare la polvere Sgt-78 online e cercate un negozio online affidabile, allora comprate qui. Offriamo solo Sgt-78 di alta qualit\u00e0 in vendita ad un prezzo accessibile. Ordina Sgt-78 ora!","robots":{"index":"index","follow":"follow","max-snippet":"max-snippet:-1","max-image-preview":"max-image-preview:large","max-video-preview":"max-video-preview:-1"},"canonical":"https:\/\/legitgrams.com\/it\/prodotto\/sgt-78\/","og_locale":"it_IT","og_type":"article","og_title":"Sgt-78 Powder for Sale - Buy Sgt-78 Online with Fastest Shipping","og_description":"If you want to buy Sgt-78 powder online and looking for a reliable online store, then buy here. We offer only high-quality Sgt-78 for sale at an affordable price. Order Sgt-78 Now!","og_url":"https:\/\/legitgrams.com\/it\/prodotto\/sgt-78\/","og_site_name":"Legit Grams","article_modified_time":"2025-01-15T05:34:47+00:00","og_image":[{"width":600,"height":600,"url":"https:\/\/legitgrams.com\/wp-content\/uploads\/2024\/08\/Sgt-78.gif","type":"image\/gif"}],"twitter_card":"summary_large_image","twitter_misc":{"Tempo di lettura stimato":"2 minuti"},"schema":{"@context":"https:\/\/schema.org","@graph":[{"@type":"WebPage","@id":"https:\/\/legitgrams.com\/product\/sgt-78\/","url":"https:\/\/legitgrams.com\/product\/sgt-78\/","name":"Sgt-78 polvere in vendita - Acquistare Sgt-78 online con spedizione veloce","isPartOf":{"@id":"https:\/\/legitgrams.com\/#website"},"primaryImageOfPage":{"@id":"https:\/\/legitgrams.com\/product\/sgt-78\/#primaryimage"},"image":{"@id":"https:\/\/legitgrams.com\/product\/sgt-78\/#primaryimage"},"thumbnailUrl":"https:\/\/legitgrams.com\/wp-content\/uploads\/2024\/08\/Sgt-78.gif","datePublished":"2024-08-03T05:18:51+00:00","dateModified":"2025-01-15T05:34:47+00:00","description":"Se volete acquistare la polvere Sgt-78 online e cercate un negozio online affidabile, allora comprate qui. Offriamo solo Sgt-78 di alta qualit\u00e0 in vendita ad un prezzo accessibile. Ordina Sgt-78 ora!","breadcrumb":{"@id":"https:\/\/legitgrams.com\/product\/sgt-78\/#breadcrumb"},"inLanguage":"it-IT","potentialAction":[{"@type":"ReadAction","target":["https:\/\/legitgrams.com\/product\/sgt-78\/"]}]},{"@type":"ImageObject","inLanguage":"it-IT","@id":"https:\/\/legitgrams.com\/product\/sgt-78\/#primaryimage","url":"https:\/\/legitgrams.com\/wp-content\/uploads\/2024\/08\/Sgt-78.gif","contentUrl":"https:\/\/legitgrams.com\/wp-content\/uploads\/2024\/08\/Sgt-78.gif","width":600,"height":600,"caption":"Sgt-78 Powder for Sale"},{"@type":"BreadcrumbList","@id":"https:\/\/legitgrams.com\/product\/sgt-78\/#breadcrumb","itemListElement":[{"@type":"ListItem","position":1,"name":"Home","item":"https:\/\/legitgrams.com\/"},{"@type":"ListItem","position":2,"name":"Shop","item":"https:\/\/legitgrams.com\/shop\/"},{"@type":"ListItem","position":3,"name":"Sgt-78"}]},{"@type":"WebSite","@id":"https:\/\/legitgrams.com\/#website","url":"https:\/\/legitgrams.com\/","name":"Grammi legittimi","description":"Il mio blog WordPress","publisher":{"@id":"https:\/\/legitgrams.com\/#organization"},"potentialAction":[{"@type":"SearchAction","target":{"@type":"EntryPoint","urlTemplate":"https:\/\/legitgrams.com\/?s={search_term_string}"},"query-input":{"@type":"PropertyValueSpecification","valueRequired":true,"valueName":"search_term_string"}}],"inLanguage":"it-IT"},{"@type":"Organization","@id":"https:\/\/legitgrams.com\/#organization","name":"Grammi legittimi","url":"https:\/\/legitgrams.com\/","logo":{"@type":"ImageObject","inLanguage":"it-IT","@id":"https:\/\/legitgrams.com\/#\/schema\/logo\/image\/","url":"https:\/\/legitgrams.com\/wp-content\/uploads\/2024\/09\/main-logo.png","contentUrl":"https:\/\/legitgrams.com\/wp-content\/uploads\/2024\/09\/main-logo.png","width":270,"height":75,"caption":"Legit Grams"},"image":{"@id":"https:\/\/legitgrams.com\/#\/schema\/logo\/image\/"}}]}},"uagb_featured_image_src":{"full":["https:\/\/legitgrams.com\/wp-content\/uploads\/2024\/08\/Sgt-78.gif",600,600,false],"thumbnail":["https:\/\/legitgrams.com\/wp-content\/uploads\/2024\/08\/Sgt-78-150x150.gif",150,150,true],"medium":["https:\/\/legitgrams.com\/wp-content\/uploads\/2024\/08\/Sgt-78-300x300.gif",300,300,true],"medium_large":["https:\/\/legitgrams.com\/wp-content\/uploads\/2024\/08\/Sgt-78.gif",600,600,false],"large":["https:\/\/legitgrams.com\/wp-content\/uploads\/2024\/08\/Sgt-78.gif",600,600,false],"1536x1536":["https:\/\/legitgrams.com\/wp-content\/uploads\/2024\/08\/Sgt-78.gif",600,600,false],"2048x2048":["https:\/\/legitgrams.com\/wp-content\/uploads\/2024\/08\/Sgt-78.gif",600,600,false],"trp-custom-language-flag":["https:\/\/legitgrams.com\/wp-content\/uploads\/2024\/08\/Sgt-78-12x12.gif",12,12,true],"woocommerce_thumbnail":["https:\/\/legitgrams.com\/wp-content\/uploads\/2024\/08\/Sgt-78-300x300.gif",300,300,true],"woocommerce_single":["https:\/\/legitgrams.com\/wp-content\/uploads\/2024\/08\/Sgt-78.gif",600,600,false],"woocommerce_gallery_thumbnail":["https:\/\/legitgrams.com\/wp-content\/uploads\/2024\/08\/Sgt-78-100x100.gif",100,100,true]},"uagb_author_info":{"display_name":"cokeblog18","author_link":"https:\/\/legitgrams.com\/it\/author\/"},"uagb_comment_info":0,"uagb_excerpt":"Purchase SGT-78 ONLINE Purchase SGT-78 via the internet. SGT-78 is one of the cannabinoids with a relatively low specificity. Nonetheless, in test subjects, they are potent agonists of both CB1 and CB2 receptors. Chemically speaking, SGT-78 is comparable to 5F-Cumyl-PINACA with the exception that the alkyl chain ends in a cyano group. It is unclear&hellip;","_links":{"self":[{"href":"https:\/\/legitgrams.com\/it\/wp-json\/wp\/v2\/product\/3244","targetHints":{"allow":["GET"]}}],"collection":[{"href":"https:\/\/legitgrams.com\/it\/wp-json\/wp\/v2\/product"}],"about":[{"href":"https:\/\/legitgrams.com\/it\/wp-json\/wp\/v2\/types\/product"}],"replies":[{"embeddable":true,"href":"https:\/\/legitgrams.com\/it\/wp-json\/wp\/v2\/comments?post=3244"}],"wp:featuredmedia":[{"embeddable":true,"href":"https:\/\/legitgrams.com\/it\/wp-json\/wp\/v2\/media\/3255"}],"wp:attachment":[{"href":"https:\/\/legitgrams.com\/it\/wp-json\/wp\/v2\/media?parent=3244"}],"wp:term":[{"taxonomy":"product_brand","embeddable":true,"href":"https:\/\/legitgrams.com\/it\/wp-json\/wp\/v2\/product_brand?post=3244"},{"taxonomy":"product_cat","embeddable":true,"href":"https:\/\/legitgrams.com\/it\/wp-json\/wp\/v2\/product_cat?post=3244"},{"taxonomy":"product_tag","embeddable":true,"href":"https:\/\/legitgrams.com\/it\/wp-json\/wp\/v2\/product_tag?post=3244"}],"curies":[{"name":"wp","href":"https:\/\/api.w.org\/{rel}","templated":true}]}}