{"id":3261,"date":"2024-08-03T05:26:55","date_gmt":"2024-08-03T05:26:55","guid":{"rendered":"https:\/\/cokebricks.com\/?post_type=product&#038;p=3261"},"modified":"2025-01-13T08:09:28","modified_gmt":"2025-01-13T08:09:28","slug":"aggiungere-b","status":"publish","type":"product","link":"https:\/\/legitgrams.com\/it\/prodotto\/aggiungere-b\/","title":{"rendered":"ADD-B"},"content":{"rendered":"<h2>In vendita: ADD-B<\/h2>\n<p><a href=\"https:\/\/legitgrams.com\/it\/prodotto\/aggiungere-b\/\">ADD-B<\/a> pu\u00f2 essere acquistato online. \u00c8 una cannabis sintetica che \u00e8 strutturalmente categorizzata e utilizzata come standard di riferimento nelle analisi. Non si conoscono le propriet\u00e0 fisiologiche e tossicologiche di questa sostanza chimica. 4. Il Cyan CUMYL-BUTINACA \u00e8 categorizzato come sostanza di Tabella I negli Stati Uniti. Questo gadget \u00e8 destinato all'uso in applicazioni di ricerca e forensi.<\/p>\n<p>Utilizzo: l'ADD-B \u00e8 utilizzato principalmente per scopi di ricerca e non \u00e8 destinato al consumo umano o animale.<\/p>\n<h3>Acquista ADD-B online.Comprar ADD-B en l\u00ednea.<\/h3>\n<p><a href=\"https:\/\/en.wikipedia.org\/wiki\/ADB\">ADD-B<\/a> \u00e8 una cannabis sintetica. \u00c8 un membro della famiglia di cannabinoidi indazolici, in particolare la sottoclasse nota come indazolo-3-carbossamide. \u00c8 strettamente correlata a una classe di composti correlati sviluppati da Pfizer nel 2009. Questi erano inizialmente sviluppati come analgesici. Questo \u00e8 un forte agonista CB1, simile alla maggior parte dei cannabinoidi sintetici che contengono indazoli. Le statistiche ufficiali sono poche, sebbene l'esperienza aneddotica suggerisca una dose attiva bassa come 1\/10 di milligrammo. Acquista ADD-B online.<\/p>\n<h3>\u00c8 autorizzato l'uso di CN-BINACA-ADB.<\/h3>\n<p>Si noti che nessuna giurisdizione riconosciuta riconosce l'ADD-B come farmaco, terapia o integratore alimentare. Non dovrebbe mai essere utilizzato in esperimenti chimici in vivo o consumato dagli esseri umani; \u00e8 disponibile solo per l'uso come sostanza chimica di ricerca. \u00c8 disponibile solo per la calibrazione del campione e la ricerca in vitro. <a href=\"https:\/\/legitgrams.com\/it\/\">LegitGrams<\/a><\/p>","protected":false},"excerpt":{"rendered":"<p>For Sale: ADD-B ADD-B can be bought online. It is a synthetic cannabis that is structurally categorized and used as a reference standard in analysis. It is unknown what the physiological and toxicological properties of this chemical are. 4. Cyan CUMYL-BUTINACA is categorized as a Schedule I substance in the United States. This gadget is &hellip;<\/p>\n<p class=\"read-more\"> <a class=\"\" href=\"https:\/\/legitgrams.com\/it\/prodotto\/aggiungere-b\/\"> <span class=\"screen-reader-text\">ADD-B<\/span> Leggi tutto \"<\/a><\/p>","protected":false},"featured_media":3273,"comment_status":"open","ping_status":"closed","template":"","meta":{"_uag_custom_page_level_css":"","site-sidebar-layout":"default","site-content-layout":"default","ast-global-header-display":"","ast-main-header-display":"","ast-hfb-above-header-display":"","ast-hfb-below-header-display":"","ast-hfb-mobile-header-display":"","site-post-title":"","ast-breadcrumbs-content":"","ast-featured-img":"","footer-sml-layout":"","theme-transparent-header-meta":"default","adv-header-id-meta":"","stick-header-meta":"default","header-above-stick-meta":"","header-main-stick-meta":"","header-below-stick-meta":"","_joinchat":[]},"product_brand":[],"product_cat":[190],"product_tag":[545,544,543,546,547,541,542],"class_list":{"0":"post-3261","1":"product","2":"type-product","3":"status-publish","4":"has-post-thumbnail","6":"product_cat-cannabinoids","7":"product_tag-add-b-cannabinoids-for-sale","8":"product_tag-add-b-crystals-for-sale","9":"product_tag-add-b-for-sale","10":"product_tag-add-b-for-sale-online","11":"product_tag-add-b-powder-for-sale","12":"product_tag-buy-add-b","13":"product_tag-buy-add-b-online","14":"desktop-align-left","15":"tablet-align-left","16":"mobile-align-left","17":"ast-product-gallery-layout-horizontal","18":"ast-product-gallery-with-no-image","19":"ast-product-single-variable","20":"ast-product-tabs-layout-horizontal","21":"ast-qv-on-image","23":"first","24":"instock","25":"shipping-taxable","26":"purchasable","27":"product-type-variable"},"yoast_head":"<!-- This site is optimized with the Yoast SEO plugin v25.9 - https:\/\/yoast.com\/wordpress\/plugins\/seo\/ -->\n<title>ADD-B for Sale - Order ADD-B Powder Online | LegitGrams<\/title>\n<meta name=\"description\" content=\"You can get add-b for sale at the best rates from our online store LegitGrams. We are here to help you buy add-b online. Order Today with Discreet Delivery!\" \/>\n<meta name=\"robots\" content=\"index, follow, max-snippet:-1, max-image-preview:large, max-video-preview:-1\" \/>\n<link rel=\"canonical\" href=\"https:\/\/legitgrams.com\/it\/prodotto\/aggiungere-b\/\" \/>\n<meta property=\"og:locale\" content=\"it_IT\" \/>\n<meta property=\"og:type\" content=\"article\" \/>\n<meta property=\"og:title\" content=\"ADD-B for Sale - Order ADD-B Powder Online | LegitGrams\" \/>\n<meta property=\"og:description\" content=\"You can get add-b for sale at the best rates from our online store LegitGrams. We are here to help you buy add-b online. Order Today with Discreet Delivery!\" \/>\n<meta property=\"og:url\" content=\"https:\/\/legitgrams.com\/it\/prodotto\/aggiungere-b\/\" \/>\n<meta property=\"og:site_name\" content=\"Legit Grams\" \/>\n<meta property=\"article:modified_time\" content=\"2025-01-13T08:09:28+00:00\" \/>\n<meta property=\"og:image\" content=\"https:\/\/legitgrams.com\/wp-content\/uploads\/2024\/08\/Add-b.gif\" \/>\n\t<meta property=\"og:image:width\" content=\"600\" \/>\n\t<meta property=\"og:image:height\" content=\"600\" \/>\n\t<meta property=\"og:image:type\" content=\"image\/gif\" \/>\n<meta name=\"twitter:card\" content=\"summary_large_image\" \/>\n<meta name=\"twitter:label1\" content=\"Tempo di lettura stimato\" \/>\n\t<meta name=\"twitter:data1\" content=\"2 minuti\" \/>\n<script type=\"application\/ld+json\" class=\"yoast-schema-graph\">{\"@context\":\"https:\/\/schema.org\",\"@graph\":[{\"@type\":\"WebPage\",\"@id\":\"https:\/\/legitgrams.com\/product\/add-b\/\",\"url\":\"https:\/\/legitgrams.com\/product\/add-b\/\",\"name\":\"ADD-B for Sale - Order ADD-B Powder Online | LegitGrams\",\"isPartOf\":{\"@id\":\"https:\/\/legitgrams.com\/#website\"},\"primaryImageOfPage\":{\"@id\":\"https:\/\/legitgrams.com\/product\/add-b\/#primaryimage\"},\"image\":{\"@id\":\"https:\/\/legitgrams.com\/product\/add-b\/#primaryimage\"},\"thumbnailUrl\":\"https:\/\/legitgrams.com\/wp-content\/uploads\/2024\/08\/Add-b.gif\",\"datePublished\":\"2024-08-03T05:26:55+00:00\",\"dateModified\":\"2025-01-13T08:09:28+00:00\",\"description\":\"You can get add-b for sale at the best rates from our online store LegitGrams. We are here to help you buy add-b online. Order Today with Discreet Delivery!\",\"breadcrumb\":{\"@id\":\"https:\/\/legitgrams.com\/product\/add-b\/#breadcrumb\"},\"inLanguage\":\"it-IT\",\"potentialAction\":[{\"@type\":\"ReadAction\",\"target\":[\"https:\/\/legitgrams.com\/product\/add-b\/\"]}]},{\"@type\":\"ImageObject\",\"inLanguage\":\"it-IT\",\"@id\":\"https:\/\/legitgrams.com\/product\/add-b\/#primaryimage\",\"url\":\"https:\/\/legitgrams.com\/wp-content\/uploads\/2024\/08\/Add-b.gif\",\"contentUrl\":\"https:\/\/legitgrams.com\/wp-content\/uploads\/2024\/08\/Add-b.gif\",\"width\":600,\"height\":600,\"caption\":\"ADD-B for Sale\"},{\"@type\":\"BreadcrumbList\",\"@id\":\"https:\/\/legitgrams.com\/product\/add-b\/#breadcrumb\",\"itemListElement\":[{\"@type\":\"ListItem\",\"position\":1,\"name\":\"Home\",\"item\":\"https:\/\/legitgrams.com\/\"},{\"@type\":\"ListItem\",\"position\":2,\"name\":\"Shop\",\"item\":\"https:\/\/legitgrams.com\/shop\/\"},{\"@type\":\"ListItem\",\"position\":3,\"name\":\"ADD-B\"}]},{\"@type\":\"WebSite\",\"@id\":\"https:\/\/legitgrams.com\/#website\",\"url\":\"https:\/\/legitgrams.com\/\",\"name\":\"Legit Grams\",\"description\":\"My WordPress Blog\",\"publisher\":{\"@id\":\"https:\/\/legitgrams.com\/#organization\"},\"potentialAction\":[{\"@type\":\"SearchAction\",\"target\":{\"@type\":\"EntryPoint\",\"urlTemplate\":\"https:\/\/legitgrams.com\/?s={search_term_string}\"},\"query-input\":{\"@type\":\"PropertyValueSpecification\",\"valueRequired\":true,\"valueName\":\"search_term_string\"}}],\"inLanguage\":\"it-IT\"},{\"@type\":\"Organization\",\"@id\":\"https:\/\/legitgrams.com\/#organization\",\"name\":\"Legit Grams\",\"url\":\"https:\/\/legitgrams.com\/\",\"logo\":{\"@type\":\"ImageObject\",\"inLanguage\":\"it-IT\",\"@id\":\"https:\/\/legitgrams.com\/#\/schema\/logo\/image\/\",\"url\":\"https:\/\/legitgrams.com\/wp-content\/uploads\/2024\/09\/main-logo.png\",\"contentUrl\":\"https:\/\/legitgrams.com\/wp-content\/uploads\/2024\/09\/main-logo.png\",\"width\":270,\"height\":75,\"caption\":\"Legit Grams\"},\"image\":{\"@id\":\"https:\/\/legitgrams.com\/#\/schema\/logo\/image\/\"}}]}<\/script>\n<!-- \/ Yoast SEO plugin. -->","yoast_head_json":{"title":"ADD-B in vendita - Ordina ADD-B in polvere online | LegitGrams","description":"\u00c8 possibile ottenere add-b in vendita ai migliori prezzi dal nostro negozio online LegitGrams. Siamo qui per aiutarvi a comprare add-b online. Ordina oggi con consegna discreta!","robots":{"index":"index","follow":"follow","max-snippet":"max-snippet:-1","max-image-preview":"max-image-preview:large","max-video-preview":"max-video-preview:-1"},"canonical":"https:\/\/legitgrams.com\/it\/prodotto\/aggiungere-b\/","og_locale":"it_IT","og_type":"article","og_title":"ADD-B for Sale - Order ADD-B Powder Online | LegitGrams","og_description":"You can get add-b for sale at the best rates from our online store LegitGrams. We are here to help you buy add-b online. Order Today with Discreet Delivery!","og_url":"https:\/\/legitgrams.com\/it\/prodotto\/aggiungere-b\/","og_site_name":"Legit Grams","article_modified_time":"2025-01-13T08:09:28+00:00","og_image":[{"width":600,"height":600,"url":"https:\/\/legitgrams.com\/wp-content\/uploads\/2024\/08\/Add-b.gif","type":"image\/gif"}],"twitter_card":"summary_large_image","twitter_misc":{"Tempo di lettura stimato":"2 minuti"},"schema":{"@context":"https:\/\/schema.org","@graph":[{"@type":"WebPage","@id":"https:\/\/legitgrams.com\/product\/add-b\/","url":"https:\/\/legitgrams.com\/product\/add-b\/","name":"ADD-B in vendita - Ordina ADD-B in polvere online | LegitGrams","isPartOf":{"@id":"https:\/\/legitgrams.com\/#website"},"primaryImageOfPage":{"@id":"https:\/\/legitgrams.com\/product\/add-b\/#primaryimage"},"image":{"@id":"https:\/\/legitgrams.com\/product\/add-b\/#primaryimage"},"thumbnailUrl":"https:\/\/legitgrams.com\/wp-content\/uploads\/2024\/08\/Add-b.gif","datePublished":"2024-08-03T05:26:55+00:00","dateModified":"2025-01-13T08:09:28+00:00","description":"\u00c8 possibile ottenere add-b in vendita ai migliori prezzi dal nostro negozio online LegitGrams. Siamo qui per aiutarvi a comprare add-b online. Ordina oggi con consegna discreta!","breadcrumb":{"@id":"https:\/\/legitgrams.com\/product\/add-b\/#breadcrumb"},"inLanguage":"it-IT","potentialAction":[{"@type":"ReadAction","target":["https:\/\/legitgrams.com\/product\/add-b\/"]}]},{"@type":"ImageObject","inLanguage":"it-IT","@id":"https:\/\/legitgrams.com\/product\/add-b\/#primaryimage","url":"https:\/\/legitgrams.com\/wp-content\/uploads\/2024\/08\/Add-b.gif","contentUrl":"https:\/\/legitgrams.com\/wp-content\/uploads\/2024\/08\/Add-b.gif","width":600,"height":600,"caption":"ADD-B for Sale"},{"@type":"BreadcrumbList","@id":"https:\/\/legitgrams.com\/product\/add-b\/#breadcrumb","itemListElement":[{"@type":"ListItem","position":1,"name":"Home","item":"https:\/\/legitgrams.com\/"},{"@type":"ListItem","position":2,"name":"Shop","item":"https:\/\/legitgrams.com\/shop\/"},{"@type":"ListItem","position":3,"name":"ADD-B"}]},{"@type":"WebSite","@id":"https:\/\/legitgrams.com\/#website","url":"https:\/\/legitgrams.com\/","name":"Grammi legittimi","description":"Il mio blog WordPress","publisher":{"@id":"https:\/\/legitgrams.com\/#organization"},"potentialAction":[{"@type":"SearchAction","target":{"@type":"EntryPoint","urlTemplate":"https:\/\/legitgrams.com\/?s={search_term_string}"},"query-input":{"@type":"PropertyValueSpecification","valueRequired":true,"valueName":"search_term_string"}}],"inLanguage":"it-IT"},{"@type":"Organization","@id":"https:\/\/legitgrams.com\/#organization","name":"Grammi legittimi","url":"https:\/\/legitgrams.com\/","logo":{"@type":"ImageObject","inLanguage":"it-IT","@id":"https:\/\/legitgrams.com\/#\/schema\/logo\/image\/","url":"https:\/\/legitgrams.com\/wp-content\/uploads\/2024\/09\/main-logo.png","contentUrl":"https:\/\/legitgrams.com\/wp-content\/uploads\/2024\/09\/main-logo.png","width":270,"height":75,"caption":"Legit Grams"},"image":{"@id":"https:\/\/legitgrams.com\/#\/schema\/logo\/image\/"}}]}},"uagb_featured_image_src":{"full":["https:\/\/legitgrams.com\/wp-content\/uploads\/2024\/08\/Add-b.gif",600,600,false],"thumbnail":["https:\/\/legitgrams.com\/wp-content\/uploads\/2024\/08\/Add-b-150x150.gif",150,150,true],"medium":["https:\/\/legitgrams.com\/wp-content\/uploads\/2024\/08\/Add-b-300x300.gif",300,300,true],"medium_large":["https:\/\/legitgrams.com\/wp-content\/uploads\/2024\/08\/Add-b.gif",600,600,false],"large":["https:\/\/legitgrams.com\/wp-content\/uploads\/2024\/08\/Add-b.gif",600,600,false],"1536x1536":["https:\/\/legitgrams.com\/wp-content\/uploads\/2024\/08\/Add-b.gif",600,600,false],"2048x2048":["https:\/\/legitgrams.com\/wp-content\/uploads\/2024\/08\/Add-b.gif",600,600,false],"trp-custom-language-flag":["https:\/\/legitgrams.com\/wp-content\/uploads\/2024\/08\/Add-b-12x12.gif",12,12,true],"woocommerce_thumbnail":["https:\/\/legitgrams.com\/wp-content\/uploads\/2024\/08\/Add-b-300x300.gif",300,300,true],"woocommerce_single":["https:\/\/legitgrams.com\/wp-content\/uploads\/2024\/08\/Add-b.gif",600,600,false],"woocommerce_gallery_thumbnail":["https:\/\/legitgrams.com\/wp-content\/uploads\/2024\/08\/Add-b-100x100.gif",100,100,true]},"uagb_author_info":{"display_name":"cokeblog18","author_link":"https:\/\/legitgrams.com\/it\/author\/"},"uagb_comment_info":0,"uagb_excerpt":"For Sale: ADD-B ADD-B can be bought online. It is a synthetic cannabis that is structurally categorized and used as a reference standard in analysis. It is unknown what the physiological and toxicological properties of this chemical are. 4. Cyan CUMYL-BUTINACA is categorized as a Schedule I substance in the United States. This gadget is&hellip;","_links":{"self":[{"href":"https:\/\/legitgrams.com\/it\/wp-json\/wp\/v2\/product\/3261","targetHints":{"allow":["GET"]}}],"collection":[{"href":"https:\/\/legitgrams.com\/it\/wp-json\/wp\/v2\/product"}],"about":[{"href":"https:\/\/legitgrams.com\/it\/wp-json\/wp\/v2\/types\/product"}],"replies":[{"embeddable":true,"href":"https:\/\/legitgrams.com\/it\/wp-json\/wp\/v2\/comments?post=3261"}],"wp:featuredmedia":[{"embeddable":true,"href":"https:\/\/legitgrams.com\/it\/wp-json\/wp\/v2\/media\/3273"}],"wp:attachment":[{"href":"https:\/\/legitgrams.com\/it\/wp-json\/wp\/v2\/media?parent=3261"}],"wp:term":[{"taxonomy":"product_brand","embeddable":true,"href":"https:\/\/legitgrams.com\/it\/wp-json\/wp\/v2\/product_brand?post=3261"},{"taxonomy":"product_cat","embeddable":true,"href":"https:\/\/legitgrams.com\/it\/wp-json\/wp\/v2\/product_cat?post=3261"},{"taxonomy":"product_tag","embeddable":true,"href":"https:\/\/legitgrams.com\/it\/wp-json\/wp\/v2\/product_tag?post=3261"}],"curies":[{"name":"wp","href":"https:\/\/api.w.org\/{rel}","templated":true}]}}