{"id":3262,"date":"2024-08-03T05:26:42","date_gmt":"2024-08-03T05:26:42","guid":{"rendered":"https:\/\/cokebricks.com\/?post_type=product&#038;p=3262"},"modified":"2025-07-30T10:54:54","modified_gmt":"2025-07-30T10:54:54","slug":"4fakb","status":"publish","type":"product","link":"https:\/\/legitgrams.com\/it\/prodotto\/4fakb\/","title":{"rendered":"4F-AKB"},"content":{"rendered":"<h2>La polvere 4F-AKB \u00e8 disponibile online su LegitGrams.com.<\/h2>\n<p>4F-AKB \u00e8 un cannabinoide sintetico a base di indazolo. \u00c8 un potente agonista del recettore dei cannabinoidi. Condivide diverse caratteristiche con altri cannabinoidi sintetici, tra cui 5F-ADB. Se vuoi provare, puoi ottenere gli effetti di questa cannabis senza usarne molta. Ci\u00f2 pu\u00f2 essere attribuito all'elevata potenza della sostanza chimica. Per evitare di sperimentare troppo, assicurati di seguire i protocolli di sicurezza corretti in laboratorio. I risultati delle prove con 4F-AKB includono sensazioni di leggerezza fisica, rilassamento, disinibizione e qualit\u00e0 musicale migliorata.<\/p>\n<h3>Consenso 4F-AKB<\/h3>\n<p>Sebbene non sia pi\u00f9 consigliato nella maggior parte dei paesi, <a href=\"https:\/\/legitgrams.com\/it\/prodotto\/4fakb\/\">Polvere 4F-AKB<\/a> \u00e8 comunque venduto in molti di loro. Tuttavia, poich\u00e9 funziona in modo simile al 5F-ADB, potrebbe essere proibito in nazioni come.<\/p>\n<p><a href=\"https:\/\/en.wikipedia.org\/wiki\/4F-MDMB-BINACA\">4FADB<\/a> Conservazione della polvere per risultati ottimali \u00c8 possibile acquistare la polvere 4F-AKB bianca e forte.<br \/>\nUna nuova sostanza chimica di ricerca che pu\u00f2 essere applicata agli studi scientifici \u00e8 la 4F-AKB! \u00c8 un analogo della 5fadb; controlla la 5fadb per maggiori dettagli! Il cannabinoide di alta qualit\u00e0 pi\u00f9 nuovo e pi\u00f9 popolare \u00e8 la 4F-AKB. I ricercatori esperti che hanno lavorato in precedenza con cannabinoidi sintetici forti e composti come la 5f-adb possono ottenere la 4F-AKB. La 5f-adb produce un risultato simile. <a href=\"https:\/\/en.wikipedia.org\/\">LegitGrams<\/a><\/p>\n<h3>Cosa sappiamo sui cannabinoidi:<\/h3>\n<p>Abbiamo un sacco di informazioni. I nostri clienti ricevono costantemente i loro prodotti di alta qualit\u00e0 nel pi\u00f9 breve tempo possibile. Indipendentemente dalle dimensioni della citt\u00e0 o del villaggio, trasportiamo gli articoli anche nei luoghi pi\u00f9 remoti della Terra. Inoltre, garantiamo che tutti gli articoli saranno consegnati. USA.<\/p>\n<h3>Che cos'\u00e8 la polvere 4F-ADB?<\/h3>\n<p>Gli indazoli sono la fonte del cannabinoide sintetico 4F-ADB. \u00c8 un forte agonista dei recettori dei cannabinoidi. \u00c8 abbastanza simile ad altri cannabinoidi sintetici, come il 5F-ADB. Se desideri sperimentare questo cannabinoide, prendi il 4F-AKB; piccole dosi avranno effetti potenti.<\/p>\n<p>La tremenda forza della cocaina \u00e8 la causa di ci\u00f2. Seguire sempre le istruzioni di sicurezza per evitare azioni troppo audaci.<\/p>\n<h3>Ottenere 4F-ADB.<\/h3>\n<p>Il 4F-ADB di migliore qualit\u00e0 \u00e8 disponibile per l'acquisto su LegitGrams. Forniamo 4F-ADB in polvere. Devi avere almeno diciotto anni per acquistare 4F-ADB da noi.<\/p>\n<p>Questo prodotto non \u00e8 destinato all'uso da parte di esseri umani o animali. \u00c8 destinato esclusivamente all'uso in esperimenti. Inoltre,<\/p>\n<p>Le leggi nazionali del tuo paese devono essere rigorosamente rispettate quando si completa la transazione.s<\/p>\n<h3>Lo status giuridico del 4F-ADB<\/h3>\n<p>Il 4F-ADB \u00e8 consentito in molti paesi perch\u00e9 \u00e8 attualmente sconosciuto in molti di essi. Tuttavia, in paesi come gli Stati Uniti con leggi analogiche severe, pu\u00f2 essere visto come un analogo del 5F-ADB, rendendolo illegale. Per ulteriori informazioni, contattateci.<\/p>","protected":false},"excerpt":{"rendered":"<p>4F-AKB Powder is available online at LegitGrams.com. 4F-AKB is an indazole-based synthetic cannabinoid. It is a potent cannabinoid receptor agonist. It shares several characteristics with other synthetic cannabinoids, including 5F-ADB. If you want to try, you can get the effects of this cannabis without using a lot of it. This can be attributed to the &hellip;<\/p>\n<p class=\"read-more\"> <a class=\"\" href=\"https:\/\/legitgrams.com\/it\/prodotto\/4fakb\/\"> <span class=\"screen-reader-text\">4F-AKB<\/span> Leggi tutto \"<\/a><\/p>","protected":false},"featured_media":3271,"comment_status":"open","ping_status":"closed","template":"","meta":{"_uag_custom_page_level_css":"","site-sidebar-layout":"default","site-content-layout":"default","ast-global-header-display":"","ast-main-header-display":"","ast-hfb-above-header-display":"","ast-hfb-below-header-display":"","ast-hfb-mobile-header-display":"","site-post-title":"","ast-breadcrumbs-content":"","ast-featured-img":"","footer-sml-layout":"","theme-transparent-header-meta":"default","adv-header-id-meta":"","stick-header-meta":"default","header-above-stick-meta":"","header-main-stick-meta":"","header-below-stick-meta":"","_joinchat":[]},"product_brand":[],"product_cat":[190],"product_tag":[538,537,536,539,540,534,535],"class_list":{"0":"post-3262","1":"product","2":"type-product","3":"status-publish","4":"has-post-thumbnail","6":"product_cat-cannabinoids","7":"product_tag-4f-akb-cannabinoids-for-sale","8":"product_tag-4f-akb-crystals-for-sale","9":"product_tag-4f-akb-for-sale","10":"product_tag-4f-akb-for-sale-online","11":"product_tag-4f-akb-powder-for-sale","12":"product_tag-buy-4f-akb","13":"product_tag-buy-4f-akb-online","14":"desktop-align-left","15":"tablet-align-left","16":"mobile-align-left","17":"ast-product-gallery-layout-horizontal","18":"ast-product-gallery-with-no-image","19":"ast-product-single-variable","20":"ast-product-tabs-layout-horizontal","21":"ast-qv-on-image","23":"first","24":"instock","25":"shipping-taxable","26":"purchasable","27":"product-type-variable"},"yoast_head":"<!-- This site is optimized with the Yoast SEO plugin v25.9 - https:\/\/yoast.com\/wordpress\/plugins\/seo\/ -->\n<title>4F-AKB Powder for Sale - Buy 4F-AKB Cannabinoids Online<\/title>\n<meta name=\"description\" content=\"Looking 4f-akb powder for your research? Buy 4F-AKB online conveniently and securely, with a straightforward ordering process for 4F-AKB for sale.\" \/>\n<meta name=\"robots\" content=\"index, follow, max-snippet:-1, max-image-preview:large, max-video-preview:-1\" \/>\n<link rel=\"canonical\" href=\"https:\/\/legitgrams.com\/it\/prodotto\/4fakb\/\" \/>\n<meta property=\"og:locale\" content=\"it_IT\" \/>\n<meta property=\"og:type\" content=\"article\" \/>\n<meta property=\"og:title\" content=\"4F-AKB Powder for Sale - Buy 4F-AKB Cannabinoids Online\" \/>\n<meta property=\"og:description\" content=\"Looking 4f-akb powder for your research? Buy 4F-AKB online conveniently and securely, with a straightforward ordering process for 4F-AKB for sale.\" \/>\n<meta property=\"og:url\" content=\"https:\/\/legitgrams.com\/it\/prodotto\/4fakb\/\" \/>\n<meta property=\"og:site_name\" content=\"Legit Grams\" \/>\n<meta property=\"article:modified_time\" content=\"2025-07-30T10:54:54+00:00\" \/>\n<meta property=\"og:image\" content=\"https:\/\/legitgrams.com\/wp-content\/uploads\/2024\/08\/4f-akb.gif\" \/>\n\t<meta property=\"og:image:width\" content=\"600\" \/>\n\t<meta property=\"og:image:height\" content=\"600\" \/>\n\t<meta property=\"og:image:type\" content=\"image\/gif\" \/>\n<meta name=\"twitter:card\" content=\"summary_large_image\" \/>\n<meta name=\"twitter:label1\" content=\"Tempo di lettura stimato\" \/>\n\t<meta name=\"twitter:data1\" content=\"3 minuti\" \/>\n<script type=\"application\/ld+json\" class=\"yoast-schema-graph\">{\"@context\":\"https:\/\/schema.org\",\"@graph\":[{\"@type\":\"WebPage\",\"@id\":\"https:\/\/legitgrams.com\/product\/4fakb\/\",\"url\":\"https:\/\/legitgrams.com\/product\/4fakb\/\",\"name\":\"4F-AKB Powder for Sale - Buy 4F-AKB Cannabinoids Online\",\"isPartOf\":{\"@id\":\"https:\/\/legitgrams.com\/#website\"},\"primaryImageOfPage\":{\"@id\":\"https:\/\/legitgrams.com\/product\/4fakb\/#primaryimage\"},\"image\":{\"@id\":\"https:\/\/legitgrams.com\/product\/4fakb\/#primaryimage\"},\"thumbnailUrl\":\"https:\/\/legitgrams.com\/wp-content\/uploads\/2024\/08\/4f-akb.gif\",\"datePublished\":\"2024-08-03T05:26:42+00:00\",\"dateModified\":\"2025-07-30T10:54:54+00:00\",\"description\":\"Looking 4f-akb powder for your research? Buy 4F-AKB online conveniently and securely, with a straightforward ordering process for 4F-AKB for sale.\",\"breadcrumb\":{\"@id\":\"https:\/\/legitgrams.com\/product\/4fakb\/#breadcrumb\"},\"inLanguage\":\"it-IT\",\"potentialAction\":[{\"@type\":\"ReadAction\",\"target\":[\"https:\/\/legitgrams.com\/product\/4fakb\/\"]}]},{\"@type\":\"ImageObject\",\"inLanguage\":\"it-IT\",\"@id\":\"https:\/\/legitgrams.com\/product\/4fakb\/#primaryimage\",\"url\":\"https:\/\/legitgrams.com\/wp-content\/uploads\/2024\/08\/4f-akb.gif\",\"contentUrl\":\"https:\/\/legitgrams.com\/wp-content\/uploads\/2024\/08\/4f-akb.gif\",\"width\":600,\"height\":600,\"caption\":\"4F-AKB Powder for Sale\"},{\"@type\":\"BreadcrumbList\",\"@id\":\"https:\/\/legitgrams.com\/product\/4fakb\/#breadcrumb\",\"itemListElement\":[{\"@type\":\"ListItem\",\"position\":1,\"name\":\"Home\",\"item\":\"https:\/\/legitgrams.com\/\"},{\"@type\":\"ListItem\",\"position\":2,\"name\":\"Shop\",\"item\":\"https:\/\/legitgrams.com\/shop\/\"},{\"@type\":\"ListItem\",\"position\":3,\"name\":\"4F-AKB\"}]},{\"@type\":\"WebSite\",\"@id\":\"https:\/\/legitgrams.com\/#website\",\"url\":\"https:\/\/legitgrams.com\/\",\"name\":\"Legit Grams\",\"description\":\"My WordPress Blog\",\"publisher\":{\"@id\":\"https:\/\/legitgrams.com\/#organization\"},\"potentialAction\":[{\"@type\":\"SearchAction\",\"target\":{\"@type\":\"EntryPoint\",\"urlTemplate\":\"https:\/\/legitgrams.com\/?s={search_term_string}\"},\"query-input\":{\"@type\":\"PropertyValueSpecification\",\"valueRequired\":true,\"valueName\":\"search_term_string\"}}],\"inLanguage\":\"it-IT\"},{\"@type\":\"Organization\",\"@id\":\"https:\/\/legitgrams.com\/#organization\",\"name\":\"Legit Grams\",\"url\":\"https:\/\/legitgrams.com\/\",\"logo\":{\"@type\":\"ImageObject\",\"inLanguage\":\"it-IT\",\"@id\":\"https:\/\/legitgrams.com\/#\/schema\/logo\/image\/\",\"url\":\"https:\/\/legitgrams.com\/wp-content\/uploads\/2024\/09\/main-logo.png\",\"contentUrl\":\"https:\/\/legitgrams.com\/wp-content\/uploads\/2024\/09\/main-logo.png\",\"width\":270,\"height\":75,\"caption\":\"Legit Grams\"},\"image\":{\"@id\":\"https:\/\/legitgrams.com\/#\/schema\/logo\/image\/\"}}]}<\/script>\n<!-- \/ Yoast SEO plugin. -->","yoast_head_json":{"title":"4F-AKB in polvere in vendita - Comprare 4F-AKB Cannabinoidi Online","description":"Cerchi la polvere 4f-akb per la tua ricerca? Acquistare 4F-AKB online in modo comodo e sicuro, con un processo di ordinazione semplice per 4F-AKB in vendita.","robots":{"index":"index","follow":"follow","max-snippet":"max-snippet:-1","max-image-preview":"max-image-preview:large","max-video-preview":"max-video-preview:-1"},"canonical":"https:\/\/legitgrams.com\/it\/prodotto\/4fakb\/","og_locale":"it_IT","og_type":"article","og_title":"4F-AKB Powder for Sale - Buy 4F-AKB Cannabinoids Online","og_description":"Looking 4f-akb powder for your research? Buy 4F-AKB online conveniently and securely, with a straightforward ordering process for 4F-AKB for sale.","og_url":"https:\/\/legitgrams.com\/it\/prodotto\/4fakb\/","og_site_name":"Legit Grams","article_modified_time":"2025-07-30T10:54:54+00:00","og_image":[{"width":600,"height":600,"url":"https:\/\/legitgrams.com\/wp-content\/uploads\/2024\/08\/4f-akb.gif","type":"image\/gif"}],"twitter_card":"summary_large_image","twitter_misc":{"Tempo di lettura stimato":"3 minuti"},"schema":{"@context":"https:\/\/schema.org","@graph":[{"@type":"WebPage","@id":"https:\/\/legitgrams.com\/product\/4fakb\/","url":"https:\/\/legitgrams.com\/product\/4fakb\/","name":"4F-AKB in polvere in vendita - Comprare 4F-AKB Cannabinoidi Online","isPartOf":{"@id":"https:\/\/legitgrams.com\/#website"},"primaryImageOfPage":{"@id":"https:\/\/legitgrams.com\/product\/4fakb\/#primaryimage"},"image":{"@id":"https:\/\/legitgrams.com\/product\/4fakb\/#primaryimage"},"thumbnailUrl":"https:\/\/legitgrams.com\/wp-content\/uploads\/2024\/08\/4f-akb.gif","datePublished":"2024-08-03T05:26:42+00:00","dateModified":"2025-07-30T10:54:54+00:00","description":"Cerchi la polvere 4f-akb per la tua ricerca? Acquistare 4F-AKB online in modo comodo e sicuro, con un processo di ordinazione semplice per 4F-AKB in vendita.","breadcrumb":{"@id":"https:\/\/legitgrams.com\/product\/4fakb\/#breadcrumb"},"inLanguage":"it-IT","potentialAction":[{"@type":"ReadAction","target":["https:\/\/legitgrams.com\/product\/4fakb\/"]}]},{"@type":"ImageObject","inLanguage":"it-IT","@id":"https:\/\/legitgrams.com\/product\/4fakb\/#primaryimage","url":"https:\/\/legitgrams.com\/wp-content\/uploads\/2024\/08\/4f-akb.gif","contentUrl":"https:\/\/legitgrams.com\/wp-content\/uploads\/2024\/08\/4f-akb.gif","width":600,"height":600,"caption":"4F-AKB Powder for Sale"},{"@type":"BreadcrumbList","@id":"https:\/\/legitgrams.com\/product\/4fakb\/#breadcrumb","itemListElement":[{"@type":"ListItem","position":1,"name":"Home","item":"https:\/\/legitgrams.com\/"},{"@type":"ListItem","position":2,"name":"Shop","item":"https:\/\/legitgrams.com\/shop\/"},{"@type":"ListItem","position":3,"name":"4F-AKB"}]},{"@type":"WebSite","@id":"https:\/\/legitgrams.com\/#website","url":"https:\/\/legitgrams.com\/","name":"Grammi legittimi","description":"Il mio blog WordPress","publisher":{"@id":"https:\/\/legitgrams.com\/#organization"},"potentialAction":[{"@type":"SearchAction","target":{"@type":"EntryPoint","urlTemplate":"https:\/\/legitgrams.com\/?s={search_term_string}"},"query-input":{"@type":"PropertyValueSpecification","valueRequired":true,"valueName":"search_term_string"}}],"inLanguage":"it-IT"},{"@type":"Organization","@id":"https:\/\/legitgrams.com\/#organization","name":"Grammi legittimi","url":"https:\/\/legitgrams.com\/","logo":{"@type":"ImageObject","inLanguage":"it-IT","@id":"https:\/\/legitgrams.com\/#\/schema\/logo\/image\/","url":"https:\/\/legitgrams.com\/wp-content\/uploads\/2024\/09\/main-logo.png","contentUrl":"https:\/\/legitgrams.com\/wp-content\/uploads\/2024\/09\/main-logo.png","width":270,"height":75,"caption":"Legit Grams"},"image":{"@id":"https:\/\/legitgrams.com\/#\/schema\/logo\/image\/"}}]}},"uagb_featured_image_src":{"full":["https:\/\/legitgrams.com\/wp-content\/uploads\/2024\/08\/4f-akb.gif",600,600,false],"thumbnail":["https:\/\/legitgrams.com\/wp-content\/uploads\/2024\/08\/4f-akb-150x150.gif",150,150,true],"medium":["https:\/\/legitgrams.com\/wp-content\/uploads\/2024\/08\/4f-akb-300x300.gif",300,300,true],"medium_large":["https:\/\/legitgrams.com\/wp-content\/uploads\/2024\/08\/4f-akb.gif",600,600,false],"large":["https:\/\/legitgrams.com\/wp-content\/uploads\/2024\/08\/4f-akb.gif",600,600,false],"1536x1536":["https:\/\/legitgrams.com\/wp-content\/uploads\/2024\/08\/4f-akb.gif",600,600,false],"2048x2048":["https:\/\/legitgrams.com\/wp-content\/uploads\/2024\/08\/4f-akb.gif",600,600,false],"trp-custom-language-flag":["https:\/\/legitgrams.com\/wp-content\/uploads\/2024\/08\/4f-akb-12x12.gif",12,12,true],"woocommerce_thumbnail":["https:\/\/legitgrams.com\/wp-content\/uploads\/2024\/08\/4f-akb-300x300.gif",300,300,true],"woocommerce_single":["https:\/\/legitgrams.com\/wp-content\/uploads\/2024\/08\/4f-akb.gif",600,600,false],"woocommerce_gallery_thumbnail":["https:\/\/legitgrams.com\/wp-content\/uploads\/2024\/08\/4f-akb-100x100.gif",100,100,true]},"uagb_author_info":{"display_name":"cokeblog18","author_link":"https:\/\/legitgrams.com\/it\/author\/"},"uagb_comment_info":1,"uagb_excerpt":"4F-AKB Powder is available online at LegitGrams.com. 4F-AKB is an indazole-based synthetic cannabinoid. It is a potent cannabinoid receptor agonist. It shares several characteristics with other synthetic cannabinoids, including 5F-ADB. If you want to try, you can get the effects of this cannabis without using a lot of it. This can be attributed to the&hellip;","_links":{"self":[{"href":"https:\/\/legitgrams.com\/it\/wp-json\/wp\/v2\/product\/3262","targetHints":{"allow":["GET"]}}],"collection":[{"href":"https:\/\/legitgrams.com\/it\/wp-json\/wp\/v2\/product"}],"about":[{"href":"https:\/\/legitgrams.com\/it\/wp-json\/wp\/v2\/types\/product"}],"replies":[{"embeddable":true,"href":"https:\/\/legitgrams.com\/it\/wp-json\/wp\/v2\/comments?post=3262"}],"wp:featuredmedia":[{"embeddable":true,"href":"https:\/\/legitgrams.com\/it\/wp-json\/wp\/v2\/media\/3271"}],"wp:attachment":[{"href":"https:\/\/legitgrams.com\/it\/wp-json\/wp\/v2\/media?parent=3262"}],"wp:term":[{"taxonomy":"product_brand","embeddable":true,"href":"https:\/\/legitgrams.com\/it\/wp-json\/wp\/v2\/product_brand?post=3262"},{"taxonomy":"product_cat","embeddable":true,"href":"https:\/\/legitgrams.com\/it\/wp-json\/wp\/v2\/product_cat?post=3262"},{"taxonomy":"product_tag","embeddable":true,"href":"https:\/\/legitgrams.com\/it\/wp-json\/wp\/v2\/product_tag?post=3262"}],"curies":[{"name":"wp","href":"https:\/\/api.w.org\/{rel}","templated":true}]}}