{"id":3264,"date":"2024-08-03T05:27:02","date_gmt":"2024-08-03T05:27:02","guid":{"rendered":"https:\/\/cokebricks.com\/?post_type=product&#038;p=3264"},"modified":"2025-01-11T11:42:43","modified_gmt":"2025-01-11T11:42:43","slug":"5cakb48","status":"publish","type":"product","link":"https:\/\/legitgrams.com\/it\/prodotto\/5cakb48\/","title":{"rendered":"5cakb48"},"content":{"rendered":"<h2>In vendita: polvere 5C-AKB48<\/h2>\n<p><a href=\"https:\/\/legitgrams.com\/it\/prodotto\/5cakb48\/\">5C-AKB48<\/a> \u00e8 basato sugli indazoli e viene anche chiamato <a href=\"https:\/\/en.wikipedia.org\/wiki\/5F-APINACA\">5F-AKB48<\/a> (5F-APINACA). \u00c8 un componente efficace da usare al meglio per una serie di motivi, perch\u00e9 viene sviluppato da un sorprendente assortimento di sostanze diverse. Ancora pi\u00f9 interessante, questo componente contiene anche recettori per gli agonisti della cannabis. \u00c8 sorprendente quanto siano strutturalmente simili il 5C-AKB48 e il 5F-AKB48. Inoltre, la sostanza sta ottenendo riconoscimenti per i suoi effetti e la sua forza simili. Tuttavia, questo componente viene solitamente studiato in modo simile ad altri cannabinoidi sintetici. La designazione per questo \u00e8 5C-ABP. Ma per godere degli incredibili effetti del 5C-AKB48, la maggior parte delle persone sul pianeta usa anche questi cannabinoidi sintetici. <a href=\"https:\/\/legitgrams.com\/it\/\">LegitGrams<\/a><\/p>\n<h3>La composizione chimica di 5C-AKB48<\/h3>\n<p>Formula per la sostanza chimica: C23H30CIN3O<\/p>\n<p>Il nome completo \u00e8 N-(adamantan-1-yl).Indazole -1-(5-chloropentyl)-1H3-carbossamide<\/p>\n<p>Massa di una molecola: 400,00 g\/mol<\/p>\n<p>Purezza: superiore al 98%<\/p>\n<h3>Dove posso acquistare 5C-AKB-48?<\/h3>\n<p>Il miglior 5C-AKB48 sul mercato \u00e8 quello che abbiamo qui a Legit Grams. Chemical Planet fornisce spedizioni rapide e discrete in numerose nazioni in tutto il mondo ed \u00e8 anche una fonte affidabile N1.<\/p>\n<p>Per acquistare 5C-AKB48, devi avere almeno diciotto anni. Sono accettati Bitcoin e tutte le principali carte di credito. Ogni prodotto, incluso 5C-AKB48, \u00e8 destinato esclusivamente allo studio e non \u00e8 destinato al consumo umano.<\/p>\n<p>Effetti del 5C-AKB48 di cui dovresti essere consapevole Sei curioso di conoscere alcuni dei vantaggi pi\u00f9 sorprendenti che rendono il 5C-AKB48 un componente prezioso? Ecco un elenco di alcune delle ripercussioni pi\u00f9 degne di nota del 5C-AKB48 qui, che dovrebbero migliorare la tua comprensione.<\/p>\n<p><strong>1. Sollievo dal dolore<\/strong><br \/>\nLa maggior parte delle persone sfrutta appieno questa caratteristica per alleviare con successo i propri attacchi di panico. Tuttavia, per evitare effetti collaterali avversi, \u00e8 importante assumere un dosaggio inferiore di 5C-AKB48 quando lo si assume per alleviare il dolore.<\/p>\n<p><strong>2. Un appetito pi\u00f9 robusto<\/strong><br \/>\nCome tutti gli altri cannabinoidi, il 5C-AKB48 pu\u00f2 aumentare l'appetito.<\/p>\n<p>Questo \u00e8 noto come munchies nelle culture pi\u00f9 popolari negli Stati Uniti e nel Regno Unito. Si sostiene che l'utilizzo di 5C-AKB48 aumenter\u00e0 rapidamente la curiosit\u00e0 e la soddisfazione del cliente per i pasti.<\/p>\n<p><strong>3. Calma<\/strong><br \/>\n\u00c8 sempre importante sentirsi perfettamente in pace per tenere a bada l'ansia. Questa combinazione ha un effetto calmante. Di conseguenza, viene utilizzata da persone che vogliono avere questo tipo di esperienze mentali con maggiore successo.<\/p>\n<p><strong>4. Un senso di calma<\/strong><br \/>\nI clienti possono ottenere l'esperienza pi\u00f9 rilassante possibile con il 5C-AKB48. L'utente si sentir\u00e0 il pi\u00f9 leggero possibile e si sentir\u00e0 fantastico nel miglior modo possibile.<\/p>","protected":false},"excerpt":{"rendered":"<p>For Sale: 5C-AKB48 Powder 5C-AKB48 is based on indazoles and is also referred to as 5F-AKB48 (5F-APINACA). It is an effective component to use as best it can for a number of reasons because it is being developed from an amazing assortment of diverse substances. More interestingly, this component also contains receptors for cannabis agonists. &hellip;<\/p>\n<p class=\"read-more\"> <a class=\"\" href=\"https:\/\/legitgrams.com\/it\/prodotto\/5cakb48\/\"> <span class=\"screen-reader-text\">5cakb48<\/span> Leggi tutto \"<\/a><\/p>","protected":false},"featured_media":3274,"comment_status":"open","ping_status":"closed","template":"","meta":{"_uag_custom_page_level_css":"","site-sidebar-layout":"default","site-content-layout":"default","ast-global-header-display":"","ast-main-header-display":"","ast-hfb-above-header-display":"","ast-hfb-below-header-display":"","ast-hfb-mobile-header-display":"","site-post-title":"","ast-breadcrumbs-content":"","ast-featured-img":"","footer-sml-layout":"","theme-transparent-header-meta":"default","adv-header-id-meta":"","stick-header-meta":"default","header-above-stick-meta":"","header-main-stick-meta":"","header-below-stick-meta":"","_joinchat":[]},"product_brand":[],"product_cat":[190],"product_tag":[460,445,447,463,464,237,238,239,240,241,250],"class_list":{"0":"post-3264","1":"product","2":"type-product","3":"status-publish","4":"has-post-thumbnail","6":"product_cat-cannabinoids","7":"product_tag-5cakb48","8":"product_tag-5f-mdmb-2201-5f-mdmb-2201-cannabinoid","9":"product_tag-5f-mdmb-2201-psychonaut","10":"product_tag-5f-2201-cayman","11":"product_tag-5f-2201-wiki","12":"product_tag-5f-mdmb-2201","13":"product_tag-5f-mdmb-2201-dosage","14":"product_tag-5f-mdmb-2201-opinie","15":"product_tag-5f-mdmb-2201-reddit","16":"product_tag-5f-mdmb-2201-review","17":"product_tag-5fmdmb2201-5f-mdmb-2201-kannabinoid","18":"desktop-align-left","19":"tablet-align-left","20":"mobile-align-left","21":"ast-product-gallery-layout-horizontal","22":"ast-product-gallery-with-no-image","23":"ast-product-single-variable","24":"ast-product-tabs-layout-horizontal","25":"ast-qv-on-image","27":"first","28":"instock","29":"shipping-taxable","30":"purchasable","31":"product-type-variable"},"yoast_head":"<!-- This site is optimized with the Yoast SEO plugin v25.9 - https:\/\/yoast.com\/wordpress\/plugins\/seo\/ -->\n<title>5C-AKB48 Powder for Sale - Order 5cakb48 Online | LegitGrams<\/title>\n<meta name=\"description\" content=\"You can get 5cakb48 for sale at our online store and get it at your doorstep without any hassle. We help you buy 5cakb48 powder online. Order Today with Discreet Delivery Service!\" \/>\n<meta name=\"robots\" content=\"index, follow, max-snippet:-1, max-image-preview:large, max-video-preview:-1\" \/>\n<link rel=\"canonical\" href=\"https:\/\/legitgrams.com\/it\/prodotto\/5cakb48\/\" \/>\n<meta property=\"og:locale\" content=\"it_IT\" \/>\n<meta property=\"og:type\" content=\"article\" \/>\n<meta property=\"og:title\" content=\"5C-AKB48 Powder for Sale - Order 5cakb48 Online | LegitGrams\" \/>\n<meta property=\"og:description\" content=\"You can get 5cakb48 for sale at our online store and get it at your doorstep without any hassle. We help you buy 5cakb48 powder online. Order Today with Discreet Delivery Service!\" \/>\n<meta property=\"og:url\" content=\"https:\/\/legitgrams.com\/it\/prodotto\/5cakb48\/\" \/>\n<meta property=\"og:site_name\" content=\"Legit Grams\" \/>\n<meta property=\"article:modified_time\" content=\"2025-01-11T11:42:43+00:00\" \/>\n<meta property=\"og:image\" content=\"https:\/\/legitgrams.com\/wp-content\/uploads\/2024\/08\/5cakb48.gif\" \/>\n\t<meta property=\"og:image:width\" content=\"600\" \/>\n\t<meta property=\"og:image:height\" content=\"600\" \/>\n\t<meta property=\"og:image:type\" content=\"image\/gif\" \/>\n<meta name=\"twitter:card\" content=\"summary_large_image\" \/>\n<meta name=\"twitter:label1\" content=\"Tempo di lettura stimato\" \/>\n\t<meta name=\"twitter:data1\" content=\"3 minuti\" \/>\n<script type=\"application\/ld+json\" class=\"yoast-schema-graph\">{\"@context\":\"https:\/\/schema.org\",\"@graph\":[{\"@type\":\"WebPage\",\"@id\":\"https:\/\/legitgrams.com\/product\/5cakb48\/\",\"url\":\"https:\/\/legitgrams.com\/product\/5cakb48\/\",\"name\":\"5C-AKB48 Powder for Sale - Order 5cakb48 Online | LegitGrams\",\"isPartOf\":{\"@id\":\"https:\/\/legitgrams.com\/#website\"},\"primaryImageOfPage\":{\"@id\":\"https:\/\/legitgrams.com\/product\/5cakb48\/#primaryimage\"},\"image\":{\"@id\":\"https:\/\/legitgrams.com\/product\/5cakb48\/#primaryimage\"},\"thumbnailUrl\":\"https:\/\/legitgrams.com\/wp-content\/uploads\/2024\/08\/5cakb48.gif\",\"datePublished\":\"2024-08-03T05:27:02+00:00\",\"dateModified\":\"2025-01-11T11:42:43+00:00\",\"description\":\"You can get 5cakb48 for sale at our online store and get it at your doorstep without any hassle. We help you buy 5cakb48 powder online. Order Today with Discreet Delivery Service!\",\"breadcrumb\":{\"@id\":\"https:\/\/legitgrams.com\/product\/5cakb48\/#breadcrumb\"},\"inLanguage\":\"it-IT\",\"potentialAction\":[{\"@type\":\"ReadAction\",\"target\":[\"https:\/\/legitgrams.com\/product\/5cakb48\/\"]}]},{\"@type\":\"ImageObject\",\"inLanguage\":\"it-IT\",\"@id\":\"https:\/\/legitgrams.com\/product\/5cakb48\/#primaryimage\",\"url\":\"https:\/\/legitgrams.com\/wp-content\/uploads\/2024\/08\/5cakb48.gif\",\"contentUrl\":\"https:\/\/legitgrams.com\/wp-content\/uploads\/2024\/08\/5cakb48.gif\",\"width\":600,\"height\":600,\"caption\":\"5C-AKB48\"},{\"@type\":\"BreadcrumbList\",\"@id\":\"https:\/\/legitgrams.com\/product\/5cakb48\/#breadcrumb\",\"itemListElement\":[{\"@type\":\"ListItem\",\"position\":1,\"name\":\"Home\",\"item\":\"https:\/\/legitgrams.com\/\"},{\"@type\":\"ListItem\",\"position\":2,\"name\":\"Shop\",\"item\":\"https:\/\/legitgrams.com\/shop\/\"},{\"@type\":\"ListItem\",\"position\":3,\"name\":\"5cakb48\"}]},{\"@type\":\"WebSite\",\"@id\":\"https:\/\/legitgrams.com\/#website\",\"url\":\"https:\/\/legitgrams.com\/\",\"name\":\"Legit Grams\",\"description\":\"My WordPress Blog\",\"publisher\":{\"@id\":\"https:\/\/legitgrams.com\/#organization\"},\"potentialAction\":[{\"@type\":\"SearchAction\",\"target\":{\"@type\":\"EntryPoint\",\"urlTemplate\":\"https:\/\/legitgrams.com\/?s={search_term_string}\"},\"query-input\":{\"@type\":\"PropertyValueSpecification\",\"valueRequired\":true,\"valueName\":\"search_term_string\"}}],\"inLanguage\":\"it-IT\"},{\"@type\":\"Organization\",\"@id\":\"https:\/\/legitgrams.com\/#organization\",\"name\":\"Legit Grams\",\"url\":\"https:\/\/legitgrams.com\/\",\"logo\":{\"@type\":\"ImageObject\",\"inLanguage\":\"it-IT\",\"@id\":\"https:\/\/legitgrams.com\/#\/schema\/logo\/image\/\",\"url\":\"https:\/\/legitgrams.com\/wp-content\/uploads\/2024\/09\/main-logo.png\",\"contentUrl\":\"https:\/\/legitgrams.com\/wp-content\/uploads\/2024\/09\/main-logo.png\",\"width\":270,\"height\":75,\"caption\":\"Legit Grams\"},\"image\":{\"@id\":\"https:\/\/legitgrams.com\/#\/schema\/logo\/image\/\"}}]}<\/script>\n<!-- \/ Yoast SEO plugin. -->","yoast_head_json":{"title":"5C-AKB48 Polvere in vendita - Ordine 5cakb48 Online | LegitGrams","description":"\u00c8 possibile ottenere 5cakb48 in vendita nel nostro negozio online e riceverlo a casa vostra senza alcun problema. Vi aiutiamo a comprare 5cakb48 polvere online. Ordina oggi con il servizio di consegna discreto!","robots":{"index":"index","follow":"follow","max-snippet":"max-snippet:-1","max-image-preview":"max-image-preview:large","max-video-preview":"max-video-preview:-1"},"canonical":"https:\/\/legitgrams.com\/it\/prodotto\/5cakb48\/","og_locale":"it_IT","og_type":"article","og_title":"5C-AKB48 Powder for Sale - Order 5cakb48 Online | LegitGrams","og_description":"You can get 5cakb48 for sale at our online store and get it at your doorstep without any hassle. We help you buy 5cakb48 powder online. Order Today with Discreet Delivery Service!","og_url":"https:\/\/legitgrams.com\/it\/prodotto\/5cakb48\/","og_site_name":"Legit Grams","article_modified_time":"2025-01-11T11:42:43+00:00","og_image":[{"width":600,"height":600,"url":"https:\/\/legitgrams.com\/wp-content\/uploads\/2024\/08\/5cakb48.gif","type":"image\/gif"}],"twitter_card":"summary_large_image","twitter_misc":{"Tempo di lettura stimato":"3 minuti"},"schema":{"@context":"https:\/\/schema.org","@graph":[{"@type":"WebPage","@id":"https:\/\/legitgrams.com\/product\/5cakb48\/","url":"https:\/\/legitgrams.com\/product\/5cakb48\/","name":"5C-AKB48 Polvere in vendita - Ordine 5cakb48 Online | LegitGrams","isPartOf":{"@id":"https:\/\/legitgrams.com\/#website"},"primaryImageOfPage":{"@id":"https:\/\/legitgrams.com\/product\/5cakb48\/#primaryimage"},"image":{"@id":"https:\/\/legitgrams.com\/product\/5cakb48\/#primaryimage"},"thumbnailUrl":"https:\/\/legitgrams.com\/wp-content\/uploads\/2024\/08\/5cakb48.gif","datePublished":"2024-08-03T05:27:02+00:00","dateModified":"2025-01-11T11:42:43+00:00","description":"\u00c8 possibile ottenere 5cakb48 in vendita nel nostro negozio online e riceverlo a casa vostra senza alcun problema. Vi aiutiamo a comprare 5cakb48 polvere online. Ordina oggi con il servizio di consegna discreto!","breadcrumb":{"@id":"https:\/\/legitgrams.com\/product\/5cakb48\/#breadcrumb"},"inLanguage":"it-IT","potentialAction":[{"@type":"ReadAction","target":["https:\/\/legitgrams.com\/product\/5cakb48\/"]}]},{"@type":"ImageObject","inLanguage":"it-IT","@id":"https:\/\/legitgrams.com\/product\/5cakb48\/#primaryimage","url":"https:\/\/legitgrams.com\/wp-content\/uploads\/2024\/08\/5cakb48.gif","contentUrl":"https:\/\/legitgrams.com\/wp-content\/uploads\/2024\/08\/5cakb48.gif","width":600,"height":600,"caption":"5C-AKB48"},{"@type":"BreadcrumbList","@id":"https:\/\/legitgrams.com\/product\/5cakb48\/#breadcrumb","itemListElement":[{"@type":"ListItem","position":1,"name":"Home","item":"https:\/\/legitgrams.com\/"},{"@type":"ListItem","position":2,"name":"Shop","item":"https:\/\/legitgrams.com\/shop\/"},{"@type":"ListItem","position":3,"name":"5cakb48"}]},{"@type":"WebSite","@id":"https:\/\/legitgrams.com\/#website","url":"https:\/\/legitgrams.com\/","name":"Grammi legittimi","description":"Il mio blog WordPress","publisher":{"@id":"https:\/\/legitgrams.com\/#organization"},"potentialAction":[{"@type":"SearchAction","target":{"@type":"EntryPoint","urlTemplate":"https:\/\/legitgrams.com\/?s={search_term_string}"},"query-input":{"@type":"PropertyValueSpecification","valueRequired":true,"valueName":"search_term_string"}}],"inLanguage":"it-IT"},{"@type":"Organization","@id":"https:\/\/legitgrams.com\/#organization","name":"Grammi legittimi","url":"https:\/\/legitgrams.com\/","logo":{"@type":"ImageObject","inLanguage":"it-IT","@id":"https:\/\/legitgrams.com\/#\/schema\/logo\/image\/","url":"https:\/\/legitgrams.com\/wp-content\/uploads\/2024\/09\/main-logo.png","contentUrl":"https:\/\/legitgrams.com\/wp-content\/uploads\/2024\/09\/main-logo.png","width":270,"height":75,"caption":"Legit Grams"},"image":{"@id":"https:\/\/legitgrams.com\/#\/schema\/logo\/image\/"}}]}},"uagb_featured_image_src":{"full":["https:\/\/legitgrams.com\/wp-content\/uploads\/2024\/08\/5cakb48.gif",600,600,false],"thumbnail":["https:\/\/legitgrams.com\/wp-content\/uploads\/2024\/08\/5cakb48-150x150.gif",150,150,true],"medium":["https:\/\/legitgrams.com\/wp-content\/uploads\/2024\/08\/5cakb48-300x300.gif",300,300,true],"medium_large":["https:\/\/legitgrams.com\/wp-content\/uploads\/2024\/08\/5cakb48.gif",600,600,false],"large":["https:\/\/legitgrams.com\/wp-content\/uploads\/2024\/08\/5cakb48.gif",600,600,false],"1536x1536":["https:\/\/legitgrams.com\/wp-content\/uploads\/2024\/08\/5cakb48.gif",600,600,false],"2048x2048":["https:\/\/legitgrams.com\/wp-content\/uploads\/2024\/08\/5cakb48.gif",600,600,false],"trp-custom-language-flag":["https:\/\/legitgrams.com\/wp-content\/uploads\/2024\/08\/5cakb48-12x12.gif",12,12,true],"woocommerce_thumbnail":["https:\/\/legitgrams.com\/wp-content\/uploads\/2024\/08\/5cakb48-300x300.gif",300,300,true],"woocommerce_single":["https:\/\/legitgrams.com\/wp-content\/uploads\/2024\/08\/5cakb48.gif",600,600,false],"woocommerce_gallery_thumbnail":["https:\/\/legitgrams.com\/wp-content\/uploads\/2024\/08\/5cakb48-100x100.gif",100,100,true]},"uagb_author_info":{"display_name":"cokeblog18","author_link":"https:\/\/legitgrams.com\/it\/author\/"},"uagb_comment_info":0,"uagb_excerpt":"For Sale: 5C-AKB48 Powder 5C-AKB48 is based on indazoles and is also referred to as 5F-AKB48 (5F-APINACA). It is an effective component to use as best it can for a number of reasons because it is being developed from an amazing assortment of diverse substances. More interestingly, this component also contains receptors for cannabis agonists.&hellip;","_links":{"self":[{"href":"https:\/\/legitgrams.com\/it\/wp-json\/wp\/v2\/product\/3264","targetHints":{"allow":["GET"]}}],"collection":[{"href":"https:\/\/legitgrams.com\/it\/wp-json\/wp\/v2\/product"}],"about":[{"href":"https:\/\/legitgrams.com\/it\/wp-json\/wp\/v2\/types\/product"}],"replies":[{"embeddable":true,"href":"https:\/\/legitgrams.com\/it\/wp-json\/wp\/v2\/comments?post=3264"}],"wp:featuredmedia":[{"embeddable":true,"href":"https:\/\/legitgrams.com\/it\/wp-json\/wp\/v2\/media\/3274"}],"wp:attachment":[{"href":"https:\/\/legitgrams.com\/it\/wp-json\/wp\/v2\/media?parent=3264"}],"wp:term":[{"taxonomy":"product_brand","embeddable":true,"href":"https:\/\/legitgrams.com\/it\/wp-json\/wp\/v2\/product_brand?post=3264"},{"taxonomy":"product_cat","embeddable":true,"href":"https:\/\/legitgrams.com\/it\/wp-json\/wp\/v2\/product_cat?post=3264"},{"taxonomy":"product_tag","embeddable":true,"href":"https:\/\/legitgrams.com\/it\/wp-json\/wp\/v2\/product_tag?post=3264"}],"curies":[{"name":"wp","href":"https:\/\/api.w.org\/{rel}","templated":true}]}}