{"id":3265,"date":"2024-08-03T05:27:18","date_gmt":"2024-08-03T05:27:18","guid":{"rendered":"https:\/\/cokebricks.com\/?post_type=product&#038;p=3265"},"modified":"2025-01-11T11:14:41","modified_gmt":"2025-01-11T11:14:41","slug":"5cadb-b","status":"publish","type":"product","link":"https:\/\/legitgrams.com\/it\/prodotto\/5cadb-b\/","title":{"rendered":"5Cadb-B"},"content":{"rendered":"<h2>5Cadb-b in vendita<\/h2>\n<p>Acquisto <a href=\"https:\/\/legitgrams.com\/it\/prodotto\/5cadb-b\/\">5CADB-B Powder online<\/a> e ottieni la spedizione gratuita in altri paesi. Basato sugli indazoli, questo cannabinoide sintetico \u00e8 un membro della classe indazole-3-carbossamide. 5CADB-B \u00e8 anche noto come 5F-MDMB-PINACA. \u00c8 stato un componente di droghe sintetiche, che sono prodotti di cannabis sintetica venduti online.<\/p>\n<p>CAS: N\/A<br \/>\nN\/A is the formula.<br \/>\n99.7% purity min<br \/>\nWeight of molecules: N\/A<br \/>\nLook: Powder<\/p>\n<h3>La genesi di 5CADB-B<\/h3>\n<p>Forse nel novembre 2014, i campioni post mortem di una persona deceduta che aveva usato un prodotto contenente questo ingrediente hanno fornito la prima prova di ci\u00f2. Sorprendentemente, i test su altre dieci persone la cui morte era inspiegata hanno rivelato che questa stessa sostanza era la causa della loro morte. Tutte queste morti sono state causate da overdose. Anche cos\u00ec, sebbene <a href=\"https:\/\/en.wikipedia.org\/wiki\/ADB-BINACA\">5CADB-B<\/a> \u00e8 un potente agonista del recettore CB1, non \u00e8 chiaro se sia selettivo per questo recettore. A causa del suo tasso incredibilmente basso di rilevamento nei tessuti corporei, si ritiene che il 5CADB-B sia incredibilmente potente. Sembra anche essere pi\u00f9 tossico di qualsiasi altro prodotto alla cannabis venduto in precedenza. Acquista 5CADB-B Powder online e ottieni la spedizione gratuita in qualsiasi parte del mondo.<\/p>\n<h3>5CADB-B viene utilizzato illegalmente e distribuito online.<\/h3>\n<p>Derzeit wird 5f-adb weder kommerziell noch medizinisch verwendet. Es wurde festgestellt, dass es in mehreren synthetischen Cannabisprodukten (5CADB-B), die geraucht werden, um ein psychedelisches High zu erzeugen, enthalten ist. Daten zum Konsum durch Verbraucher in den USA und anderen L\u00e4ndern sind rar. Da Giftnotrufzentralen weiterhin schlechte Ergebnisse melden, bleibt der Konsum von synthetischem Cannabis ein Problem f\u00fcr die \u00f6ffentliche Gesundheit und Sicherheit. Auswirkungen auf die Gesundheit. Zwischen September 2014 und November 2014 wurden in Japan mehrere Todesf\u00e4lle durch \u00dcberdosierung gemeldet. 5f-adb kann online gekauft werden. Hier erhalten Sie auch gutes RC. <a href=\"https:\/\/legitgrams.com\/it\/\">LegitGrams<\/a><\/p>\n<h3>Classificazione 5CADB-B e caratteristiche farmacologiche<\/h3>\n<p>Questo farmaco appartiene alla classe degli indazoli. La struttura del nucleo indazolico, che \u00e8 il fondamento del 5F-ADB, sostituisce le posizioni 1 e 3 del sistema ad anello indazolico. Una catena lineare a cinque atomi di carbonio prende il posto della prima posizione del cinque F-ADB.<\/p>\n<p>completato con un atomo di fluoro (F). La posizione 3 viene modificata utilizzando un linker ammidico e l'atomo di azoto (N)<\/p>\n<p>Questo linker \u00e8 integrato con gruppi 1-metossi-3,3-dimetil-1-ossobutan-2-ile extra. 5F-ADB si lega al recettore CB1 e agisce come agonista l\u00ec, secondo i risultati della ricerca preclinica. Negli esperimenti di discriminazione dei farmaci nei ratti, 5CADB-B si \u00e8 generalizzato al delta9-tetraidrocannabinolo, con conseguenti reazioni soggettive simili a quelle del THC.<\/p>","protected":false},"excerpt":{"rendered":"<p>5Cadb-b for Sale Purchase 5CADB-B Powder online and get free shipping to other countries. Based on indazoles, this synthetic cannabinoid is a member of the indazole-3-carboxamide class. 5CADB-B is also known as 5F-MDMB-PINACA. It has been a component of designer drugs, which are synthetic cannabis products sold online. CAS: N\/A N\/A is the formula. 99.7% &hellip;<\/p>\n<p class=\"read-more\"> <a class=\"\" href=\"https:\/\/legitgrams.com\/it\/prodotto\/5cadb-b\/\"> <span class=\"screen-reader-text\">5Cadb-B<\/span> Leggi tutto \"<\/a><\/p>","protected":false},"featured_media":3277,"comment_status":"open","ping_status":"closed","template":"","meta":{"_uag_custom_page_level_css":"","site-sidebar-layout":"default","site-content-layout":"default","ast-global-header-display":"","ast-main-header-display":"","ast-hfb-above-header-display":"","ast-hfb-below-header-display":"","ast-hfb-mobile-header-display":"","site-post-title":"","ast-breadcrumbs-content":"","ast-featured-img":"","footer-sml-layout":"","theme-transparent-header-meta":"default","adv-header-id-meta":"","stick-header-meta":"default","header-above-stick-meta":"","header-main-stick-meta":"","header-below-stick-meta":"","_joinchat":[]},"product_brand":[],"product_cat":[190],"product_tag":[459,460,447,237,461,238,239,240,241,242,462,250],"class_list":{"0":"post-3265","1":"product","2":"type-product","3":"status-publish","4":"has-post-thumbnail","6":"product_cat-cannabinoids","7":"product_tag-5-cl-adb-a","8":"product_tag-5cakb48","9":"product_tag-5f-mdmb-2201-psychonaut","10":"product_tag-5f-mdmb-2201","11":"product_tag-5f-mdmb-2201-cayman","12":"product_tag-5f-mdmb-2201-dosage","13":"product_tag-5f-mdmb-2201-opinie","14":"product_tag-5f-mdmb-2201-reddit","15":"product_tag-5f-mdmb-2201-review","16":"product_tag-5f-mdmb-2201-wiki","17":"product_tag-5fmdmb2201-5f-mdmb-2201-cannabinoid","18":"product_tag-5fmdmb2201-5f-mdmb-2201-kannabinoid","19":"desktop-align-left","20":"tablet-align-left","21":"mobile-align-left","22":"ast-product-gallery-layout-horizontal","23":"ast-product-gallery-with-no-image","24":"ast-product-single-variable","25":"ast-product-tabs-layout-horizontal","26":"ast-qv-on-image","28":"first","29":"instock","30":"shipping-taxable","31":"purchasable","32":"product-type-variable"},"yoast_head":"<!-- This site is optimized with the Yoast SEO plugin v25.9 - https:\/\/yoast.com\/wordpress\/plugins\/seo\/ -->\n<title>5Cadb-b for Sale - Buy 5Cadb-b Powder Online @ Low Price<\/title>\n<meta name=\"description\" content=\"Your requirement to buy 5Cadb-b powder online can be fulfilled at our online store as we have 5Cadb-b for sale here. Place your order and get affordable deals every day. Order Now!\" \/>\n<meta name=\"robots\" content=\"index, follow, max-snippet:-1, max-image-preview:large, max-video-preview:-1\" \/>\n<link rel=\"canonical\" href=\"https:\/\/legitgrams.com\/it\/prodotto\/5cadb-b\/\" \/>\n<meta property=\"og:locale\" content=\"it_IT\" \/>\n<meta property=\"og:type\" content=\"article\" \/>\n<meta property=\"og:title\" content=\"5Cadb-b for Sale - Buy 5Cadb-b Powder Online @ Low Price\" \/>\n<meta property=\"og:description\" content=\"Your requirement to buy 5Cadb-b powder online can be fulfilled at our online store as we have 5Cadb-b for sale here. Place your order and get affordable deals every day. Order Now!\" \/>\n<meta property=\"og:url\" content=\"https:\/\/legitgrams.com\/it\/prodotto\/5cadb-b\/\" \/>\n<meta property=\"og:site_name\" content=\"Legit Grams\" \/>\n<meta property=\"article:modified_time\" content=\"2025-01-11T11:14:41+00:00\" \/>\n<meta property=\"og:image\" content=\"https:\/\/legitgrams.com\/wp-content\/uploads\/2024\/08\/5cadb-b.gif\" \/>\n\t<meta property=\"og:image:width\" content=\"600\" \/>\n\t<meta property=\"og:image:height\" content=\"600\" \/>\n\t<meta property=\"og:image:type\" content=\"image\/gif\" \/>\n<meta name=\"twitter:card\" content=\"summary_large_image\" \/>\n<meta name=\"twitter:label1\" content=\"Tempo di lettura stimato\" \/>\n\t<meta name=\"twitter:data1\" content=\"2 minuti\" \/>\n<script type=\"application\/ld+json\" class=\"yoast-schema-graph\">{\"@context\":\"https:\/\/schema.org\",\"@graph\":[{\"@type\":\"WebPage\",\"@id\":\"https:\/\/legitgrams.com\/product\/5cadb-b\/\",\"url\":\"https:\/\/legitgrams.com\/product\/5cadb-b\/\",\"name\":\"5Cadb-b for Sale - Buy 5Cadb-b Powder Online @ Low Price\",\"isPartOf\":{\"@id\":\"https:\/\/legitgrams.com\/#website\"},\"primaryImageOfPage\":{\"@id\":\"https:\/\/legitgrams.com\/product\/5cadb-b\/#primaryimage\"},\"image\":{\"@id\":\"https:\/\/legitgrams.com\/product\/5cadb-b\/#primaryimage\"},\"thumbnailUrl\":\"https:\/\/legitgrams.com\/wp-content\/uploads\/2024\/08\/5cadb-b.gif\",\"datePublished\":\"2024-08-03T05:27:18+00:00\",\"dateModified\":\"2025-01-11T11:14:41+00:00\",\"description\":\"Your requirement to buy 5Cadb-b powder online can be fulfilled at our online store as we have 5Cadb-b for sale here. Place your order and get affordable deals every day. Order Now!\",\"breadcrumb\":{\"@id\":\"https:\/\/legitgrams.com\/product\/5cadb-b\/#breadcrumb\"},\"inLanguage\":\"it-IT\",\"potentialAction\":[{\"@type\":\"ReadAction\",\"target\":[\"https:\/\/legitgrams.com\/product\/5cadb-b\/\"]}]},{\"@type\":\"ImageObject\",\"inLanguage\":\"it-IT\",\"@id\":\"https:\/\/legitgrams.com\/product\/5cadb-b\/#primaryimage\",\"url\":\"https:\/\/legitgrams.com\/wp-content\/uploads\/2024\/08\/5cadb-b.gif\",\"contentUrl\":\"https:\/\/legitgrams.com\/wp-content\/uploads\/2024\/08\/5cadb-b.gif\",\"width\":600,\"height\":600,\"caption\":\"5Cadb-b for Sale\"},{\"@type\":\"BreadcrumbList\",\"@id\":\"https:\/\/legitgrams.com\/product\/5cadb-b\/#breadcrumb\",\"itemListElement\":[{\"@type\":\"ListItem\",\"position\":1,\"name\":\"Home\",\"item\":\"https:\/\/legitgrams.com\/\"},{\"@type\":\"ListItem\",\"position\":2,\"name\":\"Shop\",\"item\":\"https:\/\/legitgrams.com\/shop\/\"},{\"@type\":\"ListItem\",\"position\":3,\"name\":\"5Cadb-B\"}]},{\"@type\":\"WebSite\",\"@id\":\"https:\/\/legitgrams.com\/#website\",\"url\":\"https:\/\/legitgrams.com\/\",\"name\":\"Legit Grams\",\"description\":\"My WordPress Blog\",\"publisher\":{\"@id\":\"https:\/\/legitgrams.com\/#organization\"},\"potentialAction\":[{\"@type\":\"SearchAction\",\"target\":{\"@type\":\"EntryPoint\",\"urlTemplate\":\"https:\/\/legitgrams.com\/?s={search_term_string}\"},\"query-input\":{\"@type\":\"PropertyValueSpecification\",\"valueRequired\":true,\"valueName\":\"search_term_string\"}}],\"inLanguage\":\"it-IT\"},{\"@type\":\"Organization\",\"@id\":\"https:\/\/legitgrams.com\/#organization\",\"name\":\"Legit Grams\",\"url\":\"https:\/\/legitgrams.com\/\",\"logo\":{\"@type\":\"ImageObject\",\"inLanguage\":\"it-IT\",\"@id\":\"https:\/\/legitgrams.com\/#\/schema\/logo\/image\/\",\"url\":\"https:\/\/legitgrams.com\/wp-content\/uploads\/2024\/09\/main-logo.png\",\"contentUrl\":\"https:\/\/legitgrams.com\/wp-content\/uploads\/2024\/09\/main-logo.png\",\"width\":270,\"height\":75,\"caption\":\"Legit Grams\"},\"image\":{\"@id\":\"https:\/\/legitgrams.com\/#\/schema\/logo\/image\/\"}}]}<\/script>\n<!-- \/ Yoast SEO plugin. -->","yoast_head_json":{"title":"5Cadb-b in vendita - Comprare 5Cadb-b in polvere online a basso prezzo","description":"Il vostro requisito per l'acquisto di 5Cadb-b polvere on-line pu\u00f2 essere soddisfatta nel nostro negozio online, come abbiamo 5Cadb-b in vendita qui. Fai il tuo ordine e ottieni offerte convenienti ogni giorno. Ordina ora!","robots":{"index":"index","follow":"follow","max-snippet":"max-snippet:-1","max-image-preview":"max-image-preview:large","max-video-preview":"max-video-preview:-1"},"canonical":"https:\/\/legitgrams.com\/it\/prodotto\/5cadb-b\/","og_locale":"it_IT","og_type":"article","og_title":"5Cadb-b for Sale - Buy 5Cadb-b Powder Online @ Low Price","og_description":"Your requirement to buy 5Cadb-b powder online can be fulfilled at our online store as we have 5Cadb-b for sale here. Place your order and get affordable deals every day. Order Now!","og_url":"https:\/\/legitgrams.com\/it\/prodotto\/5cadb-b\/","og_site_name":"Legit Grams","article_modified_time":"2025-01-11T11:14:41+00:00","og_image":[{"width":600,"height":600,"url":"https:\/\/legitgrams.com\/wp-content\/uploads\/2024\/08\/5cadb-b.gif","type":"image\/gif"}],"twitter_card":"summary_large_image","twitter_misc":{"Tempo di lettura stimato":"2 minuti"},"schema":{"@context":"https:\/\/schema.org","@graph":[{"@type":"WebPage","@id":"https:\/\/legitgrams.com\/product\/5cadb-b\/","url":"https:\/\/legitgrams.com\/product\/5cadb-b\/","name":"5Cadb-b in vendita - Comprare 5Cadb-b in polvere online a basso prezzo","isPartOf":{"@id":"https:\/\/legitgrams.com\/#website"},"primaryImageOfPage":{"@id":"https:\/\/legitgrams.com\/product\/5cadb-b\/#primaryimage"},"image":{"@id":"https:\/\/legitgrams.com\/product\/5cadb-b\/#primaryimage"},"thumbnailUrl":"https:\/\/legitgrams.com\/wp-content\/uploads\/2024\/08\/5cadb-b.gif","datePublished":"2024-08-03T05:27:18+00:00","dateModified":"2025-01-11T11:14:41+00:00","description":"Il vostro requisito per l'acquisto di 5Cadb-b polvere on-line pu\u00f2 essere soddisfatta nel nostro negozio online, come abbiamo 5Cadb-b in vendita qui. Fai il tuo ordine e ottieni offerte convenienti ogni giorno. Ordina ora!","breadcrumb":{"@id":"https:\/\/legitgrams.com\/product\/5cadb-b\/#breadcrumb"},"inLanguage":"it-IT","potentialAction":[{"@type":"ReadAction","target":["https:\/\/legitgrams.com\/product\/5cadb-b\/"]}]},{"@type":"ImageObject","inLanguage":"it-IT","@id":"https:\/\/legitgrams.com\/product\/5cadb-b\/#primaryimage","url":"https:\/\/legitgrams.com\/wp-content\/uploads\/2024\/08\/5cadb-b.gif","contentUrl":"https:\/\/legitgrams.com\/wp-content\/uploads\/2024\/08\/5cadb-b.gif","width":600,"height":600,"caption":"5Cadb-b for Sale"},{"@type":"BreadcrumbList","@id":"https:\/\/legitgrams.com\/product\/5cadb-b\/#breadcrumb","itemListElement":[{"@type":"ListItem","position":1,"name":"Home","item":"https:\/\/legitgrams.com\/"},{"@type":"ListItem","position":2,"name":"Shop","item":"https:\/\/legitgrams.com\/shop\/"},{"@type":"ListItem","position":3,"name":"5Cadb-B"}]},{"@type":"WebSite","@id":"https:\/\/legitgrams.com\/#website","url":"https:\/\/legitgrams.com\/","name":"Grammi legittimi","description":"Il mio blog WordPress","publisher":{"@id":"https:\/\/legitgrams.com\/#organization"},"potentialAction":[{"@type":"SearchAction","target":{"@type":"EntryPoint","urlTemplate":"https:\/\/legitgrams.com\/?s={search_term_string}"},"query-input":{"@type":"PropertyValueSpecification","valueRequired":true,"valueName":"search_term_string"}}],"inLanguage":"it-IT"},{"@type":"Organization","@id":"https:\/\/legitgrams.com\/#organization","name":"Grammi legittimi","url":"https:\/\/legitgrams.com\/","logo":{"@type":"ImageObject","inLanguage":"it-IT","@id":"https:\/\/legitgrams.com\/#\/schema\/logo\/image\/","url":"https:\/\/legitgrams.com\/wp-content\/uploads\/2024\/09\/main-logo.png","contentUrl":"https:\/\/legitgrams.com\/wp-content\/uploads\/2024\/09\/main-logo.png","width":270,"height":75,"caption":"Legit Grams"},"image":{"@id":"https:\/\/legitgrams.com\/#\/schema\/logo\/image\/"}}]}},"uagb_featured_image_src":{"full":["https:\/\/legitgrams.com\/wp-content\/uploads\/2024\/08\/5cadb-b.gif",600,600,false],"thumbnail":["https:\/\/legitgrams.com\/wp-content\/uploads\/2024\/08\/5cadb-b-150x150.gif",150,150,true],"medium":["https:\/\/legitgrams.com\/wp-content\/uploads\/2024\/08\/5cadb-b-300x300.gif",300,300,true],"medium_large":["https:\/\/legitgrams.com\/wp-content\/uploads\/2024\/08\/5cadb-b.gif",600,600,false],"large":["https:\/\/legitgrams.com\/wp-content\/uploads\/2024\/08\/5cadb-b.gif",600,600,false],"1536x1536":["https:\/\/legitgrams.com\/wp-content\/uploads\/2024\/08\/5cadb-b.gif",600,600,false],"2048x2048":["https:\/\/legitgrams.com\/wp-content\/uploads\/2024\/08\/5cadb-b.gif",600,600,false],"trp-custom-language-flag":["https:\/\/legitgrams.com\/wp-content\/uploads\/2024\/08\/5cadb-b-12x12.gif",12,12,true],"woocommerce_thumbnail":["https:\/\/legitgrams.com\/wp-content\/uploads\/2024\/08\/5cadb-b-300x300.gif",300,300,true],"woocommerce_single":["https:\/\/legitgrams.com\/wp-content\/uploads\/2024\/08\/5cadb-b.gif",600,600,false],"woocommerce_gallery_thumbnail":["https:\/\/legitgrams.com\/wp-content\/uploads\/2024\/08\/5cadb-b-100x100.gif",100,100,true]},"uagb_author_info":{"display_name":"cokeblog18","author_link":"https:\/\/legitgrams.com\/it\/author\/"},"uagb_comment_info":0,"uagb_excerpt":"5Cadb-b for Sale Purchase 5CADB-B Powder online and get free shipping to other countries. Based on indazoles, this synthetic cannabinoid is a member of the indazole-3-carboxamide class. 5CADB-B is also known as 5F-MDMB-PINACA. It has been a component of designer drugs, which are synthetic cannabis products sold online. CAS: N\/A N\/A is the formula. 99.7%&hellip;","_links":{"self":[{"href":"https:\/\/legitgrams.com\/it\/wp-json\/wp\/v2\/product\/3265","targetHints":{"allow":["GET"]}}],"collection":[{"href":"https:\/\/legitgrams.com\/it\/wp-json\/wp\/v2\/product"}],"about":[{"href":"https:\/\/legitgrams.com\/it\/wp-json\/wp\/v2\/types\/product"}],"replies":[{"embeddable":true,"href":"https:\/\/legitgrams.com\/it\/wp-json\/wp\/v2\/comments?post=3265"}],"wp:featuredmedia":[{"embeddable":true,"href":"https:\/\/legitgrams.com\/it\/wp-json\/wp\/v2\/media\/3277"}],"wp:attachment":[{"href":"https:\/\/legitgrams.com\/it\/wp-json\/wp\/v2\/media?parent=3265"}],"wp:term":[{"taxonomy":"product_brand","embeddable":true,"href":"https:\/\/legitgrams.com\/it\/wp-json\/wp\/v2\/product_brand?post=3265"},{"taxonomy":"product_cat","embeddable":true,"href":"https:\/\/legitgrams.com\/it\/wp-json\/wp\/v2\/product_cat?post=3265"},{"taxonomy":"product_tag","embeddable":true,"href":"https:\/\/legitgrams.com\/it\/wp-json\/wp\/v2\/product_tag?post=3265"}],"curies":[{"name":"wp","href":"https:\/\/api.w.org\/{rel}","templated":true}]}}