{"id":3278,"date":"2024-08-03T05:38:22","date_gmt":"2024-08-03T05:38:22","guid":{"rendered":"https:\/\/cokebricks.com\/?post_type=product&#038;p=3278"},"modified":"2025-01-11T11:43:55","modified_gmt":"2025-01-11T11:43:55","slug":"5f-emb","status":"publish","type":"product","link":"https:\/\/legitgrams.com\/it\/prodotto\/5f-emb\/","title":{"rendered":"5f-EMB"},"content":{"rendered":"<div class=\"page-actual bg-light\">\n<section class=\"page-section py-5\">\n<div class=\"container\">\n<div class=\"card card-body py-4\">\n<div class=\"row product-each\">\n<div class=\"col-sm-8 product-text\">\n<div class=\"border-bottom mb-4 pb-3\">\n<h2>In vendita: 5F-EMB<\/h2>\n<p>Scopri 5f-EMB,<a href=\"https:\/\/legitgrams.com\/it\/prodotto\/5f-emb\/\"> 5F-EMB-PINACA<\/a>, un cannabinoide sintetico a base di indazolo della famiglia indazolo-3-carbossamide che \u00e8 stato offerto in vendita online come farmaco di sintesi. \u00c8 anche indicato come <a href=\"https:\/\/en.wikipedia.org\/wiki\/5F-APINACA\">EMB-5F-PINACA<\/a> in conformit\u00e0 con il quadro EMCCDA per la denominazione dei cannabinoidi sintetici e 5F-AEB. <a href=\"https:\/\/legitgrams.com\/it\/\">LegitGrams<\/a><\/p>\n<\/div>\n<div class=\"table-responsive\">\n<table class=\"table table-sm table-borderless\">\n<tbody>\n<tr>\n<td>Nome del prodotto<\/td>\n<td>5F-EMB<\/td>\n<\/tr>\n<tr>\n<td>Codice prodotto<\/td>\n<td>F00003078<\/td>\n<\/tr>\n<tr>\n<td>Nome chimico<\/td>\n<td>5F-EMB<\/td>\n<\/tr>\n<tr>\n<td>Sinonimi<\/td>\n<td>5-Fluoro EMB; etile (1-(5-fluoropentile)-1H-indazolo-3-carbonile)-L-valinato;5F-EMB-PINACA<\/td>\n<\/tr>\n<tr>\n<td>Impurit\u00e0<\/td>\n<td><span class=\"text-muted\">Nessun dato disponibile<a href=\"https:\/\/legitgrams.com\/it\/\">e<\/a><\/span><\/td>\n<\/tr>\n<tr>\n<td>Numero CAS<\/td>\n<td>NA<\/td>\n<\/tr>\n<tr>\n<td>Alternativa CAS #<\/td>\n<td>NA<\/td>\n<\/tr>\n<tr>\n<td>Forma molecolare<\/td>\n<td>C\u2082\u2080H\u2082\u2088FN\u2083O\u2083<\/td>\n<\/tr>\n<tr>\n<td>Aspetto<\/td>\n<td><span class=\"text-muted\">Nessun dato disponibile<\/span><\/td>\n<\/tr>\n<tr>\n<td>Punto di fusione<\/td>\n<td><span class=\"text-muted\">Nessun dato disponibile<\/span><\/td>\n<\/tr>\n<tr>\n<td>Mol. Peso<\/td>\n<td>377.45<\/td>\n<\/tr>\n<tr>\n<td>Immagazzinamento<\/td>\n<td><span class=\"text-muted\">Nessun dato disponibile<\/span><\/td>\n<\/tr>\n<tr>\n<td>Solubilit\u00e0<\/td>\n<td><span class=\"text-muted\">Nessun dato disponibile<\/span><\/td>\n<\/tr>\n<tr>\n<td>Stabilit\u00e0<\/td>\n<td><span class=\"text-muted\">Nessun dato disponibile<\/span><\/td>\n<\/tr>\n<tr>\n<td>Categoria<\/td>\n<td><span class=\"text-muted\">Nessun dato disponibile<\/span><\/td>\n<\/tr>\n<tr>\n<td>Punto di ebollizione<\/td>\n<td><span class=\"text-muted\">Nessun dato disponibile<\/span><\/td>\n<\/tr>\n<tr>\n<td>Applicazioni<\/td>\n<td>5F-AEB \u00e8 un analogo di AB-PINACA (A109000) caratterizzato dalla sostituzione della carbossamide con acetato di etile e dall'aggiunta di un atomo di fluoro alchil-terminale. Cannabinoidi sintetici.<\/td>\n<\/tr>\n<tr>\n<td>Informazioni sulle merci pericolose<\/td>\n<td>NA<\/td>\n<\/tr>\n<tr>\n<td>Riferimenti<\/td>\n<td>Uchiyama, N. e altri: Forensic Toxicol. 31(1), 93 (2013).<\/td>\n<\/tr>\n<tr>\n<td>Note aggiuntive<\/td>\n<td><span class=\"text-muted\">Nessun dato disponibile<\/span><\/td>\n<\/tr>\n<tr>\n<td>Documenti (MSDS)<\/td>\n<td><span class=\"text-muted\">Nessun dato disponibile<\/span><\/td>\n<\/tr>\n<tr>\n<td>Parole chiave<\/td>\n<td>acquistare 5F-EMB | Acquistare 5F-EMB| Ordinare 5F-EMB| 5F-EMBsupplier | 5F-EMBmanufacturer | 5F-EMB distributor | 5F-AEB cost<\/td>\n<\/tr>\n<\/tbody>\n<\/table>\n<\/div>\n<\/div>\n<div class=\"col-sm-4 product-media\">\n<div class=\"mt-5 pt-1\"><img decoding=\"async\" class=\"img-thumbnail\" src=\"https:\/\/www.srdpharma.com\/adminize\/uploads\/F00003078_proImage.png\" alt=\"5F-AEB\" \/><\/div>\n<div class=\"mt-5\">\n<h5>Imballaggi del prodotto<\/h5>\n<\/div>\n<table class=\"table table-sm table-bordered\">\n<tbody>\n<tr>\n<td>25 mg<\/td>\n<\/tr>\n<tr>\n<td>50 mg<\/td>\n<\/tr>\n<tr>\n<td>100 mg<\/td>\n<\/tr>\n<tr>\n<td>250 mg<\/td>\n<\/tr>\n<\/tbody>\n<\/table>\n<div class=\"mt-5\">\n<h5>Richiesta di informazioni sui prodotti<\/h5>\n<div class=\"card card-body\">\u00a0Richiedi un preventivo per il prodotto<\/div>\n<div>\n<p><strong>\u00a05F-EMB-PINACA Online<\/strong><br \/>\n<a href=\"https:\/\/legitgrams.com\/it\/prodotto\/5f-emb\/\">5F-EMB-PINACA<\/a> (noto anche come 5F-AEB) \u00e8 un cannabinoide sintetico a base di indazolo della famiglia delle indazole-3-carbossammidi che \u00e8 stato venduto online come droga di design.<\/p>\n<p>Pertanto, \u00e8 stato segnalato per la prima volta dall'OEDT nell'ambito di un sequestro di 149 grammi di polvere bianca in Svezia nell'aprile 2015<\/p>\n<p>Per chiarire, il 5F AM-2201 in vendita online ha un nome importante nell'industria chimica di ricerca ed \u00e8 considerato il pi\u00f9 potente della classe dei cannabinoidi. \u00c8 un agonista completo per i recettori associati. Il suo dosaggio attivo \u00e8 di piccole dimensioni, come 500 microgrammi, e pertanto va trattato con estrema cautela e attenzione per evitare inutili inalazioni. Acquistare am-2201 online<\/p>\n<p><strong>Comprare 5F-EMB-PINACA Online<\/strong><br \/>\nIn primo luogo, il fatto che abbia un profilo di legame con i recettori estremamente ampio ha sempre posto l'AM-2201 in vendita online in cima alla lista dei ricercatori. Viene venduto da BAC solo per applicazioni in vitro e non \u00e8 adatto all'ingestione umana.<\/p>\n<p>Nel frattempo, fa parte della serie AM di cannabinoidi scoperta da Alexandros Makriyannis.<\/p>\n<\/div>\n<\/div>\n<\/div>\n<\/div>\n<\/div>\n<\/div>\n<\/section>\n<\/div>\n<div class=\"footer site-footer\">\n<div class=\"container\">\n<div class=\"row\">\n<div class=\"col-lg-4\"><\/div>\n<\/div>\n<\/div>\n<\/div>","protected":false},"excerpt":{"rendered":"<p>For Sale: 5F-EMB Discover 5f-EMB, 5F-EMB-PINACA, an indazole-based synthetic cannabinoid from the indazole-3-carboxamide family that has been offered for sale online as a designer medication. It is also referred to as EMB-5F-PINACA in accordance with the EMCCDA framework for naming synthetic cannabinoids and 5F-AEB. LegitGrams Product Name 5F-EMB Product Code F00003078 Chemical name 5F-EMB Synonyms &hellip;<\/p>\n<p class=\"read-more\"> <a class=\"\" href=\"https:\/\/legitgrams.com\/it\/prodotto\/5f-emb\/\"> <span class=\"screen-reader-text\">5f-EMB<\/span> Leggi tutto \"<\/a><\/p>","protected":false},"featured_media":3288,"comment_status":"open","ping_status":"closed","template":"","meta":{"_uag_custom_page_level_css":"","site-sidebar-layout":"default","site-content-layout":"default","ast-global-header-display":"","ast-main-header-display":"","ast-hfb-above-header-display":"","ast-hfb-below-header-display":"","ast-hfb-mobile-header-display":"","site-post-title":"","ast-breadcrumbs-content":"","ast-featured-img":"","footer-sml-layout":"","theme-transparent-header-meta":"default","adv-header-id-meta":"","stick-header-meta":"default","header-above-stick-meta":"","header-main-stick-meta":"","header-below-stick-meta":"","_joinchat":[]},"product_brand":[],"product_cat":[190],"product_tag":[444,445,446,447,448,449,237,450,238,451,239,452,240,453,242,454,455,456,457,458],"class_list":{"0":"post-3278","1":"product","2":"type-product","3":"status-publish","4":"has-post-thumbnail","6":"product_cat-cannabinoids","7":"product_tag-5f-2201","8":"product_tag-5f-mdmb-2201-5f-mdmb-2201-cannabinoid","9":"product_tag-5f-mdmb-2201-legal-status","10":"product_tag-5f-mdmb-2201-psychonaut","11":"product_tag-5f-mdmb2011","12":"product_tag-5f-mdmb-22001-review","13":"product_tag-5f-mdmb-2201","14":"product_tag-5f-mdmb-2201-china","15":"product_tag-5f-mdmb-2201-dosage","16":"product_tag-5f-mdmb-2201-effects","17":"product_tag-5f-mdmb-2201-opinie","18":"product_tag-5f-mdmb-2201-order","19":"product_tag-5f-mdmb-2201-reddit","20":"product_tag-5f-mdmb-2201-vape","21":"product_tag-5f-mdmb-2201-wiki","22":"product_tag-5fmdmb-2201-wirkung","23":"product_tag-5fmdmb-2201-cayman","24":"product_tag-5fmdmv2201-5f-mdmb-2201-kannabinoid","25":"product_tag-buy-5f-mdmb-2201","26":"product_tag-buy-5fmdmb-2201","27":"desktop-align-left","28":"tablet-align-left","29":"mobile-align-left","30":"ast-product-gallery-layout-horizontal","31":"ast-product-single-variable","32":"ast-product-tabs-layout-horizontal","33":"ast-qv-on-image","35":"first","36":"instock","37":"shipping-taxable","38":"purchasable","39":"product-type-variable"},"yoast_head":"<!-- This site is optimized with the Yoast SEO plugin v25.9 - https:\/\/yoast.com\/wordpress\/plugins\/seo\/ -->\n<title>5F-EMB for Sale - Order 5F-EMB Powder Online | LegitGrams<\/title>\n<meta name=\"description\" content=\"You can buy 5F-EMB powder online at best price from our online cannabinoids store. We have cheap and high-quality 5F-EMB for sale and provide worldwide delivery. You can order from anywhere, anytime.\" \/>\n<meta name=\"robots\" content=\"index, follow, max-snippet:-1, max-image-preview:large, max-video-preview:-1\" \/>\n<link rel=\"canonical\" href=\"https:\/\/legitgrams.com\/it\/prodotto\/5f-emb\/\" \/>\n<meta property=\"og:locale\" content=\"it_IT\" \/>\n<meta property=\"og:type\" content=\"article\" \/>\n<meta property=\"og:title\" content=\"5F-EMB for Sale - Order 5F-EMB Powder Online | LegitGrams\" \/>\n<meta property=\"og:description\" content=\"You can buy 5F-EMB powder online at best price from our online cannabinoids store. We have cheap and high-quality 5F-EMB for sale and provide worldwide delivery. You can order from anywhere, anytime.\" \/>\n<meta property=\"og:url\" content=\"https:\/\/legitgrams.com\/it\/prodotto\/5f-emb\/\" \/>\n<meta property=\"og:site_name\" content=\"Legit Grams\" \/>\n<meta property=\"article:modified_time\" content=\"2025-01-11T11:43:55+00:00\" \/>\n<meta property=\"og:image\" content=\"https:\/\/legitgrams.com\/wp-content\/uploads\/2024\/08\/5f-EMB.gif\" \/>\n\t<meta property=\"og:image:width\" content=\"600\" \/>\n\t<meta property=\"og:image:height\" content=\"600\" \/>\n\t<meta property=\"og:image:type\" content=\"image\/gif\" \/>\n<meta name=\"twitter:card\" content=\"summary_large_image\" \/>\n<meta name=\"twitter:label1\" content=\"Tempo di lettura stimato\" \/>\n\t<meta name=\"twitter:data1\" content=\"3 minuti\" \/>\n<script type=\"application\/ld+json\" class=\"yoast-schema-graph\">{\"@context\":\"https:\/\/schema.org\",\"@graph\":[{\"@type\":\"WebPage\",\"@id\":\"https:\/\/legitgrams.com\/product\/5f-emb\/\",\"url\":\"https:\/\/legitgrams.com\/product\/5f-emb\/\",\"name\":\"5F-EMB for Sale - Order 5F-EMB Powder Online | LegitGrams\",\"isPartOf\":{\"@id\":\"https:\/\/legitgrams.com\/#website\"},\"primaryImageOfPage\":{\"@id\":\"https:\/\/legitgrams.com\/product\/5f-emb\/#primaryimage\"},\"image\":{\"@id\":\"https:\/\/legitgrams.com\/product\/5f-emb\/#primaryimage\"},\"thumbnailUrl\":\"https:\/\/legitgrams.com\/wp-content\/uploads\/2024\/08\/5f-EMB.gif\",\"datePublished\":\"2024-08-03T05:38:22+00:00\",\"dateModified\":\"2025-01-11T11:43:55+00:00\",\"description\":\"You can buy 5F-EMB powder online at best price from our online cannabinoids store. We have cheap and high-quality 5F-EMB for sale and provide worldwide delivery. You can order from anywhere, anytime.\",\"breadcrumb\":{\"@id\":\"https:\/\/legitgrams.com\/product\/5f-emb\/#breadcrumb\"},\"inLanguage\":\"it-IT\",\"potentialAction\":[{\"@type\":\"ReadAction\",\"target\":[\"https:\/\/legitgrams.com\/product\/5f-emb\/\"]}]},{\"@type\":\"ImageObject\",\"inLanguage\":\"it-IT\",\"@id\":\"https:\/\/legitgrams.com\/product\/5f-emb\/#primaryimage\",\"url\":\"https:\/\/legitgrams.com\/wp-content\/uploads\/2024\/08\/5f-EMB.gif\",\"contentUrl\":\"https:\/\/legitgrams.com\/wp-content\/uploads\/2024\/08\/5f-EMB.gif\",\"width\":600,\"height\":600,\"caption\":\"5F-EMB for Sale\"},{\"@type\":\"BreadcrumbList\",\"@id\":\"https:\/\/legitgrams.com\/product\/5f-emb\/#breadcrumb\",\"itemListElement\":[{\"@type\":\"ListItem\",\"position\":1,\"name\":\"Home\",\"item\":\"https:\/\/legitgrams.com\/\"},{\"@type\":\"ListItem\",\"position\":2,\"name\":\"Shop\",\"item\":\"https:\/\/legitgrams.com\/shop\/\"},{\"@type\":\"ListItem\",\"position\":3,\"name\":\"5f-EMB\"}]},{\"@type\":\"WebSite\",\"@id\":\"https:\/\/legitgrams.com\/#website\",\"url\":\"https:\/\/legitgrams.com\/\",\"name\":\"Legit Grams\",\"description\":\"My WordPress Blog\",\"publisher\":{\"@id\":\"https:\/\/legitgrams.com\/#organization\"},\"potentialAction\":[{\"@type\":\"SearchAction\",\"target\":{\"@type\":\"EntryPoint\",\"urlTemplate\":\"https:\/\/legitgrams.com\/?s={search_term_string}\"},\"query-input\":{\"@type\":\"PropertyValueSpecification\",\"valueRequired\":true,\"valueName\":\"search_term_string\"}}],\"inLanguage\":\"it-IT\"},{\"@type\":\"Organization\",\"@id\":\"https:\/\/legitgrams.com\/#organization\",\"name\":\"Legit Grams\",\"url\":\"https:\/\/legitgrams.com\/\",\"logo\":{\"@type\":\"ImageObject\",\"inLanguage\":\"it-IT\",\"@id\":\"https:\/\/legitgrams.com\/#\/schema\/logo\/image\/\",\"url\":\"https:\/\/legitgrams.com\/wp-content\/uploads\/2024\/09\/main-logo.png\",\"contentUrl\":\"https:\/\/legitgrams.com\/wp-content\/uploads\/2024\/09\/main-logo.png\",\"width\":270,\"height\":75,\"caption\":\"Legit Grams\"},\"image\":{\"@id\":\"https:\/\/legitgrams.com\/#\/schema\/logo\/image\/\"}}]}<\/script>\n<!-- \/ Yoast SEO plugin. -->","yoast_head_json":{"title":"5F-EMB in vendita - Ordina 5F-EMB in polvere online | LegitGrams","description":"\u00c8 possibile acquistare la polvere 5F-EMB online al miglior prezzo dal nostro negozio online di cannabinoidi. Abbiamo 5F-EMB in vendita a basso costo e di alta qualit\u00e0 e forniamo consegne in tutto il mondo. \u00c8 possibile ordinare da qualsiasi luogo e in qualsiasi momento.","robots":{"index":"index","follow":"follow","max-snippet":"max-snippet:-1","max-image-preview":"max-image-preview:large","max-video-preview":"max-video-preview:-1"},"canonical":"https:\/\/legitgrams.com\/it\/prodotto\/5f-emb\/","og_locale":"it_IT","og_type":"article","og_title":"5F-EMB for Sale - Order 5F-EMB Powder Online | LegitGrams","og_description":"You can buy 5F-EMB powder online at best price from our online cannabinoids store. We have cheap and high-quality 5F-EMB for sale and provide worldwide delivery. You can order from anywhere, anytime.","og_url":"https:\/\/legitgrams.com\/it\/prodotto\/5f-emb\/","og_site_name":"Legit Grams","article_modified_time":"2025-01-11T11:43:55+00:00","og_image":[{"width":600,"height":600,"url":"https:\/\/legitgrams.com\/wp-content\/uploads\/2024\/08\/5f-EMB.gif","type":"image\/gif"}],"twitter_card":"summary_large_image","twitter_misc":{"Tempo di lettura stimato":"3 minuti"},"schema":{"@context":"https:\/\/schema.org","@graph":[{"@type":"WebPage","@id":"https:\/\/legitgrams.com\/product\/5f-emb\/","url":"https:\/\/legitgrams.com\/product\/5f-emb\/","name":"5F-EMB in vendita - Ordina 5F-EMB in polvere online | LegitGrams","isPartOf":{"@id":"https:\/\/legitgrams.com\/#website"},"primaryImageOfPage":{"@id":"https:\/\/legitgrams.com\/product\/5f-emb\/#primaryimage"},"image":{"@id":"https:\/\/legitgrams.com\/product\/5f-emb\/#primaryimage"},"thumbnailUrl":"https:\/\/legitgrams.com\/wp-content\/uploads\/2024\/08\/5f-EMB.gif","datePublished":"2024-08-03T05:38:22+00:00","dateModified":"2025-01-11T11:43:55+00:00","description":"\u00c8 possibile acquistare la polvere 5F-EMB online al miglior prezzo dal nostro negozio online di cannabinoidi. Abbiamo 5F-EMB in vendita a basso costo e di alta qualit\u00e0 e forniamo consegne in tutto il mondo. \u00c8 possibile ordinare da qualsiasi luogo e in qualsiasi momento.","breadcrumb":{"@id":"https:\/\/legitgrams.com\/product\/5f-emb\/#breadcrumb"},"inLanguage":"it-IT","potentialAction":[{"@type":"ReadAction","target":["https:\/\/legitgrams.com\/product\/5f-emb\/"]}]},{"@type":"ImageObject","inLanguage":"it-IT","@id":"https:\/\/legitgrams.com\/product\/5f-emb\/#primaryimage","url":"https:\/\/legitgrams.com\/wp-content\/uploads\/2024\/08\/5f-EMB.gif","contentUrl":"https:\/\/legitgrams.com\/wp-content\/uploads\/2024\/08\/5f-EMB.gif","width":600,"height":600,"caption":"5F-EMB for Sale"},{"@type":"BreadcrumbList","@id":"https:\/\/legitgrams.com\/product\/5f-emb\/#breadcrumb","itemListElement":[{"@type":"ListItem","position":1,"name":"Home","item":"https:\/\/legitgrams.com\/"},{"@type":"ListItem","position":2,"name":"Shop","item":"https:\/\/legitgrams.com\/shop\/"},{"@type":"ListItem","position":3,"name":"5f-EMB"}]},{"@type":"WebSite","@id":"https:\/\/legitgrams.com\/#website","url":"https:\/\/legitgrams.com\/","name":"Grammi legittimi","description":"Il mio blog WordPress","publisher":{"@id":"https:\/\/legitgrams.com\/#organization"},"potentialAction":[{"@type":"SearchAction","target":{"@type":"EntryPoint","urlTemplate":"https:\/\/legitgrams.com\/?s={search_term_string}"},"query-input":{"@type":"PropertyValueSpecification","valueRequired":true,"valueName":"search_term_string"}}],"inLanguage":"it-IT"},{"@type":"Organization","@id":"https:\/\/legitgrams.com\/#organization","name":"Grammi legittimi","url":"https:\/\/legitgrams.com\/","logo":{"@type":"ImageObject","inLanguage":"it-IT","@id":"https:\/\/legitgrams.com\/#\/schema\/logo\/image\/","url":"https:\/\/legitgrams.com\/wp-content\/uploads\/2024\/09\/main-logo.png","contentUrl":"https:\/\/legitgrams.com\/wp-content\/uploads\/2024\/09\/main-logo.png","width":270,"height":75,"caption":"Legit Grams"},"image":{"@id":"https:\/\/legitgrams.com\/#\/schema\/logo\/image\/"}}]}},"uagb_featured_image_src":{"full":["https:\/\/legitgrams.com\/wp-content\/uploads\/2024\/08\/5f-EMB.gif",600,600,false],"thumbnail":["https:\/\/legitgrams.com\/wp-content\/uploads\/2024\/08\/5f-EMB-150x150.gif",150,150,true],"medium":["https:\/\/legitgrams.com\/wp-content\/uploads\/2024\/08\/5f-EMB-300x300.gif",300,300,true],"medium_large":["https:\/\/legitgrams.com\/wp-content\/uploads\/2024\/08\/5f-EMB.gif",600,600,false],"large":["https:\/\/legitgrams.com\/wp-content\/uploads\/2024\/08\/5f-EMB.gif",600,600,false],"1536x1536":["https:\/\/legitgrams.com\/wp-content\/uploads\/2024\/08\/5f-EMB.gif",600,600,false],"2048x2048":["https:\/\/legitgrams.com\/wp-content\/uploads\/2024\/08\/5f-EMB.gif",600,600,false],"trp-custom-language-flag":["https:\/\/legitgrams.com\/wp-content\/uploads\/2024\/08\/5f-EMB-12x12.gif",12,12,true],"woocommerce_thumbnail":["https:\/\/legitgrams.com\/wp-content\/uploads\/2024\/08\/5f-EMB-300x300.gif",300,300,true],"woocommerce_single":["https:\/\/legitgrams.com\/wp-content\/uploads\/2024\/08\/5f-EMB.gif",600,600,false],"woocommerce_gallery_thumbnail":["https:\/\/legitgrams.com\/wp-content\/uploads\/2024\/08\/5f-EMB-100x100.gif",100,100,true]},"uagb_author_info":{"display_name":"cokeblog18","author_link":"https:\/\/legitgrams.com\/it\/author\/"},"uagb_comment_info":0,"uagb_excerpt":"For Sale: 5F-EMB Discover 5f-EMB, 5F-EMB-PINACA, an indazole-based synthetic cannabinoid from the indazole-3-carboxamide family that has been offered for sale online as a designer medication. It is also referred to as EMB-5F-PINACA in accordance with the EMCCDA framework for naming synthetic cannabinoids and 5F-AEB. LegitGrams Product Name 5F-EMB Product Code F00003078 Chemical name 5F-EMB Synonyms&hellip;","_links":{"self":[{"href":"https:\/\/legitgrams.com\/it\/wp-json\/wp\/v2\/product\/3278","targetHints":{"allow":["GET"]}}],"collection":[{"href":"https:\/\/legitgrams.com\/it\/wp-json\/wp\/v2\/product"}],"about":[{"href":"https:\/\/legitgrams.com\/it\/wp-json\/wp\/v2\/types\/product"}],"replies":[{"embeddable":true,"href":"https:\/\/legitgrams.com\/it\/wp-json\/wp\/v2\/comments?post=3278"}],"wp:featuredmedia":[{"embeddable":true,"href":"https:\/\/legitgrams.com\/it\/wp-json\/wp\/v2\/media\/3288"}],"wp:attachment":[{"href":"https:\/\/legitgrams.com\/it\/wp-json\/wp\/v2\/media?parent=3278"}],"wp:term":[{"taxonomy":"product_brand","embeddable":true,"href":"https:\/\/legitgrams.com\/it\/wp-json\/wp\/v2\/product_brand?post=3278"},{"taxonomy":"product_cat","embeddable":true,"href":"https:\/\/legitgrams.com\/it\/wp-json\/wp\/v2\/product_cat?post=3278"},{"taxonomy":"product_tag","embeddable":true,"href":"https:\/\/legitgrams.com\/it\/wp-json\/wp\/v2\/product_tag?post=3278"}],"curies":[{"name":"wp","href":"https:\/\/api.w.org\/{rel}","templated":true}]}}