{"id":3280,"date":"2024-08-03T05:38:32","date_gmt":"2024-08-03T05:38:32","guid":{"rendered":"https:\/\/cokebricks.com\/?post_type=product&#038;p=3280"},"modified":"2025-03-08T05:57:51","modified_gmt":"2025-03-08T05:57:51","slug":"4f-mdma-b","status":"publish","type":"product","link":"https:\/\/legitgrams.com\/it\/prodotto\/4f-mdma-b\/","title":{"rendered":"Acquista 4F-MDMB-2201 online"},"content":{"rendered":"<h2>Venduto: 4F-MDMB-2201<\/h2>\n<p>Il cannabinoide sintetico <a href=\"https:\/\/legitgrams.com\/it\/prodotto\/4f-mdma-b\/\">4F-MDMB-BINACA<\/a>, often referred to as <a href=\"https:\/\/www.bing.com\/search?q=Buy%204F-MDMB-2201%20Online&amp;qs=n&amp;form=QBRE&amp;sp=-1&amp;lq=0&amp;pq=buy%204f-mdmb-2201%20online&amp;sc=0-23&amp;sk=&amp;cvid=EDC4C0DBA04E4F899A8DCB87CE039D4E&amp;ghsh=0&amp;ghacc=0&amp;ghpl=\">MDMB-4F-BINAC<\/a>A, 4F-MDMB-BUTINACA, or <a href=\"https:\/\/www.bing.com\/search?q=Buy%204F-MDMB-2201%20Online&amp;qs=n&amp;form=QBRE&amp;sp=-1&amp;lq=0&amp;pq=buy%204f-mdmb-2201%20online&amp;sc=0-23&amp;sk=&amp;cvid=EDC4C0DBA04E4F899A8DCB87CE039D4E&amp;ghsh=0&amp;ghacc=0&amp;ghpl=\">4F-ADB<\/a>, spesso indicato come MDMB-4F-BINACA, 4F-MDMB-BUTINACA o 4F-ADB, \u00e8 basato sugli indazoli e appartiene alla famiglia degli indazoli-3-carbossamide. Dalla fine del 2018, \u00e8 stato commercializzato come medicina di design e utilizzato come componente attivo nei prodotti di cannabis sintetica. Sebbene la sua selettivit\u00e0 per il recettore CB1 sia sconosciuta, 4F-MDMB-BINACA \u00e8 un agonista di questo recettore (EC50 = 7,39 nM). L'UNODC ha rilasciato raccomandazioni di programmazione a dicembre 2019 che avrebbero inserito 4F-MDMB-BINACA nella Tabella II a livello globale. <a href=\"https:\/\/en.wikipedia.org\/\">LegitGrams<\/a><\/p>\n<h3>Acquista polvere Acquisisci 4F-MDMB-2201.<\/h3>\n<p>GET <a href=\"https:\/\/en.wikipedia.org\/wiki\/4F-MDMB-BINACA\">4F-MDMB-2201<\/a> POWDER Do you want to get <a href=\"https:\/\/www.google.com\/search?q=Buy+4F-MDMB-2201+Online&amp;num=10&amp;sca_esv=1a2a07081c7891bb&amp;rlz=1C1RXQR_enIN1098IN1098&amp;sxsrf=AHTn8zoD4BBHqeM8CnkQWb9glHkkVt9Evg%3A1741413310258&amp;ei=vtvLZ6irD8a8seMPrb-RgAM&amp;ved=0ahUKEwiogo-O5vmLAxVGXmwGHa1fBDAQ4dUDCBI&amp;uact=5&amp;oq=Buy+4F-MDMB-2201+Online&amp;gs_lp=Egxnd3Mtd2l6LXNlcnAiF0J1eSA0Ri1NRE1CLTIyMDEgT25saW5lSMkGUNUCWNUCcAJ4AJABAJgB5wGgAecBqgEDMi0xuAEDyAEA-AEC-AEBmAICoAIUwgILEAAYsAMYogQYiQXCAgsQABiABBiwAxiiBJgDAIgGAZAGBZIHATKgB0s&amp;sclient=gws-wiz-serp\">4F-MDMB-2201 Pulver<\/a> POLVERE Vuoi ottenere la polvere 4F-MDMB-2201 al miglior prezzo? Vai su Coke Bricks per acquistare i farmaci meglio progettati.<br \/>\nMDMB-4en PINACA \u00e8 abbreviato come 4F-MDMB-2201. <a href=\"https:\/\/www.google.com\/search?q=Buy+4F-MDMB-2201+Online&amp;num=10&amp;sca_esv=1a2a07081c7891bb&amp;rlz=1C1RXQR_enIN1098IN1098&amp;sxsrf=AHTn8zoD4BBHqeM8CnkQWb9glHkkVt9Evg%3A1741413310258&amp;ei=vtvLZ6irD8a8seMPrb-RgAM&amp;ved=0ahUKEwiogo-O5vmLAxVGXmwGHa1fBDAQ4dUDCBI&amp;uact=5&amp;oq=Buy+4F-MDMB-2201+Online&amp;gs_lp=Egxnd3Mtd2l6LXNlcnAiF0J1eSA0Ri1NRE1CLTIyMDEgT25saW5lSMkGUNUCWNUCcAJ4AJABAJgB5wGgAecBqgEDMi0xuAEDyAEA-AEC-AEBmAICoAIUwgILEAAYsAMYogQYiQXCAgsQABiABBiwAxiiBJgDAIgGAZAGBZIHATKgB0s&amp;sclient=gws-wiz-serp\">4F-MDMB-2201<\/a>.<\/p>\n<p>Il cannabinoide sintetico a base di indazolo 4F-MDMB-2201 \u00e8 un farmaco sperimentale sviluppato nel 2019.<\/p>\n<p>Il cannabinoide sintetico a base di indazolo 4F-MDMB-2201 \u00e8 un farmaco sperimentale sviluppato nel 2019.<\/p>\n<p>Sempre disponibili in magazzino, spediti entro uno o due giorni lavorativi.<\/p>\n<p>Effettua un pagamento sicuro utilizzando Giropay, Bitcoin o una carta di credito.<\/p>\n<h3>Acquista la polvere 4F-MDMB-2201 in modo sicuro.<\/h3>\n<p>Poich\u00e9 acquistiamo direttamente dai produttori, possiamo sempre promettere i prezzi pi\u00f9 bassi. Puoi pagare in modo sicuro con carta di credito, Bitcoin o Giropay nel nostro negozio online.<\/p>\n<p>Tutto \u00e8 sempre accessibile!<\/p>\n<p>Il nostro sito web utilizza la crittografia SSL.<\/p>\n<p>La crittografia SSL garantisce che i dati vengano trasmessi in modo sicuro e che non siano mai accessibili a terzi.<\/p>\n<h3>Polvere di alta qualit\u00e0, 4F-MDMB-2201<\/h3>\n<p>\u00c8 possibile acquistare i migliori farmaci di sintesi dal Benelux.<br \/>\nGrazie a sette anni di esperienza nel settore delle droghe sintetiche, siamo in grado di fornire costantemente prodotti di altissima qualit\u00e0.<\/p>\n<p>Dato che tutti i nostri prodotti sono sicuri per l'uso nella ricerca perch\u00e9 sono stati tutti sottoposti a test di laboratorio.<\/p>\n<p>Dato che tutti i nostri prodotti sono sicuri per l'uso nella ricerca perch\u00e9 sono stati tutti sottoposti a test di laboratorio.<\/p>\n<p>Molti rivenditori online vendono droghe sintetiche, siano esse contraffatte o di scarsa qualit\u00e0.<\/p>\n<p>Se acquisti farmaci sintetici da Legitgrams, il tuo ordine ti verr\u00e0 consegnato a casa in modo rapido, discreto e sicuro!<\/p>\n<h3>OTTIENI LA \u200b\u200bPOLVERE 4F-MDMB-2201<\/h3>\n<p><a href=\"https:\/\/www.google.com\/search?q=Buy+4F-MDMB-2201+Online&amp;num=10&amp;sca_esv=1a2a07081c7891bb&amp;rlz=1C1RXQR_enIN1098IN1098&amp;sxsrf=AHTn8zoD4BBHqeM8CnkQWb9glHkkVt9Evg%3A1741413310258&amp;ei=vtvLZ6irD8a8seMPrb-RgAM&amp;ved=0ahUKEwiogo-O5vmLAxVGXmwGHa1fBDAQ4dUDCBI&amp;uact=5&amp;oq=Buy+4F-MDMB-2201+Online&amp;gs_lp=Egxnd3Mtd2l6LXNlcnAiF0J1eSA0Ri1NRE1CLTIyMDEgT25saW5lSMkGUNUCWNUCcAJ4AJABAJgB5wGgAecBqgEDMi0xuAEDyAEA-AEC-AEBmAICoAIUwgILEAAYsAMYogQYiQXCAgsQABiABBiwAxiiBJgDAIgGAZAGBZIHATKgB0s&amp;sclient=gws-wiz-serp\">Polvere 4F-MDMB-2201<\/a>, tested in a lab<\/p>\n<p>Quando si cercano prodotti farmaceutici di marca, \u00e8 ovvio che si voglia essere certi che i prodotti siano della migliore qualit\u00e0.<\/p>\n<p>I farmaci sono della migliore qualit\u00e0 e vengono sempre testati in laboratorio.<\/p>\n<p>Lavorare con noi sar\u00e0 un piacere perch\u00e9 offriamo le migliori offerte su prodotti di alta qualit\u00e0.<\/p>\n<p>Acquista droghe sintetiche in modo discreto e legale.<\/p>\n<p>Le droghe sintetiche sono ora legalmente disponibili per l'acquisto online!<\/p>\n<p>Inutile dire che \u00e8 importante acquistare i farmaci di marca nel posto giusto.<br \/>\nA causa dell'abbondanza di siti web inaffidabili, potresti acquistare articoli potenzialmente dannosi per la salute.<\/p>\n<p>Per questo motivo, vi suggeriamo di acquistare i vostri farmaci di marca da legitgrams.com.<\/p>\n<p>Legit Grams \u00e8 da tempo leader nella vendita di farmaci di marca di alta qualit\u00e0 e vanta un vasto seguito di clienti affezionati.<\/p>\n<h3>Investire in droghe sintetiche a basso costo?<\/h3>\n<p><a href=\"https:\/\/duckduckgo.com\/?q=Buy+4F-MDMB-2201+Online&amp;t=h_&amp;ia=web\">Acquistando<\/a> Acquistando i prodotti dal Team Legitgrams, potrai ottenere la massima qualit\u00e0 ai prezzi migliori!<\/p>\n<p>Molti clienti che acquistano farmaci sintetici da farmacie legittime ritornano per acquistarne altri.<\/p>\n<p>Naturalmente, quando si cercano droghe sintetiche, \u00e8 essenziale avere un sito web affidabile.<\/p>\n<p>per garantire una consegna puntuale, per garantire che i beni siano di qualit\u00e0 ragionevole e vengano recapitati al tuo indirizzo tempestivamente.<\/p>\n<p>Puoi star certo che <a href=\"https:\/\/duckduckgo.com\/?q=Buy+4F-MDMB-2201+Online&amp;t=h_&amp;ia=web\">apertura<\/a>Potete essere certi che l'apertura, la sicurezza e l'affidabilit\u00e0 sono le priorit\u00e0 principali di legitgrams.<\/p>\n<h3>Offerta per Polvere 4F-MDMB-2201:<\/h3>\n<p>Legitgrams offre solitamente sconti incredibili che ti aiuteranno a risparmiare una notevole quantit\u00e0 di denaro, come:<\/p>\n<p>&nbsp;<\/p>","protected":false},"excerpt":{"rendered":"<p>Sold: 4F-MDMB-2201 The synthetic cannabinoid 4F-MDMB-BINACA, often referred to as MDMB-4F-BINACA, 4F-MDMB-BUTINACA, or 4F-ADB, is based on indazoles and belongs to the indazole-3-carboxamide family. Since late 2018, it has been marketed as a designer medicine and utilized as an active component in synthetic cannabis products. Although its selectivity for the CB1 receptor is unknown, 4F-MDMB-BINACA &hellip;<\/p>\n<p class=\"read-more\"> <a class=\"\" href=\"https:\/\/legitgrams.com\/it\/prodotto\/4f-mdma-b\/\"> <span class=\"screen-reader-text\">Acquista 4F-MDMB-2201 online<\/span> Leggi tutto \"<\/a><\/p>","protected":false},"featured_media":3290,"comment_status":"open","ping_status":"closed","template":"","meta":{"_uag_custom_page_level_css":"","site-sidebar-layout":"default","site-content-layout":"default","ast-global-header-display":"","ast-main-header-display":"","ast-hfb-above-header-display":"","ast-hfb-below-header-display":"","ast-hfb-mobile-header-display":"","site-post-title":"","ast-breadcrumbs-content":"","ast-featured-img":"","footer-sml-layout":"","theme-transparent-header-meta":"default","adv-header-id-meta":"","stick-header-meta":"default","header-above-stick-meta":"","header-main-stick-meta":"","header-below-stick-meta":"","_joinchat":[]},"product_brand":[],"product_cat":[190],"product_tag":[431,432,433,434,435,436,437,438,439,440,441,442,443],"class_list":{"0":"post-3280","1":"product","2":"type-product","3":"status-publish","4":"has-post-thumbnail","6":"product_cat-cannabinoids","7":"product_tag-4f-mdmb","8":"product_tag-4f-mdmb-2201","9":"product_tag-4f-mdmb-bianca","10":"product_tag-4f-mdmb-bica","11":"product_tag-4f-mdmb-binaca","12":"product_tag-4f-mdmb-binaca-kaufen","13":"product_tag-4f-mdmb-binaca-legal","14":"product_tag-4f-mdmb-binaca-liquid","15":"product_tag-4f-mdmb-binaca-nebenwirkungen","16":"product_tag-4f-mdmb-binaca-side-effects","17":"product_tag-4f-mdmb-binaca-flussigkeit","18":"product_tag-4f-mdmb-butinaca","19":"product_tag-4f-mdmb-pinaca","20":"desktop-align-left","21":"tablet-align-left","22":"mobile-align-left","23":"ast-product-gallery-layout-horizontal","24":"ast-product-gallery-with-no-image","25":"ast-product-single-variable","26":"ast-product-tabs-layout-horizontal","27":"ast-qv-on-image","29":"first","30":"instock","31":"shipping-taxable","32":"purchasable","33":"product-type-variable"},"yoast_head":"<!-- This site is optimized with the Yoast SEO plugin v25.9 - https:\/\/yoast.com\/wordpress\/plugins\/seo\/ -->\n<title>4F-MDMB-2201 for Sale - Order 4F-MDMB-2201 Online<\/title>\n<meta name=\"description\" content=\"If you want to buy 4F-MDMB-2201 powder online and looking for a reliable online shop, then buy here. We offer only 4F-MDMB-2201 for sale. Shop Today!\" \/>\n<meta name=\"robots\" content=\"index, follow, max-snippet:-1, max-image-preview:large, max-video-preview:-1\" \/>\n<link rel=\"canonical\" href=\"https:\/\/legitgrams.com\/it\/prodotto\/4f-mdma-b\/\" \/>\n<meta property=\"og:locale\" content=\"it_IT\" \/>\n<meta property=\"og:type\" content=\"article\" \/>\n<meta property=\"og:title\" content=\"4F-MDMB-2201 for Sale - Order 4F-MDMB-2201 Online\" \/>\n<meta property=\"og:description\" content=\"If you want to buy 4F-MDMB-2201 powder online and looking for a reliable online shop, then buy here. We offer only 4F-MDMB-2201 for sale. Shop Today!\" \/>\n<meta property=\"og:url\" content=\"https:\/\/legitgrams.com\/it\/prodotto\/4f-mdma-b\/\" \/>\n<meta property=\"og:site_name\" content=\"Legit Grams\" \/>\n<meta property=\"article:modified_time\" content=\"2025-03-08T05:57:51+00:00\" \/>\n<meta property=\"og:image\" content=\"https:\/\/legitgrams.com\/wp-content\/uploads\/2024\/08\/4f-mdma-b.gif\" \/>\n\t<meta property=\"og:image:width\" content=\"600\" \/>\n\t<meta property=\"og:image:height\" content=\"600\" \/>\n\t<meta property=\"og:image:type\" content=\"image\/gif\" \/>\n<meta name=\"twitter:card\" content=\"summary_large_image\" \/>\n<meta name=\"twitter:label1\" content=\"Tempo di lettura stimato\" \/>\n\t<meta name=\"twitter:data1\" content=\"3 minuti\" \/>\n<script type=\"application\/ld+json\" class=\"yoast-schema-graph\">{\"@context\":\"https:\/\/schema.org\",\"@graph\":[{\"@type\":\"WebPage\",\"@id\":\"https:\/\/legitgrams.com\/product\/4f-mdma-b\/\",\"url\":\"https:\/\/legitgrams.com\/product\/4f-mdma-b\/\",\"name\":\"4F-MDMB-2201 for Sale - Order 4F-MDMB-2201 Online\",\"isPartOf\":{\"@id\":\"https:\/\/legitgrams.com\/#website\"},\"primaryImageOfPage\":{\"@id\":\"https:\/\/legitgrams.com\/product\/4f-mdma-b\/#primaryimage\"},\"image\":{\"@id\":\"https:\/\/legitgrams.com\/product\/4f-mdma-b\/#primaryimage\"},\"thumbnailUrl\":\"https:\/\/legitgrams.com\/wp-content\/uploads\/2024\/08\/4f-mdma-b.gif\",\"datePublished\":\"2024-08-03T05:38:32+00:00\",\"dateModified\":\"2025-03-08T05:57:51+00:00\",\"description\":\"If you want to buy 4F-MDMB-2201 powder online and looking for a reliable online shop, then buy here. We offer only 4F-MDMB-2201 for sale. Shop Today!\",\"breadcrumb\":{\"@id\":\"https:\/\/legitgrams.com\/product\/4f-mdma-b\/#breadcrumb\"},\"inLanguage\":\"it-IT\",\"potentialAction\":[{\"@type\":\"ReadAction\",\"target\":[\"https:\/\/legitgrams.com\/product\/4f-mdma-b\/\"]}]},{\"@type\":\"ImageObject\",\"inLanguage\":\"it-IT\",\"@id\":\"https:\/\/legitgrams.com\/product\/4f-mdma-b\/#primaryimage\",\"url\":\"https:\/\/legitgrams.com\/wp-content\/uploads\/2024\/08\/4f-mdma-b.gif\",\"contentUrl\":\"https:\/\/legitgrams.com\/wp-content\/uploads\/2024\/08\/4f-mdma-b.gif\",\"width\":600,\"height\":600,\"caption\":\"4F-MDMB-2201 for Sale\"},{\"@type\":\"BreadcrumbList\",\"@id\":\"https:\/\/legitgrams.com\/product\/4f-mdma-b\/#breadcrumb\",\"itemListElement\":[{\"@type\":\"ListItem\",\"position\":1,\"name\":\"Home\",\"item\":\"https:\/\/legitgrams.com\/\"},{\"@type\":\"ListItem\",\"position\":2,\"name\":\"Shop\",\"item\":\"https:\/\/legitgrams.com\/shop\/\"},{\"@type\":\"ListItem\",\"position\":3,\"name\":\"Buy 4F-MDMB-2201 Online\"}]},{\"@type\":\"WebSite\",\"@id\":\"https:\/\/legitgrams.com\/#website\",\"url\":\"https:\/\/legitgrams.com\/\",\"name\":\"Legit Grams\",\"description\":\"My WordPress Blog\",\"publisher\":{\"@id\":\"https:\/\/legitgrams.com\/#organization\"},\"potentialAction\":[{\"@type\":\"SearchAction\",\"target\":{\"@type\":\"EntryPoint\",\"urlTemplate\":\"https:\/\/legitgrams.com\/?s={search_term_string}\"},\"query-input\":{\"@type\":\"PropertyValueSpecification\",\"valueRequired\":true,\"valueName\":\"search_term_string\"}}],\"inLanguage\":\"it-IT\"},{\"@type\":\"Organization\",\"@id\":\"https:\/\/legitgrams.com\/#organization\",\"name\":\"Legit Grams\",\"url\":\"https:\/\/legitgrams.com\/\",\"logo\":{\"@type\":\"ImageObject\",\"inLanguage\":\"it-IT\",\"@id\":\"https:\/\/legitgrams.com\/#\/schema\/logo\/image\/\",\"url\":\"https:\/\/legitgrams.com\/wp-content\/uploads\/2024\/09\/main-logo.png\",\"contentUrl\":\"https:\/\/legitgrams.com\/wp-content\/uploads\/2024\/09\/main-logo.png\",\"width\":270,\"height\":75,\"caption\":\"Legit Grams\"},\"image\":{\"@id\":\"https:\/\/legitgrams.com\/#\/schema\/logo\/image\/\"}}]}<\/script>\n<!-- \/ Yoast SEO plugin. -->","yoast_head_json":{"title":"4F-MDMB-2201 in vendita - Ordina 4F-MDMB-2201 online","description":"Se si desidera acquistare 4F-MDMB-2201 polvere online e alla ricerca di un negozio online affidabile, quindi acquistare qui. Offriamo solo 4F-MDMB-2201 in vendita. Acquista oggi!","robots":{"index":"index","follow":"follow","max-snippet":"max-snippet:-1","max-image-preview":"max-image-preview:large","max-video-preview":"max-video-preview:-1"},"canonical":"https:\/\/legitgrams.com\/it\/prodotto\/4f-mdma-b\/","og_locale":"it_IT","og_type":"article","og_title":"4F-MDMB-2201 for Sale - Order 4F-MDMB-2201 Online","og_description":"If you want to buy 4F-MDMB-2201 powder online and looking for a reliable online shop, then buy here. We offer only 4F-MDMB-2201 for sale. Shop Today!","og_url":"https:\/\/legitgrams.com\/it\/prodotto\/4f-mdma-b\/","og_site_name":"Legit Grams","article_modified_time":"2025-03-08T05:57:51+00:00","og_image":[{"width":600,"height":600,"url":"https:\/\/legitgrams.com\/wp-content\/uploads\/2024\/08\/4f-mdma-b.gif","type":"image\/gif"}],"twitter_card":"summary_large_image","twitter_misc":{"Tempo di lettura stimato":"3 minuti"},"schema":{"@context":"https:\/\/schema.org","@graph":[{"@type":"WebPage","@id":"https:\/\/legitgrams.com\/product\/4f-mdma-b\/","url":"https:\/\/legitgrams.com\/product\/4f-mdma-b\/","name":"4F-MDMB-2201 in vendita - Ordina 4F-MDMB-2201 online","isPartOf":{"@id":"https:\/\/legitgrams.com\/#website"},"primaryImageOfPage":{"@id":"https:\/\/legitgrams.com\/product\/4f-mdma-b\/#primaryimage"},"image":{"@id":"https:\/\/legitgrams.com\/product\/4f-mdma-b\/#primaryimage"},"thumbnailUrl":"https:\/\/legitgrams.com\/wp-content\/uploads\/2024\/08\/4f-mdma-b.gif","datePublished":"2024-08-03T05:38:32+00:00","dateModified":"2025-03-08T05:57:51+00:00","description":"Se si desidera acquistare 4F-MDMB-2201 polvere online e alla ricerca di un negozio online affidabile, quindi acquistare qui. Offriamo solo 4F-MDMB-2201 in vendita. Acquista oggi!","breadcrumb":{"@id":"https:\/\/legitgrams.com\/product\/4f-mdma-b\/#breadcrumb"},"inLanguage":"it-IT","potentialAction":[{"@type":"ReadAction","target":["https:\/\/legitgrams.com\/product\/4f-mdma-b\/"]}]},{"@type":"ImageObject","inLanguage":"it-IT","@id":"https:\/\/legitgrams.com\/product\/4f-mdma-b\/#primaryimage","url":"https:\/\/legitgrams.com\/wp-content\/uploads\/2024\/08\/4f-mdma-b.gif","contentUrl":"https:\/\/legitgrams.com\/wp-content\/uploads\/2024\/08\/4f-mdma-b.gif","width":600,"height":600,"caption":"4F-MDMB-2201 for Sale"},{"@type":"BreadcrumbList","@id":"https:\/\/legitgrams.com\/product\/4f-mdma-b\/#breadcrumb","itemListElement":[{"@type":"ListItem","position":1,"name":"Home","item":"https:\/\/legitgrams.com\/"},{"@type":"ListItem","position":2,"name":"Shop","item":"https:\/\/legitgrams.com\/shop\/"},{"@type":"ListItem","position":3,"name":"Buy 4F-MDMB-2201 Online"}]},{"@type":"WebSite","@id":"https:\/\/legitgrams.com\/#website","url":"https:\/\/legitgrams.com\/","name":"Grammi legittimi","description":"Il mio blog WordPress","publisher":{"@id":"https:\/\/legitgrams.com\/#organization"},"potentialAction":[{"@type":"SearchAction","target":{"@type":"EntryPoint","urlTemplate":"https:\/\/legitgrams.com\/?s={search_term_string}"},"query-input":{"@type":"PropertyValueSpecification","valueRequired":true,"valueName":"search_term_string"}}],"inLanguage":"it-IT"},{"@type":"Organization","@id":"https:\/\/legitgrams.com\/#organization","name":"Grammi legittimi","url":"https:\/\/legitgrams.com\/","logo":{"@type":"ImageObject","inLanguage":"it-IT","@id":"https:\/\/legitgrams.com\/#\/schema\/logo\/image\/","url":"https:\/\/legitgrams.com\/wp-content\/uploads\/2024\/09\/main-logo.png","contentUrl":"https:\/\/legitgrams.com\/wp-content\/uploads\/2024\/09\/main-logo.png","width":270,"height":75,"caption":"Legit Grams"},"image":{"@id":"https:\/\/legitgrams.com\/#\/schema\/logo\/image\/"}}]}},"uagb_featured_image_src":{"full":["https:\/\/legitgrams.com\/wp-content\/uploads\/2024\/08\/4f-mdma-b.gif",600,600,false],"thumbnail":["https:\/\/legitgrams.com\/wp-content\/uploads\/2024\/08\/4f-mdma-b-150x150.gif",150,150,true],"medium":["https:\/\/legitgrams.com\/wp-content\/uploads\/2024\/08\/4f-mdma-b-300x300.gif",300,300,true],"medium_large":["https:\/\/legitgrams.com\/wp-content\/uploads\/2024\/08\/4f-mdma-b.gif",600,600,false],"large":["https:\/\/legitgrams.com\/wp-content\/uploads\/2024\/08\/4f-mdma-b.gif",600,600,false],"1536x1536":["https:\/\/legitgrams.com\/wp-content\/uploads\/2024\/08\/4f-mdma-b.gif",600,600,false],"2048x2048":["https:\/\/legitgrams.com\/wp-content\/uploads\/2024\/08\/4f-mdma-b.gif",600,600,false],"trp-custom-language-flag":["https:\/\/legitgrams.com\/wp-content\/uploads\/2024\/08\/4f-mdma-b-12x12.gif",12,12,true],"woocommerce_thumbnail":["https:\/\/legitgrams.com\/wp-content\/uploads\/2024\/08\/4f-mdma-b-300x300.gif",300,300,true],"woocommerce_single":["https:\/\/legitgrams.com\/wp-content\/uploads\/2024\/08\/4f-mdma-b.gif",600,600,false],"woocommerce_gallery_thumbnail":["https:\/\/legitgrams.com\/wp-content\/uploads\/2024\/08\/4f-mdma-b-100x100.gif",100,100,true]},"uagb_author_info":{"display_name":"cokeblog18","author_link":"https:\/\/legitgrams.com\/it\/author\/"},"uagb_comment_info":0,"uagb_excerpt":"Sold: 4F-MDMB-2201 The synthetic cannabinoid 4F-MDMB-BINACA, often referred to as MDMB-4F-BINACA, 4F-MDMB-BUTINACA, or 4F-ADB, is based on indazoles and belongs to the indazole-3-carboxamide family. Since late 2018, it has been marketed as a designer medicine and utilized as an active component in synthetic cannabis products. Although its selectivity for the CB1 receptor is unknown, 4F-MDMB-BINACA&hellip;","_links":{"self":[{"href":"https:\/\/legitgrams.com\/it\/wp-json\/wp\/v2\/product\/3280","targetHints":{"allow":["GET"]}}],"collection":[{"href":"https:\/\/legitgrams.com\/it\/wp-json\/wp\/v2\/product"}],"about":[{"href":"https:\/\/legitgrams.com\/it\/wp-json\/wp\/v2\/types\/product"}],"replies":[{"embeddable":true,"href":"https:\/\/legitgrams.com\/it\/wp-json\/wp\/v2\/comments?post=3280"}],"wp:featuredmedia":[{"embeddable":true,"href":"https:\/\/legitgrams.com\/it\/wp-json\/wp\/v2\/media\/3290"}],"wp:attachment":[{"href":"https:\/\/legitgrams.com\/it\/wp-json\/wp\/v2\/media?parent=3280"}],"wp:term":[{"taxonomy":"product_brand","embeddable":true,"href":"https:\/\/legitgrams.com\/it\/wp-json\/wp\/v2\/product_brand?post=3280"},{"taxonomy":"product_cat","embeddable":true,"href":"https:\/\/legitgrams.com\/it\/wp-json\/wp\/v2\/product_cat?post=3280"},{"taxonomy":"product_tag","embeddable":true,"href":"https:\/\/legitgrams.com\/it\/wp-json\/wp\/v2\/product_tag?post=3280"}],"curies":[{"name":"wp","href":"https:\/\/api.w.org\/{rel}","templated":true}]}}