{"id":3282,"date":"2024-08-03T05:38:35","date_gmt":"2024-08-03T05:38:35","guid":{"rendered":"https:\/\/cokebricks.com\/?post_type=product&#038;p=3282"},"modified":"2025-01-11T11:43:35","modified_gmt":"2025-01-11T11:43:35","slug":"5f-akb","status":"publish","type":"product","link":"https:\/\/legitgrams.com\/it\/prodotto\/5f-akb\/","title":{"rendered":"5f-AKB"},"content":{"rendered":"<h2>Vendita di polvere 5F-AKB<\/h2>\n<p><a href=\"https:\/\/legitgrams.com\/it\/prodotto\/5f-akb\/\">Acquista 5F-AKB48 online<\/a>. Questo potente ceppo di AKB-48 interagisce con i recettori dei cannabinoidi ed \u00e8 un ingrediente chiave in molte miscele di cannabis sintetica. Poich\u00e9 contiene un gruppo indazolico sostituito, 5F-AKB48, a volte indicato come N-(adamantan-1-yl)-1-(5-fluoropentyl)-1H-indazole-3-carbossamide, \u00e8 un cannabinoide indazolico sintetico.<\/p>\n<p>Simile a 5F-PB-22, questo residuo indazolico viene convertito in una catena fluoropentilica in R1. Inoltre, un gruppo carbossammidico viene aggiunto all'indazolico in posizione R3. Il gruppo amminico terminale di questo gruppo carbossammidico ha un gruppo adamantanico N-sostituito con esso. Il diamantato, una struttura unica di questo gruppo, \u00e8 composto da quattro anelli cicloesani fusi. Una base indazolica viene utilizzata per sostituire la struttura principale dell'indolo in 5F-AKB48, un omologo di STS-135. <a href=\"https:\/\/legitgrams.com\/it\/\">LegitGrams<\/a><\/p>\n<p>Acquista il <a href=\"https:\/\/en.wikipedia.org\/wiki\/5F-APINACA\">5F-AKB48<\/a> online con ottieni 5F-AKB48 online. Sebbene 5F-AKB48 non sia stato studiato a fondo, uno studio strutturale suggerisce che condivide molte delle caratteristiche in vivo del \u03949-THC e ha un profilo di legame simile ad altri cannabinoidi. Tuttavia, il modo in cui queste interazioni funzionano e come contribuiscono alla beatitudine prodotta dalla cannabis \u00e8 ancora sconosciuto.<\/p>\n<p>Acquista 5F-AKB48 online. In base all'indice di impatto soggettivo e alle esperienze individuali dei collaboratori di PsychonautWiki, gli impatti sono descritti di seguito. Dosaggi pi\u00f9 elevati hanno maggiori probabilit\u00e0 di produrre la gamma completa di effetti, ma \u00e8 fondamentale ricordare che questi effetti sono raramente, se non mai, simultanei e devono essere gestiti con cautela.<\/p>\n<p>5C-AKB48 \u00e8 adatto per ricerche simili su come gli agonisti vietati influenzano i recettori CB2. Offerte BAC. Acquista 5F-AKB48 online. Il nostro team di ricerca e sviluppo altamente qualificato e le rigide procedure di controllo qualit\u00e0 ci consentono di garantire che ogni ordine si tradurr\u00e0 nella consegna di articoli della massima qualit\u00e0 in qualsiasi luogo del mondo. Dai priorit\u00e0 alla tua reputazione e ai tuoi clienti in ogni momento. Grazie alla nostra eccellente reputazione e qualit\u00e0, controlliamo il mercato.<\/p>\n<p>Facciamo di pi\u00f9 che offrire ai nostri clienti prezzi equi per i beni che acquistano. Potremmo essere in grado di creare una collaborazione fruttuosa e duratura se possedessimo qualit\u00e0 eccezionale, costi competitivi e credibilit\u00e0.<\/p>\n<p>Il 5F-AKB48 pu\u00f2 essere ordinato online. Il nostro obiettivo \u00e8 quello di fornire la pi\u00f9 ampia selezione di prodotti chimici di ricerca di alta qualit\u00e0, CBD, prodotti infusi con CBD e sali, con un'attenzione alla loro qualit\u00e0 eccezionale, al valore eccezionale e al nostro servizio clienti di prim'ordine. Poich\u00e9 crediamo sinceramente che la soddisfazione dei nostri clienti sia fondamentale per il successo della nostra azienda, facciamo ogni sforzo per aiutarli in qualsiasi modo possibile.<\/p>","protected":false},"excerpt":{"rendered":"<p>Sale of 5F-AKB Powder Buy 5F-AKB48 online. This potent strain of AKB-48 interacts with cannabinoid receptors and is a key ingredient in many synthetic cannabis mixtures. Because it contains a substituted indazole group, 5F-AKB48, sometimes referred to as N-(adamantan-1-yl)-1-(5-fluoropentyl)-1H-indazole-3-carboxamide, is a synthetic indazole cannabinoid. Similar to 5F-PB-22, this indazole residue is converted to a fluoropentyl &hellip;<\/p>\n<p class=\"read-more\"> <a class=\"\" href=\"https:\/\/legitgrams.com\/it\/prodotto\/5f-akb\/\"> <span class=\"screen-reader-text\">5f-AKB<\/span> Leggi tutto \"<\/a><\/p>","protected":false},"featured_media":3291,"comment_status":"open","ping_status":"closed","template":"","meta":{"_uag_custom_page_level_css":"","site-sidebar-layout":"default","site-content-layout":"default","ast-global-header-display":"","ast-main-header-display":"","ast-hfb-above-header-display":"","ast-hfb-below-header-display":"","ast-hfb-mobile-header-display":"","site-post-title":"","ast-breadcrumbs-content":"","ast-featured-img":"","footer-sml-layout":"","theme-transparent-header-meta":"default","adv-header-id-meta":"","stick-header-meta":"default","header-above-stick-meta":"","header-main-stick-meta":"","header-below-stick-meta":"","_joinchat":[]},"product_brand":[],"product_cat":[190],"product_tag":[428,427,426,429,430,424,425],"class_list":{"0":"post-3282","1":"product","2":"type-product","3":"status-publish","4":"has-post-thumbnail","6":"product_cat-cannabinoids","7":"product_tag-5f-akb-cannabinoids-for-sale","8":"product_tag-5f-akb-crystals-for-sale","9":"product_tag-5f-akb-for-sale","10":"product_tag-5f-akb-for-sale-online","11":"product_tag-5f-akb-powder-for-sale","12":"product_tag-buy-5f-akb","13":"product_tag-buy-5f-akb-crystals-online","14":"desktop-align-left","15":"tablet-align-left","16":"mobile-align-left","17":"ast-product-gallery-layout-horizontal","18":"ast-product-gallery-with-no-image","19":"ast-product-single-variable","20":"ast-product-tabs-layout-horizontal","21":"ast-qv-on-image","23":"first","24":"instock","25":"shipping-taxable","26":"purchasable","27":"product-type-variable"},"yoast_head":"<!-- This site is optimized with the Yoast SEO plugin v25.9 - https:\/\/yoast.com\/wordpress\/plugins\/seo\/ -->\n<title>5F-AKB Powder for Sale - Buy 5F-AKB Online @ Cheap Price<\/title>\n<meta name=\"description\" content=\"It is the best time to visit our online store and buy 5F-AKB powder online. We have high-quality 5F-AKB for sale here at most affordable price. Place Your Order Today!\" \/>\n<meta name=\"robots\" content=\"index, follow, max-snippet:-1, max-image-preview:large, max-video-preview:-1\" \/>\n<link rel=\"canonical\" href=\"https:\/\/legitgrams.com\/it\/prodotto\/5f-akb\/\" \/>\n<meta property=\"og:locale\" content=\"it_IT\" \/>\n<meta property=\"og:type\" content=\"article\" \/>\n<meta property=\"og:title\" content=\"5F-AKB Powder for Sale - Buy 5F-AKB Online @ Cheap Price\" \/>\n<meta property=\"og:description\" content=\"It is the best time to visit our online store and buy 5F-AKB powder online. We have high-quality 5F-AKB for sale here at most affordable price. Place Your Order Today!\" \/>\n<meta property=\"og:url\" content=\"https:\/\/legitgrams.com\/it\/prodotto\/5f-akb\/\" \/>\n<meta property=\"og:site_name\" content=\"Legit Grams\" \/>\n<meta property=\"article:modified_time\" content=\"2025-01-11T11:43:35+00:00\" \/>\n<meta property=\"og:image\" content=\"https:\/\/legitgrams.com\/wp-content\/uploads\/2024\/08\/5f-AEB.gif\" \/>\n\t<meta property=\"og:image:width\" content=\"600\" \/>\n\t<meta property=\"og:image:height\" content=\"600\" \/>\n\t<meta property=\"og:image:type\" content=\"image\/gif\" \/>\n<meta name=\"twitter:card\" content=\"summary_large_image\" \/>\n<meta name=\"twitter:label1\" content=\"Tempo di lettura stimato\" \/>\n\t<meta name=\"twitter:data1\" content=\"2 minuti\" \/>\n<script type=\"application\/ld+json\" class=\"yoast-schema-graph\">{\"@context\":\"https:\/\/schema.org\",\"@graph\":[{\"@type\":\"WebPage\",\"@id\":\"https:\/\/legitgrams.com\/product\/5f-akb\/\",\"url\":\"https:\/\/legitgrams.com\/product\/5f-akb\/\",\"name\":\"5F-AKB Powder for Sale - Buy 5F-AKB Online @ Cheap Price\",\"isPartOf\":{\"@id\":\"https:\/\/legitgrams.com\/#website\"},\"primaryImageOfPage\":{\"@id\":\"https:\/\/legitgrams.com\/product\/5f-akb\/#primaryimage\"},\"image\":{\"@id\":\"https:\/\/legitgrams.com\/product\/5f-akb\/#primaryimage\"},\"thumbnailUrl\":\"https:\/\/legitgrams.com\/wp-content\/uploads\/2024\/08\/5f-AEB.gif\",\"datePublished\":\"2024-08-03T05:38:35+00:00\",\"dateModified\":\"2025-01-11T11:43:35+00:00\",\"description\":\"It is the best time to visit our online store and buy 5F-AKB powder online. We have high-quality 5F-AKB for sale here at most affordable price. Place Your Order Today!\",\"breadcrumb\":{\"@id\":\"https:\/\/legitgrams.com\/product\/5f-akb\/#breadcrumb\"},\"inLanguage\":\"it-IT\",\"potentialAction\":[{\"@type\":\"ReadAction\",\"target\":[\"https:\/\/legitgrams.com\/product\/5f-akb\/\"]}]},{\"@type\":\"ImageObject\",\"inLanguage\":\"it-IT\",\"@id\":\"https:\/\/legitgrams.com\/product\/5f-akb\/#primaryimage\",\"url\":\"https:\/\/legitgrams.com\/wp-content\/uploads\/2024\/08\/5f-AEB.gif\",\"contentUrl\":\"https:\/\/legitgrams.com\/wp-content\/uploads\/2024\/08\/5f-AEB.gif\",\"width\":600,\"height\":600,\"caption\":\"5F-AKB Powder for Sale\"},{\"@type\":\"BreadcrumbList\",\"@id\":\"https:\/\/legitgrams.com\/product\/5f-akb\/#breadcrumb\",\"itemListElement\":[{\"@type\":\"ListItem\",\"position\":1,\"name\":\"Home\",\"item\":\"https:\/\/legitgrams.com\/\"},{\"@type\":\"ListItem\",\"position\":2,\"name\":\"Shop\",\"item\":\"https:\/\/legitgrams.com\/shop\/\"},{\"@type\":\"ListItem\",\"position\":3,\"name\":\"5f-AKB\"}]},{\"@type\":\"WebSite\",\"@id\":\"https:\/\/legitgrams.com\/#website\",\"url\":\"https:\/\/legitgrams.com\/\",\"name\":\"Legit Grams\",\"description\":\"My WordPress Blog\",\"publisher\":{\"@id\":\"https:\/\/legitgrams.com\/#organization\"},\"potentialAction\":[{\"@type\":\"SearchAction\",\"target\":{\"@type\":\"EntryPoint\",\"urlTemplate\":\"https:\/\/legitgrams.com\/?s={search_term_string}\"},\"query-input\":{\"@type\":\"PropertyValueSpecification\",\"valueRequired\":true,\"valueName\":\"search_term_string\"}}],\"inLanguage\":\"it-IT\"},{\"@type\":\"Organization\",\"@id\":\"https:\/\/legitgrams.com\/#organization\",\"name\":\"Legit Grams\",\"url\":\"https:\/\/legitgrams.com\/\",\"logo\":{\"@type\":\"ImageObject\",\"inLanguage\":\"it-IT\",\"@id\":\"https:\/\/legitgrams.com\/#\/schema\/logo\/image\/\",\"url\":\"https:\/\/legitgrams.com\/wp-content\/uploads\/2024\/09\/main-logo.png\",\"contentUrl\":\"https:\/\/legitgrams.com\/wp-content\/uploads\/2024\/09\/main-logo.png\",\"width\":270,\"height\":75,\"caption\":\"Legit Grams\"},\"image\":{\"@id\":\"https:\/\/legitgrams.com\/#\/schema\/logo\/image\/\"}}]}<\/script>\n<!-- \/ Yoast SEO plugin. -->","yoast_head_json":{"title":"5F-AKB polvere in vendita - Comprare 5F-AKB online a buon mercato","description":"\u00c8 il momento migliore per visitare il nostro negozio online e acquistare 5F-AKB polvere online. Abbiamo 5F-AKB di alta qualit\u00e0 in vendita qui al prezzo pi\u00f9 conveniente. Fai il tuo ordine oggi!","robots":{"index":"index","follow":"follow","max-snippet":"max-snippet:-1","max-image-preview":"max-image-preview:large","max-video-preview":"max-video-preview:-1"},"canonical":"https:\/\/legitgrams.com\/it\/prodotto\/5f-akb\/","og_locale":"it_IT","og_type":"article","og_title":"5F-AKB Powder for Sale - Buy 5F-AKB Online @ Cheap Price","og_description":"It is the best time to visit our online store and buy 5F-AKB powder online. We have high-quality 5F-AKB for sale here at most affordable price. Place Your Order Today!","og_url":"https:\/\/legitgrams.com\/it\/prodotto\/5f-akb\/","og_site_name":"Legit Grams","article_modified_time":"2025-01-11T11:43:35+00:00","og_image":[{"width":600,"height":600,"url":"https:\/\/legitgrams.com\/wp-content\/uploads\/2024\/08\/5f-AEB.gif","type":"image\/gif"}],"twitter_card":"summary_large_image","twitter_misc":{"Tempo di lettura stimato":"2 minuti"},"schema":{"@context":"https:\/\/schema.org","@graph":[{"@type":"WebPage","@id":"https:\/\/legitgrams.com\/product\/5f-akb\/","url":"https:\/\/legitgrams.com\/product\/5f-akb\/","name":"5F-AKB polvere in vendita - Comprare 5F-AKB online a buon mercato","isPartOf":{"@id":"https:\/\/legitgrams.com\/#website"},"primaryImageOfPage":{"@id":"https:\/\/legitgrams.com\/product\/5f-akb\/#primaryimage"},"image":{"@id":"https:\/\/legitgrams.com\/product\/5f-akb\/#primaryimage"},"thumbnailUrl":"https:\/\/legitgrams.com\/wp-content\/uploads\/2024\/08\/5f-AEB.gif","datePublished":"2024-08-03T05:38:35+00:00","dateModified":"2025-01-11T11:43:35+00:00","description":"\u00c8 il momento migliore per visitare il nostro negozio online e acquistare 5F-AKB polvere online. Abbiamo 5F-AKB di alta qualit\u00e0 in vendita qui al prezzo pi\u00f9 conveniente. Fai il tuo ordine oggi!","breadcrumb":{"@id":"https:\/\/legitgrams.com\/product\/5f-akb\/#breadcrumb"},"inLanguage":"it-IT","potentialAction":[{"@type":"ReadAction","target":["https:\/\/legitgrams.com\/product\/5f-akb\/"]}]},{"@type":"ImageObject","inLanguage":"it-IT","@id":"https:\/\/legitgrams.com\/product\/5f-akb\/#primaryimage","url":"https:\/\/legitgrams.com\/wp-content\/uploads\/2024\/08\/5f-AEB.gif","contentUrl":"https:\/\/legitgrams.com\/wp-content\/uploads\/2024\/08\/5f-AEB.gif","width":600,"height":600,"caption":"5F-AKB Powder for Sale"},{"@type":"BreadcrumbList","@id":"https:\/\/legitgrams.com\/product\/5f-akb\/#breadcrumb","itemListElement":[{"@type":"ListItem","position":1,"name":"Home","item":"https:\/\/legitgrams.com\/"},{"@type":"ListItem","position":2,"name":"Shop","item":"https:\/\/legitgrams.com\/shop\/"},{"@type":"ListItem","position":3,"name":"5f-AKB"}]},{"@type":"WebSite","@id":"https:\/\/legitgrams.com\/#website","url":"https:\/\/legitgrams.com\/","name":"Grammi legittimi","description":"Il mio blog WordPress","publisher":{"@id":"https:\/\/legitgrams.com\/#organization"},"potentialAction":[{"@type":"SearchAction","target":{"@type":"EntryPoint","urlTemplate":"https:\/\/legitgrams.com\/?s={search_term_string}"},"query-input":{"@type":"PropertyValueSpecification","valueRequired":true,"valueName":"search_term_string"}}],"inLanguage":"it-IT"},{"@type":"Organization","@id":"https:\/\/legitgrams.com\/#organization","name":"Grammi legittimi","url":"https:\/\/legitgrams.com\/","logo":{"@type":"ImageObject","inLanguage":"it-IT","@id":"https:\/\/legitgrams.com\/#\/schema\/logo\/image\/","url":"https:\/\/legitgrams.com\/wp-content\/uploads\/2024\/09\/main-logo.png","contentUrl":"https:\/\/legitgrams.com\/wp-content\/uploads\/2024\/09\/main-logo.png","width":270,"height":75,"caption":"Legit Grams"},"image":{"@id":"https:\/\/legitgrams.com\/#\/schema\/logo\/image\/"}}]}},"uagb_featured_image_src":{"full":["https:\/\/legitgrams.com\/wp-content\/uploads\/2024\/08\/5f-AEB.gif",600,600,false],"thumbnail":["https:\/\/legitgrams.com\/wp-content\/uploads\/2024\/08\/5f-AEB-150x150.gif",150,150,true],"medium":["https:\/\/legitgrams.com\/wp-content\/uploads\/2024\/08\/5f-AEB-300x300.gif",300,300,true],"medium_large":["https:\/\/legitgrams.com\/wp-content\/uploads\/2024\/08\/5f-AEB.gif",600,600,false],"large":["https:\/\/legitgrams.com\/wp-content\/uploads\/2024\/08\/5f-AEB.gif",600,600,false],"1536x1536":["https:\/\/legitgrams.com\/wp-content\/uploads\/2024\/08\/5f-AEB.gif",600,600,false],"2048x2048":["https:\/\/legitgrams.com\/wp-content\/uploads\/2024\/08\/5f-AEB.gif",600,600,false],"trp-custom-language-flag":["https:\/\/legitgrams.com\/wp-content\/uploads\/2024\/08\/5f-AEB-12x12.gif",12,12,true],"woocommerce_thumbnail":["https:\/\/legitgrams.com\/wp-content\/uploads\/2024\/08\/5f-AEB-300x300.gif",300,300,true],"woocommerce_single":["https:\/\/legitgrams.com\/wp-content\/uploads\/2024\/08\/5f-AEB.gif",600,600,false],"woocommerce_gallery_thumbnail":["https:\/\/legitgrams.com\/wp-content\/uploads\/2024\/08\/5f-AEB-100x100.gif",100,100,true]},"uagb_author_info":{"display_name":"cokeblog18","author_link":"https:\/\/legitgrams.com\/it\/author\/"},"uagb_comment_info":0,"uagb_excerpt":"Sale of 5F-AKB Powder Buy 5F-AKB48 online. This potent strain of AKB-48 interacts with cannabinoid receptors and is a key ingredient in many synthetic cannabis mixtures. Because it contains a substituted indazole group, 5F-AKB48, sometimes referred to as N-(adamantan-1-yl)-1-(5-fluoropentyl)-1H-indazole-3-carboxamide, is a synthetic indazole cannabinoid. Similar to 5F-PB-22, this indazole residue is converted to a fluoropentyl&hellip;","_links":{"self":[{"href":"https:\/\/legitgrams.com\/it\/wp-json\/wp\/v2\/product\/3282","targetHints":{"allow":["GET"]}}],"collection":[{"href":"https:\/\/legitgrams.com\/it\/wp-json\/wp\/v2\/product"}],"about":[{"href":"https:\/\/legitgrams.com\/it\/wp-json\/wp\/v2\/types\/product"}],"replies":[{"embeddable":true,"href":"https:\/\/legitgrams.com\/it\/wp-json\/wp\/v2\/comments?post=3282"}],"wp:featuredmedia":[{"embeddable":true,"href":"https:\/\/legitgrams.com\/it\/wp-json\/wp\/v2\/media\/3291"}],"wp:attachment":[{"href":"https:\/\/legitgrams.com\/it\/wp-json\/wp\/v2\/media?parent=3282"}],"wp:term":[{"taxonomy":"product_brand","embeddable":true,"href":"https:\/\/legitgrams.com\/it\/wp-json\/wp\/v2\/product_brand?post=3282"},{"taxonomy":"product_cat","embeddable":true,"href":"https:\/\/legitgrams.com\/it\/wp-json\/wp\/v2\/product_cat?post=3282"},{"taxonomy":"product_tag","embeddable":true,"href":"https:\/\/legitgrams.com\/it\/wp-json\/wp\/v2\/product_tag?post=3282"}],"curies":[{"name":"wp","href":"https:\/\/api.w.org\/{rel}","templated":true}]}}