{"id":3286,"date":"2024-08-03T05:38:55","date_gmt":"2024-08-03T05:38:55","guid":{"rendered":"https:\/\/cokebricks.com\/?post_type=product&#038;p=3286"},"modified":"2025-01-14T06:00:18","modified_gmt":"2025-01-14T06:00:18","slug":"esagono","status":"publish","type":"product","link":"https:\/\/legitgrams.com\/it\/prodotto\/esagono\/","title":{"rendered":"Esagonale"},"content":{"rendered":"<h2>Acquisto online di HEX (N-Etilesedrone)<\/h2>\n<p>Acquista, N-etilesedrone, noto anche come \u03b1-etilaminocaprophenone, N-etilnorexedrone, esene e NEH, \u00e8 un farmaco stimolante che appartiene alla classe dei catinoni e ha valori IC50 di 0,0978 e 0,0467 \u03bcM, rispettivamente. Funziona come NDRI, o inibitore della ricaptazione della noradrenalina-dopamina. <a href=\"https:\/\/legitgrams.com\/it\/prodotto\/esagono\/\">N-etilnorexedrone<\/a> \u00e8 stato menzionato in diversi brevetti depositati da Boehringer Ingelheim negli anni '60, che hanno contribuito a creare il farmaco pi\u00f9 noto metilendiossipirovalerone (MDPV).<\/p>\n<p>N-Ethylhexedrone vende prodotti chimici di ricerca di alta qualit\u00e0 online. N-Ethylhexedrone (HEXEN, NEH) \u00e8 disponibile a prezzi all'ingrosso da un fornitore affidabile su <a href=\"https:\/\/legitgrams.com\/it\/\">LegitGrams<\/a>.<\/p>\n<p><a href=\"https:\/\/en.wikipedia.org\/wiki\/Hex\">ESADECIMALE<\/a>, o N-Etilnorhexedrone, \u00e8 uno stimolante che appartiene al gruppo dei catehinone. Poich\u00e9 il medicinale \u00e8 stato immesso sul mercato per la prima volta nel 2015, le recensioni degli utenti sono l'unico modo per conoscere la sua efficacia.<\/p>\n<h3>Acquista HEX online.<\/h3>\n<p>L'N-etilesedrone, uno stimolante che appartiene alla classe dei catinone, \u00e8 anche chiamato esene, N-etilnorexedrone, \u03b1-etilaminocaprophenone e NEH. Boehringer Ingelheim ha fatto riferimento all'N-etilesedrone in diversi brevetti durante gli anni '60, che hanno contribuito allo sviluppo del farmaco pi\u00f9 noto metilendiossipirovalerone (MDPV). L'N-etilesedrone \u00e8 stato offerto in vendita online come droga sintetica dalla met\u00e0 degli anni 2010.<\/p>\n<p>L'N-etilesedrone \u00e8 una molecola di ricerca nota anche come HEX, NEH, a-etilaminocaprophenone e N-etilnoresedrone.<\/p>\n<p>appartiene alla categoria dei catinoni.<\/p>\n<h3>Acquista HEX online.<\/h3>\n<p>Si ritiene che la sua attivazione sia dovuta alla propensione dell'HEX (N-etilesedrone; NEH) come inibitore della ricaptazione della noradrenalina-dopamina (NDRI). \u00c8 paragonabile all'esedrone in quanto ha un gruppo etile aggiuntivo sulla catena di carbonio contenente azoto.<\/p>","protected":false},"excerpt":{"rendered":"<p>Online purchase of HEX (N-Ethylhexedrone) Buy, N-ethylhexedrone, also known as \u03b1-ethylaminocaprophenone, N-ethylnorhexedrone, hexene, and NEH, is a stimulant drug that belongs to the cathinone class and has IC50 values of 0.0978 and 0.0467 \u03bcM, respectively. It works as an NDRI, or norepinephrine-dopamine reuptake inhibitor. N-ethylnorhexedrone was mentioned in several patents filed by Boehringer Ingelheim in &hellip;<\/p>\n<p class=\"read-more\"> <a class=\"\" href=\"https:\/\/legitgrams.com\/it\/prodotto\/esagono\/\"> <span class=\"screen-reader-text\">Esagonale<\/span> Leggi tutto \"<\/a><\/p>","protected":false},"featured_media":3295,"comment_status":"open","ping_status":"closed","template":"","meta":{"_uag_custom_page_level_css":"","site-sidebar-layout":"default","site-content-layout":"default","ast-global-header-display":"","ast-main-header-display":"","ast-hfb-above-header-display":"","ast-hfb-below-header-display":"","ast-hfb-mobile-header-display":"","site-post-title":"","ast-breadcrumbs-content":"","ast-featured-img":"","footer-sml-layout":"","theme-transparent-header-meta":"default","adv-header-id-meta":"","stick-header-meta":"default","header-above-stick-meta":"","header-main-stick-meta":"","header-below-stick-meta":"","_joinchat":[]},"product_brand":[],"product_cat":[190],"product_tag":[401,402,403,404,393,394,395,396,397,398,399,400],"class_list":{"0":"post-3286","1":"product","2":"type-product","3":"status-publish","4":"has-post-thumbnail","6":"product_cat-cannabinoids","7":"product_tag-hex-cannabinoids","8":"product_tag-hex-cannabinoids-for-sale","9":"product_tag-hex-cannabinoids-reddit","10":"product_tag-hex-chemical","11":"product_tag-hex-powder-australia","12":"product_tag-hex-powder-canada","13":"product_tag-hex-powder-greece","14":"product_tag-hex-powder-kuwait","15":"product_tag-hex-powder-review","16":"product_tag-hex-powder-spain","17":"product_tag-hex-powder-uk","18":"product_tag-hex-powder-usa","19":"desktop-align-left","20":"tablet-align-left","21":"mobile-align-left","22":"ast-product-gallery-layout-horizontal","23":"ast-product-gallery-with-no-image","24":"ast-product-single-variable","25":"ast-product-tabs-layout-horizontal","26":"ast-qv-on-image","28":"first","29":"instock","30":"shipping-taxable","31":"purchasable","32":"product-type-variable"},"yoast_head":"<!-- This site is optimized with the Yoast SEO plugin v25.9 - https:\/\/yoast.com\/wordpress\/plugins\/seo\/ -->\n<title>Hex for Sale Online - Order Hex Powder - Buy Hex Online | LG<\/title>\n<meta name=\"description\" content=\"Here is the chance to grab Hex Powder for sale at cheap prices. Our online Legitgrams store is selling Hex Powder worldwide. Order to buy Hex Powder online soon!\" \/>\n<meta name=\"robots\" content=\"index, follow, max-snippet:-1, max-image-preview:large, max-video-preview:-1\" \/>\n<link rel=\"canonical\" href=\"https:\/\/legitgrams.com\/it\/prodotto\/esagono\/\" \/>\n<meta property=\"og:locale\" content=\"it_IT\" \/>\n<meta property=\"og:type\" content=\"article\" \/>\n<meta property=\"og:title\" content=\"Hex for Sale Online - Order Hex Powder - Buy Hex Online | LG\" \/>\n<meta property=\"og:description\" content=\"Here is the chance to grab Hex Powder for sale at cheap prices. Our online Legitgrams store is selling Hex Powder worldwide. Order to buy Hex Powder online soon!\" \/>\n<meta property=\"og:url\" content=\"https:\/\/legitgrams.com\/it\/prodotto\/esagono\/\" \/>\n<meta property=\"og:site_name\" content=\"Legit Grams\" \/>\n<meta property=\"article:modified_time\" content=\"2025-01-14T06:00:18+00:00\" \/>\n<meta property=\"og:image\" content=\"https:\/\/legitgrams.com\/wp-content\/uploads\/2024\/08\/Hex.gif\" \/>\n\t<meta property=\"og:image:width\" content=\"600\" \/>\n\t<meta property=\"og:image:height\" content=\"600\" \/>\n\t<meta property=\"og:image:type\" content=\"image\/gif\" \/>\n<meta name=\"twitter:card\" content=\"summary_large_image\" \/>\n<meta name=\"twitter:label1\" content=\"Tempo di lettura stimato\" \/>\n\t<meta name=\"twitter:data1\" content=\"2 minuti\" \/>\n<script type=\"application\/ld+json\" class=\"yoast-schema-graph\">{\"@context\":\"https:\/\/schema.org\",\"@graph\":[{\"@type\":\"WebPage\",\"@id\":\"https:\/\/legitgrams.com\/product\/hex\/\",\"url\":\"https:\/\/legitgrams.com\/product\/hex\/\",\"name\":\"Hex for Sale Online - Order Hex Powder - Buy Hex Online | LG\",\"isPartOf\":{\"@id\":\"https:\/\/legitgrams.com\/#website\"},\"primaryImageOfPage\":{\"@id\":\"https:\/\/legitgrams.com\/product\/hex\/#primaryimage\"},\"image\":{\"@id\":\"https:\/\/legitgrams.com\/product\/hex\/#primaryimage\"},\"thumbnailUrl\":\"https:\/\/legitgrams.com\/wp-content\/uploads\/2024\/08\/Hex.gif\",\"datePublished\":\"2024-08-03T05:38:55+00:00\",\"dateModified\":\"2025-01-14T06:00:18+00:00\",\"description\":\"Here is the chance to grab Hex Powder for sale at cheap prices. Our online Legitgrams store is selling Hex Powder worldwide. Order to buy Hex Powder online soon!\",\"breadcrumb\":{\"@id\":\"https:\/\/legitgrams.com\/product\/hex\/#breadcrumb\"},\"inLanguage\":\"it-IT\",\"potentialAction\":[{\"@type\":\"ReadAction\",\"target\":[\"https:\/\/legitgrams.com\/product\/hex\/\"]}]},{\"@type\":\"ImageObject\",\"inLanguage\":\"it-IT\",\"@id\":\"https:\/\/legitgrams.com\/product\/hex\/#primaryimage\",\"url\":\"https:\/\/legitgrams.com\/wp-content\/uploads\/2024\/08\/Hex.gif\",\"contentUrl\":\"https:\/\/legitgrams.com\/wp-content\/uploads\/2024\/08\/Hex.gif\",\"width\":600,\"height\":600,\"caption\":\"Hex for Sale Online\"},{\"@type\":\"BreadcrumbList\",\"@id\":\"https:\/\/legitgrams.com\/product\/hex\/#breadcrumb\",\"itemListElement\":[{\"@type\":\"ListItem\",\"position\":1,\"name\":\"Home\",\"item\":\"https:\/\/legitgrams.com\/\"},{\"@type\":\"ListItem\",\"position\":2,\"name\":\"Shop\",\"item\":\"https:\/\/legitgrams.com\/shop\/\"},{\"@type\":\"ListItem\",\"position\":3,\"name\":\"Hex\"}]},{\"@type\":\"WebSite\",\"@id\":\"https:\/\/legitgrams.com\/#website\",\"url\":\"https:\/\/legitgrams.com\/\",\"name\":\"Legit Grams\",\"description\":\"My WordPress Blog\",\"publisher\":{\"@id\":\"https:\/\/legitgrams.com\/#organization\"},\"potentialAction\":[{\"@type\":\"SearchAction\",\"target\":{\"@type\":\"EntryPoint\",\"urlTemplate\":\"https:\/\/legitgrams.com\/?s={search_term_string}\"},\"query-input\":{\"@type\":\"PropertyValueSpecification\",\"valueRequired\":true,\"valueName\":\"search_term_string\"}}],\"inLanguage\":\"it-IT\"},{\"@type\":\"Organization\",\"@id\":\"https:\/\/legitgrams.com\/#organization\",\"name\":\"Legit Grams\",\"url\":\"https:\/\/legitgrams.com\/\",\"logo\":{\"@type\":\"ImageObject\",\"inLanguage\":\"it-IT\",\"@id\":\"https:\/\/legitgrams.com\/#\/schema\/logo\/image\/\",\"url\":\"https:\/\/legitgrams.com\/wp-content\/uploads\/2024\/09\/main-logo.png\",\"contentUrl\":\"https:\/\/legitgrams.com\/wp-content\/uploads\/2024\/09\/main-logo.png\",\"width\":270,\"height\":75,\"caption\":\"Legit Grams\"},\"image\":{\"@id\":\"https:\/\/legitgrams.com\/#\/schema\/logo\/image\/\"}}]}<\/script>\n<!-- \/ Yoast SEO plugin. -->","yoast_head_json":{"title":"Esagono in vendita online - Ordina Esagono in polvere - Acquista Esagono online | LG","description":"Ecco la possibilit\u00e0 di afferrare Hex Powder in vendita a prezzi economici. Il nostro negozio online Legitgrams vende Hex Powder in tutto il mondo. Ordina di acquistare Hex Powder online presto!","robots":{"index":"index","follow":"follow","max-snippet":"max-snippet:-1","max-image-preview":"max-image-preview:large","max-video-preview":"max-video-preview:-1"},"canonical":"https:\/\/legitgrams.com\/it\/prodotto\/esagono\/","og_locale":"it_IT","og_type":"article","og_title":"Hex for Sale Online - Order Hex Powder - Buy Hex Online | LG","og_description":"Here is the chance to grab Hex Powder for sale at cheap prices. Our online Legitgrams store is selling Hex Powder worldwide. Order to buy Hex Powder online soon!","og_url":"https:\/\/legitgrams.com\/it\/prodotto\/esagono\/","og_site_name":"Legit Grams","article_modified_time":"2025-01-14T06:00:18+00:00","og_image":[{"width":600,"height":600,"url":"https:\/\/legitgrams.com\/wp-content\/uploads\/2024\/08\/Hex.gif","type":"image\/gif"}],"twitter_card":"summary_large_image","twitter_misc":{"Tempo di lettura stimato":"2 minuti"},"schema":{"@context":"https:\/\/schema.org","@graph":[{"@type":"WebPage","@id":"https:\/\/legitgrams.com\/product\/hex\/","url":"https:\/\/legitgrams.com\/product\/hex\/","name":"Esagono in vendita online - Ordina Esagono in polvere - Acquista Esagono online | LG","isPartOf":{"@id":"https:\/\/legitgrams.com\/#website"},"primaryImageOfPage":{"@id":"https:\/\/legitgrams.com\/product\/hex\/#primaryimage"},"image":{"@id":"https:\/\/legitgrams.com\/product\/hex\/#primaryimage"},"thumbnailUrl":"https:\/\/legitgrams.com\/wp-content\/uploads\/2024\/08\/Hex.gif","datePublished":"2024-08-03T05:38:55+00:00","dateModified":"2025-01-14T06:00:18+00:00","description":"Ecco la possibilit\u00e0 di afferrare Hex Powder in vendita a prezzi economici. Il nostro negozio online Legitgrams vende Hex Powder in tutto il mondo. Ordina di acquistare Hex Powder online presto!","breadcrumb":{"@id":"https:\/\/legitgrams.com\/product\/hex\/#breadcrumb"},"inLanguage":"it-IT","potentialAction":[{"@type":"ReadAction","target":["https:\/\/legitgrams.com\/product\/hex\/"]}]},{"@type":"ImageObject","inLanguage":"it-IT","@id":"https:\/\/legitgrams.com\/product\/hex\/#primaryimage","url":"https:\/\/legitgrams.com\/wp-content\/uploads\/2024\/08\/Hex.gif","contentUrl":"https:\/\/legitgrams.com\/wp-content\/uploads\/2024\/08\/Hex.gif","width":600,"height":600,"caption":"Hex for Sale Online"},{"@type":"BreadcrumbList","@id":"https:\/\/legitgrams.com\/product\/hex\/#breadcrumb","itemListElement":[{"@type":"ListItem","position":1,"name":"Home","item":"https:\/\/legitgrams.com\/"},{"@type":"ListItem","position":2,"name":"Shop","item":"https:\/\/legitgrams.com\/shop\/"},{"@type":"ListItem","position":3,"name":"Hex"}]},{"@type":"WebSite","@id":"https:\/\/legitgrams.com\/#website","url":"https:\/\/legitgrams.com\/","name":"Grammi legittimi","description":"Il mio blog WordPress","publisher":{"@id":"https:\/\/legitgrams.com\/#organization"},"potentialAction":[{"@type":"SearchAction","target":{"@type":"EntryPoint","urlTemplate":"https:\/\/legitgrams.com\/?s={search_term_string}"},"query-input":{"@type":"PropertyValueSpecification","valueRequired":true,"valueName":"search_term_string"}}],"inLanguage":"it-IT"},{"@type":"Organization","@id":"https:\/\/legitgrams.com\/#organization","name":"Grammi legittimi","url":"https:\/\/legitgrams.com\/","logo":{"@type":"ImageObject","inLanguage":"it-IT","@id":"https:\/\/legitgrams.com\/#\/schema\/logo\/image\/","url":"https:\/\/legitgrams.com\/wp-content\/uploads\/2024\/09\/main-logo.png","contentUrl":"https:\/\/legitgrams.com\/wp-content\/uploads\/2024\/09\/main-logo.png","width":270,"height":75,"caption":"Legit Grams"},"image":{"@id":"https:\/\/legitgrams.com\/#\/schema\/logo\/image\/"}}]}},"uagb_featured_image_src":{"full":["https:\/\/legitgrams.com\/wp-content\/uploads\/2024\/08\/Hex.gif",600,600,false],"thumbnail":["https:\/\/legitgrams.com\/wp-content\/uploads\/2024\/08\/Hex-150x150.gif",150,150,true],"medium":["https:\/\/legitgrams.com\/wp-content\/uploads\/2024\/08\/Hex-300x300.gif",300,300,true],"medium_large":["https:\/\/legitgrams.com\/wp-content\/uploads\/2024\/08\/Hex.gif",600,600,false],"large":["https:\/\/legitgrams.com\/wp-content\/uploads\/2024\/08\/Hex.gif",600,600,false],"1536x1536":["https:\/\/legitgrams.com\/wp-content\/uploads\/2024\/08\/Hex.gif",600,600,false],"2048x2048":["https:\/\/legitgrams.com\/wp-content\/uploads\/2024\/08\/Hex.gif",600,600,false],"trp-custom-language-flag":["https:\/\/legitgrams.com\/wp-content\/uploads\/2024\/08\/Hex-12x12.gif",12,12,true],"woocommerce_thumbnail":["https:\/\/legitgrams.com\/wp-content\/uploads\/2024\/08\/Hex-300x300.gif",300,300,true],"woocommerce_single":["https:\/\/legitgrams.com\/wp-content\/uploads\/2024\/08\/Hex.gif",600,600,false],"woocommerce_gallery_thumbnail":["https:\/\/legitgrams.com\/wp-content\/uploads\/2024\/08\/Hex-100x100.gif",100,100,true]},"uagb_author_info":{"display_name":"cokeblog18","author_link":"https:\/\/legitgrams.com\/it\/author\/"},"uagb_comment_info":0,"uagb_excerpt":"Online purchase of HEX (N-Ethylhexedrone) Buy, N-ethylhexedrone, also known as \u03b1-ethylaminocaprophenone, N-ethylnorhexedrone, hexene, and NEH, is a stimulant drug that belongs to the cathinone class and has IC50 values of 0.0978 and 0.0467 \u03bcM, respectively. It works as an NDRI, or norepinephrine-dopamine reuptake inhibitor. N-ethylnorhexedrone was mentioned in several patents filed by Boehringer Ingelheim in&hellip;","_links":{"self":[{"href":"https:\/\/legitgrams.com\/it\/wp-json\/wp\/v2\/product\/3286","targetHints":{"allow":["GET"]}}],"collection":[{"href":"https:\/\/legitgrams.com\/it\/wp-json\/wp\/v2\/product"}],"about":[{"href":"https:\/\/legitgrams.com\/it\/wp-json\/wp\/v2\/types\/product"}],"replies":[{"embeddable":true,"href":"https:\/\/legitgrams.com\/it\/wp-json\/wp\/v2\/comments?post=3286"}],"wp:featuredmedia":[{"embeddable":true,"href":"https:\/\/legitgrams.com\/it\/wp-json\/wp\/v2\/media\/3295"}],"wp:attachment":[{"href":"https:\/\/legitgrams.com\/it\/wp-json\/wp\/v2\/media?parent=3286"}],"wp:term":[{"taxonomy":"product_brand","embeddable":true,"href":"https:\/\/legitgrams.com\/it\/wp-json\/wp\/v2\/product_brand?post=3286"},{"taxonomy":"product_cat","embeddable":true,"href":"https:\/\/legitgrams.com\/it\/wp-json\/wp\/v2\/product_cat?post=3286"},{"taxonomy":"product_tag","embeddable":true,"href":"https:\/\/legitgrams.com\/it\/wp-json\/wp\/v2\/product_tag?post=3286"}],"curies":[{"name":"wp","href":"https:\/\/api.w.org\/{rel}","templated":true}]}}