{"id":3301,"date":"2024-08-03T05:48:33","date_gmt":"2024-08-03T05:48:33","guid":{"rendered":"https:\/\/cokebricks.com\/?post_type=product&#038;p=3301"},"modified":"2025-01-14T04:15:22","modified_gmt":"2025-01-14T04:15:22","slug":"eutilone","status":"publish","type":"product","link":"https:\/\/legitgrams.com\/it\/prodotto\/eutilone\/","title":{"rendered":"EUTILONE"},"content":{"rendered":"<h2>In vendita: Eutylone<\/h2>\n<p>Acquista eutylone online, stai davvero cercando un affidabile <a href=\"https:\/\/legitgrams.com\/it\/prodotto\/eutilone\/\">Eutilone<\/a> venditore? Ti trovi nel posto ideale! Il miglior tipo di eutylone \u00e8 disponibile per l'acquisto in questo momento. Offriamo spedizioni accurate e imballaggi discreti. L'eutylone, un potenziale farmaco pianificatore, ha caratteristiche ausiliarie in comune con catinone, pirovalerone e anfetamine. In queste miscele si osservano comunemente effetti psicoattivi entattogeni o stimolatori. La criminologia \u00e8 lo scopo di questo articolo. <a href=\"https:\/\/legitgrams.com\/it\/\">LegitGrams<\/a><\/p>\n<h3>Acquista Eutylone online: vendita di Eutylone<\/h3>\n<p><a href=\"https:\/\/en.wikipedia.org\/wiki\/Eutylone\">Eutilone<\/a>, che non deve essere confuso con l'Etilone, \u00e8 un nuovo farmaco pianificatore scoperto nel 1960 che funziona come energizzante. La capacit\u00e0 del cervello umano di funzionare e produrre emozioni positive \u00e8 spesso potenziata da medicinali di tipo energizzante. Di solito, le persone utilizzano queste sostanze sia per scopi ricreativi che medici. Tuttavia, durante l'uso di dosi significative di questi medicinali, \u00e8 necessario prestare molta attenzione a causa della loro natura assuefacente. Gli esperti hanno aggiunto i farmaci nella classe dei catinoni e la classe stessa all'elenco pianificato di farmaci che ne proibisce la fabbricazione e l'uso per scopi umani a causa di questa propensione all'abuso.<\/p>\n<h3>Che cos'\u00e8 il farmaco Euthylone?<\/h3>\n<p>I cristalli di eutilone per la vendita al dettaglio sono anche noti come BK EDBP o N-etilbutilone. A causa della sua somiglianza con il farmaco etilone, appartiene alla classe dei catinoni. Il sistema di ansia focale del corpo \u00e8 influenzato dal farmaco energizzante etilone. In genere ha una struttura traslucida e una sfumatura giallo pallido; per organizzare il farmaco vengono utilizzate procedure orali. L'uso a lungo termine del farmaco pu\u00f2 portare a una servit\u00f9 permanente e vi \u00e8 un'alta probabilit\u00e0 di uso compulsivo. Il nome sintetico del farmaco \u00e8 \"\u03b2-Keto-1, 3-benzodioxolyl-N-etilbutanamina\" e la sua formula molecolare \u00e8 \"C13H17NO3\". Il carico subatomico di eutilone \u00e8 235,278 g\/mol. A seconda degli standard di costruzione dei fisici, l'immacolatezza della gemma di eutilone pu\u00f2 fluttuare, ma nelle sue migliori configurazioni, varia dal 97 al 98%.<\/p>\n<h3>Dove acquistare<\/h3>\n<p>Euthylone \u00e8 disponibile per l'acquisto nei negozi fisici in tutto il mondo per scopi di ricerca o come farmaco da prescrizione dal tuo medico di base. Poich\u00e9 offrono maggiore flessibilit\u00e0 e semplicit\u00e0 di consegna, pu\u00f2 anche essere acquistato da molti commercianti online. Euthylone \u00e8 disponibile nel nostro negozio online per l'acquisto da parte di privati, esperti medici, farmacie e professionisti in tutto il mondo. Possiamo spostare i nostri beni ovunque nel mondo grazie alla nostra capacit\u00e0 generale di consegnarli con precisione. Di seguito sono riportati alcuni dei motivi pi\u00f9 convincenti per cui dovresti acquistare da noi:<\/p>\n<h3>Eutylone pu\u00f2 essere acquistato online.<\/h3>\n<p>Nella maggior parte dei paesi del mondo, l'eutylone, che \u00e8 disponibile per l'acquisto, \u00e8 un farmaco riservato a causa dell'elevato rischio di tossicodipendenza tra gli individui. La sua fabbricazione, distribuzione e uso illecito sono stati tutti eseguiti illegalmente e senza la necessaria approvazione da parte delle autorit\u00e0 competenti.<\/p>","protected":false},"excerpt":{"rendered":"<p>For sale: Eutylone Buy eutylone online, which Are you really looking for a trustworthy Euthylone seller? You&#8217;re in the ideal location! The best type of eutylone is available for purchase right now. We offer careful shipping and inconspicuous packaging. Eutylone, a potential planner drug, has auxiliary highlights in common with cathinone, pyrovalerone, and amphetamines. Entactogenic &hellip;<\/p>\n<p class=\"read-more\"> <a class=\"\" href=\"https:\/\/legitgrams.com\/it\/prodotto\/eutilone\/\"> <span class=\"screen-reader-text\">EUTILONE<\/span> Leggi tutto \"<\/a><\/p>","protected":false},"featured_media":3315,"comment_status":"open","ping_status":"closed","template":"","meta":{"_uag_custom_page_level_css":"","site-sidebar-layout":"default","site-content-layout":"default","ast-global-header-display":"","ast-main-header-display":"","ast-hfb-above-header-display":"","ast-hfb-below-header-display":"","ast-hfb-mobile-header-display":"","site-post-title":"","ast-breadcrumbs-content":"","ast-featured-img":"","footer-sml-layout":"","theme-transparent-header-meta":"default","adv-header-id-meta":"","stick-header-meta":"default","header-above-stick-meta":"","header-main-stick-meta":"","header-below-stick-meta":"","_joinchat":[]},"product_brand":[],"product_cat":[190],"product_tag":[353,354,355,356,345,346,347,348,349,350,351,352],"class_list":{"0":"post-3301","1":"product","2":"type-product","3":"status-publish","4":"has-post-thumbnail","6":"product_cat-cannabinoids","7":"product_tag-eutylone-cannabinoids","8":"product_tag-eutylone-cannabinoids-for-sale","9":"product_tag-eutylone-cannabinoids-reddit","10":"product_tag-eutylone-chemical","11":"product_tag-eutylone-powder-australia","12":"product_tag-eutylone-powder-canada","13":"product_tag-eutylone-powder-greece","14":"product_tag-eutylone-powder-kuwait","15":"product_tag-eutylone-powder-review","16":"product_tag-eutylone-powder-spain","17":"product_tag-eutylone-powder-uk","18":"product_tag-eutylone-powder-usa","19":"desktop-align-left","20":"tablet-align-left","21":"mobile-align-left","22":"ast-product-gallery-layout-horizontal","23":"ast-product-gallery-with-no-image","24":"ast-product-single-variable","25":"ast-product-tabs-layout-horizontal","26":"ast-qv-on-image","28":"first","29":"instock","30":"shipping-taxable","31":"purchasable","32":"product-type-variable"},"yoast_head":"<!-- This site is optimized with the Yoast SEO plugin v25.9 - https:\/\/yoast.com\/wordpress\/plugins\/seo\/ -->\n<title>Buy Eutylone Online - Eutylone for Sale | LegitGrams<\/title>\n<meta name=\"description\" content=\"Looking for a reliable source to buy EUTYLONE Powder online? Your search ends here. Order EUTYLONE Powder online from our trusted store and enjoy a seamless buying process tailored for your research needs.\" \/>\n<meta name=\"robots\" content=\"index, follow, max-snippet:-1, max-image-preview:large, max-video-preview:-1\" \/>\n<link rel=\"canonical\" href=\"https:\/\/legitgrams.com\/it\/prodotto\/eutilone\/\" \/>\n<meta property=\"og:locale\" content=\"it_IT\" \/>\n<meta property=\"og:type\" content=\"article\" \/>\n<meta property=\"og:title\" content=\"Buy Eutylone Online - Eutylone for Sale | LegitGrams\" \/>\n<meta property=\"og:description\" content=\"Looking for a reliable source to buy EUTYLONE Powder online? Your search ends here. Order EUTYLONE Powder online from our trusted store and enjoy a seamless buying process tailored for your research needs.\" \/>\n<meta property=\"og:url\" content=\"https:\/\/legitgrams.com\/it\/prodotto\/eutilone\/\" \/>\n<meta property=\"og:site_name\" content=\"Legit Grams\" \/>\n<meta property=\"article:modified_time\" content=\"2025-01-14T04:15:22+00:00\" \/>\n<meta property=\"og:image\" content=\"https:\/\/legitgrams.com\/wp-content\/uploads\/2024\/08\/EUTYLONE.gif\" \/>\n\t<meta property=\"og:image:width\" content=\"600\" \/>\n\t<meta property=\"og:image:height\" content=\"600\" \/>\n\t<meta property=\"og:image:type\" content=\"image\/gif\" \/>\n<meta name=\"twitter:card\" content=\"summary_large_image\" \/>\n<meta name=\"twitter:label1\" content=\"Tempo di lettura stimato\" \/>\n\t<meta name=\"twitter:data1\" content=\"3 minuti\" \/>\n<script type=\"application\/ld+json\" class=\"yoast-schema-graph\">{\"@context\":\"https:\/\/schema.org\",\"@graph\":[{\"@type\":\"WebPage\",\"@id\":\"https:\/\/legitgrams.com\/product\/eutylone\/\",\"url\":\"https:\/\/legitgrams.com\/product\/eutylone\/\",\"name\":\"Buy Eutylone Online - Eutylone for Sale | LegitGrams\",\"isPartOf\":{\"@id\":\"https:\/\/legitgrams.com\/#website\"},\"primaryImageOfPage\":{\"@id\":\"https:\/\/legitgrams.com\/product\/eutylone\/#primaryimage\"},\"image\":{\"@id\":\"https:\/\/legitgrams.com\/product\/eutylone\/#primaryimage\"},\"thumbnailUrl\":\"https:\/\/legitgrams.com\/wp-content\/uploads\/2024\/08\/EUTYLONE.gif\",\"datePublished\":\"2024-08-03T05:48:33+00:00\",\"dateModified\":\"2025-01-14T04:15:22+00:00\",\"description\":\"Looking for a reliable source to buy EUTYLONE Powder online? Your search ends here. Order EUTYLONE Powder online from our trusted store and enjoy a seamless buying process tailored for your research needs.\",\"breadcrumb\":{\"@id\":\"https:\/\/legitgrams.com\/product\/eutylone\/#breadcrumb\"},\"inLanguage\":\"it-IT\",\"potentialAction\":[{\"@type\":\"ReadAction\",\"target\":[\"https:\/\/legitgrams.com\/product\/eutylone\/\"]}]},{\"@type\":\"ImageObject\",\"inLanguage\":\"it-IT\",\"@id\":\"https:\/\/legitgrams.com\/product\/eutylone\/#primaryimage\",\"url\":\"https:\/\/legitgrams.com\/wp-content\/uploads\/2024\/08\/EUTYLONE.gif\",\"contentUrl\":\"https:\/\/legitgrams.com\/wp-content\/uploads\/2024\/08\/EUTYLONE.gif\",\"width\":600,\"height\":600,\"caption\":\"Eutylone for sale\"},{\"@type\":\"BreadcrumbList\",\"@id\":\"https:\/\/legitgrams.com\/product\/eutylone\/#breadcrumb\",\"itemListElement\":[{\"@type\":\"ListItem\",\"position\":1,\"name\":\"Home\",\"item\":\"https:\/\/legitgrams.com\/\"},{\"@type\":\"ListItem\",\"position\":2,\"name\":\"Shop\",\"item\":\"https:\/\/legitgrams.com\/shop\/\"},{\"@type\":\"ListItem\",\"position\":3,\"name\":\"EUTYLONE\"}]},{\"@type\":\"WebSite\",\"@id\":\"https:\/\/legitgrams.com\/#website\",\"url\":\"https:\/\/legitgrams.com\/\",\"name\":\"Legit Grams\",\"description\":\"My WordPress Blog\",\"publisher\":{\"@id\":\"https:\/\/legitgrams.com\/#organization\"},\"potentialAction\":[{\"@type\":\"SearchAction\",\"target\":{\"@type\":\"EntryPoint\",\"urlTemplate\":\"https:\/\/legitgrams.com\/?s={search_term_string}\"},\"query-input\":{\"@type\":\"PropertyValueSpecification\",\"valueRequired\":true,\"valueName\":\"search_term_string\"}}],\"inLanguage\":\"it-IT\"},{\"@type\":\"Organization\",\"@id\":\"https:\/\/legitgrams.com\/#organization\",\"name\":\"Legit Grams\",\"url\":\"https:\/\/legitgrams.com\/\",\"logo\":{\"@type\":\"ImageObject\",\"inLanguage\":\"it-IT\",\"@id\":\"https:\/\/legitgrams.com\/#\/schema\/logo\/image\/\",\"url\":\"https:\/\/legitgrams.com\/wp-content\/uploads\/2024\/09\/main-logo.png\",\"contentUrl\":\"https:\/\/legitgrams.com\/wp-content\/uploads\/2024\/09\/main-logo.png\",\"width\":270,\"height\":75,\"caption\":\"Legit Grams\"},\"image\":{\"@id\":\"https:\/\/legitgrams.com\/#\/schema\/logo\/image\/\"}}]}<\/script>\n<!-- \/ Yoast SEO plugin. -->","yoast_head_json":{"title":"Acquista online Eutylone - Eutylone in vendita | LegitGrams","description":"Cerchi una fonte affidabile per acquistare EUTYLONE Powder online? La vostra ricerca termina qui. Ordinate EUTYLONE Powder online dal nostro negozio di fiducia e godetevi un processo di acquisto senza interruzioni, su misura per le vostre esigenze di ricerca.","robots":{"index":"index","follow":"follow","max-snippet":"max-snippet:-1","max-image-preview":"max-image-preview:large","max-video-preview":"max-video-preview:-1"},"canonical":"https:\/\/legitgrams.com\/it\/prodotto\/eutilone\/","og_locale":"it_IT","og_type":"article","og_title":"Buy Eutylone Online - Eutylone for Sale | LegitGrams","og_description":"Looking for a reliable source to buy EUTYLONE Powder online? Your search ends here. Order EUTYLONE Powder online from our trusted store and enjoy a seamless buying process tailored for your research needs.","og_url":"https:\/\/legitgrams.com\/it\/prodotto\/eutilone\/","og_site_name":"Legit Grams","article_modified_time":"2025-01-14T04:15:22+00:00","og_image":[{"width":600,"height":600,"url":"https:\/\/legitgrams.com\/wp-content\/uploads\/2024\/08\/EUTYLONE.gif","type":"image\/gif"}],"twitter_card":"summary_large_image","twitter_misc":{"Tempo di lettura stimato":"3 minuti"},"schema":{"@context":"https:\/\/schema.org","@graph":[{"@type":"WebPage","@id":"https:\/\/legitgrams.com\/product\/eutylone\/","url":"https:\/\/legitgrams.com\/product\/eutylone\/","name":"Acquista online Eutylone - Eutylone in vendita | LegitGrams","isPartOf":{"@id":"https:\/\/legitgrams.com\/#website"},"primaryImageOfPage":{"@id":"https:\/\/legitgrams.com\/product\/eutylone\/#primaryimage"},"image":{"@id":"https:\/\/legitgrams.com\/product\/eutylone\/#primaryimage"},"thumbnailUrl":"https:\/\/legitgrams.com\/wp-content\/uploads\/2024\/08\/EUTYLONE.gif","datePublished":"2024-08-03T05:48:33+00:00","dateModified":"2025-01-14T04:15:22+00:00","description":"Cerchi una fonte affidabile per acquistare EUTYLONE Powder online? La vostra ricerca termina qui. Ordinate EUTYLONE Powder online dal nostro negozio di fiducia e godetevi un processo di acquisto senza interruzioni, su misura per le vostre esigenze di ricerca.","breadcrumb":{"@id":"https:\/\/legitgrams.com\/product\/eutylone\/#breadcrumb"},"inLanguage":"it-IT","potentialAction":[{"@type":"ReadAction","target":["https:\/\/legitgrams.com\/product\/eutylone\/"]}]},{"@type":"ImageObject","inLanguage":"it-IT","@id":"https:\/\/legitgrams.com\/product\/eutylone\/#primaryimage","url":"https:\/\/legitgrams.com\/wp-content\/uploads\/2024\/08\/EUTYLONE.gif","contentUrl":"https:\/\/legitgrams.com\/wp-content\/uploads\/2024\/08\/EUTYLONE.gif","width":600,"height":600,"caption":"Eutylone for sale"},{"@type":"BreadcrumbList","@id":"https:\/\/legitgrams.com\/product\/eutylone\/#breadcrumb","itemListElement":[{"@type":"ListItem","position":1,"name":"Home","item":"https:\/\/legitgrams.com\/"},{"@type":"ListItem","position":2,"name":"Shop","item":"https:\/\/legitgrams.com\/shop\/"},{"@type":"ListItem","position":3,"name":"EUTYLONE"}]},{"@type":"WebSite","@id":"https:\/\/legitgrams.com\/#website","url":"https:\/\/legitgrams.com\/","name":"Grammi legittimi","description":"Il mio blog WordPress","publisher":{"@id":"https:\/\/legitgrams.com\/#organization"},"potentialAction":[{"@type":"SearchAction","target":{"@type":"EntryPoint","urlTemplate":"https:\/\/legitgrams.com\/?s={search_term_string}"},"query-input":{"@type":"PropertyValueSpecification","valueRequired":true,"valueName":"search_term_string"}}],"inLanguage":"it-IT"},{"@type":"Organization","@id":"https:\/\/legitgrams.com\/#organization","name":"Grammi legittimi","url":"https:\/\/legitgrams.com\/","logo":{"@type":"ImageObject","inLanguage":"it-IT","@id":"https:\/\/legitgrams.com\/#\/schema\/logo\/image\/","url":"https:\/\/legitgrams.com\/wp-content\/uploads\/2024\/09\/main-logo.png","contentUrl":"https:\/\/legitgrams.com\/wp-content\/uploads\/2024\/09\/main-logo.png","width":270,"height":75,"caption":"Legit Grams"},"image":{"@id":"https:\/\/legitgrams.com\/#\/schema\/logo\/image\/"}}]}},"uagb_featured_image_src":{"full":["https:\/\/legitgrams.com\/wp-content\/uploads\/2024\/08\/EUTYLONE.gif",600,600,false],"thumbnail":["https:\/\/legitgrams.com\/wp-content\/uploads\/2024\/08\/EUTYLONE-150x150.gif",150,150,true],"medium":["https:\/\/legitgrams.com\/wp-content\/uploads\/2024\/08\/EUTYLONE-300x300.gif",300,300,true],"medium_large":["https:\/\/legitgrams.com\/wp-content\/uploads\/2024\/08\/EUTYLONE.gif",600,600,false],"large":["https:\/\/legitgrams.com\/wp-content\/uploads\/2024\/08\/EUTYLONE.gif",600,600,false],"1536x1536":["https:\/\/legitgrams.com\/wp-content\/uploads\/2024\/08\/EUTYLONE.gif",600,600,false],"2048x2048":["https:\/\/legitgrams.com\/wp-content\/uploads\/2024\/08\/EUTYLONE.gif",600,600,false],"trp-custom-language-flag":["https:\/\/legitgrams.com\/wp-content\/uploads\/2024\/08\/EUTYLONE-12x12.gif",12,12,true],"woocommerce_thumbnail":["https:\/\/legitgrams.com\/wp-content\/uploads\/2024\/08\/EUTYLONE-300x300.gif",300,300,true],"woocommerce_single":["https:\/\/legitgrams.com\/wp-content\/uploads\/2024\/08\/EUTYLONE.gif",600,600,false],"woocommerce_gallery_thumbnail":["https:\/\/legitgrams.com\/wp-content\/uploads\/2024\/08\/EUTYLONE-100x100.gif",100,100,true]},"uagb_author_info":{"display_name":"cokeblog18","author_link":"https:\/\/legitgrams.com\/it\/author\/"},"uagb_comment_info":0,"uagb_excerpt":"For sale: Eutylone Buy eutylone online, which Are you really looking for a trustworthy Euthylone seller? You&#8217;re in the ideal location! The best type of eutylone is available for purchase right now. We offer careful shipping and inconspicuous packaging. Eutylone, a potential planner drug, has auxiliary highlights in common with cathinone, pyrovalerone, and amphetamines. Entactogenic&hellip;","_links":{"self":[{"href":"https:\/\/legitgrams.com\/it\/wp-json\/wp\/v2\/product\/3301","targetHints":{"allow":["GET"]}}],"collection":[{"href":"https:\/\/legitgrams.com\/it\/wp-json\/wp\/v2\/product"}],"about":[{"href":"https:\/\/legitgrams.com\/it\/wp-json\/wp\/v2\/types\/product"}],"replies":[{"embeddable":true,"href":"https:\/\/legitgrams.com\/it\/wp-json\/wp\/v2\/comments?post=3301"}],"wp:featuredmedia":[{"embeddable":true,"href":"https:\/\/legitgrams.com\/it\/wp-json\/wp\/v2\/media\/3315"}],"wp:attachment":[{"href":"https:\/\/legitgrams.com\/it\/wp-json\/wp\/v2\/media?parent=3301"}],"wp:term":[{"taxonomy":"product_brand","embeddable":true,"href":"https:\/\/legitgrams.com\/it\/wp-json\/wp\/v2\/product_brand?post=3301"},{"taxonomy":"product_cat","embeddable":true,"href":"https:\/\/legitgrams.com\/it\/wp-json\/wp\/v2\/product_cat?post=3301"},{"taxonomy":"product_tag","embeddable":true,"href":"https:\/\/legitgrams.com\/it\/wp-json\/wp\/v2\/product_tag?post=3301"}],"curies":[{"name":"wp","href":"https:\/\/api.w.org\/{rel}","templated":true}]}}