{"id":3302,"date":"2024-08-03T05:48:41","date_gmt":"2024-08-03T05:48:41","guid":{"rendered":"https:\/\/cokebricks.com\/?post_type=product&#038;p=3302"},"modified":"2025-01-13T09:16:36","modified_gmt":"2025-01-13T09:16:36","slug":"apvp","status":"publish","type":"product","link":"https:\/\/legitgrams.com\/it\/prodotto\/apvp\/","title":{"rendered":"APVP"},"content":{"rendered":"<h2>In vendita: A-PVP puro<\/h2>\n<p>Acquisto 99% Pure <a href=\"https:\/\/legitgrams.com\/it\/prodotto\/apvp\/\">A-PVP<\/a> da Nembutal | Acquista A-PVP puro di nascosto online Acquisto APVP online: come con MDPV e \"sali da bagno\" all'inizio del 2011, Acquista polvere di cristallo di a-PVP online \u00e8 una sostanza chimica relativamente nuova che sta ricevendo molto interesse dai media.<\/p>\n<p>Uno stimolante sintetico appartenente alle famiglie dei catinone e pirovalerone. Acquista polvere di cristalli di a-PVP online. Altri nomi per questo includono flakka, <a href=\"https:\/\/en.wikipedia.org\/wiki\/-Pyrrolidinopentiophenone\">\u03b1-pirrolidinopentifenone<\/a>, alfa-PVP e A-PVP. Dal punto di vista chimico, \u00e8 simile ad altri composti pirovaleroni, come MDPV e composti catinoni, che sono stati trovati nella pianta khat dell'Africa orientale. Pu\u00f2 avere effetti molto simili a quelli dell'amfetamina e della cocaina quando ingerito. Di solito assume la forma di enormi pezzi di cristallo o polvere cristallina.<\/p>\n<h3>Acquista online la polvere A-PVP.<\/h3>\n<p>Acquista cristalli di A-PVP online. Simile ai \"sali da bagno\" e all'MDPV nei primi mesi del 2011, la polvere \u00e8 una sostanza relativamente nuova che viene monitorata attivamente dai media. Viene comunemente prodotta in grandi quantit\u00e0 in Cina e offerta in vendita online dai venditori come sostanza chimica di ricerca.<\/p>\n<h3>Effetti dei cristalli Alpha-PVP sul corpo<\/h3>\n<p>Sensazioni inaspettate Una sensazione di formicolio euforico da moderata a forte che permea l'intero corpo \u00e8 nota come \"sballo corporeo\" dell'\u03b1-PVP. Dosaggi pi\u00f9 elevati potrebbero essere troppo da sopportare. Questa sensazione persiste per tutto il tempo, aumentando gradualmente, raggiungendo il culmine e poi diminuendo. <a href=\"https:\/\/legitgrams.com\/it\/\">LegitGrams<\/a><\/p>\n<p>Si ritiene che l'\u03b1-PVP abbia effetti benefici su<\/p>\n<p>i livelli di energia fisica dell'utente, che sono<\/p>\n<p>In realt\u00e0 incredibilmente eccitante e stimolante. Questo promuove attivit\u00e0 fisiche come la danza, l'arrampicata e il jogging.<\/p>\n<h3>La storia dell'A-PVP<\/h3>\n<p>Nonostante la sua recente scoperta, l'A-PVP \u00e8 al centro dell'attenzione dei media e delle indagini accademiche dal 2011. Ci\u00f2 \u00e8 dovuto in gran parte alle persone che ne abusano usando i suoi benefici rinvigorenti senza una prescrizione o le istruzioni appropriate. L'A-PVP \u00e8 prodotto in serie in Cina, sebbene la sua disponibilit\u00e0 come farmaco di ricerca sia limitata.<\/p>\n<h3>Perch\u00e9 viene utilizzato l'A-PVP?<\/h3>\n<p>Il desiderio di correre, ballare o arrampicarsi \u00e8 stato collegato agli effetti energizzanti dell'A-PVP, ampiamente noto per le sue propriet\u00e0 stimolanti. Inoltre, \u00e8 stato notato che gli effetti di questa prescrizione costringono gli utenti a impegnarsi in attivit\u00e0 impegnative o stimolanti; questa propensione diventa pi\u00f9 difficile da contrastare con dosaggi maggiori.<\/p>\n<p>Queste caratteristiche hanno suscitato la curiosit\u00e0 delle persone che svolgono regolarmente attivit\u00e0 ad alto consumo energetico.<\/p>\n<p>Pu\u00f2 evocare sentimenti di motivazione, socievolezza e sicurezza. Le persone usano allenamenti e esercizi duri perch\u00e9 desiderano fortemente prendere parte ad attivit\u00e0 fisicamente impegnative. Incoraggia anche a bere molta acqua grazie ai suoi effetti stimolanti. Sebbene non tutti coloro che lo usano abbiano fame, pu\u00f2 aumentare l'appetito. Le persone lo usano per motivi non medici, come aumentare l'ego o le emozioni, come \u00e8 ben noto.<\/p>\n<h3>Effetti dell\u2019A-PVP<\/h3>\n<p>Gli stessi effetti possono essere spiegati dalle qualit\u00e0 stimolanti del farmaco. Di conseguenza, gli utilizzatori mostrano un comportamento energetico eccessivo o compulsivo. Tra i sintomi fisici ci sono arti, tetano e tremori incontrollabili a causa della mancanza di controllo motorio dell'intero corpo. Inoltre, potrebbe causare movimenti oculari involontari o problemi visivi. Nei casi gravi, pu\u00f2 portare a intossicazione da acqua, perdita di appetito e un forte bisogno di bere acqua. Urinare diventa difficile a causa del farmaco. Una frequenza cardiaca elevata \u00e8 uno degli effetti avversi e anche la vicinanza fisica \u00e8 intensificata. La sudorazione \u00e8 esacerbata dal desiderio di attivit\u00e0 fisica eccessiva.<\/p>\n<p>&nbsp;<\/p>","protected":false},"excerpt":{"rendered":"<p>For Sale: Pure A-PVP Purchase 99% Pure A-PVP from Nembutal | Buy Pure A-PVP secretly online Online APVP Purchase: As with MDPV and &#8220;bath salts&#8221; in early 2011, Buy a-PVP Crystal Powder Online is a relatively new chemical that is receiving a lot of media interest. A synthetic stimulant belonging to the cathinone and pyrovalerone &hellip;<\/p>\n<p class=\"read-more\"> <a class=\"\" href=\"https:\/\/legitgrams.com\/it\/prodotto\/apvp\/\"> <span class=\"screen-reader-text\">APVP<\/span> Leggi tutto \"<\/a><\/p>","protected":false},"featured_media":3316,"comment_status":"open","ping_status":"closed","template":"","meta":{"_uag_custom_page_level_css":"","site-sidebar-layout":"default","site-content-layout":"default","ast-global-header-display":"","ast-main-header-display":"","ast-hfb-above-header-display":"","ast-hfb-below-header-display":"","ast-hfb-mobile-header-display":"","site-post-title":"","ast-breadcrumbs-content":"","ast-featured-img":"","footer-sml-layout":"","theme-transparent-header-meta":"default","adv-header-id-meta":"","stick-header-meta":"default","header-above-stick-meta":"","header-main-stick-meta":"","header-below-stick-meta":"","_joinchat":[]},"product_brand":[],"product_cat":[190],"product_tag":[331,332,333,334,335,336,337,338,339,340,341,342,343,344],"class_list":{"0":"post-3302","1":"product","2":"type-product","3":"status-publish","4":"has-post-thumbnail","6":"product_cat-cannabinoids","7":"product_tag-apvp-crystal-powder","8":"product_tag-beta-pvp-crystals","9":"product_tag-buy-a-pvp","10":"product_tag-buy-a-pvp-flakka","11":"product_tag-buy-apvp-crystals","12":"product_tag-buy-flakka","13":"product_tag-buy-flakka-online","14":"product_tag-flakka","15":"product_tag-how-can-i-buy-alpha-pvp-online-discreetly-russia","16":"product_tag-order-apvp-online","17":"product_tag-what-are-flakka-and-bath-salts","18":"product_tag-what-is-flakka-beta-pvp","19":"product_tag-where-can-i-buy-apvp-crystals-online","20":"product_tag-where-can-i-buy-flakka-khat","21":"desktop-align-left","22":"tablet-align-left","23":"mobile-align-left","24":"ast-product-gallery-layout-horizontal","25":"ast-product-gallery-with-no-image","26":"ast-product-single-variable","27":"ast-product-tabs-layout-horizontal","28":"ast-qv-on-image","30":"first","31":"instock","32":"shipping-taxable","33":"purchasable","34":"product-type-variable"},"yoast_head":"<!-- This site is optimized with the Yoast SEO plugin v25.9 - https:\/\/yoast.com\/wordpress\/plugins\/seo\/ -->\n<title>Get APVP for Sale - Buy APVP Powder Online @ Low Price<\/title>\n<meta name=\"description\" content=\"Your order for APVP for sale is our responsibility. We will take your order to buy APVP powder online into consideration and reach you in a short period. Place bulk orders now!\" \/>\n<meta name=\"robots\" content=\"index, follow, max-snippet:-1, max-image-preview:large, max-video-preview:-1\" \/>\n<link rel=\"canonical\" href=\"https:\/\/legitgrams.com\/it\/prodotto\/apvp\/\" \/>\n<meta property=\"og:locale\" content=\"it_IT\" \/>\n<meta property=\"og:type\" content=\"article\" \/>\n<meta property=\"og:title\" content=\"Get APVP for Sale - Buy APVP Powder Online @ Low Price\" \/>\n<meta property=\"og:description\" content=\"Your order for APVP for sale is our responsibility. We will take your order to buy APVP powder online into consideration and reach you in a short period. Place bulk orders now!\" \/>\n<meta property=\"og:url\" content=\"https:\/\/legitgrams.com\/it\/prodotto\/apvp\/\" \/>\n<meta property=\"og:site_name\" content=\"Legit Grams\" \/>\n<meta property=\"article:modified_time\" content=\"2025-01-13T09:16:36+00:00\" \/>\n<meta property=\"og:image\" content=\"https:\/\/legitgrams.com\/wp-content\/uploads\/2024\/08\/APVP.gif\" \/>\n\t<meta property=\"og:image:width\" content=\"600\" \/>\n\t<meta property=\"og:image:height\" content=\"600\" \/>\n\t<meta property=\"og:image:type\" content=\"image\/gif\" \/>\n<meta name=\"twitter:card\" content=\"summary_large_image\" \/>\n<meta name=\"twitter:label1\" content=\"Tempo di lettura stimato\" \/>\n\t<meta name=\"twitter:data1\" content=\"3 minuti\" \/>\n<script type=\"application\/ld+json\" class=\"yoast-schema-graph\">{\"@context\":\"https:\/\/schema.org\",\"@graph\":[{\"@type\":\"WebPage\",\"@id\":\"https:\/\/legitgrams.com\/product\/apvp\/\",\"url\":\"https:\/\/legitgrams.com\/product\/apvp\/\",\"name\":\"Get APVP for Sale - Buy APVP Powder Online @ Low Price\",\"isPartOf\":{\"@id\":\"https:\/\/legitgrams.com\/#website\"},\"primaryImageOfPage\":{\"@id\":\"https:\/\/legitgrams.com\/product\/apvp\/#primaryimage\"},\"image\":{\"@id\":\"https:\/\/legitgrams.com\/product\/apvp\/#primaryimage\"},\"thumbnailUrl\":\"https:\/\/legitgrams.com\/wp-content\/uploads\/2024\/08\/APVP.gif\",\"datePublished\":\"2024-08-03T05:48:41+00:00\",\"dateModified\":\"2025-01-13T09:16:36+00:00\",\"description\":\"Your order for APVP for sale is our responsibility. We will take your order to buy APVP powder online into consideration and reach you in a short period. Place bulk orders now!\",\"breadcrumb\":{\"@id\":\"https:\/\/legitgrams.com\/product\/apvp\/#breadcrumb\"},\"inLanguage\":\"it-IT\",\"potentialAction\":[{\"@type\":\"ReadAction\",\"target\":[\"https:\/\/legitgrams.com\/product\/apvp\/\"]}]},{\"@type\":\"ImageObject\",\"inLanguage\":\"it-IT\",\"@id\":\"https:\/\/legitgrams.com\/product\/apvp\/#primaryimage\",\"url\":\"https:\/\/legitgrams.com\/wp-content\/uploads\/2024\/08\/APVP.gif\",\"contentUrl\":\"https:\/\/legitgrams.com\/wp-content\/uploads\/2024\/08\/APVP.gif\",\"width\":600,\"height\":600,\"caption\":\"Pure A-PVP for Sale\"},{\"@type\":\"BreadcrumbList\",\"@id\":\"https:\/\/legitgrams.com\/product\/apvp\/#breadcrumb\",\"itemListElement\":[{\"@type\":\"ListItem\",\"position\":1,\"name\":\"Home\",\"item\":\"https:\/\/legitgrams.com\/\"},{\"@type\":\"ListItem\",\"position\":2,\"name\":\"Shop\",\"item\":\"https:\/\/legitgrams.com\/shop\/\"},{\"@type\":\"ListItem\",\"position\":3,\"name\":\"APVP\"}]},{\"@type\":\"WebSite\",\"@id\":\"https:\/\/legitgrams.com\/#website\",\"url\":\"https:\/\/legitgrams.com\/\",\"name\":\"Legit Grams\",\"description\":\"My WordPress Blog\",\"publisher\":{\"@id\":\"https:\/\/legitgrams.com\/#organization\"},\"potentialAction\":[{\"@type\":\"SearchAction\",\"target\":{\"@type\":\"EntryPoint\",\"urlTemplate\":\"https:\/\/legitgrams.com\/?s={search_term_string}\"},\"query-input\":{\"@type\":\"PropertyValueSpecification\",\"valueRequired\":true,\"valueName\":\"search_term_string\"}}],\"inLanguage\":\"it-IT\"},{\"@type\":\"Organization\",\"@id\":\"https:\/\/legitgrams.com\/#organization\",\"name\":\"Legit Grams\",\"url\":\"https:\/\/legitgrams.com\/\",\"logo\":{\"@type\":\"ImageObject\",\"inLanguage\":\"it-IT\",\"@id\":\"https:\/\/legitgrams.com\/#\/schema\/logo\/image\/\",\"url\":\"https:\/\/legitgrams.com\/wp-content\/uploads\/2024\/09\/main-logo.png\",\"contentUrl\":\"https:\/\/legitgrams.com\/wp-content\/uploads\/2024\/09\/main-logo.png\",\"width\":270,\"height\":75,\"caption\":\"Legit Grams\"},\"image\":{\"@id\":\"https:\/\/legitgrams.com\/#\/schema\/logo\/image\/\"}}]}<\/script>\n<!-- \/ Yoast SEO plugin. -->","yoast_head_json":{"title":"APVP in vendita - Comprare APVP in polvere online a basso prezzo","description":"Il vostro ordine di APVP in vendita \u00e8 una nostra responsabilit\u00e0. Prenderemo in considerazione il vostro ordine di acquisto di APVP in polvere online e vi raggiungeremo in breve tempo. Effettuate subito ordini di grandi quantit\u00e0!","robots":{"index":"index","follow":"follow","max-snippet":"max-snippet:-1","max-image-preview":"max-image-preview:large","max-video-preview":"max-video-preview:-1"},"canonical":"https:\/\/legitgrams.com\/it\/prodotto\/apvp\/","og_locale":"it_IT","og_type":"article","og_title":"Get APVP for Sale - Buy APVP Powder Online @ Low Price","og_description":"Your order for APVP for sale is our responsibility. We will take your order to buy APVP powder online into consideration and reach you in a short period. Place bulk orders now!","og_url":"https:\/\/legitgrams.com\/it\/prodotto\/apvp\/","og_site_name":"Legit Grams","article_modified_time":"2025-01-13T09:16:36+00:00","og_image":[{"width":600,"height":600,"url":"https:\/\/legitgrams.com\/wp-content\/uploads\/2024\/08\/APVP.gif","type":"image\/gif"}],"twitter_card":"summary_large_image","twitter_misc":{"Tempo di lettura stimato":"3 minuti"},"schema":{"@context":"https:\/\/schema.org","@graph":[{"@type":"WebPage","@id":"https:\/\/legitgrams.com\/product\/apvp\/","url":"https:\/\/legitgrams.com\/product\/apvp\/","name":"APVP in vendita - Comprare APVP in polvere online a basso prezzo","isPartOf":{"@id":"https:\/\/legitgrams.com\/#website"},"primaryImageOfPage":{"@id":"https:\/\/legitgrams.com\/product\/apvp\/#primaryimage"},"image":{"@id":"https:\/\/legitgrams.com\/product\/apvp\/#primaryimage"},"thumbnailUrl":"https:\/\/legitgrams.com\/wp-content\/uploads\/2024\/08\/APVP.gif","datePublished":"2024-08-03T05:48:41+00:00","dateModified":"2025-01-13T09:16:36+00:00","description":"Il vostro ordine di APVP in vendita \u00e8 una nostra responsabilit\u00e0. Prenderemo in considerazione il vostro ordine di acquisto di APVP in polvere online e vi raggiungeremo in breve tempo. Effettuate subito ordini di grandi quantit\u00e0!","breadcrumb":{"@id":"https:\/\/legitgrams.com\/product\/apvp\/#breadcrumb"},"inLanguage":"it-IT","potentialAction":[{"@type":"ReadAction","target":["https:\/\/legitgrams.com\/product\/apvp\/"]}]},{"@type":"ImageObject","inLanguage":"it-IT","@id":"https:\/\/legitgrams.com\/product\/apvp\/#primaryimage","url":"https:\/\/legitgrams.com\/wp-content\/uploads\/2024\/08\/APVP.gif","contentUrl":"https:\/\/legitgrams.com\/wp-content\/uploads\/2024\/08\/APVP.gif","width":600,"height":600,"caption":"Pure A-PVP for Sale"},{"@type":"BreadcrumbList","@id":"https:\/\/legitgrams.com\/product\/apvp\/#breadcrumb","itemListElement":[{"@type":"ListItem","position":1,"name":"Home","item":"https:\/\/legitgrams.com\/"},{"@type":"ListItem","position":2,"name":"Shop","item":"https:\/\/legitgrams.com\/shop\/"},{"@type":"ListItem","position":3,"name":"APVP"}]},{"@type":"WebSite","@id":"https:\/\/legitgrams.com\/#website","url":"https:\/\/legitgrams.com\/","name":"Grammi legittimi","description":"Il mio blog WordPress","publisher":{"@id":"https:\/\/legitgrams.com\/#organization"},"potentialAction":[{"@type":"SearchAction","target":{"@type":"EntryPoint","urlTemplate":"https:\/\/legitgrams.com\/?s={search_term_string}"},"query-input":{"@type":"PropertyValueSpecification","valueRequired":true,"valueName":"search_term_string"}}],"inLanguage":"it-IT"},{"@type":"Organization","@id":"https:\/\/legitgrams.com\/#organization","name":"Grammi legittimi","url":"https:\/\/legitgrams.com\/","logo":{"@type":"ImageObject","inLanguage":"it-IT","@id":"https:\/\/legitgrams.com\/#\/schema\/logo\/image\/","url":"https:\/\/legitgrams.com\/wp-content\/uploads\/2024\/09\/main-logo.png","contentUrl":"https:\/\/legitgrams.com\/wp-content\/uploads\/2024\/09\/main-logo.png","width":270,"height":75,"caption":"Legit Grams"},"image":{"@id":"https:\/\/legitgrams.com\/#\/schema\/logo\/image\/"}}]}},"uagb_featured_image_src":{"full":["https:\/\/legitgrams.com\/wp-content\/uploads\/2024\/08\/APVP.gif",600,600,false],"thumbnail":["https:\/\/legitgrams.com\/wp-content\/uploads\/2024\/08\/APVP-150x150.gif",150,150,true],"medium":["https:\/\/legitgrams.com\/wp-content\/uploads\/2024\/08\/APVP-300x300.gif",300,300,true],"medium_large":["https:\/\/legitgrams.com\/wp-content\/uploads\/2024\/08\/APVP.gif",600,600,false],"large":["https:\/\/legitgrams.com\/wp-content\/uploads\/2024\/08\/APVP.gif",600,600,false],"1536x1536":["https:\/\/legitgrams.com\/wp-content\/uploads\/2024\/08\/APVP.gif",600,600,false],"2048x2048":["https:\/\/legitgrams.com\/wp-content\/uploads\/2024\/08\/APVP.gif",600,600,false],"trp-custom-language-flag":["https:\/\/legitgrams.com\/wp-content\/uploads\/2024\/08\/APVP-12x12.gif",12,12,true],"woocommerce_thumbnail":["https:\/\/legitgrams.com\/wp-content\/uploads\/2024\/08\/APVP-300x300.gif",300,300,true],"woocommerce_single":["https:\/\/legitgrams.com\/wp-content\/uploads\/2024\/08\/APVP.gif",600,600,false],"woocommerce_gallery_thumbnail":["https:\/\/legitgrams.com\/wp-content\/uploads\/2024\/08\/APVP-100x100.gif",100,100,true]},"uagb_author_info":{"display_name":"cokeblog18","author_link":"https:\/\/legitgrams.com\/it\/author\/"},"uagb_comment_info":0,"uagb_excerpt":"For Sale: Pure A-PVP Purchase 99% Pure A-PVP from Nembutal | Buy Pure A-PVP secretly online Online APVP Purchase: As with MDPV and &#8220;bath salts&#8221; in early 2011, Buy a-PVP Crystal Powder Online is a relatively new chemical that is receiving a lot of media interest. A synthetic stimulant belonging to the cathinone and pyrovalerone&hellip;","_links":{"self":[{"href":"https:\/\/legitgrams.com\/it\/wp-json\/wp\/v2\/product\/3302","targetHints":{"allow":["GET"]}}],"collection":[{"href":"https:\/\/legitgrams.com\/it\/wp-json\/wp\/v2\/product"}],"about":[{"href":"https:\/\/legitgrams.com\/it\/wp-json\/wp\/v2\/types\/product"}],"replies":[{"embeddable":true,"href":"https:\/\/legitgrams.com\/it\/wp-json\/wp\/v2\/comments?post=3302"}],"wp:featuredmedia":[{"embeddable":true,"href":"https:\/\/legitgrams.com\/it\/wp-json\/wp\/v2\/media\/3316"}],"wp:attachment":[{"href":"https:\/\/legitgrams.com\/it\/wp-json\/wp\/v2\/media?parent=3302"}],"wp:term":[{"taxonomy":"product_brand","embeddable":true,"href":"https:\/\/legitgrams.com\/it\/wp-json\/wp\/v2\/product_brand?post=3302"},{"taxonomy":"product_cat","embeddable":true,"href":"https:\/\/legitgrams.com\/it\/wp-json\/wp\/v2\/product_cat?post=3302"},{"taxonomy":"product_tag","embeddable":true,"href":"https:\/\/legitgrams.com\/it\/wp-json\/wp\/v2\/product_tag?post=3302"}],"curies":[{"name":"wp","href":"https:\/\/api.w.org\/{rel}","templated":true}]}}