{"id":3305,"date":"2024-08-03T05:48:54","date_gmt":"2024-08-03T05:48:54","guid":{"rendered":"https:\/\/cokebricks.com\/?post_type=product&#038;p=3305"},"modified":"2025-01-13T10:13:56","modified_gmt":"2025-01-13T10:13:56","slug":"bmdp","status":"publish","type":"product","link":"https:\/\/legitgrams.com\/it\/prodotto\/bmdp\/","title":{"rendered":"BMDP"},"content":{"rendered":"<h2>In vendita: polvere BMDP<\/h2>\n<p>Un catinone sostituito con somiglianze strutturali al metilone \u00e8 chiamato BMDP. L'aggiunta di una famiglia fenilica al gruppo aminometilico del <a href=\"https:\/\/legitgrams.com\/it\/prodotto\/bmdp\/\">BMDP<\/a> molecola riduce significativamente la sua solubilit\u00e0 in soluzioni liquide. Attualmente non sono disponibili informazioni sulle propriet\u00e0 fisiologiche e tossicologiche del BMDP. Il BMDP \u00e8 destinato esclusivamente all'uso in indagini e applicazioni forensi.<\/p>\n<p>Il primo [ammino (fenilmetile)] \u00e8 il nome ufficiale. 2,3-(1,3-benzodiossol-5-il)monoidrocloruro del 1,3-propanone<\/p>\n<p>Termini alternativi per: BMDP<\/p>\n<p>Peso nella formula: 319,8<\/p>\n<p>99% puro<\/p>\n<h3>Formulazione: Un solido contenente cristalli<\/h3>\n<p>Alcuni stimolanti ed entactogeni sono esempi di catinoni sostituiti, che vengono prodotti dal catinone. Tra le altre sostituzioni, hanno un nucleo di fenetilammina con un gruppo chetonico attaccato al carbonio beta e un gruppo alchilico legato al carbonio alfa. La pianta di khat, che produce polvere di BMDP dalle sue foglie, \u00e8 un catinone sostituito che assomiglia al metilone nella struttura. Aggiungendo una famiglia di fenili al gruppo aminometilico della molecola di polvere di BMDP, la solubilit\u00e0 della molecola in soluzioni liquide viene notevolmente ridotta. La maggior parte di <a href=\"https:\/\/en.wikipedia.org\/wiki\/BMDP\">BMDP<\/a> Le propriet\u00e0 fisiologiche e tossicologiche della polvere sono attualmente sconosciute. La polvere di BMDP \u00e8 utilizzata solo in contesti scientifici e forensi. <a href=\"https:\/\/legitgrams.com\/it\/\">LegitGrams<\/a><\/p>\n<h3>Che cosa \u00e8 il BDMP?<\/h3>\n<p>Ricerca chimica Il BMDP appartiene alla classe dei catinoni sintetici. Questa sostanza chimica di ricerca \u00e8 molto simile al metilone. Attualmente sono disponibili pochi report di test e dati sperimentali per il BDMP perch\u00e9 \u00e8 un composto di ricerca relativamente nuovo. Tuttavia, secondo i primi resoconti, l'esperimento ha prodotto risultati quali maggiore empatia, motivazione, disinibizione, riduzione dell'ansia, elaborazione mentale pi\u00f9 rapida, sensazioni fisiche spontanee, miglioramento tattile e migliore comprensione della musica. Quando si eseguono studi sul BDMP, utilizzare sempre occhiali di sicurezza e seguire le corrette procedure di sicurezza di laboratorio. Non usarne troppo a causa della sua tremenda potenza.<\/p>","protected":false},"excerpt":{"rendered":"<p>For Sale: BMDP Powder A substituted cathinone with structural similarities to methylone is called BMDP. The addition of a phenyl family to the aminomethyl group of the BMDP molecule significantly reduces its solubility in liquid solutions. There is currently no information available regarding the physiological and toxicological properties of BMDP. BMDP is only intended for &hellip;<\/p>\n<p class=\"read-more\"> <a class=\"\" href=\"https:\/\/legitgrams.com\/it\/prodotto\/bmdp\/\"> <span class=\"screen-reader-text\">BMDP<\/span> Leggi tutto \"<\/a><\/p>","protected":false},"featured_media":3319,"comment_status":"open","ping_status":"closed","template":"","meta":{"_uag_custom_page_level_css":"","site-sidebar-layout":"default","site-content-layout":"default","ast-global-header-display":"","ast-main-header-display":"","ast-hfb-above-header-display":"","ast-hfb-below-header-display":"","ast-hfb-mobile-header-display":"","site-post-title":"","ast-breadcrumbs-content":"","ast-featured-img":"","footer-sml-layout":"","theme-transparent-header-meta":"default","adv-header-id-meta":"","stick-header-meta":"default","header-above-stick-meta":"","header-main-stick-meta":"","header-below-stick-meta":"","_joinchat":[]},"product_brand":[],"product_cat":[190],"product_tag":[307,308,309,310,299,300,301,302,303,304,305,306],"class_list":{"0":"post-3305","1":"product","2":"type-product","3":"status-publish","4":"has-post-thumbnail","6":"product_cat-cannabinoids","7":"product_tag-bmdp-cannabinoids","8":"product_tag-bmdp-cannabinoids-for-sale","9":"product_tag-bmdp-cannabinoids-reddit","10":"product_tag-bmdp-chemical","11":"product_tag-bmdp-powder-australia","12":"product_tag-bmdp-powder-canada","13":"product_tag-bmdp-powder-greece","14":"product_tag-bmdp-powder-kuwait","15":"product_tag-bmdp-powder-review","16":"product_tag-bmdp-powder-spain","17":"product_tag-bmdp-powder-uk","18":"product_tag-bmdp-powder-usa","19":"desktop-align-left","20":"tablet-align-left","21":"mobile-align-left","22":"ast-product-gallery-layout-horizontal","23":"ast-product-gallery-with-no-image","24":"ast-product-single-variable","25":"ast-product-tabs-layout-horizontal","26":"ast-qv-on-image","28":"first","29":"instock","30":"shipping-taxable","31":"purchasable","32":"product-type-variable"},"yoast_head":"<!-- This site is optimized with the Yoast SEO plugin v25.9 - https:\/\/yoast.com\/wordpress\/plugins\/seo\/ -->\n<title>BMDP for Sale Online - Buy BMDP Powder with Discreet Shipping<\/title>\n<meta name=\"description\" content=\"Get BMDP for sale online from our Legitgrams at affordable rates. Our team will help you buy BMDP powder online. Order Today with fast and secure delivery service!\" \/>\n<meta name=\"robots\" content=\"index, follow, max-snippet:-1, max-image-preview:large, max-video-preview:-1\" \/>\n<link rel=\"canonical\" href=\"https:\/\/legitgrams.com\/it\/prodotto\/bmdp\/\" \/>\n<meta property=\"og:locale\" content=\"it_IT\" \/>\n<meta property=\"og:type\" content=\"article\" \/>\n<meta property=\"og:title\" content=\"BMDP for Sale Online - Buy BMDP Powder with Discreet Shipping\" \/>\n<meta property=\"og:description\" content=\"Get BMDP for sale online from our Legitgrams at affordable rates. Our team will help you buy BMDP powder online. Order Today with fast and secure delivery service!\" \/>\n<meta property=\"og:url\" content=\"https:\/\/legitgrams.com\/it\/prodotto\/bmdp\/\" \/>\n<meta property=\"og:site_name\" content=\"Legit Grams\" \/>\n<meta property=\"article:modified_time\" content=\"2025-01-13T10:13:56+00:00\" \/>\n<meta property=\"og:image\" content=\"https:\/\/legitgrams.com\/wp-content\/uploads\/2024\/08\/BMDP.gif\" \/>\n\t<meta property=\"og:image:width\" content=\"600\" \/>\n\t<meta property=\"og:image:height\" content=\"600\" \/>\n\t<meta property=\"og:image:type\" content=\"image\/gif\" \/>\n<meta name=\"twitter:card\" content=\"summary_large_image\" \/>\n<meta name=\"twitter:label1\" content=\"Tempo di lettura stimato\" \/>\n\t<meta name=\"twitter:data1\" content=\"2 minuti\" \/>\n<script type=\"application\/ld+json\" class=\"yoast-schema-graph\">{\"@context\":\"https:\/\/schema.org\",\"@graph\":[{\"@type\":\"WebPage\",\"@id\":\"https:\/\/legitgrams.com\/product\/bmdp\/\",\"url\":\"https:\/\/legitgrams.com\/product\/bmdp\/\",\"name\":\"BMDP for Sale Online - Buy BMDP Powder with Discreet Shipping\",\"isPartOf\":{\"@id\":\"https:\/\/legitgrams.com\/#website\"},\"primaryImageOfPage\":{\"@id\":\"https:\/\/legitgrams.com\/product\/bmdp\/#primaryimage\"},\"image\":{\"@id\":\"https:\/\/legitgrams.com\/product\/bmdp\/#primaryimage\"},\"thumbnailUrl\":\"https:\/\/legitgrams.com\/wp-content\/uploads\/2024\/08\/BMDP.gif\",\"datePublished\":\"2024-08-03T05:48:54+00:00\",\"dateModified\":\"2025-01-13T10:13:56+00:00\",\"description\":\"Get BMDP for sale online from our Legitgrams at affordable rates. Our team will help you buy BMDP powder online. Order Today with fast and secure delivery service!\",\"breadcrumb\":{\"@id\":\"https:\/\/legitgrams.com\/product\/bmdp\/#breadcrumb\"},\"inLanguage\":\"it-IT\",\"potentialAction\":[{\"@type\":\"ReadAction\",\"target\":[\"https:\/\/legitgrams.com\/product\/bmdp\/\"]}]},{\"@type\":\"ImageObject\",\"inLanguage\":\"it-IT\",\"@id\":\"https:\/\/legitgrams.com\/product\/bmdp\/#primaryimage\",\"url\":\"https:\/\/legitgrams.com\/wp-content\/uploads\/2024\/08\/BMDP.gif\",\"contentUrl\":\"https:\/\/legitgrams.com\/wp-content\/uploads\/2024\/08\/BMDP.gif\",\"width\":600,\"height\":600,\"caption\":\"BMDP for Sale\"},{\"@type\":\"BreadcrumbList\",\"@id\":\"https:\/\/legitgrams.com\/product\/bmdp\/#breadcrumb\",\"itemListElement\":[{\"@type\":\"ListItem\",\"position\":1,\"name\":\"Home\",\"item\":\"https:\/\/legitgrams.com\/\"},{\"@type\":\"ListItem\",\"position\":2,\"name\":\"Shop\",\"item\":\"https:\/\/legitgrams.com\/shop\/\"},{\"@type\":\"ListItem\",\"position\":3,\"name\":\"BMDP\"}]},{\"@type\":\"WebSite\",\"@id\":\"https:\/\/legitgrams.com\/#website\",\"url\":\"https:\/\/legitgrams.com\/\",\"name\":\"Legit Grams\",\"description\":\"My WordPress Blog\",\"publisher\":{\"@id\":\"https:\/\/legitgrams.com\/#organization\"},\"potentialAction\":[{\"@type\":\"SearchAction\",\"target\":{\"@type\":\"EntryPoint\",\"urlTemplate\":\"https:\/\/legitgrams.com\/?s={search_term_string}\"},\"query-input\":{\"@type\":\"PropertyValueSpecification\",\"valueRequired\":true,\"valueName\":\"search_term_string\"}}],\"inLanguage\":\"it-IT\"},{\"@type\":\"Organization\",\"@id\":\"https:\/\/legitgrams.com\/#organization\",\"name\":\"Legit Grams\",\"url\":\"https:\/\/legitgrams.com\/\",\"logo\":{\"@type\":\"ImageObject\",\"inLanguage\":\"it-IT\",\"@id\":\"https:\/\/legitgrams.com\/#\/schema\/logo\/image\/\",\"url\":\"https:\/\/legitgrams.com\/wp-content\/uploads\/2024\/09\/main-logo.png\",\"contentUrl\":\"https:\/\/legitgrams.com\/wp-content\/uploads\/2024\/09\/main-logo.png\",\"width\":270,\"height\":75,\"caption\":\"Legit Grams\"},\"image\":{\"@id\":\"https:\/\/legitgrams.com\/#\/schema\/logo\/image\/\"}}]}<\/script>\n<!-- \/ Yoast SEO plugin. -->","yoast_head_json":{"title":"BMDP in vendita online - Acquistare BMDP in polvere con spedizione discreta","description":"Ottenere BMDP in vendita online dal nostro Legitgrams a prezzi accessibili. Il nostro team vi aiuter\u00e0 a comprare BMDP polvere online. Ordina oggi con un servizio di consegna veloce e sicuro!","robots":{"index":"index","follow":"follow","max-snippet":"max-snippet:-1","max-image-preview":"max-image-preview:large","max-video-preview":"max-video-preview:-1"},"canonical":"https:\/\/legitgrams.com\/it\/prodotto\/bmdp\/","og_locale":"it_IT","og_type":"article","og_title":"BMDP for Sale Online - Buy BMDP Powder with Discreet Shipping","og_description":"Get BMDP for sale online from our Legitgrams at affordable rates. Our team will help you buy BMDP powder online. Order Today with fast and secure delivery service!","og_url":"https:\/\/legitgrams.com\/it\/prodotto\/bmdp\/","og_site_name":"Legit Grams","article_modified_time":"2025-01-13T10:13:56+00:00","og_image":[{"width":600,"height":600,"url":"https:\/\/legitgrams.com\/wp-content\/uploads\/2024\/08\/BMDP.gif","type":"image\/gif"}],"twitter_card":"summary_large_image","twitter_misc":{"Tempo di lettura stimato":"2 minuti"},"schema":{"@context":"https:\/\/schema.org","@graph":[{"@type":"WebPage","@id":"https:\/\/legitgrams.com\/product\/bmdp\/","url":"https:\/\/legitgrams.com\/product\/bmdp\/","name":"BMDP in vendita online - Acquistare BMDP in polvere con spedizione discreta","isPartOf":{"@id":"https:\/\/legitgrams.com\/#website"},"primaryImageOfPage":{"@id":"https:\/\/legitgrams.com\/product\/bmdp\/#primaryimage"},"image":{"@id":"https:\/\/legitgrams.com\/product\/bmdp\/#primaryimage"},"thumbnailUrl":"https:\/\/legitgrams.com\/wp-content\/uploads\/2024\/08\/BMDP.gif","datePublished":"2024-08-03T05:48:54+00:00","dateModified":"2025-01-13T10:13:56+00:00","description":"Ottenere BMDP in vendita online dal nostro Legitgrams a prezzi accessibili. Il nostro team vi aiuter\u00e0 a comprare BMDP polvere online. Ordina oggi con un servizio di consegna veloce e sicuro!","breadcrumb":{"@id":"https:\/\/legitgrams.com\/product\/bmdp\/#breadcrumb"},"inLanguage":"it-IT","potentialAction":[{"@type":"ReadAction","target":["https:\/\/legitgrams.com\/product\/bmdp\/"]}]},{"@type":"ImageObject","inLanguage":"it-IT","@id":"https:\/\/legitgrams.com\/product\/bmdp\/#primaryimage","url":"https:\/\/legitgrams.com\/wp-content\/uploads\/2024\/08\/BMDP.gif","contentUrl":"https:\/\/legitgrams.com\/wp-content\/uploads\/2024\/08\/BMDP.gif","width":600,"height":600,"caption":"BMDP for Sale"},{"@type":"BreadcrumbList","@id":"https:\/\/legitgrams.com\/product\/bmdp\/#breadcrumb","itemListElement":[{"@type":"ListItem","position":1,"name":"Home","item":"https:\/\/legitgrams.com\/"},{"@type":"ListItem","position":2,"name":"Shop","item":"https:\/\/legitgrams.com\/shop\/"},{"@type":"ListItem","position":3,"name":"BMDP"}]},{"@type":"WebSite","@id":"https:\/\/legitgrams.com\/#website","url":"https:\/\/legitgrams.com\/","name":"Grammi legittimi","description":"Il mio blog WordPress","publisher":{"@id":"https:\/\/legitgrams.com\/#organization"},"potentialAction":[{"@type":"SearchAction","target":{"@type":"EntryPoint","urlTemplate":"https:\/\/legitgrams.com\/?s={search_term_string}"},"query-input":{"@type":"PropertyValueSpecification","valueRequired":true,"valueName":"search_term_string"}}],"inLanguage":"it-IT"},{"@type":"Organization","@id":"https:\/\/legitgrams.com\/#organization","name":"Grammi legittimi","url":"https:\/\/legitgrams.com\/","logo":{"@type":"ImageObject","inLanguage":"it-IT","@id":"https:\/\/legitgrams.com\/#\/schema\/logo\/image\/","url":"https:\/\/legitgrams.com\/wp-content\/uploads\/2024\/09\/main-logo.png","contentUrl":"https:\/\/legitgrams.com\/wp-content\/uploads\/2024\/09\/main-logo.png","width":270,"height":75,"caption":"Legit Grams"},"image":{"@id":"https:\/\/legitgrams.com\/#\/schema\/logo\/image\/"}}]}},"uagb_featured_image_src":{"full":["https:\/\/legitgrams.com\/wp-content\/uploads\/2024\/08\/BMDP.gif",600,600,false],"thumbnail":["https:\/\/legitgrams.com\/wp-content\/uploads\/2024\/08\/BMDP-150x150.gif",150,150,true],"medium":["https:\/\/legitgrams.com\/wp-content\/uploads\/2024\/08\/BMDP-300x300.gif",300,300,true],"medium_large":["https:\/\/legitgrams.com\/wp-content\/uploads\/2024\/08\/BMDP.gif",600,600,false],"large":["https:\/\/legitgrams.com\/wp-content\/uploads\/2024\/08\/BMDP.gif",600,600,false],"1536x1536":["https:\/\/legitgrams.com\/wp-content\/uploads\/2024\/08\/BMDP.gif",600,600,false],"2048x2048":["https:\/\/legitgrams.com\/wp-content\/uploads\/2024\/08\/BMDP.gif",600,600,false],"trp-custom-language-flag":["https:\/\/legitgrams.com\/wp-content\/uploads\/2024\/08\/BMDP-12x12.gif",12,12,true],"woocommerce_thumbnail":["https:\/\/legitgrams.com\/wp-content\/uploads\/2024\/08\/BMDP-300x300.gif",300,300,true],"woocommerce_single":["https:\/\/legitgrams.com\/wp-content\/uploads\/2024\/08\/BMDP.gif",600,600,false],"woocommerce_gallery_thumbnail":["https:\/\/legitgrams.com\/wp-content\/uploads\/2024\/08\/BMDP-100x100.gif",100,100,true]},"uagb_author_info":{"display_name":"cokeblog18","author_link":"https:\/\/legitgrams.com\/it\/author\/"},"uagb_comment_info":0,"uagb_excerpt":"For Sale: BMDP Powder A substituted cathinone with structural similarities to methylone is called BMDP. The addition of a phenyl family to the aminomethyl group of the BMDP molecule significantly reduces its solubility in liquid solutions. There is currently no information available regarding the physiological and toxicological properties of BMDP. BMDP is only intended for&hellip;","_links":{"self":[{"href":"https:\/\/legitgrams.com\/it\/wp-json\/wp\/v2\/product\/3305","targetHints":{"allow":["GET"]}}],"collection":[{"href":"https:\/\/legitgrams.com\/it\/wp-json\/wp\/v2\/product"}],"about":[{"href":"https:\/\/legitgrams.com\/it\/wp-json\/wp\/v2\/types\/product"}],"replies":[{"embeddable":true,"href":"https:\/\/legitgrams.com\/it\/wp-json\/wp\/v2\/comments?post=3305"}],"wp:featuredmedia":[{"embeddable":true,"href":"https:\/\/legitgrams.com\/it\/wp-json\/wp\/v2\/media\/3319"}],"wp:attachment":[{"href":"https:\/\/legitgrams.com\/it\/wp-json\/wp\/v2\/media?parent=3305"}],"wp:term":[{"taxonomy":"product_brand","embeddable":true,"href":"https:\/\/legitgrams.com\/it\/wp-json\/wp\/v2\/product_brand?post=3305"},{"taxonomy":"product_cat","embeddable":true,"href":"https:\/\/legitgrams.com\/it\/wp-json\/wp\/v2\/product_cat?post=3305"},{"taxonomy":"product_tag","embeddable":true,"href":"https:\/\/legitgrams.com\/it\/wp-json\/wp\/v2\/product_tag?post=3305"}],"curies":[{"name":"wp","href":"https:\/\/api.w.org\/{rel}","templated":true}]}}